{"id":9938,"date":"2022-05-31T15:26:30","date_gmt":"2022-05-31T12:26:30","guid":{"rendered":"http:\/\/localhost\/sykli\/?page_id=9938"},"modified":"2025-01-22T13:22:07","modified_gmt":"2025-01-22T11:22:07","slug":"hallitus","status":"publish","type":"page","link":"https:\/\/sykli.fi\/demo\/yhteys\/hallitus\/","title":{"rendered":"Syklin hallitus"},"content":{"rendered":"\r\n<section id=\"hero-block_5916d0a6055758d47bf3d9fd23e3e2a0\" class=\"hero site-banner section-default default alignfull\">\r\n\r\n    <div class=\"site-banner-bg section-bg-image \" >\r\n\r\n        <img loading=\"lazy\" decoding=\"async\" width=\"1920\" height=\"600\" src=\"https:\/\/sykli.fi\/demo\/wp-content\/uploads\/2022\/09\/johtaminen.jpg\" class=\"attachment-1536\u00d71536 size-1536\u00d71536\" alt=\"Ihmiset ly\u00f6v\u00e4t k\u00e4tt\u00e4 p\u00e4\u00e4lle yhteisty\u00f6n merkiksi.\" srcset=\"https:\/\/sykli.fi\/demo\/wp-content\/uploads\/2022\/09\/johtaminen.jpg 1920w, https:\/\/sykli.fi\/demo\/wp-content\/uploads\/2022\/09\/johtaminen-300x94.jpg 300w, https:\/\/sykli.fi\/demo\/wp-content\/uploads\/2022\/09\/johtaminen-1024x320.jpg 1024w, https:\/\/sykli.fi\/demo\/wp-content\/uploads\/2022\/09\/johtaminen-768x240.jpg 768w, https:\/\/sykli.fi\/demo\/wp-content\/uploads\/2022\/09\/johtaminen-1536x480.jpg 1536w\" sizes=\"auto, (max-width: 1920px) 100vw, 1920px\" \/>\r\n        \r\n        \r\n            <div class=\"site-banner-content container\">\r\n                <div class=\"row w-100\">\r\n                    <div class=\"col-md-12\">\r\n                        <div class=\"hero-text-overlay\">\r\n                                                                <h1 class=\"hero-title\">Syklin hallitus<\/h1>\r\n                            <div class=\"inner-content\">\r\n                            <div class=\"acf-innerblocks-container\"><\/div>\r\n                        <\/div>                        <\/div>\r\n                    <\/div>\r\n                <\/div>\r\n            <\/div>\r\n\r\n        <\/section>\n\n\n<p>Syklin hallitus koostuu Syklin omistajista. Syklin omistavat Hyria S\u00e4\u00e4ti\u00f6 sr., Ty\u00f6tehoseura ry, Palvelualojen ammattiliitto PAM sek\u00e4 Kierr\u00e4tysteollisuus ry. Omistajat ovat nimitt\u00e4neet omat edustajansa Syklin hallitukseen, Hyria ja TTS kumpikin kaksi edustajaa, PAM ja Kierr\u00e4tysteollisuus yhden edustajan kumpikin.<\/p>\n\n\n\n<p><strong>Syklin hallitus 2024-2025<\/strong><\/p>\n\n\n\n<p>Pekka Vaittinen, Hyria S\u00e4\u00e4ti\u00f6, hallituksen puheenjohtaja<br>Teemu Hassinen, Ty\u00f6tehoseura, varapuheenjohtaja<br>Maarit Tenkula, Ty\u00f6tehoseura<br>Annika Kokko, Hyria S\u00e4\u00e4ti\u00f6<br>Merja Vihersalo, Palvelualojen ammattiliitto PAM<br>Mia Nores, Kierr\u00e4tysteollisuus ry.<\/p>\n","protected":false},"excerpt":{"rendered":"<p>Syklin hallitus koostuu Syklin omistajista. Syklin omistavat Hyria S\u00e4\u00e4ti\u00f6 sr., Ty\u00f6tehoseura ry, Palvelualojen ammattiliitto PAM sek\u00e4 Kierr\u00e4tysteollisuus ry. Omistajat ovat [&hellip;]<\/p>\n","protected":false},"author":1,"featured_media":61827,"parent":51,"menu_order":2,"comment_status":"closed","ping_status":"closed","template":"","meta":{"_acf_changed":false,"footnotes":""},"class_list":["post-9938","page","type-page","status-publish","has-post-thumbnail","hentry"],"acf":[],"_links":{"self":[{"href":"https:\/\/sykli.fi\/demo\/wp-json\/wp\/v2\/pages\/9938","targetHints":{"allow":["GET"]}}],"collection":[{"href":"https:\/\/sykli.fi\/demo\/wp-json\/wp\/v2\/pages"}],"about":[{"href":"https:\/\/sykli.fi\/demo\/wp-json\/wp\/v2\/types\/page"}],"author":[{"embeddable":true,"href":"https:\/\/sykli.fi\/demo\/wp-json\/wp\/v2\/users\/1"}],"replies":[{"embeddable":true,"href":"https:\/\/sykli.fi\/demo\/wp-json\/wp\/v2\/comments?post=9938"}],"version-history":[{"count":1,"href":"https:\/\/sykli.fi\/demo\/wp-json\/wp\/v2\/pages\/9938\/revisions"}],"predecessor-version":[{"id":70041,"href":"https:\/\/sykli.fi\/demo\/wp-json\/wp\/v2\/pages\/9938\/revisions\/70041"}],"up":[{"embeddable":true,"href":"https:\/\/sykli.fi\/demo\/wp-json\/wp\/v2\/pages\/51"}],"wp:featuredmedia":[{"embeddable":true,"href":"https:\/\/sykli.fi\/demo\/wp-json\/wp\/v2\/media\/61827"}],"wp:attachment":[{"href":"https:\/\/sykli.fi\/demo\/wp-json\/wp\/v2\/media?parent=9938"}],"curies":[{"name":"wp","href":"https:\/\/api.w.org\/{rel}","templated":true}]}}