{"id":73818,"date":"2026-03-04T11:58:16","date_gmt":"2026-03-04T09:58:16","guid":{"rendered":"https:\/\/sykli.fi\/?page_id=73818"},"modified":"2026-03-06T15:41:02","modified_gmt":"2026-03-06T13:41:02","slug":"vihrean-siirtyman-projektiasiantuntija-keko-2026-oulu","status":"publish","type":"page","link":"https:\/\/sykli.fi\/demo\/hakijalle\/haku-tyovoimakoulutuksiin\/keko-koulutukset\/vihrean-siirtyman-projektiasiantuntija-keko-2026-oulu\/","title":{"rendered":"Vihre\u00e4n siirtym\u00e4n projektiasiantuntija, Oulu"},"content":{"rendered":"\r\n<section id=\"hero-block_036fe933aead6a439a7114a155fadd11\" class=\"hero site-banner section-default default alignfull\">\r\n\r\n    <div class=\"site-banner-bg section-bg-image ob-position\" style=\"object-position: 50% 87%\" >\r\n\r\n        <img loading=\"lazy\" decoding=\"async\" width=\"1000\" height=\"667\" src=\"https:\/\/sykli.fi\/demo\/wp-content\/uploads\/2023\/04\/shutterstock_74181004.jpg\" class=\"attachment-1536\u00d71536 size-1536\u00d71536\" alt=\"\" srcset=\"https:\/\/sykli.fi\/demo\/wp-content\/uploads\/2023\/04\/shutterstock_74181004.jpg 1000w, https:\/\/sykli.fi\/demo\/wp-content\/uploads\/2023\/04\/shutterstock_74181004-300x200.jpg 300w, https:\/\/sykli.fi\/demo\/wp-content\/uploads\/2023\/04\/shutterstock_74181004-768x512.jpg 768w\" sizes=\"auto, (max-width: 1000px) 100vw, 1000px\" \/>\r\n        \r\n        \r\n            <div class=\"site-banner-content container\">\r\n                <div class=\"row w-100\">\r\n                    <div class=\"col-md-12\">\r\n                        <div class=\"hero-text-overlay\">\r\n                                                                <h1 class=\"hero-title\">Vihre\u00e4n siirtym\u00e4n projektiasiantuntija, Oulu<\/h1>\r\n                            <div class=\"inner-content\">\r\n                            <div class=\"acf-innerblocks-container\">\n\n<p><\/p>\n\n<\/div>\r\n                        <\/div>                        <\/div>\r\n                    <\/div>\r\n                <\/div>\r\n            <\/div>\r\n\r\n        <\/section>\n\n\n<p><strong>Vihre\u00e4n siirtym\u00e4n projektiasiantuntija -ty\u00f6voimakoulutus on tehokas tapa l\u00f6yt\u00e4\u00e4 tie ty\u00f6el\u00e4m\u00e4\u00e4n tai uuteen uraan. Se on my\u00f6s mahdollisuus p\u00e4\u00e4st\u00e4 n\u00e4ytt\u00e4m\u00e4\u00e4n osaamisesi ja potentiaalisi ty\u00f6el\u00e4m\u00e4ss\u00e4. Tavoitteena on ty\u00f6llistyminen yhteisty\u00f6yritykseen ty\u00f6jakson p\u00e4\u00e4tteeksi.<\/strong><\/p>\n\n\n\n<p>Koulutus on suunnattu ensisijaisesti Oulun seudun ty\u00f6llisyysalueen ty\u00f6tt\u00f6mille ja ty\u00f6tt\u00f6myysuhan alaisille korkeakoulutetuille ty\u00f6nhakijoille, joilla on aikaisempaa kokemusta ymp\u00e4rist\u00f6alan teht\u00e4vist\u00e4 ja\/tai vahvaa kiinnostusta oman osaamisen soveltamiseen kest\u00e4v\u00e4n kehityksen edist\u00e4misen parissa sek\u00e4 riitt\u00e4v\u00e4 asiantuntijuus ty\u00f6jaksopaikassa suoritettavan ty\u00f6jakson toteuttamiseen.<\/p>\n\n\n\n<p><strong>Koulutus alkaa toukokuussa 2026.<\/strong><\/p>\n\n\n\n<p><\/p>\n\n\n\n<h2 class=\"wp-block-heading\">Koulutuksen sis\u00e4lt\u00f6<\/h2>\n\n\n\n<p>Koulutus kest\u00e4\u00e4 95 arkip\u00e4iv\u00e4\u00e4. Koulutuksen keski\u00f6ss\u00e4 on ty\u00f6ss\u00e4oppiminen joka tapahtuu yhteisty\u00f6organisaatiossa (noin 75 p\u00e4iv\u00e4\u00e4). Lis\u00e4ksi koulutukseen sis\u00e4ltyy Syklin toteuttama koulutus (noin 20 p\u00e4iv\u00e4\u00e4). Koulutuksessa p\u00e4\u00e4set n\u00e4ytt\u00e4m\u00e4\u00e4n osaamisesi toteuttamalla yhteisty\u00f6organisaatiolle selvityksen, joka voi liitty\u00e4 data-analytiikkaan, p\u00e4\u00e4st\u00f6v\u00e4hennyslaskentaan tai muuhun organisaation tarpeita vastaavaan aiheeseen.<\/p>\n\n\n\n<p><strong>Koulutuksessa opitaan mm:&nbsp;<\/strong><\/p>\n\n\n\n<ul class=\"wp-block-list\">\n<li>Projektin suunnittelu, toteuttaminen ja raportointi<\/li>\n\n\n\n<li>Kiertotalous<\/li>\n\n\n\n<li>Kest\u00e4v\u00e4 kehitys<\/li>\n\n\n\n<li>Materiaalitehokkuus<\/li>\n\n\n\n<li>Kiinteist\u00f6jen energiatehokkuus<\/li>\n\n\n\n<li>Viestint\u00e4 asiantuntijaty\u00f6ss\u00e4<\/li>\n\n\n\n<li>Hiilijalanj\u00e4lki ja p\u00e4\u00e4st\u00f6v\u00e4hennykset<\/li>\n<\/ul>\n\n\n\n<figure class=\"wp-block-embed is-type-video is-provider-youtube wp-block-embed-youtube wp-embed-aspect-16-9 wp-has-aspect-ratio\"><div class=\"wp-block-embed__wrapper\">\n<div class=\"ratio ratio-16x9\"><iframe loading=\"lazy\" title=\"JobCorner Studio - Vihre\u00e4n siirtym\u00e4n projektiasiantuntija-koulutus\" width=\"800\" height=\"450\" src=\"https:\/\/www.youtube.com\/embed\/nqFH7h74-2E?feature=oembed\" frameborder=\"0\" allow=\"accelerometer; autoplay; clipboard-write; encrypted-media; gyroscope; picture-in-picture; web-share\" referrerpolicy=\"strict-origin-when-cross-origin\" allowfullscreen><\/iframe><\/div>\n<\/div><\/figure>\n\n\n\n<div style=\"height:10px\" aria-hidden=\"true\" class=\"wp-block-spacer\"><\/div>\n\n\n\n<h2 class=\"wp-block-heading\">Koulutukseen hakeutuminen<\/h2>\n\n\n\n<p><strong>Hakuprosessi on kaksivaiheinen<\/strong>. <br><strong>Hakuaika:&nbsp;&nbsp;9.3.2026 -23.4.2026&nbsp;<\/strong><\/p>\n\n\n\n<ol class=\"wp-block-list\">\n<li>Hae ensin koulutukseen Laura-j\u00e4rjestelm\u00e4n kautta. <\/li>\n\n\n\n<li>Tee sitten hakemus Laura-ilmoittautumisen lis\u00e4ksi Ty\u00f6markkinatorin sivujen kautta. <\/li>\n<\/ol>\n\n\n\n<div class=\"wp-block-buttons is-layout-flex wp-block-buttons-is-layout-flex\">\n<div class=\"wp-block-button\"><a class=\"wp-block-button__link wp-element-button\" href=\"https:\/\/sykli.rekrytointi.com\/paikat\/index.php?jid=49&amp;key=1swPiF7b62zEOTH1&amp;o=A_RJ&amp;rspvt=b4xze3ho2g0gkgw44sss4okg00kwsgs\" target=\"_blank\" rel=\"noreferrer noopener\">Laura-j\u00e4rjestelm\u00e4<\/a><\/div>\n<\/div>\n\n\n\n<div class=\"wp-block-buttons is-layout-flex wp-block-buttons-is-layout-flex\">\n<div class=\"wp-block-button\"><a class=\"wp-block-button__link wp-element-button\" href=\"https:\/\/tyomarkkinatori.fi\/henkiloasiakkaat\/tyovoimakoulutukset\" target=\"_blank\" rel=\"noreferrer noopener\">Ty\u00f6markkinatori<\/a><\/div>\n<\/div>\n\n\n\n<p>Koulutuksen numero on<strong>&nbsp;26053363<\/strong>. Sykli haastattelee jatkoon p\u00e4\u00e4sseet hakijat, jonka j\u00e4lkeen k\u00e4ynnistyy hakuprosessin toinen vaihe, eli yhteisty\u00f6organisaation etsiminen. Koulutuspaikan saaminen edellytt\u00e4\u00e4, ett\u00e4 hakijalle l\u00f6ytyy sopiva yhteisty\u00f6organisaatio, jossa ty\u00f6ss\u00e4oppiminen tapahtuu. Huomioithan,<br>ett\u00e4 koulutuspaikat t\u00e4ytet\u00e4\u00e4n siin\u00e4 j\u00e4rjestyksess\u00e4, kun yhteisty\u00f6organisaatiot l\u00f6ytyv\u00e4t.&nbsp;<\/p>\n\n\n\n<p><\/p>\n\n\n\n<h2 class=\"wp-block-heading\">Yhteisty\u00f6yrityksen etsiminen<\/h2>\n\n\n\n<p>Kannustamme hakijoita alusta alkaen itse aktiivisesti hakemaan ty\u00f6jaksopaikkoja omien kiinnostuksen kohteiden mukaan omia verkostoja hy\u00f6dynt\u00e4en. Pohdi millainen organisaatio voisi hy\u00f6ty\u00e4 juuri sinun osaamisestasi? Millaisen organisaation toimintaa sin\u00e4 haluaisit kehitt\u00e4\u00e4? Millaiset teht\u00e4v\u00e4t sinua kiinnostavat? Koulutus on mahdollisuus p\u00e4\u00e4st\u00e4 ty\u00f6skentelem\u00e4\u00e4n sinua kiinnostavassa organisaatiossa<br>tai vaihtaa kokonaan uudelle uralle. Syklin opastaa ja neuvoo ty\u00f6jaksopaikkojen haussa.<br>Ty\u00f6jaksopaikan l\u00f6ytyminen on edellytys koulutukseen p\u00e4\u00e4syyn.<\/p>\n\n\n\n<p>Kun sopiva yhteisty\u00f6organisaatio on l\u00f6ytynyt, yhteisty\u00f6organisaatiot haastattelevat hakijat ja tekev\u00e4t p\u00e4\u00e4t\u00f6ksen yhteisty\u00f6n aloittamisesta hakijan kanssa.&nbsp;<\/p>\n\n\n\n<p><strong>Koulutustiedustelut soittoaikana tiistaisin klo 13\u201315 .&nbsp;<u>Poikkeuksena ti 14.4.2026, jolloin ei ole soittoaikaa.<\/u><\/strong><\/p>\n\n\n<h2>Kysy lis\u00e4\u00e4<\/h2>\r\n<div class=\"row\">\r\n                                <div class=\"col-md-6\">\r\n                    <div class=\"staff-box\">\r\n                        <div class=\"row\">\r\n                            <div class=\"col-4\">\r\n                                <img loading=\"lazy\" decoding=\"async\" width=\"150\" height=\"250\" src=\"https:\/\/sykli.fi\/demo\/wp-content\/uploads\/2022\/09\/terhi-liettila-2019-nettisivuille-mv.jpg\" class=\"attachment-post-thumbnail size-post-thumbnail wp-post-image\" alt=\"\" \/>                            <\/div>\r\n                            <div class=\"col-8\">\r\n                                <h3>Terhi Liettil\u00e4<\/h3>\r\n                                Asiantuntija, ratkaisut ja kumppanuudet                                <ul>\r\n                                    <li><svg xmlns=\"http:\/\/www.w3.org\/2000\/svg\" width=\"16\" height=\"16\" fill=\"currentColor\" class=\"bi bi-telephone-fill\" viewBox=\"0 0 16 16\">\r\n                                <path fill-rule=\"evenodd\" d=\"M1.885.511a1.745 1.745 0 0 1 2.61.163L6.29 2.98c.329.423.445.974.315 1.494l-.547 2.19a.678.678 0 0 0 .178.643l2.457 2.457a.678.678 0 0 0 .644.178l2.189-.547a1.745 1.745 0 0 1 1.494.315l2.306 1.794c.829.645.905 1.87.163 2.611l-1.034 1.034c-.74.74-1.846 1.065-2.877.702a18.634 18.634 0 0 1-7.01-4.42 18.634 18.634 0 0 1-4.42-7.009c-.362-1.03-.037-2.137.703-2.877L1.885.511z\"\/>\r\n                              <\/svg> <a href=\"tel:+358469227696\">046 922 7696<\/a><\/li><li><svg xmlns=\"http:\/\/www.w3.org\/2000\/svg\" width=\"16\" height=\"16\" fill=\"currentColor\" class=\"bi bi-envelope-fill\" viewBox=\"0 0 16 16\">\r\n                                <path d=\"M.05 3.555A2 2 0 0 1 2 2h12a2 2 0 0 1 1.95 1.555L8 8.414.05 3.555ZM0 4.697v7.104l5.803-3.558L0 4.697ZM6.761 8.83l-6.57 4.027A2 2 0 0 0 2 14h12a2 2 0 0 0 1.808-1.144l-6.57-4.027L8 9.586l-1.239-.757Zm3.436-.586L16 11.801V4.697l-5.803 3.546Z\"\/>\r\n                              <\/svg> <a href=\"mailto:terhi.liettila@sykli.fi\">terhi.liettila@sykli.fi<\/a><\/li>                                <\/ul>\r\n                            <\/div>\r\n                        <\/div>\r\n                    <\/div>\r\n                <\/div>\r\n    <\/div>\n\n\n<p><\/p>\n","protected":false},"excerpt":{"rendered":"<p>Vihre\u00e4n siirtym\u00e4n projektiasiantuntija -ty\u00f6voimakoulutus on tehokas tapa l\u00f6yt\u00e4\u00e4 tie ty\u00f6el\u00e4m\u00e4\u00e4n tai uuteen uraan. Se on my\u00f6s mahdollisuus p\u00e4\u00e4st\u00e4 n\u00e4ytt\u00e4m\u00e4\u00e4n osaamisesi [&hellip;]<\/p>\n","protected":false},"author":10,"featured_media":63377,"parent":62812,"menu_order":0,"comment_status":"closed","ping_status":"closed","template":"","meta":{"_acf_changed":false,"footnotes":""},"class_list":["post-73818","page","type-page","status-publish","has-post-thumbnail","hentry"],"acf":[],"_links":{"self":[{"href":"https:\/\/sykli.fi\/demo\/wp-json\/wp\/v2\/pages\/73818","targetHints":{"allow":["GET"]}}],"collection":[{"href":"https:\/\/sykli.fi\/demo\/wp-json\/wp\/v2\/pages"}],"about":[{"href":"https:\/\/sykli.fi\/demo\/wp-json\/wp\/v2\/types\/page"}],"author":[{"embeddable":true,"href":"https:\/\/sykli.fi\/demo\/wp-json\/wp\/v2\/users\/10"}],"replies":[{"embeddable":true,"href":"https:\/\/sykli.fi\/demo\/wp-json\/wp\/v2\/comments?post=73818"}],"version-history":[{"count":10,"href":"https:\/\/sykli.fi\/demo\/wp-json\/wp\/v2\/pages\/73818\/revisions"}],"predecessor-version":[{"id":73844,"href":"https:\/\/sykli.fi\/demo\/wp-json\/wp\/v2\/pages\/73818\/revisions\/73844"}],"up":[{"embeddable":true,"href":"https:\/\/sykli.fi\/demo\/wp-json\/wp\/v2\/pages\/62812"}],"wp:featuredmedia":[{"embeddable":true,"href":"https:\/\/sykli.fi\/demo\/wp-json\/wp\/v2\/media\/63377"}],"wp:attachment":[{"href":"https:\/\/sykli.fi\/demo\/wp-json\/wp\/v2\/media?parent=73818"}],"curies":[{"name":"wp","href":"https:\/\/api.w.org\/{rel}","templated":true}]}}