{"id":73464,"date":"2025-08-12T10:56:10","date_gmt":"2025-08-12T07:56:10","guid":{"rendered":"https:\/\/sykli.fi\/tyoelamalle\/koulutukset-ja-palvelut-yrityksille\/logistiikka-ja-kiinteistohuolto\/"},"modified":"2026-01-20T16:12:45","modified_gmt":"2026-01-20T14:12:45","slug":"logistiikka-ja-kiinteistohuolto","status":"publish","type":"page","link":"https:\/\/sykli.fi\/demo\/tyoelamalle\/koulutukset-ja-palvelut-yrityksille\/logistiikka-ja-kiinteistohuolto\/","title":{"rendered":"Logistiikka ja kiinteist\u00f6huolto"},"content":{"rendered":"\r\n<section id=\"hero-block_3fadc763c2f1d832d2bbb489bb5e9a1b\" class=\"hero site-banner section-default default alignfull\">\r\n\r\n    <div class=\"site-banner-bg section-bg-image \" >\r\n\r\n        <img loading=\"lazy\" decoding=\"async\" width=\"2560\" height=\"1707\" src=\"https:\/\/sykli.fi\/demo\/wp-content\/uploads\/2026\/01\/shutterstock_2698209827-scaled.jpg\" class=\"attachment-1536\u00d71536 size-1536\u00d71536\" alt=\"\" srcset=\"https:\/\/sykli.fi\/demo\/wp-content\/uploads\/2026\/01\/shutterstock_2698209827-scaled.jpg 2560w, https:\/\/sykli.fi\/demo\/wp-content\/uploads\/2026\/01\/shutterstock_2698209827-300x200.jpg 300w, https:\/\/sykli.fi\/demo\/wp-content\/uploads\/2026\/01\/shutterstock_2698209827-1024x683.jpg 1024w, https:\/\/sykli.fi\/demo\/wp-content\/uploads\/2026\/01\/shutterstock_2698209827-768x512.jpg 768w, https:\/\/sykli.fi\/demo\/wp-content\/uploads\/2026\/01\/shutterstock_2698209827-1536x1024.jpg 1536w, https:\/\/sykli.fi\/demo\/wp-content\/uploads\/2026\/01\/shutterstock_2698209827-2048x1365.jpg 2048w\" sizes=\"auto, (max-width: 2560px) 100vw, 2560px\" \/>\r\n        \r\n        \r\n            <div class=\"site-banner-content container\">\r\n                <div class=\"row w-100\">\r\n                    <div class=\"col-md-12\">\r\n                        <div class=\"hero-text-overlay\">\r\n                                                                <h1 class=\"hero-title\">Logistiikka ja kiinteist\u00f6huolto<\/h1>\r\n                            <div class=\"inner-content\">\r\n                            <div class=\"acf-innerblocks-container\"><\/div>\r\n                        <\/div>                        <\/div>\r\n                    <\/div>\r\n                <\/div>\r\n            <\/div>\r\n\r\n        <\/section>\n\n\n<p>J\u00e4rjest\u00e4mme avoimia logistiikka-alan koulutuksia toimipisteiss\u00e4mme Riihim\u00e4ell\u00e4 ja Helsingiss\u00e4 sek\u00e4 verkossa. Tarjoamme kuljetusyrityksille joustavia ratkaisuja hankkia kuljettajille vaadittava ammattip\u00e4tevyys. Valikoimassamme on laaja kattaus ammattip\u00e4tevyysdirektiivin (CAP) mukaisia turvallisuuskortti- ja osaamistodistuskoulutuksia. Meilt\u00e4 voi ostaa tilauskoulutusta joko yksitt\u00e4isin\u00e4 p\u00e4ivin\u00e4 tai koulutuspakettina. Ammattip\u00e4tevyyskoulutus voidaan toteuttaa tilaajan valitsemassa paikassa: yrityksen omissa tiloissa, hotellissa, oppilaitoksessa tai Syklin koulutustiloissa Riihim\u00e4ell\u00e4 ja Helsingiss\u00e4. Koulutusajankohdan valitseminen on joustavaa, ja j\u00e4rjest\u00e4mme koulutuksia my\u00f6s viikonloppuisin, mik\u00e4 helpottaa kuljettajien ty\u00f6j\u00e4rjestelyit\u00e4. Tarjoamme niin perus- kuin t\u00e4ydennyskoulutuksia.<\/p>\n\n\n\n<p>Nyt on mahdollista suorittaa logistiikan jatkokoulutusp\u00e4ivi\u00e4 my\u00f6s verkkokoulutuksena oman aikataulun mukaan. T\u00e4m\u00e4 mahdollistaa joustavan opiskelun, aikaan ja paikkaan katsomatta ja matkakustannuksilta s\u00e4\u00e4styt\u00e4\u00e4n. Kuljettaja.fi -verkkokoulutukset ovat olleet k\u00e4ynniss\u00e4 alkukev\u00e4\u00e4st\u00e4 2023 l\u00e4htien. Kokemukset ja asiakaspalautteet ovat olleet eritt\u00e4in hyvi\u00e4. Verkkokoulutusalustan k\u00e4ytett\u00e4vyys ja toimintavarmuus on saanut paljon kehuja. Sit\u00e4kin enemm\u00e4n on kehuttu koulutusten sis\u00e4lt\u00f6j\u00e4.<\/p>\n\n\n\n<p>CAP-koulutusten lis\u00e4ksi tarjoamme erikoiskuljetusten liikenteenohjaaja (EKL) &#8211; koulutuksia. Koulutustarjontaamme kuuluu niin perus- kuin t\u00e4ydennyskoulutukset.<\/p>\n\n\n\n<p><strong>Tarjoamme my\u00f6s tutkintoon johtavia koulutuksia. Katso kaikki koulutuksemme <a href=\"https:\/\/sykli.fi\/demo\/demo\/koulutuskalenteri\/\">t\u00e4\u00e4lt\u00e4<\/a>.<\/strong><\/p>\n\n\n<div class=\"koulutukset2-block\"><h2>Tutustu tarjontaamme<\/h2><div class=\"row single-koulutukset\">        <div class=\"col-sm-6 col-md-4\">\r\n            <div class=\"calendar-card\">\r\n\r\n                                    <p class=\"calendar-card-koulutustyyppi\">Ammattip\u00e4tevyyskoulutus<\/p>\r\n                \r\n                                    <img decoding=\"async\" src=\"https:\/\/ssl.eventilla.com\/static\/logos\/137656\/1908aab9fb6ef826ebdada6b5235ed70.jpg\" alt=\"Logistiikan verkkokoulutukset &#8211; valitse itsellesi sopiva koulutus ja ajankohta\">\r\n                \r\n                <div class=\"calendar-card-content\">\r\n                    <a href=\"https:\/\/ssl.eventilla.com\/sykli_logistiikan_verkkokoulutukset\" target=\"_blank\" rel=\"noopener\">\r\n\r\n                                                    <p class=\"calendar-card-opiskelumuoto\">Verkkokoulutus<\/p>\r\n                        \r\n                        <h3>Logistiikan verkkokoulutukset &#8211; valitse itsellesi sopiva koulutus ja ajankohta<\/h3>\r\n                    <\/a>\r\n\r\n                    \r\n                    <ul class=\"calendar-card-event-details\">\r\n                        \r\n                                                            <li class=\"date\">\r\n                                    <svg class=\"bi  \" width=\"1em\" height=\"1em\" fill=\"currentColor\">\n\t<use xlink:href=\"https:\/\/sykli.fi\/demo\/wp-content\/themes\/luotsi\/assets\/img\/bootstrap-icons.svg#calendar3\" \/>\n<\/svg>                                    Jatkuva haku                                <\/li>\r\n                            \r\n                        \r\n                                            <\/ul>\r\n\r\n                    <a class=\"btn\" href=\"https:\/\/ssl.eventilla.com\/sykli_logistiikan_verkkokoulutukset\" target=\"_blank\" rel=\"noopener\">\r\n                        Lue lis\u00e4\u00e4                    <\/a>\r\n                <\/div>\r\n\r\n            <\/div>\r\n        <\/div>\r\n<\/div><\/div>","protected":false},"excerpt":{"rendered":"<p>J\u00e4rjest\u00e4mme avoimia logistiikka-alan koulutuksia toimipisteiss\u00e4mme Riihim\u00e4ell\u00e4 ja Helsingiss\u00e4 sek\u00e4 verkossa. Tarjoamme kuljetusyrityksille joustavia ratkaisuja hankkia kuljettajille vaadittava ammattip\u00e4tevyys. Valikoimassamme on [&hellip;]<\/p>\n","protected":false},"author":1,"featured_media":73521,"parent":73457,"menu_order":6,"comment_status":"open","ping_status":"open","template":"","meta":{"_acf_changed":false,"footnotes":""},"class_list":["post-73464","page","type-page","status-publish","has-post-thumbnail","hentry"],"acf":[],"_links":{"self":[{"href":"https:\/\/sykli.fi\/demo\/wp-json\/wp\/v2\/pages\/73464","targetHints":{"allow":["GET"]}}],"collection":[{"href":"https:\/\/sykli.fi\/demo\/wp-json\/wp\/v2\/pages"}],"about":[{"href":"https:\/\/sykli.fi\/demo\/wp-json\/wp\/v2\/types\/page"}],"author":[{"embeddable":true,"href":"https:\/\/sykli.fi\/demo\/wp-json\/wp\/v2\/users\/1"}],"replies":[{"embeddable":true,"href":"https:\/\/sykli.fi\/demo\/wp-json\/wp\/v2\/comments?post=73464"}],"version-history":[{"count":2,"href":"https:\/\/sykli.fi\/demo\/wp-json\/wp\/v2\/pages\/73464\/revisions"}],"predecessor-version":[{"id":73523,"href":"https:\/\/sykli.fi\/demo\/wp-json\/wp\/v2\/pages\/73464\/revisions\/73523"}],"up":[{"embeddable":true,"href":"https:\/\/sykli.fi\/demo\/wp-json\/wp\/v2\/pages\/73457"}],"wp:featuredmedia":[{"embeddable":true,"href":"https:\/\/sykli.fi\/demo\/wp-json\/wp\/v2\/media\/73521"}],"wp:attachment":[{"href":"https:\/\/sykli.fi\/demo\/wp-json\/wp\/v2\/media?parent=73464"}],"curies":[{"name":"wp","href":"https:\/\/api.w.org\/{rel}","templated":true}]}}