{"id":73463,"date":"2025-08-12T10:55:32","date_gmt":"2025-08-12T07:55:32","guid":{"rendered":"https:\/\/sykli.fi\/tyoelamalle\/koulutukset-ja-palvelut-yrityksille\/digivihrea-siirtyma-ja-energiatehokkuus\/"},"modified":"2026-01-20T14:34:17","modified_gmt":"2026-01-20T12:34:17","slug":"digivihrea-siirtyma-ja-energiatehokkuus","status":"publish","type":"page","link":"https:\/\/sykli.fi\/demo\/tyoelamalle\/koulutukset-ja-palvelut-yrityksille\/digivihrea-siirtyma-ja-energiatehokkuus\/","title":{"rendered":"Digivihre\u00e4 siirtym\u00e4 ja energiatehokkuus"},"content":{"rendered":"\r\n<section id=\"hero-block_e69e1855279491e35050b04ee6fea31d\" class=\"hero site-banner section-default default alignfull\">\r\n\r\n    <div class=\"site-banner-bg section-bg-image \" >\r\n\r\n        <img loading=\"lazy\" decoding=\"async\" width=\"2560\" height=\"1439\" src=\"https:\/\/sykli.fi\/demo\/wp-content\/uploads\/2026\/01\/shutterstock_2559389233-scaled.jpg\" class=\"attachment-1536\u00d71536 size-1536\u00d71536\" alt=\"\" srcset=\"https:\/\/sykli.fi\/demo\/wp-content\/uploads\/2026\/01\/shutterstock_2559389233-scaled.jpg 2560w, https:\/\/sykli.fi\/demo\/wp-content\/uploads\/2026\/01\/shutterstock_2559389233-300x169.jpg 300w, https:\/\/sykli.fi\/demo\/wp-content\/uploads\/2026\/01\/shutterstock_2559389233-1024x576.jpg 1024w, https:\/\/sykli.fi\/demo\/wp-content\/uploads\/2026\/01\/shutterstock_2559389233-768x432.jpg 768w, https:\/\/sykli.fi\/demo\/wp-content\/uploads\/2026\/01\/shutterstock_2559389233-1536x864.jpg 1536w, https:\/\/sykli.fi\/demo\/wp-content\/uploads\/2026\/01\/shutterstock_2559389233-2048x1151.jpg 2048w\" sizes=\"auto, (max-width: 2560px) 100vw, 2560px\" \/>\r\n        \r\n        \r\n            <div class=\"site-banner-content container\">\r\n                <div class=\"row w-100\">\r\n                    <div class=\"col-md-12\">\r\n                        <div class=\"hero-text-overlay\">\r\n                                                                <h1 class=\"hero-title\">Digivihre\u00e4 siirtym\u00e4 ja energiatehokkuus<\/h1>\r\n                            <div class=\"inner-content\">\r\n                            <div class=\"acf-innerblocks-container\"><\/div>\r\n                        <\/div>                        <\/div>\r\n                    <\/div>\r\n                <\/div>\r\n            <\/div>\r\n\r\n        <\/section>\n\n\n<p>Puhdas siirtym\u00e4 ja digitalisaatio muuttavat yhteiskuntaa, ty\u00f6el\u00e4m\u00e4\u00e4 ja osaamistarpeita. Digitaaliset teknologiat edist\u00e4v\u00e4t vihre\u00e4\u00e4 siirtym\u00e4\u00e4 ja fossiilisista energial\u00e4hteist\u00e4 irtautumista, tuovat uusia vientimahdollisuuksia, alueellista kehityst\u00e4 ja parantavat tuottavuutta. Datan ja teko\u00e4lyn turvallinen, v\u00e4h\u00e4p\u00e4\u00e4st\u00f6inen sek\u00e4 eettinen hy\u00f6dynt\u00e4minen ja kyberturvallisuus korostuvat kaikilla ammattialoilla.<\/p>\n\n\n\n<p>Energiantuotanto on siirtym\u00e4ss\u00e4 vihre\u00e4\u00e4n energiaan, mik\u00e4 vaikuttaa kaikkiin toimialoihin. J\u00e4tehuoltopalveluissa kiertotalouden merkitys kasvaa ja logistiikan p\u00e4\u00e4st\u00f6t v\u00e4henev\u00e4t. Digitaaliset ratkaisut, kuten teko\u00e4ly ja IoT, integroituvat j\u00e4tehuoltoprosesseihin optimoimalla reittej\u00e4, ennakoimalla huoltotarpeita ja parantamalla kierr\u00e4tysprosesseja. Hiilijalanj\u00e4ljen laskeminen on yh\u00e4 yleisemp\u00e4\u00e4 organisaatioissa, koska p\u00e4\u00e4st\u00f6v\u00e4hennystavoitteet edellytt\u00e4v\u00e4t tarkkaa tietoa p\u00e4\u00e4st\u00f6vuodoista. Hiilijalanj\u00e4ljen laskemisen taito tuo merkitt\u00e4v\u00e4\u00e4 lis\u00e4arvoa ty\u00f6el\u00e4m\u00e4\u00e4n.<\/p>\n\n\n\n<p><strong>Tarjoamme my\u00f6s tutkintoon johtavia koulutuksia. Katso kaikki koulutuksemme <a href=\"https:\/\/sykli.fi\/demo\/demo\/koulutuskalenteri\/\">t\u00e4\u00e4lt\u00e4<\/a>.<\/strong><\/p>\n\n\n<div class=\"koulutukset2-block\"><h2>Tutustu tarjontaamme<\/h2><p>Ei t\u00e4ll\u00e4 hetkell\u00e4 avoimia koulutuksia.<\/p><\/div>","protected":false},"excerpt":{"rendered":"<p>Puhdas siirtym\u00e4 ja digitalisaatio muuttavat yhteiskuntaa, ty\u00f6el\u00e4m\u00e4\u00e4 ja osaamistarpeita. Digitaaliset teknologiat edist\u00e4v\u00e4t vihre\u00e4\u00e4 siirtym\u00e4\u00e4 ja fossiilisista energial\u00e4hteist\u00e4 irtautumista, tuovat uusia [&hellip;]<\/p>\n","protected":false},"author":1,"featured_media":73495,"parent":73457,"menu_order":5,"comment_status":"open","ping_status":"open","template":"","meta":{"_acf_changed":false,"footnotes":""},"class_list":["post-73463","page","type-page","status-publish","has-post-thumbnail","hentry"],"acf":[],"_links":{"self":[{"href":"https:\/\/sykli.fi\/demo\/wp-json\/wp\/v2\/pages\/73463","targetHints":{"allow":["GET"]}}],"collection":[{"href":"https:\/\/sykli.fi\/demo\/wp-json\/wp\/v2\/pages"}],"about":[{"href":"https:\/\/sykli.fi\/demo\/wp-json\/wp\/v2\/types\/page"}],"author":[{"embeddable":true,"href":"https:\/\/sykli.fi\/demo\/wp-json\/wp\/v2\/users\/1"}],"replies":[{"embeddable":true,"href":"https:\/\/sykli.fi\/demo\/wp-json\/wp\/v2\/comments?post=73463"}],"version-history":[{"count":1,"href":"https:\/\/sykli.fi\/demo\/wp-json\/wp\/v2\/pages\/73463\/revisions"}],"predecessor-version":[{"id":73498,"href":"https:\/\/sykli.fi\/demo\/wp-json\/wp\/v2\/pages\/73463\/revisions\/73498"}],"up":[{"embeddable":true,"href":"https:\/\/sykli.fi\/demo\/wp-json\/wp\/v2\/pages\/73457"}],"wp:featuredmedia":[{"embeddable":true,"href":"https:\/\/sykli.fi\/demo\/wp-json\/wp\/v2\/media\/73495"}],"wp:attachment":[{"href":"https:\/\/sykli.fi\/demo\/wp-json\/wp\/v2\/media?parent=73463"}],"curies":[{"name":"wp","href":"https:\/\/api.w.org\/{rel}","templated":true}]}}