{"id":73461,"date":"2025-08-12T10:54:14","date_gmt":"2025-08-12T07:54:14","guid":{"rendered":"https:\/\/sykli.fi\/tyoelamalle\/koulutukset-ja-palvelut-yrityksille\/luonnon-monimuotoisuus-ja-luontovaikutukset\/"},"modified":"2026-03-10T16:02:44","modified_gmt":"2026-03-10T14:02:44","slug":"luonnon-monimuotoisuus-ja-luontovaikutukset","status":"publish","type":"page","link":"https:\/\/sykli.fi\/demo\/tyoelamalle\/koulutukset-ja-palvelut-yrityksille\/luonnon-monimuotoisuus-ja-luontovaikutukset\/","title":{"rendered":"Luonnon monimuotoisuus ja luontovaikutukset"},"content":{"rendered":"\r\n<section id=\"hero-block_df13fcf1ec7014fd859e29727e52d8b5\" class=\"hero site-banner section-default default alignfull\">\r\n\r\n    <div class=\"site-banner-bg section-bg-image ob-position\" style=\"object-position: 50% 76%\" >\r\n\r\n        <img loading=\"lazy\" decoding=\"async\" width=\"2560\" height=\"1707\" src=\"https:\/\/sykli.fi\/demo\/wp-content\/uploads\/2026\/01\/shutterstock_1821381653-scaled.jpg\" class=\"attachment-1536\u00d71536 size-1536\u00d71536\" alt=\"\" srcset=\"https:\/\/sykli.fi\/demo\/wp-content\/uploads\/2026\/01\/shutterstock_1821381653-scaled.jpg 2560w, https:\/\/sykli.fi\/demo\/wp-content\/uploads\/2026\/01\/shutterstock_1821381653-300x200.jpg 300w, https:\/\/sykli.fi\/demo\/wp-content\/uploads\/2026\/01\/shutterstock_1821381653-1024x683.jpg 1024w, https:\/\/sykli.fi\/demo\/wp-content\/uploads\/2026\/01\/shutterstock_1821381653-768x512.jpg 768w, https:\/\/sykli.fi\/demo\/wp-content\/uploads\/2026\/01\/shutterstock_1821381653-1536x1024.jpg 1536w, https:\/\/sykli.fi\/demo\/wp-content\/uploads\/2026\/01\/shutterstock_1821381653-2048x1365.jpg 2048w\" sizes=\"auto, (max-width: 2560px) 100vw, 2560px\" \/>\r\n        \r\n        \r\n            <div class=\"site-banner-content container\">\r\n                <div class=\"row w-100\">\r\n                    <div class=\"col-md-12\">\r\n                        <div class=\"hero-text-overlay\">\r\n                                                                <h1 class=\"hero-title\">Luonnon monimuotoisuus ja luontovaikutukset<\/h1>\r\n                            <div class=\"inner-content\">\r\n                            <div class=\"acf-innerblocks-container\"><\/div>\r\n                        <\/div>                        <\/div>\r\n                    <\/div>\r\n                <\/div>\r\n            <\/div>\r\n\r\n        <\/section>\n\n\n<h2 class=\"wp-block-heading\">Haluatko lis\u00e4t\u00e4 henkil\u00f6st\u00f6si luonto-osaamista? <\/h2>\n\n\n\n<p>Inspiroivissa koulutuksissamme asiantuntijamme tarjoavat syv\u00e4llist\u00e4 tutkimusper\u00e4ist\u00e4 tietoa ja k\u00e4yt\u00e4nn\u00f6nl\u00e4heisi\u00e4 esimerkkej\u00e4 luonnon monimuotoisuudesta, vaikuttavasta ilmasto- ja luontoty\u00f6st\u00e4 sek\u00e4 l\u00e4hiymp\u00e4rist\u00f6n hyvinvointivaikutuksista. Luontokoulutustemme avulla voitte kasvattaa organisaationne luonto-osaamista ja pohtia yhdess\u00e4 organisaationne roolia luontopositiivisen siirtym\u00e4n toimijana.<\/p>\n\n\n\n<p><strong>Tarjoamme my\u00f6s tutkintoon johtavia koulutuksia. Katso kaikki koulutuksemme <a href=\"https:\/\/sykli.fi\/demo\/demo\/koulutuskalenteri\/\">t\u00e4\u00e4lt\u00e4<\/a>.<\/strong><\/p>\n\n\n<div class=\"koulutukset2-block\"><h2>Tutustu tarjontaamme<\/h2><div class=\"row single-koulutukset\">        <div class=\"col-sm-6 col-md-4\">\r\n            <div class=\"calendar-card\">\r\n\r\n                                    <p class=\"calendar-card-koulutustyyppi\">Tilauskoulutus<\/p>\r\n                \r\n                                    <img decoding=\"async\" src=\"https:\/\/ssl.eventilla.com\/static\/logos\/200225\/dadfc903df132a5c9ad5fcdc89e8431f.jpg\" alt=\"Hyvinvointia luonnosta -tilauskoulutus henkil\u00f6st\u00f6n hyvinvoinnin vahvistamiseen\">\r\n                \r\n                <div class=\"calendar-card-content\">\r\n                    <a href=\"https:\/\/ssl.eventilla.com\/hyvinvointia-luonnosta\" target=\"_blank\" rel=\"noopener\">\r\n\r\n                                                    <p class=\"calendar-card-opiskelumuoto\">R\u00e4\u00e4t\u00e4l\u00f6it\u00e4v\u00e4<\/p>\r\n                        \r\n                        <h3>Hyvinvointia luonnosta -tilauskoulutus henkil\u00f6st\u00f6n hyvinvoinnin vahvistamiseen<\/h3>\r\n                    <\/a>\r\n\r\n                    \r\n                    <ul class=\"calendar-card-event-details\">\r\n                        \r\n                            \r\n                        \r\n                                            <\/ul>\r\n\r\n                    <a class=\"btn\" href=\"https:\/\/ssl.eventilla.com\/hyvinvointia-luonnosta\" target=\"_blank\" rel=\"noopener\">\r\n                        Lue lis\u00e4\u00e4                    <\/a>\r\n                <\/div>\r\n\r\n            <\/div>\r\n        <\/div>\r\n        <div class=\"col-sm-6 col-md-4\">\r\n            <div class=\"calendar-card\">\r\n\r\n                                    <p class=\"calendar-card-koulutustyyppi\">Tilauskoulutus<\/p>\r\n                \r\n                                    <img decoding=\"async\" src=\"https:\/\/ssl.eventilla.com\/static\/logos\/200185\/cc50e2d8d5aa459ccc4dcecfef880273.jpg\" alt=\"Maaper\u00e4n ja ilmakeh\u00e4n vuorovaikutus\">\r\n                \r\n                <div class=\"calendar-card-content\">\r\n                    <a href=\"https:\/\/ssl.eventilla.com\/maaperan-ja-ilmakehan-vuorovaikutus\" target=\"_blank\" rel=\"noopener\">\r\n\r\n                                                    <p class=\"calendar-card-opiskelumuoto\">R\u00e4\u00e4t\u00e4l\u00f6it\u00e4v\u00e4<\/p>\r\n                        \r\n                        <h3>Maaper\u00e4n ja ilmakeh\u00e4n vuorovaikutus<\/h3>\r\n                    <\/a>\r\n\r\n                    \r\n                    <ul class=\"calendar-card-event-details\">\r\n                        \r\n                            \r\n                        \r\n                                            <\/ul>\r\n\r\n                    <a class=\"btn\" href=\"https:\/\/ssl.eventilla.com\/maaperan-ja-ilmakehan-vuorovaikutus\" target=\"_blank\" rel=\"noopener\">\r\n                        Lue lis\u00e4\u00e4                    <\/a>\r\n                <\/div>\r\n\r\n            <\/div>\r\n        <\/div>\r\n        <div class=\"col-sm-6 col-md-4\">\r\n            <div class=\"calendar-card\">\r\n\r\n                                    <p class=\"calendar-card-koulutustyyppi\">Tilauskoulutus<\/p>\r\n                \r\n                                    <img decoding=\"async\" src=\"https:\/\/ssl.eventilla.com\/static\/logos\/200274\/6e27effa2b403e513b39b7561f1925b8.jpg\" alt=\"Ulkoty\u00f6p\u00e4iv\u00e4 suunnitteluty\u00f6n v\u00e4lineen\u00e4\">\r\n                \r\n                <div class=\"calendar-card-content\">\r\n                    <a href=\"https:\/\/ssl.eventilla.com\/ulkotyopaiva-suunnittelutyon-valineena\" target=\"_blank\" rel=\"noopener\">\r\n\r\n                                                    <p class=\"calendar-card-opiskelumuoto\">R\u00e4\u00e4t\u00e4l\u00f6it\u00e4v\u00e4<\/p>\r\n                        \r\n                        <h3>Ulkoty\u00f6p\u00e4iv\u00e4 suunnitteluty\u00f6n v\u00e4lineen\u00e4<\/h3>\r\n                    <\/a>\r\n\r\n                    \r\n                    <ul class=\"calendar-card-event-details\">\r\n                        \r\n                            \r\n                        \r\n                                            <\/ul>\r\n\r\n                    <a class=\"btn\" href=\"https:\/\/ssl.eventilla.com\/ulkotyopaiva-suunnittelutyon-valineena\" target=\"_blank\" rel=\"noopener\">\r\n                        Lue lis\u00e4\u00e4                    <\/a>\r\n                <\/div>\r\n\r\n            <\/div>\r\n        <\/div>\r\n        <div class=\"col-sm-6 col-md-4\">\r\n            <div class=\"calendar-card\">\r\n\r\n                                    <p class=\"calendar-card-koulutustyyppi\">Tilauskoulutus<\/p>\r\n                \r\n                                    <img decoding=\"async\" src=\"https:\/\/ssl.eventilla.com\/static\/logos\/200262\/81262110ce2ff69ce9ed36dc12b3ea46.jpg\" alt=\"Johdanto luontopositiivisuuteen -tilauskoulutus\">\r\n                \r\n                <div class=\"calendar-card-content\">\r\n                    <a href=\"https:\/\/ssl.eventilla.com\/johdanto-luontopositiivisuuteen\" target=\"_blank\" rel=\"noopener\">\r\n\r\n                                                    <p class=\"calendar-card-opiskelumuoto\">R\u00e4\u00e4t\u00e4l\u00f6it\u00e4v\u00e4<\/p>\r\n                        \r\n                        <h3>Johdanto luontopositiivisuuteen -tilauskoulutus<\/h3>\r\n                    <\/a>\r\n\r\n                    \r\n                    <ul class=\"calendar-card-event-details\">\r\n                        \r\n                            \r\n                        \r\n                                            <\/ul>\r\n\r\n                    <a class=\"btn\" href=\"https:\/\/ssl.eventilla.com\/johdanto-luontopositiivisuuteen\" target=\"_blank\" rel=\"noopener\">\r\n                        Lue lis\u00e4\u00e4                    <\/a>\r\n                <\/div>\r\n\r\n            <\/div>\r\n        <\/div>\r\n        <div class=\"col-sm-6 col-md-4\">\r\n            <div class=\"calendar-card\">\r\n\r\n                                    <p class=\"calendar-card-koulutustyyppi\">Verkkokurssi<\/p>\r\n                \r\n                                    <img decoding=\"async\" src=\"https:\/\/ssl.eventilla.com\/static\/logos\/248267\/91611555ef169bc37d907902121fb85d.jpg\" alt=\"Ammattilaisen k\u00e4denj\u00e4lki\u2122: Johdanto luonnon monimuotoisuuteen\">\r\n                \r\n                <div class=\"calendar-card-content\">\r\n                    <a href=\"https:\/\/kadenjalki.fi\/tuote\/johdanto-luonnon-monimuotoisuuteen\/\" target=\"_blank\" rel=\"noopener\">\r\n\r\n                                                    <p class=\"calendar-card-opiskelumuoto\">Itsen\u00e4inen verkko-opiskelu<\/p>\r\n                        \r\n                        <h3>Ammattilaisen k\u00e4denj\u00e4lki\u2122: Johdanto luonnon monimuotoisuuteen<\/h3>\r\n                    <\/a>\r\n\r\n                    \r\n                    <ul class=\"calendar-card-event-details\">\r\n                        \r\n                                                            <li class=\"date\">\r\n                                    <svg class=\"bi  \" width=\"1em\" height=\"1em\" fill=\"currentColor\">\n\t<use xlink:href=\"https:\/\/sykli.fi\/demo\/wp-content\/themes\/luotsi\/assets\/img\/bootstrap-icons.svg#calendar3\" \/>\n<\/svg>                                    Jatkuva haku                                <\/li>\r\n                            \r\n                        \r\n                                            <\/ul>\r\n\r\n                    <a class=\"btn\" href=\"https:\/\/kadenjalki.fi\/tuote\/johdanto-luonnon-monimuotoisuuteen\/\" target=\"_blank\" rel=\"noopener\">\r\n                        Lue lis\u00e4\u00e4                    <\/a>\r\n                <\/div>\r\n\r\n            <\/div>\r\n        <\/div>\r\n        <div class=\"col-sm-6 col-md-4\">\r\n            <div class=\"calendar-card\">\r\n\r\n                                    <p class=\"calendar-card-koulutustyyppi\">Verkkokurssi<\/p>\r\n                \r\n                                    <img decoding=\"async\" src=\"https:\/\/ssl.eventilla.com\/static\/logos\/214756\/e1cf7f7f5d20e889a61117beaee24c8d.jpg\" alt=\"Ammattilaisen k\u00e4denj\u00e4lki\u2122: Johdanto kest\u00e4v\u00e4\u00e4n kehitykseen\">\r\n                \r\n                <div class=\"calendar-card-content\">\r\n                    <a href=\"https:\/\/kadenjalki.fi\/tuote\/johdanto-kestavaan-kehitykseen\/\" target=\"_blank\" rel=\"noopener\">\r\n\r\n                                                    <p class=\"calendar-card-opiskelumuoto\">Itsen\u00e4inen verkko-opiskelu<\/p>\r\n                        \r\n                        <h3>Ammattilaisen k\u00e4denj\u00e4lki\u2122: Johdanto kest\u00e4v\u00e4\u00e4n kehitykseen<\/h3>\r\n                    <\/a>\r\n\r\n                    \r\n                    <ul class=\"calendar-card-event-details\">\r\n                        \r\n                                                            <li class=\"date\">\r\n                                    <svg class=\"bi  \" width=\"1em\" height=\"1em\" fill=\"currentColor\">\n\t<use xlink:href=\"https:\/\/sykli.fi\/demo\/wp-content\/themes\/luotsi\/assets\/img\/bootstrap-icons.svg#calendar3\" \/>\n<\/svg>                                    Jatkuva haku                                <\/li>\r\n                            \r\n                        \r\n                                            <\/ul>\r\n\r\n                    <a class=\"btn\" href=\"https:\/\/kadenjalki.fi\/tuote\/johdanto-kestavaan-kehitykseen\/\" target=\"_blank\" rel=\"noopener\">\r\n                        Lue lis\u00e4\u00e4                    <\/a>\r\n                <\/div>\r\n\r\n            <\/div>\r\n        <\/div>\r\n        <div class=\"col-sm-6 col-md-4\">\r\n            <div class=\"calendar-card\">\r\n\r\n                                    <p class=\"calendar-card-koulutustyyppi\">Maksuton koulutus<\/p>\r\n                \r\n                                    <img decoding=\"async\" src=\"https:\/\/ssl.eventilla.com\/static\/logos\/248109\/8834493e07124a976ad9b9cab2ea55f1.jpg\" alt=\"Kest\u00e4vyysosaamisen pehme\u00e4t taidot\">\r\n                \r\n                <div class=\"calendar-card-content\">\r\n                    <a href=\"https:\/\/ssl.eventilla.com\/mastery\" target=\"_blank\" rel=\"noopener\">\r\n\r\n                                                    <p class=\"calendar-card-opiskelumuoto\">Itsen\u00e4inen verkko-opiskelu, L\u00e4hiopiskelu, Verkkokoulutus<\/p>\r\n                        \r\n                        <h3>Kest\u00e4vyysosaamisen pehme\u00e4t taidot<\/h3>\r\n                    <\/a>\r\n\r\n                    \r\n                    <ul class=\"calendar-card-event-details\">\r\n                        \r\n                                                            <li class=\"date\">\r\n                                    <svg class=\"bi  \" width=\"1em\" height=\"1em\" fill=\"currentColor\">\n\t<use xlink:href=\"https:\/\/sykli.fi\/demo\/wp-content\/themes\/luotsi\/assets\/img\/bootstrap-icons.svg#calendar3\" \/>\n<\/svg>01.03.2026 &#8211; 08.04.2026                                <\/li>\r\n                            \r\n                            \r\n                        \r\n                                                    <li class=\"location\">\r\n                                <svg class=\"bi  \" width=\"1em\" height=\"1em\" fill=\"currentColor\">\n\t<use xlink:href=\"https:\/\/sykli.fi\/demo\/wp-content\/themes\/luotsi\/assets\/img\/bootstrap-icons.svg#pin-map-fill\" \/>\n<\/svg>SYKLI Pasila, Helsinki                            <\/li>\r\n                                            <\/ul>\r\n\r\n                    <a class=\"btn\" href=\"https:\/\/ssl.eventilla.com\/mastery\" target=\"_blank\" rel=\"noopener\">\r\n                        Lue lis\u00e4\u00e4                    <\/a>\r\n                <\/div>\r\n\r\n            <\/div>\r\n        <\/div>\r\n        <div class=\"col-sm-6 col-md-4\">\r\n            <div class=\"calendar-card\">\r\n\r\n                                    <p class=\"calendar-card-koulutustyyppi\">Tilauskoulutus<\/p>\r\n                \r\n                                    <img decoding=\"async\" src=\"https:\/\/ssl.eventilla.com\/static\/logos\/254581\/4624e2570bee3378ec40e9ef9131a79c.jpg\" alt=\"Luonnon monimuotoisuuden perusteet -tilauskoulutus\">\r\n                \r\n                <div class=\"calendar-card-content\">\r\n                    <a href=\"https:\/\/ssl.eventilla.com\/lumo-tilauskoulutus\" target=\"_blank\" rel=\"noopener\">\r\n\r\n                                                    <p class=\"calendar-card-opiskelumuoto\">R\u00e4\u00e4t\u00e4l\u00f6it\u00e4v\u00e4<\/p>\r\n                        \r\n                        <h3>Luonnon monimuotoisuuden perusteet -tilauskoulutus<\/h3>\r\n                    <\/a>\r\n\r\n                    \r\n                    <ul class=\"calendar-card-event-details\">\r\n                        \r\n                            \r\n                        \r\n                                            <\/ul>\r\n\r\n                    <a class=\"btn\" href=\"https:\/\/ssl.eventilla.com\/lumo-tilauskoulutus\" target=\"_blank\" rel=\"noopener\">\r\n                        Lue lis\u00e4\u00e4                    <\/a>\r\n                <\/div>\r\n\r\n            <\/div>\r\n        <\/div>\r\n        <div class=\"col-sm-6 col-md-4\">\r\n            <div class=\"calendar-card\">\r\n\r\n                                    <p class=\"calendar-card-koulutustyyppi\">Tilauskoulutus<\/p>\r\n                \r\n                                    <img decoding=\"async\" src=\"https:\/\/ssl.eventilla.com\/static\/logos\/254589\/63f636d00de61330661236f43b91be11.jpg\" alt=\"Biodiversiteetti ja ilmastonmuutos -tilauskoulutus\">\r\n                \r\n                <div class=\"calendar-card-content\">\r\n                    <a href=\"https:\/\/ssl.eventilla.com\/biodiversiteetti_ja_ilmastonmuutos\" target=\"_blank\" rel=\"noopener\">\r\n\r\n                                                    <p class=\"calendar-card-opiskelumuoto\">R\u00e4\u00e4t\u00e4l\u00f6it\u00e4v\u00e4<\/p>\r\n                        \r\n                        <h3>Biodiversiteetti ja ilmastonmuutos -tilauskoulutus<\/h3>\r\n                    <\/a>\r\n\r\n                    \r\n                    <ul class=\"calendar-card-event-details\">\r\n                        \r\n                            \r\n                        \r\n                                            <\/ul>\r\n\r\n                    <a class=\"btn\" href=\"https:\/\/ssl.eventilla.com\/biodiversiteetti_ja_ilmastonmuutos\" target=\"_blank\" rel=\"noopener\">\r\n                        Lue lis\u00e4\u00e4                    <\/a>\r\n                <\/div>\r\n\r\n            <\/div>\r\n        <\/div>\r\n        <div class=\"col-sm-6 col-md-4\">\r\n            <div class=\"calendar-card\">\r\n\r\n                                    <p class=\"calendar-card-koulutustyyppi\">Tutkinnon osa<\/p>\r\n                \r\n                                    <img decoding=\"async\" src=\"https:\/\/ssl.eventilla.com\/static\/logos\/253447\/0f6b1a79afdba34081e3b066761307a1.jpg\" alt=\"205341 Luontovaikutusten asiantuntija (Ymp\u00e4rist\u00f6alan erikoisammattitutkinto, resurssitehokkuuden osaamisala), syksy 2026\">\r\n                \r\n                <div class=\"calendar-card-content\">\r\n                    <a href=\"https:\/\/ssl.eventilla.com\/luotovaikutusten_asiantuntija-syksy26\" target=\"_blank\" rel=\"noopener\">\r\n\r\n                                                    <p class=\"calendar-card-opiskelumuoto\">Hybridi<\/p>\r\n                        \r\n                        <h3>205341 Luontovaikutusten asiantuntija (Ymp\u00e4rist\u00f6alan erikoisammattitutkinto, resurssitehokkuuden osaamisala), syksy 2026<\/h3>\r\n                    <\/a>\r\n\r\n                    \r\n                    <ul class=\"calendar-card-event-details\">\r\n                        \r\n                                                            <li class=\"date\">\r\n                                    <svg class=\"bi  \" width=\"1em\" height=\"1em\" fill=\"currentColor\">\n\t<use xlink:href=\"https:\/\/sykli.fi\/demo\/wp-content\/themes\/luotsi\/assets\/img\/bootstrap-icons.svg#calendar3\" \/>\n<\/svg>19.08.2026 &#8211; 13.01.2027                                <\/li>\r\n                            \r\n                            \r\n                        \r\n                                                    <li class=\"location\">\r\n                                <svg class=\"bi  \" width=\"1em\" height=\"1em\" fill=\"currentColor\">\n\t<use xlink:href=\"https:\/\/sykli.fi\/demo\/wp-content\/themes\/luotsi\/assets\/img\/bootstrap-icons.svg#pin-map-fill\" \/>\n<\/svg>Verkkokoulutus                            <\/li>\r\n                                            <\/ul>\r\n\r\n                    <a class=\"btn\" href=\"https:\/\/ssl.eventilla.com\/luotovaikutusten_asiantuntija-syksy26\" target=\"_blank\" rel=\"noopener\">\r\n                        Lue lis\u00e4\u00e4                    <\/a>\r\n                <\/div>\r\n\r\n            <\/div>\r\n        <\/div>\r\n<\/div><\/div>","protected":false},"excerpt":{"rendered":"<p>Haluatko lis\u00e4t\u00e4 henkil\u00f6st\u00f6si luonto-osaamista? Inspiroivissa koulutuksissamme asiantuntijamme tarjoavat syv\u00e4llist\u00e4 tutkimusper\u00e4ist\u00e4 tietoa ja k\u00e4yt\u00e4nn\u00f6nl\u00e4heisi\u00e4 esimerkkej\u00e4 luonnon monimuotoisuudesta, vaikuttavasta ilmasto- ja luontoty\u00f6st\u00e4 [&hellip;]<\/p>\n","protected":false},"author":1,"featured_media":73508,"parent":73457,"menu_order":3,"comment_status":"open","ping_status":"open","template":"","meta":{"_acf_changed":false,"footnotes":""},"class_list":["post-73461","page","type-page","status-publish","has-post-thumbnail","hentry"],"acf":[],"_links":{"self":[{"href":"https:\/\/sykli.fi\/demo\/wp-json\/wp\/v2\/pages\/73461","targetHints":{"allow":["GET"]}}],"collection":[{"href":"https:\/\/sykli.fi\/demo\/wp-json\/wp\/v2\/pages"}],"about":[{"href":"https:\/\/sykli.fi\/demo\/wp-json\/wp\/v2\/types\/page"}],"author":[{"embeddable":true,"href":"https:\/\/sykli.fi\/demo\/wp-json\/wp\/v2\/users\/1"}],"replies":[{"embeddable":true,"href":"https:\/\/sykli.fi\/demo\/wp-json\/wp\/v2\/comments?post=73461"}],"version-history":[{"count":2,"href":"https:\/\/sykli.fi\/demo\/wp-json\/wp\/v2\/pages\/73461\/revisions"}],"predecessor-version":[{"id":73861,"href":"https:\/\/sykli.fi\/demo\/wp-json\/wp\/v2\/pages\/73461\/revisions\/73861"}],"up":[{"embeddable":true,"href":"https:\/\/sykli.fi\/demo\/wp-json\/wp\/v2\/pages\/73457"}],"wp:featuredmedia":[{"embeddable":true,"href":"https:\/\/sykli.fi\/demo\/wp-json\/wp\/v2\/media\/73508"}],"wp:attachment":[{"href":"https:\/\/sykli.fi\/demo\/wp-json\/wp\/v2\/media?parent=73461"}],"curies":[{"name":"wp","href":"https:\/\/api.w.org\/{rel}","templated":true}]}}