{"id":73460,"date":"2025-08-12T10:53:33","date_gmt":"2025-08-12T07:53:33","guid":{"rendered":"https:\/\/sykli.fi\/tyoelamalle\/koulutukset-ja-palvelut-yrityksille\/kiertotalous-ja-jatehuolto\/"},"modified":"2026-01-20T14:16:59","modified_gmt":"2026-01-20T12:16:59","slug":"kiertotalous-ja-jatehuolto","status":"publish","type":"page","link":"https:\/\/sykli.fi\/demo\/tyoelamalle\/koulutukset-ja-palvelut-yrityksille\/kiertotalous-ja-jatehuolto\/","title":{"rendered":"Kiertotalous ja j\u00e4tehuolto"},"content":{"rendered":"\r\n<section id=\"hero-block_e134e629ce894e3a4c6110257eeb2591\" class=\"hero site-banner section-default default alignfull\">\r\n\r\n    <div class=\"site-banner-bg section-bg-image \" >\r\n\r\n        <img loading=\"lazy\" decoding=\"async\" width=\"2560\" height=\"1124\" src=\"https:\/\/sykli.fi\/demo\/wp-content\/uploads\/2026\/01\/shutterstock_2314099821-scaled.jpg\" class=\"attachment-1536\u00d71536 size-1536\u00d71536\" alt=\"\" srcset=\"https:\/\/sykli.fi\/demo\/wp-content\/uploads\/2026\/01\/shutterstock_2314099821-scaled.jpg 2560w, https:\/\/sykli.fi\/demo\/wp-content\/uploads\/2026\/01\/shutterstock_2314099821-300x132.jpg 300w, https:\/\/sykli.fi\/demo\/wp-content\/uploads\/2026\/01\/shutterstock_2314099821-1024x449.jpg 1024w, https:\/\/sykli.fi\/demo\/wp-content\/uploads\/2026\/01\/shutterstock_2314099821-768x337.jpg 768w, https:\/\/sykli.fi\/demo\/wp-content\/uploads\/2026\/01\/shutterstock_2314099821-1536x674.jpg 1536w, https:\/\/sykli.fi\/demo\/wp-content\/uploads\/2026\/01\/shutterstock_2314099821-2048x899.jpg 2048w\" sizes=\"auto, (max-width: 2560px) 100vw, 2560px\" \/>\r\n        \r\n        \r\n            <div class=\"site-banner-content container\">\r\n                <div class=\"row w-100\">\r\n                    <div class=\"col-md-12\">\r\n                        <div class=\"hero-text-overlay\">\r\n                                                                <h1 class=\"hero-title\">Kiertotalous ja j\u00e4tehuolto<\/h1>\r\n                            <div class=\"inner-content\">\r\n                            <div class=\"acf-innerblocks-container\"><\/div>\r\n                        <\/div>                        <\/div>\r\n                    <\/div>\r\n                <\/div>\r\n            <\/div>\r\n\r\n        <\/section>\n\n\n<p>Kiertotalous tarjoaa organisaatioille taloudellisia, ymp\u00e4rist\u00f6llisi\u00e4 ja yhteiskunnallisia mahdollisuuksia. Se voi auttaa v\u00e4hent\u00e4m\u00e4\u00e4n kustannuksia, luomaan uusia liiketoimintamahdollisuuksia, parantamaan br\u00e4ndi\u00e4 ja mainetta, s\u00e4\u00e4st\u00e4m\u00e4\u00e4n luonnonvaroja, v\u00e4hent\u00e4m\u00e4\u00e4n j\u00e4tett\u00e4 ja energiankulutusta, sek\u00e4 edist\u00e4m\u00e4\u00e4n yhteisty\u00f6t\u00e4 ja kuluttajien tietoisuutta. Kiertotalouden kehitt\u00e4minen on askel kohti kest\u00e4v\u00e4\u00e4 tulevaisuutta, jossa yritykset voivat menesty\u00e4 ja edist\u00e4en samalla ymp\u00e4rist\u00f6n ja yhteiskunnan hyvinvointia.<\/p>\n\n\n\n<p><strong>Tarjoamme my\u00f6s tutkintoon johtavia koulutuksia. Katso kaikki koulutuksemme <a href=\"https:\/\/sykli.fi\/demo\/demo\/koulutuskalenteri\/\">t\u00e4\u00e4lt\u00e4<\/a>.<\/strong><\/p>\n\n\n<div class=\"koulutukset2-block\"><h2>Tutustu tarjontaamme<\/h2><p>Ei t\u00e4ll\u00e4 hetkell\u00e4 avoimia koulutuksia.<\/p><\/div>","protected":false},"excerpt":{"rendered":"<p>Kiertotalous tarjoaa organisaatioille taloudellisia, ymp\u00e4rist\u00f6llisi\u00e4 ja yhteiskunnallisia mahdollisuuksia. Se voi auttaa v\u00e4hent\u00e4m\u00e4\u00e4n kustannuksia, luomaan uusia liiketoimintamahdollisuuksia, parantamaan br\u00e4ndi\u00e4 ja mainetta, [&hellip;]<\/p>\n","protected":false},"author":1,"featured_media":73499,"parent":73457,"menu_order":2,"comment_status":"open","ping_status":"open","template":"","meta":{"_acf_changed":false,"footnotes":""},"class_list":["post-73460","page","type-page","status-publish","has-post-thumbnail","hentry"],"acf":[],"_links":{"self":[{"href":"https:\/\/sykli.fi\/demo\/wp-json\/wp\/v2\/pages\/73460","targetHints":{"allow":["GET"]}}],"collection":[{"href":"https:\/\/sykli.fi\/demo\/wp-json\/wp\/v2\/pages"}],"about":[{"href":"https:\/\/sykli.fi\/demo\/wp-json\/wp\/v2\/types\/page"}],"author":[{"embeddable":true,"href":"https:\/\/sykli.fi\/demo\/wp-json\/wp\/v2\/users\/1"}],"replies":[{"embeddable":true,"href":"https:\/\/sykli.fi\/demo\/wp-json\/wp\/v2\/comments?post=73460"}],"version-history":[{"count":2,"href":"https:\/\/sykli.fi\/demo\/wp-json\/wp\/v2\/pages\/73460\/revisions"}],"predecessor-version":[{"id":73503,"href":"https:\/\/sykli.fi\/demo\/wp-json\/wp\/v2\/pages\/73460\/revisions\/73503"}],"up":[{"embeddable":true,"href":"https:\/\/sykli.fi\/demo\/wp-json\/wp\/v2\/pages\/73457"}],"wp:featuredmedia":[{"embeddable":true,"href":"https:\/\/sykli.fi\/demo\/wp-json\/wp\/v2\/media\/73499"}],"wp:attachment":[{"href":"https:\/\/sykli.fi\/demo\/wp-json\/wp\/v2\/media?parent=73460"}],"curies":[{"name":"wp","href":"https:\/\/api.w.org\/{rel}","templated":true}]}}