{"id":73458,"date":"2025-08-12T09:53:32","date_gmt":"2025-08-12T06:53:32","guid":{"rendered":"https:\/\/sykli.fi\/tyoelamalle\/ohjeet-tutkinto-opiskelijan-tyossaoppimispaikalle\/"},"modified":"2025-08-12T09:53:32","modified_gmt":"2025-08-12T06:53:32","slug":"ohjeet-tutkinto-opiskelijan-tyossaoppimispaikalle","status":"publish","type":"page","link":"https:\/\/sykli.fi\/demo\/tyoelamalle\/ohjeet-tutkinto-opiskelijan-tyossaoppimispaikalle\/","title":{"rendered":"Ohjeet tutkinto-opiskelijan ty\u00f6ss\u00e4oppimispaikalle"},"content":{"rendered":"\r\n<section id=\"hero-block_7cbfaf253945b63bff97688b744bcd46\" class=\"hero site-banner section-default default alignfull\">\r\n\r\n    <div class=\"site-banner-bg section-bg-image \" >\r\n\r\n        <img loading=\"lazy\" decoding=\"async\" width=\"1000\" height=\"665\" src=\"https:\/\/sykli.fi\/demo\/wp-content\/uploads\/2023\/04\/shutterstock_199054478-tyopaikkaohjaajalle.jpg\" class=\"attachment-1536\u00d71536 size-1536\u00d71536\" alt=\"Kyltit mets\u00e4ss\u00e4.\" srcset=\"https:\/\/sykli.fi\/demo\/wp-content\/uploads\/2023\/04\/shutterstock_199054478-tyopaikkaohjaajalle.jpg 1000w, https:\/\/sykli.fi\/demo\/wp-content\/uploads\/2023\/04\/shutterstock_199054478-tyopaikkaohjaajalle-300x200.jpg 300w, https:\/\/sykli.fi\/demo\/wp-content\/uploads\/2023\/04\/shutterstock_199054478-tyopaikkaohjaajalle-768x511.jpg 768w\" sizes=\"auto, (max-width: 1000px) 100vw, 1000px\" \/>\r\n        \r\n        \r\n            <div class=\"site-banner-content container\">\r\n                <div class=\"row w-100\">\r\n                    <div class=\"col-md-12\">\r\n                        <div class=\"hero-text-overlay\">\r\n                                                                <h1 class=\"hero-title\">Ohjeet tutkinto-opiskelijan ty\u00f6ss\u00e4oppimispaikalle<\/h1>\r\n                            <div class=\"inner-content\">\r\n                            <div class=\"acf-innerblocks-container\"><\/div>\r\n                        <\/div>                        <\/div>\r\n                    <\/div>\r\n                <\/div>\r\n            <\/div>\r\n\r\n        <\/section>\n\n<div class=\"page-linkbox-block alignfull\">\r\n    <div class=\"container\">\r\n        \r\n                <div class=\"acf-innerblocks-container\">\r\n\r\n                    \r\n\r\n                        <div class=\"page-linkbox \">\r\n\r\n                            <img loading=\"lazy\" decoding=\"async\" width=\"1000\" height=\"665\" src=\"https:\/\/sykli.fi\/demo\/wp-content\/uploads\/2023\/04\/shutterstock_199054478-tyopaikkaohjaajalle.jpg\" class=\"attachment-post-thumbnail size-post-thumbnail wp-post-image\" alt=\"Kyltit mets\u00e4ss\u00e4.\" srcset=\"https:\/\/sykli.fi\/demo\/wp-content\/uploads\/2023\/04\/shutterstock_199054478-tyopaikkaohjaajalle.jpg 1000w, https:\/\/sykli.fi\/demo\/wp-content\/uploads\/2023\/04\/shutterstock_199054478-tyopaikkaohjaajalle-300x200.jpg 300w, https:\/\/sykli.fi\/demo\/wp-content\/uploads\/2023\/04\/shutterstock_199054478-tyopaikkaohjaajalle-768x511.jpg 768w\" sizes=\"auto, (max-width: 1000px) 100vw, 1000px\" \/>                            <a  href=\" https:\/\/sykli.fi\/demo\/tyoelamalle\/ohjeet-tutkinto-opiskelijan-tyossaoppimispaikalle\/tyopaikkaohjaajalle\/\" >\r\n                                <h2>Ty\u00f6paikkaohjaajalle<\/h2>\r\n                            <\/a>\r\n\r\n\r\n                        <\/div>\r\n\r\n                    \r\n\r\n                        <div class=\"page-linkbox \">\r\n\r\n                            <img loading=\"lazy\" decoding=\"async\" width=\"1000\" height=\"665\" src=\"https:\/\/sykli.fi\/demo\/wp-content\/uploads\/2023\/04\/shutterstock_199054478-tyopaikkaohjaajalle.jpg\" class=\"attachment-post-thumbnail size-post-thumbnail wp-post-image\" alt=\"Kyltit mets\u00e4ss\u00e4.\" srcset=\"https:\/\/sykli.fi\/demo\/wp-content\/uploads\/2023\/04\/shutterstock_199054478-tyopaikkaohjaajalle.jpg 1000w, https:\/\/sykli.fi\/demo\/wp-content\/uploads\/2023\/04\/shutterstock_199054478-tyopaikkaohjaajalle-300x200.jpg 300w, https:\/\/sykli.fi\/demo\/wp-content\/uploads\/2023\/04\/shutterstock_199054478-tyopaikkaohjaajalle-768x511.jpg 768w\" sizes=\"auto, (max-width: 1000px) 100vw, 1000px\" \/>                            <a  href=\" https:\/\/sykli.fi\/demo\/tyoelamalle\/ohjeet-tutkinto-opiskelijan-tyossaoppimispaikalle\/ohjeet-nayttojen-arvioijalle\/\" >\r\n                                <h2>Ohjeet n\u00e4ytt\u00f6jen arvioijalle<\/h2>\r\n                            <\/a>\r\n\r\n\r\n                        <\/div>\r\n\r\n                    \r\n\r\n                        <div class=\"page-linkbox \">\r\n\r\n                            <img loading=\"lazy\" decoding=\"async\" width=\"1000\" height=\"667\" src=\"https:\/\/sykli.fi\/demo\/wp-content\/uploads\/2023\/04\/shutterstock_310507343-tyoelamassa-oppiminen.jpg\" class=\"attachment-post-thumbnail size-post-thumbnail wp-post-image\" alt=\"Kirjoja puiston penkill\u00e4.\" srcset=\"https:\/\/sykli.fi\/demo\/wp-content\/uploads\/2023\/04\/shutterstock_310507343-tyoelamassa-oppiminen.jpg 1000w, https:\/\/sykli.fi\/demo\/wp-content\/uploads\/2023\/04\/shutterstock_310507343-tyoelamassa-oppiminen-300x200.jpg 300w, https:\/\/sykli.fi\/demo\/wp-content\/uploads\/2023\/04\/shutterstock_310507343-tyoelamassa-oppiminen-768x512.jpg 768w\" sizes=\"auto, (max-width: 1000px) 100vw, 1000px\" \/>                            <a  href=\" https:\/\/sykli.fi\/demo\/tyoelamalle\/ohjeet-tutkinto-opiskelijan-tyossaoppimispaikalle\/tyoelamassa-oppiminen\/\" >\r\n                                <h2>Ty\u00f6el\u00e4m\u00e4ss\u00e4 oppiminen<\/h2>\r\n                            <\/a>\r\n\r\n\r\n                        <\/div>\r\n\r\n                                    <\/div>\r\n        <div class=\"acf-innerblocks-container\"><\/div>\r\n\r\n    <\/div>\r\n<\/div>","protected":false},"excerpt":{"rendered":"","protected":false},"author":1,"featured_media":63638,"parent":43,"menu_order":5,"comment_status":"open","ping_status":"open","template":"","meta":{"_acf_changed":false,"footnotes":""},"class_list":["post-73458","page","type-page","status-publish","has-post-thumbnail","hentry"],"acf":[],"_links":{"self":[{"href":"https:\/\/sykli.fi\/demo\/wp-json\/wp\/v2\/pages\/73458","targetHints":{"allow":["GET"]}}],"collection":[{"href":"https:\/\/sykli.fi\/demo\/wp-json\/wp\/v2\/pages"}],"about":[{"href":"https:\/\/sykli.fi\/demo\/wp-json\/wp\/v2\/types\/page"}],"author":[{"embeddable":true,"href":"https:\/\/sykli.fi\/demo\/wp-json\/wp\/v2\/users\/1"}],"replies":[{"embeddable":true,"href":"https:\/\/sykli.fi\/demo\/wp-json\/wp\/v2\/comments?post=73458"}],"version-history":[{"count":0,"href":"https:\/\/sykli.fi\/demo\/wp-json\/wp\/v2\/pages\/73458\/revisions"}],"up":[{"embeddable":true,"href":"https:\/\/sykli.fi\/demo\/wp-json\/wp\/v2\/pages\/43"}],"wp:featuredmedia":[{"embeddable":true,"href":"https:\/\/sykli.fi\/demo\/wp-json\/wp\/v2\/media\/63638"}],"wp:attachment":[{"href":"https:\/\/sykli.fi\/demo\/wp-json\/wp\/v2\/media?parent=73458"}],"curies":[{"name":"wp","href":"https:\/\/api.w.org\/{rel}","templated":true}]}}