{"id":73452,"date":"2025-03-27T11:53:14","date_gmt":"2025-03-27T09:53:14","guid":{"rendered":"https:\/\/sykli.fi\/tyoelamalle\/rekrytoivatpalvelut\/tutkintoon-johtavat-koulutukset\/vastuullisuusjohtaminen-ja-raportointi-2\/"},"modified":"2025-03-27T11:53:14","modified_gmt":"2025-03-27T09:53:14","slug":"vastuullisuusjohtaminen-ja-raportointi-2","status":"publish","type":"page","link":"https:\/\/sykli.fi\/demo\/tyoelamalle\/rekrytoivatpalvelut\/tutkintoon-johtavat-koulutukset\/vastuullisuusjohtaminen-ja-raportointi-2\/","title":{"rendered":"Vastuullisuusjohtaminen ja -raportointi"},"content":{"rendered":"\r\n<section id=\"hero-block_a5a63867ee6b1c8acf0e7e9f5140fb19\" class=\"hero site-banner section-default default alignfull\">\r\n\r\n    <div class=\"site-banner-bg section-bg-image ob-position\" style=\"object-position: 50% 45%\" >\r\n\r\n        <img loading=\"lazy\" decoding=\"async\" width=\"1000\" height=\"660\" src=\"https:\/\/sykli.fi\/demo\/wp-content\/uploads\/2023\/04\/shutterstock_668593321-1-sykli-tyonanatajana.jpg\" class=\"attachment-1536\u00d71536 size-1536\u00d71536\" alt=\"\" srcset=\"https:\/\/sykli.fi\/demo\/wp-content\/uploads\/2023\/04\/shutterstock_668593321-1-sykli-tyonanatajana.jpg 1000w, https:\/\/sykli.fi\/demo\/wp-content\/uploads\/2023\/04\/shutterstock_668593321-1-sykli-tyonanatajana-300x198.jpg 300w, https:\/\/sykli.fi\/demo\/wp-content\/uploads\/2023\/04\/shutterstock_668593321-1-sykli-tyonanatajana-768x507.jpg 768w\" sizes=\"auto, (max-width: 1000px) 100vw, 1000px\" \/>\r\n        \r\n        \r\n            <div class=\"site-banner-content container\">\r\n                <div class=\"row w-100\">\r\n                    <div class=\"col-md-12\">\r\n                        <div class=\"hero-text-overlay\">\r\n                                                                <h1 class=\"hero-title\">Vastuullisuusjohtaminen ja -raportointi<\/h1>\r\n                            <div class=\"inner-content\">\r\n                            <div class=\"acf-innerblocks-container\">\n\n<p><\/p>\n\n<\/div>\r\n                        <\/div>                        <\/div>\r\n                    <\/div>\r\n                <\/div>\r\n            <\/div>\r\n\r\n        <\/section>\n\n\n<h3 class=\"wp-block-heading\">Haluatteko kehitt\u00e4\u00e4 organisaationne vastuullisuusjohtamista ja samalla tukea uusien asiantuntijoiden kasvua?<\/h3>\n\n\n\n<p>Suomen ymp\u00e4rist\u00f6opisto Sykli etsii nyt yrityksi\u00e4 ja muita organisaatioita tarjoamaan ty\u00f6ss\u00e4oppimispaikkoja osallistujille, jotka kouluttautuvat vastuullisuuden kehitt\u00e4misen ja johtamisen asiantuntijoiksi.<\/p>\n\n\n\n<p>Koulutuksen nimi on <strong>Vastuullisuusjohtaminen ja -raportointi<\/strong>, ja sen kautta organisaationne saa k\u00e4ytt\u00f6\u00f6ns\u00e4 motivoituneen opiskelijan 4-6 kuukaudeksi. Opiskelija voi tuoda osaamistaan esimerkiksi ymp\u00e4rist\u00f6j\u00e4rjestelmien, laatujohtamisen, turvallisuusasioiden tai vastuullisuusraportoinnin kehitt\u00e4miseen \u2013 juuri niihin asioihin, jotka ovat monilla toimialoilla nyt ajankohtaisempia kuin koskaan.<\/p>\n\n\n\n<h3 class=\"wp-block-heading\">Mit\u00e4 yhteisty\u00f6 tuo teille?<\/h3>\n\n\n\n<ul class=\"wp-block-list\">\n<li><strong>Lis\u00e4resurssi kehitt\u00e4misty\u00f6h\u00f6n<\/strong><br>Opiskelijat ovat p\u00e4\u00e4osin korkeakoulutettuja ja sitoutuneita kehitt\u00e4m\u00e4\u00e4n vastuullisuuteen liittyvi\u00e4 k\u00e4yt\u00e4nt\u00f6j\u00e4, j\u00e4rjestelmi\u00e4 ja toimintamalleja<\/li>\n\n\n\n<li><strong>Mahdollisuus pilotoida uusia toimintatapoja<\/strong><br>Opiskelijoiden kehitt\u00e4mishankkeet voivat liitty\u00e4 esimerkiksi ISO 14001 -ymp\u00e4rist\u00f6j\u00e4rjestelm\u00e4n rakentamiseen, vastuullisuusohjelmien luomiseen tai raportointik\u00e4yt\u00e4nt\u00f6jen kehitt\u00e4miseen<\/li>\n\n\n\n<li><strong>Verkostoituminen Syklin ja vastuullisuusasiantuntijoiden kanssa<\/strong><br>P\u00e4\u00e4sette osaksi koulutuksen asiantuntijaverkostoa ja vahvistatte ty\u00f6nantajamielikuvaanne vastuullisena toimijana.<\/li>\n<\/ul>\n\n\n\n<h3 class=\"wp-block-heading\">Ty\u00f6ss\u00e4oppimisen taustalla on tutkintoon johtava koulutus<\/h3>\n\n\n\n<p>Opiskelijat suorittavat Ymp\u00e4rist\u00f6alan erikoisammattitutkinnon tutkinnon osan<strong> &#8221;<\/strong>Laatu-, ymp\u00e4rist\u00f6- ja turvallisuusvastaavana toimiminen<strong>&#8221;<\/strong>. Ty\u00f6ss\u00e4oppimisjakso on koulutuksen keskeisin osa ja v\u00e4ltt\u00e4m\u00e4t\u00f6n tutkinnon osan suorittamiseksi. Koulutus j\u00e4rjestet\u00e4\u00e4n ajalla <strong>5.8.2025 \u2013 27.2.2026<\/strong>. Ty\u00f6ss\u00e4oppimisen voi aloittaa joustavasti syyskuusta alkaen. <\/p>\n\n\n\n<p>Koulutukseen sis\u00e4ltyy lomajakso: <strong>23.12.2025 &#8211; 2.1.2026.<\/strong><\/p>\n\n\n\n<h3 class=\"wp-block-heading\">Millaisia osaajia mukana on?<\/h3>\n\n\n\n<p>Koulutukseen valitaan ty\u00f6tt\u00f6mi\u00e4 ty\u00f6nhakijoita, joilla on:<\/p>\n\n\n\n<ul class=\"wp-block-list\">\n<li>korkeakoulututkinto tai vastaava osaaminen ty\u00f6el\u00e4m\u00e4st\u00e4<\/li>\n\n\n\n<li>kiinnostusta ja\/tai kokemusta vastuullisuusteemoista<\/li>\n\n\n\n<li>valmiuksia itsen\u00e4iseen kehitt\u00e4misty\u00f6h\u00f6n<\/li>\n\n\n\n<li>motivaatiota kehitty\u00e4 vastuullisuusasiantuntijana<\/li>\n<\/ul>\n\n\n\n<p>Aiemmissa koulutuksissa opiskelijat ovat toimineet mm. ymp\u00e4rist\u00f6asiantuntijoina, laatukoordinaattoreina ja projektip\u00e4\u00e4llik\u00f6in\u00e4. Kehitt\u00e4misty\u00f6t ovat olleet k\u00e4yt\u00e4nn\u00f6nl\u00e4heisi\u00e4 ja hy\u00f6dytt\u00e4neet aidosti ty\u00f6ss\u00e4oppimisorganisaatioita.<\/p>\n\n\n\n<h2 class=\"wp-block-heading\">Koulutuksen infotilaisuus<\/h2>\n\n\n\n<p>Koulutuksesta j\u00e4rjestettiin infotilaisuus torstaina 24.4.2025 klo 10-11 Microsoft Teamsissa. Tilaisuudessa kerrottiin tarkemmin koulutuksen sis\u00e4ll\u00f6st\u00e4.<\/p>\n\n\n\n<figure class=\"wp-block-embed is-type-video is-provider-youtube wp-block-embed-youtube wp-embed-aspect-16-9 wp-has-aspect-ratio\"><div class=\"wp-block-embed__wrapper\">\n<div class=\"ratio ratio-16x9\"><iframe loading=\"lazy\" title=\"Vastuullisuusjohtaminen ja -raportointi - koulutuksen infotilaisuus 24.4.2025\" width=\"800\" height=\"450\" src=\"https:\/\/www.youtube.com\/embed\/e2SPhRmQds8?feature=oembed\" frameborder=\"0\" allow=\"accelerometer; autoplay; clipboard-write; encrypted-media; gyroscope; picture-in-picture; web-share\" referrerpolicy=\"strict-origin-when-cross-origin\" allowfullscreen><\/iframe><\/div>\n<\/div><\/figure>\n\n\n\n<h3 class=\"wp-block-heading\">Haluatteko mukaan?<\/h3>\n\n\n\n<p>Tarjoamalla ty\u00f6ss\u00e4oppimispaikan p\u00e4\u00e4sette osaksi t\u00e4t\u00e4 vaikuttavaa koulutusprosessia ja saatte kehitt\u00e4j\u00e4resurssin, joka voi tuoda uutta n\u00e4k\u00f6kulmaa ja vauhtia yrityksenne vastuullisuusty\u00f6h\u00f6n.<\/p>\n\n\n<h2>Ota yhteytt\u00e4 ja keskustellaan lis\u00e4\u00e4 yhteisty\u00f6mahdollisuuksista:<\/h2>\r\n<div class=\"row\">\r\n                                <div class=\"col-md-6\">\r\n                    <div class=\"staff-box\">\r\n                        <div class=\"row\">\r\n                            <div class=\"col-4\">\r\n                                <img loading=\"lazy\" decoding=\"async\" width=\"1697\" height=\"2417\" src=\"https:\/\/sykli.fi\/demo\/wp-content\/uploads\/2024\/02\/Henkilokuva_Virpi_Vuolahti_mv.jpg\" class=\"attachment-post-thumbnail size-post-thumbnail wp-post-image\" alt=\"\" srcset=\"https:\/\/sykli.fi\/demo\/wp-content\/uploads\/2024\/02\/Henkilokuva_Virpi_Vuolahti_mv.jpg 1697w, https:\/\/sykli.fi\/demo\/wp-content\/uploads\/2024\/02\/Henkilokuva_Virpi_Vuolahti_mv-211x300.jpg 211w, https:\/\/sykli.fi\/demo\/wp-content\/uploads\/2024\/02\/Henkilokuva_Virpi_Vuolahti_mv-719x1024.jpg 719w, https:\/\/sykli.fi\/demo\/wp-content\/uploads\/2024\/02\/Henkilokuva_Virpi_Vuolahti_mv-768x1094.jpg 768w, https:\/\/sykli.fi\/demo\/wp-content\/uploads\/2024\/02\/Henkilokuva_Virpi_Vuolahti_mv-1078x1536.jpg 1078w, https:\/\/sykli.fi\/demo\/wp-content\/uploads\/2024\/02\/Henkilokuva_Virpi_Vuolahti_mv-1438x2048.jpg 1438w\" sizes=\"auto, (max-width: 1697px) 100vw, 1697px\" \/>                            <\/div>\r\n                            <div class=\"col-8\">\r\n                                <h3>Virpi Vuolahti<\/h3>\r\n                                Koulutusvastaava                                <ul>\r\n                                    <li><svg xmlns=\"http:\/\/www.w3.org\/2000\/svg\" width=\"16\" height=\"16\" fill=\"currentColor\" class=\"bi bi-telephone-fill\" viewBox=\"0 0 16 16\">\r\n                                <path fill-rule=\"evenodd\" d=\"M1.885.511a1.745 1.745 0 0 1 2.61.163L6.29 2.98c.329.423.445.974.315 1.494l-.547 2.19a.678.678 0 0 0 .178.643l2.457 2.457a.678.678 0 0 0 .644.178l2.189-.547a1.745 1.745 0 0 1 1.494.315l2.306 1.794c.829.645.905 1.87.163 2.611l-1.034 1.034c-.74.74-1.846 1.065-2.877.702a18.634 18.634 0 0 1-7.01-4.42 18.634 18.634 0 0 1-4.42-7.009c-.362-1.03-.037-2.137.703-2.877L1.885.511z\"\/>\r\n                              <\/svg> <a href=\"tel:+358447225939\">044 722 5939<\/a><\/li><li><svg xmlns=\"http:\/\/www.w3.org\/2000\/svg\" width=\"16\" height=\"16\" fill=\"currentColor\" class=\"bi bi-envelope-fill\" viewBox=\"0 0 16 16\">\r\n                                <path d=\"M.05 3.555A2 2 0 0 1 2 2h12a2 2 0 0 1 1.95 1.555L8 8.414.05 3.555ZM0 4.697v7.104l5.803-3.558L0 4.697ZM6.761 8.83l-6.57 4.027A2 2 0 0 0 2 14h12a2 2 0 0 0 1.808-1.144l-6.57-4.027L8 9.586l-1.239-.757Zm3.436-.586L16 11.801V4.697l-5.803 3.546Z\"\/>\r\n                              <\/svg> <a href=\"mailto:virpi.vuolahti@sykli.fi\">virpi.vuolahti@sykli.fi<\/a><\/li>                                <\/ul>\r\n                            <\/div>\r\n                        <\/div>\r\n                    <\/div>\r\n                <\/div>\r\n    <\/div>","protected":false},"excerpt":{"rendered":"<p>Haluatteko kehitt\u00e4\u00e4 organisaationne vastuullisuusjohtamista ja samalla tukea uusien asiantuntijoiden kasvua? Suomen ymp\u00e4rist\u00f6opisto Sykli etsii nyt yrityksi\u00e4 ja muita organisaatioita tarjoamaan [&hellip;]<\/p>\n","protected":false},"author":10,"featured_media":63627,"parent":73433,"menu_order":0,"comment_status":"open","ping_status":"open","template":"","meta":{"_acf_changed":false,"footnotes":""},"class_list":["post-73452","page","type-page","status-publish","has-post-thumbnail","hentry"],"acf":[],"_links":{"self":[{"href":"https:\/\/sykli.fi\/demo\/wp-json\/wp\/v2\/pages\/73452","targetHints":{"allow":["GET"]}}],"collection":[{"href":"https:\/\/sykli.fi\/demo\/wp-json\/wp\/v2\/pages"}],"about":[{"href":"https:\/\/sykli.fi\/demo\/wp-json\/wp\/v2\/types\/page"}],"author":[{"embeddable":true,"href":"https:\/\/sykli.fi\/demo\/wp-json\/wp\/v2\/users\/10"}],"replies":[{"embeddable":true,"href":"https:\/\/sykli.fi\/demo\/wp-json\/wp\/v2\/comments?post=73452"}],"version-history":[{"count":0,"href":"https:\/\/sykli.fi\/demo\/wp-json\/wp\/v2\/pages\/73452\/revisions"}],"up":[{"embeddable":true,"href":"https:\/\/sykli.fi\/demo\/wp-json\/wp\/v2\/pages\/73433"}],"wp:featuredmedia":[{"embeddable":true,"href":"https:\/\/sykli.fi\/demo\/wp-json\/wp\/v2\/media\/63627"}],"wp:attachment":[{"href":"https:\/\/sykli.fi\/demo\/wp-json\/wp\/v2\/media?parent=73452"}],"curies":[{"name":"wp","href":"https:\/\/api.w.org\/{rel}","templated":true}]}}