{"id":73451,"date":"2024-11-18T10:12:02","date_gmt":"2024-11-18T08:12:02","guid":{"rendered":"https:\/\/sykli.fi\/tyoelamalle\/rekrytoivatpalvelut\/rekrykoulutuksen-yritysten-rekrytointitarpeisiin\/tila-ja-kiinteistovastaava-rekrytoiva-koulutus\/"},"modified":"2024-11-18T10:12:02","modified_gmt":"2024-11-18T08:12:02","slug":"tila-ja-kiinteistovastaava-rekrytoiva-koulutus","status":"publish","type":"page","link":"https:\/\/sykli.fi\/demo\/tyoelamalle\/rekrytoivatpalvelut\/rekrykoulutuksen-yritysten-rekrytointitarpeisiin\/tila-ja-kiinteistovastaava-rekrytoiva-koulutus\/","title":{"rendered":"Rekrytoiva koulutus: Tila- ja Kiinteist\u00f6vastaava, kev\u00e4t 2025"},"content":{"rendered":"\n<h5 class=\"wp-block-heading\"><strong><em>Rekrytoivaa koulutusta kiinteist\u00f6alalle \u2013 etsimme yrityksi\u00e4 mukaan!<\/em><\/strong><\/h5>\n\n\n\n<p>Ty\u00f6st\u00e4mme parhaillaan rekrytoivaa koulutusta kiinteist\u00f6alalle ja etsimme yrityksi\u00e4 mukaan toteutukseen, jotka haluavat l\u00f6yt\u00e4\u00e4 osaajia nopeasti ja tehokkaasti.<\/p>\n\n\n\n<h3 class=\"wp-block-heading\">Millaiset yritykset voivat osallistua ja kenelle koulutus on suunnattu?<\/h3>\n\n\n\n<p>Koulutus on suunnattu <strong>kiinteist\u00f6hallinnan yrityksille<\/strong>, <strong>huoltoliikkeille<\/strong>, <strong>kiinteist\u00f6sijoitusyrityksille<\/strong>, <strong>vakuutusyhti\u00f6ille<\/strong>, <strong>pankeille<\/strong>, <strong>tilahallintapalveluille<\/strong> ja <strong>vuokra-asuntov\u00e4litt\u00e4jille<\/strong>. Se palvelee tilanteita, joissa yrityksill\u00e4 on tarve saada koulutettua henkil\u00f6st\u00f6\u00e4 nopeasti.<\/p>\n\n\n\n<p>Koulutus on tarkoitettu <strong>ty\u00f6tt\u00f6mille tai ty\u00f6tt\u00f6myysuhan alaisille ty\u00f6nhakijoille<\/strong>, joilla on teknisen alan koulutusta tai aiempaa ty\u00f6kokemusta alalta. Osallistujien tavoitteena on ty\u00f6llisty\u00e4 harjoittelupaikkaansa koulutuksen p\u00e4\u00e4tytty\u00e4.<\/p>\n\n\n\n<h3 class=\"wp-block-heading\">Koulutuksen rakenne ja kesto:<\/h3>\n\n\n\n<p><strong>Kesto:<\/strong> 3 kuukautta<\/p>\n\n\n\n<p>Koulutuksessa tarkoitus on, ett\u00e4 opiskelija suorittaa ty\u00f6ss\u00e4oppimista yrityksess\u00e4 kaksi kuukautta sek\u00e4 kuukauden ammattillisia teoriaopintoja meill\u00e4 Sykliss\u00e4. <\/p>\n\n\n\n<p><strong>Koulutusp\u00e4ivien teemat:<\/strong><\/p>\n\n\n\n<ul class=\"wp-block-list\">\n<li>Tilahallinnan strategia ja operatiivinen suunnittelu<\/li>\n\n\n\n<li>Energiatekniikka, ymp\u00e4rist\u00f6asiat, j\u00e4tehuolto ja v\u00e4h\u00e4hiilisyyslaskelmat<\/li>\n\n\n\n<li>Viestint\u00e4 ja asiakaspalvelu<\/li>\n\n\n\n<li>Taloudellisuus ja vakuutusasiat<\/li>\n\n\n\n<li>Kyberturvallisuus<\/li>\n\n\n\n<li>Tilasuunnittelu<\/li>\n\n\n\n<li>Projektinhallinta<\/li>\n\n\n\n<li>Kiinteist\u00f6jen vesiasiat<\/li>\n\n\n\n<li>Korttikoulutukset alalle: ymp\u00e4rist\u00f6turvallisuus, ty\u00f6turvallisuuskortti, paloturvallisuus<\/li>\n\n\n\n<li>Kiinteist\u00f6dokumentit<\/li>\n\n\n\n<li>Sopimukset ja reklamaatiot<\/li>\n\n\n\n<li>Talotekniikka ja s\u00e4hk\u00f6inen huoltokirja<\/li>\n<\/ul>\n\n\n\n<h3 class=\"wp-block-heading\">Miksi yrityksen kannattaa l\u00e4hte\u00e4 mukaan?<\/h3>\n\n\n\n<ul class=\"wp-block-list\">\n<li><strong>Riskit\u00f6n rekrytointi<\/strong>: Koulutusaikana yrityksell\u00e4 ei ole palkkakuluja.<\/li>\n\n\n\n<li><strong>Helppous<\/strong>: Sykli valikoi koulutukseen sopivat hakijat ja esittelee heid\u00e4t yrityksille.<\/li>\n\n\n\n<li><strong>Nopeus<\/strong>: Kolmen kuukauden koulutus vastaa yrityksen ty\u00f6voimatarpeisiin tehokkaasti.<\/li>\n<\/ul>\n\n\n\n<h3 class=\"wp-block-heading\">Kustannukset yritykselle?<\/h3>\n\n\n\n<p>Koulutuksen hinta on <strong>noin 2200 \u20ac + alv\/opiskelija<\/strong> koko ajalta.<\/p>\n\n\n<h2>Kiinnostuitko? Yritykset voivat ilmoittautua ottamalla yhteytt\u00e4:<\/h2>\r\n<div class=\"row\">\r\n                                <div class=\"col-md-6\">\r\n                    <div class=\"staff-box\">\r\n                        <div class=\"row\">\r\n                            <div class=\"col-4\">\r\n                                <img loading=\"lazy\" decoding=\"async\" width=\"150\" height=\"250\" src=\"https:\/\/sykli.fi\/demo\/wp-content\/uploads\/2022\/09\/hannele-hakala-mv.jpg\" class=\"attachment-post-thumbnail size-post-thumbnail wp-post-image\" alt=\"\" \/>                            <\/div>\r\n                            <div class=\"col-8\">\r\n                                <h3>Hannele Hakala<\/h3>\r\n                                Koulutusvastaava                                <ul>\r\n                                    <li><svg xmlns=\"http:\/\/www.w3.org\/2000\/svg\" width=\"16\" height=\"16\" fill=\"currentColor\" class=\"bi bi-telephone-fill\" viewBox=\"0 0 16 16\">\r\n                                <path fill-rule=\"evenodd\" d=\"M1.885.511a1.745 1.745 0 0 1 2.61.163L6.29 2.98c.329.423.445.974.315 1.494l-.547 2.19a.678.678 0 0 0 .178.643l2.457 2.457a.678.678 0 0 0 .644.178l2.189-.547a1.745 1.745 0 0 1 1.494.315l2.306 1.794c.829.645.905 1.87.163 2.611l-1.034 1.034c-.74.74-1.846 1.065-2.877.702a18.634 18.634 0 0 1-7.01-4.42 18.634 18.634 0 0 1-4.42-7.009c-.362-1.03-.037-2.137.703-2.877L1.885.511z\"\/>\r\n                              <\/svg> <a href=\"tel:+358505361979\">050 536 1979<\/a><\/li><li><svg xmlns=\"http:\/\/www.w3.org\/2000\/svg\" width=\"16\" height=\"16\" fill=\"currentColor\" class=\"bi bi-envelope-fill\" viewBox=\"0 0 16 16\">\r\n                                <path d=\"M.05 3.555A2 2 0 0 1 2 2h12a2 2 0 0 1 1.95 1.555L8 8.414.05 3.555ZM0 4.697v7.104l5.803-3.558L0 4.697ZM6.761 8.83l-6.57 4.027A2 2 0 0 0 2 14h12a2 2 0 0 0 1.808-1.144l-6.57-4.027L8 9.586l-1.239-.757Zm3.436-.586L16 11.801V4.697l-5.803 3.546Z\"\/>\r\n                              <\/svg> <a href=\"mailto:hannele.hakala@sykli.fi\">hannele.hakala@sykli.fi<\/a><\/li>                                <\/ul>\r\n                            <\/div>\r\n                        <\/div>\r\n                    <\/div>\r\n                <\/div>\r\n    <\/div>\n\n\n<p><strong>\u00c4l\u00e4 j\u00e4t\u00e4 tilaisuutta k\u00e4ytt\u00e4m\u00e4tt\u00e4! <\/strong>T\u00e4m\u00e4 koulutus on nopea ja kustannustehokas tapa l\u00f6yt\u00e4\u00e4 osaajia.<\/p>\n\n\n\n<p><\/p>\n","protected":false},"excerpt":{"rendered":"<p>Rekrytoivaa koulutusta kiinteist\u00f6alalle \u2013 etsimme yrityksi\u00e4 mukaan! Ty\u00f6st\u00e4mme parhaillaan rekrytoivaa koulutusta kiinteist\u00f6alalle ja etsimme yrityksi\u00e4 mukaan toteutukseen, jotka haluavat l\u00f6yt\u00e4\u00e4 [&hellip;]<\/p>\n","protected":false},"author":10,"featured_media":0,"parent":73448,"menu_order":0,"comment_status":"open","ping_status":"open","template":"","meta":{"_acf_changed":false,"footnotes":""},"class_list":["post-73451","page","type-page","status-publish","hentry"],"acf":[],"_links":{"self":[{"href":"https:\/\/sykli.fi\/demo\/wp-json\/wp\/v2\/pages\/73451","targetHints":{"allow":["GET"]}}],"collection":[{"href":"https:\/\/sykli.fi\/demo\/wp-json\/wp\/v2\/pages"}],"about":[{"href":"https:\/\/sykli.fi\/demo\/wp-json\/wp\/v2\/types\/page"}],"author":[{"embeddable":true,"href":"https:\/\/sykli.fi\/demo\/wp-json\/wp\/v2\/users\/10"}],"replies":[{"embeddable":true,"href":"https:\/\/sykli.fi\/demo\/wp-json\/wp\/v2\/comments?post=73451"}],"version-history":[{"count":0,"href":"https:\/\/sykli.fi\/demo\/wp-json\/wp\/v2\/pages\/73451\/revisions"}],"up":[{"embeddable":true,"href":"https:\/\/sykli.fi\/demo\/wp-json\/wp\/v2\/pages\/73448"}],"wp:attachment":[{"href":"https:\/\/sykli.fi\/demo\/wp-json\/wp\/v2\/media?parent=73451"}],"curies":[{"name":"wp","href":"https:\/\/api.w.org\/{rel}","templated":true}]}}