{"id":73450,"date":"2024-08-19T06:33:52","date_gmt":"2024-08-19T03:33:52","guid":{"rendered":"https:\/\/sykli.fi\/tyoelamalle\/rekrytoivatpalvelut\/tutkintoon-johtavat-koulutukset\/ymparistovastaavana-toimiminen-pirkanmaa\/"},"modified":"2024-08-19T06:33:52","modified_gmt":"2024-08-19T03:33:52","slug":"ymparistovastaavana-toimiminen-pirkanmaa","status":"publish","type":"page","link":"https:\/\/sykli.fi\/demo\/tyoelamalle\/rekrytoivatpalvelut\/tutkintoon-johtavat-koulutukset\/ymparistovastaavana-toimiminen-pirkanmaa\/","title":{"rendered":"Ymp\u00e4rist\u00f6vastaavana toimiminen, Pirkanmaa\u00a0"},"content":{"rendered":"\r\n<section id=\"hero-block_7a619e2159fb2345231651c1dbd1dd37\" class=\"hero site-banner section-default default alignfull\">\r\n\r\n    <div class=\"site-banner-bg section-bg-image \" >\r\n\r\n        <img loading=\"lazy\" decoding=\"async\" width=\"2550\" height=\"1434\" src=\"https:\/\/sykli.fi\/demo\/wp-content\/uploads\/2024\/05\/Ymp.vastaavanatoimiminen-pirkanmaa-kopio2.jpg\" class=\"attachment-1536\u00d71536 size-1536\u00d71536\" alt=\"\" srcset=\"https:\/\/sykli.fi\/demo\/wp-content\/uploads\/2024\/05\/Ymp.vastaavanatoimiminen-pirkanmaa-kopio2.jpg 2550w, https:\/\/sykli.fi\/demo\/wp-content\/uploads\/2024\/05\/Ymp.vastaavanatoimiminen-pirkanmaa-kopio2-300x169.jpg 300w, https:\/\/sykli.fi\/demo\/wp-content\/uploads\/2024\/05\/Ymp.vastaavanatoimiminen-pirkanmaa-kopio2-1024x576.jpg 1024w, https:\/\/sykli.fi\/demo\/wp-content\/uploads\/2024\/05\/Ymp.vastaavanatoimiminen-pirkanmaa-kopio2-768x432.jpg 768w, https:\/\/sykli.fi\/demo\/wp-content\/uploads\/2024\/05\/Ymp.vastaavanatoimiminen-pirkanmaa-kopio2-1536x864.jpg 1536w, https:\/\/sykli.fi\/demo\/wp-content\/uploads\/2024\/05\/Ymp.vastaavanatoimiminen-pirkanmaa-kopio2-2048x1152.jpg 2048w\" sizes=\"auto, (max-width: 2550px) 100vw, 2550px\" \/>\r\n        \r\n        \r\n            <div class=\"site-banner-content container\">\r\n                <div class=\"row w-100\">\r\n                    <div class=\"col-md-12\">\r\n                        <div class=\"hero-text-overlay\">\r\n                                                                <h1 class=\"hero-title\">Ymp\u00e4rist\u00f6vastaavana toimiminen, Pirkanmaa\u00a0<\/h1>\r\n                            <div class=\"inner-content\">\r\n                            <div class=\"acf-innerblocks-container\"><\/div>\r\n                        <\/div>                        <\/div>\r\n                    <\/div>\r\n                <\/div>\r\n            <\/div>\r\n\r\n        <\/section>\n\n\n<p><strong>T\u00e4ss\u00e4 koulutuksessa opiskelijat hankkivat osaamista ymp\u00e4rist\u00f6- ja kiertotalousalan monipuolisiin k\u00e4yt\u00e4nn\u00f6n teht\u00e4viin. Ty\u00f6t voivat olla esimerkiksi suunnitteluun, neuvontaan, tuotantoon tai k\u00e4yt\u00e4nn\u00f6n ty\u00f6h\u00f6n liittyvi\u00e4 teht\u00e4vi\u00e4.<\/strong><\/p>\n\n\n\n<p>Seuraava koulutus k\u00e4ynnistyy lokakuussa 2024. Ty\u00f6ss\u00e4oppimisjakso alkaa joustavasti marras-joulukuussa 2024 ja p\u00e4\u00e4ttyy kes\u00e4kuussa 2025.\u202f\u202f&nbsp;<\/p>\n\n\n\n<p><strong>Edut organisaatiollenne<\/strong>:<\/p>\n\n\n\n<ul class=\"wp-block-list\">\n<li>Opiskelijat toteuttavat organisaatiolle ymp\u00e4rist\u00f6kartoituksen ja siihen liittyvi\u00e4 kehitt\u00e4mistoimia. Ymp\u00e4rist\u00f6kartoitus voi liitty\u00e4 esimerkiksi organisaation j\u00e4tehuoltoon, kiertotalouden ratkaisuihin, materiaalin talteenottoon tai yleisiin ymp\u00e4rist\u00f6teemoihin. Tarkempi sis\u00e4lt\u00f6 sovitaan yhteysty\u00f6ss\u00e4 yrityksen kanssa.&nbsp;<\/li>\n<\/ul>\n\n\n\n<ul class=\"wp-block-list\">\n<li>Saatte organisaation ulkopuolista osaamista ja n\u00e4kemyst\u00e4 vastuullisuuden ja toiminnan j\u00e4rjestelm\u00e4lliseen kehitt\u00e4miseen.&nbsp;<\/li>\n<\/ul>\n\n\n\n<ul class=\"wp-block-list\">\n<li>Koulutusohjelma tarjoaa mahdollisuuden veloituksettomaan ja riskitt\u00f6m\u00e4mp\u00e4\u00e4n rekrytointiin koulutusohjelman p\u00e4\u00e4tteeksi. Koulutussopimuspaikan tarjoaminen on maksutonta organisaatiolle. Yrityksell\u00e4 ei ole rekrytointivelvollisuutta.\u202f&nbsp;<\/li>\n<\/ul>\n\n\n\n<ul class=\"wp-block-list\">\n<li>Opiskelijat ty\u00f6skentelev\u00e4t yrityksess\u00e4 ilman ty\u00f6nantaja- ja palkanmaksuvelvoitetta.\u202f\u202f&nbsp;<\/li>\n<\/ul>\n\n\n\n<p>Syklill\u00e4 on t\u00e4m\u00e4n tyyppisist\u00e4 korkeasti koulutettujen koulutuksista yli 10 vuoden kokemus ja ne ovat olleet pidettyj\u00e4. Opiskelijat valitaan kaksivaiheisen hakuprosessin kautta.\u202f\u202f&nbsp;<\/p>\n\n\n\n<p><strong>Koulutuksen sis\u00e4lt\u00f6<\/strong>:<\/p>\n\n\n\n<ul class=\"wp-block-list\">\n<li>Kiertotalous: kokonaiskuva &amp; riskit\u202f\u202f&nbsp;<\/li>\n<\/ul>\n\n\n\n<ul class=\"wp-block-list\">\n<li>J\u00e4telains\u00e4\u00e4d\u00e4nt\u00f6 &amp; ymp\u00e4rist\u00f6lle vaaralliset j\u00e4tteet\u202f\u202f&nbsp;<\/li>\n<\/ul>\n\n\n\n<ul class=\"wp-block-list\">\n<li>J\u00e4tehuollon prosessit ja materiaalitehokkuus\u202f\u202f&nbsp;<\/li>\n<\/ul>\n\n\n\n<ul class=\"wp-block-list\">\n<li>Kiinteist\u00f6jen j\u00e4tehuolto\u202f\u202f&nbsp;<\/li>\n<\/ul>\n\n\n\n<ul class=\"wp-block-list\">\n<li>Ymp\u00e4rist\u00f6kartoituksen laadinta\u202f\u202f&nbsp;<\/li>\n<\/ul>\n\n\n\n<ul class=\"wp-block-list\">\n<li>Kest\u00e4v\u00e4 kehitys &amp; ajankohtaista ilmastonmuutoksesta\u202f\u202f&nbsp;<\/li>\n<\/ul>\n\n\n\n<ul class=\"wp-block-list\">\n<li>Asiakaspalvelu, viestint\u00e4, vuorovaikutus ja esiintyminen\u202f\u202f&nbsp;<\/li>\n<\/ul>\n\n\n\n<ul class=\"wp-block-list\">\n<li>Ty\u00f6- ja ymp\u00e4rist\u00f6turvallisuuskortit\u202f\u202f\u202f\u202f&nbsp;<\/li>\n<\/ul>\n\n\n\n<p>Opiskelijoille ohjelma on tutkintoon johtavaa koulutusta. Tavoitteena on opiskelijan osaamisen kehittyminen, ty\u00f6llistymismahdollisuuksien paraneminen sek\u00e4 mahdollinen ty\u00f6llistyminen yhteisty\u00f6yritykseen koulutussopimusjakson p\u00e4\u00e4tteeksi. Opiskelijamme ovat jo kokeneita tai vasta ty\u00f6uransa alkup\u00e4\u00e4ss\u00e4 olevia osaajia eri aloilta.\u202f&nbsp;<\/p>\n\n\n\n<p>Opiskelijat suorittavat <a href=\"https:\/\/eperusteet.opintopolku.fi\/#\/fi\/ammatillinen\/3536453\/tiedot\" target=\"_blank\" rel=\"noreferrer noopener\">\u202fYmp\u00e4rist\u00f6alan ammattitutkinnon<\/a> ymp\u00e4rist\u00f6huollon osaamisalalta.&nbsp;<\/p>\n\n\n\n<p><strong>Esimerkkej\u00e4 aikaisempien koulutusten projekteista<\/strong>&nbsp;<\/p>\n\n\n\n<p>Opiskelijat tekev\u00e4t yhteisty\u00f6organisaation kehitt\u00e4mishankkeen, jonka aihe sovitaan yhdess\u00e4 organisaation kanssa. Aiemmissa koulutuksissa kehitt\u00e4mishankkeet ovat olleet esimerkiksi:\u202f&nbsp;<\/p>\n\n\n\n<ul class=\"wp-block-list\">\n<li>Ekokompassi-alkukartoitus ja ymp\u00e4rist\u00f6ohjelman kokoaminen\u202f&nbsp;<\/li>\n<\/ul>\n\n\n\n<ul class=\"wp-block-list\">\n<li>Asiakkaille pakattavien tuotteiden pakkausmateriaalien v\u00e4hent\u00e4miseen liittyvien ratkaisujen etsiminen\u202f&nbsp;<\/li>\n<\/ul>\n\n\n\n<ul class=\"wp-block-list\">\n<li>Kierr\u00e4tyksen kehitt\u00e4minen ja ohjeistaminen organisaation 20 eri toimipisteess\u00e4\u202f&nbsp;<\/li>\n<\/ul>\n\n\n\n<ul class=\"wp-block-list\">\n<li>Syv\u00e4ker\u00e4yss\u00e4ili\u00f6iden kartoitus, optimointi ja kehitt\u00e4minen sek\u00e4 j\u00e4tehuollon selvitt\u00e4minen ja kehitt\u00e4minen muutamissa kiinteist\u00f6iss\u00e4\u202f&nbsp;<\/li>\n<\/ul>\n\n\n\n<ul class=\"wp-block-list\">\n<li>Logistiikkakeskusten j\u00e4tehuollon kartoittaminen\u202f&nbsp;<\/li>\n<\/ul>\n\n\n\n<ul class=\"wp-block-list\">\n<li>Is\u00e4nn\u00f6intitoimiston taloyhti\u00f6ille tarjoaman neuvonnan kehitt\u00e4minen\u202f&nbsp;<\/li>\n<\/ul>\n\n\n\n<ul class=\"wp-block-list\">\n<li>Museokiinteist\u00f6n j\u00e4tehuollon kartoitus\u202f&nbsp;<\/li>\n<\/ul>\n\n\n\n<ul class=\"wp-block-list\">\n<li>SM-kisojen ymp\u00e4rist\u00f6ohjelman laatiminen\u202f&nbsp;<\/li>\n<\/ul>\n\n\n\n<p><strong>Koulutusohjelman kesto<\/strong>&nbsp;<\/p>\n\n\n\n<p>Seuraava koulutusohjelma k\u00e4ynnistyy lokakuussa 2024 Pirkanmaalla ja sen kesto on n. 8 kuukautta. Ty\u00f6ss\u00e4oppimisen kesto on 6\u20137 kuukautta. Koulutusohjelma jakaantuu organisaatiossanne tapahtuvaan tavoitteelliseen ty\u00f6ss\u00e4oppimiseen ja Syklin j\u00e4rjest\u00e4m\u00e4\u00e4n koulutukseen. P\u00e4ivitt\u00e4inen ty\u00f6aika on l\u00e4ht\u00f6kohtaisesti yrityksen normaalin ty\u00f6p\u00e4iv\u00e4n pituinen. My\u00f6s osa-aikainen ty\u00f6skentely on mahdollista.\u202f\u202f&nbsp;<\/p>\n\n\n\n<p><strong>Koulutussopimus<\/strong>&nbsp;<\/p>\n\n\n\n<p>Koulutussopimus on kirjallinen, m\u00e4\u00e4r\u00e4aikainen sopimus osaamisen hankkimisesta ty\u00f6paikalla k\u00e4yt\u00e4nn\u00f6n ty\u00f6teht\u00e4vien yhteydess\u00e4. Syklin asiantuntijat kulkevat yrityksen rinnalla opintojen ajan. Sykli vastaa siit\u00e4, ett\u00e4 osaamista kertyy suunnitellulla tavalla ja ohjaa opiskelijaa yhteisty\u00f6ss\u00e4 yrityksen edustajan kanssa.\u202f\u00a0<br><br><strong><a href=\"https:\/\/eur02.safelinks.protection.outlook.com\/?url=https%3A%2F%2Fyoutu.be%2FE8rUCCCZMQM&amp;data=05%7C02%7C%7C2d711336e2024c15430d08dcd3e81e19%7Cba786a811f15494e8af9b6050456db10%7C0%7C0%7C638618241094490583%7CUnknown%7CTWFpbGZsb3d8eyJWIjoiMC4wLjAwMDAiLCJQIjoiV2luMzIiLCJBTiI6Ik1haWwiLCJXVCI6Mn0%3D%7C0%7C%7C%7C&amp;sdata=4pcBz5in6N20U5Os99WyyJ5%2Faa96tW%2FW9okJbiU39uk%3D&amp;reserved=0\" target=\"_blank\" rel=\"noreferrer noopener\">Katso 10.9.2024 j\u00e4rjestetyn infotilaisuuden TE-LIVE:n tallenne t\u00e4\u00e4lt\u00e4 >><\/a><\/strong><\/p>\n\n\n<h2>Kysy lis\u00e4\u00e4:<\/h2>\r\n<div class=\"row\">\r\n                                <div class=\"col-md-6\">\r\n                    <div class=\"staff-box\">\r\n                        <div class=\"row\">\r\n                            <div class=\"col-4\">\r\n                                <img loading=\"lazy\" decoding=\"async\" width=\"1697\" height=\"2417\" src=\"https:\/\/sykli.fi\/demo\/wp-content\/uploads\/2024\/02\/Henkilokuva_Virpi_Vuolahti_mv.jpg\" class=\"attachment-post-thumbnail size-post-thumbnail wp-post-image\" alt=\"\" srcset=\"https:\/\/sykli.fi\/demo\/wp-content\/uploads\/2024\/02\/Henkilokuva_Virpi_Vuolahti_mv.jpg 1697w, https:\/\/sykli.fi\/demo\/wp-content\/uploads\/2024\/02\/Henkilokuva_Virpi_Vuolahti_mv-211x300.jpg 211w, https:\/\/sykli.fi\/demo\/wp-content\/uploads\/2024\/02\/Henkilokuva_Virpi_Vuolahti_mv-719x1024.jpg 719w, https:\/\/sykli.fi\/demo\/wp-content\/uploads\/2024\/02\/Henkilokuva_Virpi_Vuolahti_mv-768x1094.jpg 768w, https:\/\/sykli.fi\/demo\/wp-content\/uploads\/2024\/02\/Henkilokuva_Virpi_Vuolahti_mv-1078x1536.jpg 1078w, https:\/\/sykli.fi\/demo\/wp-content\/uploads\/2024\/02\/Henkilokuva_Virpi_Vuolahti_mv-1438x2048.jpg 1438w\" sizes=\"auto, (max-width: 1697px) 100vw, 1697px\" \/>                            <\/div>\r\n                            <div class=\"col-8\">\r\n                                <h3>Virpi Vuolahti<\/h3>\r\n                                Koulutusvastaava                                <ul>\r\n                                    <li><svg xmlns=\"http:\/\/www.w3.org\/2000\/svg\" width=\"16\" height=\"16\" fill=\"currentColor\" class=\"bi bi-telephone-fill\" viewBox=\"0 0 16 16\">\r\n                                <path fill-rule=\"evenodd\" d=\"M1.885.511a1.745 1.745 0 0 1 2.61.163L6.29 2.98c.329.423.445.974.315 1.494l-.547 2.19a.678.678 0 0 0 .178.643l2.457 2.457a.678.678 0 0 0 .644.178l2.189-.547a1.745 1.745 0 0 1 1.494.315l2.306 1.794c.829.645.905 1.87.163 2.611l-1.034 1.034c-.74.74-1.846 1.065-2.877.702a18.634 18.634 0 0 1-7.01-4.42 18.634 18.634 0 0 1-4.42-7.009c-.362-1.03-.037-2.137.703-2.877L1.885.511z\"\/>\r\n                              <\/svg> <a href=\"tel:+358447225939\">044 722 5939<\/a><\/li><li><svg xmlns=\"http:\/\/www.w3.org\/2000\/svg\" width=\"16\" height=\"16\" fill=\"currentColor\" class=\"bi bi-envelope-fill\" viewBox=\"0 0 16 16\">\r\n                                <path d=\"M.05 3.555A2 2 0 0 1 2 2h12a2 2 0 0 1 1.95 1.555L8 8.414.05 3.555ZM0 4.697v7.104l5.803-3.558L0 4.697ZM6.761 8.83l-6.57 4.027A2 2 0 0 0 2 14h12a2 2 0 0 0 1.808-1.144l-6.57-4.027L8 9.586l-1.239-.757Zm3.436-.586L16 11.801V4.697l-5.803 3.546Z\"\/>\r\n                              <\/svg> <a href=\"mailto:virpi.vuolahti@sykli.fi\">virpi.vuolahti@sykli.fi<\/a><\/li>                                <\/ul>\r\n                            <\/div>\r\n                        <\/div>\r\n                    <\/div>\r\n                <\/div>\r\n    <\/div>","protected":false},"excerpt":{"rendered":"<p>T\u00e4ss\u00e4 koulutuksessa opiskelijat hankkivat osaamista ymp\u00e4rist\u00f6- ja kiertotalousalan monipuolisiin k\u00e4yt\u00e4nn\u00f6n teht\u00e4viin. Ty\u00f6t voivat olla esimerkiksi suunnitteluun, neuvontaan, tuotantoon tai k\u00e4yt\u00e4nn\u00f6n [&hellip;]<\/p>\n","protected":false},"author":10,"featured_media":68478,"parent":73433,"menu_order":0,"comment_status":"open","ping_status":"open","template":"","meta":{"_acf_changed":false,"footnotes":""},"class_list":["post-73450","page","type-page","status-publish","has-post-thumbnail","hentry"],"acf":[],"_links":{"self":[{"href":"https:\/\/sykli.fi\/demo\/wp-json\/wp\/v2\/pages\/73450","targetHints":{"allow":["GET"]}}],"collection":[{"href":"https:\/\/sykli.fi\/demo\/wp-json\/wp\/v2\/pages"}],"about":[{"href":"https:\/\/sykli.fi\/demo\/wp-json\/wp\/v2\/types\/page"}],"author":[{"embeddable":true,"href":"https:\/\/sykli.fi\/demo\/wp-json\/wp\/v2\/users\/10"}],"replies":[{"embeddable":true,"href":"https:\/\/sykli.fi\/demo\/wp-json\/wp\/v2\/comments?post=73450"}],"version-history":[{"count":0,"href":"https:\/\/sykli.fi\/demo\/wp-json\/wp\/v2\/pages\/73450\/revisions"}],"up":[{"embeddable":true,"href":"https:\/\/sykli.fi\/demo\/wp-json\/wp\/v2\/pages\/73433"}],"wp:featuredmedia":[{"embeddable":true,"href":"https:\/\/sykli.fi\/demo\/wp-json\/wp\/v2\/media\/68478"}],"wp:attachment":[{"href":"https:\/\/sykli.fi\/demo\/wp-json\/wp\/v2\/media?parent=73450"}],"curies":[{"name":"wp","href":"https:\/\/api.w.org\/{rel}","templated":true}]}}