{"id":73449,"date":"2024-03-04T08:19:47","date_gmt":"2024-03-04T06:19:47","guid":{"rendered":"https:\/\/sykli.fi\/ohjeet-nayttojen-arvioijalle\/"},"modified":"2026-01-20T11:22:48","modified_gmt":"2026-01-20T09:22:48","slug":"ohjeet-nayttojen-arvioijalle","status":"publish","type":"page","link":"https:\/\/sykli.fi\/demo\/tyoelamalle\/ohjeet-tutkinto-opiskelijan-tyossaoppimispaikalle\/ohjeet-nayttojen-arvioijalle\/","title":{"rendered":"Ohjeet n\u00e4ytt\u00f6jen arvioijalle"},"content":{"rendered":"\r\n<section id=\"hero-block_711ff8d993e3755094689eb27f1b72b7\" class=\"hero site-banner section-default default alignfull\">\r\n\r\n    <div class=\"site-banner-bg section-bg-image \" >\r\n\r\n        <img loading=\"lazy\" decoding=\"async\" width=\"1000\" height=\"665\" src=\"https:\/\/sykli.fi\/demo\/wp-content\/uploads\/2023\/04\/shutterstock_199054478-tyopaikkaohjaajalle.jpg\" class=\"attachment-1536\u00d71536 size-1536\u00d71536\" alt=\"Kyltit mets\u00e4ss\u00e4.\" srcset=\"https:\/\/sykli.fi\/demo\/wp-content\/uploads\/2023\/04\/shutterstock_199054478-tyopaikkaohjaajalle.jpg 1000w, https:\/\/sykli.fi\/demo\/wp-content\/uploads\/2023\/04\/shutterstock_199054478-tyopaikkaohjaajalle-300x200.jpg 300w, https:\/\/sykli.fi\/demo\/wp-content\/uploads\/2023\/04\/shutterstock_199054478-tyopaikkaohjaajalle-768x511.jpg 768w\" sizes=\"auto, (max-width: 1000px) 100vw, 1000px\" \/>\r\n        \r\n        \r\n            <div class=\"site-banner-content container\">\r\n                <div class=\"row w-100\">\r\n                    <div class=\"col-md-12\">\r\n                        <div class=\"hero-text-overlay\">\r\n                                                                <h1 class=\"hero-title\">Ohjeet n\u00e4ytt\u00f6jen arvioijalle<\/h1>\r\n                            <div class=\"inner-content\">\r\n                            <div class=\"acf-innerblocks-container\"><\/div>\r\n                        <\/div>                        <\/div>\r\n                    <\/div>\r\n                <\/div>\r\n            <\/div>\r\n\r\n        <\/section>\n\n\n<h2 class=\"wp-block-heading has-medium-font-size\">Osaamisen osoittaminen n\u00e4yt\u00f6ss\u00e4<\/h2>\n\n\n\n<p>Ammatillisessa koulutuksessa tutkinnon osien edellytt\u00e4m\u00e4 ammattitaito ja osaaminen osoitetaan n\u00e4yt\u00f6iss\u00e4 tekem\u00e4ll\u00e4 k\u00e4yt\u00e4nn\u00f6n ty\u00f6teht\u00e4vi\u00e4 aidoissa ty\u00f6tilanteissa ja ty\u00f6prosesseissa. Oppilaitos varmistaa ty\u00f6paikan soveltuvuuden n\u00e4ytt\u00f6jen j\u00e4rjest\u00e4miseen. Opiskelijan osaamisen osoittaminen n\u00e4yt\u00f6iss\u00e4 suunnitellaan yksil\u00f6llisesti tutkinnon osittain. Opiskelijan osaamista arvioivat kaksikantaisesti ty\u00f6el\u00e4m\u00e4n edustaja ja oppilaitoksen edustaja (Syklin kouluttaja).<\/p>\n\n\n\n<p>N\u00e4ytt\u00f6\u00e4 seuraa arviointikeskustelu, jossa arvioidaan opiskelijan osaaminen suhteessa tutkinnon osan\/osien ammattitaitovaatimuksiin ja osaamistavoitteisiin. Osaamisen arviointiasteikko on hyv\u00e4ksytty\/t\u00e4ydennett\u00e4v\u00e4.<\/p>\n\n\n\n<p>Arvioijat kertovat arviointip\u00e4\u00e4t\u00f6ksen tuloksen opiskelijalle ja antava h\u00e4nelle suullisesti palautetta n\u00e4yt\u00f6st\u00e4. My\u00f6s opiskelijaa pyydet\u00e4\u00e4n arvioimaan omaa n\u00e4ytt\u00f6suoritustaan ja kertomaan suullisesti itsearvioinnistaan n\u00e4yt\u00f6n arvioijille.<\/p>\n\n\n\n<h2 class=\"wp-block-heading has-medium-font-size\">Ty\u00f6el\u00e4m\u00e4\u00e4 edustavan arvioijan nime\u00e4minen<\/h2>\n\n\n\n<p>Ty\u00f6el\u00e4m\u00e4ss\u00e4 olevien opiskelijoiden n\u00e4yt\u00f6t arvioi yleens\u00e4 henkil\u00f6 opiskelijan omalta ty\u00f6paikalta. Mik\u00e4li opiskelija opiskelee oppi- tai koulutussopimuskoulutuksessa, yleisimmin arvioijaksi valitaan opiskelijan ty\u00f6paikkaohjaaja. Mik\u00e4li opiskelija opiskelee omaehtoisesti, eik\u00e4 h\u00e4nell\u00e4 ole siten nimetty\u00e4 ty\u00f6paikkaohjaajaa, valitaan arvioijaksi henkil\u00f6, joka tuntee parhaiten ne ty\u00f6teht\u00e4v\u00e4t, joissa opiskelijan osaaminen tullaan n\u00e4ytt\u00e4m\u00e4\u00e4n. Jos opiskelijalla ei ole ty\u00f6paikkaa, nimet\u00e4\u00e4n ty\u00f6el\u00e4m\u00e4\u00e4 edustava arvioija opiskelijan tai Syklin yhteisty\u00f6organisaatiosta.<\/p>\n\n\n\n<p>Opiskelijan osaamista arvioivalla arvioijalla tulee olla ammattitaito ja osaaminen arvioitavaan tutkinnon osaan. Lis\u00e4ksi arvioijan tulee olla perehtynyt osaamisen arviointiin ja arvioimansa tutkinnon perusteisiin. Arvioija ei saa tehd\u00e4 arviointia esteellisen\u00e4. Arvioijan esteellisyys arvioidaan hallintolain 27\u201329 pyk\u00e4li\u00e4 soveltaen. Sykli nime\u00e4\u00e4 arvioijat ja varmistaa, ett\u00e4 arvioijana toimiva ty\u00f6el\u00e4m\u00e4n edustaja on perehtynyt arviointiin.<\/p>\n\n\n\n<h2 class=\"wp-block-heading has-medium-font-size\">Arvioijan valmistautuminen n\u00e4ytt\u00f6\u00f6n<br><\/h2>\n\n\n\n<p>1. <em>Ammattilaisen k\u00e4denj\u00e4lki<\/em> -verkkokurssipalvelusta l\u00f6ytyy ilmainen lyhytkurssi <strong><em>Ty\u00f6paikkaohjaajan ABC-kurssi<\/em><\/strong>. T\u00e4m\u00e4n kurssin <strong>Moduuli 3: N\u00e4yt\u00f6t ja niiden arviointi<\/strong>, koostuu kolmesta selke\u00e4st\u00e4 osa-alueesta: <em>valmistaudu n\u00e4ytt\u00f6\u00f6n, n\u00e4in arvioit n\u00e4yt\u00f6n <\/em>ja<em> n\u00e4yt\u00f6n j\u00e4lkeen. <\/em>Kurssi ei vie paljon aikaasi, mutta antaa sinulle erinomaiset perustiedot arviontiin valmistumiseen. Ennen n\u00e4ytt\u00f6\u00e4 varmistamme, ett\u00e4 hallitset kurssilla kerrotut asiat. P\u00e4\u00e4set rekister\u00f6itym\u00e4\u00e4n kurssille t\u00e4st\u00e4 linkist\u00e4: <a href=\"https:\/\/eur02.safelinks.protection.outlook.com\/?url=https%3A%2F%2Fbit.ly%2Fnayton_arvioijan_ABC_rekisteroidy&amp;data=05%7C02%7C%7C5503cd8d79aa4a7fe86508dc39189542%7Cba786a811f15494e8af9b6050456db10%7C0%7C0%7C638448024949715665%7CUnknown%7CTWFpbGZsb3d8eyJWIjoiMC4wLjAwMDAiLCJQIjoiV2luMzIiLCJBTiI6Ik1haWwiLCJXVCI6Mn0%3D%7C0%7C%7C%7C&amp;sdata=qlA%2BWaHqYvC3lP2R9BInuSs%2BWddo8RYeJKG5TPSdla4%3D&amp;reserved=0\">N\u00e4yt\u00f6n arvioijan ABC<\/a><\/p>\n\n\n\n<p>2. Perehdy opiskelijan sinulle toimittamaan kirjalliseen n\u00e4ytt\u00f6aineistoon (portfolioon) ja osaamisen arvioinnin toteuttamissuunnitelmaan (n\u00e4ytt\u00f6suunnitelmaan) eli mit\u00e4 osaamista opiskelija aikoo n\u00e4ytt\u00e4\u00e4 ja mill\u00e4 tavoilla h\u00e4n sen aikoo tehd\u00e4.<\/p>\n\n\n\n<p>3. Tutustu etuk\u00e4teen suoritettavan\/-ien tutkinnon osien ammattitaitovaatimuksiin tutkinnon perusteissa ja hyv\u00e4ksytyn suorituksen kriteereihin. Peilaa portfoliosta l\u00f6ytyv\u00e4\u00e4 osaamista tutkinnon perusteiden kriteereihin. Kirjaa itsellesi mieleen tulevia kysymyksi\u00e4, joilla haluat varmistaa, onko opiskelijan osaaminen tutkinnon perusteiden mukaista.<br><br><strong>Tutkinnon perusteet:<\/strong><br><a href=\"https:\/\/eperusteet.opintopolku.fi\/#\/fi\/ammatillinen\/6930624\/tiedot\" target=\"_blank\" rel=\"noreferrer noopener\">2020 Ymp\u00e4rist\u00f6alan ammattitutkinto (siirtym\u00e4ajalla)<\/a><\/p>\n\n\n\n<p><a href=\"https:\/\/eperusteet.opintopolku.fi\/#\/fi\/ammatillinen\/9425412\/tiedot\" target=\"_blank\" rel=\"noreferrer noopener\">2025 Ymp\u00e4rist\u00f6alan ammattitutkinto (1.8.2025 alkaen)<\/a><\/p>\n\n\n\n<p><a href=\"https:\/\/eperusteet.opintopolku.fi\/#\/fi\/ammatillinen\/3792067\/tiedot\" target=\"_blank\" rel=\"noreferrer noopener\">2018 Ymp\u00e4rist\u00f6alan erikoisammattitutkinto (siirtym\u00e4ajalla)<\/a><\/p>\n\n\n\n<p><a href=\"https:\/\/eperusteet.opintopolku.fi\/#\/fi\/ammatillinen\/9425413\/tiedot\" target=\"_blank\" rel=\"noreferrer noopener\">2025 Ymp\u00e4rist\u00f6alan erikoisammattitutkinto (1.8.2025 alkaen)<\/a><\/p>\n\n\n\n<p>4. Varaa valmistautumiseen aikaa, sill\u00e4 se nopeuttaa itse n\u00e4ytt\u00f6\u00e4. Kun olet etuk\u00e4teen perehtynyt kriteereihin ja opiskelijan portfolioon, sinun on helppo tehd\u00e4 n\u00e4yt\u00f6ss\u00e4 tarkentavia kysymyksi\u00e4 vakuuttuaksesi opiskelijan osaamisesta.<\/p>\n\n\n\n<p>5. Mik\u00e4li jokin ihmetytt\u00e4\u00e4 tai arveluttaa, ota rohkeasti yhteytt\u00e4 opiskelijan vastuukouluttajaan Sykliss\u00e4 ja k\u00e4y asiaa h\u00e4nen kanssaan l\u00e4pi.<br><br>6. N\u00e4ytt\u00f6p\u00e4iv\u00e4\u00e4n varaa mukaasi pankkitunnukset tai mobiilivarmenne arviointip\u00f6yt\u00e4kirjan s\u00e4hk\u00f6ist\u00e4 allekirjoitusta varten. Ota mukaasi my\u00f6s tutkinnon perusteet.<br><\/p>\n\n\n\n<h2 class=\"wp-block-heading has-medium-font-size\">N\u00e4yt\u00f6n kulku ja arviointi<\/h2>\n\n\n\n<p>Oppilaitosta edustava arvioija (Syklin kouluttaja) varmistaa aluksi, ett\u00e4 ty\u00f6el\u00e4m\u00e4\u00e4 edustava arvioija tiet\u00e4\u00e4 teht\u00e4v\u00e4ns\u00e4 n\u00e4yt\u00f6ss\u00e4 ja osaamisen arvioinnissa.&nbsp; Tarvittaessa Syklin kouluttaja antaa lis\u00e4perehdytyst\u00e4 teht\u00e4v\u00e4\u00e4n.<\/p>\n\n\n\n<p>Opiskelija esittelee tutkinnon perusteiden mukaisen osaamisensa vapaavalintaisella tavalla tutkinnon osittain, tutkinnon osa kerrallaan (kokon\u00e4ytt\u00f6) tai useammassa osassa (osan\u00e4ytt\u00f6). H\u00e4n voi osoittaa osaamistaan aidoissa ty\u00f6teht\u00e4viss\u00e4 ja esitell\u00e4 kirjallista aineistoaan. Koska arvioijat ovat tutustuneet portfolioon etuk\u00e4teen, opiskelijan teht\u00e4v\u00e4n\u00e4 on esitell\u00e4 osaamisensa ydinkohdat. Arvioijat haastattelevat opiskelijaa varmistuakseen tutkinnon perusteiden mukaisesta osaamisesta.<\/p>\n\n\n\n<p>Muista, ett\u00e4 arviointi pohjautuu tutkinnon perusteisiin. N\u00e4yt\u00f6ss\u00e4 ei siis arvioida opiskelijan henkil\u00f6kohtaisia ominaisuuksia vaan ainoastaan sit\u00e4, vastaako h\u00e4nen osaamisensa tutkinnon perusteita. Hyv\u00e4ksyttyyn suoritukseen opiskelija ei saa alittaa tutkinnon ammattitaitovaatimuksia, mutta h\u00e4nen ei my\u00f6sk\u00e4\u00e4n tarvitse ylitt\u00e4\u00e4 niit\u00e4 eli riitt\u00e4\u00e4, ett\u00e4 t\u00e4ytt\u00e4\u00e4 nuo vaatimukset.<\/p>\n\n\n\n<p>Kun opiskelija on esitellyt tutkinnon osien mukaisen osaamisensa, eik\u00e4 arvioijilla ole esitt\u00e4\u00e4 enemp\u00e4\u00e4 kysymyksi\u00e4, pit\u00e4v\u00e4t arvioijat arviointikokouksen ja p\u00e4\u00e4tt\u00e4v\u00e4t yhdess\u00e4 arvioinnin lopputuloksen tutkinnon osittain. Opiskelija ei osallistu arviointikokoukseen.<\/p>\n\n\n\n<p>Arvioinnissa kiinnitet\u00e4\u00e4n huomiota ammattitaitovaatimusten mukaiseen osaamiseen eli kokonaisosaamiseen. Jos jokin ammattitaitovaatimus j\u00e4\u00e4 osoittamatta, tutkinnon osan suoritus j\u00e4\u00e4 kesken, eik\u00e4 sit\u00e4 arvioida hyv\u00e4ksytyksi. T\u00e4ll\u00f6in opiskelijan kanssa sovitaan vaadittavista t\u00e4ydennyksist\u00e4, jonka j\u00e4lkeen arviointi uusitaan. Tarvittaessa j\u00e4rjestet\u00e4\u00e4n opiskelijalle uusi tilaisuus ty\u00f6ymp\u00e4rist\u00f6ss\u00e4 osaamisen osoittamiseen ja arviointiin.<\/p>\n\n\n\n<p>Kun arviointip\u00e4\u00e4t\u00f6s on tehty, opiskelija kutsutaan kertomaan itsearviointinsa ja kuulemaan arviointip\u00e4\u00e4t\u00f6s. Arvioijat antavat my\u00f6s suullisen palautteen opiskelijalle. Lopuksi arvioijat vahvistavat arvioinnin allekirjoittamalla s\u00e4hk\u00f6isesti n\u00e4yt\u00f6n arviointip\u00f6yt\u00e4kirjan. Oppilaitos s\u00e4ilytt\u00e4\u00e4 arviointiaineiston 6 kuukautta arvioinnin toteutusp\u00e4iv\u00e4st\u00e4.<\/p>\n","protected":false},"excerpt":{"rendered":"<p>Osaamisen osoittaminen n\u00e4yt\u00f6ss\u00e4 Ammatillisessa koulutuksessa tutkinnon osien edellytt\u00e4m\u00e4 ammattitaito ja osaaminen osoitetaan n\u00e4yt\u00f6iss\u00e4 tekem\u00e4ll\u00e4 k\u00e4yt\u00e4nn\u00f6n ty\u00f6teht\u00e4vi\u00e4 aidoissa ty\u00f6tilanteissa ja ty\u00f6prosesseissa. [&hellip;]<\/p>\n","protected":false},"author":7,"featured_media":63638,"parent":73458,"menu_order":2,"comment_status":"open","ping_status":"open","template":"","meta":{"_acf_changed":false,"footnotes":""},"class_list":["post-73449","page","type-page","status-publish","has-post-thumbnail","hentry"],"acf":[],"_links":{"self":[{"href":"https:\/\/sykli.fi\/demo\/wp-json\/wp\/v2\/pages\/73449","targetHints":{"allow":["GET"]}}],"collection":[{"href":"https:\/\/sykli.fi\/demo\/wp-json\/wp\/v2\/pages"}],"about":[{"href":"https:\/\/sykli.fi\/demo\/wp-json\/wp\/v2\/types\/page"}],"author":[{"embeddable":true,"href":"https:\/\/sykli.fi\/demo\/wp-json\/wp\/v2\/users\/7"}],"replies":[{"embeddable":true,"href":"https:\/\/sykli.fi\/demo\/wp-json\/wp\/v2\/comments?post=73449"}],"version-history":[{"count":1,"href":"https:\/\/sykli.fi\/demo\/wp-json\/wp\/v2\/pages\/73449\/revisions"}],"predecessor-version":[{"id":73468,"href":"https:\/\/sykli.fi\/demo\/wp-json\/wp\/v2\/pages\/73449\/revisions\/73468"}],"up":[{"embeddable":true,"href":"https:\/\/sykli.fi\/demo\/wp-json\/wp\/v2\/pages\/73458"}],"wp:featuredmedia":[{"embeddable":true,"href":"https:\/\/sykli.fi\/demo\/wp-json\/wp\/v2\/media\/63638"}],"wp:attachment":[{"href":"https:\/\/sykli.fi\/demo\/wp-json\/wp\/v2\/media?parent=73449"}],"curies":[{"name":"wp","href":"https:\/\/api.w.org\/{rel}","templated":true}]}}