{"id":73443,"date":"2023-08-27T12:34:17","date_gmt":"2023-08-27T09:34:17","guid":{"rendered":"https:\/\/sykli.fi\/tyoelamalle\/rekrytoivatpalvelut\/f-e-c-ohjelma\/tulevaisuuden-tekijat-f-e-c-2025-uusimaa\/"},"modified":"2026-01-20T11:22:33","modified_gmt":"2026-01-20T09:22:33","slug":"tulevaisuuden-tekijat-f-e-c-2025-uusimaa","status":"publish","type":"page","link":"https:\/\/sykli.fi\/demo\/tyoelamalle\/rekrytoivatpalvelut\/f-e-c-ohjelma\/tulevaisuuden-tekijat-f-e-c-2025-uusimaa\/","title":{"rendered":"Nuoret tulevaisuuden tekij\u00e4t F.E.C 2025, Uusimaa"},"content":{"rendered":"\n<div class=\"wp-block-group\"><div class=\"wp-block-group__inner-container is-layout-constrained wp-block-group-is-layout-constrained\">\n<div class=\"wp-block-columns is-layout-flex wp-container-core-columns-is-layout-9d6595d7 wp-block-columns-is-layout-flex\">\n<div class=\"wp-block-column is-layout-flow wp-block-column-is-layout-flow\" style=\"flex-basis:100%\">\n<div class=\"wp-block-group\"><div class=\"wp-block-group__inner-container is-layout-constrained wp-block-group-is-layout-constrained\">\r\n<section id=\"hero-block_12f6dc06da2a0bafda224543c8c8d2ef\" class=\"hero site-banner section-default default alignfull\">\r\n\r\n    <div class=\"site-banner-bg section-bg-image \" >\r\n\r\n        <img loading=\"lazy\" decoding=\"async\" width=\"1000\" height=\"471\" src=\"https:\/\/sykli.fi\/demo\/wp-content\/uploads\/2023\/07\/KaakkoisSuomi-1.jpg\" class=\"attachment-1536\u00d71536 size-1536\u00d71536\" alt=\"\" srcset=\"https:\/\/sykli.fi\/demo\/wp-content\/uploads\/2023\/07\/KaakkoisSuomi-1.jpg 1000w, https:\/\/sykli.fi\/demo\/wp-content\/uploads\/2023\/07\/KaakkoisSuomi-1-300x141.jpg 300w, https:\/\/sykli.fi\/demo\/wp-content\/uploads\/2023\/07\/KaakkoisSuomi-1-768x362.jpg 768w\" sizes=\"auto, (max-width: 1000px) 100vw, 1000px\" \/>\r\n        \r\n        \r\n            <div class=\"site-banner-content container\">\r\n                <div class=\"row w-100\">\r\n                    <div class=\"col-md-12\">\r\n                        <div class=\"hero-text-overlay\">\r\n                                                                <h1 class=\"hero-title\">Nuoret tulevaisuuden tekij\u00e4t F.E.C 2025, Uusimaa<\/h1>\r\n                            <div class=\"inner-content\">\r\n                            <div class=\"acf-innerblocks-container\"><\/div>\r\n                        <\/div>                        <\/div>\r\n                    <\/div>\r\n                <\/div>\r\n            <\/div>\r\n\r\n        <\/section><\/div><\/div>\n<\/div>\n<\/div>\n<\/div><\/div>\n\n\n\n<p><strong>Nuoret tulevaisuuden tekij\u00e4t F.E.C k\u00e4ynnistyy lokakuussa 2025 ja mukaan mahtuu 20 organisaatiota.<\/strong><\/p>\n\n\n\n<h3 class=\"wp-block-heading\">Kohti parempaa huomista<\/h3>\n\n\n\n<p>Matka kohti tulevaisuuden yhteiskuntaa edellytt\u00e4\u00e4 uudenlaista osaamista niin asiantuntijoilta kuin yrityksilt\u00e4kin. <strong>Syklin rekrytoiva t\u00e4ydennyskoulutus <\/strong>vastaa t\u00e4h\u00e4n haasteeseen ja <strong>tarjoaa osaamista kest\u00e4v\u00e4n liiketoiminnan eri teemoista sek\u00e4 antaa konkreettisia ty\u00f6kaluja ratkaisujen kehitt\u00e4miseksi.<\/strong><\/p>\n\n\n\n<p>Koulutusohjelma perustuu uusia osaajia etsiv\u00e4n yrityksen ja uutta uraa etsiv\u00e4n ty\u00f6nhakijan yhteisty\u00f6h\u00f6n. Ohjelmassa mukana oleva <strong>yritys tarjoaa ty\u00f6ss\u00e4oppimispaikan<\/strong> ja saa korkeakoulutetun osaajan ty\u00f6panoksen k\u00e4ytt\u00f6\u00f6n noin puolen vuoden ajaksi. <\/p>\n\n\n\n<p>Koulutukseen hakijat ovat ty\u00f6uransa alussa olevia tekniikan, luonnontieteiden, ymp\u00e4rist\u00f6- ja yhteiskuntatieteiden sek\u00e4 kaupan- tai viestinn\u00e4nalan osaajia. Koulutus on suunnattu ammatti- tai tiedekorkeakoulututkinnon \u00e4skett\u00e4in suorittaneille alle 30-vuotiaille ty\u00f6nhakijoille.<\/p>\n\n\n\n<p>Koulutus toteutetaan F.E.C-koulutusmallilla siten, ett\u00e4 <strong>koulutuksen kokonaiskesto on 120 arkip\u00e4iv\u00e4\u00e4 (noin kuusi kuukautta)<\/strong>, mist\u00e4 20 p\u00e4iv\u00e4\u00e4 on Syklin toteuttamaa tietopuolista opiskelua ja 100 p\u00e4iv\u00e4\u00e4 ty\u00f6ss\u00e4oppimista. T\u00e4m\u00e4n lis\u00e4ksi koulutuksessa on loma 23.12.2025.-2.1.2026.<\/p>\n\n\n\n<p>Aiemmat Syklin F.E.C -opiskelijat ovat ty\u00f6llistyneet esimerkiksi erilaisiin viestint\u00e4\u00e4n, laatujohtamiseen ja vastuullisuuteen liittyviin asiantuntijatason teht\u00e4viin.<\/p>\n\n\n\n<h5 class=\"wp-block-heading\">Miksi mukaan?<\/h5>\n\n\n\n<ul class=\"wp-block-list\">\n<li>Yritys saa resursseja ja osaamista kohdennettuun tarpeeseen.<\/li>\n\n\n\n<li>Mahdollisuus tutustua uuteen ty\u00f6ntekij\u00e4\u00e4n normaalia pidemm\u00e4n koeajan puitteissa ilman ty\u00f6nantaja- ja palkan-maksuvelvoitetta koulutusajalta.<\/li>\n\n\n\n<li>Mahdollisuus riskitt\u00f6m\u00e4mp\u00e4\u00e4n rekrytointiin koulutuksen p\u00e4\u00e4tytty\u00e4.<\/li>\n<\/ul>\n\n\n\n<p>Koulutukseen sis\u00e4ltyy osaajan yhteisty\u00f6yritykselle laatima ty\u00f6 liittyen esimerkiksi kiertotalouteen tai muuhun yrityksen kehitt\u00e4mistarpeeseen. Yritys ja osaaja m\u00e4\u00e4rittelev\u00e4t yhdess\u00e4 ty\u00f6teht\u00e4v\u00e4t, jotka vastaavat yrityksen tarpeisiin ja tukevat osaajan kehittymist\u00e4. <\/p>\n\n\n\n<h5 class=\"wp-block-heading\">Koulutuksen sis\u00e4lt\u00f6<\/h5>\n\n\n\n<p>Koulutuksessa tutustutaan esimerkiksi seuraaviin teemoihin:<\/p>\n\n\n\n<ul class=\"wp-block-list\">\n<li>kest\u00e4v\u00e4n liiketoiminnan eri osa-alueet (myynti, markkinointi ja yritystalous)<\/li>\n\n\n\n<li>projektiosaaminen (P5\u2122 Standard for Sustainability in Project Management, suunnittelu, toteutus ja raportointi)<\/li>\n\n\n\n<li>tiedolla johtaminen (AI ja data-analyysi)<\/li>\n\n\n\n<li>viestint\u00e4 ja vastuullisuusraportointi<\/li>\n\n\n\n<li>vihre\u00e4 siirtym\u00e4 (kiertotalous ja v\u00e4h\u00e4hiilisyys, hiilijalanj\u00e4ljen laskenta)<\/li>\n<\/ul>\n\n\n\n<h5 class=\"wp-block-heading\">Kustannukset<\/h5>\n\n\n\n<p>Yrityksell\u00e4 ei ole ty\u00f6nantaja- eik\u00e4 palkanmaksuvelvoitetta koulutusajalta. Yritys osallistuu ainoastaan opiskelijan koulutuskustannuksiin yhteens\u00e4 8 000 eurolla (+ alv 25,5%) koko puolen vuoden ohjelman ajalta.<\/p>\n\n\n\n<p><\/p>\n\n\n\n<h5 class=\"wp-block-heading\">Miten mukaan?<\/h5>\n\n\n\n<p>Nuoret tulevaisuuden tekij\u00e4t F.E.C k\u00e4ynnistyy lokakuussa 2025 ja mukaan mahtuu 20 organisaatiota. Yhteisty\u00f6yritysten haku on nyt k\u00e4ynniss\u00e4.<\/p>\n\n\n<h2>Ota yhteytt\u00e4 niin keskustellaan yhteisty\u00f6st\u00e4!<\/h2>\r\n<div class=\"row\">\r\n                                <div class=\"col-md-6\">\r\n                    <div class=\"staff-box\">\r\n                        <div class=\"row\">\r\n                            <div class=\"col-4\">\r\n                                <img loading=\"lazy\" decoding=\"async\" width=\"1280\" height=\"1920\" src=\"https:\/\/sykli.fi\/demo\/wp-content\/uploads\/2022\/09\/tom-ylonen-kuva-002-nttiin-scaled-1.jpg\" class=\"attachment-post-thumbnail size-post-thumbnail wp-post-image\" alt=\"\" srcset=\"https:\/\/sykli.fi\/demo\/wp-content\/uploads\/2022\/09\/tom-ylonen-kuva-002-nttiin-scaled-1.jpg 1280w, https:\/\/sykli.fi\/demo\/wp-content\/uploads\/2022\/09\/tom-ylonen-kuva-002-nttiin-scaled-1-200x300.jpg 200w, https:\/\/sykli.fi\/demo\/wp-content\/uploads\/2022\/09\/tom-ylonen-kuva-002-nttiin-scaled-1-683x1024.jpg 683w, https:\/\/sykli.fi\/demo\/wp-content\/uploads\/2022\/09\/tom-ylonen-kuva-002-nttiin-scaled-1-768x1152.jpg 768w, https:\/\/sykli.fi\/demo\/wp-content\/uploads\/2022\/09\/tom-ylonen-kuva-002-nttiin-scaled-1-1024x1536.jpg 1024w\" sizes=\"auto, (max-width: 1280px) 100vw, 1280px\" \/>                            <\/div>\r\n                            <div class=\"col-8\">\r\n                                <h3>Tom Yl\u00f6nen<\/h3>\r\n                                Asiantuntija, ty\u00f6el\u00e4m\u00e4palvelut                                <ul>\r\n                                    <li><svg xmlns=\"http:\/\/www.w3.org\/2000\/svg\" width=\"16\" height=\"16\" fill=\"currentColor\" class=\"bi bi-telephone-fill\" viewBox=\"0 0 16 16\">\r\n                                <path fill-rule=\"evenodd\" d=\"M1.885.511a1.745 1.745 0 0 1 2.61.163L6.29 2.98c.329.423.445.974.315 1.494l-.547 2.19a.678.678 0 0 0 .178.643l2.457 2.457a.678.678 0 0 0 .644.178l2.189-.547a1.745 1.745 0 0 1 1.494.315l2.306 1.794c.829.645.905 1.87.163 2.611l-1.034 1.034c-.74.74-1.846 1.065-2.877.702a18.634 18.634 0 0 1-7.01-4.42 18.634 18.634 0 0 1-4.42-7.009c-.362-1.03-.037-2.137.703-2.877L1.885.511z\"\/>\r\n                              <\/svg> <a href=\"tel:+358447225933\">044 722 5933<\/a><\/li><li><svg xmlns=\"http:\/\/www.w3.org\/2000\/svg\" width=\"16\" height=\"16\" fill=\"currentColor\" class=\"bi bi-envelope-fill\" viewBox=\"0 0 16 16\">\r\n                                <path d=\"M.05 3.555A2 2 0 0 1 2 2h12a2 2 0 0 1 1.95 1.555L8 8.414.05 3.555ZM0 4.697v7.104l5.803-3.558L0 4.697ZM6.761 8.83l-6.57 4.027A2 2 0 0 0 2 14h12a2 2 0 0 0 1.808-1.144l-6.57-4.027L8 9.586l-1.239-.757Zm3.436-.586L16 11.801V4.697l-5.803 3.546Z\"\/>\r\n                              <\/svg> <a href=\"mailto:tom.ylonen@sykli.fi\">tom.ylonen@sykli.fi<\/a><\/li>                                <\/ul>\r\n                            <\/div>\r\n                        <\/div>\r\n                    <\/div>\r\n                <\/div>\r\n    <\/div>\n\n\n<p><\/p>\n\n\n\n<p><em>*F.E.C-ohjelma (Further Educated with Companies) on ty\u00f6voimakoulutusta, joka toteutetaan yhteisty\u00f6ss\u00e4 ty\u00f6voimaviranomaisten kanssa. Ohjelma on suunnattu korkeakoulutetuille ty\u00f6nhakijoille. Organisaatiolla ei ole rekrytointivelvoitetta. Tavoitteena kuitenkin on uusien ty\u00f6paikkojen l\u00f6ytyminen ja ty\u00f6nhakijoiden ty\u00f6llistyminen.<\/em><\/p>\n\n\n\n<div class=\"wp-block-group\"><div class=\"wp-block-group__inner-container is-layout-constrained wp-block-group-is-layout-constrained\">\n<p>Ohjelma toteutetaan yhteisty\u00f6ss\u00e4 Helsingin ty\u00f6voimaviranomaisten kanssa.<\/p>\n\n\n\n<p><\/p>\n\n\n\n<figure class=\"wp-block-table\"><table class=\"has-fixed-layout\"><tbody><tr><td><img loading=\"lazy\" decoding=\"async\" width=\"150\" height=\"84\" class=\"wp-image-70634\" style=\"width: 150px;\" src=\"https:\/\/sykli.fi\/demo\/wp-content\/uploads\/2026\/01\/Helsinki_kehystunnus_musta_pdf.png\" alt=\"\"><\/td><td><img loading=\"lazy\" decoding=\"async\" width=\"160\" height=\"69\" class=\"wp-image-70636\" style=\"width: 160px;\" src=\"https:\/\/sykli.fi\/demo\/wp-content\/uploads\/2026\/01\/tyomarkkinatori.png\" alt=\"\"><\/td><td><img loading=\"lazy\" decoding=\"async\" width=\"110\" height=\"95\" class=\"wp-image-70639\" style=\"width: 110px;\" src=\"https:\/\/sykli.fi\/demo\/wp-content\/uploads\/2026\/01\/Fec-logo.png\" alt=\"\"><\/td><\/tr><\/tbody><\/table><\/figure>\n\n\n\n<p><\/p>\n<\/div><\/div>\n","protected":false},"excerpt":{"rendered":"<p>Nuoret tulevaisuuden tekij\u00e4t F.E.C k\u00e4ynnistyy lokakuussa 2025 ja mukaan mahtuu 20 organisaatiota. Kohti parempaa huomista Matka kohti tulevaisuuden yhteiskuntaa edellytt\u00e4\u00e4 [&hellip;]<\/p>\n","protected":false},"author":14,"featured_media":64713,"parent":73434,"menu_order":0,"comment_status":"open","ping_status":"open","template":"","meta":{"_acf_changed":false,"footnotes":""},"class_list":["post-73443","page","type-page","status-publish","has-post-thumbnail","hentry"],"acf":[],"_links":{"self":[{"href":"https:\/\/sykli.fi\/demo\/wp-json\/wp\/v2\/pages\/73443","targetHints":{"allow":["GET"]}}],"collection":[{"href":"https:\/\/sykli.fi\/demo\/wp-json\/wp\/v2\/pages"}],"about":[{"href":"https:\/\/sykli.fi\/demo\/wp-json\/wp\/v2\/types\/page"}],"author":[{"embeddable":true,"href":"https:\/\/sykli.fi\/demo\/wp-json\/wp\/v2\/users\/14"}],"replies":[{"embeddable":true,"href":"https:\/\/sykli.fi\/demo\/wp-json\/wp\/v2\/comments?post=73443"}],"version-history":[{"count":1,"href":"https:\/\/sykli.fi\/demo\/wp-json\/wp\/v2\/pages\/73443\/revisions"}],"predecessor-version":[{"id":73447,"href":"https:\/\/sykli.fi\/demo\/wp-json\/wp\/v2\/pages\/73443\/revisions\/73447"}],"up":[{"embeddable":true,"href":"https:\/\/sykli.fi\/demo\/wp-json\/wp\/v2\/pages\/73434"}],"wp:featuredmedia":[{"embeddable":true,"href":"https:\/\/sykli.fi\/demo\/wp-json\/wp\/v2\/media\/64713"}],"wp:attachment":[{"href":"https:\/\/sykli.fi\/demo\/wp-json\/wp\/v2\/media?parent=73443"}],"curies":[{"name":"wp","href":"https:\/\/api.w.org\/{rel}","templated":true}]}}