{"id":73437,"date":"2023-01-25T13:05:16","date_gmt":"2023-01-25T11:05:16","guid":{"rendered":"https:\/\/sykli.fi\/tyoelamassa-oppiminen\/"},"modified":"2026-01-20T11:22:48","modified_gmt":"2026-01-20T09:22:48","slug":"tyoelamassa-oppiminen","status":"publish","type":"page","link":"https:\/\/sykli.fi\/demo\/tyoelamalle\/ohjeet-tutkinto-opiskelijan-tyossaoppimispaikalle\/tyoelamassa-oppiminen\/","title":{"rendered":"Ty\u00f6el\u00e4m\u00e4ss\u00e4 oppiminen"},"content":{"rendered":"\r\n<section id=\"hero-block_28571086735ae4b43f4f77f8c50bd15c\" class=\"hero site-banner section-default default alignfull\">\r\n\r\n    <div class=\"site-banner-bg section-bg-image \" >\r\n\r\n        <img loading=\"lazy\" decoding=\"async\" width=\"1000\" height=\"667\" src=\"https:\/\/sykli.fi\/demo\/wp-content\/uploads\/2023\/04\/shutterstock_310507343-tyoelamassa-oppiminen.jpg\" class=\"attachment-1536\u00d71536 size-1536\u00d71536\" alt=\"Kirjoja puiston penkill\u00e4.\" srcset=\"https:\/\/sykli.fi\/demo\/wp-content\/uploads\/2023\/04\/shutterstock_310507343-tyoelamassa-oppiminen.jpg 1000w, https:\/\/sykli.fi\/demo\/wp-content\/uploads\/2023\/04\/shutterstock_310507343-tyoelamassa-oppiminen-300x200.jpg 300w, https:\/\/sykli.fi\/demo\/wp-content\/uploads\/2023\/04\/shutterstock_310507343-tyoelamassa-oppiminen-768x512.jpg 768w\" sizes=\"auto, (max-width: 1000px) 100vw, 1000px\" \/>\r\n        \r\n        \r\n            <div class=\"site-banner-content container\">\r\n                <div class=\"row w-100\">\r\n                    <div class=\"col-md-12\">\r\n                        <div class=\"hero-text-overlay\">\r\n                                                                <h1 class=\"hero-title\">Ty\u00f6el\u00e4m\u00e4ss\u00e4 oppiminen<\/h1>\r\n                            <div class=\"inner-content\">\r\n                            <div class=\"acf-innerblocks-container\"><\/div>\r\n                        <\/div>                        <\/div>\r\n                    <\/div>\r\n                <\/div>\r\n            <\/div>\r\n\r\n        <\/section>\n\n\n<p class=\"has-medium-font-size\"><strong>T\u00e4ll\u00e4 sivulla<\/strong><\/p>\n\n\n\n<ul class=\"wp-block-list\">\n<li><a href=\"#oppisopimuskoulutus\" data-type=\"internal\" data-id=\"#oppisopimuskoulutus\">Oppisopimuskoulutus<\/a><\/li>\n\n\n\n<li><a href=\"#ty\u00f6nantajan-edustajan-ja-ty\u00f6paikkaohjaajan-teht\u00e4v\u00e4t\" data-type=\"internal\" data-id=\"#ty\u00f6nantajan-edustajan-ja-ty\u00f6paikkaohjaajan-teht\u00e4v\u00e4t\">Ty\u00f6nantajan edustajan ja ty\u00f6paikkaohjaajan teht\u00e4v\u00e4t<\/a><\/li>\n\n\n\n<li><a href=\"#muut-koulutusvaihtoehdot\" data-type=\"internal\" data-id=\"#muut-koulutusvaihtoehdot\">Muut koulutusvaihtoehdot<\/a><\/li>\n<\/ul>\n\n\n\n<p>Ty\u00f6paikalla k\u00e4yt\u00e4nn\u00f6n ty\u00f6teht\u00e4vien yhteydess\u00e4 j\u00e4rjestett\u00e4v\u00e4\u00e4 koulutusta kutsutaan ty\u00f6el\u00e4m\u00e4ss\u00e4 oppimiseksi. SYKLI tarjoaa tutkintokoulutusta, joka voidaan suorittaa omalla ty\u00f6paikalla, ty\u00f6n ohessa oppisopimuskoulutuksena. <br>J\u00e4rjest\u00e4mme my\u00f6s ty\u00f6voimakoulutuksena tutkintoon valmistavaa koulutusta, jossa ty\u00f6el\u00e4m\u00e4ss\u00e4 oppimisesta sovitaan koulutussopimuksella. Koulutus kest\u00e4\u00e4 noin 1\u22121,5 vuotta. Opiskelijalle nimet\u00e4\u00e4n ty\u00f6paikalta vastuullinen ty\u00f6paikkaohjaaja, joka vastaa ty\u00f6ss\u00e4oppimisen toteutumisesta ja arvioi opiskelijan ty\u00f6paikallanne antamat tutkinnon suorittamiseen liittyv\u00e4t n\u00e4yt\u00f6t yhdess\u00e4 Syklin kouluttajan kanssa. Opiskelijalle laaditaan yhdess\u00e4 Syklin kouluttajan ja ty\u00f6paikkaohjaajan kanssa henkil\u00f6kohtainen osaamisen kehitt\u00e4missuunnitelma (HOKS), jonka mukaisesti opiskelija osallistuu Syklin j\u00e4rjest\u00e4miin l\u00e4hiopetusp\u00e4iviin, joissa opiskelija saa tutkinnon ammattitaitovaatimusten mukaisesti tietopuolisen koulutuksen.&nbsp;<\/p>\n\n\n\n<p><em><strong>Ymp\u00e4rist\u00f6alan ammattitutkinto<\/strong><\/em> (150 osaamispistett\u00e4) on tarkoitettu henkil\u00f6ille, jotka ty\u00f6skentelev\u00e4t ymp\u00e4rist\u00f6- tai vesihuoltoon liittyviss\u00e4 teht\u00e4viss\u00e4. Tutkinto edellytt\u00e4\u00e4 aikaisempaa ammatillista koulutusta ja\/tai ty\u00f6teht\u00e4viss\u00e4 hankittua osaamista.&nbsp;<\/p>\n\n\n\n<p>Tutustu tutkinnonperusteisiin: <a href=\"https:\/\/eperusteet.opintopolku.fi\/#\/fi\/ammatillinen\/6930624\/tiedot\" data-type=\"URL\" data-id=\"https:\/\/eperusteet.opintopolku.fi\/#\/fi\/ammatillinen\/6930624\/tiedot\" target=\"_blank\" rel=\"noreferrer noopener\">Ymp\u00e4rist\u00f6alan ammattitutkinto<\/a><\/p>\n\n\n\n<p><em><strong>Ymp\u00e4rist\u00f6alan erikoisammattitutkinto<\/strong><\/em> (180 osaamispistett\u00e4) on tarkoitettu henkil\u00f6ille, jotka ty\u00f6skentelev\u00e4t asiantuntijateht\u00e4viss\u00e4, ty\u00f6njohdollisissa teht\u00e4viss\u00e4, kasvatus\/opetusteht\u00e4viss\u00e4 tai alalla yritt\u00e4jin\u00e4. Tutkinto edellytt\u00e4\u00e4 aikaisempaa ammatti- tai korkeakoulututkintoa ja\/tai ty\u00f6teht\u00e4viss\u00e4 hankittua osaamista.&nbsp;<\/p>\n\n\n\n<p>Tutustu tutkinnonperusteisiin: <a href=\"https:\/\/eperusteet.opintopolku.fi\/#\/fi\/ammatillinen\/3792067\/tiedot\" data-type=\"URL\" data-id=\"https:\/\/eperusteet.opintopolku.fi\/#\/fi\/ammatillinen\/3792067\/tiedot\" target=\"_blank\" rel=\"noreferrer noopener\">Ymp\u00e4rist\u00f6alan erikoisammattitutkinto<\/a><\/p>\n\n\n\n<p>Tutkintokoulutus j\u00e4rjestet\u00e4\u00e4n julkisella valtion rahoituksella, jolloin opiskelijalle itselleen j\u00e4\u00e4 maksettavaksi ainoastaan oppilaitoksen perim\u00e4 opiskelijamaksu. Yritykselle oppisopimuskoulutus on ilmainen.&nbsp;<\/p>\n\n\n\n<p>Rahoituksen valintaan saat tarvittaessa apua Syklin tutkintosihteerilt\u00e4: <a rel=\"noreferrer noopener\" href=\"mailto:sanna.sachse@sykli.fi\" target=\"_blank\">sanna.sachse@sykli.fi<\/a> tai Syklin oppisopimusten koulutustarkastajalta: <a href=\"mailto:kirsi.kalminen@sykli.fi\">kirsi.kalminen@sykli.fi<\/a><\/p>\n\n\n\n<hr class=\"wp-block-separator has-alpha-channel-opacity\"\/>\n\n\n\n<h2 class=\"wp-block-heading\" id=\"oppisopimuskoulutus\">Oppisopimuskoulutus<\/h2>\n\n\n\n<p>Oppisopimuskoulutus yhdist\u00e4\u00e4 ty\u00f6nteon ja opiskelun. Oppisopimus on ensisijainen koulutusmuoto ty\u00f6ss\u00e4 oleville opiskelijoille. Ty\u00f6nantaja, opiskelija ja oppilaitos solmivat oppisopimuksen, joka on samalla m\u00e4\u00e4r\u00e4aikainen ty\u00f6sopimus. My\u00f6s toistaiseksi voimassa olevaan ty\u00f6suhteeseen, virkasuhteeseen tai yritt\u00e4j\u00e4n\u00e4 toimivalle voidaan solmia oppisopimus, joka ei muuta ty\u00f6- tai virkasopimuksen ehtoja. Oppisopimuksen aikana opiskelija ty\u00f6skentelee p\u00e4\u00e4toimisesti (v\u00e4hint\u00e4\u00e4n 25 h\/vko) ja ty\u00f6nantaja maksaa opiskelijalle palkkaa ty\u00f6ehtosopimuksen mukaisesti.&nbsp;&nbsp;<\/p>\n\n\n\n<p>Suurin osa opiskelusta ja oppimisesta tapahtuu ty\u00f6paikalla ty\u00f6t\u00e4 tehden. Ty\u00f6teht\u00e4vien on oltava riitt\u00e4v\u00e4n monipuolisia, jotta opiskelija saa uutta tai syvemp\u00e4\u00e4 osaamista. Ty\u00f6teht\u00e4vien on my\u00f6s oltava suoritettavan tutkinnon perusteiden mukaisia. Ty\u00f6paikalla j\u00e4rjestett\u00e4v\u00e4\u00e4 koulutusta t\u00e4ydennet\u00e4\u00e4n Sykliss\u00e4 monimuoto-opiskeluna eli l\u00e4hiopetusp\u00e4ivin\u00e4 ja verkko-oppimisena Moodlessa.&nbsp;<\/p>\n\n\n\n<p class=\"has-medium-font-size\"><strong>Oppisopimuksen osapuolet<\/strong>&nbsp;<\/p>\n\n\n\n<p><strong>Ty\u00f6nantaja<\/strong>&nbsp;<\/p>\n\n\n\n<ul class=\"wp-block-list\">\n<li>suunnittelee ja mahdollistaa opiskelijan opiskeluohjelman eli kehitt\u00e4missuunnitelman (HOKS) mukaiset ty\u00f6teht\u00e4v\u00e4t&nbsp;<\/li>\n\n\n\n<li>nime\u00e4\u00e4 opiskelijalle ty\u00f6paikkaohjaajan sek\u00e4 muut oppimista ohjaavat henkil\u00f6t, joilla on valmiudet ja resurssit ohjausteht\u00e4v\u00e4n hoitamiseen&nbsp;<\/li>\n\n\n\n<li>esitt\u00e4\u00e4 ty\u00f6paikan edustajan n\u00e4yt\u00f6n arvioijaksi&nbsp;<\/li>\n<\/ul>\n\n\n\n<p><strong>Vastuullinen ty\u00f6paikkaohjaaja<\/strong>&nbsp;<\/p>\n\n\n\n<ul class=\"wp-block-list\">\n<li>ohjaa opiskelijaa ja huolehtii opiskelijan perehdytyksest\u00e4 ja ty\u00f6paikalla oppimisessa&nbsp;<\/li>\n\n\n\n<li>antaa palautetta opiskelijan osaamisen kehittymisest\u00e4&nbsp;<\/li>\n\n\n\n<li>osallistuu n\u00e4yt\u00f6n suunnitteluun, toteutukseen ja arviointiin&nbsp;<\/li>\n<\/ul>\n\n\n\n<p><strong>SYKLI<\/strong>&nbsp;<\/p>\n\n\n\n<ul class=\"wp-block-list\">\n<li>vastaa yhdess\u00e4 ty\u00f6paikan ja opiskelijan kanssa henkil\u00f6kohtaistamissuunnitelman (HOKS) laadinnasta&nbsp;<\/li>\n\n\n\n<li>j\u00e4rjest\u00e4\u00e4 teoriaopinnot&nbsp;<\/li>\n\n\n\n<li>ohjaa opiskelijaa tutkinnon suorittamisen suunnittelussa&nbsp;<\/li>\n\n\n\n<li>huolehtii, ett\u00e4 ty\u00f6paikkaohjaajan ohjausosaaminen varmistetaan, ja antaa tarvittavat tiedot opis-kelijan l\u00e4ht\u00f6tilanteesta&nbsp;<\/li>\n\n\n\n<li>tukee oppisopimusty\u00f6paikkaa oppisopimuksen ja n\u00e4ytt\u00f6jen toteuttamisessa&nbsp;<\/li>\n<\/ul>\n\n\n\n<p><strong>Opiskelija<\/strong>&nbsp;<\/p>\n\n\n\n<ul class=\"wp-block-list\">\n<li>osallistuu oman HOKSin laadintaan ty\u00f6paikalla j\u00e4rjestett\u00e4v\u00e4n koulutuksen eli ty\u00f6ss\u00e4oppimisen osalta&nbsp;<\/li>\n\n\n\n<li>tekee HOKSin tavoitteiden mukaisia ty\u00f6teht\u00e4vi\u00e4 ty\u00f6paikalla ty\u00f6nantajan johdon, valvonnan ja ohjauksen alaisena<\/li>\n\n\n\n<li>noudattaa ty\u00f6paikan ty\u00f6turvallisuusm\u00e4\u00e4r\u00e4yksi\u00e4 ja sovittuja ty\u00f6aikoja sek\u00e4 muita m\u00e4\u00e4r\u00e4yksi\u00e4&nbsp;<\/li>\n\n\n\n<li>osallistuu HOKSissa sovittuun muuhun ohjattuun osaamisen hankkimiseen Syklin l\u00e4hip\u00e4iviss\u00e4 ja verkko-opintoina Moodlessa&nbsp;<\/li>\n\n\n\n<li>suunnittelee n\u00e4yt\u00f6t, osallistuu niihin ja arvioi osaamisensa&nbsp;<\/li>\n\n\n\n<li>antaa Opetushallitukselle Amis-palautteen kaksi kertaa opintojensa aikana&nbsp;<\/li>\n<\/ul>\n\n\n\n<p><strong>Yritt\u00e4j\u00e4n oppisopimuskoulutus<\/strong> perustuu koulutuksen j\u00e4rjest\u00e4j\u00e4n Suomen ymp\u00e4rist\u00f6opisto Syklin ja yritt\u00e4j\u00e4n v\u00e4liseen koulutussopimukseen. Oppisopimuskoulutus sopii mm. yritt\u00e4j\u00e4n oman ammatillisen osaamisen laajentamiseen ja yritystoiminnan kehitt\u00e4miseen sek\u00e4 sukupolvenvaihdoksen tukemiseen. Yritt\u00e4j\u00e4n oppisopimuskoulutukseen sovelletaan samoja ohjeita, s\u00e4\u00e4nn\u00f6ksi\u00e4 ja m\u00e4\u00e4r\u00e4yksi\u00e4 kuin muuhunkin oppisopimuskoulutukseen lukuun ottamatta ty\u00f6suhteeseen liittyv\u00e4\u00e4 lains\u00e4\u00e4d\u00e4nt\u00f6\u00e4. Yritt\u00e4j\u00e4n mentorina toimii esim. toinen saman alan yritt\u00e4j\u00e4.<\/p>\n\n\n\n<div class=\"wp-block-buttons is-layout-flex wp-block-buttons-is-layout-flex\">\n<div class=\"wp-block-button\"><a class=\"wp-block-button__link wp-element-button\" href=\"https:\/\/sykli.fi\/demo\/demo\/\/opiskelijalle\/oppisopimuskoulutus\/\" target=\"_blank\" rel=\"noreferrer noopener\">Tutustu tarkemmin oppisopimukseen<\/a><\/div>\n<\/div>\n\n\n\n<hr class=\"wp-block-separator has-alpha-channel-opacity\"\/>\n\n\n\n<h3 class=\"wp-block-heading\" id=\"ty\u00f6nantajan-edustajan-ja-ty\u00f6paikkaohjaajan-teht\u00e4v\u00e4t\">Ty\u00f6nantajan edustajan ja ty\u00f6paikkaohjaajan teht\u00e4v\u00e4t&nbsp;<\/h3>\n\n\n\n<p><br><strong>Ty\u00f6nantajan edustaja<\/strong>\u00a0<br>Ty\u00f6nantajan edustajaksi oppi- tai koulutussopimukseen nimet\u00e4\u00e4n henkil\u00f6, joka vastaa oppisopimusopiskelijan ty\u00f6skentely-yksik\u00f6st\u00e4 esihenkil\u00f6tasolla ja joka allekirjoittaa oppisopimuksen (voi olla sama henkil\u00f6 kuin ty\u00f6paikkaohjaaja). Ty\u00f6nantajan edustaja sitoutuu vastaamaan Opetushallituksen <strong><em>ty\u00f6paikkakyselyyn<\/em><\/strong>, oppisopimuksen p\u00e4\u00e4tytty\u00e4. Palautekyselyss\u00e4 arvioidaan oppilaitoksen toimintaa oppisopimuskoulutuksen j\u00e4rjest\u00e4j\u00e4n\u00e4.\u00a0<br>\u00a0<br><strong>Ty\u00f6paikkaohjaaja<\/strong>\u00a0<br>Oppisopimuskoulutuksessa noin 80 prosenttia oppimisesta tapahtuu ty\u00f6paikalla ty\u00f6t\u00e4 tehden. Jokaiselle oppi- tai koulutussopimusopiskelijalle nimet\u00e4\u00e4n vastuunalainen ty\u00f6paikkaohjaaja, joka vastaa opiskelijan ty\u00f6ss\u00e4oppimisen suunnittelusta, toteuttamisesta sek\u00e4 antaa palautetta opiskelijan osaamisen kehittymisest\u00e4 ja oppilaitoksen toiminnasta. \u00a0<br>\u00a0<br>Ty\u00f6paikkaohjaajana voi toimia esim. ty\u00f6ntekij\u00e4n esihenkil\u00f6 tai kokenut ty\u00f6kaveri, jolla on tosiasiallinen mahdollisuus, hyv\u00e4 ammattitaito ja kyky ohjata ty\u00f6ss\u00e4 oppimisessa, ja muissa opinnoissa. Ty\u00f6paikkaohjaaja osallistuu opiskelijan n\u00e4ytt\u00f6jen arviointiin. Ty\u00f6paikkaohjaaja sitoutuu my\u00f6s vastaamaan Opetushallituksen <strong><em>ty\u00f6paikkaohjaajakyselyyn<\/em><\/strong> tutkinnon osittain, oppisopimuksen p\u00e4\u00e4ttyess\u00e4. Palautekyselyss\u00e4 arvioidaan oppilaitoksen toimintaa opiskelijan oppisopimuskoulutuksessa. \u00a0<br>\u00a0<br>Yritt\u00e4j\u00e4n omassa oppisopimuksessa mentorina voi toimia esim. toinen yritt\u00e4j\u00e4.<\/p>\n\n\n\n<div class=\"wp-block-buttons is-layout-flex wp-block-buttons-is-layout-flex\">\n<div class=\"wp-block-button\"><a class=\"wp-block-button__link wp-element-button\" href=\"https:\/\/sykli.fi\/demo\/demo\/\/tyoelamalle\/tyopaikkaohjaajalle\/\" target=\"_blank\" rel=\"noreferrer noopener\">Tietoa ty\u00f6paikkaohjaajalle<\/a><\/div>\n<\/div>\n\n\n\n<p><strong>Oppisopimuksen muutokset<\/strong>&nbsp;<br>Oppisopimusta voidaan muuttaa perustellusta syyst\u00e4. Oppisopimuksen muutoksia ovat vastuunalaisen ty\u00f6paikkaohjaajan vaihtuminen, oppisopimusajan lyhent\u00e4minen tai jatkaminen, henkil\u00f6kohtaisen osaamisen kehitt\u00e4missuunnitelman (HOKS) sis\u00e4ll\u00f6n oleellinen muuttaminen, oppisopimuksen keskeytyminen (esim. asevelvollisuuden tai \u00e4itiysloman ajaksi) ja oppisopimuksen purkaminen.&nbsp;&nbsp;<\/p>\n\n\n\n<p>Oppisopimuksen muutoksista sovitaan aina yhdess\u00e4 Suomen ymp\u00e4rist\u00f6opisto Syklin koulutustarkastajan kanssa. Oppisopimuksen jatkaminen, keskeytyminen tai purkaminen edellytt\u00e4\u00e4 aina sopimista opiskelijan ja ty\u00f6nantajan v\u00e4lill\u00e4. Kaikista oppisopimuksen muutoksista tulee ilmoittaa s\u00e4hk\u00f6postitse Syklin koulutustarkastajalle: <a rel=\"noreferrer noopener\" href=\"mailto:kirsi.kalminen@sykli.fi\" target=\"_blank\">kirsi.kalminen@sykli.fi<\/a>&nbsp;<\/p>\n\n\n\n<hr class=\"wp-block-separator has-alpha-channel-opacity\"\/>\n\n\n\n<h2 class=\"wp-block-heading\" id=\"muut-koulutusvaihtoehdot\">Muut koulutusvaihtoehdot<\/h2>\n\n\n\n<p><br><strong>Oppisopimus toisen oppilaitoksen kautta (vieras-OPSO)<\/strong>&nbsp;<br>Oppisopimus on mahdollista solmia my\u00f6s oman alueenne oppilaitoksen oppisopimustoimiston kautta. T\u00e4ll\u00f6in tuo oppisopimustoimisto solmii yrityksenne ja ty\u00f6ntekij\u00e4nne&nbsp; kanssa oppisopimuksen sek\u00e4 hankkii tietopuolisen koulutuksen ja n\u00e4yt\u00f6t Syklilt\u00e4.&nbsp;&nbsp;<\/p>\n\n\n\n<p>T\u00e4\u00e4lt\u00e4 l\u00f6yd\u00e4tte oman alueenne <a href=\"https:\/\/www.oppisopimus.fi\/\" data-type=\"URL\" data-id=\"https:\/\/www.oppisopimus.fi\/\" target=\"_blank\" rel=\"noreferrer noopener\">oppisopimustoimistot <\/a><\/p>\n\n\n\n<p><strong>Muu, esim. vakuutusyhti\u00f6n rahoittama koulutus<\/strong><br>SYKLI tarjoaa my\u00f6s kaupallisena palveluna koulutuksiaan. Yritykset voivat ostaa henkil\u00f6st\u00f6lleen erilaisia tilauskoulutuksia tai vakuutusyhti\u00f6t voivat hankkia koulutusta henkil\u00f6ille, jotka joutuvat esimerkiksi vaihtamaan ammattiaan tapaturman, altistuksen tai sairauden vuoksi. Kysy n\u00e4ist\u00e4 vaihtoehdoista koulutusalojemme koulutusp\u00e4\u00e4llik\u00f6ilt\u00e4.&nbsp;<br>&nbsp;<br><strong>Koulutussopimus<\/strong>&nbsp;<br>Koulutussopimukseen perustuvassa koulutuksessa opiskelija ei ole ty\u00f6suhteessa, eik\u00e4 h\u00e4nelle makseta palkkaa eik\u00e4 muuta vastiketta. Koulutussopimusta k\u00e4ytet\u00e4\u00e4nkin usein ty\u00f6voimakoulutuksessa, jossa opiskelijat ovat osan aikaa opinnoistaan ty\u00f6ss\u00e4 oppimassa. Koulutussopimus onkin hyv\u00e4 v\u00e4yl\u00e4 ty\u00f6nantajille ty\u00f6tt\u00f6m\u00e4n ty\u00f6nhakijan mahdolliseen ty\u00f6llist\u00e4miseen yritykseen. Koulutussopimuksen solmivat sopimusty\u00f6paikka sek\u00e4 SYKLI. &nbsp;<br>&nbsp;<br>Koulutussopimuksen aikana opiskelija tekee sopimusty\u00f6paikalla opintoihin liittyvi\u00e4 ty\u00f6teht\u00e4vi\u00e4 ty\u00f6paikan valvonnan ja ohjauksen alaisena. H\u00e4nelle nimet\u00e4\u00e4n sopimusty\u00f6paikalla ty\u00f6paikkaohjaaja, joka perehdytt\u00e4\u00e4 opiskelijan ty\u00f6teht\u00e4viin, ohjaa h\u00e4nt\u00e4 sek\u00e4 arvioi tutkinnon suorittamiseen liittyv\u00e4t n\u00e4yt\u00f6t yhdess\u00e4 Syklin kouluttajan kanssa.<\/p>\n\n\n\n<hr class=\"wp-block-separator has-alpha-channel-opacity\"\/>\n\n\n<h2>Lis\u00e4tietoja<\/h2>\r\n<div class=\"row\">\r\n                                <div class=\"col-md-6\">\r\n                    <div class=\"staff-box\">\r\n                        <div class=\"row\">\r\n                            <div class=\"col-4\">\r\n                                <img loading=\"lazy\" decoding=\"async\" width=\"150\" height=\"243\" src=\"https:\/\/sykli.fi\/demo\/wp-content\/uploads\/2023\/04\/kirsi-e1680513251230.jpg\" class=\"attachment-post-thumbnail size-post-thumbnail wp-post-image\" alt=\"\" \/>                            <\/div>\r\n                            <div class=\"col-8\">\r\n                                <h3>Kirsi Tuikkala-Kalminen<\/h3>\r\n                                Hallintop\u00e4\u00e4llikk\u00f6                                <ul>\r\n                                    <li><svg xmlns=\"http:\/\/www.w3.org\/2000\/svg\" width=\"16\" height=\"16\" fill=\"currentColor\" class=\"bi bi-telephone-fill\" viewBox=\"0 0 16 16\">\r\n                                <path fill-rule=\"evenodd\" d=\"M1.885.511a1.745 1.745 0 0 1 2.61.163L6.29 2.98c.329.423.445.974.315 1.494l-.547 2.19a.678.678 0 0 0 .178.643l2.457 2.457a.678.678 0 0 0 .644.178l2.189-.547a1.745 1.745 0 0 1 1.494.315l2.306 1.794c.829.645.905 1.87.163 2.611l-1.034 1.034c-.74.74-1.846 1.065-2.877.702a18.634 18.634 0 0 1-7.01-4.42 18.634 18.634 0 0 1-4.42-7.009c-.362-1.03-.037-2.137.703-2.877L1.885.511z\"\/>\r\n                              <\/svg> <a href=\"tel:+358407483751\">040 748 3751<\/a><\/li><li><svg xmlns=\"http:\/\/www.w3.org\/2000\/svg\" width=\"16\" height=\"16\" fill=\"currentColor\" class=\"bi bi-envelope-fill\" viewBox=\"0 0 16 16\">\r\n                                <path d=\"M.05 3.555A2 2 0 0 1 2 2h12a2 2 0 0 1 1.95 1.555L8 8.414.05 3.555ZM0 4.697v7.104l5.803-3.558L0 4.697ZM6.761 8.83l-6.57 4.027A2 2 0 0 0 2 14h12a2 2 0 0 0 1.808-1.144l-6.57-4.027L8 9.586l-1.239-.757Zm3.436-.586L16 11.801V4.697l-5.803 3.546Z\"\/>\r\n                              <\/svg> <a href=\"mailto:kirsi.kalminen@sykli.fi\">kirsi.kalminen@sykli.fi<\/a><\/li>                                <\/ul>\r\n                            <\/div>\r\n                        <\/div>\r\n                    <\/div>\r\n                <\/div>\r\n                                <div class=\"col-md-6\">\r\n                    <div class=\"staff-box\">\r\n                        <div class=\"row\">\r\n                            <div class=\"col-4\">\r\n                                <img loading=\"lazy\" decoding=\"async\" width=\"150\" height=\"250\" src=\"https:\/\/sykli.fi\/demo\/wp-content\/uploads\/2022\/09\/sanna-nettisivuille-mv.jpg\" class=\"attachment-post-thumbnail size-post-thumbnail wp-post-image\" alt=\"\" \/>                            <\/div>\r\n                            <div class=\"col-8\">\r\n                                <h3>Sanna Sachse<\/h3>\r\n                                Hallintokoordinaattori                                <ul>\r\n                                    <li><svg xmlns=\"http:\/\/www.w3.org\/2000\/svg\" width=\"16\" height=\"16\" fill=\"currentColor\" class=\"bi bi-telephone-fill\" viewBox=\"0 0 16 16\">\r\n                                <path fill-rule=\"evenodd\" d=\"M1.885.511a1.745 1.745 0 0 1 2.61.163L6.29 2.98c.329.423.445.974.315 1.494l-.547 2.19a.678.678 0 0 0 .178.643l2.457 2.457a.678.678 0 0 0 .644.178l2.189-.547a1.745 1.745 0 0 1 1.494.315l2.306 1.794c.829.645.905 1.87.163 2.611l-1.034 1.034c-.74.74-1.846 1.065-2.877.702a18.634 18.634 0 0 1-7.01-4.42 18.634 18.634 0 0 1-4.42-7.009c-.362-1.03-.037-2.137.703-2.877L1.885.511z\"\/>\r\n                              <\/svg> <a href=\"tel:+358444938359\">044 493 8359<\/a><\/li><li><svg xmlns=\"http:\/\/www.w3.org\/2000\/svg\" width=\"16\" height=\"16\" fill=\"currentColor\" class=\"bi bi-envelope-fill\" viewBox=\"0 0 16 16\">\r\n                                <path d=\"M.05 3.555A2 2 0 0 1 2 2h12a2 2 0 0 1 1.95 1.555L8 8.414.05 3.555ZM0 4.697v7.104l5.803-3.558L0 4.697ZM6.761 8.83l-6.57 4.027A2 2 0 0 0 2 14h12a2 2 0 0 0 1.808-1.144l-6.57-4.027L8 9.586l-1.239-.757Zm3.436-.586L16 11.801V4.697l-5.803 3.546Z\"\/>\r\n                              <\/svg> <a href=\"mailto:sanna.sachse@sykli.fi\">sanna.sachse@sykli.fi<\/a><\/li>                                <\/ul>\r\n                            <\/div>\r\n                        <\/div>\r\n                    <\/div>\r\n                <\/div>\r\n    <\/div>\n\n\n<p><\/p>\n\n\n\n<p><\/p>\n","protected":false},"excerpt":{"rendered":"<p>T\u00e4ll\u00e4 sivulla Ty\u00f6paikalla k\u00e4yt\u00e4nn\u00f6n ty\u00f6teht\u00e4vien yhteydess\u00e4 j\u00e4rjestett\u00e4v\u00e4\u00e4 koulutusta kutsutaan ty\u00f6el\u00e4m\u00e4ss\u00e4 oppimiseksi. SYKLI tarjoaa tutkintokoulutusta, joka voidaan suorittaa omalla ty\u00f6paikalla, ty\u00f6n [&hellip;]<\/p>\n","protected":false},"author":1,"featured_media":63645,"parent":73458,"menu_order":3,"comment_status":"open","ping_status":"open","template":"","meta":{"_acf_changed":false,"footnotes":""},"class_list":["post-73437","page","type-page","status-publish","has-post-thumbnail","hentry"],"acf":[],"_links":{"self":[{"href":"https:\/\/sykli.fi\/demo\/wp-json\/wp\/v2\/pages\/73437","targetHints":{"allow":["GET"]}}],"collection":[{"href":"https:\/\/sykli.fi\/demo\/wp-json\/wp\/v2\/pages"}],"about":[{"href":"https:\/\/sykli.fi\/demo\/wp-json\/wp\/v2\/types\/page"}],"author":[{"embeddable":true,"href":"https:\/\/sykli.fi\/demo\/wp-json\/wp\/v2\/users\/1"}],"replies":[{"embeddable":true,"href":"https:\/\/sykli.fi\/demo\/wp-json\/wp\/v2\/comments?post=73437"}],"version-history":[{"count":1,"href":"https:\/\/sykli.fi\/demo\/wp-json\/wp\/v2\/pages\/73437\/revisions"}],"predecessor-version":[{"id":73467,"href":"https:\/\/sykli.fi\/demo\/wp-json\/wp\/v2\/pages\/73437\/revisions\/73467"}],"up":[{"embeddable":true,"href":"https:\/\/sykli.fi\/demo\/wp-json\/wp\/v2\/pages\/73458"}],"wp:featuredmedia":[{"embeddable":true,"href":"https:\/\/sykli.fi\/demo\/wp-json\/wp\/v2\/media\/63645"}],"wp:attachment":[{"href":"https:\/\/sykli.fi\/demo\/wp-json\/wp\/v2\/media?parent=73437"}],"curies":[{"name":"wp","href":"https:\/\/api.w.org\/{rel}","templated":true}]}}