{"id":73436,"date":"2022-09-13T10:46:52","date_gmt":"2022-09-13T07:46:52","guid":{"rendered":"https:\/\/sykli.fi\/tyoelamalle\/rekrytoivatpalvelut\/keko-ohjelma\/keko-vihrean-siirtyman-projektiasiantuntija-keko-2024-pohjois-pohjanmaa\/"},"modified":"2026-02-24T14:28:54","modified_gmt":"2026-02-24T12:28:54","slug":"vihrean-siirtyman-projektiasiantuntija-2026-oulu","status":"publish","type":"page","link":"https:\/\/sykli.fi\/demo\/tyoelamalle\/rekrytoivatpalvelut\/keko-ohjelma\/vihrean-siirtyman-projektiasiantuntija-2026-oulu\/","title":{"rendered":"Vihre\u00e4n siirtym\u00e4n projektiasiantuntija, Oulu"},"content":{"rendered":"\r\n<section id=\"hero-block_a1b739e1d4cfb6dc3bbb46224e4a8d76\" class=\"hero site-banner section-default default alignfull\">\r\n\r\n    <div class=\"site-banner-bg section-bg-image ob-position\" style=\"object-position: 50% 85%\" >\r\n\r\n        <img loading=\"lazy\" decoding=\"async\" width=\"1000\" height=\"667\" src=\"https:\/\/sykli.fi\/demo\/wp-content\/uploads\/2023\/04\/shutterstock_74181004.jpg\" class=\"attachment-1536\u00d71536 size-1536\u00d71536\" alt=\"\" srcset=\"https:\/\/sykli.fi\/demo\/wp-content\/uploads\/2023\/04\/shutterstock_74181004.jpg 1000w, https:\/\/sykli.fi\/demo\/wp-content\/uploads\/2023\/04\/shutterstock_74181004-300x200.jpg 300w, https:\/\/sykli.fi\/demo\/wp-content\/uploads\/2023\/04\/shutterstock_74181004-768x512.jpg 768w\" sizes=\"auto, (max-width: 1000px) 100vw, 1000px\" \/>\r\n        \r\n        \r\n            <div class=\"site-banner-content container\">\r\n                <div class=\"row w-100\">\r\n                    <div class=\"col-md-12\">\r\n                        <div class=\"hero-text-overlay\">\r\n                                                                <h1 class=\"hero-title\">Vihre\u00e4n siirtym\u00e4n projektiasiantuntija, Oulu<\/h1>\r\n                            <div class=\"inner-content\">\r\n                            <div class=\"acf-innerblocks-container\"><\/div>\r\n                        <\/div>                        <\/div>\r\n                    <\/div>\r\n                <\/div>\r\n            <\/div>\r\n\r\n        <\/section>\n\n\n<p>Vety- ja kiertotalous, p\u00e4\u00e4st\u00f6tt\u00f6m\u00e4t energiaj\u00e4rjestelm\u00e4t, energiatehokkuus ja muut ilmasto- ja ymp\u00e4rist\u00f6ratkaisut ovat tunnistettuja tulevaisuuden avaimia. Vaikka vihre\u00e4 siirtym\u00e4 vaatii paljon resursseja, se on v\u00e4ltt\u00e4m\u00e4t\u00f6nt\u00e4 yhteiskunnan, ymp\u00e4rist\u00f6n ja talouden kannalta.<\/p>\n\n\n\n<p><strong>Tarvitsetteko asiantuntijaa tai lis\u00e4resurssia kest\u00e4v\u00e4n liiketoiminnan kehitt\u00e4miseen tai vihre\u00e4n siirtym\u00e4n hankkeisiin?<\/strong><\/p>\n\n\n\n<p>Suomen ymp\u00e4rist\u00f6opisto SYKLI<strong> <\/strong>toteuttaa yhteisty\u00f6ss\u00e4 BusinessOulun<strong> <\/strong>kanssa Vihre\u00e4 siirtym\u00e4n projektiasiantuntija koulutuksen. Koulutusohjelma perustuu uusia osaajia etsiv\u00e4n organisaation ja uutta uraa etsiv\u00e4n ty\u00f6nhakijan yhteisty\u00f6h\u00f6n. Ohjelmassa mukana oleva organisaatio tarjoaa opiskelijalle ty\u00f6ss\u00e4oppimispaikan ja saa korkeakoulutetun osaajan ty\u00f6panoksen k\u00e4ytt\u00f6\u00f6n viideksi kuukaudeksi. Opiskelijallemme voi toteuttaa ty\u00f6jaksolla vihre\u00e4n siirtym\u00e4n projektin tai muun yhdess\u00e4 sovitun teht\u00e4v\u00e4kokonaisuuden.<\/p>\n\n\n\n<p>Tarjoa ty\u00f6jaksopaikka opiskelijallemme, joka voi toteuttaa teille vihre\u00e4n siirtym\u00e4n projektin tai muun teht\u00e4v\u00e4-kokonaisuuden.<\/p>\n\n\n\n<p>Opiskelijamme ovat kokeneita tai vasta ty\u00f6uransa alussa olevia esimerkiksi tekniikan, luonnontieteiden, ymp\u00e4rist\u00f6- ja yhteiskuntatieteiden tai tekniikan alan osaajia. Organisaatio ja opiskelija m\u00e4\u00e4rittelev\u00e4t yhdess\u00e4 ty\u00f6kokonaisuuden, joka vastaa organisaation tarpeisiin ja samalla tukee opiskelijan kehittymist\u00e4 ty\u00f6uralla. Ty\u00f6jakson aikana tehdyll\u00e4 kehitt\u00e4misteht\u00e4v\u00e4ll\u00e4 on t\u00e4rke\u00e4 osuus.<\/p>\n\n\n\n<p><strong>Kehitt\u00e4misteht\u00e4v\u00e4 voi liitty\u00e4 esimerkiksi:<\/strong><\/p>\n\n\n\n<ul class=\"wp-block-list\">\n<li>puhtaaseen energiantuotantoon&nbsp;<\/li>\n\n\n\n<li>kiertotalousratkaisuihin ja v\u00e4h\u00e4p\u00e4\u00e4st\u00f6isiin innovaatioihin&nbsp;<\/li>\n\n\n\n<li>uusiin teknologioihin&nbsp;<\/li>\n\n\n\n<li>palveluihin ja toimintamalleihin&nbsp;<\/li>\n\n\n\n<li>toiminnan kehitt\u00e4miseen&nbsp;<br><\/li>\n<\/ul>\n\n\n\n<h3 class=\"wp-block-heading\">Edut yrityksellenne<\/h3>\n\n\n\n<p><\/p>\n\n\n\n<ul class=\"wp-block-list\">\n<li>Saat asiantuntijaosaamista kohdennettuun tarpeeseen ja kehitt\u00e4misresursseja vihre\u00e4\u00e4n siirtym\u00e4\u00e4n<\/li>\n\n\n\n<li>Koulutuksesta ei koidu ty\u00f6nantaja- eik\u00e4 palkanmaksuvelvoitetta koulutusajalta<\/li>\n\n\n\n<li>Mahdollisuus riskitt\u00f6m\u00e4mp\u00e4\u00e4n ja veloituksettomaan rekrytointiin koulutusohjelman p\u00e4\u00e4tteeksi<\/li>\n\n\n\n<li>Yhdell\u00e4 henkil\u00f6ll\u00e4 yrityksest\u00e4 mahdollisuus osallistua yhteen luentop\u00e4iv\u00e4\u00e4n ilmaiseksi<\/li>\n<\/ul>\n\n\n\n<p>Vastaavista korkeasti koulutettujen ty\u00f6llist\u00e4miseen t\u00e4ht\u00e4\u00e4vist\u00e4 koulutuksista on olemassa paljon hyvi\u00e4 kokemuksia. Yrityksell\u00e4 ei ole rekrytointivelvollisuutta, vaikka koulutusohjelma t\u00e4ht\u00e4\u00e4kin uusien ty\u00f6paikkojen l\u00f6ytymiseen.&nbsp;<\/p>\n\n\n\n<p><strong>Ohjelmaan mahtuu mukaan 12 opiskelija-yritysparia<\/strong>.&nbsp;<br><\/p>\n\n\n\n<h3 class=\"wp-block-heading\">Koulutusohjelma<\/h3>\n\n\n\n<p>Syklin koulutuksesta opiskelija saa osaamista mm:<\/p>\n\n\n\n<ul class=\"wp-block-list\">\n<li>projektin suunnittelusta, toteuttamisesta ja raportoinnista kiertotaloudesta<\/li>\n\n\n\n<li><a>materiaalitehokkuudesta ja materiaalivir<\/a>roista<\/li>\n\n\n\n<li>vastuullisuusviestinn\u00e4st\u00e4<\/li>\n\n\n\n<li>hiilijalanj\u00e4ljest\u00e4 ja p\u00e4\u00e4st\u00f6v\u00e4hennyspolusta<\/li>\n\n\n\n<li>kiinteist\u00f6n energiatehokkuudesta<\/li>\n<\/ul>\n\n\n\n<p>Koulutusohjelman kokonaiskesto on 95 arkip\u00e4iv\u00e4\u00e4, joka jakaantuu yrityksess\u00e4nne tapahtuvaan ty\u00f6jaksoon (n. 75 pv\u00e4), sek\u00e4 Syklin j\u00e4rjest\u00e4m\u00e4\u00e4n opetukseen (n. 20 pv\u00e4). Kustannus on 2500 \u20ac (+ alv 25,5 %) koko koulutusajalta.&nbsp;<strong>Koulutus alkaa toukokuussa 2026<\/strong>.<\/p>\n\n\n<h2>Ota yhteytt\u00e4 ja keskustellaan lis\u00e4\u00e4!<\/h2>\r\n<div class=\"row\">\r\n                                <div class=\"col-md-6\">\r\n                    <div class=\"staff-box\">\r\n                        <div class=\"row\">\r\n                            <div class=\"col-4\">\r\n                                <img loading=\"lazy\" decoding=\"async\" width=\"150\" height=\"250\" src=\"https:\/\/sykli.fi\/demo\/wp-content\/uploads\/2022\/09\/terhi-liettila-2019-nettisivuille-mv.jpg\" class=\"attachment-post-thumbnail size-post-thumbnail wp-post-image\" alt=\"\" \/>                            <\/div>\r\n                            <div class=\"col-8\">\r\n                                <h3>Terhi Liettil\u00e4<\/h3>\r\n                                Asiantuntija, ratkaisut ja kumppanuudet                                <ul>\r\n                                    <li><svg xmlns=\"http:\/\/www.w3.org\/2000\/svg\" width=\"16\" height=\"16\" fill=\"currentColor\" class=\"bi bi-telephone-fill\" viewBox=\"0 0 16 16\">\r\n                                <path fill-rule=\"evenodd\" d=\"M1.885.511a1.745 1.745 0 0 1 2.61.163L6.29 2.98c.329.423.445.974.315 1.494l-.547 2.19a.678.678 0 0 0 .178.643l2.457 2.457a.678.678 0 0 0 .644.178l2.189-.547a1.745 1.745 0 0 1 1.494.315l2.306 1.794c.829.645.905 1.87.163 2.611l-1.034 1.034c-.74.74-1.846 1.065-2.877.702a18.634 18.634 0 0 1-7.01-4.42 18.634 18.634 0 0 1-4.42-7.009c-.362-1.03-.037-2.137.703-2.877L1.885.511z\"\/>\r\n                              <\/svg> <a href=\"tel:+358469227696\">046 922 7696<\/a><\/li><li><svg xmlns=\"http:\/\/www.w3.org\/2000\/svg\" width=\"16\" height=\"16\" fill=\"currentColor\" class=\"bi bi-envelope-fill\" viewBox=\"0 0 16 16\">\r\n                                <path d=\"M.05 3.555A2 2 0 0 1 2 2h12a2 2 0 0 1 1.95 1.555L8 8.414.05 3.555ZM0 4.697v7.104l5.803-3.558L0 4.697ZM6.761 8.83l-6.57 4.027A2 2 0 0 0 2 14h12a2 2 0 0 0 1.808-1.144l-6.57-4.027L8 9.586l-1.239-.757Zm3.436-.586L16 11.801V4.697l-5.803 3.546Z\"\/>\r\n                              <\/svg> <a href=\"mailto:terhi.liettila@sykli.fi\">terhi.liettila@sykli.fi<\/a><\/li>                                <\/ul>\r\n                            <\/div>\r\n                        <\/div>\r\n                    <\/div>\r\n                <\/div>\r\n    <\/div>\n\n\n<p><\/p>\n","protected":false},"excerpt":{"rendered":"<p>Vety- ja kiertotalous, p\u00e4\u00e4st\u00f6tt\u00f6m\u00e4t energiaj\u00e4rjestelm\u00e4t, energiatehokkuus ja muut ilmasto- ja ymp\u00e4rist\u00f6ratkaisut ovat tunnistettuja tulevaisuuden avaimia. Vaikka vihre\u00e4 siirtym\u00e4 vaatii paljon [&hellip;]<\/p>\n","protected":false},"author":1,"featured_media":63377,"parent":73435,"menu_order":28,"comment_status":"open","ping_status":"open","template":"","meta":{"_acf_changed":false,"footnotes":""},"class_list":["post-73436","page","type-page","status-publish","has-post-thumbnail","hentry"],"acf":[],"_links":{"self":[{"href":"https:\/\/sykli.fi\/demo\/wp-json\/wp\/v2\/pages\/73436","targetHints":{"allow":["GET"]}}],"collection":[{"href":"https:\/\/sykli.fi\/demo\/wp-json\/wp\/v2\/pages"}],"about":[{"href":"https:\/\/sykli.fi\/demo\/wp-json\/wp\/v2\/types\/page"}],"author":[{"embeddable":true,"href":"https:\/\/sykli.fi\/demo\/wp-json\/wp\/v2\/users\/1"}],"replies":[{"embeddable":true,"href":"https:\/\/sykli.fi\/demo\/wp-json\/wp\/v2\/comments?post=73436"}],"version-history":[{"count":10,"href":"https:\/\/sykli.fi\/demo\/wp-json\/wp\/v2\/pages\/73436\/revisions"}],"predecessor-version":[{"id":73731,"href":"https:\/\/sykli.fi\/demo\/wp-json\/wp\/v2\/pages\/73436\/revisions\/73731"}],"up":[{"embeddable":true,"href":"https:\/\/sykli.fi\/demo\/wp-json\/wp\/v2\/pages\/73435"}],"wp:featuredmedia":[{"embeddable":true,"href":"https:\/\/sykli.fi\/demo\/wp-json\/wp\/v2\/media\/63377"}],"wp:attachment":[{"href":"https:\/\/sykli.fi\/demo\/wp-json\/wp\/v2\/media?parent=73436"}],"curies":[{"name":"wp","href":"https:\/\/api.w.org\/{rel}","templated":true}]}}