{"id":73435,"date":"2022-09-13T07:45:19","date_gmt":"2022-09-13T04:45:19","guid":{"rendered":"https:\/\/sykli.fi\/tyoelamalle\/rekrytoivatpalvelut\/keko-ohjelma\/"},"modified":"2026-02-24T15:18:42","modified_gmt":"2026-02-24T13:18:42","slug":"keko-ohjelma","status":"publish","type":"page","link":"https:\/\/sykli.fi\/demo\/tyoelamalle\/rekrytoivatpalvelut\/keko-ohjelma\/","title":{"rendered":"KEKO-ohjelma"},"content":{"rendered":"\r\n<section id=\"hero-block_82c5b2b083c22cb31f2b7ae5f0f1f10d\" class=\"hero site-banner section-default default alignfull\">\r\n\r\n    <div class=\"site-banner-bg section-bg-image \" >\r\n\r\n        <img loading=\"lazy\" decoding=\"async\" width=\"1000\" height=\"667\" src=\"https:\/\/sykli.fi\/demo\/wp-content\/uploads\/2023\/04\/shutterstock_749441887-osaajia-yritykselle-tyovoimakoulutukset.jpg\" class=\"attachment-1536\u00d71536 size-1536\u00d71536\" alt=\"Pisaroita lehdell\u00e4.\" srcset=\"https:\/\/sykli.fi\/demo\/wp-content\/uploads\/2023\/04\/shutterstock_749441887-osaajia-yritykselle-tyovoimakoulutukset.jpg 1000w, https:\/\/sykli.fi\/demo\/wp-content\/uploads\/2023\/04\/shutterstock_749441887-osaajia-yritykselle-tyovoimakoulutukset-300x200.jpg 300w, https:\/\/sykli.fi\/demo\/wp-content\/uploads\/2023\/04\/shutterstock_749441887-osaajia-yritykselle-tyovoimakoulutukset-768x512.jpg 768w\" sizes=\"auto, (max-width: 1000px) 100vw, 1000px\" \/>\r\n        \r\n        \r\n            <div class=\"site-banner-content container\">\r\n                <div class=\"row w-100\">\r\n                    <div class=\"col-md-12\">\r\n                        <div class=\"hero-text-overlay\">\r\n                                                                <h1 class=\"hero-title\">KEKO-ohjelma<\/h1>\r\n                            <div class=\"inner-content\">\r\n                            <div class=\"acf-innerblocks-container\"><\/div>\r\n                        <\/div>                        <\/div>\r\n                    <\/div>\r\n                <\/div>\r\n            <\/div>\r\n\r\n        <\/section>\n\n\n<h2 class=\"wp-block-heading\">Syklin ty\u00f6voimakoulutuksista apua rekrytointiin<\/h2>\n\n\n\n<ul class=\"wp-block-list\">\n<li>Tarvitsetteko asiantuntijoita projektiteht\u00e4viin; kehitt\u00e4m\u00e4\u00e4n laatua tai resurssitehokkuutta, tai vahvistamaan kest\u00e4v\u00e4n kehityksen n\u00e4k\u00f6kulmaa?<\/li>\n\n\n\n<li>Tarvitsetteko ymp\u00e4rist\u00f6alan osaamista yrityksess\u00e4nne?<\/li>\n<\/ul>\n\n\n\n<p>KEKO kehitt\u00e4miskoulutus -koulutusohjelmiemme tavoitteena on tukea ty\u00f6markkinoille vapautuvien osaajien nopeaa ty\u00f6llistymist\u00e4 ja tuoda sek\u00e4 heille, ett\u00e4 yrityksellenne kest\u00e4v\u00e4n liiketoiminnan osaamista. Koulutusohjelma perustuu uusia osaajia etsiv\u00e4n organisaation ja uutta uraa etsiv\u00e4n ty\u00f6nhakijan yhteisty\u00f6h\u00f6n. Ohjelmassa mukana oleva organisaatio tarjoaa opiskelijalle ty\u00f6ss\u00e4oppimispaikan ja saa korkeakoulutetun osaajan ty\u00f6panoksen k\u00e4ytt\u00f6\u00f6n yleens\u00e4 noin kuuden kuukauden ajaksi.<\/p>\n\n\n\n<p>SYKLI on alan vahva osaaja; ty\u00f6voimakoulutus on ollut osa toimintaamme jo yli kymmenen vuoden ajan. Toimintamme on valtakunnallista. Olemme j\u00e4rjest\u00e4neet ty\u00f6voimakoulutuksia viime vuosina Uudellamaalla, Pohjanmaalla, Pohjois-Savossa, Kaakkois-Suomessa, Varsinais-Suomessa, Kainuussa ja H\u00e4meess\u00e4.<\/p>\n\n\n\n<p><strong>Edut yrityksellenne<\/strong><\/p>\n\n\n\n<ul class=\"wp-block-list\">\n<li>asiantuntijaosaamista kohdennettuun tarpeeseen<\/li>\n\n\n\n<li>kehitt\u00e4misresursseja vihre\u00e4\u00e4n siirtym\u00e4\u00e4n<\/li>\n\n\n\n<li>ei ty\u00f6nantaja- eik\u00e4 palkanmaksuvelvoitetta koulutusajalta<\/li>\n\n\n\n<li>mahdollisuus riskitt\u00f6m\u00e4mp\u00e4\u00e4n ja veloituksettomaan rekrytointiin koulutusohjelman p\u00e4\u00e4tteeksi<\/li>\n<\/ul>\n\n\n<div class=\"page-linkbox-block alignfull\">\r\n    <div class=\"container\">\r\n        <div class=\"acf-innerblocks-container\">\n\r\n<div class=\"page-linkbox has-turquoise-background-color \">\r\n    <img loading=\"lazy\" decoding=\"async\" width=\"800\" height=\"534\" src=\"https:\/\/sykli.fi\/demo\/wp-content\/uploads\/2023\/04\/shutterstock_74181004.jpg\" class=\"attachment-large size-large\" alt=\"\" srcset=\"https:\/\/sykli.fi\/demo\/wp-content\/uploads\/2023\/04\/shutterstock_74181004.jpg 1000w, https:\/\/sykli.fi\/demo\/wp-content\/uploads\/2023\/04\/shutterstock_74181004-300x200.jpg 300w, https:\/\/sykli.fi\/demo\/wp-content\/uploads\/2023\/04\/shutterstock_74181004-768x512.jpg 768w\" sizes=\"auto, (max-width: 800px) 100vw, 800px\" \/>    <a  href=\" https:\/\/sykli.fi\/demo\/tyoelamalle\/rekrytoivatpalvelut\/keko-ohjelma\/vihrean-siirtyman-projektiasiantuntija-2026-oulu\/\" >\r\n        <h2>Vihre\u00e4n siirtym\u00e4n projektiasiantuntija, Oulu<\/h2>\r\n\r\n        \r\n    <\/a>\r\n\r\n<\/div>\n<\/div>\r\n\r\n    <\/div>\r\n<\/div>\n\n<h2>Kysy lis\u00e4\u00e4<\/h2>\r\n<div class=\"row\">\r\n                                <div class=\"col-md-6\">\r\n                    <div class=\"staff-box\">\r\n                        <div class=\"row\">\r\n                            <div class=\"col-4\">\r\n                                <img loading=\"lazy\" decoding=\"async\" width=\"1280\" height=\"1920\" src=\"https:\/\/sykli.fi\/demo\/wp-content\/uploads\/2022\/09\/saarnia-1-2.jpg\" class=\"attachment-post-thumbnail size-post-thumbnail wp-post-image\" alt=\"\" srcset=\"https:\/\/sykli.fi\/demo\/wp-content\/uploads\/2022\/09\/saarnia-1-2.jpg 1280w, https:\/\/sykli.fi\/demo\/wp-content\/uploads\/2022\/09\/saarnia-1-2-200x300.jpg 200w, https:\/\/sykli.fi\/demo\/wp-content\/uploads\/2022\/09\/saarnia-1-2-683x1024.jpg 683w, https:\/\/sykli.fi\/demo\/wp-content\/uploads\/2022\/09\/saarnia-1-2-768x1152.jpg 768w, https:\/\/sykli.fi\/demo\/wp-content\/uploads\/2022\/09\/saarnia-1-2-1024x1536.jpg 1024w\" sizes=\"auto, (max-width: 1280px) 100vw, 1280px\" \/>                            <\/div>\r\n                            <div class=\"col-8\">\r\n                                <h3>Jane Saarnia<\/h3>\r\n                                Johtaja, ratkaisut ja kumppanuudet                                <ul>\r\n                                    <li><svg xmlns=\"http:\/\/www.w3.org\/2000\/svg\" width=\"16\" height=\"16\" fill=\"currentColor\" class=\"bi bi-telephone-fill\" viewBox=\"0 0 16 16\">\r\n                                <path fill-rule=\"evenodd\" d=\"M1.885.511a1.745 1.745 0 0 1 2.61.163L6.29 2.98c.329.423.445.974.315 1.494l-.547 2.19a.678.678 0 0 0 .178.643l2.457 2.457a.678.678 0 0 0 .644.178l2.189-.547a1.745 1.745 0 0 1 1.494.315l2.306 1.794c.829.645.905 1.87.163 2.611l-1.034 1.034c-.74.74-1.846 1.065-2.877.702a18.634 18.634 0 0 1-7.01-4.42 18.634 18.634 0 0 1-4.42-7.009c-.362-1.03-.037-2.137.703-2.877L1.885.511z\"\/>\r\n                              <\/svg> <a href=\"tel:+358400678705\">0400 678 705<\/a><\/li><li><svg xmlns=\"http:\/\/www.w3.org\/2000\/svg\" width=\"16\" height=\"16\" fill=\"currentColor\" class=\"bi bi-envelope-fill\" viewBox=\"0 0 16 16\">\r\n                                <path d=\"M.05 3.555A2 2 0 0 1 2 2h12a2 2 0 0 1 1.95 1.555L8 8.414.05 3.555ZM0 4.697v7.104l5.803-3.558L0 4.697ZM6.761 8.83l-6.57 4.027A2 2 0 0 0 2 14h12a2 2 0 0 0 1.808-1.144l-6.57-4.027L8 9.586l-1.239-.757Zm3.436-.586L16 11.801V4.697l-5.803 3.546Z\"\/>\r\n                              <\/svg> <a href=\"mailto:jane.saarnia@sykli.fi\">jane.saarnia@sykli.fi<\/a><\/li>                                <\/ul>\r\n                            <\/div>\r\n                        <\/div>\r\n                    <\/div>\r\n                <\/div>\r\n                                <div class=\"col-md-6\">\r\n                    <div class=\"staff-box\">\r\n                        <div class=\"row\">\r\n                            <div class=\"col-4\">\r\n                                <img loading=\"lazy\" decoding=\"async\" width=\"150\" height=\"250\" src=\"https:\/\/sykli.fi\/demo\/wp-content\/uploads\/2022\/09\/terhi-liettila-2019-nettisivuille-mv.jpg\" class=\"attachment-post-thumbnail size-post-thumbnail wp-post-image\" alt=\"\" \/>                            <\/div>\r\n                            <div class=\"col-8\">\r\n                                <h3>Terhi Liettil\u00e4<\/h3>\r\n                                Asiantuntija, ratkaisut ja kumppanuudet                                <ul>\r\n                                    <li><svg xmlns=\"http:\/\/www.w3.org\/2000\/svg\" width=\"16\" height=\"16\" fill=\"currentColor\" class=\"bi bi-telephone-fill\" viewBox=\"0 0 16 16\">\r\n                                <path fill-rule=\"evenodd\" d=\"M1.885.511a1.745 1.745 0 0 1 2.61.163L6.29 2.98c.329.423.445.974.315 1.494l-.547 2.19a.678.678 0 0 0 .178.643l2.457 2.457a.678.678 0 0 0 .644.178l2.189-.547a1.745 1.745 0 0 1 1.494.315l2.306 1.794c.829.645.905 1.87.163 2.611l-1.034 1.034c-.74.74-1.846 1.065-2.877.702a18.634 18.634 0 0 1-7.01-4.42 18.634 18.634 0 0 1-4.42-7.009c-.362-1.03-.037-2.137.703-2.877L1.885.511z\"\/>\r\n                              <\/svg> <a href=\"tel:+358469227696\">046 922 7696<\/a><\/li><li><svg xmlns=\"http:\/\/www.w3.org\/2000\/svg\" width=\"16\" height=\"16\" fill=\"currentColor\" class=\"bi bi-envelope-fill\" viewBox=\"0 0 16 16\">\r\n                                <path d=\"M.05 3.555A2 2 0 0 1 2 2h12a2 2 0 0 1 1.95 1.555L8 8.414.05 3.555ZM0 4.697v7.104l5.803-3.558L0 4.697ZM6.761 8.83l-6.57 4.027A2 2 0 0 0 2 14h12a2 2 0 0 0 1.808-1.144l-6.57-4.027L8 9.586l-1.239-.757Zm3.436-.586L16 11.801V4.697l-5.803 3.546Z\"\/>\r\n                              <\/svg> <a href=\"mailto:terhi.liettila@sykli.fi\">terhi.liettila@sykli.fi<\/a><\/li>                                <\/ul>\r\n                            <\/div>\r\n                        <\/div>\r\n                    <\/div>\r\n                <\/div>\r\n    <\/div>","protected":false},"excerpt":{"rendered":"<p>Syklin ty\u00f6voimakoulutuksista apua rekrytointiin KEKO kehitt\u00e4miskoulutus -koulutusohjelmiemme tavoitteena on tukea ty\u00f6markkinoille vapautuvien osaajien nopeaa ty\u00f6llistymist\u00e4 ja tuoda sek\u00e4 heille, ett\u00e4 [&hellip;]<\/p>\n","protected":false},"author":1,"featured_media":63699,"parent":73431,"menu_order":2,"comment_status":"open","ping_status":"open","template":"","meta":{"_acf_changed":false,"footnotes":""},"class_list":["post-73435","page","type-page","status-publish","has-post-thumbnail","hentry"],"acf":[],"_links":{"self":[{"href":"https:\/\/sykli.fi\/demo\/wp-json\/wp\/v2\/pages\/73435","targetHints":{"allow":["GET"]}}],"collection":[{"href":"https:\/\/sykli.fi\/demo\/wp-json\/wp\/v2\/pages"}],"about":[{"href":"https:\/\/sykli.fi\/demo\/wp-json\/wp\/v2\/types\/page"}],"author":[{"embeddable":true,"href":"https:\/\/sykli.fi\/demo\/wp-json\/wp\/v2\/users\/1"}],"replies":[{"embeddable":true,"href":"https:\/\/sykli.fi\/demo\/wp-json\/wp\/v2\/comments?post=73435"}],"version-history":[{"count":10,"href":"https:\/\/sykli.fi\/demo\/wp-json\/wp\/v2\/pages\/73435\/revisions"}],"predecessor-version":[{"id":73749,"href":"https:\/\/sykli.fi\/demo\/wp-json\/wp\/v2\/pages\/73435\/revisions\/73749"}],"up":[{"embeddable":true,"href":"https:\/\/sykli.fi\/demo\/wp-json\/wp\/v2\/pages\/73431"}],"wp:featuredmedia":[{"embeddable":true,"href":"https:\/\/sykli.fi\/demo\/wp-json\/wp\/v2\/media\/63699"}],"wp:attachment":[{"href":"https:\/\/sykli.fi\/demo\/wp-json\/wp\/v2\/media?parent=73435"}],"curies":[{"name":"wp","href":"https:\/\/api.w.org\/{rel}","templated":true}]}}