{"id":73431,"date":"2022-05-17T08:31:54","date_gmt":"2022-05-17T05:31:54","guid":{"rendered":"https:\/\/sykli.fi\/tyoelamalle\/rekrytoivatpalvelut\/"},"modified":"2026-02-24T15:20:47","modified_gmt":"2026-02-24T13:20:47","slug":"rekrytoivatpalvelut","status":"publish","type":"page","link":"https:\/\/sykli.fi\/demo\/tyoelamalle\/rekrytoivatpalvelut\/","title":{"rendered":"Rekrytoivat palvelut"},"content":{"rendered":"\r\n<section id=\"hero-block_0cd9a8d96f6c2cc0d59875d2bbf315c1\" class=\"hero site-banner section-default default alignfull\">\r\n\r\n    <div class=\"site-banner-bg section-bg-image \" >\r\n\r\n        <img loading=\"lazy\" decoding=\"async\" width=\"1000\" height=\"667\" src=\"https:\/\/sykli.fi\/demo\/wp-content\/uploads\/2023\/04\/shutterstock_749441887-osaajia-yritykselle-tyovoimakoulutukset.jpg\" class=\"attachment-1536\u00d71536 size-1536\u00d71536\" alt=\"Pisaroita lehdell\u00e4.\" srcset=\"https:\/\/sykli.fi\/demo\/wp-content\/uploads\/2023\/04\/shutterstock_749441887-osaajia-yritykselle-tyovoimakoulutukset.jpg 1000w, https:\/\/sykli.fi\/demo\/wp-content\/uploads\/2023\/04\/shutterstock_749441887-osaajia-yritykselle-tyovoimakoulutukset-300x200.jpg 300w, https:\/\/sykli.fi\/demo\/wp-content\/uploads\/2023\/04\/shutterstock_749441887-osaajia-yritykselle-tyovoimakoulutukset-768x512.jpg 768w\" sizes=\"auto, (max-width: 1000px) 100vw, 1000px\" \/>\r\n        \r\n        \r\n            <div class=\"site-banner-content container\">\r\n                <div class=\"row w-100\">\r\n                    <div class=\"col-md-12\">\r\n                        <div class=\"hero-text-overlay\">\r\n                                                                <h1 class=\"hero-title\">Rekrytoivat palvelut<\/h1>\r\n                            <div class=\"inner-content\">\r\n                            <div class=\"acf-innerblocks-container\">\n\n<p>Ty\u00f6voimakoulutuksista apua rekrytointiin<\/p>\n\n<\/div>\r\n                        <\/div>                        <\/div>\r\n                    <\/div>\r\n                <\/div>\r\n            <\/div>\r\n\r\n        <\/section>\n\n\n<h2 class=\"wp-block-heading\">Ty\u00f6voimakoulutuksista apua rekrytointiin<\/h2>\n\n\n\n<p><\/p>\n\n\n\n<ul class=\"wp-block-list\">\n<li>Tarvitsetteko asiantuntijoita projektiteht\u00e4viin; kehitt\u00e4m\u00e4\u00e4n laatua tai resurssitehokkuutta, tai vahvistamaan kest\u00e4v\u00e4n kehityksen n\u00e4k\u00f6kulmaa?<\/li>\n\n\n\n<li>Tarvitsetteko ymp\u00e4rist\u00f6alan osaamista yrityksess\u00e4nne?<\/li>\n<\/ul>\n\n\n\n<p>Sykli j\u00e4rjest\u00e4\u00e4 ty\u00f6voimakoulutusta sek\u00e4 korkeasti koulutetuille, ett\u00e4 k\u00e4yt\u00e4nn\u00f6n ammatteihin suuntautuville. Ty\u00f6voimakoulutus on tehokas tapa l\u00f6yt\u00e4\u00e4 uusi osaava ty\u00f6ntekij\u00e4. Kaikki ty\u00f6voimakoulutukset sis\u00e4lt\u00e4v\u00e4t ty\u00f6jakson yhteisty\u00f6yrityksess\u00e4, mik\u00e4 mahdollistaa tutustumisen opiskelijaan ennen rekrytointip\u00e4\u00e4t\u00f6st\u00e4. Toimintamme on valtakunnallista.<\/p>\n\n\n\n<p><strong>F.E.C<\/strong> (Further Educated with Companies) ja <strong>KEKO<\/strong> (kehitt\u00e4miskoulutus) -koulutusohjelmiemme tavoitteena on tukea korkeakoulutettujen asiantuntijoiden nopeaa ty\u00f6llistymist\u00e4 ja tuoda sek\u00e4 heille, ett\u00e4 yrityksellenne vihre\u00e4n siirtym\u00e4n osaamista.<\/p>\n\n\n\n<p><a rel=\"noreferrer noopener\" href=\"https:\/\/www.uusiouutiset.fi\/share\/6191\/e72eba\" target=\"_blank\">Lue Uusiouutisten artikkeli kiertotalouskoulutuksestamme \u00bb<\/a><\/p>\n\n\n\n<p>Tutkintoon johtava ty\u00f6voimakoulutus tarjoaa teille ajankohtaista osaamista ja resursseja toimintaanne. Opiskelija saa uuden tutkinnon ja sen lis\u00e4ksi h\u00e4nen ty\u00f6llistymismahdollisuutensa paranevat.<\/p>\n\n\n\n<p>RekryKoulutus on ty\u00f6voimakoulutusta, jossa ty\u00f6nhakijat saavat ty\u00f6nantajan tarvitseman ammattitaidon ja ty\u00f6llistyv\u00e4t kyseess\u00e4 olevan ty\u00f6nantajan palvelukseen koulutuksen p\u00e4\u00e4tytty\u00e4.<\/p>\n\n\n\n<h3 class=\"wp-block-heading\">Edut yrityksellenne<\/h3>\n\n\n\n<ul class=\"wp-block-list\">\n<li>osaamista kohdennettuun tarpeeseen<\/li>\n\n\n\n<li>ei ty\u00f6nantaja- eik\u00e4 palkanmaksuvelvoitetta koulutusajalta<\/li>\n\n\n\n<li>mahdollisuus riskitt\u00f6m\u00e4mp\u00e4\u00e4n ja veloituksettomaan rekrytointiin koulutusohjelman p\u00e4\u00e4tteeksi<\/li>\n<\/ul>\n\n\n\n<h2 class=\"wp-block-heading has-text-align-left\">Tutustu koulutuksiimme<\/h2>\n\n\n<div class=\"page-linkbox-block alignfull\">\r\n    <div class=\"container\">\r\n        <div class=\"acf-innerblocks-container\">\n\r\n<div class=\"page-linkbox has-turquoise-background-color \">\r\n    <img loading=\"lazy\" decoding=\"async\" width=\"800\" height=\"525\" src=\"https:\/\/sykli.fi\/demo\/wp-content\/uploads\/2022\/08\/resurssitehokkuus-1024x672.jpg\" class=\"attachment-large size-large\" alt=\"Resurssitehokkuus\" srcset=\"https:\/\/sykli.fi\/demo\/wp-content\/uploads\/2022\/08\/resurssitehokkuus-1024x672.jpg 1024w, https:\/\/sykli.fi\/demo\/wp-content\/uploads\/2022\/08\/resurssitehokkuus-300x197.jpg 300w, https:\/\/sykli.fi\/demo\/wp-content\/uploads\/2022\/08\/resurssitehokkuus-768x504.jpg 768w, https:\/\/sykli.fi\/demo\/wp-content\/uploads\/2022\/08\/resurssitehokkuus-1536x1008.jpg 1536w, https:\/\/sykli.fi\/demo\/wp-content\/uploads\/2022\/08\/resurssitehokkuus.jpg 1920w\" sizes=\"auto, (max-width: 800px) 100vw, 800px\" \/>    <a  href=\" https:\/\/sykli.fi\/demo\/tyoelamalle\/tyovoimakoulutukset\/f-e-c-ohjelma\/\" >\r\n        <h2>F.E.C-ohjelma<\/h2>\r\n\r\n        \r\n    <\/a>\r\n\r\n<\/div>\n\n\r\n<div class=\"page-linkbox has-turquoise-background-color \">\r\n    <img loading=\"lazy\" decoding=\"async\" width=\"800\" height=\"534\" src=\"https:\/\/sykli.fi\/demo\/wp-content\/uploads\/2023\/04\/shutterstock_749441887-osaajia-yritykselle-tyovoimakoulutukset.jpg\" class=\"attachment-large size-large\" alt=\"Pisaroita lehdell\u00e4.\" srcset=\"https:\/\/sykli.fi\/demo\/wp-content\/uploads\/2023\/04\/shutterstock_749441887-osaajia-yritykselle-tyovoimakoulutukset.jpg 1000w, https:\/\/sykli.fi\/demo\/wp-content\/uploads\/2023\/04\/shutterstock_749441887-osaajia-yritykselle-tyovoimakoulutukset-300x200.jpg 300w, https:\/\/sykli.fi\/demo\/wp-content\/uploads\/2023\/04\/shutterstock_749441887-osaajia-yritykselle-tyovoimakoulutukset-768x512.jpg 768w\" sizes=\"auto, (max-width: 800px) 100vw, 800px\" \/>    <a  href=\" https:\/\/sykli.fi\/demo\/tyoelamalle\/rekrytoivatpalvelut\/keko-ohjelma\/\" >\r\n        <h2>KEKO-ohjelma<\/h2>\r\n\r\n        \r\n    <\/a>\r\n\r\n<\/div>\n\n\r\n<div class=\"page-linkbox has-turquoise-background-color \">\r\n    <img loading=\"lazy\" decoding=\"async\" width=\"800\" height=\"534\" src=\"https:\/\/sykli.fi\/demo\/wp-content\/uploads\/2023\/04\/shutterstock_749441887-osaajia-yritykselle-tyovoimakoulutukset.jpg\" class=\"attachment-large size-large\" alt=\"Pisaroita lehdell\u00e4.\" srcset=\"https:\/\/sykli.fi\/demo\/wp-content\/uploads\/2023\/04\/shutterstock_749441887-osaajia-yritykselle-tyovoimakoulutukset.jpg 1000w, https:\/\/sykli.fi\/demo\/wp-content\/uploads\/2023\/04\/shutterstock_749441887-osaajia-yritykselle-tyovoimakoulutukset-300x200.jpg 300w, https:\/\/sykli.fi\/demo\/wp-content\/uploads\/2023\/04\/shutterstock_749441887-osaajia-yritykselle-tyovoimakoulutukset-768x512.jpg 768w\" sizes=\"auto, (max-width: 800px) 100vw, 800px\" \/>    <a  href=\" https:\/\/sykli.fi\/demo\/tyoelamalle\/tyovoimakoulutukset\/tutkintoon-johtavat-koulutukset\/\" >\r\n        <h2>Tutkintoon johtavat ty\u00f6voimakoulutukset<\/h2>\r\n\r\n        \r\n    <\/a>\r\n\r\n<\/div>\n\n\r\n<div class=\"page-linkbox has-turquoise-background-color \">\r\n    <img loading=\"lazy\" decoding=\"async\" width=\"800\" height=\"534\" src=\"https:\/\/sykli.fi\/demo\/wp-content\/uploads\/2023\/04\/shutterstock_749441887-osaajia-yritykselle-tyovoimakoulutukset.jpg\" class=\"attachment-large size-large\" alt=\"Pisaroita lehdell\u00e4.\" srcset=\"https:\/\/sykli.fi\/demo\/wp-content\/uploads\/2023\/04\/shutterstock_749441887-osaajia-yritykselle-tyovoimakoulutukset.jpg 1000w, https:\/\/sykli.fi\/demo\/wp-content\/uploads\/2023\/04\/shutterstock_749441887-osaajia-yritykselle-tyovoimakoulutukset-300x200.jpg 300w, https:\/\/sykli.fi\/demo\/wp-content\/uploads\/2023\/04\/shutterstock_749441887-osaajia-yritykselle-tyovoimakoulutukset-768x512.jpg 768w\" sizes=\"auto, (max-width: 800px) 100vw, 800px\" \/>    <a  href=\" https:\/\/sykli.fi\/demo\/tyoelamalle\/tyovoimakoulutukset\/rekrykoulutuksen-yritysten-rekrytointitarpeisiin\/\" >\r\n        <h2>RekryKoulutukset yritysten rekrytointitarpeisiin<\/h2>\r\n\r\n        \r\n    <\/a>\r\n\r\n<\/div>\n<\/div>\r\n\r\n    <\/div>\r\n<\/div>\n\n\r\n\r\n    <div class=\"reference-highlight-block\">\r\n                    <h2>Asiakastarinoita<\/h2>\r\n        \r\n        <div class=\"row\">\r\n\r\n            \r\n                <div class=\"col-md-4\">\r\n                    <a  href=\"https:\/\/sykli.fi\/demo\/tarinat\/tambest-oy-hiilijalanjalkilaskenta-toi-lisaa-tyokaluja-vastuullisuustyohon\/\" >\r\n                        <div class=\"reference-box\">\r\n\r\n                                                            <p class=\"reference-box-tag\">\r\n                                    <span>Asiakastarina<\/span>                                <\/p>\r\n                            \r\n                            <div class=\"reference-box-content\">\r\n                                <h3>Tambest Oy: hiilijalanj\u00e4lkilaskenta toi lis\u00e4\u00e4 ty\u00f6kaluja vastuullisuusty\u00f6h\u00f6n<\/h3>\r\n\r\n                                \r\n                                <div class=\"reference-box-excerpt\">\r\n                                    PIRTE\u00c4\u2013Pk-yritykset v\u00e4h\u00e4hiilisyyden edell\u00e4k\u00e4vij\u00f6iksi -hankkeessa mukana oleva Tambest Oy on suomalainen lasinjalostuksen ammattilainen, joka valmistaa arkkitehtonisia ja turvallisuuslaseja vaativiin k\u00e4ytt\u00f6kohteisiin. Yrityksen&hellip;                                <\/div>\r\n                            <\/div>\r\n                        <\/div>\r\n                    <\/a>\r\n                <\/div>\r\n\r\n            \r\n                <div class=\"col-md-4\">\r\n                    <a  href=\"https:\/\/sykli.fi\/demo\/tarinat\/alpit-nordic-vastuullisuus-on-alusta-lahtien-ollut-luonnollinen-osa-kasvuyrityksen-arkea\/\" >\r\n                        <div class=\"reference-box\">\r\n\r\n                                                            <p class=\"reference-box-tag\">\r\n                                    <span>Asiakastarina<\/span>                                <\/p>\r\n                            \r\n                            <div class=\"reference-box-content\">\r\n                                <h3>Alpit Nordic \u2013 vastuullisuus on alusta l\u00e4htien ollut luonnollinen osa kasvuyrityksen arkea<\/h3>\r\n\r\n                                \r\n                                <div class=\"reference-box-excerpt\">\r\n                                    Alpit Nordic on IT-asiantuntijayritys, joka toteuttaa laajoja kokonaisuuksia julkisella sektorilla ja toimii IT-laitteiden, -palveluiden ja -asiantuntijuuden kumppanina erikokoisille yksityisen sektorin&hellip;                                <\/div>\r\n                            <\/div>\r\n                        <\/div>\r\n                    <\/a>\r\n                <\/div>\r\n\r\n            \r\n                <div class=\"col-md-4\">\r\n                    <a  href=\"https:\/\/sykli.fi\/demo\/tarinat\/saimaan-tukipalvelut-kehittaa-henkilostonsa-kestavyysosaamista-syklin-ammattilaisen-kadenjalki-verkkokursseilla\/\" >\r\n                        <div class=\"reference-box\">\r\n\r\n                                                            <p class=\"reference-box-tag\">\r\n                                    <span>Asiakastarina<\/span>                                <\/p>\r\n                            \r\n                            <div class=\"reference-box-content\">\r\n                                <h3>Saimaan Tukipalvelut kehitt\u00e4\u00e4 henkil\u00f6st\u00f6ns\u00e4 kest\u00e4vyysosaamista Syklin Ammattilaisen k\u00e4denj\u00e4lki -verkkokursseilla<\/h3>\r\n\r\n                                                                    <ul class=\"reference-box-field\">\r\n                                        <li>Ammattilaisen k\u00e4denj\u00e4lki<\/li>                                    <\/ul>\r\n                                \r\n                                <div class=\"reference-box-excerpt\">\r\n                                    Kuva: Saimaan Tukipalvelut Oy Saimaan Tukipalvelut&nbsp;on ottanut t\u00e4rke\u00e4n askeleen henkil\u00f6st\u00f6ns\u00e4 kest\u00e4vyysosaamisen kehitt\u00e4misess\u00e4. Yhti\u00f6 on kouluttanut ty\u00f6ntekij\u00f6it\u00e4\u00e4n Syklin&nbsp;Ammattilaisen k\u00e4denj\u00e4lki\u2122&nbsp;-verkkokurssialustalla varmistaakseen kest\u00e4v\u00e4t,&hellip;                                <\/div>\r\n                            <\/div>\r\n                        <\/div>\r\n                    <\/a>\r\n                <\/div>\r\n\r\n            \r\n            <div class=\"wp-container is-content-justification-center wp-block-buttons\">\r\n                <div class=\"wp-block-button\">\r\n                    <a class=\"wp-block-button__link\" href=\"\r\n                     \r\n                    https:\/\/sykli.fi\/demo\/tyoelamalle\/tutustu-asiakastarinoihin\/\">\r\n                                        Lue lis\u00e4\u00e4 tarinoita\r\n                    <\/a>\r\n                <\/div>\r\n            <\/div>\r\n        <\/div>\r\n    <\/div>\r\n\n\n<h2>Kysy lis\u00e4\u00e4<\/h2>\r\n<div class=\"row\">\r\n                                <div class=\"col-md-6\">\r\n                    <div class=\"staff-box\">\r\n                        <div class=\"row\">\r\n                            <div class=\"col-4\">\r\n                                <img loading=\"lazy\" decoding=\"async\" width=\"1280\" height=\"1920\" src=\"https:\/\/sykli.fi\/demo\/wp-content\/uploads\/2022\/09\/saarnia-1-2.jpg\" class=\"attachment-post-thumbnail size-post-thumbnail wp-post-image\" alt=\"\" srcset=\"https:\/\/sykli.fi\/demo\/wp-content\/uploads\/2022\/09\/saarnia-1-2.jpg 1280w, https:\/\/sykli.fi\/demo\/wp-content\/uploads\/2022\/09\/saarnia-1-2-200x300.jpg 200w, https:\/\/sykli.fi\/demo\/wp-content\/uploads\/2022\/09\/saarnia-1-2-683x1024.jpg 683w, https:\/\/sykli.fi\/demo\/wp-content\/uploads\/2022\/09\/saarnia-1-2-768x1152.jpg 768w, https:\/\/sykli.fi\/demo\/wp-content\/uploads\/2022\/09\/saarnia-1-2-1024x1536.jpg 1024w\" sizes=\"auto, (max-width: 1280px) 100vw, 1280px\" \/>                            <\/div>\r\n                            <div class=\"col-8\">\r\n                                <h3>Jane Saarnia<\/h3>\r\n                                Johtaja, ratkaisut ja kumppanuudet                                <ul>\r\n                                    <li><svg xmlns=\"http:\/\/www.w3.org\/2000\/svg\" width=\"16\" height=\"16\" fill=\"currentColor\" class=\"bi bi-telephone-fill\" viewBox=\"0 0 16 16\">\r\n                                <path fill-rule=\"evenodd\" d=\"M1.885.511a1.745 1.745 0 0 1 2.61.163L6.29 2.98c.329.423.445.974.315 1.494l-.547 2.19a.678.678 0 0 0 .178.643l2.457 2.457a.678.678 0 0 0 .644.178l2.189-.547a1.745 1.745 0 0 1 1.494.315l2.306 1.794c.829.645.905 1.87.163 2.611l-1.034 1.034c-.74.74-1.846 1.065-2.877.702a18.634 18.634 0 0 1-7.01-4.42 18.634 18.634 0 0 1-4.42-7.009c-.362-1.03-.037-2.137.703-2.877L1.885.511z\"\/>\r\n                              <\/svg> <a href=\"tel:+358400678705\">0400 678 705<\/a><\/li><li><svg xmlns=\"http:\/\/www.w3.org\/2000\/svg\" width=\"16\" height=\"16\" fill=\"currentColor\" class=\"bi bi-envelope-fill\" viewBox=\"0 0 16 16\">\r\n                                <path d=\"M.05 3.555A2 2 0 0 1 2 2h12a2 2 0 0 1 1.95 1.555L8 8.414.05 3.555ZM0 4.697v7.104l5.803-3.558L0 4.697ZM6.761 8.83l-6.57 4.027A2 2 0 0 0 2 14h12a2 2 0 0 0 1.808-1.144l-6.57-4.027L8 9.586l-1.239-.757Zm3.436-.586L16 11.801V4.697l-5.803 3.546Z\"\/>\r\n                              <\/svg> <a href=\"mailto:jane.saarnia@sykli.fi\">jane.saarnia@sykli.fi<\/a><\/li>                                <\/ul>\r\n                            <\/div>\r\n                        <\/div>\r\n                    <\/div>\r\n                <\/div>\r\n    <\/div>","protected":false},"excerpt":{"rendered":"<p>Ty\u00f6voimakoulutuksista apua rekrytointiin Sykli j\u00e4rjest\u00e4\u00e4 ty\u00f6voimakoulutusta sek\u00e4 korkeasti koulutetuille, ett\u00e4 k\u00e4yt\u00e4nn\u00f6n ammatteihin suuntautuville. Ty\u00f6voimakoulutus on tehokas tapa l\u00f6yt\u00e4\u00e4 uusi osaava [&hellip;]<\/p>\n","protected":false},"author":1,"featured_media":63699,"parent":43,"menu_order":3,"comment_status":"open","ping_status":"open","template":"","meta":{"_acf_changed":false,"footnotes":""},"class_list":["post-73431","page","type-page","status-publish","has-post-thumbnail","hentry"],"acf":[],"_links":{"self":[{"href":"https:\/\/sykli.fi\/demo\/wp-json\/wp\/v2\/pages\/73431","targetHints":{"allow":["GET"]}}],"collection":[{"href":"https:\/\/sykli.fi\/demo\/wp-json\/wp\/v2\/pages"}],"about":[{"href":"https:\/\/sykli.fi\/demo\/wp-json\/wp\/v2\/types\/page"}],"author":[{"embeddable":true,"href":"https:\/\/sykli.fi\/demo\/wp-json\/wp\/v2\/users\/1"}],"replies":[{"embeddable":true,"href":"https:\/\/sykli.fi\/demo\/wp-json\/wp\/v2\/comments?post=73431"}],"version-history":[{"count":1,"href":"https:\/\/sykli.fi\/demo\/wp-json\/wp\/v2\/pages\/73431\/revisions"}],"predecessor-version":[{"id":73750,"href":"https:\/\/sykli.fi\/demo\/wp-json\/wp\/v2\/pages\/73431\/revisions\/73750"}],"up":[{"embeddable":true,"href":"https:\/\/sykli.fi\/demo\/wp-json\/wp\/v2\/pages\/43"}],"wp:featuredmedia":[{"embeddable":true,"href":"https:\/\/sykli.fi\/demo\/wp-json\/wp\/v2\/media\/63699"}],"wp:attachment":[{"href":"https:\/\/sykli.fi\/demo\/wp-json\/wp\/v2\/media?parent=73431"}],"curies":[{"name":"wp","href":"https:\/\/api.w.org\/{rel}","templated":true}]}}