{"id":72678,"date":"2025-10-06T11:19:34","date_gmt":"2025-10-06T08:19:34","guid":{"rendered":"https:\/\/sykli.fi\/?page_id=72678"},"modified":"2026-03-06T14:02:34","modified_gmt":"2026-03-06T12:02:34","slug":"vihrean-siirtyman-projektiasiantuntija","status":"publish","type":"page","link":"https:\/\/sykli.fi\/demo\/hakijalle\/haku-tyovoimakoulutuksiin\/tutkintoon-johtavat-tyovoimakoulutukset\/vihrean-siirtyman-projektiasiantuntija\/","title":{"rendered":"Vihre\u00e4n siirtym\u00e4n projektiosaaja"},"content":{"rendered":"\r\n<section id=\"hero-block_337ec3e5496b83eeba494cbbedd6b46e\" class=\"hero site-banner section-default default alignfull\">\r\n\r\n    <div class=\"site-banner-bg section-bg-image \" >\r\n\r\n        <img loading=\"lazy\" decoding=\"async\" width=\"1000\" height=\"667\" src=\"https:\/\/sykli.fi\/demo\/wp-content\/uploads\/2023\/04\/shutterstock_749441887-osaajia-yritykselle-tyovoimakoulutukset.jpg\" class=\"attachment-1536\u00d71536 size-1536\u00d71536\" alt=\"Pisaroita lehdell\u00e4.\" srcset=\"https:\/\/sykli.fi\/demo\/wp-content\/uploads\/2023\/04\/shutterstock_749441887-osaajia-yritykselle-tyovoimakoulutukset.jpg 1000w, https:\/\/sykli.fi\/demo\/wp-content\/uploads\/2023\/04\/shutterstock_749441887-osaajia-yritykselle-tyovoimakoulutukset-300x200.jpg 300w, https:\/\/sykli.fi\/demo\/wp-content\/uploads\/2023\/04\/shutterstock_749441887-osaajia-yritykselle-tyovoimakoulutukset-768x512.jpg 768w\" sizes=\"auto, (max-width: 1000px) 100vw, 1000px\" \/>\r\n        \r\n        \r\n            <div class=\"site-banner-content container\">\r\n                <div class=\"row w-100\">\r\n                    <div class=\"col-md-12\">\r\n                        <div class=\"hero-text-overlay\">\r\n                                                                <h1 class=\"hero-title\">Vihre\u00e4n siirtym\u00e4n projektiosaaja<\/h1>\r\n                            <div class=\"inner-content\">\r\n                            <div class=\"acf-innerblocks-container\"><\/div>\r\n                        <\/div>                        <\/div>\r\n                    <\/div>\r\n                <\/div>\r\n            <\/div>\r\n\r\n        <\/section>\n\n\n<h3 class=\"wp-block-heading has-yellow-background-color has-background\"><strong>Haku koulutukseen p\u00e4\u00e4ttynyt! <\/strong><br>Kysy alkavista koulutuksista:&nbsp;<a href=\"mailto:yritys-ja-urapalvelut@sykli.fi\">yritys-ja-urapalvelut@sykli.fi<\/a><br><\/h3>\n\n\n\n<h5 class=\"wp-block-heading\"><em>Oletko kiinnostunut kiertotaloudesta ja vastuullisesta liiketoiminnasta? Haluatko kehitt\u00e4\u00e4 osaamistasi kest\u00e4v\u00e4n kehityksen saralla?<\/em><\/h5>\n\n\n\n<p>Jos haluat olla mukana rakentamassa ekologisesti kest\u00e4v\u00e4\u00e4 kasvua ja taloutta, joka perustuu kiertotaloutta ja luonnon monimuotoisuutta edist\u00e4viin v\u00e4h\u00e4hiilisiin ratkaisuihin, hae nyt Syklin <strong>Vihre\u00e4n siirtym\u00e4n projektiosaaja<\/strong> -koulutukseen. Koulutuksen tavoitteena on opiskelijan ty\u00f6llistyminen kest\u00e4v\u00e4\u00e4 kehityst\u00e4 edist\u00e4viin teht\u00e4viin. Koulutuksen aikana suoritetaan ymp\u00e4rist\u00f6alan erikoisammattitutkinnon osat&nbsp;<em>Ymp\u00e4rist\u00f6alan kehitt\u00e4mishankkeen toteuttaminen<\/em>&nbsp;(40 osp) sek\u00e4&nbsp;<em>Toiminnan kehitt\u00e4minen kest\u00e4v\u00e4ll\u00e4 tavalla<\/em>&nbsp;(25 osp).<\/p>\n\n\n\n<p>Koulutus antaa hyv\u00e4t l\u00e4ht\u00f6kohdat oman aiemman osaamisen suuntaamiseen kest\u00e4v\u00e4n kehitykseen. Koulutus on tehokas tapa l\u00f6yt\u00e4\u00e4 tie ty\u00f6el\u00e4m\u00e4\u00e4n, koska se sis\u00e4lt\u00e4\u00e4 asiantuntijatason koulutussopimusjakson yhteisty\u00f6organisaatiossa. Koulutus on mahdollisuus p\u00e4\u00e4st\u00e4 n\u00e4ytt\u00e4m\u00e4\u00e4n osaamisesi ja potentiaalisi ty\u00f6el\u00e4m\u00e4ss\u00e4.<\/p>\n\n\n\n<p>Aiempien koulutusten opiskelijat ovat ty\u00f6skennelleet esimerkiksi ymp\u00e4rist\u00f6asiantuntijan, j\u00e4tehuollon suunnittelijan, vastuullisuuskoordinaattorin ja projekti-insin\u00f6\u00f6rin nimikkeill\u00e4. He ovat tehneet kehitt\u00e4mishankkeinaan esimerkiksi tuotteiden ymp\u00e4rist\u00f6vaikutusten arviointia, kiinteist\u00f6n energiatehokkuuden parantamista, j\u00e4tehuollon kokonaisuuden kehitt\u00e4mist\u00e4, elinkaariarviointia sek\u00e4 vesist\u00f6n kunnostussuunnitelman laatimista.<\/p>\n\n\n\n<div style=\"height:37px\" aria-hidden=\"true\" class=\"wp-block-spacer\"><\/div>\n\n\n\n<h3 class=\"wp-block-heading\">Kenelle koulutus sopii?<\/h3>\n\n\n\n<p>Koulutus on suunnattu uusmaalaisille ty\u00f6tt\u00f6mille ty\u00f6nhakijoille, joilla on vahvaa kiinnostusta vihre\u00e4n siirtym\u00e4n edist\u00e4miseen. Halu seurata kehityst\u00e4, innovaatioita ja hyvi\u00e4 k\u00e4yt\u00e4nt\u00f6j\u00e4 eri aloilla luo vahvaa pohjaa onnistuneelle koulutukselle. Voit olla urasi alussa tai t\u00e4ydent\u00e4\u00e4 takana olevaa pidemp\u00e4\u00e4 uraa t\u00e4ll\u00e4 ajankohtaisella osaamisella. Koulutuksessa edellytet\u00e4\u00e4n riitt\u00e4v\u00e4\u00e4 suomen kielen taitoa (A2) ja ICT-osaamista sek\u00e4 kyky\u00e4 oman ty\u00f6skentelyn ohjaamiseen.<\/p>\n\n\n\n<p>Koulutus soveltuu parhaiten korkeakoulutetuille. Vastaava ty\u00f6el\u00e4m\u00e4st\u00e4 hankittu osaaminen, kuten riitt\u00e4v\u00e4 asiantuntijatason ty\u00f6kokemus t\u00e4ytt\u00e4\u00e4 my\u00f6s hakukriteerit. Sopivan osaamispohjan antaa esimerkiksi tekninen, luonnontieteellinen, ymp\u00e4rist\u00f6tieteellinen, yhteiskuntatieteellinen, viestinn\u00e4n tai kaupallinen pohjakoulutus tai ty\u00f6kokemus.<\/p>\n\n\n\n<div style=\"height:37px\" aria-hidden=\"true\" class=\"wp-block-spacer\"><\/div>\n\n\n\n<h3 class=\"wp-block-heading\">Koulutuksen keskeiset sis\u00e4ll\u00f6t<\/h3>\n\n\n\n<ul class=\"wp-block-list\">\n<li>Materiaalitehokkuus, materiaalivirrat ja j\u00e4teasiat<\/li>\n\n\n\n<li>Energiatehokkuus, energiamurros, uusiutuva energia<\/li>\n\n\n\n<li>Hiilijalanj\u00e4ljen laskenta ja p\u00e4\u00e4st\u00f6v\u00e4hennykset<\/li>\n\n\n\n<li>Kiertotalous ja liiketoiminta<\/li>\n\n\n\n<li>Teko\u00e4ly ty\u00f6el\u00e4m\u00e4ss\u00e4<\/li>\n\n\n\n<li>Johdanto vastuullisuusraportointiin<\/li>\n\n\n\n<li>Kehitt\u00e4mishankkeen suunnittelu ja toteutus<\/li>\n\n\n\n<li>Kest\u00e4v\u00e4n kehityksen kartoitus organisaatiossa<\/li>\n\n\n\n<li>Sosiaalinen kest\u00e4vyys yritysten toiminnassa<\/li>\n<\/ul>\n\n\n\n<div style=\"height:37px\" aria-hidden=\"true\" class=\"wp-block-spacer\"><\/div>\n\n\n\n<h3 class=\"wp-block-heading\">Koulutuksen ajankohta ja kesto<\/h3>\n\n\n\n<p><strong>Koulutus kest\u00e4\u00e4<\/strong> 8 kuukautta ja se j\u00e4rjestet\u00e4\u00e4n ajalla <strong>12.1.-11.9.2026<\/strong>.<\/p>\n\n\n\n<p>Koulutusp\u00e4iv\u00e4t toteutetaan p\u00e4\u00e4s\u00e4\u00e4nt\u00f6isesti l\u00e4hiopetuksena Syklin tiloissa Pasilassa (Esterinportti 1, 3. krs., Helsinki). Koulutuksessa hy\u00f6dynnet\u00e4\u00e4n my\u00f6s et\u00e4- ja monimuoto-opetusta. <\/p>\n\n\n\n<p>Suurin osa oppimisesta (n. 6 kk) tapahtuu ty\u00f6ss\u00e4oppimisena yhteisty\u00f6organisaatiossa. Koulutukseen sis\u00e4ltyv\u00e4 ty\u00f6ss\u00e4oppimisjakso alkaa 1.3.2026. Ty\u00f6ss\u00e4oppimispaikan hakeminen alkaa heti koulutuksen alkaessa ja paikan etsimiseen saa tukea Syklist\u00e4. Paikan l\u00f6ytyminen on edellytys tutkinnonosien suorittamiselle ja koulutuksen loppuun saattamiselle.<\/p>\n\n\n\n<p>Koulutukseen sis\u00e4ltyy lomajakso: 6.-19.7.2026<\/p>\n\n\n\n<div style=\"height:37px\" aria-hidden=\"true\" class=\"wp-block-spacer\"><\/div>\n\n\n\n<h3 class=\"wp-block-heading\">Infotilaisuus<\/h3>\n\n\n\n<p>Koulutuksesta j\u00e4rjestettiin infotilaisuus Microsoft Teamsilla perjantaina 14.11.2025 klo 10.00.<\/p>\n\n\n\n<figure class=\"wp-block-embed is-type-video is-provider-youtube wp-block-embed-youtube wp-embed-aspect-16-9 wp-has-aspect-ratio\"><div class=\"wp-block-embed__wrapper\">\n<div class=\"ratio ratio-16x9\"><iframe loading=\"lazy\" title=\"Vihre\u00e4n siirtym\u00e4n projektiosaaja -koulutuksen infotilaisuus 14.11.2025\" width=\"800\" height=\"450\" src=\"https:\/\/www.youtube.com\/embed\/6-1Oq3Xgzrs?feature=oembed\" frameborder=\"0\" allow=\"accelerometer; autoplay; clipboard-write; encrypted-media; gyroscope; picture-in-picture; web-share\" referrerpolicy=\"strict-origin-when-cross-origin\" allowfullscreen><\/iframe><\/div>\n<\/div><\/figure>\n\n\n\n<div class=\"wp-block-buttons is-layout-flex wp-block-buttons-is-layout-flex\"><\/div>\n\n\n\n<div style=\"height:37px\" aria-hidden=\"true\" class=\"wp-block-spacer\"><\/div>\n\n\n<h2>Lis\u00e4tietoja koulutuksesta<\/h2>\r\n<div class=\"row\">\r\n                                <div class=\"col-md-6\">\r\n                    <div class=\"staff-box\">\r\n                        <div class=\"row\">\r\n                            <div class=\"col-4\">\r\n                                <img loading=\"lazy\" decoding=\"async\" width=\"150\" height=\"250\" src=\"https:\/\/sykli.fi\/demo\/wp-content\/uploads\/2022\/09\/riku-mustonen-2022-nettisivuille-mv.jpg\" class=\"attachment-post-thumbnail size-post-thumbnail wp-post-image\" alt=\"\" \/>                            <\/div>\r\n                            <div class=\"col-8\">\r\n                                <h3>Riku Mustonen<\/h3>\r\n                                Asiakkuusvastaava, Ammattilaisen k\u00e4denj\u00e4lki                                <ul>\r\n                                    <li><svg xmlns=\"http:\/\/www.w3.org\/2000\/svg\" width=\"16\" height=\"16\" fill=\"currentColor\" class=\"bi bi-telephone-fill\" viewBox=\"0 0 16 16\">\r\n                                <path fill-rule=\"evenodd\" d=\"M1.885.511a1.745 1.745 0 0 1 2.61.163L6.29 2.98c.329.423.445.974.315 1.494l-.547 2.19a.678.678 0 0 0 .178.643l2.457 2.457a.678.678 0 0 0 .644.178l2.189-.547a1.745 1.745 0 0 1 1.494.315l2.306 1.794c.829.645.905 1.87.163 2.611l-1.034 1.034c-.74.74-1.846 1.065-2.877.702a18.634 18.634 0 0 1-7.01-4.42 18.634 18.634 0 0 1-4.42-7.009c-.362-1.03-.037-2.137.703-2.877L1.885.511z\"\/>\r\n                              <\/svg> <a href=\"tel:+358503212913\">050 321 2913<\/a><\/li><li><svg xmlns=\"http:\/\/www.w3.org\/2000\/svg\" width=\"16\" height=\"16\" fill=\"currentColor\" class=\"bi bi-envelope-fill\" viewBox=\"0 0 16 16\">\r\n                                <path d=\"M.05 3.555A2 2 0 0 1 2 2h12a2 2 0 0 1 1.95 1.555L8 8.414.05 3.555ZM0 4.697v7.104l5.803-3.558L0 4.697ZM6.761 8.83l-6.57 4.027A2 2 0 0 0 2 14h12a2 2 0 0 0 1.808-1.144l-6.57-4.027L8 9.586l-1.239-.757Zm3.436-.586L16 11.801V4.697l-5.803 3.546Z\"\/>\r\n                              <\/svg> <a href=\"mailto:riku.mustonen@sykli.fi\">riku.mustonen@sykli.fi<\/a><\/li>                                <\/ul>\r\n                            <\/div>\r\n                        <\/div>\r\n                    <\/div>\r\n                <\/div>\r\n                                <div class=\"col-md-6\">\r\n                    <div class=\"staff-box\">\r\n                        <div class=\"row\">\r\n                            <div class=\"col-4\">\r\n                                <img loading=\"lazy\" decoding=\"async\" width=\"1697\" height=\"2417\" src=\"https:\/\/sykli.fi\/demo\/wp-content\/uploads\/2024\/02\/Henkilokuva_Virpi_Vuolahti_mv.jpg\" class=\"attachment-post-thumbnail size-post-thumbnail wp-post-image\" alt=\"\" srcset=\"https:\/\/sykli.fi\/demo\/wp-content\/uploads\/2024\/02\/Henkilokuva_Virpi_Vuolahti_mv.jpg 1697w, https:\/\/sykli.fi\/demo\/wp-content\/uploads\/2024\/02\/Henkilokuva_Virpi_Vuolahti_mv-211x300.jpg 211w, https:\/\/sykli.fi\/demo\/wp-content\/uploads\/2024\/02\/Henkilokuva_Virpi_Vuolahti_mv-719x1024.jpg 719w, https:\/\/sykli.fi\/demo\/wp-content\/uploads\/2024\/02\/Henkilokuva_Virpi_Vuolahti_mv-768x1094.jpg 768w, https:\/\/sykli.fi\/demo\/wp-content\/uploads\/2024\/02\/Henkilokuva_Virpi_Vuolahti_mv-1078x1536.jpg 1078w, https:\/\/sykli.fi\/demo\/wp-content\/uploads\/2024\/02\/Henkilokuva_Virpi_Vuolahti_mv-1438x2048.jpg 1438w\" sizes=\"auto, (max-width: 1697px) 100vw, 1697px\" \/>                            <\/div>\r\n                            <div class=\"col-8\">\r\n                                <h3>Virpi Vuolahti<\/h3>\r\n                                Koulutusvastaava                                <ul>\r\n                                    <li><svg xmlns=\"http:\/\/www.w3.org\/2000\/svg\" width=\"16\" height=\"16\" fill=\"currentColor\" class=\"bi bi-telephone-fill\" viewBox=\"0 0 16 16\">\r\n                                <path fill-rule=\"evenodd\" d=\"M1.885.511a1.745 1.745 0 0 1 2.61.163L6.29 2.98c.329.423.445.974.315 1.494l-.547 2.19a.678.678 0 0 0 .178.643l2.457 2.457a.678.678 0 0 0 .644.178l2.189-.547a1.745 1.745 0 0 1 1.494.315l2.306 1.794c.829.645.905 1.87.163 2.611l-1.034 1.034c-.74.74-1.846 1.065-2.877.702a18.634 18.634 0 0 1-7.01-4.42 18.634 18.634 0 0 1-4.42-7.009c-.362-1.03-.037-2.137.703-2.877L1.885.511z\"\/>\r\n                              <\/svg> <a href=\"tel:+358447225939\">044 722 5939<\/a><\/li><li><svg xmlns=\"http:\/\/www.w3.org\/2000\/svg\" width=\"16\" height=\"16\" fill=\"currentColor\" class=\"bi bi-envelope-fill\" viewBox=\"0 0 16 16\">\r\n                                <path d=\"M.05 3.555A2 2 0 0 1 2 2h12a2 2 0 0 1 1.95 1.555L8 8.414.05 3.555ZM0 4.697v7.104l5.803-3.558L0 4.697ZM6.761 8.83l-6.57 4.027A2 2 0 0 0 2 14h12a2 2 0 0 0 1.808-1.144l-6.57-4.027L8 9.586l-1.239-.757Zm3.436-.586L16 11.801V4.697l-5.803 3.546Z\"\/>\r\n                              <\/svg> <a href=\"mailto:virpi.vuolahti@sykli.fi\">virpi.vuolahti@sykli.fi<\/a><\/li>                                <\/ul>\r\n                            <\/div>\r\n                        <\/div>\r\n                    <\/div>\r\n                <\/div>\r\n    <\/div>","protected":false},"excerpt":{"rendered":"<p>Haku koulutukseen p\u00e4\u00e4ttynyt! Kysy alkavista koulutuksista:&nbsp;yritys-ja-urapalvelut@sykli.fi Oletko kiinnostunut kiertotaloudesta ja vastuullisesta liiketoiminnasta? Haluatko kehitt\u00e4\u00e4 osaamistasi kest\u00e4v\u00e4n kehityksen saralla? Jos haluat [&hellip;]<\/p>\n","protected":false},"author":10,"featured_media":63699,"parent":62815,"menu_order":0,"comment_status":"closed","ping_status":"closed","template":"","meta":{"_acf_changed":false,"footnotes":""},"class_list":["post-72678","page","type-page","status-publish","has-post-thumbnail","hentry"],"acf":[],"_links":{"self":[{"href":"https:\/\/sykli.fi\/demo\/wp-json\/wp\/v2\/pages\/72678","targetHints":{"allow":["GET"]}}],"collection":[{"href":"https:\/\/sykli.fi\/demo\/wp-json\/wp\/v2\/pages"}],"about":[{"href":"https:\/\/sykli.fi\/demo\/wp-json\/wp\/v2\/types\/page"}],"author":[{"embeddable":true,"href":"https:\/\/sykli.fi\/demo\/wp-json\/wp\/v2\/users\/10"}],"replies":[{"embeddable":true,"href":"https:\/\/sykli.fi\/demo\/wp-json\/wp\/v2\/comments?post=72678"}],"version-history":[{"count":10,"href":"https:\/\/sykli.fi\/demo\/wp-json\/wp\/v2\/pages\/72678\/revisions"}],"predecessor-version":[{"id":73838,"href":"https:\/\/sykli.fi\/demo\/wp-json\/wp\/v2\/pages\/72678\/revisions\/73838"}],"up":[{"embeddable":true,"href":"https:\/\/sykli.fi\/demo\/wp-json\/wp\/v2\/pages\/62815"}],"wp:featuredmedia":[{"embeddable":true,"href":"https:\/\/sykli.fi\/demo\/wp-json\/wp\/v2\/media\/63699"}],"wp:attachment":[{"href":"https:\/\/sykli.fi\/demo\/wp-json\/wp\/v2\/media?parent=72678"}],"curies":[{"name":"wp","href":"https:\/\/api.w.org\/{rel}","templated":true}]}}