{"id":72616,"date":"2025-10-01T14:37:21","date_gmt":"2025-10-01T11:37:21","guid":{"rendered":"https:\/\/sykli.fi\/?page_id=72616"},"modified":"2025-10-16T13:59:11","modified_gmt":"2025-10-16T10:59:11","slug":"vihrean-siirtyman-edistaminen","status":"publish","type":"page","link":"https:\/\/sykli.fi\/demo\/hakijalle\/ymparistoalan-ammattitutkinto\/ammattitutkinnon-tutkinnon-osien-koulutukset\/vihrean-siirtyman-edistaminen\/","title":{"rendered":"Vihre\u00e4n siirtym\u00e4n edist\u00e4minen"},"content":{"rendered":"\r\n<section id=\"hero-block_d364e785cc6a00b27ae72a52ec88eb3a\" class=\"hero site-banner section-default default alignfull\">\r\n\r\n    <div class=\"site-banner-bg section-bg-image \" >\r\n\r\n        <img loading=\"lazy\" decoding=\"async\" width=\"2560\" height=\"1440\" src=\"https:\/\/sykli.fi\/demo\/wp-content\/uploads\/2025\/01\/Kestavyysrapsakoulutus-scaled.jpg\" class=\"attachment-1536\u00d71536 size-1536\u00d71536\" alt=\"Kest\u00e4vyysraportointi\" srcset=\"https:\/\/sykli.fi\/demo\/wp-content\/uploads\/2025\/01\/Kestavyysrapsakoulutus-scaled.jpg 2560w, https:\/\/sykli.fi\/demo\/wp-content\/uploads\/2025\/01\/Kestavyysrapsakoulutus-300x169.jpg 300w, https:\/\/sykli.fi\/demo\/wp-content\/uploads\/2025\/01\/Kestavyysrapsakoulutus-1024x576.jpg 1024w, https:\/\/sykli.fi\/demo\/wp-content\/uploads\/2025\/01\/Kestavyysrapsakoulutus-768x432.jpg 768w, https:\/\/sykli.fi\/demo\/wp-content\/uploads\/2025\/01\/Kestavyysrapsakoulutus-1536x864.jpg 1536w, https:\/\/sykli.fi\/demo\/wp-content\/uploads\/2025\/01\/Kestavyysrapsakoulutus-2048x1152.jpg 2048w\" sizes=\"auto, (max-width: 2560px) 100vw, 2560px\" \/>\r\n        \r\n        \r\n            <div class=\"site-banner-content container\">\r\n                <div class=\"row w-100\">\r\n                    <div class=\"col-md-12\">\r\n                        <div class=\"hero-text-overlay\">\r\n                                                                <h1 class=\"hero-title\">Vihre\u00e4n siirtym\u00e4n edist\u00e4minen<\/h1>\r\n                            <div class=\"inner-content\">\r\n                            <div class=\"acf-innerblocks-container\">\n\n<p>Tutkinnon osan koulutus<\/p>\n\n<\/div>\r\n                        <\/div>                        <\/div>\r\n                    <\/div>\r\n                <\/div>\r\n            <\/div>\r\n\r\n        <\/section>\n\n\n<h2 class=\"wp-block-heading\">Vihre\u00e4 siirtym\u00e4 \u2013 kohti kest\u00e4v\u00e4\u00e4 ja hiilineutraalia tulevaisuutta!&nbsp;<\/h2>\n\n\n\n<p>Haluatko olla mukana rakentamassa ymp\u00e4rist\u00f6yst\u00e4v\u00e4llisemp\u00e4\u00e4 ja kest\u00e4v\u00e4mp\u00e4\u00e4 maailmaa?&nbsp;Vihre\u00e4 siirtym\u00e4 tarkoittaa fossiilisten polttoaineiden korvaamista puhtailla, kiertotaloutta ja luonnon monimuotoisuutta tukevilla ratkaisuilla.&nbsp;Se tarkoittaa siirtymist\u00e4 lineaarisesta talousj\u00e4rjestelm\u00e4st\u00e4 kohti kiertotaloutta.&nbsp;Se on suuri muutos, joka vaikuttaa kaikkiin toimialoihin ja avaa uusia mahdollisuuksia kest\u00e4v\u00e4\u00e4n kasvuun.&nbsp;Osaamisen kasvattamista tarvitaan kaikilla aloilla.&nbsp;<\/p>\n\n\n\n<p>T\u00e4ss\u00e4 koulutuksessa opit:&nbsp;<\/p>\n\n\n\n<ul class=\"wp-block-list\">\n<li>Ymm\u00e4rt\u00e4m\u00e4\u00e4n vihre\u00e4n siirtym\u00e4n tavoitteet, keskeiset k\u00e4sitteet ja systeemisyyden<\/li>\n\n\n\n<li>Tunnistamaan oman toimialasi ymp\u00e4rist\u00f6vaikutukset ja haasteet<\/li>\n\n\n\n<li>Arvioimaan vihre\u00e4n siirtym\u00e4n teknologioita ja innovaatioita<\/li>\n\n\n\n<li>Suunnittelemaan ja toteuttamaan konkreettisia toimenpiteit\u00e4 ymp\u00e4rist\u00f6vastuun lis\u00e4\u00e4miseksi<\/li>\n\n\n\n<li>Viestim\u00e4\u00e4n ja innostamaan ty\u00f6yhteis\u00f6\u00e4si tai yhteisty\u00f6tahoja mukaan kest\u00e4v\u00e4\u00e4n toimintaan&nbsp;<\/li>\n<\/ul>\n\n\n\n<h2 class=\"wp-block-heading\">Osaamislupauksemme:\u202f&nbsp;&nbsp;<\/h2>\n\n\n\n<ul class=\"wp-block-list\">\n<li>Opiskelija osaa kuvata vihre\u00e4n siirtym\u00e4n tavoitteet ja keskeiset k\u00e4sitteet.<\/li>\n\n\n\n<li>Opiskelija osaa tunnistaa toimialansa ymp\u00e4rist\u00f6vaikutukset ja vihre\u00e4n siirtym\u00e4n haasteet.<\/li>\n\n\n\n<li>Opiskelija osaa arvioida vihreit\u00e4 teknologioita ja rakenteellisia muutoksia.<\/li>\n\n\n\n<li>Opiskelija osaa analysoida toimintatapojen ymp\u00e4rist\u00f6vaikutuksia.<\/li>\n\n\n\n<li>Opiskelija osaa suunnitella ja arvioida vihre\u00e4n siirtym\u00e4n toimenpiteit\u00e4.<\/li>\n\n\n\n<li>Opiskelija osaa toteuttaa toimenpiteit\u00e4 ja viesti\u00e4 niist\u00e4 ty\u00f6yhteis\u00f6ss\u00e4.&nbsp;<br><\/li>\n<\/ul>\n\n\n\n<h2 class=\"wp-block-heading\">Koulutuksen suorittaminen<\/h2>\n\n\n\n<p>Koulutus sis\u00e4lt\u00e4\u00e4 yhden vuorovaikutteisen verkko-opetusp\u00e4iv\u00e4n ja verkkokurssin.&nbsp;<\/p>\n\n\n\n<h2 class=\"wp-block-heading\">Tietoa Vihre\u00e4n siirtym\u00e4n edist\u00e4minen -tutkinnon osan suorittamisesta&nbsp;&nbsp;<\/h2>\n\n\n\n<p>T\u00e4h\u00e4n koulutukseen osallistuneilla on mahdollisuus osoittaa osaaminen n\u00e4yt\u00f6ss\u00e4 ja suorittaa Ymp\u00e4rist\u00f6alan ammattitutkinnon tutkinnon osa nimelt\u00e4&nbsp;Vihre\u00e4n siirtym\u00e4n edist\u00e4minen. Tutkinnon osan laajuus on 15 osaamispistett\u00e4.&nbsp;&nbsp;<\/p>\n\n\n\n<p>Opiskelija osoittaa ammattitaitonsa n\u00e4yt\u00f6ss\u00e4 toimimalla ymp\u00e4rist\u00f6alan k\u00e4yt\u00e4nn\u00f6n ty\u00f6teht\u00e4viss\u00e4. Silt\u00e4 osin kuin tutkinnon osassa vaadittua ammattitaitoa ei voida arvioida n\u00e4yt\u00f6n perusteella, ammattitaidon osoittamista t\u00e4ydennet\u00e4\u00e4n yksil\u00f6llisesti muilla tavoin.&nbsp;&nbsp;<\/p>\n\n\n\n<p>Tutustu Ymp\u00e4rist\u00f6alan ammattitutkinnon tutkinnonperusteisiin ja \u201cVihre\u00e4n siirtym\u00e4n edist\u00e4minen\u201d -tutkinnon osan vaatimuksiin tarkemmin opintopolun&nbsp;<a href=\"https:\/\/eperusteet.opintopolku.fi\/#\/fi\/ammatillinen\/9425412\/tutkinnonosat\/9426194\" target=\"_blank\" rel=\"noreferrer noopener\">ePerusteissa<\/a>.&nbsp;<\/p>\n\n\n\n<hr class=\"wp-block-separator has-alpha-channel-opacity is-style-wide\"\/>\n\n\n\n<h2 class=\"wp-block-heading\">Ilmoittaudu koulutukseen<\/h2>\n\n\n\n<p><a href=\"https:\/\/ssl.eventilla.com\/vihrean-siirtyman-edistaminen-huhti2026\" target=\"_blank\" rel=\"noreferrer noopener\">Vihre\u00e4n siirtym\u00e4n edist\u00e4minen, huhtikuu 2026<\/a><\/p>\n\n\n\n<p><a href=\"https:\/\/ssl.eventilla.com\/vihrean-siirtyman-edistaminen-marras2026\" target=\"_blank\" rel=\"noreferrer noopener\">Vihre\u00e4n siirtym\u00e4n edist\u00e4minen, marraskuu 2026<\/a><\/p>\n\n\n\n<hr class=\"wp-block-separator has-alpha-channel-opacity is-style-wide\"\/>\n\n\n<h2>Kysy lis\u00e4\u00e4<\/h2>\r\n<div class=\"row\">\r\n                                <div class=\"col-md-6\">\r\n                    <div class=\"staff-box\">\r\n                        <div class=\"row\">\r\n                            <div class=\"col-4\">\r\n                                <img loading=\"lazy\" decoding=\"async\" width=\"150\" height=\"250\" src=\"https:\/\/sykli.fi\/demo\/wp-content\/uploads\/2022\/09\/Aura_Piha_2019_nettisivuille_mv.jpg\" class=\"attachment-post-thumbnail size-post-thumbnail wp-post-image\" alt=\"\" \/>                            <\/div>\r\n                            <div class=\"col-8\">\r\n                                <h3>Aura Piha<\/h3>\r\n                                Verkkokurssivastaava, Ammattilaisen k\u00e4denj\u00e4lki                                <ul>\r\n                                    <li><svg xmlns=\"http:\/\/www.w3.org\/2000\/svg\" width=\"16\" height=\"16\" fill=\"currentColor\" class=\"bi bi-telephone-fill\" viewBox=\"0 0 16 16\">\r\n                                <path fill-rule=\"evenodd\" d=\"M1.885.511a1.745 1.745 0 0 1 2.61.163L6.29 2.98c.329.423.445.974.315 1.494l-.547 2.19a.678.678 0 0 0 .178.643l2.457 2.457a.678.678 0 0 0 .644.178l2.189-.547a1.745 1.745 0 0 1 1.494.315l2.306 1.794c.829.645.905 1.87.163 2.611l-1.034 1.034c-.74.74-1.846 1.065-2.877.702a18.634 18.634 0 0 1-7.01-4.42 18.634 18.634 0 0 1-4.42-7.009c-.362-1.03-.037-2.137.703-2.877L1.885.511z\"\/>\r\n                              <\/svg> <a href=\"tel:+358504642696\">050 464 2696<\/a><\/li><li><svg xmlns=\"http:\/\/www.w3.org\/2000\/svg\" width=\"16\" height=\"16\" fill=\"currentColor\" class=\"bi bi-envelope-fill\" viewBox=\"0 0 16 16\">\r\n                                <path d=\"M.05 3.555A2 2 0 0 1 2 2h12a2 2 0 0 1 1.95 1.555L8 8.414.05 3.555ZM0 4.697v7.104l5.803-3.558L0 4.697ZM6.761 8.83l-6.57 4.027A2 2 0 0 0 2 14h12a2 2 0 0 0 1.808-1.144l-6.57-4.027L8 9.586l-1.239-.757Zm3.436-.586L16 11.801V4.697l-5.803 3.546Z\"\/>\r\n                              <\/svg> <a href=\"mailto:aura.piha@sykli.fi\">aura.piha@sykli.fi<\/a><\/li>                                <\/ul>\r\n                            <\/div>\r\n                        <\/div>\r\n                    <\/div>\r\n                <\/div>\r\n    <\/div>","protected":false},"excerpt":{"rendered":"<p>Vihre\u00e4 siirtym\u00e4 \u2013 kohti kest\u00e4v\u00e4\u00e4 ja hiilineutraalia tulevaisuutta!&nbsp; Haluatko olla mukana rakentamassa ymp\u00e4rist\u00f6yst\u00e4v\u00e4llisemp\u00e4\u00e4 ja kest\u00e4v\u00e4mp\u00e4\u00e4 maailmaa?&nbsp;Vihre\u00e4 siirtym\u00e4 tarkoittaa fossiilisten polttoaineiden [&hellip;]<\/p>\n","protected":false},"author":7,"featured_media":70155,"parent":72605,"menu_order":0,"comment_status":"closed","ping_status":"closed","template":"","meta":{"_acf_changed":false,"footnotes":""},"class_list":["post-72616","page","type-page","status-publish","has-post-thumbnail","hentry"],"acf":[],"_links":{"self":[{"href":"https:\/\/sykli.fi\/demo\/wp-json\/wp\/v2\/pages\/72616","targetHints":{"allow":["GET"]}}],"collection":[{"href":"https:\/\/sykli.fi\/demo\/wp-json\/wp\/v2\/pages"}],"about":[{"href":"https:\/\/sykli.fi\/demo\/wp-json\/wp\/v2\/types\/page"}],"author":[{"embeddable":true,"href":"https:\/\/sykli.fi\/demo\/wp-json\/wp\/v2\/users\/7"}],"replies":[{"embeddable":true,"href":"https:\/\/sykli.fi\/demo\/wp-json\/wp\/v2\/comments?post=72616"}],"version-history":[{"count":2,"href":"https:\/\/sykli.fi\/demo\/wp-json\/wp\/v2\/pages\/72616\/revisions"}],"predecessor-version":[{"id":72817,"href":"https:\/\/sykli.fi\/demo\/wp-json\/wp\/v2\/pages\/72616\/revisions\/72817"}],"up":[{"embeddable":true,"href":"https:\/\/sykli.fi\/demo\/wp-json\/wp\/v2\/pages\/72605"}],"wp:featuredmedia":[{"embeddable":true,"href":"https:\/\/sykli.fi\/demo\/wp-json\/wp\/v2\/media\/70155"}],"wp:attachment":[{"href":"https:\/\/sykli.fi\/demo\/wp-json\/wp\/v2\/media?parent=72616"}],"curies":[{"name":"wp","href":"https:\/\/api.w.org\/{rel}","templated":true}]}}