{"id":72610,"date":"2025-10-01T14:21:44","date_gmt":"2025-10-01T11:21:44","guid":{"rendered":"https:\/\/sykli.fi\/?page_id=72610"},"modified":"2025-10-23T15:41:17","modified_gmt":"2025-10-23T12:41:17","slug":"tekoalyn-hyodyntaminen-tyoprosessissa","status":"publish","type":"page","link":"https:\/\/sykli.fi\/demo\/hakijalle\/ymparistoalan-ammattitutkinto\/ammattitutkinnon-tutkinnon-osien-koulutukset\/tekoalyn-hyodyntaminen-tyoprosessissa\/","title":{"rendered":"Teko\u00e4lyn hy\u00f6dynt\u00e4minen ty\u00f6prosessissa"},"content":{"rendered":"\r\n<section id=\"hero-block_01200064e102b2268857209cda84c93b\" class=\"hero site-banner section-default default alignfull\">\r\n\r\n    <div class=\"site-banner-bg section-bg-image \" >\r\n\r\n        <img loading=\"lazy\" decoding=\"async\" width=\"2560\" height=\"1707\" src=\"https:\/\/sykli.fi\/demo\/wp-content\/uploads\/2025\/10\/shutterstock_2323413343-scaled.jpg\" class=\"attachment-1536\u00d71536 size-1536\u00d71536\" alt=\"\" srcset=\"https:\/\/sykli.fi\/demo\/wp-content\/uploads\/2025\/10\/shutterstock_2323413343-scaled.jpg 2560w, https:\/\/sykli.fi\/demo\/wp-content\/uploads\/2025\/10\/shutterstock_2323413343-300x200.jpg 300w, https:\/\/sykli.fi\/demo\/wp-content\/uploads\/2025\/10\/shutterstock_2323413343-1024x683.jpg 1024w, https:\/\/sykli.fi\/demo\/wp-content\/uploads\/2025\/10\/shutterstock_2323413343-768x512.jpg 768w, https:\/\/sykli.fi\/demo\/wp-content\/uploads\/2025\/10\/shutterstock_2323413343-1536x1024.jpg 1536w, https:\/\/sykli.fi\/demo\/wp-content\/uploads\/2025\/10\/shutterstock_2323413343-2048x1365.jpg 2048w\" sizes=\"auto, (max-width: 2560px) 100vw, 2560px\" \/>\r\n        \r\n        \r\n            <div class=\"site-banner-content container\">\r\n                <div class=\"row w-100\">\r\n                    <div class=\"col-md-12\">\r\n                        <div class=\"hero-text-overlay\">\r\n                                                                <h1 class=\"hero-title\">Teko\u00e4lyn hy\u00f6dynt\u00e4minen ty\u00f6prosessissa<\/h1>\r\n                            <div class=\"inner-content\">\r\n                            <div class=\"acf-innerblocks-container\">\n\n<p>Tutkinnon osan koulutus<\/p>\n\n<\/div>\r\n                        <\/div>                        <\/div>\r\n                    <\/div>\r\n                <\/div>\r\n            <\/div>\r\n\r\n        <\/section>\n\n\n<h2 class=\"wp-block-heading\">Teko\u00e4ly haltuun \u2013 opi hy\u00f6dynt\u00e4m\u00e4\u00e4n teko\u00e4ly\u00e4 vastuullisesti ja tarkoituksenmukaisesti<\/h2>\n\n\n\n<p>Koulutuksen aikana vahvistat osaamistasi generatiivisen teko\u00e4lyn vastuullisesta k\u00e4yt\u00f6st\u00e4, tietoturvasta ja teko\u00e4lyn hy\u00f6dynt\u00e4misest\u00e4 ty\u00f6prosessien eri vaiheissa. Opit tunnistamaan teko\u00e4lyn k\u00e4ytt\u00f6\u00f6n liittyv\u00e4t keskeisi\u00e4 s\u00e4\u00e4d\u00f6ksi\u00e4 ja saat k\u00e4yt\u00e4nn\u00f6n valmiudet soveltaa teko\u00e4lyty\u00f6kaluja eettisesti ja tarkoituksenmukaisesti omassa ty\u00f6ss\u00e4si.&nbsp;<\/p>\n\n\n\n<h2 class=\"wp-block-heading\">Osaamislupauksemme:&nbsp;<\/h2>\n\n\n\n<ul class=\"wp-block-list\">\n<li>Opiskelija ymm\u00e4rt\u00e4\u00e4 vastuullisen teko\u00e4lyn k\u00e4yt\u00f6n periaatteet ja oman roolinsa eettisen\u00e4 k\u00e4ytt\u00e4j\u00e4n\u00e4.<\/li>\n\n\n\n<li>Opiskelija tuntee teko\u00e4lyn keskeiset s\u00e4\u00e4d\u00f6kset, tietosuojavaatimukset ja osaa soveltaa niit\u00e4 ty\u00f6ss\u00e4\u00e4n.<\/li>\n\n\n\n<li>Opiskelija osaa valita ja hy\u00f6dynt\u00e4\u00e4 ty\u00f6teht\u00e4v\u00e4\u00e4n sopivia teko\u00e4lyty\u00f6kaluja eri ty\u00f6prosessien vaiheissa.<\/li>\n\n\n\n<li>Opiskelija osaa laatia teko\u00e4lylle tarkoituksenmukaisia kehotteita ja arvioida tuotosten laatua ja luotettavuutta.<\/li>\n\n\n\n<li>Opiskelija tunnistaa teko\u00e4lyn sis\u00e4lt\u00f6ihin liittyv\u00e4t riskit ja osaa huomioida ne k\u00e4yt\u00e4nn\u00f6n ty\u00f6ss\u00e4.<\/li>\n\n\n\n<li>Opiskelija jakaa kokemuksia teko\u00e4lyn k\u00e4yt\u00f6st\u00e4, osallistuu kehitt\u00e4miseen ja kehitt\u00e4\u00e4 omaa osaamistaan aktiivisesti.&nbsp;<\/li>\n<\/ul>\n\n\n\n<h2 class=\"wp-block-heading\">Koulutuksen suorittaminen<\/h2>\n\n\n\n<p>Koulutus sis\u00e4lt\u00e4\u00e4 yhden vuorovaikutteisen verkko-opetusp\u00e4iv\u00e4n ja verkkokurssin.&nbsp;&nbsp;<\/p>\n\n\n\n<h2 class=\"wp-block-heading\">Tietoa Teko\u00e4lyn hy\u00f6dynt\u00e4minen ty\u00f6prosessissa -tutkinnon osan suorittamisesta&nbsp;&nbsp;<\/h2>\n\n\n\n<p>T\u00e4h\u00e4n koulutukseen osallistuneilla on mahdollisuus osoittaa osaaminen n\u00e4yt\u00f6ss\u00e4 ja suorittaa Ymp\u00e4rist\u00f6alan ammattitutkinnon tutkinnon osa nimelt\u00e4&nbsp;Teko\u00e4lyn hy\u00f6dynt\u00e4minen ty\u00f6prosessissa. Tutkinnon osan laajuus on 15 osaamispistett\u00e4.&nbsp;Opiskelija osoittaa ammattitaitonsa n\u00e4yt\u00f6ss\u00e4 toimimalla ymp\u00e4rist\u00f6alan k\u00e4yt\u00e4nn\u00f6n ty\u00f6teht\u00e4viss\u00e4. Silt\u00e4 osin kuin tutkinnon osassa vaadittua ammattitaitoa ei voida arvioida n\u00e4yt\u00f6n perusteella, ammattitaidon osoittamista t\u00e4ydennet\u00e4\u00e4n yksil\u00f6llisesti muilla tavoin.&nbsp;&nbsp;<\/p>\n\n\n\n<p>Tutustu Ymp\u00e4rist\u00f6alan ammattitutkinnon tutkinnonperusteisiin ja \u201cTeko\u00e4lyn hy\u00f6dynt\u00e4minen ty\u00f6prosessissa\u201d -tutkinnon osan vaatimuksiin tarkemmin opintopolun&nbsp;<a href=\"https:\/\/eperusteet.opintopolku.fi\/#\/fi\/ammatillinen\/9425412\/tutkinnonosat\/9426193\" target=\"_blank\" rel=\"noreferrer noopener\">ePerusteissa<\/a>. &nbsp;<\/p>\n\n\n\n<hr class=\"wp-block-separator has-alpha-channel-opacity is-style-wide\"\/>\n\n\n\n<h2 class=\"wp-block-heading\">Ilmoittaudu koulutukseen<\/h2>\n\n\n\n<p><a href=\"https:\/\/ssl.eventilla.com\/tekoaly-tyoprosessi-maaliskuu26\" target=\"_blank\" rel=\"noreferrer noopener\">Teko\u00e4lyn hy\u00f6dynt\u00e4minen ty\u00f6prosessissa, maaliskuu 2026<\/a><br><a href=\"https:\/\/ssl.eventilla.com\/tekoaly-tyoprosessissa-marras2026\" target=\"_blank\" rel=\"noreferrer noopener\">Teko\u00e4lyn hy\u00f6dynt\u00e4minen ty\u00f6prosessissa, marraskuu 2026<\/a><\/p>\n\n\n\n<hr class=\"wp-block-separator has-alpha-channel-opacity is-style-wide\"\/>\n\n\n<h2>Kysy lis\u00e4\u00e4<\/h2>\r\n<div class=\"row\">\r\n                                <div class=\"col-md-6\">\r\n                    <div class=\"staff-box\">\r\n                        <div class=\"row\">\r\n                            <div class=\"col-4\">\r\n                                <img loading=\"lazy\" decoding=\"async\" width=\"150\" height=\"250\" src=\"https:\/\/sykli.fi\/demo\/wp-content\/uploads\/2022\/09\/ari-laitala-2022-nettisivuille-mv.jpg\" class=\"attachment-post-thumbnail size-post-thumbnail wp-post-image\" alt=\"Ari Laitala\" \/>                            <\/div>\r\n                            <div class=\"col-8\">\r\n                                <h3>Ari Laitala<\/h3>\r\n                                Asiantuntija, hankkeet ja kehitt\u00e4minen                                <ul>\r\n                                    <li><svg xmlns=\"http:\/\/www.w3.org\/2000\/svg\" width=\"16\" height=\"16\" fill=\"currentColor\" class=\"bi bi-telephone-fill\" viewBox=\"0 0 16 16\">\r\n                                <path fill-rule=\"evenodd\" d=\"M1.885.511a1.745 1.745 0 0 1 2.61.163L6.29 2.98c.329.423.445.974.315 1.494l-.547 2.19a.678.678 0 0 0 .178.643l2.457 2.457a.678.678 0 0 0 .644.178l2.189-.547a1.745 1.745 0 0 1 1.494.315l2.306 1.794c.829.645.905 1.87.163 2.611l-1.034 1.034c-.74.74-1.846 1.065-2.877.702a18.634 18.634 0 0 1-7.01-4.42 18.634 18.634 0 0 1-4.42-7.009c-.362-1.03-.037-2.137.703-2.877L1.885.511z\"\/>\r\n                              <\/svg> <a href=\"tel:+358505668998\">050 566 8998<\/a><\/li><li><svg xmlns=\"http:\/\/www.w3.org\/2000\/svg\" width=\"16\" height=\"16\" fill=\"currentColor\" class=\"bi bi-envelope-fill\" viewBox=\"0 0 16 16\">\r\n                                <path d=\"M.05 3.555A2 2 0 0 1 2 2h12a2 2 0 0 1 1.95 1.555L8 8.414.05 3.555ZM0 4.697v7.104l5.803-3.558L0 4.697ZM6.761 8.83l-6.57 4.027A2 2 0 0 0 2 14h12a2 2 0 0 0 1.808-1.144l-6.57-4.027L8 9.586l-1.239-.757Zm3.436-.586L16 11.801V4.697l-5.803 3.546Z\"\/>\r\n                              <\/svg> <a href=\"mailto:ari.laitala@sykli.fi\">ari.laitala@sykli.fi<\/a><\/li>                                <\/ul>\r\n                            <\/div>\r\n                        <\/div>\r\n                    <\/div>\r\n                <\/div>\r\n    <\/div>","protected":false},"excerpt":{"rendered":"<p>Teko\u00e4ly haltuun \u2013 opi hy\u00f6dynt\u00e4m\u00e4\u00e4n teko\u00e4ly\u00e4 vastuullisesti ja tarkoituksenmukaisesti Koulutuksen aikana vahvistat osaamistasi generatiivisen teko\u00e4lyn vastuullisesta k\u00e4yt\u00f6st\u00e4, tietoturvasta ja teko\u00e4lyn [&hellip;]<\/p>\n","protected":false},"author":7,"featured_media":72612,"parent":72605,"menu_order":0,"comment_status":"closed","ping_status":"closed","template":"","meta":{"_acf_changed":false,"footnotes":""},"class_list":["post-72610","page","type-page","status-publish","has-post-thumbnail","hentry"],"acf":[],"_links":{"self":[{"href":"https:\/\/sykli.fi\/demo\/wp-json\/wp\/v2\/pages\/72610","targetHints":{"allow":["GET"]}}],"collection":[{"href":"https:\/\/sykli.fi\/demo\/wp-json\/wp\/v2\/pages"}],"about":[{"href":"https:\/\/sykli.fi\/demo\/wp-json\/wp\/v2\/types\/page"}],"author":[{"embeddable":true,"href":"https:\/\/sykli.fi\/demo\/wp-json\/wp\/v2\/users\/7"}],"replies":[{"embeddable":true,"href":"https:\/\/sykli.fi\/demo\/wp-json\/wp\/v2\/comments?post=72610"}],"version-history":[{"count":2,"href":"https:\/\/sykli.fi\/demo\/wp-json\/wp\/v2\/pages\/72610\/revisions"}],"predecessor-version":[{"id":72868,"href":"https:\/\/sykli.fi\/demo\/wp-json\/wp\/v2\/pages\/72610\/revisions\/72868"}],"up":[{"embeddable":true,"href":"https:\/\/sykli.fi\/demo\/wp-json\/wp\/v2\/pages\/72605"}],"wp:featuredmedia":[{"embeddable":true,"href":"https:\/\/sykli.fi\/demo\/wp-json\/wp\/v2\/media\/72612"}],"wp:attachment":[{"href":"https:\/\/sykli.fi\/demo\/wp-json\/wp\/v2\/media?parent=72610"}],"curies":[{"name":"wp","href":"https:\/\/api.w.org\/{rel}","templated":true}]}}