{"id":72607,"date":"2025-10-01T14:04:22","date_gmt":"2025-10-01T11:04:22","guid":{"rendered":"https:\/\/sykli.fi\/?page_id=72607"},"modified":"2025-10-01T14:25:16","modified_gmt":"2025-10-01T11:25:16","slug":"digikyvykkyyden-edistaminen-tyoyhteisossa","status":"publish","type":"page","link":"https:\/\/sykli.fi\/demo\/hakijalle\/ymparistoalan-ammattitutkinto\/ammattitutkinnon-tutkinnon-osien-koulutukset\/digikyvykkyyden-edistaminen-tyoyhteisossa\/","title":{"rendered":"Digikyvykkyyden edist\u00e4minen ty\u00f6yhteis\u00f6ss\u00e4"},"content":{"rendered":"\r\n<section id=\"hero-block_979104f83514de1890157538143156c9\" class=\"hero site-banner section-default default alignfull\">\r\n\r\n    <div class=\"site-banner-bg section-bg-image \" >\r\n\r\n        <img loading=\"lazy\" decoding=\"async\" width=\"1424\" height=\"683\" src=\"https:\/\/sykli.fi\/demo\/wp-content\/uploads\/2024\/07\/palaveri-generoitu.jpg\" class=\"attachment-1536\u00d71536 size-1536\u00d71536\" alt=\"\" srcset=\"https:\/\/sykli.fi\/demo\/wp-content\/uploads\/2024\/07\/palaveri-generoitu.jpg 1424w, https:\/\/sykli.fi\/demo\/wp-content\/uploads\/2024\/07\/palaveri-generoitu-300x144.jpg 300w, https:\/\/sykli.fi\/demo\/wp-content\/uploads\/2024\/07\/palaveri-generoitu-1024x491.jpg 1024w, https:\/\/sykli.fi\/demo\/wp-content\/uploads\/2024\/07\/palaveri-generoitu-768x368.jpg 768w\" sizes=\"auto, (max-width: 1424px) 100vw, 1424px\" \/>\r\n        \r\n        \r\n            <div class=\"site-banner-content container\">\r\n                <div class=\"row w-100\">\r\n                    <div class=\"col-md-12\">\r\n                        <div class=\"hero-text-overlay\">\r\n                                                                <h1 class=\"hero-title\">Digikyvykkyyden edist\u00e4minen ty\u00f6yhteis\u00f6ss\u00e4<\/h1>\r\n                            <div class=\"inner-content\">\r\n                            <div class=\"acf-innerblocks-container\">\n\n<p>Tutkinnon osan koulutus<\/p>\n\n<\/div>\r\n                        <\/div>                        <\/div>\r\n                    <\/div>\r\n                <\/div>\r\n            <\/div>\r\n\r\n        <\/section>\n\n\n<h2 class=\"wp-block-heading\">Vahvista digikyvykkyytt\u00e4si \u2013 menesty digitaalisessa ty\u00f6ymp\u00e4rist\u00f6ss\u00e4!&nbsp;<\/h2>\n\n\n\n<p>Digikyvykkyys tarkoittaa organisaation ja ty\u00f6yhteis\u00f6n kyky\u00e4 toimia tehokkaasti digitaalisessa maailmassa. Se vaatii osaavaa henkil\u00f6st\u00f6\u00e4, toimivia prosesseja ja k\u00e4ytt\u00e4j\u00e4l\u00e4ht\u00f6isi\u00e4 j\u00e4rjestelmi\u00e4 \u2013 ja parhaiten digikyvykkyytt\u00e4 vahvistetaan yhdess\u00e4 tekem\u00e4ll\u00e4 ja osaamista jakamalla.&nbsp;<\/p>\n\n\n\n<p>Koulutus on suunnattu henkil\u00f6ille, jotka haluavat vahvistaa digiosaamistaan ja parantaa ty\u00f6yhteis\u00f6n kyky\u00e4 hy\u00f6dynt\u00e4\u00e4 digitalisaation tarjoamia mahdollisuuksia.\u00a0Koulutuksessa opit tunnistamaan ja kehitt\u00e4m\u00e4\u00e4n sek\u00e4 omaa ett\u00e4 ty\u00f6yhteis\u00f6n digiosaamista.<\/p>\n\n\n\n<h2 class=\"wp-block-heading\">Osaamislupauksemme<strong>:\u202f<\/strong>\u00a0\u00a0<\/h2>\n\n\n\n<ul class=\"wp-block-list\">\n<li>Opiskelija osaa hy\u00f6dynt\u00e4\u00e4 digitalisaation mahdollisuuksia ty\u00f6ss\u00e4 ja tunnistaa oman digiosaamisensa kehitt\u00e4miskohteet.\u00a0<\/li>\n\n\n\n<li>Opiskelija osaa arvioida ja selvitt\u00e4\u00e4 ty\u00f6yhteis\u00f6n digikyvykkyyden vahvuudet ja kehitt\u00e4mistarpeet.\u00a0<\/li>\n\n\n\n<li>Opiskelija osaa noudattaa tietosuojaa, tietoturvaa ja salassapitoa koskevia s\u00e4\u00e4d\u00f6ksi\u00e4 ja ohjeita.\u00a0<\/li>\n\n\n\n<li>Opiskelija osaa suunnitella ja toteuttaa digikyvykkyyden kehitt\u00e4mistoimia yhteisty\u00f6ss\u00e4 ty\u00f6yhteis\u00f6n kanssa.\u00a0<\/li>\n\n\n\n<li>Opiskelija osaa viesti\u00e4 digikyvykkyyden kehitt\u00e4miseen liittyvist\u00e4 toimista ja ker\u00e4t\u00e4 palautetta.\u00a0<\/li>\n\n\n\n<li>Opiskelija osaa analysoida kehitt\u00e4mistoimien vaikutuksia ja tehd\u00e4 jatkokehitt\u00e4misehdotuksia.\u00a0<\/li>\n<\/ul>\n\n\n\n<h2 class=\"wp-block-heading\">Koulutuksen suorittaminen\u00a0<\/h2>\n\n\n\n<p>Koulutus sis\u00e4lt\u00e4\u00e4 yhden vuorovaikutteisen verkko-opetusp\u00e4iv\u00e4n ja verkkokurssin.&nbsp;<\/p>\n\n\n\n<h2 class=\"wp-block-heading\">Tietoa Digikyvykkyyden edist\u00e4minen ty\u00f6yhteis\u00f6ss\u00e4 -tutkinnon osan suorittamisesta\u00a0\u00a0<\/h2>\n\n\n\n<p>T\u00e4h\u00e4n koulutukseen osallistuneilla on mahdollisuus osoittaa osaaminen n\u00e4yt\u00f6ss\u00e4 ja suorittaa Ymp\u00e4rist\u00f6alan ammattitutkinnon tutkinnon osa nimelt\u00e4&nbsp;Digikyvykkyyden edist\u00e4minen ty\u00f6yhteis\u00f6ss\u00e4. Tutkinnon osan laajuus on 15 osaamispistett\u00e4.&nbsp;&nbsp;<\/p>\n\n\n\n<p>Opiskelija osoittaa ammattitaitonsa n\u00e4yt\u00f6ss\u00e4 toimimalla ymp\u00e4rist\u00f6alan k\u00e4yt\u00e4nn\u00f6n ty\u00f6teht\u00e4viss\u00e4. Silt\u00e4 osin kuin tutkinnon osassa vaadittua ammattitaitoa ei voida arvioida n\u00e4yt\u00f6n perusteella, ammattitaidon osoittamista t\u00e4ydennet\u00e4\u00e4n yksil\u00f6llisesti muilla tavoin.&nbsp;&nbsp;<\/p>\n\n\n\n<p>Tutustu Ymp\u00e4rist\u00f6alan ammattitutkinnon tutkinnonperusteisiin ja \u201cDigikyvykkyyden edist\u00e4minen ty\u00f6yhteis\u00f6ss\u00e4\u201d -tutkinnon osan vaatimuksiin tarkemmin&nbsp;<a href=\"https:\/\/eperusteet.opintopolku.fi\/#\/fi\/ammatillinen\/9425412\/tutkinnonosat\/9426192\" target=\"_blank\" rel=\"noreferrer noopener\">opintopolun eperusteissa<\/a>.&nbsp;<\/p>\n\n\n\n<hr class=\"wp-block-separator has-alpha-channel-opacity is-style-wide\"\/>\n\n\n\n<h2 class=\"wp-block-heading\">Ilmoittaudu koulutukseen<\/h2>\n\n\n\n<p><a href=\"https:\/\/ssl.eventilla.com\/digikyvykkyys-tyoyhteisossa-huhtikuu-2026\">Digikyvykkyyden edist\u00e4minen ty\u00f6yhteis\u00f6ss\u00e4, huhtikuu 2026<\/a><br><a href=\"https:\/\/ssl.eventilla.com\/digikyvykkyys-tyoyhteisossa-marraskuu-2026\">Digikyvykkyyden edist\u00e4minen ty\u00f6yhteis\u00f6ss\u00e4, marraskuu 2026<\/a><\/p>\n\n\n\n<hr class=\"wp-block-separator has-alpha-channel-opacity is-style-wide\"\/>\n\n\n<h2>Kysy lis\u00e4\u00e4<\/h2>\r\n<div class=\"row\">\r\n                                <div class=\"col-md-6\">\r\n                    <div class=\"staff-box\">\r\n                        <div class=\"row\">\r\n                            <div class=\"col-4\">\r\n                                <img loading=\"lazy\" decoding=\"async\" width=\"1709\" height=\"2560\" src=\"https:\/\/sykli.fi\/demo\/wp-content\/uploads\/2023\/03\/Luojukoski_7966_LK-2-scaled.jpg\" class=\"attachment-post-thumbnail size-post-thumbnail wp-post-image\" alt=\"\" srcset=\"https:\/\/sykli.fi\/demo\/wp-content\/uploads\/2023\/03\/Luojukoski_7966_LK-2-scaled.jpg 1709w, https:\/\/sykli.fi\/demo\/wp-content\/uploads\/2023\/03\/Luojukoski_7966_LK-2-200x300.jpg 200w, https:\/\/sykli.fi\/demo\/wp-content\/uploads\/2023\/03\/Luojukoski_7966_LK-2-684x1024.jpg 684w, https:\/\/sykli.fi\/demo\/wp-content\/uploads\/2023\/03\/Luojukoski_7966_LK-2-768x1150.jpg 768w, https:\/\/sykli.fi\/demo\/wp-content\/uploads\/2023\/03\/Luojukoski_7966_LK-2-1025x1536.jpg 1025w, https:\/\/sykli.fi\/demo\/wp-content\/uploads\/2023\/03\/Luojukoski_7966_LK-2-1367x2048.jpg 1367w\" sizes=\"auto, (max-width: 1709px) 100vw, 1709px\" \/>                            <\/div>\r\n                            <div class=\"col-8\">\r\n                                <h3>Jiri Luojukoski<\/h3>\r\n                                Asiantuntija, hankkeet ja kehitt\u00e4minen                                <ul>\r\n                                    <li><svg xmlns=\"http:\/\/www.w3.org\/2000\/svg\" width=\"16\" height=\"16\" fill=\"currentColor\" class=\"bi bi-telephone-fill\" viewBox=\"0 0 16 16\">\r\n                                <path fill-rule=\"evenodd\" d=\"M1.885.511a1.745 1.745 0 0 1 2.61.163L6.29 2.98c.329.423.445.974.315 1.494l-.547 2.19a.678.678 0 0 0 .178.643l2.457 2.457a.678.678 0 0 0 .644.178l2.189-.547a1.745 1.745 0 0 1 1.494.315l2.306 1.794c.829.645.905 1.87.163 2.611l-1.034 1.034c-.74.74-1.846 1.065-2.877.702a18.634 18.634 0 0 1-7.01-4.42 18.634 18.634 0 0 1-4.42-7.009c-.362-1.03-.037-2.137.703-2.877L1.885.511z\"\/>\r\n                              <\/svg> <a href=\"tel:+358444916396\">044 491 6396<\/a><\/li><li><svg xmlns=\"http:\/\/www.w3.org\/2000\/svg\" width=\"16\" height=\"16\" fill=\"currentColor\" class=\"bi bi-envelope-fill\" viewBox=\"0 0 16 16\">\r\n                                <path d=\"M.05 3.555A2 2 0 0 1 2 2h12a2 2 0 0 1 1.95 1.555L8 8.414.05 3.555ZM0 4.697v7.104l5.803-3.558L0 4.697ZM6.761 8.83l-6.57 4.027A2 2 0 0 0 2 14h12a2 2 0 0 0 1.808-1.144l-6.57-4.027L8 9.586l-1.239-.757Zm3.436-.586L16 11.801V4.697l-5.803 3.546Z\"\/>\r\n                              <\/svg> <a href=\"mailto:jiri.luojukoski@sykli.fi\">jiri.luojukoski@sykli.fi<\/a><\/li>                                <\/ul>\r\n                            <\/div>\r\n                        <\/div>\r\n                    <\/div>\r\n                <\/div>\r\n    <\/div>","protected":false},"excerpt":{"rendered":"<p>Vahvista digikyvykkyytt\u00e4si \u2013 menesty digitaalisessa ty\u00f6ymp\u00e4rist\u00f6ss\u00e4!&nbsp; Digikyvykkyys tarkoittaa organisaation ja ty\u00f6yhteis\u00f6n kyky\u00e4 toimia tehokkaasti digitaalisessa maailmassa. Se vaatii osaavaa henkil\u00f6st\u00f6\u00e4, [&hellip;]<\/p>\n","protected":false},"author":7,"featured_media":68856,"parent":72605,"menu_order":0,"comment_status":"closed","ping_status":"closed","template":"","meta":{"_acf_changed":false,"footnotes":""},"class_list":["post-72607","page","type-page","status-publish","has-post-thumbnail","hentry"],"acf":[],"_links":{"self":[{"href":"https:\/\/sykli.fi\/demo\/wp-json\/wp\/v2\/pages\/72607","targetHints":{"allow":["GET"]}}],"collection":[{"href":"https:\/\/sykli.fi\/demo\/wp-json\/wp\/v2\/pages"}],"about":[{"href":"https:\/\/sykli.fi\/demo\/wp-json\/wp\/v2\/types\/page"}],"author":[{"embeddable":true,"href":"https:\/\/sykli.fi\/demo\/wp-json\/wp\/v2\/users\/7"}],"replies":[{"embeddable":true,"href":"https:\/\/sykli.fi\/demo\/wp-json\/wp\/v2\/comments?post=72607"}],"version-history":[{"count":1,"href":"https:\/\/sykli.fi\/demo\/wp-json\/wp\/v2\/pages\/72607\/revisions"}],"predecessor-version":[{"id":72608,"href":"https:\/\/sykli.fi\/demo\/wp-json\/wp\/v2\/pages\/72607\/revisions\/72608"}],"up":[{"embeddable":true,"href":"https:\/\/sykli.fi\/demo\/wp-json\/wp\/v2\/pages\/72605"}],"wp:featuredmedia":[{"embeddable":true,"href":"https:\/\/sykli.fi\/demo\/wp-json\/wp\/v2\/media\/68856"}],"wp:attachment":[{"href":"https:\/\/sykli.fi\/demo\/wp-json\/wp\/v2\/media?parent=72607"}],"curies":[{"name":"wp","href":"https:\/\/api.w.org\/{rel}","templated":true}]}}