{"id":72605,"date":"2025-10-01T14:05:00","date_gmt":"2025-10-01T11:05:00","guid":{"rendered":"https:\/\/sykli.fi\/?page_id=72605"},"modified":"2025-10-01T14:39:22","modified_gmt":"2025-10-01T11:39:22","slug":"ammattitutkinnon-tutkinnon-osien-koulutukset","status":"publish","type":"page","link":"https:\/\/sykli.fi\/demo\/hakijalle\/ymparistoalan-ammattitutkinto\/ammattitutkinnon-tutkinnon-osien-koulutukset\/","title":{"rendered":"Ammattitutkinnon tutkinnon osien koulutukset"},"content":{"rendered":"\r\n<section id=\"hero-block_fbf7c13bcd174c7826ec2cd0a770052b\" class=\"hero site-banner section-default default alignfull\">\r\n\r\n    <div class=\"site-banner-bg section-bg-image \" >\r\n\r\n        <img loading=\"lazy\" decoding=\"async\" width=\"1000\" height=\"667\" src=\"https:\/\/sykli.fi\/demo\/wp-content\/uploads\/2023\/04\/shutterstock_1811909263-ymparistoalan-at.jpg\" class=\"attachment-1536\u00d71536 size-1536\u00d71536\" alt=\"Mets\u00e4\u00e4.\" srcset=\"https:\/\/sykli.fi\/demo\/wp-content\/uploads\/2023\/04\/shutterstock_1811909263-ymparistoalan-at.jpg 1000w, https:\/\/sykli.fi\/demo\/wp-content\/uploads\/2023\/04\/shutterstock_1811909263-ymparistoalan-at-300x200.jpg 300w, https:\/\/sykli.fi\/demo\/wp-content\/uploads\/2023\/04\/shutterstock_1811909263-ymparistoalan-at-768x512.jpg 768w\" sizes=\"auto, (max-width: 1000px) 100vw, 1000px\" \/>\r\n        \r\n        \r\n            <div class=\"site-banner-content container\">\r\n                <div class=\"row w-100\">\r\n                    <div class=\"col-md-12\">\r\n                        <div class=\"hero-text-overlay\">\r\n                                                                <h1 class=\"hero-title\">Ammattitutkinnon tutkinnon osien koulutukset<\/h1>\r\n                            <div class=\"inner-content\">\r\n                            <div class=\"acf-innerblocks-container\"><\/div>\r\n                        <\/div>                        <\/div>\r\n                    <\/div>\r\n                <\/div>\r\n            <\/div>\r\n\r\n        <\/section>\n\n\n<p>J\u00e4rjest\u00e4mme Ymp\u00e4rist\u00f6alan ammattitutkinnosta my\u00f6s yksitt\u00e4isten tutkinnon osien koulutuksia. Tutkinnon osan voit opiskella ilman suoritustavoitetta vapaarahoitteisena kurssina tai osatutkintotavoitteisesti, valtionosuusrahoituksella, jolloin suoritat n\u00e4yt\u00f6n tutkinnon osasta ja saat hyv\u00e4ksytyst\u00e4 suorituksesta osatutkintotodistuksen. Koulutukset sis\u00e4lt\u00e4v\u00e4t verkko-opetusp\u00e4ivi\u00e4, verkkokurssin sek\u00e4 kurssin suorittamiseen ohjaavan teht\u00e4v\u00e4klinikan.<\/p>\n\n\n\n<hr class=\"wp-block-separator has-alpha-channel-opacity is-style-wide\"\/>\n\n\n\n<h3 class=\"wp-block-heading has-medium-font-size\">Tutkinnon osien koulutukset<\/h3>\n\n\n\n<ul class=\"wp-block-list\">\n<li>Digikyvykkyyden edist\u00e4minen ty\u00f6yhteis\u00f6ss\u00e4, 15 osp<\/li>\n\n\n\n<li>Teko\u00e4lyn hy\u00f6dynt\u00e4minen ty\u00f6prosessissa, 15 osp<\/li>\n\n\n\n<li>Vihre\u00e4n siirtym\u00e4n edist\u00e4minen, 15 osp<\/li>\n<\/ul>\n\n\n\n<hr class=\"wp-block-separator has-alpha-channel-opacity is-style-wide\"\/>\n\n\n\n<h3 class=\"wp-block-heading\">Lue lis\u00e4\u00e4<\/h3>\n\n\n<div class=\"page-linkbox-block alignfull\">\r\n    <div class=\"container\">\r\n        <div class=\"acf-innerblocks-container\">\n\r\n<div class=\"page-linkbox has-turquoise-background-color \">\r\n    <img loading=\"lazy\" decoding=\"async\" width=\"800\" height=\"384\" src=\"https:\/\/sykli.fi\/demo\/wp-content\/uploads\/2024\/07\/palaveri-generoitu-1024x491.jpg\" class=\"attachment-large size-large\" alt=\"\" srcset=\"https:\/\/sykli.fi\/demo\/wp-content\/uploads\/2024\/07\/palaveri-generoitu-1024x491.jpg 1024w, https:\/\/sykli.fi\/demo\/wp-content\/uploads\/2024\/07\/palaveri-generoitu-300x144.jpg 300w, https:\/\/sykli.fi\/demo\/wp-content\/uploads\/2024\/07\/palaveri-generoitu-768x368.jpg 768w, https:\/\/sykli.fi\/demo\/wp-content\/uploads\/2024\/07\/palaveri-generoitu.jpg 1424w\" sizes=\"auto, (max-width: 800px) 100vw, 800px\" \/>    <a  href=\" https:\/\/sykli.fi\/demo\/hakijalle\/ymparistoalan-ammattitutkinto\/ammattitutkinnon-tutkinnon-osien-koulutukset\/digikyvykkyyden-edistaminen-tyoyhteisossa\/\" >\r\n        <h2>Digikyvykkyyden edist\u00e4minen ty\u00f6yhteis\u00f6ss\u00e4<\/h2>\r\n\r\n        \r\n    <\/a>\r\n\r\n<\/div>\n\n\r\n<div class=\"page-linkbox has-turquoise-background-color \">\r\n    <img loading=\"lazy\" decoding=\"async\" width=\"800\" height=\"534\" src=\"https:\/\/sykli.fi\/demo\/wp-content\/uploads\/2025\/10\/shutterstock_2323413343-1024x683.jpg\" class=\"attachment-large size-large\" alt=\"\" srcset=\"https:\/\/sykli.fi\/demo\/wp-content\/uploads\/2025\/10\/shutterstock_2323413343-1024x683.jpg 1024w, https:\/\/sykli.fi\/demo\/wp-content\/uploads\/2025\/10\/shutterstock_2323413343-300x200.jpg 300w, https:\/\/sykli.fi\/demo\/wp-content\/uploads\/2025\/10\/shutterstock_2323413343-768x512.jpg 768w, https:\/\/sykli.fi\/demo\/wp-content\/uploads\/2025\/10\/shutterstock_2323413343-1536x1024.jpg 1536w, https:\/\/sykli.fi\/demo\/wp-content\/uploads\/2025\/10\/shutterstock_2323413343-2048x1365.jpg 2048w\" sizes=\"auto, (max-width: 800px) 100vw, 800px\" \/>    <a  href=\" https:\/\/sykli.fi\/demo\/hakijalle\/ymparistoalan-ammattitutkinto\/ammattitutkinnon-tutkinnon-osien-koulutukset\/tekoalyn-hyodyntaminen-tyoprosessissa\/\" >\r\n        <h2>Teko\u00e4lyn hy\u00f6dynt\u00e4minen ty\u00f6prosessissa<\/h2>\r\n\r\n        \r\n    <\/a>\r\n\r\n<\/div>\n\n\r\n<div class=\"page-linkbox has-turquoise-background-color \">\r\n    <img loading=\"lazy\" decoding=\"async\" width=\"800\" height=\"450\" src=\"https:\/\/sykli.fi\/demo\/wp-content\/uploads\/2025\/01\/Kestavyysrapsakoulutus-1024x576.jpg\" class=\"attachment-large size-large\" alt=\"Kest\u00e4vyysraportointi\" srcset=\"https:\/\/sykli.fi\/demo\/wp-content\/uploads\/2025\/01\/Kestavyysrapsakoulutus-1024x576.jpg 1024w, https:\/\/sykli.fi\/demo\/wp-content\/uploads\/2025\/01\/Kestavyysrapsakoulutus-300x169.jpg 300w, https:\/\/sykli.fi\/demo\/wp-content\/uploads\/2025\/01\/Kestavyysrapsakoulutus-768x432.jpg 768w, https:\/\/sykli.fi\/demo\/wp-content\/uploads\/2025\/01\/Kestavyysrapsakoulutus-1536x864.jpg 1536w, https:\/\/sykli.fi\/demo\/wp-content\/uploads\/2025\/01\/Kestavyysrapsakoulutus-2048x1152.jpg 2048w\" sizes=\"auto, (max-width: 800px) 100vw, 800px\" \/>    <a  href=\" https:\/\/sykli.fi\/demo\/hakijalle\/ymparistoalan-ammattitutkinto\/ammattitutkinnon-tutkinnon-osien-koulutukset\/vihrean-siirtyman-edistaminen\/\" >\r\n        <h2>Vihre\u00e4n siirtym\u00e4n edist\u00e4minen<\/h2>\r\n\r\n        \r\n    <\/a>\r\n\r\n<\/div>\n<\/div>\r\n\r\n    <\/div>\r\n<\/div>","protected":false},"excerpt":{"rendered":"<p>J\u00e4rjest\u00e4mme Ymp\u00e4rist\u00f6alan ammattitutkinnosta my\u00f6s yksitt\u00e4isten tutkinnon osien koulutuksia. Tutkinnon osan voit opiskella ilman suoritustavoitetta vapaarahoitteisena kurssina tai osatutkintotavoitteisesti, valtionosuusrahoituksella, jolloin [&hellip;]<\/p>\n","protected":false},"author":7,"featured_media":63671,"parent":1517,"menu_order":0,"comment_status":"closed","ping_status":"closed","template":"","meta":{"_acf_changed":false,"footnotes":""},"class_list":["post-72605","page","type-page","status-publish","has-post-thumbnail","hentry"],"acf":[],"_links":{"self":[{"href":"https:\/\/sykli.fi\/demo\/wp-json\/wp\/v2\/pages\/72605","targetHints":{"allow":["GET"]}}],"collection":[{"href":"https:\/\/sykli.fi\/demo\/wp-json\/wp\/v2\/pages"}],"about":[{"href":"https:\/\/sykli.fi\/demo\/wp-json\/wp\/v2\/types\/page"}],"author":[{"embeddable":true,"href":"https:\/\/sykli.fi\/demo\/wp-json\/wp\/v2\/users\/7"}],"replies":[{"embeddable":true,"href":"https:\/\/sykli.fi\/demo\/wp-json\/wp\/v2\/comments?post=72605"}],"version-history":[{"count":3,"href":"https:\/\/sykli.fi\/demo\/wp-json\/wp\/v2\/pages\/72605\/revisions"}],"predecessor-version":[{"id":72619,"href":"https:\/\/sykli.fi\/demo\/wp-json\/wp\/v2\/pages\/72605\/revisions\/72619"}],"up":[{"embeddable":true,"href":"https:\/\/sykli.fi\/demo\/wp-json\/wp\/v2\/pages\/1517"}],"wp:featuredmedia":[{"embeddable":true,"href":"https:\/\/sykli.fi\/demo\/wp-json\/wp\/v2\/media\/63671"}],"wp:attachment":[{"href":"https:\/\/sykli.fi\/demo\/wp-json\/wp\/v2\/media?parent=72605"}],"curies":[{"name":"wp","href":"https:\/\/api.w.org\/{rel}","templated":true}]}}