{"id":72236,"date":"2025-08-18T11:44:06","date_gmt":"2025-08-18T08:44:06","guid":{"rendered":"https:\/\/sykli.fi\/?page_id=72236"},"modified":"2026-01-30T11:25:52","modified_gmt":"2026-01-30T09:25:52","slug":"701432-vastuullisuusstartti-matkailun-kehittamiseen","status":"publish","type":"page","link":"https:\/\/sykli.fi\/demo\/hakijalle\/haku-jotpa-koulutuksiin\/701432-vastuullisuusstartti-matkailun-kehittamiseen\/","title":{"rendered":"701432 Vastuullisuusstartti matkailun kehitt\u00e4miseen"},"content":{"rendered":"\r\n<section id=\"hero-block_ef28ae1c88931c371af6fe570fb43027\" class=\"hero site-banner section-default default alignfull\">\r\n\r\n    <div class=\"site-banner-bg section-bg-image \" >\r\n\r\n        <img loading=\"lazy\" decoding=\"async\" width=\"1350\" height=\"338\" src=\"https:\/\/sykli.fi\/demo\/wp-content\/uploads\/2025\/08\/MatkaJotpa-banneri-5.png\" class=\"attachment-1536\u00d71536 size-1536\u00d71536\" alt=\"\" srcset=\"https:\/\/sykli.fi\/demo\/wp-content\/uploads\/2025\/08\/MatkaJotpa-banneri-5.png 1350w, https:\/\/sykli.fi\/demo\/wp-content\/uploads\/2025\/08\/MatkaJotpa-banneri-5-300x75.png 300w, https:\/\/sykli.fi\/demo\/wp-content\/uploads\/2025\/08\/MatkaJotpa-banneri-5-1024x256.png 1024w, https:\/\/sykli.fi\/demo\/wp-content\/uploads\/2025\/08\/MatkaJotpa-banneri-5-768x192.png 768w\" sizes=\"auto, (max-width: 1350px) 100vw, 1350px\" \/>\r\n        \r\n        \r\n            <div class=\"site-banner-content container\">\r\n                <div class=\"row w-100\">\r\n                    <div class=\"col-md-12\">\r\n                        <div class=\"hero-text-overlay\">\r\n                                                                <h1 class=\"hero-title\">701432 Vastuullisuusstartti matkailun kehitt\u00e4miseen<\/h1>\r\n                            <div class=\"inner-content\">\r\n                            <div class=\"acf-innerblocks-container\">\n\n<p>Itsen\u00e4iset verkko-opinnot<\/p>\n\n<\/div>\r\n                        <\/div>                        <\/div>\r\n                    <\/div>\r\n                <\/div>\r\n            <\/div>\r\n\r\n        <\/section>\n\n\n<h2 class=\"wp-block-heading\">Sinustako kest\u00e4v\u00e4n ja vastuullisen matkailun osaaja?<\/h2>\n\n\n\n<p>Vastuullisuusstartti matkailun kehitt\u00e4miseen -koulutuksesta saat k\u00e4yt\u00e4nn\u00f6n taitoja ja osaamista konkreettisen vastuullisuussuunnitelman rakentamiseen matkailualan tai sen l\u00e4hialan organisaatiossa. Koulutuksessa opit suunnittelemaan ja toteuttamaan kest\u00e4v\u00e4n kehityksen kartoituksen, viestim\u00e4\u00e4n siit\u00e4 selke\u00e4sti sek\u00e4 hy\u00f6dynt\u00e4m\u00e4\u00e4n sit\u00e4 kehitt\u00e4misty\u00f6ss\u00e4.<\/p>\n\n\n\n<p>Opit my\u00f6s kehitt\u00e4m\u00e4\u00e4n vastuullisia matkailupalveluita, jotka houkuttelevat asiakkaita ymp\u00e4ri vuoden sek\u00e4 tutustut virallisiin vastuullisuussertifikaatteihin. Matkailualan vastuullisuusosaaminen avaa ovia uusiin uramahdollisuuksiin, sill\u00e4 alalla tarvitaan lis\u00e4\u00e4 osaajia, jotka hallitsevat vastuullisen ja kest\u00e4v\u00e4n kehityksen mukaisen toiminnan. Koulutuksessa opiskelijoille tarjotaan my\u00f6s tukea uuden urapolun rakentamiseen sek\u00e4 oppimisen haasteiden tunnistamiseen ja hallintaan.<\/p>\n\n\n\n<p>Koulutuksen voit suorittaa joustavasti ajasta ja paikasta riippumatta lokakuun 2026 loppuun menness\u00e4. <\/p>\n\n\n\n<h4 class=\"wp-block-heading\">Ilmoittautuminen on sulkeutunut 25.1.2026.<\/h4>\n\n\n\n<hr class=\"wp-block-separator has-alpha-channel-opacity is-style-wide\"\/>\n\n\n\n<h4 class=\"wp-block-heading\">Kenelle koulutus on tarkoitettu?<\/h4>\n\n\n\n<p>Koulutus on ensisijaisesti suunnattu henkil\u00f6ille, jotka ty\u00f6skentelev\u00e4t matkailualan pk-yrityksiss\u00e4 ja l\u00e4hialojen organisaatioissa kuten museoissa, tapahtumatuotannoissa, luovilla aloilla sek\u00e4 virkistys-, kulttuuri- ja urheilutoiminnan parissa. Verkkokoulutukseen osallistuminen on avoin kaikille aiheesta kiinnostuneille. Koulutuksen esimerkeiss\u00e4 perehdyt\u00e4\u00e4n erityisesti Suur-Helsingin ja Kanta-H\u00e4meen alueen toimijoihin.<\/p>\n\n\n\n<hr class=\"wp-block-separator has-alpha-channel-opacity is-style-wide\"\/>\n\n\n\n<h4 class=\"wp-block-heading\">Koulutuksen toteutus ja suorittaminen&nbsp;<\/h4>\n\n\n\n<p>Koulutus on&nbsp;<strong>maksuton<\/strong>&nbsp;ja se suoritetaan itsen\u00e4isesti verkko-opintoina Moodle-oppimisalustalla. Saat linkin alustalle ilmoittautumisen j\u00e4lkeen. Verkkokoulutuksessa voit opiskella omaan tahtiin, ajasta ja paikasta riippumatta. Jokaisesta suoritetusta moduulista saat Syklin virallisen todistuksen.<\/p>\n\n\n\n<p>Vastuullisuusstartti matkailun kehitt\u00e4miseen -verkkokurssi antaa valmiudet suorittaa erikseen koulutuksen j\u00e4lkeen Ymp\u00e4rist\u00f6alan erikoisammattitutkinnon Toiminnan kehitt\u00e4minen kest\u00e4v\u00e4ll\u00e4 tavalla -tutkinnonosan (25 osp). Tutkinnonosa suoritetaan n\u00e4yt\u00f6ss\u00e4 omalla ty\u00f6paikalla, ja n\u00e4yt\u00f6n arvioivat Syklin kouluttaja sek\u00e4 ty\u00f6paikalta nimetty arvioija. Mik\u00e4li olet kiinnostunut t\u00e4st\u00e4 mahdollisuudesta, ota yhteytt\u00e4&nbsp;<a href=\"mailto:neetta.eriksson@sykli.fi\" target=\"_blank\" rel=\"noreferrer noopener\">neetta.eriksson@sykli.fi<\/a>.<\/p>\n\n\n\n<hr class=\"wp-block-separator has-alpha-channel-opacity is-style-wide\"\/>\n\n\n\n<h4 class=\"wp-block-heading\">Koulutuksen sis\u00e4lt\u00f6<\/h4>\n\n\n\n<p>Koulutuksessa perehdyt\u00e4\u00e4n vastuullisen matkailuliiketoiminnan parhaisiin k\u00e4yt\u00e4nteisiin ja edistet\u00e4\u00e4n kest\u00e4v\u00e4n kehityksen mukaista toimintaa matkailualalla ja sen l\u00e4hialueilla.<\/p>\n\n\n\n<p>Koulutuksen k\u00e4yty\u00e4si osaat suunnitella matkailualan tai sen l\u00e4hialan organisaatiolle konkreettisen vastuullisuussuunnitelman ja soveltaa kest\u00e4v\u00e4n ja uudistavan matkailun periaatteita k\u00e4yt\u00e4nn\u00f6ss\u00e4. Ymm\u00e4rr\u00e4t eri vastuullisuussertifikaattien merkityksen, osaat viesti\u00e4 vastuullisuudesta l\u00e4pin\u00e4kyv\u00e4sti ja kehitt\u00e4\u00e4 kest\u00e4vi\u00e4 matkailupalveluja asiakasl\u00e4ht\u00f6isesti.&nbsp;<\/p>\n\n\n\n<p>Koulutus koostuu kuudesta moduulista:<\/p>\n\n\n\n<ul class=\"wp-block-list\">\n<li>Urasuunnittelu<\/li>\n\n\n\n<li>Kest\u00e4v\u00e4n kehityksen l\u00e4ht\u00f6tilanteen kartoituksen suunnittelu matkailualan tai sen l\u00e4hialan organisaatiossa<\/li>\n\n\n\n<li>Kest\u00e4v\u00e4n kehityksen l\u00e4ht\u00f6tilanteen kartoituksen toteuttaminen matkailualan tai sen l\u00e4hialan organisaatiossa<\/li>\n\n\n\n<li>Oman toiminnan sek\u00e4 matkailualan tai sen l\u00e4hialan organisaation kest\u00e4v\u00e4n kehityksen mukaisen toiminnan arviointi, kehityskohteiden tunnistaminen ja kehitt\u00e4mistoimenpiteiden laatiminen<\/li>\n\n\n\n<li>Kest\u00e4v\u00e4n kehityksen l\u00e4ht\u00f6tilanteesta tiedottaminen matkailualan tai sen l\u00e4hialan organisaatiossa<\/li>\n\n\n\n<li>Kest\u00e4v\u00e4n kehityksen periaatteiden edist\u00e4minen sek\u00e4 kartoituksen tulosten hy\u00f6dynt\u00e4minen matkailualan tai sen l\u00e4hialan organisaation toiminnassa<\/li>\n<\/ul>\n\n\n\n<p>Voit suorittaa kaikki moduulit tai valita niist\u00e4 juuri sinua kiinnostavat. Koulutuksessa muodostuva vastuullisuussuunnitelma tukee sertifiointeihin valmistautumista ja Sustainable Travel Finland (STF) -ohjelman l\u00e4pik\u00e4ynti\u00e4. <\/p>\n\n\n\n<hr class=\"wp-block-separator has-alpha-channel-opacity is-style-wide\"\/>\n\n\n\n<h5 class=\"wp-block-heading\">Toteuttajat&nbsp;<\/h5>\n\n\n\n<p>Koulutus on Jatkuvan oppimisen ja ty\u00f6llisyyden palvelukeskuksen (Jotpa) rahoittama. Palvelukeskus edist\u00e4\u00e4 ty\u00f6ik\u00e4isten osaamisen kehitt\u00e4mist\u00e4 ja osaavan ty\u00f6voiman saatavuutta. Palvelukeskuksen toimintaa ohjaavat opetus- ja kulttuuriministeri\u00f6 sek\u00e4 ty\u00f6- ja elinkeinoministeri\u00f6.<\/p>\n\n\n\n<p>Koulutuksen toteuttaa Suomen ymp\u00e4rist\u00f6opisto Sykli yhteisty\u00f6ss\u00e4 Mood of Finlandin Anu Nylundin kanssa.<\/p>\n\n\n\n<figure class=\"wp-block-image size-medium\"><img loading=\"lazy\" decoding=\"async\" width=\"300\" height=\"120\" src=\"https:\/\/sykli.fi\/demo\/wp-content\/uploads\/2025\/01\/rahoittaja-jotpa-300x120.png\" alt=\"\" class=\"wp-image-70129\" srcset=\"https:\/\/sykli.fi\/demo\/wp-content\/uploads\/2025\/01\/rahoittaja-jotpa-300x120.png 300w, https:\/\/sykli.fi\/demo\/wp-content\/uploads\/2025\/01\/rahoittaja-jotpa-1024x410.png 1024w, https:\/\/sykli.fi\/demo\/wp-content\/uploads\/2025\/01\/rahoittaja-jotpa-768x307.png 768w, https:\/\/sykli.fi\/demo\/wp-content\/uploads\/2025\/01\/rahoittaja-jotpa-1536x615.png 1536w, https:\/\/sykli.fi\/demo\/wp-content\/uploads\/2025\/01\/rahoittaja-jotpa-2048x820.png 2048w\" sizes=\"auto, (max-width: 300px) 100vw, 300px\" \/><\/figure>\n\n\n\n<hr class=\"wp-block-separator has-alpha-channel-opacity is-style-wide\"\/>\n\n\n<h2>Kysytt\u00e4v\u00e4\u00e4 koulutuksesta? Lis\u00e4tietoja antaa:<\/h2>\r\n<div class=\"row\">\r\n                                <div class=\"col-md-6\">\r\n                    <div class=\"staff-box\">\r\n                        <div class=\"row\">\r\n                            <div class=\"col-4\">\r\n                                <img loading=\"lazy\" decoding=\"async\" width=\"1500\" height=\"1500\" src=\"https:\/\/sykli.fi\/demo\/wp-content\/uploads\/2025\/04\/neetta_eriksson-MV.png\" class=\"attachment-post-thumbnail size-post-thumbnail wp-post-image\" alt=\"\" srcset=\"https:\/\/sykli.fi\/demo\/wp-content\/uploads\/2025\/04\/neetta_eriksson-MV.png 1500w, https:\/\/sykli.fi\/demo\/wp-content\/uploads\/2025\/04\/neetta_eriksson-MV-300x300.png 300w, https:\/\/sykli.fi\/demo\/wp-content\/uploads\/2025\/04\/neetta_eriksson-MV-1024x1024.png 1024w, https:\/\/sykli.fi\/demo\/wp-content\/uploads\/2025\/04\/neetta_eriksson-MV-150x150.png 150w, https:\/\/sykli.fi\/demo\/wp-content\/uploads\/2025\/04\/neetta_eriksson-MV-768x768.png 768w\" sizes=\"auto, (max-width: 1500px) 100vw, 1500px\" \/>                            <\/div>\r\n                            <div class=\"col-8\">\r\n                                <h3>Neetta Eriksson<\/h3>\r\n                                Asiantuntija, asiakkuuksien kehitt\u00e4minen ja ty\u00f6el\u00e4m\u00e4palvelut                                <ul>\r\n                                    <li><svg xmlns=\"http:\/\/www.w3.org\/2000\/svg\" width=\"16\" height=\"16\" fill=\"currentColor\" class=\"bi bi-telephone-fill\" viewBox=\"0 0 16 16\">\r\n                                <path fill-rule=\"evenodd\" d=\"M1.885.511a1.745 1.745 0 0 1 2.61.163L6.29 2.98c.329.423.445.974.315 1.494l-.547 2.19a.678.678 0 0 0 .178.643l2.457 2.457a.678.678 0 0 0 .644.178l2.189-.547a1.745 1.745 0 0 1 1.494.315l2.306 1.794c.829.645.905 1.87.163 2.611l-1.034 1.034c-.74.74-1.846 1.065-2.877.702a18.634 18.634 0 0 1-7.01-4.42 18.634 18.634 0 0 1-4.42-7.009c-.362-1.03-.037-2.137.703-2.877L1.885.511z\"\/>\r\n                              <\/svg> <a href=\"tel:+358444910366\">044 491 0366<\/a><\/li><li><svg xmlns=\"http:\/\/www.w3.org\/2000\/svg\" width=\"16\" height=\"16\" fill=\"currentColor\" class=\"bi bi-envelope-fill\" viewBox=\"0 0 16 16\">\r\n                                <path d=\"M.05 3.555A2 2 0 0 1 2 2h12a2 2 0 0 1 1.95 1.555L8 8.414.05 3.555ZM0 4.697v7.104l5.803-3.558L0 4.697ZM6.761 8.83l-6.57 4.027A2 2 0 0 0 2 14h12a2 2 0 0 0 1.808-1.144l-6.57-4.027L8 9.586l-1.239-.757Zm3.436-.586L16 11.801V4.697l-5.803 3.546Z\"\/>\r\n                              <\/svg> <a href=\"mailto:neetta.eriksson@sykli.fi\">neetta.eriksson@sykli.fi<\/a><\/li>                                <\/ul>\r\n                            <\/div>\r\n                        <\/div>\r\n                    <\/div>\r\n                <\/div>\r\n    <\/div>","protected":false},"excerpt":{"rendered":"<p>Sinustako kest\u00e4v\u00e4n ja vastuullisen matkailun osaaja? Vastuullisuusstartti matkailun kehitt\u00e4miseen -koulutuksesta saat k\u00e4yt\u00e4nn\u00f6n taitoja ja osaamista konkreettisen vastuullisuussuunnitelman rakentamiseen matkailualan tai [&hellip;]<\/p>\n","protected":false},"author":7,"featured_media":72259,"parent":64506,"menu_order":0,"comment_status":"closed","ping_status":"closed","template":"","meta":{"_acf_changed":false,"footnotes":""},"class_list":["post-72236","page","type-page","status-publish","has-post-thumbnail","hentry"],"acf":[],"_links":{"self":[{"href":"https:\/\/sykli.fi\/demo\/wp-json\/wp\/v2\/pages\/72236","targetHints":{"allow":["GET"]}}],"collection":[{"href":"https:\/\/sykli.fi\/demo\/wp-json\/wp\/v2\/pages"}],"about":[{"href":"https:\/\/sykli.fi\/demo\/wp-json\/wp\/v2\/types\/page"}],"author":[{"embeddable":true,"href":"https:\/\/sykli.fi\/demo\/wp-json\/wp\/v2\/users\/7"}],"replies":[{"embeddable":true,"href":"https:\/\/sykli.fi\/demo\/wp-json\/wp\/v2\/comments?post=72236"}],"version-history":[{"count":10,"href":"https:\/\/sykli.fi\/demo\/wp-json\/wp\/v2\/pages\/72236\/revisions"}],"predecessor-version":[{"id":73587,"href":"https:\/\/sykli.fi\/demo\/wp-json\/wp\/v2\/pages\/72236\/revisions\/73587"}],"up":[{"embeddable":true,"href":"https:\/\/sykli.fi\/demo\/wp-json\/wp\/v2\/pages\/64506"}],"wp:featuredmedia":[{"embeddable":true,"href":"https:\/\/sykli.fi\/demo\/wp-json\/wp\/v2\/media\/72259"}],"wp:attachment":[{"href":"https:\/\/sykli.fi\/demo\/wp-json\/wp\/v2\/media?parent=72236"}],"curies":[{"name":"wp","href":"https:\/\/api.w.org\/{rel}","templated":true}]}}