{"id":72042,"date":"2025-06-27T10:46:25","date_gmt":"2025-06-27T07:46:25","guid":{"rendered":"https:\/\/sykli.fi\/?page_id=72042"},"modified":"2025-11-20T14:05:26","modified_gmt":"2025-11-20T12:05:26","slug":"kiertotalouden-ja-vahahiilisyyden-asiantuntija-f-e-c","status":"publish","type":"page","link":"https:\/\/sykli.fi\/demo\/hakijalle\/haku-tyovoimakoulutuksiin\/f-e-c-koulutukset\/kiertotalouden-ja-vahahiilisyyden-asiantuntija-f-e-c\/","title":{"rendered":"Kiertotalouden ja v\u00e4h\u00e4hiilisyyden asiantuntija F.E.C"},"content":{"rendered":"\r\n<section id=\"hero-block_cc72df6abfcd7fdf6c14259c8ff2f6c6\" class=\"hero site-banner section-default default alignfull\">\r\n\r\n    <div class=\"site-banner-bg section-bg-image \" >\r\n\r\n        <img loading=\"lazy\" decoding=\"async\" width=\"1000\" height=\"562\" src=\"https:\/\/sykli.fi\/demo\/wp-content\/uploads\/2025\/06\/shutterstock_2500171719.jpg\" class=\"attachment-1536\u00d71536 size-1536\u00d71536\" alt=\"\" srcset=\"https:\/\/sykli.fi\/demo\/wp-content\/uploads\/2025\/06\/shutterstock_2500171719.jpg 1000w, https:\/\/sykli.fi\/demo\/wp-content\/uploads\/2025\/06\/shutterstock_2500171719-300x169.jpg 300w, https:\/\/sykli.fi\/demo\/wp-content\/uploads\/2025\/06\/shutterstock_2500171719-768x432.jpg 768w\" sizes=\"auto, (max-width: 1000px) 100vw, 1000px\" \/>\r\n        \r\n        \r\n            <div class=\"site-banner-content container\">\r\n                <div class=\"row w-100\">\r\n                    <div class=\"col-md-12\">\r\n                        <div class=\"hero-text-overlay\">\r\n                                                                <h1 class=\"hero-title\">Kiertotalouden ja v\u00e4h\u00e4hiilisyyden asiantuntija F.E.C<\/h1>\r\n                            <div class=\"inner-content\">\r\n                            <div class=\"acf-innerblocks-container\"><\/div>\r\n                        <\/div>                        <\/div>\r\n                    <\/div>\r\n                <\/div>\r\n            <\/div>\r\n\r\n        <\/section>\n\n\n<h4 class=\"wp-block-heading has-yellow-background-color has-background\"><strong>Hakuaika koulutukseen on p\u00e4\u00e4ttynyt!<\/strong> <br>Kysy alkavista koulutuksista:&nbsp;<a href=\"mailto:yritys-ja-urapalvelut@sykli.fi\">yritys-ja-urapalvelut@sykli.fi<\/a><\/h4>\n\n\n\n<div style=\"height:100px\" aria-hidden=\"true\" class=\"wp-block-spacer\"><\/div>\n\n\n\n<h2 class=\"wp-block-heading\">Hae mukaan F.E.C -koulutukseen ja ty\u00f6llisty kest\u00e4v\u00e4n kehityksen ja kiertotalouden pariin!<\/h2>\n\n\n\n<p>T\u00e4ss\u00e4 koulutuksessa perehdyt\u00e4\u00e4n kiertotalouden ja v\u00e4h\u00e4hiilisyyden keskeisiin teemoihin selke\u00e4sti, konkreettisesti ja k\u00e4yt\u00e4nn\u00f6nl\u00e4heisesti. Saat k\u00e4ytt\u00f6\u00f6si ajankohtaista tietoa, inspiroivia esimerkkej\u00e4 ja toimivia ty\u00f6kaluja, joita voit hy\u00f6dynt\u00e4\u00e4 ty\u00f6ss\u00e4si kest\u00e4v\u00e4n kehityksen edist\u00e4miseksi \u2013 nyt ja tulevaisuudessa.<\/p>\n\n\n\n<p><strong>Rekrytoivat koulutukset ovat tehokas v\u00e4yl\u00e4 ty\u00f6el\u00e4m\u00e4\u00e4n ja uuden uran alkuun.<\/strong> Ne tarjoavat mahdollisuuden n\u00e4ytt\u00e4\u00e4 omaa osaamista k\u00e4yt\u00e4nn\u00f6ss\u00e4 ja syvent\u00e4\u00e4 asiantuntijuutta todellisissa ty\u00f6el\u00e4m\u00e4n tilanteissa.<\/p>\n\n\n\n<h3 class=\"wp-block-heading\">Tavoitteet<\/h3>\n\n\n\n<p>Koulutuksen tavoitteena on kouluttaa asiantuntijoita, joilla on valmiudet:<\/p>\n\n\n\n<ul class=\"wp-block-list\">\n<li>toimia kest\u00e4v\u00e4n kehityksen ja kiertotalouden asiantuntijaroolissa<\/li>\n\n\n\n<li>suunnitella ja toteuttaa v\u00e4h\u00e4hiilisyyden ja hiilineutraalisuuden kehitt\u00e4mishankkeita<\/li>\n\n\n\n<li>ty\u00f6llisty\u00e4 asiantuntija- tai konsulttiteht\u00e4viin<\/li>\n\n\n\n<li>ty\u00f6llisty\u00e4 ty\u00f6ss\u00e4oppimispaikkaan koulutusjakson p\u00e4\u00e4tteeksi.<\/li>\n<\/ul>\n\n\n\n<h3 class=\"wp-block-heading\">Koulutuksen sis\u00e4lt\u00f6<\/h3>\n\n\n\n<p>Koulutuksessa k\u00e4sitell\u00e4\u00e4n seuraavia teemoja:<\/p>\n\n\n\n<ul class=\"wp-block-list\">\n<li>v\u00e4h\u00e4hiilisyyden tiekartat ja hiilineutraalisuuden standardit<\/li>\n\n\n\n<li>p\u00e4\u00e4st\u00f6laskenta, hiilijalanj\u00e4lki ja hiilik\u00e4denj\u00e4lki<\/li>\n\n\n\n<li>kiertotalous eri toimialoilla<\/li>\n\n\n\n<li>energiatehokkuus, materiaalitehokkuus<\/li>\n\n\n\n<li>v\u00e4h\u00e4hiiliset hankinnat ja ostotoiminnot<\/li>\n\n\n\n<li>tiedolla johtaminen ja data-analyysi<\/li>\n\n\n\n<li>vastuullisuusviestint\u00e4 ja yritysvastuu<\/li>\n\n\n\n<li>YK:n kest\u00e4v\u00e4n kehityksen tavoitteet (SDG) ja vihre\u00e4n siirtym\u00e4n rahoitus<\/li>\n<\/ul>\n\n\n\n<p>Koulutuksen aikana vahvistat my\u00f6s digitaalisia taitoja, projektiosaamista, viestint\u00e4valmiuksia, ty\u00f6nhakutaitoja ja verkostoitumista.<\/p>\n\n\n\n<h3 class=\"wp-block-heading\">Kesto ja rakenne<\/h3>\n\n\n\n<p>Koulutuksen kokonaiskesto on 120 arkip\u00e4iv\u00e4\u00e4 (noin kuusi kuukautta), joista 16 p\u00e4iv\u00e4\u00e4 on Syklin toteuttamaan l\u00e4hiopetusta, 4 p\u00e4iv\u00e4\u00e4 itsen\u00e4ist\u00e4 opiskelua ja 100 p\u00e4iv\u00e4\u00e4 ty\u00f6ss\u00e4oppimista yhteisty\u00f6yrityksess\u00e4.&nbsp; T\u00e4m\u00e4n lis\u00e4ksi koulutuksessa on loma 23.12.2025.-2.1.2026.<\/p>\n\n\n\n<h3 class=\"wp-block-heading\">Kenelle koulutus on suunnattu?<\/h3>\n\n\n\n<p>Koulutus on suunnattu ensisijaisesti Turun ty\u00f6llisyysalueen ty\u00f6tt\u00f6mille tai ty\u00f6tt\u00f6myysuhan alaisille korkeakoulutetuille, joiden asiakkuus ty\u00f6voimaviranomaisen kanssa on voimassa ja joilla on:<\/p>\n\n\n\n<ul class=\"wp-block-list\">\n<li>aikaisempaa kokemusta ymp\u00e4rist\u00f6alan teht\u00e4vist\u00e4 ja\/tai kiinnostusta soveltaa osaamistaan kiertotalouden ja kest\u00e4v\u00e4n kehityksen edist\u00e4misen parissa<\/li>\n\n\n\n<li>kiinnostusta syvent\u00e4\u00e4 ymp\u00e4rist\u00f6-, kiertotalous- tai vastuullisuusteht\u00e4viss\u00e4 tarvittavaa osaamista<\/li>\n\n\n\n<li>valmiutta ty\u00f6skennell\u00e4 projektinomaisesti ja soveltaa osaamista ty\u00f6ss\u00e4oppimispaikassa<\/li>\n\n\n\n<li>soveltuva koulutustausta, esimerkiksi tekninen, luonnontieteellinen, ymp\u00e4rist\u00f6tieteellinen, kaupallinen, yhteiskuntatieteellinen tai viestinn\u00e4llinen<\/li>\n\n\n\n<li>riitt\u00e4v\u00e4 suomen kielen kirjallinen ja suullinen taito.<\/li>\n<\/ul>\n\n\n\n<h3 class=\"wp-block-heading\">Aikataulu<\/h3>\n\n\n\n<ul class=\"wp-block-list\">\n<li>Haku koulutukseen on avoinna\u202f27.6.2025 &#8211; 25.9.2025.&nbsp;&nbsp;<\/li>\n\n\n\n<li>Koulutusohjelma alkaa 22.10.2025 ja opiskelijat siirtyv\u00e4t ty\u00f6jaksopaikalle 3.11.2025<\/li>\n\n\n\n<li>Koulutuksessa on loma 23.12.2025 \u2013 2.1.2026.&nbsp;<\/li>\n<\/ul>\n\n\n\n<h3 class=\"wp-block-heading\">Koulutukseen hakeminen ja valinta<\/h3>\n\n\n\n<p><strong>Huom!<\/strong> Hakuprosessi edellytt\u00e4\u00e4 sek\u00e4 ty\u00f6llisyyspalveluiden koulutushakemuksen, ett\u00e4 osaamisprofiilin t\u00e4ytt\u00e4mist\u00e4 Syklin LAURA-rekrytointij\u00e4rjestelm\u00e4ss\u00e4.<\/p>\n\n\n\n<ol class=\"wp-block-list\">\n<li>J\u00e4t\u00e4 koulutushakemus <a href=\"https:\/\/tyomarkkinatori.fi\/henkiloasiakkaat\/koulutukset-ja-palvelut\/kurssi\/d9f15cd8-8239-49bf-b091-246fbecb0b18\/kiertotalouden-ja-vahahiilisyyden-asiantuntija-f-e-c-\" target=\"_blank\" rel=\"noreferrer noopener\">ty\u00f6markkinatorin<\/a> kautta. L\u00f6yd\u00e4t koulutuksen hakusanalla &#8221;25007774&#8221;.<\/li>\n\n\n\n<li>T\u00e4yt\u00e4 my\u00f6s osaamisprofiilisi Syklin <a href=\"https:\/\/sykli.rekrytointi.com\/paikat\/index.php?jid=45&amp;key=1swPiF7b62zEOTH1&amp;o=A_RJ&amp;rspvt=l2xv3xc5168oocwsocwwkws4og4ko8w\" target=\"_blank\" rel=\"noreferrer noopener\">LAURA-rekrytointij\u00e4rjestelm\u00e4\u00e4n<\/a>. Liit\u00e4 mukaan CV sek\u00e4 perustelut miksi haet koulutukseen.<\/li>\n<\/ol>\n\n\n\n<p>Turun ty\u00f6llisyysalueen ja Syklin edustajat tekev\u00e4t esivalinnan koulutushakemusten perusteella, joten t\u00e4ydenn\u00e4th\u00e4n hakemukseen ne koulutus- ja ty\u00f6historiatiedot, jotka haluat otettavan huomioon valintaa teht\u00e4ess\u00e4. Osaamisprofiilissa on t\u00e4rke\u00e4\u00e4 tuoda huolellisesti esille taustasi, osaamisesi sek\u00e4 tavoitteesi ja toiveesi. Kerrothan hakemuksessa my\u00f6s muusta soveltuvasta osaamisestasi sek\u00e4 miksi haet juuri t\u00e4h\u00e4n koulutukseen (hakemuksen kohta &#8221;tarkemmat perustelut&#8221;). Sykli kutsuu esivalinnasta edenneet hakijat joko yksil\u00f6- tai ryhm\u00e4haastatteluun.<\/p>\n\n\n\n<p>Haastattelun j\u00e4lkeen alkaa yhteisty\u00f6organisaation etsiminen. <strong>Koulutukseen valituksi tulemisen edellytys on, ett\u00e4 hakijalle on l\u00f6ytynyt yhteisty\u00f6organisaatio koulutusohjelman ajaksi. <\/strong>Koulutusohjelmaan kannattaakin hakea viipym\u00e4tt\u00e4, jotta yhteisty\u00f6organisaation etsimiselle j\u00e4\u00e4 riitt\u00e4v\u00e4sti aikaa. Hakija voi my\u00f6s itse etsi\u00e4 soveltuvaa yhteisty\u00f6organisaatiota omia verkostojaan hy\u00f6dynt\u00e4en. Ohjelmassa on 20 koulutuspaikkaa, jotka t\u00e4ytet\u00e4\u00e4n siin\u00e4 j\u00e4rjestyksess\u00e4, kun ty\u00f6jaksopaikat l\u00f6ytyv\u00e4t.<\/p>\n\n\n\n<p>Huomioithan, ett\u00e4 Turun ty\u00f6llisyysalueen ulkopuolelta hakevan tulee sopia kyseiseen koulutukseen hakemisesta oman kunnan ty\u00f6voimaviranomaisen kanssa. Hakeminen koulutukseen tulee olla kirjattu ty\u00f6llistymissuunnitelmaan ennen hakuajan p\u00e4\u00e4ttymist\u00e4. Koulutus on osallistujalle maksuton, ja koulutuksen ajalta voi saada ty\u00f6tt\u00f6myysetuutta.<\/p>\n\n\n\n<h3 class=\"wp-block-heading\">Infotilaisuus<\/h3>\n\n\n\n<p><strong>Koulutuksesta j\u00e4rjestet\u00e4\u00e4n infotilaisuus Teamsissa 2.9.2025 klo 14.&nbsp;&nbsp;<\/strong><\/p>\n\n\n\n<p><strong>Liity infoon\u202f<a href=\"https:\/\/teams.microsoft.com\/l\/meetup-join\/19%3ameeting_MDc3MzhhY2MtMGIxNC00YjE5LWE2NzQtZjA1NTFiMTE2ZTkz%40thread.v2\/0?context=%7b%22Tid%22%3a%22ba786a81-1f15-494e-8af9-b6050456db10%22%2c%22Oid%22%3a%22e786b81a-64e5-4949-ba3d-7bc44b3c1031%22%7d\" target=\"_blank\" rel=\"noreferrer noopener\">t\u00e4st\u00e4 linkist\u00e4.<\/a>&nbsp;<\/strong><\/p>\n\n\n\n<p><em>Koulutus toteutetaan F.E.C-koulutusmallilla yhteisty\u00f6ss\u00e4 Turun ty\u00f6llisyysalueen ty\u00f6voimaviranomaisten kanssa<\/em><\/p>\n\n\n\n<p><\/p>\n\n\n\n<figure class=\"wp-block-image size-full is-resized\"><img loading=\"lazy\" decoding=\"async\" width=\"450\" height=\"100\" src=\"https:\/\/sykli.fi\/demo\/wp-content\/uploads\/2025\/06\/Sykli-FEC-ja-Turun-tyollisyysalue-logot-400-px-x-100-px.png\" alt=\"\" class=\"wp-image-72062\" style=\"width:612px;height:auto\" srcset=\"https:\/\/sykli.fi\/demo\/wp-content\/uploads\/2025\/06\/Sykli-FEC-ja-Turun-tyollisyysalue-logot-400-px-x-100-px.png 450w, https:\/\/sykli.fi\/demo\/wp-content\/uploads\/2025\/06\/Sykli-FEC-ja-Turun-tyollisyysalue-logot-400-px-x-100-px-300x67.png 300w\" sizes=\"auto, (max-width: 450px) 100vw, 450px\" \/><\/figure>\n\n\n\n<p><\/p>\n\n\n<h2>Lis\u00e4tietoja<\/h2>\r\n<div class=\"row\">\r\n                                <div class=\"col-md-6\">\r\n                    <div class=\"staff-box\">\r\n                        <div class=\"row\">\r\n                            <div class=\"col-4\">\r\n                                <img loading=\"lazy\" decoding=\"async\" width=\"1500\" height=\"1500\" src=\"https:\/\/sykli.fi\/demo\/wp-content\/uploads\/2025\/04\/neetta_eriksson-MV.png\" class=\"attachment-post-thumbnail size-post-thumbnail wp-post-image\" alt=\"\" srcset=\"https:\/\/sykli.fi\/demo\/wp-content\/uploads\/2025\/04\/neetta_eriksson-MV.png 1500w, https:\/\/sykli.fi\/demo\/wp-content\/uploads\/2025\/04\/neetta_eriksson-MV-300x300.png 300w, https:\/\/sykli.fi\/demo\/wp-content\/uploads\/2025\/04\/neetta_eriksson-MV-1024x1024.png 1024w, https:\/\/sykli.fi\/demo\/wp-content\/uploads\/2025\/04\/neetta_eriksson-MV-150x150.png 150w, https:\/\/sykli.fi\/demo\/wp-content\/uploads\/2025\/04\/neetta_eriksson-MV-768x768.png 768w\" sizes=\"auto, (max-width: 1500px) 100vw, 1500px\" \/>                            <\/div>\r\n                            <div class=\"col-8\">\r\n                                <h3>Neetta Eriksson<\/h3>\r\n                                Asiantuntija, asiakkuuksien kehitt\u00e4minen ja ty\u00f6el\u00e4m\u00e4palvelut                                <ul>\r\n                                    <li><svg xmlns=\"http:\/\/www.w3.org\/2000\/svg\" width=\"16\" height=\"16\" fill=\"currentColor\" class=\"bi bi-telephone-fill\" viewBox=\"0 0 16 16\">\r\n                                <path fill-rule=\"evenodd\" d=\"M1.885.511a1.745 1.745 0 0 1 2.61.163L6.29 2.98c.329.423.445.974.315 1.494l-.547 2.19a.678.678 0 0 0 .178.643l2.457 2.457a.678.678 0 0 0 .644.178l2.189-.547a1.745 1.745 0 0 1 1.494.315l2.306 1.794c.829.645.905 1.87.163 2.611l-1.034 1.034c-.74.74-1.846 1.065-2.877.702a18.634 18.634 0 0 1-7.01-4.42 18.634 18.634 0 0 1-4.42-7.009c-.362-1.03-.037-2.137.703-2.877L1.885.511z\"\/>\r\n                              <\/svg> <a href=\"tel:+358444910366\">044 491 0366<\/a><\/li><li><svg xmlns=\"http:\/\/www.w3.org\/2000\/svg\" width=\"16\" height=\"16\" fill=\"currentColor\" class=\"bi bi-envelope-fill\" viewBox=\"0 0 16 16\">\r\n                                <path d=\"M.05 3.555A2 2 0 0 1 2 2h12a2 2 0 0 1 1.95 1.555L8 8.414.05 3.555ZM0 4.697v7.104l5.803-3.558L0 4.697ZM6.761 8.83l-6.57 4.027A2 2 0 0 0 2 14h12a2 2 0 0 0 1.808-1.144l-6.57-4.027L8 9.586l-1.239-.757Zm3.436-.586L16 11.801V4.697l-5.803 3.546Z\"\/>\r\n                              <\/svg> <a href=\"mailto:neetta.eriksson@sykli.fi\">neetta.eriksson@sykli.fi<\/a><\/li>                                <\/ul>\r\n                            <\/div>\r\n                        <\/div>\r\n                    <\/div>\r\n                <\/div>\r\n    <\/div>\n\n\n<p>Soittoaika 25.7.2025 alkaen perjantaisin klo 11\u201312.<\/p>\n\n\n\n<p><strong>Perjantaina 19.9.2025<\/strong> soita poikkeuksellisesti Tom Yl\u00f6nen 044 722 5933.<\/p>\n\n\n\n<p><\/p>\n","protected":false},"excerpt":{"rendered":"<p>Hakuaika koulutukseen on p\u00e4\u00e4ttynyt! Kysy alkavista koulutuksista:&nbsp;yritys-ja-urapalvelut@sykli.fi Hae mukaan F.E.C -koulutukseen ja ty\u00f6llisty kest\u00e4v\u00e4n kehityksen ja kiertotalouden pariin! T\u00e4ss\u00e4 koulutuksessa [&hellip;]<\/p>\n","protected":false},"author":11,"featured_media":72043,"parent":62686,"menu_order":0,"comment_status":"closed","ping_status":"closed","template":"","meta":{"_acf_changed":false,"footnotes":""},"class_list":["post-72042","page","type-page","status-publish","has-post-thumbnail","hentry"],"acf":[],"_links":{"self":[{"href":"https:\/\/sykli.fi\/demo\/wp-json\/wp\/v2\/pages\/72042","targetHints":{"allow":["GET"]}}],"collection":[{"href":"https:\/\/sykli.fi\/demo\/wp-json\/wp\/v2\/pages"}],"about":[{"href":"https:\/\/sykli.fi\/demo\/wp-json\/wp\/v2\/types\/page"}],"author":[{"embeddable":true,"href":"https:\/\/sykli.fi\/demo\/wp-json\/wp\/v2\/users\/11"}],"replies":[{"embeddable":true,"href":"https:\/\/sykli.fi\/demo\/wp-json\/wp\/v2\/comments?post=72042"}],"version-history":[{"count":10,"href":"https:\/\/sykli.fi\/demo\/wp-json\/wp\/v2\/pages\/72042\/revisions"}],"predecessor-version":[{"id":73069,"href":"https:\/\/sykli.fi\/demo\/wp-json\/wp\/v2\/pages\/72042\/revisions\/73069"}],"up":[{"embeddable":true,"href":"https:\/\/sykli.fi\/demo\/wp-json\/wp\/v2\/pages\/62686"}],"wp:featuredmedia":[{"embeddable":true,"href":"https:\/\/sykli.fi\/demo\/wp-json\/wp\/v2\/media\/72043"}],"wp:attachment":[{"href":"https:\/\/sykli.fi\/demo\/wp-json\/wp\/v2\/media?parent=72042"}],"curies":[{"name":"wp","href":"https:\/\/api.w.org\/{rel}","templated":true}]}}