{"id":72,"date":"2022-04-12T15:11:35","date_gmt":"2022-04-12T12:11:35","guid":{"rendered":"http:\/\/localhost\/sykli\/?page_id=72"},"modified":"2023-04-28T13:36:59","modified_gmt":"2023-04-28T10:36:59","slug":"suomen-ymparistoopisto-sykli","status":"publish","type":"page","link":"https:\/\/sykli.fi\/demo\/suomen-ymparistoopisto-sykli\/","title":{"rendered":"SYKLI"},"content":{"rendered":"\r\n<section id=\"hero-block_c47cfb5bfb6f40bab3422aca4b8aeda2\" class=\"hero site-banner section-default default alignfull\">\r\n\r\n    <div class=\"site-banner-bg section-bg-image \" >\r\n\r\n        <img loading=\"lazy\" decoding=\"async\" width=\"1920\" height=\"1280\" src=\"https:\/\/sykli.fi\/demo\/wp-content\/uploads\/2022\/08\/55839.jpg\" class=\"attachment-1536\u00d71536 size-1536\u00d71536\" alt=\"Kaunista havumets\u00e4\u00e4 ylh\u00e4\u00e4lt\u00e4 p\u00e4in kuvattuna, joukossa muutama ruskalehtinen lehtipuu.\" srcset=\"https:\/\/sykli.fi\/demo\/wp-content\/uploads\/2022\/08\/55839.jpg 1920w, https:\/\/sykli.fi\/demo\/wp-content\/uploads\/2022\/08\/55839-300x200.jpg 300w, https:\/\/sykli.fi\/demo\/wp-content\/uploads\/2022\/08\/55839-1024x683.jpg 1024w, https:\/\/sykli.fi\/demo\/wp-content\/uploads\/2022\/08\/55839-768x512.jpg 768w, https:\/\/sykli.fi\/demo\/wp-content\/uploads\/2022\/08\/55839-1536x1024.jpg 1536w\" sizes=\"auto, (max-width: 1920px) 100vw, 1920px\" \/>\r\n        \r\n        \r\n            <div class=\"site-banner-content container\">\r\n                <div class=\"row w-100\">\r\n                    <div class=\"col-md-12\">\r\n                        <div class=\"hero-text-overlay\">\r\n                                                                <h1 class=\"hero-title\">SYKLI<\/h1>\r\n                            <div class=\"inner-content\">\r\n                            <div class=\"acf-innerblocks-container\"><\/div>\r\n                        <\/div>                        <\/div>\r\n                    <\/div>\r\n                <\/div>\r\n            <\/div>\r\n\r\n        <\/section>\n\n\n<h2 class=\"wp-block-heading\">Sykli \u00e4r en riksomfattande specialyrkesl\u00e4roanstalt.<\/h2>\n\n\n\n<p>V\u00e5r grundl\u00e4ggande uppgift \u00e4r att st\u00e4rka milj\u00f6kunskapen samt att utveckla kundernas verksamhet i enlighet med m\u00e5ls\u00e4ttningarna f\u00f6r h\u00e5llbar utveckling.<\/p>\n\n\n\n<p>Sykli erbjuder examensf\u00f6rberedande utbildning, kortkurser samt konsult- och experttj\u00e4nster. V\u00e5rt specialkunnande \u00e4r att till\u00e4mpa den nyaste kunskapen i praktiken till f\u00f6rm\u00e5n f\u00f6r v\u00e5ra kunder. Vi \u00e4r k\u00e4nda f\u00f6r att vara f\u00f6reg\u00e5ngare f\u00f6r h\u00e5llbar utveckling inom yrkeslivet. Vi har f\u00f6rst\u00e5else f\u00f6r v\u00e5ra kunders f\u00f6rv\u00e4ntningar och skr\u00e4ddarsyr v\u00e5ra utbildningar enligt kundorganisationernas och enskilda studerandes behov.<\/p>\n\n\n\n<p>Vi g\u00f6r aktivt utvecklingsarbete genom att f\u00f6rverkliga nationella och internationella projekt. Med hj\u00e4lp av dem utvecklar vi tillsammans med v\u00e5ra samarbetsparter nya arbetsredskap, produkter, tillv\u00e4gag\u00e5ngss\u00e4tt samt ny kunskap. Vi utnyttjar och till\u00e4mpar resultaten i v\u00e5ra kurser. Vi har omfattande erfarenhet b\u00e5de av nationell och av internationell projektverksamhet: vi fungerat som koordinat\u00f6rer eller samarbetspart i ett flertal utvecklingsprojekt.<\/p>\n\n\n\n<p>Vi erbjuder utbildning och utvecklingstj\u00e4nster i hela Finland samt \u00e4ven internationellt. Vi utnyttjar ett omfattande samarbetsn\u00e4tverk i f\u00f6rverkligandet av v\u00e5ra kurser.<\/p>\n\n\n\n<h2 class=\"wp-block-heading\">Kunskaps- och utbildningsomr\u00e5den<\/h2>\n\n\n\n<ul class=\"wp-block-list\">\n<li>Avfallshantering och \u00e5tervinning<\/li>\n\n\n\n<li>Milj\u00f6logistik<\/li>\n\n\n\n<li>H\u00e5llbar utveckling<\/li>\n\n\n\n<li>Milj\u00f6fostran<\/li>\n\n\n\n<li>Milj\u00f6-, kvalitets-och s\u00e4kerhetssystem<\/li>\n\n\n\n<li>Vattenf\u00f6rs\u00f6rjningoch sanitet<\/li>\n\n\n\n<li>Energieffektivitet<\/li>\n<\/ul>\n\n\n\n<p>\u200b\u200bUnder de senaste \u00e5ren har vi lett f\u00f6ljande nationella utbildnings- och utvecklingsprojekt p\u00e5 svenska:<\/p>\n\n\n\n<ul class=\"wp-block-list\">\n<li>Utveckling av ett certifieringssystem f\u00f6r h\u00e5llbar utveckling f\u00f6r den fria bildningen p\u00e5 svenska<\/li>\n\n\n\n<li>Fortbildning i utbildning f\u00f6r h\u00e5llbar utveckling i Svenskfinland<\/li>\n<\/ul>\n\n\n\n<h2 class=\"wp-block-heading\">Internationell verksamhet\/samarbete<\/h2>\n\n\n\n<p>Sykli har deltagit i talrika internationella utbildnings- och utvecklingsprojekt. Nedanst\u00e5ende ett antal exempel p\u00e5 v\u00e5r internationella verksamhet:<\/p>\n\n\n\n<ul class=\"wp-block-list\">\n<li>Utvecklandet av avfallshantering och \u00e5tervinning i Petrozavodsk<\/li>\n\n\n\n<li>Utveckling av yrkesutbildning inom avfallshantering i Estland och Lettland<\/li>\n\n\n\n<li>Utveckling av ett internationellt vattenkompetenscentrum<\/li>\n\n\n\n<li>Utveckling av Nordisk kurs i utbildning f\u00f6r h\u00e5llbar utveckling<\/li>\n<\/ul>\n\n\n\n<p>Vi utvecklar v\u00e5r projektverksamhet aktivt och utvidgar v\u00e5rt samarbetsn\u00e4tverk i Finland och dess n\u00e4romr\u00e5den, i Europa samt i Kina. Om Du \u00e4r intresserad av Sykli som utbildare, utvecklare eller som samarbetspartner i dina projekt, var v\u00e4nlig och ta kontakt.<\/p>\n\n\n<h2>Fr\u00e5ga mer<\/h2>\r\n<div class=\"row\">\r\n                                <div class=\"col-md-6\">\r\n                    <div class=\"staff-box\">\r\n                        <div class=\"row\">\r\n                            <div class=\"col-4\">\r\n                                <img loading=\"lazy\" decoding=\"async\" width=\"150\" height=\"250\" src=\"https:\/\/sykli.fi\/demo\/wp-content\/uploads\/2022\/09\/mia-oneill-2022-nettisivuille-mv.jpg\" class=\"attachment-post-thumbnail size-post-thumbnail wp-post-image\" alt=\"\" \/>                            <\/div>\r\n                            <div class=\"col-8\">\r\n                                <h3>Mia O&#8217;Neill<\/h3>\r\n                                Rehtori, toimitusjohtaja                                <ul>\r\n                                    <li><svg xmlns=\"http:\/\/www.w3.org\/2000\/svg\" width=\"16\" height=\"16\" fill=\"currentColor\" class=\"bi bi-telephone-fill\" viewBox=\"0 0 16 16\">\r\n                                <path fill-rule=\"evenodd\" d=\"M1.885.511a1.745 1.745 0 0 1 2.61.163L6.29 2.98c.329.423.445.974.315 1.494l-.547 2.19a.678.678 0 0 0 .178.643l2.457 2.457a.678.678 0 0 0 .644.178l2.189-.547a1.745 1.745 0 0 1 1.494.315l2.306 1.794c.829.645.905 1.87.163 2.611l-1.034 1.034c-.74.74-1.846 1.065-2.877.702a18.634 18.634 0 0 1-7.01-4.42 18.634 18.634 0 0 1-4.42-7.009c-.362-1.03-.037-2.137.703-2.877L1.885.511z\"\/>\r\n                              <\/svg> <a href=\"tel:+358505860284\">0505860284<\/a><\/li><li><svg xmlns=\"http:\/\/www.w3.org\/2000\/svg\" width=\"16\" height=\"16\" fill=\"currentColor\" class=\"bi bi-envelope-fill\" viewBox=\"0 0 16 16\">\r\n                                <path d=\"M.05 3.555A2 2 0 0 1 2 2h12a2 2 0 0 1 1.95 1.555L8 8.414.05 3.555ZM0 4.697v7.104l5.803-3.558L0 4.697ZM6.761 8.83l-6.57 4.027A2 2 0 0 0 2 14h12a2 2 0 0 0 1.808-1.144l-6.57-4.027L8 9.586l-1.239-.757Zm3.436-.586L16 11.801V4.697l-5.803 3.546Z\"\/>\r\n                              <\/svg> <a href=\"mailto:mia.oneill@sykli.fi\">mia.oneill@sykli.fi<\/a><\/li>                                <\/ul>\r\n                            <\/div>\r\n                        <\/div>\r\n                    <\/div>\r\n                <\/div>\r\n    <\/div>","protected":false},"excerpt":{"rendered":"<p>Sykli \u00e4r en riksomfattande specialyrkesl\u00e4roanstalt. V\u00e5r grundl\u00e4ggande uppgift \u00e4r att st\u00e4rka milj\u00f6kunskapen samt att utveckla kundernas verksamhet i enlighet med [&hellip;]<\/p>\n","protected":false},"author":1,"featured_media":60903,"parent":0,"menu_order":65,"comment_status":"closed","ping_status":"closed","template":"template-parts\/page-with-no-sidebar.php","meta":{"_acf_changed":false,"footnotes":""},"class_list":["post-72","page","type-page","status-publish","has-post-thumbnail","hentry"],"acf":[],"_links":{"self":[{"href":"https:\/\/sykli.fi\/demo\/wp-json\/wp\/v2\/pages\/72","targetHints":{"allow":["GET"]}}],"collection":[{"href":"https:\/\/sykli.fi\/demo\/wp-json\/wp\/v2\/pages"}],"about":[{"href":"https:\/\/sykli.fi\/demo\/wp-json\/wp\/v2\/types\/page"}],"author":[{"embeddable":true,"href":"https:\/\/sykli.fi\/demo\/wp-json\/wp\/v2\/users\/1"}],"replies":[{"embeddable":true,"href":"https:\/\/sykli.fi\/demo\/wp-json\/wp\/v2\/comments?post=72"}],"version-history":[{"count":0,"href":"https:\/\/sykli.fi\/demo\/wp-json\/wp\/v2\/pages\/72\/revisions"}],"wp:featuredmedia":[{"embeddable":true,"href":"https:\/\/sykli.fi\/demo\/wp-json\/wp\/v2\/media\/60903"}],"wp:attachment":[{"href":"https:\/\/sykli.fi\/demo\/wp-json\/wp\/v2\/media?parent=72"}],"curies":[{"name":"wp","href":"https:\/\/api.w.org\/{rel}","templated":true}]}}