{"id":71993,"date":"2025-06-25T09:59:03","date_gmt":"2025-06-25T06:59:03","guid":{"rendered":"https:\/\/sykli.fi\/?page_id=71993"},"modified":"2025-11-03T11:23:09","modified_gmt":"2025-11-03T09:23:09","slug":"resurssiviisauden-osaaja","status":"publish","type":"page","link":"https:\/\/sykli.fi\/demo\/hakijalle\/haku-tyovoimakoulutuksiin\/tutkintoon-johtavat-tyovoimakoulutukset\/resurssiviisauden-osaaja\/","title":{"rendered":"Resurssiviisauden osaaja, Tampere"},"content":{"rendered":"\r\n<section id=\"hero-block_9acd0c4732ce280e1fef163080fcd959\" class=\"hero site-banner section-default default alignfull\">\r\n\r\n    <div class=\"site-banner-bg section-bg-image \" >\r\n\r\n        <img loading=\"lazy\" decoding=\"async\" width=\"1000\" height=\"660\" src=\"https:\/\/sykli.fi\/demo\/wp-content\/uploads\/2023\/04\/shutterstock_668593321-1-sykli-tyonanatajana.jpg\" class=\"attachment-1536\u00d71536 size-1536\u00d71536\" alt=\"\" srcset=\"https:\/\/sykli.fi\/demo\/wp-content\/uploads\/2023\/04\/shutterstock_668593321-1-sykli-tyonanatajana.jpg 1000w, https:\/\/sykli.fi\/demo\/wp-content\/uploads\/2023\/04\/shutterstock_668593321-1-sykli-tyonanatajana-300x198.jpg 300w, https:\/\/sykli.fi\/demo\/wp-content\/uploads\/2023\/04\/shutterstock_668593321-1-sykli-tyonanatajana-768x507.jpg 768w\" sizes=\"auto, (max-width: 1000px) 100vw, 1000px\" \/>\r\n        \r\n        \r\n            <div class=\"site-banner-content container\">\r\n                <div class=\"row w-100\">\r\n                    <div class=\"col-md-12\">\r\n                        <div class=\"hero-text-overlay\">\r\n                                                                <h1 class=\"hero-title\">Resurssiviisauden osaaja, Tampere<\/h1>\r\n                            <div class=\"inner-content\">\r\n                            <div class=\"acf-innerblocks-container\"><\/div>\r\n                        <\/div>                        <\/div>\r\n                    <\/div>\r\n                <\/div>\r\n            <\/div>\r\n\r\n        <\/section>\n\n\n<h4 class=\"wp-block-heading has-yellow-background-color has-background\"><strong>Hakuaika koulutukseen on p\u00e4\u00e4ttynyt!<\/strong> <br>Kysy alkavista koulutuksista:\u00a0<a href=\"mailto:yritys-ja-urapalvelut@sykli.fi\">yritys-ja-urapalvelut@sykli.fi<\/a><br><\/h4>\n\n\n\n<div style=\"height:55px\" aria-hidden=\"true\" class=\"wp-block-spacer\"><\/div>\n\n\n\n<h3 class=\"wp-block-heading\">Resurssiviisauden koulutuksella kohti kest\u00e4v\u00e4\u00e4 ja merkityksellist\u00e4 uraa<\/h3>\n\n\n\n<p>Haluatko rakentaa kest\u00e4v\u00e4\u00e4 tulevaisuutta k\u00e4yt\u00e4nn\u00f6n kautta? Hae mukaan Resurssiviisauden osaaja \u2011ty\u00f6voimakoulutukseen! Saat vahvan ammatillisen polun ymp\u00e4rist\u00f6- ja kiertotalousalalle, monipuolista osaamista ja aitoja ty\u00f6llistymismahdollisuuksia \u2013 koulutuksen ja ty\u00f6ss\u00e4oppimisen yhdist\u00e4v\u00e4 kokonaisuus vie osaamisesi oikeisiin ymp\u00e4rist\u00f6teht\u00e4viin.<br><\/p>\n\n\n\n<div class=\"wp-block-group has-light-blue-background-color has-background\"><div class=\"wp-block-group__inner-container is-layout-constrained wp-block-group-is-layout-constrained\">\n<h4 class=\"wp-block-heading\">Koulutuksen tiedot<br><\/h4>\n\n\n\n<h6 class=\"wp-block-heading\"><strong>Koulutuksen tavoite:<\/strong> ty\u00f6llistyminen ymp\u00e4rist\u00f6- ja kiertotalousalalle.<br><br><strong>J\u00e4rjest\u00e4j\u00e4:<\/strong> Suomen ymp\u00e4rist\u00f6opisto Sykli<br><br><strong>Ajankohta:<\/strong> 27.10.2025 \u2013 28.4.2026<br><br><strong>Sijainti:<\/strong> Tampereen alue (l\u00e4hiopetus + et\u00e4opetus + ty\u00f6ss\u00e4oppiminen)<br><br><strong>Koulutuksen kohderyhm\u00e4 ja hinta: <\/strong>Koulutus on maksuton ja suunnattu ty\u00f6tt\u00f6mille tai ty\u00f6tt\u00f6myysuhan alaisille ty\u00f6nhakijoille.<\/h6>\n\n\n\n<p><strong>Haku koulutukseen: <\/strong>Hae koulutukseen <a href=\"https:\/\/tyomarkkinatori.fi\/henkiloasiakkaat\/koulutukset-ja-palvelut\/kurssi\/c5657325-3fc9-4a26-b586-1213f0bf4dd9\/resurssiviisauden-osaaja\" target=\"_blank\" rel=\"noreferrer noopener\"><mark style=\"background-color:rgba(0, 0, 0, 0)\" class=\"has-inline-color has-red-color\">ty\u00f6markkinatorin verkkosivulla<\/mark><\/a><br><\/p>\n<\/div><\/div>\n\n\n\n<div style=\"height:35px\" aria-hidden=\"true\" class=\"wp-block-spacer\"><\/div>\n\n\n\n<h3 class=\"wp-block-heading\">\u2139\ufe0f Koulutuksen infotilaisuus<\/h3>\n\n\n\n<p><strong>J\u00e4rjestimme koulutuksesta infotilaisuuden 14.8.2025, klo 13-14, Microsoft Teamsissa.<\/strong> <\/p>\n\n\n\n<figure class=\"wp-block-embed is-type-video is-provider-youtube wp-block-embed-youtube wp-embed-aspect-16-9 wp-has-aspect-ratio\"><div class=\"wp-block-embed__wrapper\">\n<div class=\"ratio ratio-16x9\"><iframe loading=\"lazy\" title=\"Resurssiviisauden osaaja, Tampere\" width=\"800\" height=\"450\" src=\"https:\/\/www.youtube.com\/embed\/jW7gXc4XaNI?feature=oembed\" frameborder=\"0\" allow=\"accelerometer; autoplay; clipboard-write; encrypted-media; gyroscope; picture-in-picture; web-share\" referrerpolicy=\"strict-origin-when-cross-origin\" allowfullscreen><\/iframe><\/div>\n<\/div><\/figure>\n\n\n\n<h3 class=\"wp-block-heading\"><\/h3>\n\n\n\n<div style=\"height:10px\" aria-hidden=\"true\" class=\"wp-block-spacer\"><\/div>\n\n\n\n<h3 class=\"wp-block-heading\">Kenelle koulutus sopii?<\/h3>\n\n\n\n<p>Koulutus on suunnattu sinulle, joka:<\/p>\n\n\n\n<ul class=\"wp-block-list\">\n<li>Olet kiinnostunut k\u00e4yt\u00e4nn\u00f6n ty\u00f6st\u00e4 ymp\u00e4rist\u00f6alalla<\/li>\n\n\n\n<li>Haluat kehitt\u00e4\u00e4 j\u00e4tehuoltoa ja edist\u00e4\u00e4 kiertotaloutta<\/li>\n\n\n\n<li>Etsit mahdollisuutta suunnata tai p\u00e4ivitt\u00e4\u00e4 osaamistasi kest\u00e4v\u00e4\u00e4n ty\u00f6h\u00f6n<\/li>\n\n\n\n<li>Voit olla urasi alussa tai kokenut ammattilainen<\/li>\n<\/ul>\n\n\n\n<p>Suurin osa oppimisesta tapahtuu ty\u00f6ss\u00e4oppimisena yhteisty\u00f6organisaatiossa, jossa toteutetaan my\u00f6s kehitt\u00e4misprojekti. Projektin aihe m\u00e4\u00e4ritell\u00e4\u00e4n yhdess\u00e4 ty\u00f6paikan kanssa ty\u00f6jakson alussa.<\/p>\n\n\n\n<p>Aiemmat opiskelijat ovat ty\u00f6llistyneet muun muassa projektip\u00e4\u00e4llik\u00f6iksi, ymp\u00e4rist\u00f6koordinaattoreiksi tai ymp\u00e4rist\u00f6vastaaviksi.<\/p>\n\n\n\n<div style=\"height:10px\" aria-hidden=\"true\" class=\"wp-block-spacer\"><\/div>\n\n\n\n<h3 class=\"wp-block-heading\">Koulutuksen toteutus ja aikataulu<\/h3>\n\n\n\n<p>Koulutus kest\u00e4\u00e4 noin 6 kuukautta ja koulutusp\u00e4iv\u00e4t ovat p\u00e4\u00e4osin l\u00e4hiopetusta, mutta koulutuksessa hy\u00f6dynnet\u00e4\u00e4n my\u00f6s et\u00e4- ja monimuoto-opetusta. Koulutukseen sis\u00e4ltyy yksi lomajakso.<\/p>\n\n\n\n<p>Ty\u00f6ss\u00e4oppimisjakson haku alkaa heti koulutuksen alussa. Paikan l\u00f6ytyminen on edellytys koulutuksen jatkamiselle ja suorittamiselle. Saat tukea asiantuntijoiltamme ty\u00f6ss\u00e4oppimispaikan l\u00f6yt\u00e4miseen.<\/p>\n\n\n\n<div style=\"height:10px\" aria-hidden=\"true\" class=\"wp-block-spacer\"><\/div>\n\n\n\n<h3 class=\"wp-block-heading\">Koulutuksen sis\u00e4lt\u00f6<\/h3>\n\n\n\n<p>Koulutuksessa suoritetaan osa ymp\u00e4rist\u00f6alan erikoisammattitutkinnosta.<\/p>\n\n\n\n<p><strong>Tutkinto-osa:<\/strong><br>Resurssitehokkuuden osaamisala: Resurssitehokkuuden asiantuntijana toimiminen (90 osp)<\/p>\n\n\n\n<p><strong>Keskeisi\u00e4 koulutuksen sis\u00e4lt\u00f6j\u00e4:<\/strong><\/p>\n\n\n\n<ul class=\"wp-block-list\">\n<li>Resurssitehokkuus (materiaali- ja energiatehokkuus)<\/li>\n\n\n\n<li>Kiertotalouden ratkaisut<\/li>\n\n\n\n<li>Ilmastonmuutoksen hillint\u00e4 ja sopeutuminen<\/li>\n\n\n\n<li>Ajankohtaiset ilmastoasiat ja innovaatiot<\/li>\n\n\n\n<li>Projektity\u00f6skentely<\/li>\n\n\n\n<li>Kest\u00e4v\u00e4 ja vastuullinen toiminta<\/li>\n\n\n\n<li>CSRD-direktiivin (Corporate Sustainability Reporting Directive) perusteet<\/li>\n<\/ul>\n\n\n\n<div style=\"height:10px\" aria-hidden=\"true\" class=\"wp-block-spacer\"><\/div>\n\n\n\n<h3 class=\"wp-block-heading\">Opiskelijavalinta<\/h3>\n\n\n\n<p><strong>Koulutukseen valitaan 15 opiskelijaa. Opiskelijavalinnassa arvioidaan seuraavia tekij\u00f6it\u00e4:<\/strong><\/p>\n\n\n\n<ul class=\"wp-block-list\">\n<li>Hakijan motivaatio tutkinnon suorittamiseen ja todettu koulutustarve<\/li>\n\n\n\n<li>Kiinnostus ymp\u00e4rist\u00f6alaan, j\u00e4tehuoltoon, kiertotalouteen tai materiaalien talteenottoon ja hy\u00f6dynt\u00e4miseen liittyen<\/li>\n\n\n\n<li>Riitt\u00e4v\u00e4\u00e4 suomen kielen taitoa (B1)<\/li>\n\n\n\n<li>Riitt\u00e4v\u00e4 ICT-osaaminen: Office-ohjelmien tai vastaavien ohjelmistojen perusteet kehitt\u00e4mishankkeen tekemiseen<\/li>\n\n\n\n<li>Riitt\u00e4v\u00e4 osaaminen itsen\u00e4iseen ja projektiluonteiseen ty\u00f6skentelyyn<\/li>\n\n\n\n<li>Soveltuva korkeakoulutus tai ty\u00f6el\u00e4m\u00e4st\u00e4 hankittu osaaminen<\/li>\n<\/ul>\n\n\n\n<div style=\"height:20px\" aria-hidden=\"true\" class=\"wp-block-spacer\"><\/div>\n\n\n<h2>Kysy lis\u00e4\u00e4<\/h2>\r\n<div class=\"row\">\r\n                                <div class=\"col-md-6\">\r\n                    <div class=\"staff-box\">\r\n                        <div class=\"row\">\r\n                            <div class=\"col-4\">\r\n                                <img loading=\"lazy\" decoding=\"async\" width=\"1697\" height=\"2417\" src=\"https:\/\/sykli.fi\/demo\/wp-content\/uploads\/2024\/02\/Henkilokuva_Virpi_Vuolahti_mv.jpg\" class=\"attachment-post-thumbnail size-post-thumbnail wp-post-image\" alt=\"\" srcset=\"https:\/\/sykli.fi\/demo\/wp-content\/uploads\/2024\/02\/Henkilokuva_Virpi_Vuolahti_mv.jpg 1697w, https:\/\/sykli.fi\/demo\/wp-content\/uploads\/2024\/02\/Henkilokuva_Virpi_Vuolahti_mv-211x300.jpg 211w, https:\/\/sykli.fi\/demo\/wp-content\/uploads\/2024\/02\/Henkilokuva_Virpi_Vuolahti_mv-719x1024.jpg 719w, https:\/\/sykli.fi\/demo\/wp-content\/uploads\/2024\/02\/Henkilokuva_Virpi_Vuolahti_mv-768x1094.jpg 768w, https:\/\/sykli.fi\/demo\/wp-content\/uploads\/2024\/02\/Henkilokuva_Virpi_Vuolahti_mv-1078x1536.jpg 1078w, https:\/\/sykli.fi\/demo\/wp-content\/uploads\/2024\/02\/Henkilokuva_Virpi_Vuolahti_mv-1438x2048.jpg 1438w\" sizes=\"auto, (max-width: 1697px) 100vw, 1697px\" \/>                            <\/div>\r\n                            <div class=\"col-8\">\r\n                                <h3>Virpi Vuolahti<\/h3>\r\n                                Koulutusvastaava                                <ul>\r\n                                    <li><svg xmlns=\"http:\/\/www.w3.org\/2000\/svg\" width=\"16\" height=\"16\" fill=\"currentColor\" class=\"bi bi-telephone-fill\" viewBox=\"0 0 16 16\">\r\n                                <path fill-rule=\"evenodd\" d=\"M1.885.511a1.745 1.745 0 0 1 2.61.163L6.29 2.98c.329.423.445.974.315 1.494l-.547 2.19a.678.678 0 0 0 .178.643l2.457 2.457a.678.678 0 0 0 .644.178l2.189-.547a1.745 1.745 0 0 1 1.494.315l2.306 1.794c.829.645.905 1.87.163 2.611l-1.034 1.034c-.74.74-1.846 1.065-2.877.702a18.634 18.634 0 0 1-7.01-4.42 18.634 18.634 0 0 1-4.42-7.009c-.362-1.03-.037-2.137.703-2.877L1.885.511z\"\/>\r\n                              <\/svg> <a href=\"tel:+358447225939\">044 722 5939<\/a><\/li><li><svg xmlns=\"http:\/\/www.w3.org\/2000\/svg\" width=\"16\" height=\"16\" fill=\"currentColor\" class=\"bi bi-envelope-fill\" viewBox=\"0 0 16 16\">\r\n                                <path d=\"M.05 3.555A2 2 0 0 1 2 2h12a2 2 0 0 1 1.95 1.555L8 8.414.05 3.555ZM0 4.697v7.104l5.803-3.558L0 4.697ZM6.761 8.83l-6.57 4.027A2 2 0 0 0 2 14h12a2 2 0 0 0 1.808-1.144l-6.57-4.027L8 9.586l-1.239-.757Zm3.436-.586L16 11.801V4.697l-5.803 3.546Z\"\/>\r\n                              <\/svg> <a href=\"mailto:virpi.vuolahti@sykli.fi\">virpi.vuolahti@sykli.fi<\/a><\/li>                                <\/ul>\r\n                            <\/div>\r\n                        <\/div>\r\n                    <\/div>\r\n                <\/div>\r\n                                <div class=\"col-md-6\">\r\n                    <div class=\"staff-box\">\r\n                        <div class=\"row\">\r\n                            <div class=\"col-4\">\r\n                                <img loading=\"lazy\" decoding=\"async\" width=\"150\" height=\"250\" src=\"https:\/\/sykli.fi\/demo\/wp-content\/uploads\/2022\/09\/maria-torn-2022-nettisivuille-mv.jpg\" class=\"attachment-post-thumbnail size-post-thumbnail wp-post-image\" alt=\"\" \/>                            <\/div>\r\n                            <div class=\"col-8\">\r\n                                <h3>Maria T\u00f6rn<\/h3>\r\n                                Asiantuntija,\u00a0j\u00e4tehuolto, resurssitehokkuus                                <ul>\r\n                                    <li><svg xmlns=\"http:\/\/www.w3.org\/2000\/svg\" width=\"16\" height=\"16\" fill=\"currentColor\" class=\"bi bi-telephone-fill\" viewBox=\"0 0 16 16\">\r\n                                <path fill-rule=\"evenodd\" d=\"M1.885.511a1.745 1.745 0 0 1 2.61.163L6.29 2.98c.329.423.445.974.315 1.494l-.547 2.19a.678.678 0 0 0 .178.643l2.457 2.457a.678.678 0 0 0 .644.178l2.189-.547a1.745 1.745 0 0 1 1.494.315l2.306 1.794c.829.645.905 1.87.163 2.611l-1.034 1.034c-.74.74-1.846 1.065-2.877.702a18.634 18.634 0 0 1-7.01-4.42 18.634 18.634 0 0 1-4.42-7.009c-.362-1.03-.037-2.137.703-2.877L1.885.511z\"\/>\r\n                              <\/svg> <a href=\"tel:+358415015144\">041 5015 144<\/a><\/li><li><svg xmlns=\"http:\/\/www.w3.org\/2000\/svg\" width=\"16\" height=\"16\" fill=\"currentColor\" class=\"bi bi-envelope-fill\" viewBox=\"0 0 16 16\">\r\n                                <path d=\"M.05 3.555A2 2 0 0 1 2 2h12a2 2 0 0 1 1.95 1.555L8 8.414.05 3.555ZM0 4.697v7.104l5.803-3.558L0 4.697ZM6.761 8.83l-6.57 4.027A2 2 0 0 0 2 14h12a2 2 0 0 0 1.808-1.144l-6.57-4.027L8 9.586l-1.239-.757Zm3.436-.586L16 11.801V4.697l-5.803 3.546Z\"\/>\r\n                              <\/svg> <a href=\"mailto:maria.torn@sykli.fi\">maria.torn@sykli.fi<\/a><\/li>                                <\/ul>\r\n                            <\/div>\r\n                        <\/div>\r\n                    <\/div>\r\n                <\/div>\r\n    <\/div>","protected":false},"excerpt":{"rendered":"<p>Hakuaika koulutukseen on p\u00e4\u00e4ttynyt! Kysy alkavista koulutuksista:\u00a0yritys-ja-urapalvelut@sykli.fi Resurssiviisauden koulutuksella kohti kest\u00e4v\u00e4\u00e4 ja merkityksellist\u00e4 uraa Haluatko rakentaa kest\u00e4v\u00e4\u00e4 tulevaisuutta k\u00e4yt\u00e4nn\u00f6n kautta? [&hellip;]<\/p>\n","protected":false},"author":10,"featured_media":63627,"parent":62815,"menu_order":0,"comment_status":"closed","ping_status":"closed","template":"","meta":{"_acf_changed":false,"footnotes":""},"class_list":["post-71993","page","type-page","status-publish","has-post-thumbnail","hentry"],"acf":[],"_links":{"self":[{"href":"https:\/\/sykli.fi\/demo\/wp-json\/wp\/v2\/pages\/71993","targetHints":{"allow":["GET"]}}],"collection":[{"href":"https:\/\/sykli.fi\/demo\/wp-json\/wp\/v2\/pages"}],"about":[{"href":"https:\/\/sykli.fi\/demo\/wp-json\/wp\/v2\/types\/page"}],"author":[{"embeddable":true,"href":"https:\/\/sykli.fi\/demo\/wp-json\/wp\/v2\/users\/10"}],"replies":[{"embeddable":true,"href":"https:\/\/sykli.fi\/demo\/wp-json\/wp\/v2\/comments?post=71993"}],"version-history":[{"count":9,"href":"https:\/\/sykli.fi\/demo\/wp-json\/wp\/v2\/pages\/71993\/revisions"}],"predecessor-version":[{"id":72942,"href":"https:\/\/sykli.fi\/demo\/wp-json\/wp\/v2\/pages\/71993\/revisions\/72942"}],"up":[{"embeddable":true,"href":"https:\/\/sykli.fi\/demo\/wp-json\/wp\/v2\/pages\/62815"}],"wp:featuredmedia":[{"embeddable":true,"href":"https:\/\/sykli.fi\/demo\/wp-json\/wp\/v2\/media\/63627"}],"wp:attachment":[{"href":"https:\/\/sykli.fi\/demo\/wp-json\/wp\/v2\/media?parent=71993"}],"curies":[{"name":"wp","href":"https:\/\/api.w.org\/{rel}","templated":true}]}}