{"id":71813,"date":"2025-06-03T13:15:35","date_gmt":"2025-06-03T10:15:35","guid":{"rendered":"https:\/\/sykli.fi\/?page_id=71813"},"modified":"2026-02-17T13:10:09","modified_gmt":"2026-02-17T11:10:09","slug":"syklin-kestavyystiekartta-2025-2030","status":"publish","type":"page","link":"https:\/\/sykli.fi\/demo\/sykli\/syklin-vastuullisuus\/syklin-kestavyystiekartta-2025-2030\/","title":{"rendered":"Syklin kest\u00e4vyystiekartta 2025-2030"},"content":{"rendered":"\r\n<section id=\"hero-block_e3f048102266c2d64e37a63f53da2d4f\" class=\"hero site-banner section-default default alignfull\">\r\n\r\n    <div class=\"site-banner-bg section-bg-image \" >\r\n\r\n        <img loading=\"lazy\" decoding=\"async\" width=\"1000\" height=\"665\" src=\"https:\/\/sykli.fi\/demo\/wp-content\/uploads\/2023\/04\/shutterstock_199054478-tyopaikkaohjaajalle.jpg\" class=\"attachment-1536\u00d71536 size-1536\u00d71536\" alt=\"Kyltit mets\u00e4ss\u00e4.\" srcset=\"https:\/\/sykli.fi\/demo\/wp-content\/uploads\/2023\/04\/shutterstock_199054478-tyopaikkaohjaajalle.jpg 1000w, https:\/\/sykli.fi\/demo\/wp-content\/uploads\/2023\/04\/shutterstock_199054478-tyopaikkaohjaajalle-300x200.jpg 300w, https:\/\/sykli.fi\/demo\/wp-content\/uploads\/2023\/04\/shutterstock_199054478-tyopaikkaohjaajalle-768x511.jpg 768w\" sizes=\"auto, (max-width: 1000px) 100vw, 1000px\" \/>\r\n        \r\n        \r\n            <div class=\"site-banner-content container\">\r\n                <div class=\"row w-100\">\r\n                    <div class=\"col-md-12\">\r\n                        <div class=\"hero-text-overlay\">\r\n                                                                <h1 class=\"hero-title\">Syklin kest\u00e4vyystiekartta 2025-2030<\/h1>\r\n                            <div class=\"inner-content\">\r\n                            <div class=\"acf-innerblocks-container\"><\/div>\r\n                        <\/div>                        <\/div>\r\n                    <\/div>\r\n                <\/div>\r\n            <\/div>\r\n\r\n        <\/section>\n\n<div class=\"wp-block-image\">\n<figure class=\"alignright size-thumbnail\"><img loading=\"lazy\" decoding=\"async\" width=\"150\" height=\"150\" src=\"https:\/\/sykli.fi\/demo\/wp-content\/uploads\/2025\/06\/Kestavaa_tulevaisuutta-yhdessa-09-150x150.png\" alt=\"\" class=\"wp-image-71835\" srcset=\"https:\/\/sykli.fi\/demo\/wp-content\/uploads\/2025\/06\/Kestavaa_tulevaisuutta-yhdessa-09-150x150.png 150w, https:\/\/sykli.fi\/demo\/wp-content\/uploads\/2025\/06\/Kestavaa_tulevaisuutta-yhdessa-09-300x300.png 300w, https:\/\/sykli.fi\/demo\/wp-content\/uploads\/2025\/06\/Kestavaa_tulevaisuutta-yhdessa-09-1022x1024.png 1022w, https:\/\/sykli.fi\/demo\/wp-content\/uploads\/2025\/06\/Kestavaa_tulevaisuutta-yhdessa-09-768x769.png 768w, https:\/\/sykli.fi\/demo\/wp-content\/uploads\/2025\/06\/Kestavaa_tulevaisuutta-yhdessa-09.png 1124w\" sizes=\"auto, (max-width: 150px) 100vw, 150px\" \/><\/figure>\n<\/div>\n\n\n<p>Syklin kest\u00e4vyystiekartta viitoittaa tulevien vuosien kest\u00e4vyysmatkaamme tavoitteellisten ja k\u00e4yt\u00e4nn\u00f6nl\u00e4heisten toimenpiteiden muodossa. Sykli on sitoutunut rakentamaan kest\u00e4v\u00e4\u00e4 tulevaisuutta\u202f<a href=\"https:\/\/sykli.fi\/demo\/wp-content\/uploads\/2024\/03\/Ohjelmapaperi-FI.pdf\">Ammatillisen koulutuksen kest\u00e4vyystiekartan<\/a>\u202fmukaisesti. Haluamme omalla tiekartallamme kannustaa my\u00f6s muita organisaatioita j\u00e4rjestelm\u00e4lliseen ja vaikuttavaan kest\u00e4vyysty\u00f6h\u00f6n.<\/p>\n\n\n\n<p>Syklin kest\u00e4vyystiekartta pohjautuu <a href=\"https:\/\/sykli.fi\/demo\/sykli\/syklin-strategia\/\" target=\"_blank\" rel=\"noreferrer noopener\">strategiaamme<\/a> sek\u00e4 <a href=\"https:\/\/www.ykliitto.fi\/kestava-kehitys\" target=\"_blank\" rel=\"noreferrer noopener\">YK:n kest\u00e4v\u00e4n kehityksen tavoitteisiin<\/a>. Kest\u00e4vyystiekartta viitoittaa tiet\u00e4mme konkreettisemmin kohti strategiamme sanoittamaa tulevaisuuskuvaa \u2013 tavoitteena hyv\u00e4 ja onnellinen el\u00e4m\u00e4 planeetan rajoissa.<\/p>\n\n\n\n<div class=\"wp-block-buttons is-layout-flex wp-block-buttons-is-layout-flex\">\n<div class=\"wp-block-button\"><a class=\"wp-block-button__link wp-element-button\" href=\"https:\/\/sykli.fi\/demo\/syklin-kestavyystiekartta-2025-2030-erinomainen-valine-strategian-konkretisointiin\/\" target=\"_blank\" rel=\"noreferrer noopener\">Lue artikkeli kest\u00e4vyystiekartan rakentamisesta<\/a><\/div>\n<\/div>\n\n\n\n<hr class=\"wp-block-separator has-alpha-channel-opacity is-style-wide\"\/>\n\n\n\n<h2 class=\"wp-block-heading\">Tutustu Syklin kest\u00e4vyystiekarttaan 2025-2030<\/h2>\n\n\n\n<div data-wp-interactive=\"core\/file\" class=\"wp-block-file\"><object data-wp-bind--hidden=\"!state.hasPdfPreview\" hidden class=\"wp-block-file__embed\" data=\"https:\/\/sykli.fi\/demo\/wp-content\/uploads\/2025\/06\/Syklin-kestavyystiekartta-2025-2030-4.pdf\" type=\"application\/pdf\" style=\"width:100%;height:600px\" aria-label=\"Tiedoston Syklin kest\u00e4vyystiekartta 2025-2030 upotus.\"><\/object><a id=\"wp-block-file--media-6465f2c7-3ad2-4ef5-9ff5-4f6f2b8024ac\" href=\"https:\/\/sykli.fi\/demo\/wp-content\/uploads\/2025\/06\/Syklin-kestavyystiekartta-2025-2030-4.pdf\">Syklin kest\u00e4vyystiekartta 2025-2030<\/a><a href=\"https:\/\/sykli.fi\/demo\/wp-content\/uploads\/2025\/06\/Syklin-kestavyystiekartta-2025-2030-4.pdf\" class=\"wp-block-file__button wp-element-button\" download aria-describedby=\"wp-block-file--media-6465f2c7-3ad2-4ef5-9ff5-4f6f2b8024ac\">Lataa<\/a><\/div>\n\n\n\n<hr class=\"wp-block-separator has-alpha-channel-opacity is-style-wide\"\/>\n\n\n\n<h2 class=\"wp-block-heading\">Tutustu my\u00f6s <\/h2>\n\n\n<div class=\"page-linkbox-block alignfull\">\r\n    <div class=\"container\">\r\n        <div class=\"acf-innerblocks-container\">\n\r\n<div class=\"page-linkbox has-turquoise-background-color \">\r\n    <img loading=\"lazy\" decoding=\"async\" width=\"800\" height=\"449\" src=\"https:\/\/sykli.fi\/demo\/wp-content\/uploads\/2023\/04\/shutterstock_1029299632.jpg\" class=\"attachment-large size-large\" alt=\"Tikapuut.\" srcset=\"https:\/\/sykli.fi\/demo\/wp-content\/uploads\/2023\/04\/shutterstock_1029299632.jpg 1000w, https:\/\/sykli.fi\/demo\/wp-content\/uploads\/2023\/04\/shutterstock_1029299632-300x168.jpg 300w, https:\/\/sykli.fi\/demo\/wp-content\/uploads\/2023\/04\/shutterstock_1029299632-768x431.jpg 768w\" sizes=\"auto, (max-width: 800px) 100vw, 800px\" \/>    <a  href=\" https:\/\/sykli.fi\/demo\/sykli\/syklin-vastuullisuus\/syklin-vastuullisuustyon-aikajana\/\" >\r\n        <h2>Syklin vastuullisuusty\u00f6n aikajana<\/h2>\r\n\r\n        \r\n    <\/a>\r\n\r\n<\/div>\n\n\r\n<div class=\"page-linkbox has-turquoise-background-color \">\r\n    <img loading=\"lazy\" decoding=\"async\" width=\"800\" height=\"534\" src=\"https:\/\/sykli.fi\/demo\/wp-content\/uploads\/2023\/04\/shutterstock_1367093687.jpg\" class=\"attachment-large size-large\" alt=\"V\u00e4h\u00e4hiilisyys\" srcset=\"https:\/\/sykli.fi\/demo\/wp-content\/uploads\/2023\/04\/shutterstock_1367093687.jpg 1000w, https:\/\/sykli.fi\/demo\/wp-content\/uploads\/2023\/04\/shutterstock_1367093687-300x200.jpg 300w, https:\/\/sykli.fi\/demo\/wp-content\/uploads\/2023\/04\/shutterstock_1367093687-768x512.jpg 768w\" sizes=\"auto, (max-width: 800px) 100vw, 800px\" \/>    <a  href=\" https:\/\/sykli.fi\/demo\/sykli\/syklin-vastuullisuus\/syklin-kestavyysraportti\/\" >\r\n        <h2>Syklin kest\u00e4vyysraportti<\/h2>\r\n\r\n        \r\n    <\/a>\r\n\r\n<\/div>\n\n\r\n<div class=\"page-linkbox has-turquoise-background-color \">\r\n    <img loading=\"lazy\" decoding=\"async\" width=\"800\" height=\"534\" src=\"https:\/\/sykli.fi\/demo\/wp-content\/uploads\/2023\/04\/shutterstock_760733977-syklin-vastuullisuus-1.jpg\" class=\"attachment-large size-large\" alt=\"Taimi mullassa.\" srcset=\"https:\/\/sykli.fi\/demo\/wp-content\/uploads\/2023\/04\/shutterstock_760733977-syklin-vastuullisuus-1.jpg 1000w, https:\/\/sykli.fi\/demo\/wp-content\/uploads\/2023\/04\/shutterstock_760733977-syklin-vastuullisuus-1-300x200.jpg 300w, https:\/\/sykli.fi\/demo\/wp-content\/uploads\/2023\/04\/shutterstock_760733977-syklin-vastuullisuus-1-768x512.jpg 768w\" sizes=\"auto, (max-width: 800px) 100vw, 800px\" \/>    <a  href=\" https:\/\/sykli.fi\/demo\/sykli\/syklin-vastuullisuus\/syklin-sertifikaatit-ja-sitoumukset\/\" >\r\n        <h2>Syklin sertifikaatit ja sitoumukset<\/h2>\r\n\r\n        \r\n    <\/a>\r\n\r\n<\/div>\n<\/div>\r\n\r\n    <\/div>\r\n<\/div>","protected":false},"excerpt":{"rendered":"<p>Syklin kest\u00e4vyystiekartta viitoittaa tulevien vuosien kest\u00e4vyysmatkaamme tavoitteellisten ja k\u00e4yt\u00e4nn\u00f6nl\u00e4heisten toimenpiteiden muodossa. Sykli on sitoutunut rakentamaan kest\u00e4v\u00e4\u00e4 tulevaisuutta\u202fAmmatillisen koulutuksen kest\u00e4vyystiekartan\u202fmukaisesti. Haluamme [&hellip;]<\/p>\n","protected":false},"author":11,"featured_media":63638,"parent":1631,"menu_order":0,"comment_status":"closed","ping_status":"closed","template":"","meta":{"_acf_changed":false,"footnotes":""},"class_list":["post-71813","page","type-page","status-publish","has-post-thumbnail","hentry"],"acf":[],"_links":{"self":[{"href":"https:\/\/sykli.fi\/demo\/wp-json\/wp\/v2\/pages\/71813","targetHints":{"allow":["GET"]}}],"collection":[{"href":"https:\/\/sykli.fi\/demo\/wp-json\/wp\/v2\/pages"}],"about":[{"href":"https:\/\/sykli.fi\/demo\/wp-json\/wp\/v2\/types\/page"}],"author":[{"embeddable":true,"href":"https:\/\/sykli.fi\/demo\/wp-json\/wp\/v2\/users\/11"}],"replies":[{"embeddable":true,"href":"https:\/\/sykli.fi\/demo\/wp-json\/wp\/v2\/comments?post=71813"}],"version-history":[{"count":10,"href":"https:\/\/sykli.fi\/demo\/wp-json\/wp\/v2\/pages\/71813\/revisions"}],"predecessor-version":[{"id":73652,"href":"https:\/\/sykli.fi\/demo\/wp-json\/wp\/v2\/pages\/71813\/revisions\/73652"}],"up":[{"embeddable":true,"href":"https:\/\/sykli.fi\/demo\/wp-json\/wp\/v2\/pages\/1631"}],"wp:featuredmedia":[{"embeddable":true,"href":"https:\/\/sykli.fi\/demo\/wp-json\/wp\/v2\/media\/63638"}],"wp:attachment":[{"href":"https:\/\/sykli.fi\/demo\/wp-json\/wp\/v2\/media?parent=71813"}],"curies":[{"name":"wp","href":"https:\/\/api.w.org\/{rel}","templated":true}]}}