{"id":71775,"date":"2025-06-02T14:00:30","date_gmt":"2025-06-02T11:00:30","guid":{"rendered":"https:\/\/sykli.fi\/?page_id=71775"},"modified":"2025-06-04T10:30:24","modified_gmt":"2025-06-04T07:30:24","slug":"syklin-kestavyysraportti","status":"publish","type":"page","link":"https:\/\/sykli.fi\/demo\/sykli\/syklin-vastuullisuus\/syklin-kestavyysraportti\/","title":{"rendered":"Syklin kest\u00e4vyysraportti"},"content":{"rendered":"\r\n<section id=\"hero-block_e8abf0e3586bfa6864ff1020619c4f8c\" class=\"hero site-banner section-default default alignfull\">\r\n\r\n    <div class=\"site-banner-bg section-bg-image \" >\r\n\r\n        <img loading=\"lazy\" decoding=\"async\" width=\"1000\" height=\"667\" src=\"https:\/\/sykli.fi\/demo\/wp-content\/uploads\/2023\/04\/shutterstock_1367093687.jpg\" class=\"attachment-1536\u00d71536 size-1536\u00d71536\" alt=\"V\u00e4h\u00e4hiilisyys\" srcset=\"https:\/\/sykli.fi\/demo\/wp-content\/uploads\/2023\/04\/shutterstock_1367093687.jpg 1000w, https:\/\/sykli.fi\/demo\/wp-content\/uploads\/2023\/04\/shutterstock_1367093687-300x200.jpg 300w, https:\/\/sykli.fi\/demo\/wp-content\/uploads\/2023\/04\/shutterstock_1367093687-768x512.jpg 768w\" sizes=\"auto, (max-width: 1000px) 100vw, 1000px\" \/>\r\n        \r\n        \r\n            <div class=\"site-banner-content container\">\r\n                <div class=\"row w-100\">\r\n                    <div class=\"col-md-12\">\r\n                        <div class=\"hero-text-overlay\">\r\n                                                                <h1 class=\"hero-title\">Syklin kest\u00e4vyysraportti<\/h1>\r\n                            <div class=\"inner-content\">\r\n                            <div class=\"acf-innerblocks-container\"><\/div>\r\n                        <\/div>                        <\/div>\r\n                    <\/div>\r\n                <\/div>\r\n            <\/div>\r\n\r\n        <\/section>\n\n\n<p>Sykli toteutti ensimm\u00e4isen kest\u00e4vyysraporttinsa kev\u00e4\u00e4ll\u00e4 2025, perustuen joulukuussa 2024 julkaistuun EU:n vapaaehtoiseen kest\u00e4vyysraportointistandardiin VSME (Voluntary Sustainability Reporting Standard for non-listed SMEs). Jatkossa tulemme toteuttamaan kest\u00e4vyysraportoinnin vuosittain osana toimintakertomusta. <\/p>\n\n\n\n<p>Raportti tuo varmuutta <a href=\"https:\/\/sykli.fi\/demo\/sykli\/syklin-strategia\/\" target=\"_blank\" rel=\"noreferrer noopener\">strategiamme<\/a> viitoittamalle tielle: Sykli osaa, Sykli toimii ja Sykli vaikuttaa \u2013 tavoitteena hyv\u00e4 ja onnellinen el\u00e4m\u00e4 planeetan rajoissa. <\/p>\n\n\n\n<p><a href=\"https:\/\/sykli.fi\/demo\/sykli\/syklin-arvot\/\" target=\"_blank\" rel=\"noreferrer noopener\">Syklin arvot<\/a> \u2013 uteliaisuus, uskallus, toivo ja kest\u00e4v\u00e4 tulevaisuus, kuvastavat sitoutumistamme kest\u00e4v\u00e4n tulevaisuuden rakentamiseen. Toivo ruokkii toimijuutta ja auttaa luomaan my\u00f6nteisi\u00e4 tulevaisuuskuvia, uteliaisuus kannustaa jatkuvaan oppimiseen ja uusien ratkaisujen selvitt\u00e4miseen, uskallus rohkaisee avoimuuteen ja oikeudenmukaisuuden edist\u00e4miseen, ja kest\u00e4v\u00e4 tulevaisuus t\u00e4ht\u00e4\u00e4 pitk\u00e4aikaisiin, planeettaamme kunnioittaviin ratkaisuihin.<\/p>\n\n\n\n<p>My\u00f6s sidosryhm\u00e4mme toivovat meilt\u00e4 avointa ja l\u00e4pin\u00e4kyv\u00e4\u00e4 viestint\u00e4\u00e4 ja me haluamme kehitt\u00e4\u00e4 omaa toimintaamme kunnianhimoisesti. Tavoitteena ei ole toteuttaa raportointia vain raportoinnin vuoksi, vaan k\u00e4ytt\u00e4\u00e4 raportointiprosessia ty\u00f6kaluna oman toimintamme tarkasteluun ja jatkuvaan parantamiseen.<\/p>\n\n\n\n<h2 class=\"wp-block-heading\">Tutustu Syklin kest\u00e4vyysraporttiin 2024<\/h2>\n\n\n\n<div data-wp-interactive=\"core\/file\" class=\"wp-block-file\"><object data-wp-bind--hidden=\"!state.hasPdfPreview\" hidden class=\"wp-block-file__embed\" data=\"https:\/\/sykli.fi\/demo\/wp-content\/uploads\/2025\/04\/Toimintakertomus-ja-kestavyysraportti-2024-Suomen-ymparistoopisto-SYKLI.pdf\" type=\"application\/pdf\" style=\"width:100%;height:559px\" aria-label=\"Tiedoston Toimintakertomus ja kest\u00e4vyysraportti 2024 Suomen ymp\u00e4rist\u00f6opisto SYKLI upotus.\"><\/object><a id=\"wp-block-file--media-3be1e0a3-8a77-4f99-8eff-0f71d4b51570\" href=\"https:\/\/sykli.fi\/demo\/wp-content\/uploads\/2025\/04\/Toimintakertomus-ja-kestavyysraportti-2024-Suomen-ymparistoopisto-SYKLI.pdf\" target=\"_blank\" rel=\"noreferrer noopener\">Toimintakertomus ja kest\u00e4vyysraportti 2024 Suomen ymp\u00e4rist\u00f6opisto SYKLI<\/a><a href=\"https:\/\/sykli.fi\/demo\/wp-content\/uploads\/2025\/04\/Toimintakertomus-ja-kestavyysraportti-2024-Suomen-ymparistoopisto-SYKLI.pdf\" class=\"wp-block-file__button wp-element-button\" download aria-describedby=\"wp-block-file--media-3be1e0a3-8a77-4f99-8eff-0f71d4b51570\">Lataa<\/a><\/div>\n\n\n\n<hr class=\"wp-block-separator has-alpha-channel-opacity is-style-wide\"\/>\n\n\n\n<p>Organisaatiollemme ensimm\u00e4isen kest\u00e4vyysraportin koostaminen oli kiinnostava oppimisprosessi koulutusalan toimijana. <a href=\"https:\/\/sykli.fi\/demo\/syklin-kestavyysraportti-vuodelta-2024-on-julkaistu\/\" target=\"_blank\" rel=\"noreferrer noopener\">Lue uutinen Syklin ensimm\u00e4isest\u00e4 kest\u00e4vyysraportista ja sen valmistumisprosessista vuodelta 2024.<\/a><\/p>\n\n\n\n<h2 class=\"wp-block-heading\">Tutustu my\u00f6s<\/h2>\n\n\n<div class=\"page-linkbox-block alignfull\">\r\n    <div class=\"container\">\r\n        <div class=\"acf-innerblocks-container\">\n\r\n<div class=\"page-linkbox has-turquoise-background-color \">\r\n    <img loading=\"lazy\" decoding=\"async\" width=\"800\" height=\"532\" src=\"https:\/\/sykli.fi\/demo\/wp-content\/uploads\/2023\/04\/shutterstock_199054478-tyopaikkaohjaajalle.jpg\" class=\"attachment-large size-large\" alt=\"Kyltit mets\u00e4ss\u00e4.\" srcset=\"https:\/\/sykli.fi\/demo\/wp-content\/uploads\/2023\/04\/shutterstock_199054478-tyopaikkaohjaajalle.jpg 1000w, https:\/\/sykli.fi\/demo\/wp-content\/uploads\/2023\/04\/shutterstock_199054478-tyopaikkaohjaajalle-300x200.jpg 300w, https:\/\/sykli.fi\/demo\/wp-content\/uploads\/2023\/04\/shutterstock_199054478-tyopaikkaohjaajalle-768x511.jpg 768w\" sizes=\"auto, (max-width: 800px) 100vw, 800px\" \/>    <a  href=\" https:\/\/sykli.fi\/demo\/sykli\/syklin-vastuullisuus\/syklin-kestavyystiekartta-2025-2030\/\" >\r\n        <h2>Syklin kest\u00e4vyystiekartta 2025-2030<\/h2>\r\n\r\n        \r\n    <\/a>\r\n\r\n<\/div>\n\n\r\n<div class=\"page-linkbox has-turquoise-background-color \">\r\n    <img loading=\"lazy\" decoding=\"async\" width=\"800\" height=\"450\" src=\"https:\/\/sykli.fi\/demo\/wp-content\/uploads\/2025\/06\/SDG-Flag-Day-1.jpg\" class=\"attachment-large size-large\" alt=\"\" srcset=\"https:\/\/sykli.fi\/demo\/wp-content\/uploads\/2025\/06\/SDG-Flag-Day-1.jpg 800w, https:\/\/sykli.fi\/demo\/wp-content\/uploads\/2025\/06\/SDG-Flag-Day-1-300x169.jpg 300w, https:\/\/sykli.fi\/demo\/wp-content\/uploads\/2025\/06\/SDG-Flag-Day-1-768x432.jpg 768w\" sizes=\"auto, (max-width: 800px) 100vw, 800px\" \/>    <a  href=\" https:\/\/sykli.fi\/demo\/sykli\/syklin-vastuullisuus\/syklin-sdg-tavoitteet\/\" >\r\n        <h2>Syklin SDG-tavoitteet<\/h2>\r\n\r\n        \r\n    <\/a>\r\n\r\n<\/div>\n\n\r\n<div class=\"page-linkbox has-turquoise-background-color \">\r\n    <img loading=\"lazy\" decoding=\"async\" width=\"800\" height=\"449\" src=\"https:\/\/sykli.fi\/demo\/wp-content\/uploads\/2023\/04\/shutterstock_1029299632.jpg\" class=\"attachment-large size-large\" alt=\"Tikapuut.\" srcset=\"https:\/\/sykli.fi\/demo\/wp-content\/uploads\/2023\/04\/shutterstock_1029299632.jpg 1000w, https:\/\/sykli.fi\/demo\/wp-content\/uploads\/2023\/04\/shutterstock_1029299632-300x168.jpg 300w, https:\/\/sykli.fi\/demo\/wp-content\/uploads\/2023\/04\/shutterstock_1029299632-768x431.jpg 768w\" sizes=\"auto, (max-width: 800px) 100vw, 800px\" \/>    <a  href=\" https:\/\/sykli.fi\/demo\/sykli\/syklin-vastuullisuus\/syklin-vastuullisuustyon-aikajana\/\" >\r\n        <h2>Syklin vastuullisuusty\u00f6n aikajana<\/h2>\r\n\r\n        \r\n    <\/a>\r\n\r\n<\/div>\n<\/div>\r\n\r\n    <\/div>\r\n<\/div>\n\n\n<p><\/p>\n","protected":false},"excerpt":{"rendered":"<p>Sykli toteutti ensimm\u00e4isen kest\u00e4vyysraporttinsa kev\u00e4\u00e4ll\u00e4 2025, perustuen joulukuussa 2024 julkaistuun EU:n vapaaehtoiseen kest\u00e4vyysraportointistandardiin VSME (Voluntary Sustainability Reporting Standard for non-listed [&hellip;]<\/p>\n","protected":false},"author":11,"featured_media":63841,"parent":1631,"menu_order":0,"comment_status":"closed","ping_status":"closed","template":"","meta":{"_acf_changed":false,"footnotes":""},"class_list":["post-71775","page","type-page","status-publish","has-post-thumbnail","hentry"],"acf":[],"_links":{"self":[{"href":"https:\/\/sykli.fi\/demo\/wp-json\/wp\/v2\/pages\/71775","targetHints":{"allow":["GET"]}}],"collection":[{"href":"https:\/\/sykli.fi\/demo\/wp-json\/wp\/v2\/pages"}],"about":[{"href":"https:\/\/sykli.fi\/demo\/wp-json\/wp\/v2\/types\/page"}],"author":[{"embeddable":true,"href":"https:\/\/sykli.fi\/demo\/wp-json\/wp\/v2\/users\/11"}],"replies":[{"embeddable":true,"href":"https:\/\/sykli.fi\/demo\/wp-json\/wp\/v2\/comments?post=71775"}],"version-history":[{"count":9,"href":"https:\/\/sykli.fi\/demo\/wp-json\/wp\/v2\/pages\/71775\/revisions"}],"predecessor-version":[{"id":71888,"href":"https:\/\/sykli.fi\/demo\/wp-json\/wp\/v2\/pages\/71775\/revisions\/71888"}],"up":[{"embeddable":true,"href":"https:\/\/sykli.fi\/demo\/wp-json\/wp\/v2\/pages\/1631"}],"wp:featuredmedia":[{"embeddable":true,"href":"https:\/\/sykli.fi\/demo\/wp-json\/wp\/v2\/media\/63841"}],"wp:attachment":[{"href":"https:\/\/sykli.fi\/demo\/wp-json\/wp\/v2\/media?parent=71775"}],"curies":[{"name":"wp","href":"https:\/\/api.w.org\/{rel}","templated":true}]}}