{"id":71724,"date":"2025-06-01T13:46:16","date_gmt":"2025-06-01T10:46:16","guid":{"rendered":"https:\/\/sykli.fi\/?page_id=71724"},"modified":"2025-09-19T14:02:48","modified_gmt":"2025-09-19T11:02:48","slug":"syklin-sdg-tavoitteet","status":"publish","type":"page","link":"https:\/\/sykli.fi\/demo\/sykli\/syklin-vastuullisuus\/syklin-sdg-tavoitteet\/","title":{"rendered":"Syklin SDG-tavoitteet"},"content":{"rendered":"\r\n<section id=\"hero-block_deab84b147833f8a142303b390bb9d9f\" class=\"hero site-banner section-default default alignfull\">\r\n\r\n    <div class=\"site-banner-bg section-bg-image \" >\r\n\r\n        <img loading=\"lazy\" decoding=\"async\" width=\"800\" height=\"450\" src=\"https:\/\/sykli.fi\/demo\/wp-content\/uploads\/2025\/06\/SDG-Flag-Day-1.jpg\" class=\"attachment-1536\u00d71536 size-1536\u00d71536\" alt=\"\" srcset=\"https:\/\/sykli.fi\/demo\/wp-content\/uploads\/2025\/06\/SDG-Flag-Day-1.jpg 800w, https:\/\/sykli.fi\/demo\/wp-content\/uploads\/2025\/06\/SDG-Flag-Day-1-300x169.jpg 300w, https:\/\/sykli.fi\/demo\/wp-content\/uploads\/2025\/06\/SDG-Flag-Day-1-768x432.jpg 768w\" sizes=\"auto, (max-width: 800px) 100vw, 800px\" \/>\r\n        \r\n        \r\n            <div class=\"site-banner-content container\">\r\n                <div class=\"row w-100\">\r\n                    <div class=\"col-md-12\">\r\n                        <div class=\"hero-text-overlay\">\r\n                                                                <h1 class=\"hero-title\">Syklin SDG-tavoitteet<\/h1>\r\n                            <div class=\"inner-content\">\r\n                            <div class=\"acf-innerblocks-container\"><\/div>\r\n                        <\/div>                        <\/div>\r\n                    <\/div>\r\n                <\/div>\r\n            <\/div>\r\n\r\n        <\/section>\n\n\n<p><a href=\"https:\/\/www.ykliitto.fi\/kestava-kehitys\" target=\"_blank\" rel=\"noreferrer noopener\">YK:n kest\u00e4v\u00e4n kehityksen tavoitteiden<\/a> (Sustainable Development Goals, SDG) tarkoituksena on k\u00e4\u00e4nt\u00e4\u00e4 globaali kehitys uralle, jossa ihmisten hyvinvointi ja ihmisoikeudet, taloudellinen vauraus ja yhteiskuntien vakaus turvataan ymp\u00e4rist\u00f6n kannalta kest\u00e4v\u00e4ll\u00e4 tavalla. Lis\u00e4ksi poistetaan maailmasta \u00e4\u00e4rimm\u00e4inen k\u00f6yhyys kaikissa muodoissaan.<\/p>\n\n\n\n<p>Kaikki kest\u00e4v\u00e4n kehityksen tavoitteet ovat t\u00e4rkeit\u00e4 ja ne linkittyv\u00e4t tiiviisti toisiinsa: yht\u00e4k\u00e4\u00e4n tavoitetta ei voi tavoitella toisen kustannuksella. Kest\u00e4v\u00e4n kehityksen tavoitteiden toteutumiseen tarvitaankin niin valtioita, p\u00e4\u00e4tt\u00e4ji\u00e4 kuin kansalaisiakin.<\/p>\n\n\n\n<p><strong>Sykli edist\u00e4\u00e4 suoraan tai v\u00e4lillisesti kaikkia YK:n kest\u00e4v\u00e4n kehityksen tavoitteita, mutta toiminnassamme korostuvat erityisesti seuraavat:<\/strong><\/p>\n\n\n\n<p>4. Hyv\u00e4 koulutus <br>6. Puhdas vesi ja sanitaatio <br>9. Kest\u00e4v\u00e4\u00e4 teollisuutta, innovaatioita ja infrastruktuuria <br>13. Ilmastotekoja <br>15. Maanp\u00e4\u00e4llinen el\u00e4m\u00e4 <br>17. Yhteisty\u00f6 ja kumppanuus<\/p>\n\n\n\n<hr class=\"wp-block-separator has-alpha-channel-opacity is-style-wide\"\/>\n\n\n<div class=\"wp-block-image\">\n<figure class=\"alignleft size-thumbnail\"><img loading=\"lazy\" decoding=\"async\" width=\"150\" height=\"150\" src=\"https:\/\/sykli.fi\/demo\/wp-content\/uploads\/2025\/06\/Tavoite-4-png-1-150x150.png\" alt=\"\" class=\"wp-image-71727\" srcset=\"https:\/\/sykli.fi\/demo\/wp-content\/uploads\/2025\/06\/Tavoite-4-png-1-150x150.png 150w, https:\/\/sykli.fi\/demo\/wp-content\/uploads\/2025\/06\/Tavoite-4-png-1-300x300.png 300w, https:\/\/sykli.fi\/demo\/wp-content\/uploads\/2025\/06\/Tavoite-4-png-1-768x770.png 768w, https:\/\/sykli.fi\/demo\/wp-content\/uploads\/2025\/06\/Tavoite-4-png-1.png 1022w\" sizes=\"auto, (max-width: 150px) 100vw, 150px\" \/><\/figure>\n<\/div>\n\n\n<p><strong>4. Hyv\u00e4 koulutus&nbsp;<\/strong><\/p>\n\n\n\n<p>Sykli on ammatillinen erikoistunut oppilaitos, joka kouluttaa aikuisia, omaa osaamistaan t\u00e4ydent\u00e4vi\u00e4 eri alojen osaajia valtakunnallisesti. Kest\u00e4vyystaitojen osaaminen ja ymm\u00e4rrys on t\u00e4rke\u00e4\u00e4 aivan jokaiselle kansalaiselle, niin nuorille kuin ty\u00f6el\u00e4m\u00e4ss\u00e4 vaikuttaville. Syklin n\u00e4kemys on, ett\u00e4 jatkuva oppiminen ja osaamisen p\u00e4ivitt\u00e4minen korkeakoulututkinnon j\u00e4lkeenkin on v\u00e4ltt\u00e4m\u00e4t\u00f6nt\u00e4 niin henkil\u00f6n itsens\u00e4 kuin kest\u00e4v\u00e4n ty\u00f6el\u00e4m\u00e4n kehityksenkin kannalta. Samalla Sykli kouluttaa my\u00f6s perusopetuksen ja varhaiskasvatuksen toimijoita, jotta kest\u00e4v\u00e4n kehityksen taitoja saataisiin entist\u00e4 tiiviimmin kaikkien ik\u00e4luokkien oppimissis\u00e4lt\u00f6ihin.&nbsp;&nbsp;<\/p>\n\n\n\n<p>Syklin ty\u00f6voimakoulutusten tavoitteena on ulottaa kest\u00e4vyysosaaminen erilaisiin yrityksiin ja organisaatioihin. Ymp\u00e4rist\u00f6osaajia tarvitaan kaikilla aloilla, ja moni uutta uraa etsiv\u00e4 koulutettu henkil\u00f6 tarvitsee vain hieman t\u00e4ydennyst\u00e4 aiempaan osaamiseensa, jotta voi toimia alallaan kest\u00e4v\u00e4n kehityksen edist\u00e4j\u00e4n\u00e4.&nbsp;&nbsp;<\/p>\n\n\n\n<p>Kest\u00e4vyystaidot eiv\u00e4t rajoitu perusopetukseen tai ammatilliseen koulutukseen, vaan kest\u00e4v\u00e4 ty\u00f6el\u00e4m\u00e4 ja kest\u00e4v\u00e4 yhteiskunta rakentuvat sivistyksen ja jatkuvan oppimisen varaan. Yhteisten ongelmien ratkaisu ja paremman huomisen tavoittelu edustavat sivistynytt\u00e4 yhteiskuntaa, ja oman osaamisen p\u00e4ivitt\u00e4minen tulisi olla kansalaisvelvollisuus. Ammattilainenkaan ei ole koskaan valmis, vaan ammattitaito vaatii jatkuvaa p\u00e4ivityst\u00e4, joko ty\u00f6n tai opiskelun tai niiden yhdistelm\u00e4n kautta. Koulutus ja sivistys on tie kohti kest\u00e4v\u00e4mp\u00e4\u00e4 tulevaisuutta.&nbsp;&nbsp;<\/p>\n\n\n\n<p>Haluamme varmistaa, ett\u00e4 koulutuksemme ovat laadukkaita ja johtavat olennaisiin oppimistuloksiin eli kest\u00e4v\u00e4\u00e4n osaamiseen ja ekososiaaliseen sivistykseen Syklin pedagogisen mallin <a href=\"https:\/\/eur02.safelinks.protection.outlook.com\/?url=https%3A%2F%2Fsykli.fi%2Fdemo%2Fsykli%2Fsyklin-pedagoginen-ohjelma%2F&amp;data=05%7C02%7C%7Cb9cb753f2cc94cd2fdbf08dd92379298%7Cba786a811f15494e8af9b6050456db10%7C0%7C0%7C638827489565368109%7CUnknown%7CTWFpbGZsb3d8eyJFbXB0eU1hcGkiOnRydWUsIlYiOiIwLjAuMDAwMCIsIlAiOiJXaW4zMiIsIkFOIjoiTWFpbCIsIldUIjoyfQ%3D%3D%7C0%7C%7C%7C&amp;sdata=Z%2BaG%2B3drTHmqS9GtT4iCv%2FxwXkK6vboyvvQ1v%2FmPJ0A%3D&amp;reserved=0\" target=\"_blank\" rel=\"noreferrer noopener\">Syklin pedagoginen ohjelma &#8211; Suomen ymp\u00e4rist\u00f6opisto SYKLI<\/a>\u202fpohjalta. Strategiamme sanoin Sykli osaa, Sykli toimii ja Sykli vaikuttaa. &nbsp;<br>&nbsp;<\/p>\n\n\n<div class=\"wp-block-image\">\n<figure class=\"alignleft size-thumbnail\"><img loading=\"lazy\" decoding=\"async\" width=\"150\" height=\"150\" src=\"https:\/\/sykli.fi\/demo\/wp-content\/uploads\/2025\/06\/Tavoite-6-png-1-150x150.png\" alt=\"\" class=\"wp-image-71729\" srcset=\"https:\/\/sykli.fi\/demo\/wp-content\/uploads\/2025\/06\/Tavoite-6-png-1-150x150.png 150w, https:\/\/sykli.fi\/demo\/wp-content\/uploads\/2025\/06\/Tavoite-6-png-1-300x300.png 300w, https:\/\/sykli.fi\/demo\/wp-content\/uploads\/2025\/06\/Tavoite-6-png-1-768x770.png 768w, https:\/\/sykli.fi\/demo\/wp-content\/uploads\/2025\/06\/Tavoite-6-png-1.png 1022w\" sizes=\"auto, (max-width: 150px) 100vw, 150px\" \/><\/figure>\n<\/div>\n\n\n<p><strong>6. Puhdas vesi ja sanitaatio<\/strong>&nbsp;<\/p>\n\n\n\n<p>Puhdas vesi on el\u00e4m\u00e4n edellytys. Maailmassa on edelleen miljardeja ihmisi\u00e4 vailla puhdasta vett\u00e4 tai turvallista sanitaatiota. Suomessa tilanne on parempi, mutta se ei ole tapahtunut itsest\u00e4\u00e4n, vaan suomalainen vesihuolto on rakentunut osaavien ammattilaisten tiedon ja taidon my\u00f6t\u00e4. &nbsp;<br>&nbsp;<br>Sykli on Suomen vanhin ja johtava vesihuoltoalan kouluttaja, joten puhdas vesi ja sanitaatio on meille yksi merkitt\u00e4v\u00e4 YK:n kest\u00e4v\u00e4n kehityksen tavoite. Syklin ymp\u00e4rist\u00f6alan ammatti- ja erikoisammattitutkinnot ovat k\u00e4yt\u00e4nn\u00f6ss\u00e4 ainoita tutkintokoulutuksia k\u00e4yt\u00e4nn\u00f6n vesihuoltoty\u00f6h\u00f6n. Tarjoamme lis\u00e4ksi lyhyit\u00e4 t\u00e4ydennyskoulutuskursseja. Huolehdimme valtakunnallisella kouluttajastatuksella vesihuoltolaitosten henkil\u00f6st\u00f6n osaamisen kehitt\u00e4misest\u00e4 urapolun eri vaiheissa.&nbsp;<\/p>\n\n\n\n<p>Vesihuollon alalla on my\u00f6s t\u00e4rke\u00e4\u00e4 huolehtia jatkuvasta oppimisesta, sill\u00e4 ala kehittyy ja uudet riskit vaativat uusia riskinhallintamenetelmi\u00e4. Lakis\u00e4\u00e4teisest\u00e4 vesity\u00f6kortista desinfiointikoulutuksiin ja Water Safety Planin laatimiseen, Sykli tarjoaa laajan kattauksen my\u00f6s lyhyempi\u00e4 t\u00e4ydennyskoulutuskursseja. Tuoreemmat haasteet, kuten kyberturvallisuus, ovat my\u00f6s l\u00f6yt\u00e4neet tiens\u00e4 koulutustarjontaamme.&nbsp;&nbsp;<\/p>\n\n\n\n<p>Sykli kouluttaa isoja ja pieni\u00e4 vesihuoltolaitoksia ja verkostotoimijoita sek\u00e4 vesiosuuskuntien toimijoita. Monipuolinen hankekehitys t\u00e4ht\u00e4\u00e4 vesialan toimijoiden vahvempaan yhteisty\u00f6h\u00f6n ja entist\u00e4 laajempaan koulutustarjontaan. Hankkeet tukevat monesti my\u00f6s paikallisyhteis\u00f6jen osallistumista vesist\u00f6jen ja sanitaation hallinnan kehitt\u00e4miseen. Tavoitteena on kest\u00e4v\u00e4 vesihuolto kaikin tavoin.&nbsp;&nbsp;<\/p>\n\n\n\n<p>My\u00f6s kansainv\u00e4lisesti Syklill\u00e4 on t\u00e4rke\u00e4 rooli vesihuollon kehitt\u00e4misest\u00e4. Vuosikaudet koulutusty\u00f6t\u00e4 on tehty erilaisissa toimintaymp\u00e4rist\u00f6iss\u00e4 ja tuotu suomalaista osaamista esiin Euroopassa, Euraasiassa ja Afrikassa. Kattava vesihuollon osaaminen ja vankka ammattitaito on my\u00f6s eritt\u00e4in t\u00e4rke\u00e4 osa-alue huoltovarmuuden kannalta, sill\u00e4 puhdas vesi ei ole itsest\u00e4\u00e4n selvyys. Vesihuollon osa-alueet liittyv\u00e4t vuorostaan my\u00f6s energiatehokkuuteen ja ravinnekiertoon, ja n\u00e4it\u00e4kin teemoja k\u00e4sitell\u00e4\u00e4n niin koulutuksissa kuin kehitt\u00e4mishankkeissakin.&nbsp;<\/p>\n\n\n<div class=\"wp-block-image\">\n<figure class=\"alignleft size-thumbnail\"><img loading=\"lazy\" decoding=\"async\" width=\"150\" height=\"150\" src=\"https:\/\/sykli.fi\/demo\/wp-content\/uploads\/2025\/06\/Tavoite-9-png-1-150x150.png\" alt=\"\" class=\"wp-image-71731\" srcset=\"https:\/\/sykli.fi\/demo\/wp-content\/uploads\/2025\/06\/Tavoite-9-png-1-150x150.png 150w, https:\/\/sykli.fi\/demo\/wp-content\/uploads\/2025\/06\/Tavoite-9-png-1-300x300.png 300w, https:\/\/sykli.fi\/demo\/wp-content\/uploads\/2025\/06\/Tavoite-9-png-1-768x770.png 768w, https:\/\/sykli.fi\/demo\/wp-content\/uploads\/2025\/06\/Tavoite-9-png-1.png 1022w\" sizes=\"auto, (max-width: 150px) 100vw, 150px\" \/><\/figure>\n<\/div>\n\n\n<p><strong>9. Kest\u00e4v\u00e4\u00e4 teollisuutta, innovaatioita ja infrastruktuureja&nbsp;<\/strong><\/p>\n\n\n\n<p>Sykli per\u00e4\u00e4nkuuluttaa kest\u00e4vi\u00e4 k\u00e4yt\u00e4nt\u00f6j\u00e4 yhteiskunnan jokaisella alalla. Yksin kuluttaja ei ole vastuussa, vaan yhteiskunnan eri toiminnot tulisi rakentua ekologisesti, sosiaalisesti ja taloudellisesti kest\u00e4v\u00e4lle pohjalle. On kuitenkin mahdollista valjastaa teknologinen kehitys kest\u00e4v\u00e4n teollisuuden ja infrastruktuurin pohjaksi. Sykli edist\u00e4\u00e4 monipuolisella <a href=\"https:\/\/sykli.fi\/demo\/vaikuttaminen\/kehittamishankkeet\/\" target=\"_blank\" rel=\"noreferrer noopener\">hanketoiminnalla ja jatkuvasti kasvavalla hankesalkulla<\/a> kest\u00e4v\u00e4\u00e4 liiketoimintaa sek\u00e4 uusien toimintatapojen ja kumppanuuksien innovointia.&nbsp;<br>&nbsp;<br>Syklin kehitt\u00e4mishankkeissa tutkitaan erilaisia uusiutuvien energiamuotojen hy\u00f6dynt\u00e4mismahdollisuuksia, energian talteenottoa, kiertotalouden erilaisia mahdollisuuksia ja hiilineutraaleja toimintatapoja. Digitalisaation ja teko\u00e4lyn hy\u00f6dynt\u00e4minen tuotantoprosessien tai toiminnan tehostamisen apuna on t\u00e4rke\u00e4ss\u00e4 roolissa hankkeissamme, joiden avulla vaikutamme kaksoissiirtym\u00e4n ratkaisuihin.&nbsp;&nbsp;<\/p>\n\n\n\n<p>Tuemme ennen kaikkea mikro- ja pk-yrityksi\u00e4 valjastamaan niukat henkil\u00f6resurssit kest\u00e4vien innovaatioiden kehitt\u00e4miseen ja oman toiminnan sujuvoittamiseen v\u00e4h\u00e4hiilisen kiertotalouden periaatteiden mukaisesti. Per\u00e4\u00e4nkuulutamme pitk\u00e4n t\u00e4ht\u00e4imen suunnittelua esimerkiksi kunnallisessa p\u00e4\u00e4t\u00f6ksenteossa kiinteist\u00f6kannan tai vesihuollon infrastruktuurin kehitt\u00e4misess\u00e4, ja koulutamme my\u00f6s kuntien p\u00e4\u00e4tt\u00e4ji\u00e4 ja asiantuntijoita erilaisissa hankkeissamme.&nbsp;&nbsp;<\/p>\n\n\n\n<p>Uskomme, ett\u00e4 kest\u00e4v\u00e4 yhteiskunta on paitsi mahdollinen, my\u00f6s taloudellisesti kannattava ratkaisu. T\u00e4h\u00e4n tavoitteeseen ohjaamme yrityksiss\u00e4 ty\u00f6skentelevi\u00e4 opiskelijoitamme sek\u00e4 yritysasiakkaitamme asiantuntijapalveluissamme. TKI-toiminta on t\u00e4rke\u00e4 osa Syklin toimintaa ja vaikuttaa vahvasti my\u00f6s koulutustemme sis\u00e4lt\u00f6ihin.&nbsp;<\/p>\n\n\n<div class=\"wp-block-image\">\n<figure class=\"alignleft size-thumbnail\"><img loading=\"lazy\" decoding=\"async\" width=\"150\" height=\"150\" src=\"https:\/\/sykli.fi\/demo\/wp-content\/uploads\/2025\/06\/Tavoite-13-png-1-150x150.png\" alt=\"\" class=\"wp-image-71733\" srcset=\"https:\/\/sykli.fi\/demo\/wp-content\/uploads\/2025\/06\/Tavoite-13-png-1-150x150.png 150w, https:\/\/sykli.fi\/demo\/wp-content\/uploads\/2025\/06\/Tavoite-13-png-1-300x300.png 300w, https:\/\/sykli.fi\/demo\/wp-content\/uploads\/2025\/06\/Tavoite-13-png-1-768x770.png 768w, https:\/\/sykli.fi\/demo\/wp-content\/uploads\/2025\/06\/Tavoite-13-png-1.png 1022w\" sizes=\"auto, (max-width: 150px) 100vw, 150px\" \/><\/figure>\n<\/div>\n\n\n<p><strong>13. Ilmastotekoja&nbsp;<\/strong><\/p>\n\n\n\n<p>Ilmasto-osaaminen on t\u00e4rke\u00e4\u00e4 jokaiselle kansalaiselle. Sykli lis\u00e4\u00e4 koulutuksillaan tietoisuutta, ymm\u00e4rryst\u00e4 ja aktiivista toimijuutta ilmastonmuutoksen hillitsemiseksi. Yksitt\u00e4isen opiskelijan osaamisen kasvattamisella on merkitt\u00e4v\u00e4\u00e4 vaikuttavuutta, sill\u00e4 h\u00e4n vie tietotaitoaan omaan organisaatioonsa ja verkostoihinsa ja kehitt\u00e4\u00e4 vastuullisia toimintatapoja osana opintojaan.\u202fMy\u00f6s useissa hankkeissa edistet\u00e4\u00e4n ilmasto-osaamista, ennen kaikkea hiilijalanj\u00e4ljen laskennan ja p\u00e4\u00e4st\u00f6v\u00e4hennyspolun vaikutusten ymm\u00e4rt\u00e4misen kautta. Useisiin kehitt\u00e4mishankkeisiin sis\u00e4ltyy ilmastopositiivinen tavoite, kuten puhtaan energian k\u00e4ytt\u00f6 tai p\u00e4\u00e4st\u00f6jen v\u00e4hent\u00e4minen energiatehokkuuden kautta.<\/p>\n\n\n\n<p>Sykliss\u00e4 huomioimme oman hiilijalanj\u00e4lkemme suhteessa toimintamme laajuuteen ja koulutustoiminnan vaikuttavuuteen. Sykli ei ole hiilineutraali, sill\u00e4 koulutustoiminnasta syntyy aina p\u00e4\u00e4st\u00f6j\u00e4. Sen sijaan Sykliss\u00e4 pohditaan aktiivisesti, kuinka p\u00e4\u00e4st\u00f6ist\u00e4 saadaan suurin vaikuttavuus irti, eli kuinka edistet\u00e4\u00e4n muiden tahojen ilmastopositiivisia vaikutuksia ja ilmastotietoutta. Ilmastotoimien integrointi osaksi kaikkea muuta toimintaa on v\u00e4ist\u00e4m\u00e4t\u00f6n lopputulos, johon Syklin toiminta t\u00e4ht\u00e4\u00e4.<\/p>\n\n\n<div class=\"wp-block-image\">\n<figure class=\"alignleft size-thumbnail\"><img loading=\"lazy\" decoding=\"async\" width=\"150\" height=\"150\" src=\"https:\/\/sykli.fi\/demo\/wp-content\/uploads\/2025\/06\/Tavoite-15-png-1-150x150.png\" alt=\"\" class=\"wp-image-71735\" srcset=\"https:\/\/sykli.fi\/demo\/wp-content\/uploads\/2025\/06\/Tavoite-15-png-1-150x150.png 150w, https:\/\/sykli.fi\/demo\/wp-content\/uploads\/2025\/06\/Tavoite-15-png-1-300x300.png 300w, https:\/\/sykli.fi\/demo\/wp-content\/uploads\/2025\/06\/Tavoite-15-png-1-768x770.png 768w, https:\/\/sykli.fi\/demo\/wp-content\/uploads\/2025\/06\/Tavoite-15-png-1.png 1022w\" sizes=\"auto, (max-width: 150px) 100vw, 150px\" \/><\/figure>\n<\/div>\n\n\n<p><strong>15. Maanp\u00e4\u00e4llinen el\u00e4m\u00e4&nbsp;<\/strong><\/p>\n\n\n\n<p>Luonnon monimuotoisuuden edist\u00e4minen on ollut kirjattuna Syklin strategiaan vuodesta 2021. J\u00e4rjestelm\u00e4llisen kehitysty\u00f6n seurauksena on syntynyt luonnon monimuotoisuutta ja luontopositiivisuutta tukevia kehitt\u00e4mishankkeita sek\u00e4 tutkintokoulutuksiin uudenlaisia painotuksia ja kokonaisuuksia. Huomioimme monimuotoisuuskysymykset esimerkiksi kiinteist\u00f6nhoidon koulutuksissa.&nbsp;&nbsp;<\/p>\n\n\n\n<p>My\u00f6s omassa toiminnassamme haluamme kehitt\u00e4\u00e4 ymp\u00e4rist\u00f6vaikutusten arviointia ja toimia entist\u00e4 kest\u00e4v\u00e4mmin. Olemme tunnistaneet Ekokompassin ymp\u00e4rist\u00f6vaikutusten pisteytyksess\u00e4 luonnon monimuotoisuuden teemaksi, johon meill\u00e4 on merkitt\u00e4vi\u00e4 vaikutusmahdollisuuksia erityisesti oman k\u00e4denj\u00e4lkemme osalta eli koulutus- ja hanketoiminnassa. Olemme organisoituneet aiheen kehitt\u00e4misen ymp\u00e4rille, k\u00e4ynnist\u00e4neet hankkeita ja tunnistaneet oman ymp\u00e4rist\u00f6vastuumme kehitt\u00e4mismahdollisuuksia.&nbsp;<br>&nbsp;<br>Jo ennen strategisia panostuksia olemme toteuttaneet hankkeita, jotka edesauttavat luonnon ja ekosysteemien hyvinvointia, kuten ravinteiden kiertoon keskittynyt <a href=\"https:\/\/sykli.fi\/demo\/vaikuttaminen\/paattyneet-kehittamishankkeet\/oras-opi-ravinteista-hanke\/\" target=\"_blank\" rel=\"noreferrer noopener\">Opi ravinteista! (ORAS)<\/a> sek\u00e4 viimeaikaisempi <a href=\"https:\/\/sykli.fi\/demo\/vaikuttaminen\/kehittamishankkeet\/suoliike-%e2%88%92-suoviljelysta-uutta-liiketoimintaa-kymenlaaksoon\/\" target=\"_blank\" rel=\"noreferrer noopener\">SuoLiike<\/a>. Luonnon monimuotoisuuteen keskittyvi\u00e4 hankkeita on <a href=\"https:\/\/sykli.fi\/demo\/vaikuttaminen\/kehittamishankkeet\/lumoa-kiinteistonhoitoon\/\" target=\"_blank\" rel=\"noreferrer noopener\">LUMOA<\/a> ja kaupunkivihre\u00e4\u00e4n keskittyv\u00e4 <a href=\"https:\/\/sykli.fi\/demo\/vaikuttaminen\/kehittamishankkeet\/virkea\/\" target=\"_blank\" rel=\"noreferrer noopener\">VIRKE\u00c4<\/a>. N\u00e4iss\u00e4kin hankkeissa vaikutamme my\u00f6s kuntiin ja muihin toimijoihin, jotta hekin ottaisivat ekosysteemit ja lajien monimuotoisuuden paremmin huomioon toiminnassaan.&nbsp;&nbsp;<\/p>\n\n\n<div class=\"wp-block-image\">\n<figure class=\"alignleft size-thumbnail\"><img loading=\"lazy\" decoding=\"async\" width=\"150\" height=\"150\" src=\"https:\/\/sykli.fi\/demo\/wp-content\/uploads\/2025\/06\/Tavoite-17-png-1-150x150.png\" alt=\"\" class=\"wp-image-71737\" srcset=\"https:\/\/sykli.fi\/demo\/wp-content\/uploads\/2025\/06\/Tavoite-17-png-1-150x150.png 150w, https:\/\/sykli.fi\/demo\/wp-content\/uploads\/2025\/06\/Tavoite-17-png-1-300x300.png 300w, https:\/\/sykli.fi\/demo\/wp-content\/uploads\/2025\/06\/Tavoite-17-png-1-768x770.png 768w, https:\/\/sykli.fi\/demo\/wp-content\/uploads\/2025\/06\/Tavoite-17-png-1.png 1022w\" sizes=\"auto, (max-width: 150px) 100vw, 150px\" \/><\/figure>\n<\/div>\n\n\n<p><strong>17. Yhteisty\u00f6 ja kumppanuus&nbsp;<\/strong><\/p>\n\n\n\n<p>Kest\u00e4v\u00e4 tulevaisuus on mahdollinen vain yhteisty\u00f6ll\u00e4. Meill\u00e4 on laaja kumppaniverkosto Suomessa ja pitk\u00e4 kokemus kansainv\u00e4lisest\u00e4 hankeyhteisty\u00f6st\u00e4. Olemme toteuttaneet useita kansainv\u00e4lisi\u00e4, opettajille suunnattuja Erasmus-kursseja ja k\u00e4ynnist\u00e4neet koulutusviennin kest\u00e4v\u00e4n aluekehityksen ja p\u00e4\u00e4t\u00f6ksenteon koulutusohjelmalla. Kasvatamme tavoitteellisesti kest\u00e4vien kumppanuuksien m\u00e4\u00e4r\u00e4\u00e4 ja etsimme uusia vaikuttavan verkostoyhteisty\u00f6n muotoja.&nbsp;<\/p>\n\n\n\n<p>Lis\u00e4ksi Sykli koordinoi ammatillisen koulutuksen kest\u00e4vyystiekarttahanketta, jonka tavoitteena on yhdenmukaistaa oppilaitosten kest\u00e4vyysty\u00f6t\u00e4 ja -opetusta sek\u00e4 tiivist\u00e4\u00e4 yhteisty\u00f6t\u00e4 valtakunnallisesti. Sykli on my\u00f6s aktiivinen OKM:n strategiahankkeiden valtakunnallisessa toteutuksessa. Lis\u00e4ksi Sykli toimii koordinoijana ja kumppanina useissa kansainv\u00e4lisiss\u00e4 hankkeissa.&nbsp;&nbsp;<\/p>\n\n\n\n<p>Osana Syklin vaikuttavuutta on my\u00f6s osallistuminen yhteiskunnalliseen keskusteluun. Kest\u00e4vyys yhteiskuntapolitiikassa ja ammatillisen koulutuksen rooli jatkuvassa oppimisessa ovat Syklin vaikuttamiskohteita. Sykli my\u00f6s kouluttaa muun muassa kunnallisia toimijoita ja muita tahoja, joilla on oma roolinsa yhteiskunnallisessa vaikuttamisessa ja kest\u00e4vyysmurroksen toteutumisessa.<\/p>\n\n\n\n<hr class=\"wp-block-separator has-alpha-channel-opacity is-style-wide\"\/>\n\n\n\n<h2 class=\"wp-block-heading\">Tutustu my\u00f6s<\/h2>\n\n\n<div class=\"page-linkbox-block alignfull\">\r\n    <div class=\"container\">\r\n        <div class=\"acf-innerblocks-container\">\n\r\n<div class=\"page-linkbox has-turquoise-background-color \">\r\n    <img loading=\"lazy\" decoding=\"async\" width=\"800\" height=\"534\" src=\"https:\/\/sykli.fi\/demo\/wp-content\/uploads\/2023\/04\/shutterstock_760733977-syklin-vastuullisuus-1.jpg\" class=\"attachment-large size-large\" alt=\"Taimi mullassa.\" srcset=\"https:\/\/sykli.fi\/demo\/wp-content\/uploads\/2023\/04\/shutterstock_760733977-syklin-vastuullisuus-1.jpg 1000w, https:\/\/sykli.fi\/demo\/wp-content\/uploads\/2023\/04\/shutterstock_760733977-syklin-vastuullisuus-1-300x200.jpg 300w, https:\/\/sykli.fi\/demo\/wp-content\/uploads\/2023\/04\/shutterstock_760733977-syklin-vastuullisuus-1-768x512.jpg 768w\" sizes=\"auto, (max-width: 800px) 100vw, 800px\" \/>    <a  href=\" https:\/\/sykli.fi\/demo\/sykli\/syklin-vastuullisuus\/syklin-sertifikaatit-ja-sitoumukset\/\" >\r\n        <h2>Syklin sertifikaatit ja sitoumukset<\/h2>\r\n\r\n        \r\n    <\/a>\r\n\r\n<\/div>\n\n\r\n<div class=\"page-linkbox has-turquoise-background-color \">\r\n    <img loading=\"lazy\" decoding=\"async\" width=\"800\" height=\"532\" src=\"https:\/\/sykli.fi\/demo\/wp-content\/uploads\/2023\/04\/shutterstock_199054478-tyopaikkaohjaajalle.jpg\" class=\"attachment-large size-large\" alt=\"Kyltit mets\u00e4ss\u00e4.\" srcset=\"https:\/\/sykli.fi\/demo\/wp-content\/uploads\/2023\/04\/shutterstock_199054478-tyopaikkaohjaajalle.jpg 1000w, https:\/\/sykli.fi\/demo\/wp-content\/uploads\/2023\/04\/shutterstock_199054478-tyopaikkaohjaajalle-300x200.jpg 300w, https:\/\/sykli.fi\/demo\/wp-content\/uploads\/2023\/04\/shutterstock_199054478-tyopaikkaohjaajalle-768x511.jpg 768w\" sizes=\"auto, (max-width: 800px) 100vw, 800px\" \/>    <a  href=\" https:\/\/sykli.fi\/demo\/sykli\/syklin-vastuullisuus\/syklin-kestavyystiekartta-2025-2030\/\" >\r\n        <h2>Syklin kest\u00e4vyystiekartta 2025-2030<\/h2>\r\n\r\n        \r\n    <\/a>\r\n\r\n<\/div>\n\n\r\n<div class=\"page-linkbox has-turquoise-background-color \">\r\n    <img loading=\"lazy\" decoding=\"async\" width=\"800\" height=\"534\" src=\"https:\/\/sykli.fi\/demo\/wp-content\/uploads\/2023\/04\/shutterstock_1367093687.jpg\" class=\"attachment-large size-large\" alt=\"V\u00e4h\u00e4hiilisyys\" srcset=\"https:\/\/sykli.fi\/demo\/wp-content\/uploads\/2023\/04\/shutterstock_1367093687.jpg 1000w, https:\/\/sykli.fi\/demo\/wp-content\/uploads\/2023\/04\/shutterstock_1367093687-300x200.jpg 300w, https:\/\/sykli.fi\/demo\/wp-content\/uploads\/2023\/04\/shutterstock_1367093687-768x512.jpg 768w\" sizes=\"auto, (max-width: 800px) 100vw, 800px\" \/>    <a  href=\" https:\/\/sykli.fi\/demo\/sykli\/syklin-vastuullisuus\/syklin-kestavyysraportti\/\" >\r\n        <h2>Syklin kest\u00e4vyysraportti<\/h2>\r\n\r\n        \r\n    <\/a>\r\n\r\n<\/div>\n<\/div>\r\n\r\n    <\/div>\r\n<\/div>","protected":false},"excerpt":{"rendered":"<p>YK:n kest\u00e4v\u00e4n kehityksen tavoitteiden (Sustainable Development Goals, SDG) tarkoituksena on k\u00e4\u00e4nt\u00e4\u00e4 globaali kehitys uralle, jossa ihmisten hyvinvointi ja ihmisoikeudet, taloudellinen [&hellip;]<\/p>\n","protected":false},"author":11,"featured_media":71725,"parent":1631,"menu_order":0,"comment_status":"closed","ping_status":"closed","template":"","meta":{"_acf_changed":false,"footnotes":""},"class_list":["post-71724","page","type-page","status-publish","has-post-thumbnail","hentry"],"acf":[],"_links":{"self":[{"href":"https:\/\/sykli.fi\/demo\/wp-json\/wp\/v2\/pages\/71724","targetHints":{"allow":["GET"]}}],"collection":[{"href":"https:\/\/sykli.fi\/demo\/wp-json\/wp\/v2\/pages"}],"about":[{"href":"https:\/\/sykli.fi\/demo\/wp-json\/wp\/v2\/types\/page"}],"author":[{"embeddable":true,"href":"https:\/\/sykli.fi\/demo\/wp-json\/wp\/v2\/users\/11"}],"replies":[{"embeddable":true,"href":"https:\/\/sykli.fi\/demo\/wp-json\/wp\/v2\/comments?post=71724"}],"version-history":[{"count":10,"href":"https:\/\/sykli.fi\/demo\/wp-json\/wp\/v2\/pages\/71724\/revisions"}],"predecessor-version":[{"id":72524,"href":"https:\/\/sykli.fi\/demo\/wp-json\/wp\/v2\/pages\/71724\/revisions\/72524"}],"up":[{"embeddable":true,"href":"https:\/\/sykli.fi\/demo\/wp-json\/wp\/v2\/pages\/1631"}],"wp:featuredmedia":[{"embeddable":true,"href":"https:\/\/sykli.fi\/demo\/wp-json\/wp\/v2\/media\/71725"}],"wp:attachment":[{"href":"https:\/\/sykli.fi\/demo\/wp-json\/wp\/v2\/media?parent=71724"}],"curies":[{"name":"wp","href":"https:\/\/api.w.org\/{rel}","templated":true}]}}