{"id":71183,"date":"2025-05-15T13:44:02","date_gmt":"2025-05-15T10:44:02","guid":{"rendered":"https:\/\/sykli.fi\/?page_id=71183"},"modified":"2026-02-10T10:20:44","modified_gmt":"2026-02-10T08:20:44","slug":"synergiasykli-kestavyysverkosto","status":"publish","type":"page","link":"https:\/\/sykli.fi\/demo\/tyoelamalle\/synergiasykli-kestavyysverkosto\/","title":{"rendered":"SynergiaSykli-kest\u00e4vyysverkosto"},"content":{"rendered":"\r\n<section id=\"hero-block_ac3f2345f5c6d7413498d54be0ed521b\" class=\"hero site-banner section-default default alignfull\">\r\n\r\n    <div class=\"site-banner-bg section-bg-image \" >\r\n\r\n        <img loading=\"lazy\" decoding=\"async\" width=\"1000\" height=\"662\" src=\"https:\/\/sykli.fi\/demo\/wp-content\/uploads\/2025\/05\/shutterstock_2567289969.jpg\" class=\"attachment-1536\u00d71536 size-1536\u00d71536\" alt=\"\" srcset=\"https:\/\/sykli.fi\/demo\/wp-content\/uploads\/2025\/05\/shutterstock_2567289969.jpg 1000w, https:\/\/sykli.fi\/demo\/wp-content\/uploads\/2025\/05\/shutterstock_2567289969-300x199.jpg 300w, https:\/\/sykli.fi\/demo\/wp-content\/uploads\/2025\/05\/shutterstock_2567289969-768x508.jpg 768w\" sizes=\"auto, (max-width: 1000px) 100vw, 1000px\" \/>\r\n        \r\n        \r\n            <div class=\"site-banner-content container\">\r\n                <div class=\"row w-100\">\r\n                    <div class=\"col-md-12\">\r\n                        <div class=\"hero-text-overlay\">\r\n                                                                <h1 class=\"hero-title\">SynergiaSykli-kest\u00e4vyysverkosto<\/h1>\r\n                            <div class=\"inner-content\">\r\n                            <div class=\"acf-innerblocks-container\"><\/div>\r\n                        <\/div>                        <\/div>\r\n                    <\/div>\r\n                <\/div>\r\n            <\/div>\r\n\r\n        <\/section>\n\n\n<h2 class=\"wp-block-heading\">N\u00e4k\u00f6alapaikka ja oppimisyhteis\u00f6 kest\u00e4vyyden johtamiseen<\/h2>\n\n\n\n<p>Liity vastuullisten suunnann\u00e4ytt\u00e4jien joukkoon SynergiaSykli-kest\u00e4vyysverkostoon. J\u00e4senen\u00e4 saat ajan, tilan ja verkoston tuen organisaatiosi kest\u00e4vyysty\u00f6h\u00f6n. Sinulle ja organisaatiollesi luodaan kehittymissuunnitelma, jonka turvin pysyt aallonharjalla uusien s\u00e4\u00e4ntelymuutoksien aallokossa. Saat k\u00e4ytt\u00f6\u00f6si helppoja ty\u00f6kaluja, joiden avulla luot suuntaa kohti kest\u00e4v\u00e4\u00e4 ja menestyksek\u00e4st\u00e4 tulevaisuutta. Kest\u00e4vyysverkoston kautta saat ajankohtaista tietoa kest\u00e4vyyden asiantuntijoilta ja kuulet case-esimerkkej\u00e4 siit\u00e4, kuinka muut ovat onnistuneet ratkaisemaan kest\u00e4vyyshaasteitaan tuloksellisesti ja vastuullisesti. N\u00e4in saat t\u00e4yden tuen organisaatiosi kehitt\u00e4mishaasteisiin ja kilpailukyvyn vahvistamiseen \u2013 kustannustehokkaasti.<\/p>\n\n\n\n<p>L\u00e4hde mukaan kest\u00e4vyysverkostoon ja varmista organisaatiosi kest\u00e4v\u00e4 kilpailukyky tulevaisuudessa! Kehit\u00e4 my\u00f6s organisaatiosi osaamista; saat viisi osallistujalippua valittuihin Syklin koulutuksiin jaettavaksi kollegoillesi.<\/p>\n\n\n\n<hr class=\"wp-block-separator has-alpha-channel-opacity is-style-wide\"\/>\n\n\n\n<h3 class=\"wp-block-heading\">Kiinnostuitko? Varaa maksuton keskusteluaika<\/h3>\n\n\n\n<p>Varaa maksuton keskusteluaika SynergiaSykli-kest\u00e4vyysverkoston ryhm\u00e4nvet\u00e4j\u00e4lle Nina M\u00e4kip\u00e4\u00e4lle ja jutellaan yrityksesi vastuullisuusty\u00f6n tarpeista. Keskustelu ei sido mihink\u00e4\u00e4n.<\/p>\n\n\n\n<div class=\"wp-block-buttons is-layout-flex wp-block-buttons-is-layout-flex\">\n<div class=\"wp-block-button\"><a class=\"wp-block-button__link has-orange-background-color has-background wp-element-button\" href=\"https:\/\/outlook.office.com\/bookwithme\/user\/6fdb73d88ff54210bfcd97e2f56a9f5e%40sykli.fi\/meetingtype\/c-_zCL09bkOQVSBnD4Y-fQ2?anonymous&amp;ismsaljsauthenabled\" target=\"_blank\" rel=\"noreferrer noopener\">Varaa maksuton keskusteluaika<\/a><\/div>\n<\/div>\n\n\n\n<hr class=\"wp-block-separator has-alpha-channel-opacity is-style-wide\"\/>\n\n\n\n<h3 class=\"wp-block-heading\">SynergiaSykli-kest\u00e4vyysverkoston vuosij\u00e4senyyden (12 kk) sis\u00e4lt\u00f6:<\/h3>\n\n\n\n<p><strong>Kest\u00e4vyysverkoston vuoden 2026 tapaamiset&nbsp;<\/strong><br>Tapaamiset j\u00e4rjestet\u00e4\u00e4n Syklin toimipisteess\u00e4 Helsingin Pasilassa:<\/p>\n\n\n\n<ul class=\"wp-block-list\">\n<li>20.1.2026 (teemana kest\u00e4vyysraportointi, sis\u00e4lt\u00e4\u00e4 lounaan)<\/li>\n\n\n\n<li>8.4.2026<\/li>\n\n\n\n<li>15.9.2026<\/li>\n\n\n\n<li>18.11.2026<\/li>\n<\/ul>\n\n\n\n<p>Muut kest\u00e4vyysteemat valitaan verkoston tarpeiden perusteella.<\/p>\n\n\n\n<p>Organisaatiokohtainen kehittymissuunnitelman p\u00e4\u00e4set aloittamaan halutessanne jo vuoden 2025 puolella. Kehittymissuunnitelmassa kartoitetaan tarpeet, m\u00e4\u00e4ritell\u00e4\u00e4n tavoite ja valitaan Syklin koulutuskalenterista tarpeen mukaiset koulutukset organisaation kest\u00e4vyysosaamisen kehitt\u00e4miseksi. <\/p>\n\n\n\n<p><strong>Viisi p\u00e4\u00e4sylippua Syklin valikoituihin koulutuksiin maksutta<\/strong><br>Organisaation kehittymissuunnitelmassa valitaan juuri sinun ja tiimisi tarpeisiin parhaiten sopivat koulutukset, jotka tukevat kest\u00e4v\u00e4\u00e4 kehityst\u00e4 ja osaamisen vahvistamista. N\u00e4in koko tiimisi kest\u00e4vyysosaaminen ja kyvykkyydet kehittyv\u00e4t tavoitteellisesti. Koulutusten arvo on 490-1200 \u20ac per koulutusp\u00e4iv\u00e4. Asiantuntijamme auttavat r\u00e4\u00e4t\u00e4l\u00f6im\u00e4\u00e4n organisaatiollesi sopivan koulutuskokonaisuuden.&nbsp;Koulutusteemoja ovat esimerkiksi:<\/p>\n\n\n\n<ul class=\"wp-block-list\">\n<li>Kest\u00e4vyysraportointi<\/li>\n\n\n\n<li>Vihre\u00e4n siirtym\u00e4n s\u00e4\u00e4ntelymuutokset yrityksille<\/li>\n\n\n\n<li>Hiilijalanj\u00e4ljen laskenta ja p\u00e4\u00e4st\u00f6v\u00e4hennyspolku<\/li>\n\n\n\n<li>Kiertotalouden liiketoimintamahdollisuudet<\/li>\n\n\n\n<li>Kest\u00e4v\u00e4 tuotekehitys ja innovointi<\/li>\n\n\n\n<li>Luontovaikutusten arviointi &nbsp;<\/li>\n<\/ul>\n\n\n\n<p><strong>Verkoston keskustelufoorumi ja materiaalipankki&nbsp;<\/strong><\/p>\n\n\n\n<ul class=\"wp-block-list\">\n<li>Kuratoitua ajankohtaista kest\u00e4vyysinfoa<\/li>\n\n\n\n<li>Hyv\u00e4ksi havaittuja ty\u00f6kaluja ty\u00f6n tueksi<\/li>\n\n\n\n<li>Jatkuva asiantuntijatuki, vertaissparraus ja avoin keskustelufoorumi&nbsp;<\/li>\n<\/ul>\n\n\n\n<h3 class=\"wp-block-heading\">SynergiaSyklin hy\u00f6dyt&nbsp;<\/h3>\n\n\n\n<ul class=\"wp-block-list\">\n<li>Saat tilan ja ajan omalle ajattelulle, oppimiselle ja ratkaisujen l\u00f6yt\u00e4miselle<\/li>\n\n\n\n<li>Kuulet ajankohtaista tietoa kest\u00e4vyysteemasta ja tunnistat organisaatiosi kehitt\u00e4miskohteet<\/li>\n\n\n\n<li>Saat organisaatiollesi yksil\u00f6llist\u00e4 tukea menestyksekk\u00e4\u00e4seen siirtym\u00e4\u00e4n kohti vastuullista kest\u00e4v\u00e4\u00e4 toimintaa<\/li>\n\n\n\n<li>Saat mahdollisuuden tutustua erilaisiin kest\u00e4vyysraportoinnin ty\u00f6kaluihin<\/li>\n\n\n\n<li>P\u00e4\u00e4set jakamaan omia ajatuksia ja kuuleman, kuinka muut ovat ratkaisseet kest\u00e4vyyshaasteitaan&nbsp;<\/li>\n\n\n\n<li>Rikot kuplasi ja p\u00e4\u00e4set keskustelemaan eri alojen toimijoiden kanssa ja jakamaan parhaita k\u00e4yt\u00e4nteit\u00e4&nbsp;<\/li>\n<\/ul>\n\n\n\n<p>Jokaiselle j\u00e4senorganisaatiolle tehd\u00e4\u00e4n organisaatiokohtainen kehittymissuunnitelma, jonka toteuttamiseen tarjotaan tukea ja koulutusta.<\/p>\n\n\n\n<h3 class=\"wp-block-heading\">Kenelle?<\/h3>\n\n\n\n<p>Kest\u00e4vyysverkosto on suunnattu kasvuhakuisille yrityksille, organisaatioiden johdolle ja kest\u00e4vyysasiantuntijoille. Kest\u00e4vyysverkostoon on varattu n\u00e4k\u00f6alapaikka 15 organisaatiolle.&nbsp;<\/p>\n\n\n\n<p>SynergiaSyklin -kest\u00e4vyysverkoston kouluttajina toimivat Syklin kest\u00e4vyysosaamisen ja vihre\u00e4n siirtym\u00e4n asiantuntijat.<\/p>\n\n\n\n<h3 class=\"wp-block-heading\">Hinta<\/h3>\n\n\n\n<p>Vuosij\u00e4senyyden hinta on 1800 \u20ac + alv 25,5 %.\u00a0<\/p>\n\n\n\n<div class=\"wp-block-buttons is-layout-flex wp-block-buttons-is-layout-flex\">\n<div class=\"wp-block-button\"><a class=\"wp-block-button__link wp-element-button\" href=\"https:\/\/ssl.eventilla.com\/synergiasykli\" target=\"_blank\" rel=\"noreferrer noopener\">Liity j\u00e4seneksi<\/a><\/div>\n<\/div>\n\n\n\n<div style=\"height:38px\" aria-hidden=\"true\" class=\"wp-block-spacer\"><\/div>\n\n\n\n<h2 class=\"wp-block-heading\">Kest\u00e4vyysverkoston syksyn 2026 tapaamisiin otamme jo alustavia ilmoittautumisia vastaan!<\/h2>\n\n\n<h2>Tiedustele lis\u00e4\u00e4 ja varaa paikkasi:<\/h2>\r\n<div class=\"row\">\r\n                                <div class=\"col-md-6\">\r\n                    <div class=\"staff-box\">\r\n                        <div class=\"row\">\r\n                            <div class=\"col-4\">\r\n                                <img loading=\"lazy\" decoding=\"async\" width=\"150\" height=\"250\" src=\"https:\/\/sykli.fi\/demo\/wp-content\/uploads\/2022\/09\/ninamaarit-partanen-2022-nettisivuille-mv.jpg\" class=\"attachment-post-thumbnail size-post-thumbnail wp-post-image\" alt=\"\" \/>                            <\/div>\r\n                            <div class=\"col-8\">\r\n                                <h3>Nina M\u00e4kip\u00e4\u00e4<\/h3>\r\n                                Kasvu- ja kansainv\u00e4lisyysp\u00e4\u00e4llikk\u00f6                                <ul>\r\n                                    <li><svg xmlns=\"http:\/\/www.w3.org\/2000\/svg\" width=\"16\" height=\"16\" fill=\"currentColor\" class=\"bi bi-telephone-fill\" viewBox=\"0 0 16 16\">\r\n                                <path fill-rule=\"evenodd\" d=\"M1.885.511a1.745 1.745 0 0 1 2.61.163L6.29 2.98c.329.423.445.974.315 1.494l-.547 2.19a.678.678 0 0 0 .178.643l2.457 2.457a.678.678 0 0 0 .644.178l2.189-.547a1.745 1.745 0 0 1 1.494.315l2.306 1.794c.829.645.905 1.87.163 2.611l-1.034 1.034c-.74.74-1.846 1.065-2.877.702a18.634 18.634 0 0 1-7.01-4.42 18.634 18.634 0 0 1-4.42-7.009c-.362-1.03-.037-2.137.703-2.877L1.885.511z\"\/>\r\n                              <\/svg> <a href=\"tel:+358444934850\">044 4934 850<\/a><\/li><li><svg xmlns=\"http:\/\/www.w3.org\/2000\/svg\" width=\"16\" height=\"16\" fill=\"currentColor\" class=\"bi bi-envelope-fill\" viewBox=\"0 0 16 16\">\r\n                                <path d=\"M.05 3.555A2 2 0 0 1 2 2h12a2 2 0 0 1 1.95 1.555L8 8.414.05 3.555ZM0 4.697v7.104l5.803-3.558L0 4.697ZM6.761 8.83l-6.57 4.027A2 2 0 0 0 2 14h12a2 2 0 0 0 1.808-1.144l-6.57-4.027L8 9.586l-1.239-.757Zm3.436-.586L16 11.801V4.697l-5.803 3.546Z\"\/>\r\n                              <\/svg> <a href=\"mailto:nina.makipaa@sykli.fi\">nina.makipaa@sykli.fi<\/a><\/li>                                <\/ul>\r\n                            <\/div>\r\n                        <\/div>\r\n                    <\/div>\r\n                <\/div>\r\n    <\/div>\n\n\n<p>Voit my\u00f6s varata maksuttoman keskusteluajan SynergiaSykli-kest\u00e4vyysverkoston ryhm\u00e4nvet\u00e4j\u00e4lle Nina M\u00e4kip\u00e4\u00e4lle ja jutella yrityksesi vastuullisuusty\u00f6n tarpeista. Keskustelu ei sido mihink\u00e4\u00e4n.<\/p>\n\n\n\n<div class=\"wp-block-buttons is-layout-flex wp-block-buttons-is-layout-flex\">\n<div class=\"wp-block-button\"><a class=\"wp-block-button__link wp-element-button\" href=\"https:\/\/outlook.office.com\/bookwithme\/user\/6fdb73d88ff54210bfcd97e2f56a9f5e%40sykli.fi\/meetingtype\/c-_zCL09bkOQVSBnD4Y-fQ2?anonymous&amp;ismsaljsauthenabled\" target=\"_blank\" rel=\"noreferrer noopener\">Varaa maksuton keskusteluaika<\/a><\/div>\n<\/div>\n","protected":false},"excerpt":{"rendered":"<p>N\u00e4k\u00f6alapaikka ja oppimisyhteis\u00f6 kest\u00e4vyyden johtamiseen Liity vastuullisten suunnann\u00e4ytt\u00e4jien joukkoon SynergiaSykli-kest\u00e4vyysverkostoon. J\u00e4senen\u00e4 saat ajan, tilan ja verkoston tuen organisaatiosi kest\u00e4vyysty\u00f6h\u00f6n. Sinulle [&hellip;]<\/p>\n","protected":false},"author":11,"featured_media":71184,"parent":43,"menu_order":0,"comment_status":"closed","ping_status":"closed","template":"","meta":{"_acf_changed":false,"footnotes":""},"class_list":["post-71183","page","type-page","status-publish","has-post-thumbnail","hentry"],"acf":[],"_links":{"self":[{"href":"https:\/\/sykli.fi\/demo\/wp-json\/wp\/v2\/pages\/71183","targetHints":{"allow":["GET"]}}],"collection":[{"href":"https:\/\/sykli.fi\/demo\/wp-json\/wp\/v2\/pages"}],"about":[{"href":"https:\/\/sykli.fi\/demo\/wp-json\/wp\/v2\/types\/page"}],"author":[{"embeddable":true,"href":"https:\/\/sykli.fi\/demo\/wp-json\/wp\/v2\/users\/11"}],"replies":[{"embeddable":true,"href":"https:\/\/sykli.fi\/demo\/wp-json\/wp\/v2\/comments?post=71183"}],"version-history":[{"count":10,"href":"https:\/\/sykli.fi\/demo\/wp-json\/wp\/v2\/pages\/71183\/revisions"}],"predecessor-version":[{"id":73622,"href":"https:\/\/sykli.fi\/demo\/wp-json\/wp\/v2\/pages\/71183\/revisions\/73622"}],"up":[{"embeddable":true,"href":"https:\/\/sykli.fi\/demo\/wp-json\/wp\/v2\/pages\/43"}],"wp:featuredmedia":[{"embeddable":true,"href":"https:\/\/sykli.fi\/demo\/wp-json\/wp\/v2\/media\/71184"}],"wp:attachment":[{"href":"https:\/\/sykli.fi\/demo\/wp-json\/wp\/v2\/media?parent=71183"}],"curies":[{"name":"wp","href":"https:\/\/api.w.org\/{rel}","templated":true}]}}