{"id":70818,"date":"2025-03-27T13:17:07","date_gmt":"2025-03-27T11:17:07","guid":{"rendered":"https:\/\/sykli.fi\/?page_id=70818"},"modified":"2025-08-21T14:23:25","modified_gmt":"2025-08-21T11:23:25","slug":"vastuullisuusjohtaminen-ja-raportointi","status":"publish","type":"page","link":"https:\/\/sykli.fi\/demo\/hakijalle\/haku-tyovoimakoulutuksiin\/tutkintoon-johtavat-tyovoimakoulutukset\/vastuullisuusjohtaminen-ja-raportointi\/","title":{"rendered":"Vastuullisuusjohtaminen ja vastuullisuusraportointi"},"content":{"rendered":"\r\n<section id=\"hero-block_cf8ee638f4bbe69e9491ef0eb45f6e18\" class=\"hero site-banner section-default default alignfull\">\r\n\r\n    <div class=\"site-banner-bg section-bg-image ob-position\" style=\"object-position: 50% 66%\" >\r\n\r\n        <img loading=\"lazy\" decoding=\"async\" width=\"1000\" height=\"660\" src=\"https:\/\/sykli.fi\/demo\/wp-content\/uploads\/2023\/04\/shutterstock_668593321-1-sykli-tyonanatajana.jpg\" class=\"attachment-1536\u00d71536 size-1536\u00d71536\" alt=\"\" srcset=\"https:\/\/sykli.fi\/demo\/wp-content\/uploads\/2023\/04\/shutterstock_668593321-1-sykli-tyonanatajana.jpg 1000w, https:\/\/sykli.fi\/demo\/wp-content\/uploads\/2023\/04\/shutterstock_668593321-1-sykli-tyonanatajana-300x198.jpg 300w, https:\/\/sykli.fi\/demo\/wp-content\/uploads\/2023\/04\/shutterstock_668593321-1-sykli-tyonanatajana-768x507.jpg 768w\" sizes=\"auto, (max-width: 1000px) 100vw, 1000px\" \/>\r\n        \r\n        \r\n            <div class=\"site-banner-content container\">\r\n                <div class=\"row w-100\">\r\n                    <div class=\"col-md-12\">\r\n                        <div class=\"hero-text-overlay\">\r\n                                                                <h1 class=\"hero-title\">Vastuullisuusjohtaminen ja vastuullisuusraportointi<\/h1>\r\n                            <div class=\"inner-content\">\r\n                            <div class=\"acf-innerblocks-container\"><\/div>\r\n                        <\/div>                        <\/div>\r\n                    <\/div>\r\n                <\/div>\r\n            <\/div>\r\n\r\n        <\/section>\n\n\n<h3 class=\"wp-block-heading has-yellow-background-color has-background has-medium-font-size\"><strong>Koulutukseen haku on p\u00e4\u00e4ttynyt. <\/strong><br><br>Kysy alkavista koulutuksista:\u00a0<a href=\"mailto:yritys-ja-urapalvelut@sykli.fi\">yritys-ja-urapalvelut@sykli.fi<\/a><\/h3>\n\n\n\n<div style=\"height:100px\" aria-hidden=\"true\" class=\"wp-block-spacer\"><\/div>\n\n\n\n<h5 class=\"wp-block-heading\"><strong>Haluatko yhdist\u00e4\u00e4 ty\u00f6el\u00e4m\u00e4n ja vastuullisuuden uudella tavalla?<\/strong><br>T\u00e4ss\u00e4 koulutuksessa syvenn\u00e4t osaamistasi ESG-teemoista, laadunhallinnasta ja ymp\u00e4rist\u00f6johtamisesta \u2013 ja rakennat uutta suuntaa urallesi.<\/h5>\n\n\n\n<p>Vastuullisuusjohtamisen ja -raportoinnin koulutus sopii sinulle, joka haluat kehitt\u00e4\u00e4 organisaation vastuullisuutta k\u00e4yt\u00e4nn\u00f6n tasolla. Opit hy\u00f6dynt\u00e4m\u00e4\u00e4n laatu-, ymp\u00e4rist\u00f6- ja turvallisuusj\u00e4rjestelmi\u00e4 sek\u00e4 rakentamaan kokonaisvaltaisia vastuullisuusratkaisuja.<\/p>\n\n\n\n<h2 class=\"wp-block-heading\">Koulutuksen sis\u00e4lt\u00f6<\/h2>\n\n\n\n<p>Koulutuksessa syvennyt\u00e4\u00e4n vastuullisuusjohtamisen keskeisiin aiheisiin:<\/p>\n\n\n\n<ul class=\"wp-block-list\">\n<li>Kest\u00e4v\u00e4 kehitys ja sen johtaminen<\/li>\n\n\n\n<li>Vastuullisuusjohtamisen viitekehykset<\/li>\n\n\n\n<li>Kest\u00e4vyysraportoinnin perusteet<\/li>\n\n\n\n<li>Laatu-, ymp\u00e4rist\u00f6- ja turvallisuusj\u00e4rjestelmien rakentaminen ja kehitt\u00e4minen<\/li>\n\n\n\n<li>Asiantuntija kehitt\u00e4j\u00e4n\u00e4: fasilitointi, viestint\u00e4 ja kouluttaminen<\/li>\n\n\n\n<li>Prosessien kehitt\u00e4minen<\/li>\n\n\n\n<li>Jatkuva parantaminen<\/li>\n<\/ul>\n\n\n\n<h2 class=\"wp-block-heading\">Koulutuksen tavoite<\/h2>\n\n\n\n<p>Koulutuksen tavoitteena on suorittaa ymp\u00e4rist\u00f6alan erikoisammattitutkinnon laatu- ymp\u00e4rist\u00f6- ja turvallisuusjohtamisen osaamisalan tutkinnonosa \u201dLaatu-, ymp\u00e4rist\u00f6- ja turvallisuusvastaavana toimiminen\u201d (90 osp).<\/p>\n\n\n\n<p>Koulutus on my\u00f6s tehokas tapa l\u00f6yt\u00e4\u00e4 tie ty\u00f6el\u00e4m\u00e4\u00e4n, koska se sis\u00e4lt\u00e4\u00e4 asiantuntijatason ty\u00f6ss\u00e4oppimisjakson yhteisty\u00f6organisaatiossa. Aiempien koulutusten opiskelijat ovat olleet ty\u00f6ss\u00e4oppimassa esimerkiksi ymp\u00e4rist\u00f6asiantuntijan, projektip\u00e4\u00e4llik\u00f6n ja laatukoordinaattorin nimikkeill\u00e4. Opiskelijat ovat tehneet kehitt\u00e4mishankkeinaan mm. ISO 14001 -ymp\u00e4rist\u00f6j\u00e4rjestelm\u00e4n kehitt\u00e4misty\u00f6t\u00e4, laatineet toimintatapoja ja malleja vastuullisuusraportointiin sek\u00e4 rakentaneet vastuullisuusohjelmia.<\/p>\n\n\n\n<h2 class=\"wp-block-heading\">Koulutuksen toteutus<\/h2>\n\n\n\n<p>Koulutus j\u00e4rjestet\u00e4\u00e4n ajalla 5.8.2025 &#8211; 27.2.2026. <\/p>\n\n\n\n<p>Koulutusp\u00e4iv\u00e4t toteutetaan p\u00e4\u00e4s\u00e4\u00e4nt\u00f6isesti l\u00e4hiopetuksena Syklin tiloissa Pasilassa (Esterinportti 1, 3. krs., Helsinki). Koulutuksessa hy\u00f6dynnet\u00e4\u00e4n my\u00f6s et\u00e4- ja monimuoto-opetusta. Suurin osa oppimisesta (4-5 kk) tapahtuu ty\u00f6ss\u00e4oppimisena yhteisty\u00f6organisaatiossa. Ty\u00f6ss\u00e4oppimispaikan hakeminen alkaa heti koulutuksen alussa ja paikan etsimiseen saa tukea Syklist\u00e4. Paikan l\u00f6ytyminen on edellytys tutkinnonosan suorittamiselle ja koulutuksen loppuun saattamiselle.<\/p>\n\n\n\n<p>Koulutukseen sis\u00e4ltyy lomajakso: 23.12.2025 &#8211; 2.1.2026.<\/p>\n\n\n\n<h2 class=\"wp-block-heading\">Valintakriteerit<\/h2>\n\n\n\n<p>Koulutus on suunnattu ty\u00f6tt\u00f6mille tai ty\u00f6tt\u00f6myysuhan alaisille ty\u00f6nhakijoille, joiden asiakkuus ty\u00f6voimaviranomaisella on voimassa.<\/p>\n\n\n\n<p>Valittavalta edellytet\u00e4\u00e4n:<\/p>\n\n\n\n<ul class=\"wp-block-list\">\n<li>soveltuvaa korkeakoulututkintoa tai vastaavaa ty\u00f6el\u00e4m\u00e4st\u00e4 hankittua osaamista<\/li>\n\n\n\n<li>laatu-, ymp\u00e4rist\u00f6-, turvallisuus- ja\/tai vastuullisuusteemoihin liittyv\u00e4\u00e4 kokemusta tai vahvaa kiinnostusta ko. aiheisiin<\/li>\n\n\n\n<li>hyv\u00e4\u00e4 suomen kielen taitoa (v\u00e4hint\u00e4\u00e4n B1.2)<\/li>\n\n\n\n<li>kyky\u00e4 itsen\u00e4iseen ja projektiluonteiseen ty\u00f6skentelyyn<\/li>\n\n\n\n<li>motivaatiota tutkinnonosan suorittamiseen<\/li>\n<\/ul>\n\n\n\n<h2 class=\"wp-block-heading\">Hakeminen ja valintaprosessi<\/h2>\n\n\n\n<p>Jos t\u00e4yt\u00e4t s\u00e4hk\u00f6isen hakemuksen ilman vahvaa tunnistautumista (esim. verkkopankkitunnukset), sinun tulee vahvistaa hakemuksesi henkil\u00f6kohtaisesti ty\u00f6voimaviranomaisen toimipisteess\u00e4 ennen hakuajan p\u00e4\u00e4ttymist\u00e4.<\/p>\n\n\n\n<div class=\"wp-block-buttons is-layout-flex wp-block-buttons-is-layout-flex\">\n<div class=\"wp-block-button\"><a class=\"wp-block-button__link wp-element-button\" href=\"https:\/\/tyomarkkinatori.fi\/henkiloasiakkaat\/tyovoimakoulutukset\/b821f813-c812-4b0e-b8eb-6d6f6ad1f436\/vastuullisuusjohtaminen-ja--raportointi\" target=\"_blank\" rel=\"noreferrer noopener\">Hae koulutukseen Ty\u00f6markkinatori-sivulla<\/a><\/div>\n<\/div>\n\n\n\n<p>Mik\u00e4li t\u00e4yt\u00e4t s\u00e4hk\u00f6isen hakemuksen ilman vahvaa tunnistautumista (esim. verkkopankkitunnukset), sinun tulee vahvistaa hakemuksesi henkil\u00f6kohtaisesti ty\u00f6voimaviranomaisen toimipisteess\u00e4 ennen hakuajan p\u00e4\u00e4ttymist\u00e4. Voit vaihtoehtoisesti toimittaa my\u00f6s paperihakemuksen ty\u00f6voimaviranomaisen toimipisteeseen. Paperihakemuslomakkeen l\u00f6yd\u00e4t osoitteesta <a href=\"http:\/\/www.suomi.fi\" target=\"_blank\" rel=\"noreferrer noopener\">www.suomi.fi<\/a><br>\u2192 hakusana: keha20e1<br>\u2192 koulutusnumero: 726109<\/p>\n\n\n\n<h4 class=\"wp-block-heading\">Hakemukseen tulevat tiedot<\/h4>\n\n\n\n<p>Hakemukseen ei siirry automaattisesti tietoja aiemmasta koulutus- tai ty\u00f6historiastasi. T\u00e4ydenn\u00e4th\u00e4n siis hakemukseen:<\/p>\n\n\n\n<ul class=\"wp-block-list\">\n<li>koulutustietosi <\/li>\n\n\n\n<li>ty\u00f6historiatietosi, jotka haluat otettavan huomioon valintaa teht\u00e4ess\u00e4 <\/li>\n\n\n\n<li>muu soveltuva osaaminen <\/li>\n\n\n\n<li>perustelut, miksi haet juuri t\u00e4h\u00e4n koulutukseen (kohta \u201dtarkemmat perustelut\u201d)<\/li>\n<\/ul>\n\n\n\n<p>Esivalinta tehd\u00e4\u00e4n hakemusten perusteella, joten tarkka ja kattava hakemus parantaa mahdollisuuksiasi tulla valituksi.<\/p>\n\n\n\n<h4 class=\"wp-block-heading\">Haastattelut<\/h4>\n\n\n\n<p>Kouluttaja kutsuu esivalinnasta edenneet hakijat haastatteluun, joka j\u00e4rjestet\u00e4\u00e4n Teamsin kautta seuraavina p\u00e4ivin\u00e4:<br>9.\u201311.6. ja 16.\u201317.6.2025.<\/p>\n\n\n\n<p>Lopullisen valinnan opiskelijoista tekee Helsingin ty\u00f6llisyyspalvelut haastattelujen perusteella.<\/p>\n\n\n\n<h4 class=\"wp-block-heading\">CV:n l\u00e4hett\u00e4minen<\/h4>\n\n\n\n<p>L\u00e4het\u00e4 ansioluettelosi Syklin j\u00e4rjestelm\u00e4\u00e4n alla olevasta linkist\u00e4:<\/p>\n\n\n\n<div class=\"wp-block-buttons is-layout-flex wp-block-buttons-is-layout-flex\">\n<div class=\"wp-block-button\"><a class=\"wp-block-button__link wp-element-button\" href=\"https:\/\/sykli.rekrytointi.com\/paikat\/index.php?jid=42&amp;key=1swPiF7b62zEOTH1&amp;o=A_RJ&amp;rspvt=15uysnjalji80wwg80808g4gogksw8s\" target=\"_blank\" rel=\"noreferrer noopener\">L\u00e4het\u00e4 CV:si Sykliin t\u00e4st\u00e4<\/a><\/div>\n<\/div>\n\n\n\n<p><strong>Huom!<\/strong> <strong>Koulutushakemus on sitova.<\/strong><br>Hakemusta ei voi perua ilman p\u00e4tev\u00e4\u00e4 syyt\u00e4. J\u00e4tt\u00e4m\u00e4ll\u00e4 hakemuksen:<\/p>\n\n\n\n<ul class=\"wp-block-list\">\n<li>sitoudut osallistumaan valintaprosessiin <\/li>\n\n\n\n<li>sitoudut aloittamaan koulutuksen, jos sinut valitaan<\/li>\n<\/ul>\n\n\n\n<p>Jos perut hakemuksen tai et osallistu valintatilaisuuteen tai et aloita koulutusta, ty\u00f6voimaviranomainen selvitt\u00e4\u00e4 oikeutesi ty\u00f6tt\u00f6myysetuuteen (TTL 2 a luku 9 \u00a7 7 a-7 b sek\u00e4 2 a luku 10 \u00a7).<\/p>\n\n\n\n<hr class=\"wp-block-separator has-alpha-channel-opacity is-style-wide\"\/>\n\n\n\n<h2 class=\"wp-block-heading\">Koulutuksen infotilaisuus<\/h2>\n\n\n\n<p>Koulutuksesta j\u00e4rjestettiin infotilaisuus <strong>torstaina 24.4.2025 klo 10-11 Teamsissa<\/strong>. Tilaisuudessa kerrottiin tarkemmin koulutuksen sis\u00e4ll\u00f6st\u00e4. Mik\u00e4li et p\u00e4\u00e4ssyt mukaan katso tallenne alta!<\/p>\n\n\n\n<figure class=\"wp-block-embed is-type-video is-provider-youtube wp-block-embed-youtube wp-embed-aspect-16-9 wp-has-aspect-ratio\"><div class=\"wp-block-embed__wrapper\">\n<div class=\"ratio ratio-16x9\"><iframe loading=\"lazy\" title=\"Vastuullisuusjohtaminen ja -raportointi - koulutuksen infotilaisuus 24.4.2025\" width=\"800\" height=\"450\" src=\"https:\/\/www.youtube.com\/embed\/e2SPhRmQds8?feature=oembed\" frameborder=\"0\" allow=\"accelerometer; autoplay; clipboard-write; encrypted-media; gyroscope; picture-in-picture; web-share\" referrerpolicy=\"strict-origin-when-cross-origin\" allowfullscreen><\/iframe><\/div>\n<\/div><\/figure>\n\n\n\n<div class=\"wp-block-group\"><div class=\"wp-block-group__inner-container is-layout-constrained wp-block-group-is-layout-constrained\">\n<hr class=\"wp-block-separator has-alpha-channel-opacity is-style-wide\"\/>\n<\/div><\/div>\n\n\n\n<h2 class=\"wp-block-heading\">Kysy lis\u00e4tietoa:<\/h2>\n\n\n<h2>Koulutuksen kokonaisuus ja ty\u00f6ss\u00e4oppimispaikat <\/h2>\r\n<div class=\"row\">\r\n                                <div class=\"col-md-6\">\r\n                    <div class=\"staff-box\">\r\n                        <div class=\"row\">\r\n                            <div class=\"col-4\">\r\n                                <img loading=\"lazy\" decoding=\"async\" width=\"1697\" height=\"2417\" src=\"https:\/\/sykli.fi\/demo\/wp-content\/uploads\/2024\/02\/Henkilokuva_Virpi_Vuolahti_mv.jpg\" class=\"attachment-post-thumbnail size-post-thumbnail wp-post-image\" alt=\"\" srcset=\"https:\/\/sykli.fi\/demo\/wp-content\/uploads\/2024\/02\/Henkilokuva_Virpi_Vuolahti_mv.jpg 1697w, https:\/\/sykli.fi\/demo\/wp-content\/uploads\/2024\/02\/Henkilokuva_Virpi_Vuolahti_mv-211x300.jpg 211w, https:\/\/sykli.fi\/demo\/wp-content\/uploads\/2024\/02\/Henkilokuva_Virpi_Vuolahti_mv-719x1024.jpg 719w, https:\/\/sykli.fi\/demo\/wp-content\/uploads\/2024\/02\/Henkilokuva_Virpi_Vuolahti_mv-768x1094.jpg 768w, https:\/\/sykli.fi\/demo\/wp-content\/uploads\/2024\/02\/Henkilokuva_Virpi_Vuolahti_mv-1078x1536.jpg 1078w, https:\/\/sykli.fi\/demo\/wp-content\/uploads\/2024\/02\/Henkilokuva_Virpi_Vuolahti_mv-1438x2048.jpg 1438w\" sizes=\"auto, (max-width: 1697px) 100vw, 1697px\" \/>                            <\/div>\r\n                            <div class=\"col-8\">\r\n                                <h3>Virpi Vuolahti<\/h3>\r\n                                Koulutusvastaava                                <ul>\r\n                                    <li><svg xmlns=\"http:\/\/www.w3.org\/2000\/svg\" width=\"16\" height=\"16\" fill=\"currentColor\" class=\"bi bi-telephone-fill\" viewBox=\"0 0 16 16\">\r\n                                <path fill-rule=\"evenodd\" d=\"M1.885.511a1.745 1.745 0 0 1 2.61.163L6.29 2.98c.329.423.445.974.315 1.494l-.547 2.19a.678.678 0 0 0 .178.643l2.457 2.457a.678.678 0 0 0 .644.178l2.189-.547a1.745 1.745 0 0 1 1.494.315l2.306 1.794c.829.645.905 1.87.163 2.611l-1.034 1.034c-.74.74-1.846 1.065-2.877.702a18.634 18.634 0 0 1-7.01-4.42 18.634 18.634 0 0 1-4.42-7.009c-.362-1.03-.037-2.137.703-2.877L1.885.511z\"\/>\r\n                              <\/svg> <a href=\"tel:+358447225939\">044 722 5939<\/a><\/li><li><svg xmlns=\"http:\/\/www.w3.org\/2000\/svg\" width=\"16\" height=\"16\" fill=\"currentColor\" class=\"bi bi-envelope-fill\" viewBox=\"0 0 16 16\">\r\n                                <path d=\"M.05 3.555A2 2 0 0 1 2 2h12a2 2 0 0 1 1.95 1.555L8 8.414.05 3.555ZM0 4.697v7.104l5.803-3.558L0 4.697ZM6.761 8.83l-6.57 4.027A2 2 0 0 0 2 14h12a2 2 0 0 0 1.808-1.144l-6.57-4.027L8 9.586l-1.239-.757Zm3.436-.586L16 11.801V4.697l-5.803 3.546Z\"\/>\r\n                              <\/svg> <a href=\"mailto:virpi.vuolahti@sykli.fi\">virpi.vuolahti@sykli.fi<\/a><\/li>                                <\/ul>\r\n                            <\/div>\r\n                        <\/div>\r\n                    <\/div>\r\n                <\/div>\r\n    <\/div>\n\n<h2>Tutkinnon suorittaminen ja koulutuksen sis\u00e4ll\u00f6t<\/h2>\r\n<div class=\"row\">\r\n                                <div class=\"col-md-6\">\r\n                    <div class=\"staff-box\">\r\n                        <div class=\"row\">\r\n                            <div class=\"col-4\">\r\n                                <img loading=\"lazy\" decoding=\"async\" width=\"150\" height=\"250\" src=\"https:\/\/sykli.fi\/demo\/wp-content\/uploads\/2022\/09\/terhi-ylipirila-2022-nettisivuille-mv.jpg\" class=\"attachment-post-thumbnail size-post-thumbnail wp-post-image\" alt=\"\" \/>                            <\/div>\r\n                            <div class=\"col-8\">\r\n                                <h3>Terhi Yli-Piril\u00e4<\/h3>\r\n                                Koulutusvastaava                                <ul>\r\n                                    <li><svg xmlns=\"http:\/\/www.w3.org\/2000\/svg\" width=\"16\" height=\"16\" fill=\"currentColor\" class=\"bi bi-telephone-fill\" viewBox=\"0 0 16 16\">\r\n                                <path fill-rule=\"evenodd\" d=\"M1.885.511a1.745 1.745 0 0 1 2.61.163L6.29 2.98c.329.423.445.974.315 1.494l-.547 2.19a.678.678 0 0 0 .178.643l2.457 2.457a.678.678 0 0 0 .644.178l2.189-.547a1.745 1.745 0 0 1 1.494.315l2.306 1.794c.829.645.905 1.87.163 2.611l-1.034 1.034c-.74.74-1.846 1.065-2.877.702a18.634 18.634 0 0 1-7.01-4.42 18.634 18.634 0 0 1-4.42-7.009c-.362-1.03-.037-2.137.703-2.877L1.885.511z\"\/>\r\n                              <\/svg> <a href=\"tel:+358503390382\">050 339 0382<\/a><\/li><li><svg xmlns=\"http:\/\/www.w3.org\/2000\/svg\" width=\"16\" height=\"16\" fill=\"currentColor\" class=\"bi bi-envelope-fill\" viewBox=\"0 0 16 16\">\r\n                                <path d=\"M.05 3.555A2 2 0 0 1 2 2h12a2 2 0 0 1 1.95 1.555L8 8.414.05 3.555ZM0 4.697v7.104l5.803-3.558L0 4.697ZM6.761 8.83l-6.57 4.027A2 2 0 0 0 2 14h12a2 2 0 0 0 1.808-1.144l-6.57-4.027L8 9.586l-1.239-.757Zm3.436-.586L16 11.801V4.697l-5.803 3.546Z\"\/>\r\n                              <\/svg> <a href=\"mailto:terhi.yli-pirila@sykli.fi\">terhi.yli-pirila@sykli.fi<\/a><\/li>                                <\/ul>\r\n                            <\/div>\r\n                        <\/div>\r\n                    <\/div>\r\n                <\/div>\r\n    <\/div>","protected":false},"excerpt":{"rendered":"<p>Koulutukseen haku on p\u00e4\u00e4ttynyt. Kysy alkavista koulutuksista:\u00a0yritys-ja-urapalvelut@sykli.fi Haluatko yhdist\u00e4\u00e4 ty\u00f6el\u00e4m\u00e4n ja vastuullisuuden uudella tavalla?T\u00e4ss\u00e4 koulutuksessa syvenn\u00e4t osaamistasi ESG-teemoista, laadunhallinnasta ja [&hellip;]<\/p>\n","protected":false},"author":10,"featured_media":63627,"parent":62815,"menu_order":0,"comment_status":"closed","ping_status":"closed","template":"","meta":{"_acf_changed":false,"footnotes":""},"class_list":["post-70818","page","type-page","status-publish","has-post-thumbnail","hentry"],"acf":[],"_links":{"self":[{"href":"https:\/\/sykli.fi\/demo\/wp-json\/wp\/v2\/pages\/70818","targetHints":{"allow":["GET"]}}],"collection":[{"href":"https:\/\/sykli.fi\/demo\/wp-json\/wp\/v2\/pages"}],"about":[{"href":"https:\/\/sykli.fi\/demo\/wp-json\/wp\/v2\/types\/page"}],"author":[{"embeddable":true,"href":"https:\/\/sykli.fi\/demo\/wp-json\/wp\/v2\/users\/10"}],"replies":[{"embeddable":true,"href":"https:\/\/sykli.fi\/demo\/wp-json\/wp\/v2\/comments?post=70818"}],"version-history":[{"count":10,"href":"https:\/\/sykli.fi\/demo\/wp-json\/wp\/v2\/pages\/70818\/revisions"}],"predecessor-version":[{"id":72330,"href":"https:\/\/sykli.fi\/demo\/wp-json\/wp\/v2\/pages\/70818\/revisions\/72330"}],"up":[{"embeddable":true,"href":"https:\/\/sykli.fi\/demo\/wp-json\/wp\/v2\/pages\/62815"}],"wp:featuredmedia":[{"embeddable":true,"href":"https:\/\/sykli.fi\/demo\/wp-json\/wp\/v2\/media\/63627"}],"wp:attachment":[{"href":"https:\/\/sykli.fi\/demo\/wp-json\/wp\/v2\/media?parent=70818"}],"curies":[{"name":"wp","href":"https:\/\/api.w.org\/{rel}","templated":true}]}}