{"id":70339,"date":"2025-02-18T08:55:46","date_gmt":"2025-02-18T06:55:46","guid":{"rendered":"https:\/\/sykli.fi\/?page_id=70339"},"modified":"2026-01-30T11:22:43","modified_gmt":"2026-01-30T09:22:43","slug":"701120-jatehuollon-turvallisuuden-kehittaminen-verkkokoulutus","status":"publish","type":"page","link":"https:\/\/sykli.fi\/demo\/hakijalle\/haku-jotpa-koulutuksiin\/701120-jatehuollon-turvallisuuden-kehittaminen-verkkokoulutus\/","title":{"rendered":"701120 J\u00e4tehuollon turvallisuuden kehitt\u00e4minen"},"content":{"rendered":"\r\n<section id=\"hero-block_4f267f944a94f23348f2a80dc55945e8\" class=\"hero site-banner section-default default alignfull\">\r\n\r\n    <div class=\"site-banner-bg section-bg-image \" >\r\n\r\n        <img loading=\"lazy\" decoding=\"async\" width=\"2560\" height=\"1709\" src=\"https:\/\/sykli.fi\/demo\/wp-content\/uploads\/2025\/02\/Jatehuollon-turvallisuusJOTPA-scaled.jpg\" class=\"attachment-1536\u00d71536 size-1536\u00d71536\" alt=\"\" srcset=\"https:\/\/sykli.fi\/demo\/wp-content\/uploads\/2025\/02\/Jatehuollon-turvallisuusJOTPA-scaled.jpg 2560w, https:\/\/sykli.fi\/demo\/wp-content\/uploads\/2025\/02\/Jatehuollon-turvallisuusJOTPA-300x200.jpg 300w, https:\/\/sykli.fi\/demo\/wp-content\/uploads\/2025\/02\/Jatehuollon-turvallisuusJOTPA-1024x683.jpg 1024w, https:\/\/sykli.fi\/demo\/wp-content\/uploads\/2025\/02\/Jatehuollon-turvallisuusJOTPA-768x513.jpg 768w, https:\/\/sykli.fi\/demo\/wp-content\/uploads\/2025\/02\/Jatehuollon-turvallisuusJOTPA-1536x1025.jpg 1536w, https:\/\/sykli.fi\/demo\/wp-content\/uploads\/2025\/02\/Jatehuollon-turvallisuusJOTPA-2048x1367.jpg 2048w\" sizes=\"auto, (max-width: 2560px) 100vw, 2560px\" \/>\r\n        \r\n        \r\n            <div class=\"site-banner-content container\">\r\n                <div class=\"row w-100\">\r\n                    <div class=\"col-md-12\">\r\n                        <div class=\"hero-text-overlay\">\r\n                                                                <h1 class=\"hero-title\">701120 J\u00e4tehuollon turvallisuuden kehitt\u00e4minen<\/h1>\r\n                            <div class=\"inner-content\">\r\n                            <div class=\"acf-innerblocks-container\">\n\n<p>Maksuton verkkokoulutus<\/p>\n\n<\/div>\r\n                        <\/div>                        <\/div>\r\n                    <\/div>\r\n                <\/div>\r\n            <\/div>\r\n\r\n        <\/section>\n\n\n<p><strong>Haluatko kehitt\u00e4\u00e4 j\u00e4tehuollon turvallisuutta organisaatiossasi ja varmistaa, ett\u00e4 toimintanne t\u00e4ytt\u00e4\u00e4 ajantasaiset vaatimukset? Syklin maksuton J\u00e4tehuollon turvallisuuden kehitt\u00e4minen -verkkokoulutus tarjoaa mahdollisuuden syvent\u00e4\u00e4 osaamistasi joustavasti omien aikataulujesi mukaan.<br><\/strong><br>Tehokkaan kiertotalouden takaamiseksi j\u00e4tehuollon prosessien toimivuus ja turvallisuus ovat avainasemassa. Erityisesti korostuvat j\u00e4tteiden k\u00e4sittelyprosessien palo- ja ty\u00f6turvallisuus sek\u00e4 kyber- ja ymp\u00e4rist\u00f6turvallisuus.<\/p>\n\n\n\n<p>Kiertotalouden my\u00f6t\u00e4 kierr\u00e4tett\u00e4vien materiaalivirtojen m\u00e4\u00e4r\u00e4t kasvavat, mik\u00e4 tarkoittaa uusia k\u00e4sittelylaitoksia, lis\u00e4\u00e4 materiaalivirtoihin kytkeytyv\u00e4\u00e4 logistiikkaa ja tarkempaa syntypaikkalajittelua. Lis\u00e4\u00e4ntyv\u00e4t materiaalivirrat lis\u00e4\u00e4v\u00e4t my\u00f6s riski\u00e4, ett\u00e4 paloherk\u00e4t materiaalit sekoittuvat tahattomasti muihin j\u00e4tevirtoihin. Puutteellisen ohjeistuksen tai toimimattomien prosessien vuoksi tulipalot j\u00e4teasemilla ja k\u00e4sittelylaitoksissa ovat melko yleisi\u00e4. My\u00f6s j\u00e4tteiden ker\u00e4ykseen ja kuljetukseen liittyy erilaisia riskej\u00e4.<\/p>\n\n\n\n<p>Kierr\u00e4tysalan toimijat ovat havainneet puutteita j\u00e4te- ja materiaalivirtojen turvallisuudessa eri vaiheissa toimijaketjua. Alalla on kuitenkin vahvaa osaamista materiaalien turvalliseen k\u00e4sittelyyn sek\u00e4 palo-, kyber-, ymp\u00e4rist\u00f6- ja ty\u00f6turvallisuuden kehitt\u00e4miseen ja my\u00f6s EU-tasolla on kehitetty hyvi\u00e4 k\u00e4yt\u00e4nt\u00f6j\u00e4. T\u00e4m\u00e4 osaaminen tulee tunnistaa, koota ja muokata parhaiksi k\u00e4yt\u00e4nn\u00f6iksi, jotta alan toimintatavat kehittyv\u00e4t.<\/p>\n\n\n\n<p>T\u00e4m\u00e4 koulutus vastaa n\u00e4ihin haasteisiin ja sen tavoitteena on edist\u00e4\u00e4 j\u00e4tealan turvallisia k\u00e4yt\u00e4nt\u00f6j\u00e4. J\u00e4tehuollon turvalliset prosessit ovat t\u00e4rkeit\u00e4, koska ne suojaavat henkil\u00f6st\u00f6\u00e4, ehk\u00e4isev\u00e4t ymp\u00e4rist\u00f6vahinkoja ja varmistavat lains\u00e4\u00e4d\u00e4nn\u00f6n noudattamisen. Turvalliset prosessit my\u00f6s v\u00e4hent\u00e4v\u00e4t kustannuksia, ja edist\u00e4v\u00e4t kiertotalouden toteutumista. Koulutus edist\u00e4\u00e4 j\u00e4tehuollon turvallisuutta ker\u00e4yksen ja k\u00e4sittelyn eri vaiheissa.<\/p>\n\n\n\n<hr class=\"wp-block-separator has-alpha-channel-opacity is-style-wide\"\/>\n\n\n\n<h3 class=\"wp-block-heading\">Kenelle?<\/h3>\n\n\n\n<ul class=\"wp-block-list\">\n<li>J\u00e4tehuollon ketjun eri vaiheissa toimivat henkil\u00f6t, jotka vastaavat j\u00e4tehuollon operatiivisista toiminnoista, kuten j\u00e4tteiden lajittelusta, ker\u00e4ilyst\u00e4, kuljetuksista, k\u00e4sittelyst\u00e4 ja kierr\u00e4tyslaitosten toiminnasta.<\/li>\n\n\n\n<li>Kaupan alan henkil\u00f6st\u00f6 <\/li>\n\n\n\n<li>Henkil\u00f6t, jotka vastaavat ty\u00f6paikkojen turvallisuudesta ja ty\u00f6suojelusta<\/li>\n\n\n\n<li>Kiinteist\u00f6jen j\u00e4tehuollosta vastaavat henkil\u00f6t (ml. vaarallisten j\u00e4tteiden varastoinnista vastaavat henkil\u00f6t)<\/li>\n<\/ul>\n\n\n\n<hr class=\"wp-block-separator has-alpha-channel-opacity is-style-wide\"\/>\n\n\n\n<h3 class=\"wp-block-heading\">Koulutuksen suorittaminen<\/h3>\n\n\n\n<p>Koulutuksen voi suorittaa joustavasti oman aikataulun mukaisesti aikav\u00e4lill\u00e4 31.3.2025-18.2.2026. Koulutus on Jatkuvan oppimisen ja ty\u00f6llisyyden palvelukeskuksen rahoittamaa ja sen suorittaminen on osallistujalle <strong>maksutonta<\/strong>.<\/p>\n\n\n\n<hr class=\"wp-block-separator has-alpha-channel-opacity is-style-wide\"\/>\n\n\n\n<h3 class=\"wp-block-heading\">Koulutuksen sis\u00e4lt\u00f6<\/h3>\n\n\n\n<p>Koulutus koostuu moduuleista, joista opiskelija valitsee itselleen soveltuvimmat.&nbsp;Koulutus jakautuu seuraaviin moduuleihin:<\/p>\n\n\n\n<h6 class=\"wp-block-heading\"><strong>J\u00e4tehuollon paloturvallisuus<\/strong>, <strong>10 osp<\/strong><\/h6>\n\n\n\n<p>Osio pit\u00e4\u00e4 sis\u00e4ll\u00e4\u00e4n paloturvallisuuden koulutussis\u00e4ll\u00f6t k\u00e4sittelyketjun eri vaiheille (lajittelu ja ker\u00e4ys, kuljetukset,&nbsp;j\u00e4tteiden k\u00e4sittelylaitokset, j\u00e4tteenpolttolaitokset). K\u00e4sitelt\u00e4vi\u00e4 teemoja ovat esimerkiksi:<\/p>\n\n\n\n<ul class=\"wp-block-list\">\n<li>Kriittisimm\u00e4t materiaalit (akut, paristot, itsesyttyv\u00e4t materiaalit jne), niiden lajittelu ja tunnistaminen<\/li>\n\n\n\n<li>Turvallinen varastointi<\/li>\n\n\n\n<li>Turvalliset k\u00e4sittelyprosessit<\/li>\n\n\n\n<li>Paloturvallisuuden kehitt\u00e4minen ja valvonta<\/li>\n\n\n\n<li>Valvontaj\u00e4rjestelm\u00e4t, palonilmaisimet ja muut paloturvallisuutta tukevat j\u00e4rjestelm\u00e4t<\/li>\n\n\n\n<li>H\u00e4t\u00e4tilanteisiin varautuminen ja toimiminen h\u00e4t\u00e4tilanteissa<\/li>\n<\/ul>\n\n\n\n<h6 class=\"wp-block-heading\"><strong>Kyberturvallisuus j\u00e4tehuollossa, 5 osp<\/strong><\/h6>\n\n\n\n<ul class=\"wp-block-list\">\n<li>tietoj\u00e4rjestelmien turvallisuus<\/li>\n\n\n\n<li>tietovuodot<\/li>\n\n\n\n<li>henkil\u00f6st\u00f6n tietoturvatietoisuus<\/li>\n<\/ul>\n\n\n\n<h6 class=\"wp-block-heading\"><strong>Ty\u00f6turvallisuus, 5 osp<\/strong><\/h6>\n\n\n\n<ul class=\"wp-block-list\">\n<li>kemialliset, biologiset ja fyysiset riskit<\/li>\n<\/ul>\n\n\n\n<h6 class=\"wp-block-heading\"><strong>Ymp\u00e4rist\u00f6turvallisuus, 5 osp<\/strong><\/h6>\n\n\n\n<ul class=\"wp-block-list\">\n<li>p\u00e4\u00e4st\u00f6t ilmaan, maaper\u00e4\u00e4n ja vesist\u00f6ihin &#8211; n\u00e4iden ennaltaehk\u00e4isy<\/li>\n<\/ul>\n\n\n\n<hr class=\"wp-block-separator has-alpha-channel-opacity is-style-wide\"\/>\n\n\n<div class=\"wp-block-image\">\n<figure class=\"alignleft is-resized\"><img decoding=\"async\" src=\"https:\/\/ssl.eventilla.com\/filebrowser\/file?h=xDree&amp;f=20250131095028_86593bd4b46271d85efa7c35082918fb.png\" alt=\"jotpa-logo.png\" style=\"width:239px;height:96px\"\/><\/figure>\n<\/div>\n\n\n<p>Koulutus on Jatkuvan oppimisen ja ty\u00f6llisyyden palvelukeskuksen rahoittama (JOTPA). Jatkuvan oppimisen ja ty\u00f6llisyyden palvelukeskus edist\u00e4\u00e4 ty\u00f6ik\u00e4isten osaamisen kehitt\u00e4mist\u00e4 ja osaavan ty\u00f6voiman saatavuutta. Palvelukeskuksen toimintaa ohjaavat opetus- ja kulttuuriministeri\u00f6 sek\u00e4 ty\u00f6- ja elinkeinoministeri\u00f6.<\/p>\n\n\n\n<hr class=\"wp-block-separator has-alpha-channel-opacity is-style-wide\"\/>\n\n\n<h2>Lis\u00e4tietoja koulutuksesta: <\/h2>\r\n<div class=\"row\">\r\n                                <div class=\"col-md-6\">\r\n                    <div class=\"staff-box\">\r\n                        <div class=\"row\">\r\n                            <div class=\"col-4\">\r\n                                <img loading=\"lazy\" decoding=\"async\" width=\"150\" height=\"250\" src=\"https:\/\/sykli.fi\/demo\/wp-content\/uploads\/2022\/09\/maria-torn-2022-nettisivuille-mv.jpg\" class=\"attachment-post-thumbnail size-post-thumbnail wp-post-image\" alt=\"\" \/>                            <\/div>\r\n                            <div class=\"col-8\">\r\n                                <h3>Maria T\u00f6rn<\/h3>\r\n                                Asiantuntija,\u00a0j\u00e4tehuolto, resurssitehokkuus                                <ul>\r\n                                    <li><svg xmlns=\"http:\/\/www.w3.org\/2000\/svg\" width=\"16\" height=\"16\" fill=\"currentColor\" class=\"bi bi-telephone-fill\" viewBox=\"0 0 16 16\">\r\n                                <path fill-rule=\"evenodd\" d=\"M1.885.511a1.745 1.745 0 0 1 2.61.163L6.29 2.98c.329.423.445.974.315 1.494l-.547 2.19a.678.678 0 0 0 .178.643l2.457 2.457a.678.678 0 0 0 .644.178l2.189-.547a1.745 1.745 0 0 1 1.494.315l2.306 1.794c.829.645.905 1.87.163 2.611l-1.034 1.034c-.74.74-1.846 1.065-2.877.702a18.634 18.634 0 0 1-7.01-4.42 18.634 18.634 0 0 1-4.42-7.009c-.362-1.03-.037-2.137.703-2.877L1.885.511z\"\/>\r\n                              <\/svg> <a href=\"tel:+358415015144\">041 5015 144<\/a><\/li><li><svg xmlns=\"http:\/\/www.w3.org\/2000\/svg\" width=\"16\" height=\"16\" fill=\"currentColor\" class=\"bi bi-envelope-fill\" viewBox=\"0 0 16 16\">\r\n                                <path d=\"M.05 3.555A2 2 0 0 1 2 2h12a2 2 0 0 1 1.95 1.555L8 8.414.05 3.555ZM0 4.697v7.104l5.803-3.558L0 4.697ZM6.761 8.83l-6.57 4.027A2 2 0 0 0 2 14h12a2 2 0 0 0 1.808-1.144l-6.57-4.027L8 9.586l-1.239-.757Zm3.436-.586L16 11.801V4.697l-5.803 3.546Z\"\/>\r\n                              <\/svg> <a href=\"mailto:maria.torn@sykli.fi\">maria.torn@sykli.fi<\/a><\/li>                                <\/ul>\r\n                            <\/div>\r\n                        <\/div>\r\n                    <\/div>\r\n                <\/div>\r\n                                <div class=\"col-md-6\">\r\n                    <div class=\"staff-box\">\r\n                        <div class=\"row\">\r\n                            <div class=\"col-4\">\r\n                                <img loading=\"lazy\" decoding=\"async\" width=\"150\" height=\"250\" src=\"https:\/\/sykli.fi\/demo\/wp-content\/uploads\/2022\/09\/taru-uotila-2022-nettisivuille-mv.jpg\" class=\"attachment-post-thumbnail size-post-thumbnail wp-post-image\" alt=\"\" \/>                            <\/div>\r\n                            <div class=\"col-8\">\r\n                                <h3>Taru Uotila<\/h3>\r\n                                Johtaja, hankkeet ja kehitt\u00e4minen                                <ul>\r\n                                    <li><svg xmlns=\"http:\/\/www.w3.org\/2000\/svg\" width=\"16\" height=\"16\" fill=\"currentColor\" class=\"bi bi-telephone-fill\" viewBox=\"0 0 16 16\">\r\n                                <path fill-rule=\"evenodd\" d=\"M1.885.511a1.745 1.745 0 0 1 2.61.163L6.29 2.98c.329.423.445.974.315 1.494l-.547 2.19a.678.678 0 0 0 .178.643l2.457 2.457a.678.678 0 0 0 .644.178l2.189-.547a1.745 1.745 0 0 1 1.494.315l2.306 1.794c.829.645.905 1.87.163 2.611l-1.034 1.034c-.74.74-1.846 1.065-2.877.702a18.634 18.634 0 0 1-7.01-4.42 18.634 18.634 0 0 1-4.42-7.009c-.362-1.03-.037-2.137.703-2.877L1.885.511z\"\/>\r\n                              <\/svg> <a href=\"tel:+358503701414\">050 370 1414<\/a><\/li><li><svg xmlns=\"http:\/\/www.w3.org\/2000\/svg\" width=\"16\" height=\"16\" fill=\"currentColor\" class=\"bi bi-envelope-fill\" viewBox=\"0 0 16 16\">\r\n                                <path d=\"M.05 3.555A2 2 0 0 1 2 2h12a2 2 0 0 1 1.95 1.555L8 8.414.05 3.555ZM0 4.697v7.104l5.803-3.558L0 4.697ZM6.761 8.83l-6.57 4.027A2 2 0 0 0 2 14h12a2 2 0 0 0 1.808-1.144l-6.57-4.027L8 9.586l-1.239-.757Zm3.436-.586L16 11.801V4.697l-5.803 3.546Z\"\/>\r\n                              <\/svg> <a href=\"mailto:taru.uotila@sykli.fi\">taru.uotila@sykli.fi<\/a><\/li>                                <\/ul>\r\n                            <\/div>\r\n                        <\/div>\r\n                    <\/div>\r\n                <\/div>\r\n                                <div class=\"col-md-6\">\r\n                    <div class=\"staff-box\">\r\n                        <div class=\"row\">\r\n                            <div class=\"col-4\">\r\n                                <img loading=\"lazy\" decoding=\"async\" width=\"1181\" height=\"1230\" src=\"https:\/\/sykli.fi\/demo\/wp-content\/uploads\/2025\/01\/Anita-korvenoja-MV.png\" class=\"attachment-post-thumbnail size-post-thumbnail wp-post-image\" alt=\"\" srcset=\"https:\/\/sykli.fi\/demo\/wp-content\/uploads\/2025\/01\/Anita-korvenoja-MV.png 1181w, https:\/\/sykli.fi\/demo\/wp-content\/uploads\/2025\/01\/Anita-korvenoja-MV-288x300.png 288w, https:\/\/sykli.fi\/demo\/wp-content\/uploads\/2025\/01\/Anita-korvenoja-MV-983x1024.png 983w, https:\/\/sykli.fi\/demo\/wp-content\/uploads\/2025\/01\/Anita-korvenoja-MV-768x800.png 768w\" sizes=\"auto, (max-width: 1181px) 100vw, 1181px\" \/>                            <\/div>\r\n                            <div class=\"col-8\">\r\n                                <h3>Anita Korvenoja<\/h3>\r\n                                Asiantuntija,\u00a0laatu-, ymp\u00e4rist\u00f6- ja turvallisuusjohtaminen                                <ul>\r\n                                    <li><svg xmlns=\"http:\/\/www.w3.org\/2000\/svg\" width=\"16\" height=\"16\" fill=\"currentColor\" class=\"bi bi-telephone-fill\" viewBox=\"0 0 16 16\">\r\n                                <path fill-rule=\"evenodd\" d=\"M1.885.511a1.745 1.745 0 0 1 2.61.163L6.29 2.98c.329.423.445.974.315 1.494l-.547 2.19a.678.678 0 0 0 .178.643l2.457 2.457a.678.678 0 0 0 .644.178l2.189-.547a1.745 1.745 0 0 1 1.494.315l2.306 1.794c.829.645.905 1.87.163 2.611l-1.034 1.034c-.74.74-1.846 1.065-2.877.702a18.634 18.634 0 0 1-7.01-4.42 18.634 18.634 0 0 1-4.42-7.009c-.362-1.03-.037-2.137.703-2.877L1.885.511z\"\/>\r\n                              <\/svg> <a href=\"tel:+358449010830\">044 9010 830<\/a><\/li><li><svg xmlns=\"http:\/\/www.w3.org\/2000\/svg\" width=\"16\" height=\"16\" fill=\"currentColor\" class=\"bi bi-envelope-fill\" viewBox=\"0 0 16 16\">\r\n                                <path d=\"M.05 3.555A2 2 0 0 1 2 2h12a2 2 0 0 1 1.95 1.555L8 8.414.05 3.555ZM0 4.697v7.104l5.803-3.558L0 4.697ZM6.761 8.83l-6.57 4.027A2 2 0 0 0 2 14h12a2 2 0 0 0 1.808-1.144l-6.57-4.027L8 9.586l-1.239-.757Zm3.436-.586L16 11.801V4.697l-5.803 3.546Z\"\/>\r\n                              <\/svg> <a href=\"mailto:anita.korvenoja@sykli.fi\">anita.korvenoja@sykli.fi<\/a><\/li>                                <\/ul>\r\n                            <\/div>\r\n                        <\/div>\r\n                    <\/div>\r\n                <\/div>\r\n    <\/div>\n\n\n<hr class=\"wp-block-separator has-alpha-channel-opacity is-style-wide\"\/>\n\n\n\n<h2 class=\"wp-block-heading\">Tutustu muihin maksuttomiin koulutuksiin<\/h2>\n\n\n<div class=\"page-linkbox-block alignfull\">\r\n    <div class=\"container\">\r\n        <div class=\"acf-innerblocks-container\">\n\r\n<div class=\"page-linkbox has-turquoise-background-color \">\r\n    <img loading=\"lazy\" decoding=\"async\" width=\"800\" height=\"451\" src=\"https:\/\/sykli.fi\/demo\/wp-content\/uploads\/2025\/01\/Kiertava-kivi-jotpa-1024x577.jpg\" class=\"attachment-large size-large\" alt=\"\" srcset=\"https:\/\/sykli.fi\/demo\/wp-content\/uploads\/2025\/01\/Kiertava-kivi-jotpa-1024x577.jpg 1024w, https:\/\/sykli.fi\/demo\/wp-content\/uploads\/2025\/01\/Kiertava-kivi-jotpa-300x169.jpg 300w, https:\/\/sykli.fi\/demo\/wp-content\/uploads\/2025\/01\/Kiertava-kivi-jotpa-768x432.jpg 768w, https:\/\/sykli.fi\/demo\/wp-content\/uploads\/2025\/01\/Kiertava-kivi-jotpa-1536x865.jpg 1536w, https:\/\/sykli.fi\/demo\/wp-content\/uploads\/2025\/01\/Kiertava-kivi-jotpa-2048x1153.jpg 2048w\" sizes=\"auto, (max-width: 800px) 100vw, 800px\" \/>    <a  href=\" https:\/\/sykli.fi\/demo\/hakijalle\/haku-jotpa-koulutuksiin\/kiertava-kivi-puhtaan-siirtyman-osaamista-kaivosalalle\/\" >\r\n        <h2>700917 KIERT\u00c4V\u00c4 KIVI \u2013 Puhtaan siirtym\u00e4n osaamista kaivosalalle<\/h2>\r\n\r\n        \r\n    <\/a>\r\n\r\n<\/div>\n\n\r\n<div class=\"page-linkbox has-turquoise-background-color \">\r\n    <img loading=\"lazy\" decoding=\"async\" width=\"800\" height=\"534\" src=\"https:\/\/sykli.fi\/demo\/wp-content\/uploads\/2025\/02\/PurkuJotpa-1024x683.jpg\" class=\"attachment-large size-large\" alt=\"\" srcset=\"https:\/\/sykli.fi\/demo\/wp-content\/uploads\/2025\/02\/PurkuJotpa-1024x683.jpg 1024w, https:\/\/sykli.fi\/demo\/wp-content\/uploads\/2025\/02\/PurkuJotpa-300x200.jpg 300w, https:\/\/sykli.fi\/demo\/wp-content\/uploads\/2025\/02\/PurkuJotpa-768x512.jpg 768w, https:\/\/sykli.fi\/demo\/wp-content\/uploads\/2025\/02\/PurkuJotpa-1536x1024.jpg 1536w, https:\/\/sykli.fi\/demo\/wp-content\/uploads\/2025\/02\/PurkuJotpa-2048x1365.jpg 2048w\" sizes=\"auto, (max-width: 800px) 100vw, 800px\" \/>    <a  href=\" https:\/\/sykli.fi\/demo\/?page_id=70318\" >\r\n        <h2>701021 Purkumateriaalien kiertotalous<\/h2>\r\n\r\n        \r\n    <\/a>\r\n\r\n<\/div>\n\n\r\n<div class=\"page-linkbox has-turquoise-background-color \">\r\n    <img loading=\"lazy\" decoding=\"async\" width=\"800\" height=\"534\" src=\"https:\/\/sykli.fi\/demo\/wp-content\/uploads\/2025\/01\/shutterstock_2232470269-1024x683.jpg\" class=\"attachment-large size-large\" alt=\"\" srcset=\"https:\/\/sykli.fi\/demo\/wp-content\/uploads\/2025\/01\/shutterstock_2232470269-1024x683.jpg 1024w, https:\/\/sykli.fi\/demo\/wp-content\/uploads\/2025\/01\/shutterstock_2232470269-300x200.jpg 300w, https:\/\/sykli.fi\/demo\/wp-content\/uploads\/2025\/01\/shutterstock_2232470269-768x512.jpg 768w, https:\/\/sykli.fi\/demo\/wp-content\/uploads\/2025\/01\/shutterstock_2232470269-1536x1024.jpg 1536w, https:\/\/sykli.fi\/demo\/wp-content\/uploads\/2025\/01\/shutterstock_2232470269-2048x1365.jpg 2048w\" sizes=\"auto, (max-width: 800px) 100vw, 800px\" \/>    <a  href=\" https:\/\/sykli.fi\/demo\/hakijalle\/haku-jotpa-koulutuksiin\/vesihuollon-taydennyskoulutus-maarakentajille\/\" >\r\n        <h2>701319 Vesihuollon t\u00e4ydennyskoulutus maarakentajille &#8211; Oulu<\/h2>\r\n\r\n        \r\n    <\/a>\r\n\r\n<\/div>\n<\/div>\r\n\r\n    <\/div>\r\n<\/div>","protected":false},"excerpt":{"rendered":"<p>Haluatko kehitt\u00e4\u00e4 j\u00e4tehuollon turvallisuutta organisaatiossasi ja varmistaa, ett\u00e4 toimintanne t\u00e4ytt\u00e4\u00e4 ajantasaiset vaatimukset? Syklin maksuton J\u00e4tehuollon turvallisuuden kehitt\u00e4minen -verkkokoulutus tarjoaa mahdollisuuden [&hellip;]<\/p>\n","protected":false},"author":10,"featured_media":70340,"parent":64506,"menu_order":0,"comment_status":"closed","ping_status":"closed","template":"","meta":{"_acf_changed":false,"footnotes":""},"class_list":["post-70339","page","type-page","status-publish","has-post-thumbnail","hentry"],"acf":[],"_links":{"self":[{"href":"https:\/\/sykli.fi\/demo\/wp-json\/wp\/v2\/pages\/70339","targetHints":{"allow":["GET"]}}],"collection":[{"href":"https:\/\/sykli.fi\/demo\/wp-json\/wp\/v2\/pages"}],"about":[{"href":"https:\/\/sykli.fi\/demo\/wp-json\/wp\/v2\/types\/page"}],"author":[{"embeddable":true,"href":"https:\/\/sykli.fi\/demo\/wp-json\/wp\/v2\/users\/10"}],"replies":[{"embeddable":true,"href":"https:\/\/sykli.fi\/demo\/wp-json\/wp\/v2\/comments?post=70339"}],"version-history":[{"count":10,"href":"https:\/\/sykli.fi\/demo\/wp-json\/wp\/v2\/pages\/70339\/revisions"}],"predecessor-version":[{"id":73585,"href":"https:\/\/sykli.fi\/demo\/wp-json\/wp\/v2\/pages\/70339\/revisions\/73585"}],"up":[{"embeddable":true,"href":"https:\/\/sykli.fi\/demo\/wp-json\/wp\/v2\/pages\/64506"}],"wp:featuredmedia":[{"embeddable":true,"href":"https:\/\/sykli.fi\/demo\/wp-json\/wp\/v2\/media\/70340"}],"wp:attachment":[{"href":"https:\/\/sykli.fi\/demo\/wp-json\/wp\/v2\/media?parent=70339"}],"curies":[{"name":"wp","href":"https:\/\/api.w.org\/{rel}","templated":true}]}}