{"id":70205,"date":"2025-01-31T11:33:10","date_gmt":"2025-01-31T09:33:10","guid":{"rendered":"https:\/\/sykli.fi\/?page_id=70205"},"modified":"2025-03-14T10:57:45","modified_gmt":"2025-03-14T08:57:45","slug":"vesihuollon-taydennyskoulutus-alan-asiantuntijoille","status":"publish","type":"page","link":"https:\/\/sykli.fi\/demo\/hakijalle\/haku-jotpa-koulutuksiin\/vesihuollon-taydennyskoulutus-alan-asiantuntijoille\/","title":{"rendered":"701218 Vesihuollon t\u00e4ydennyskoulutus alan asiantuntijoille"},"content":{"rendered":"\r\n<section id=\"hero-block_f068cabec23f1edd14abda5aff645927\" class=\"hero site-banner section-default default alignfull\">\r\n\r\n    <div class=\"site-banner-bg section-bg-image \" >\r\n\r\n        <img loading=\"lazy\" decoding=\"async\" width=\"950\" height=\"630\" src=\"https:\/\/sykli.fi\/demo\/wp-content\/uploads\/2022\/09\/vesihuolto.jpg\" class=\"attachment-1536\u00d71536 size-1536\u00d71536\" alt=\"Vedenpinta, jossa pieni\u00e4 laineita ja aurinko kimmelt\u00e4\u00e4 veden pinnalla.\" srcset=\"https:\/\/sykli.fi\/demo\/wp-content\/uploads\/2022\/09\/vesihuolto.jpg 950w, https:\/\/sykli.fi\/demo\/wp-content\/uploads\/2022\/09\/vesihuolto-300x199.jpg 300w, https:\/\/sykli.fi\/demo\/wp-content\/uploads\/2022\/09\/vesihuolto-768x509.jpg 768w\" sizes=\"auto, (max-width: 950px) 100vw, 950px\" \/>\r\n        \r\n        \r\n            <div class=\"site-banner-content container\">\r\n                <div class=\"row w-100\">\r\n                    <div class=\"col-md-12\">\r\n                        <div class=\"hero-text-overlay\">\r\n                                                                <h1 class=\"hero-title\">701218 Vesihuollon t\u00e4ydennyskoulutus alan asiantuntijoille<\/h1>\r\n                            <div class=\"inner-content\">\r\n                            <div class=\"acf-innerblocks-container\"><\/div>\r\n                        <\/div>                        <\/div>\r\n                    <\/div>\r\n                <\/div>\r\n            <\/div>\r\n\r\n        <\/section>\n\n\n<p>T\u00e4ss\u00e4 joustavassa vesihuoltoalan t\u00e4ydennyskoulutuksessa syvennyt\u00e4\u00e4n vesihuollon ajankohtaisiin teemoihin, kuten kyberturvallisuuden riskien hallintaan, omaisuuden hallinnan merkitykseen, energiankulutuksen optimointiin ja vesihuoltolaitoksen hiilijalanj\u00e4ljen laskentaan. Lis\u00e4ksi opit tunnistamaan energiantuotannon mahdollisuudet ja pysyt ajan tasalla uudistuvan lains\u00e4\u00e4d\u00e4nn\u00f6n vaikutuksista omaan toimintaasi kuin my\u00f6s organisaatiosi toimintaan. Verkkototeutus tarjoaa joustavuutta, joten voit opiskella juuri sinulle sopivaan tahtiin ja hy\u00f6dynt\u00e4\u00e4 k\u00e4yt\u00e4nn\u00f6nl\u00e4heisi\u00e4 ty\u00f6kaluja alan ammattilaisena.<\/p>\n\n\n\n<h3 class=\"wp-block-heading\">Kenelle koulutus sopii?&nbsp;<\/h3>\n\n\n\n<p>Koulutus on tarkoitettu vesihuoltoalan asiantuntijateht\u00e4viss\u00e4 toimiville henkil\u00f6ille, esim. vesihuoltolaitosp\u00e4\u00e4llik\u00f6t ja -hoitajat, vesihuoltomestarit, projekti-insin\u00f6\u00f6rit ja p\u00e4\u00e4llik\u00f6t.<\/p>\n\n\n\n<h3 class=\"wp-block-heading\">Koulutuksen sis\u00e4lt\u00f6:&nbsp;<\/h3>\n\n\n\n<p>Koulutus sis\u00e4lt\u00e4\u00e4 6 webinaaria sek\u00e4 itsen\u00e4ist\u00e4 verkko-opiskelua valitun laajuuden mukaisesti. Koulutuksen kesto maksimissaan 6kk.&nbsp;<\/p>\n\n\n\n<p>Koulutus koostuu kolmesta moduulista: vesihuollon huoltovarmuudesta, vastuullisesta vesihuollosta sek\u00e4 lains\u00e4\u00e4d\u00e4nn\u00f6n&nbsp;uudistuksista.<\/p>\n\n\n\n<ul class=\"wp-block-list\">\n<li>Huoltovarmuusmoduuli&nbsp;koostuu Vesihuollon kyberturvallisuus sek\u00e4 omaisuuden hallinta vesihuoltoverkostoista osioista.&nbsp;<\/li>\n\n\n\n<li>Vastuullinen vesihuoltomoduuli koostuu hiilijalanj\u00e4ljen laskeminen, J\u00e4tevedenpuhdistamo energiantuottajana ja -kuluttajana sek\u00e4 Energiatehokkuus verkostopumppauksessa osioista.&nbsp;<\/li>\n\n\n\n<li>Lains\u00e4\u00e4d\u00e4nt\u00f6moduuli sis\u00e4lt\u00e4\u00e4 seuravat aihepiirit: J\u00e4tevesidirekttiivi lains\u00e4\u00e4d\u00e4nt\u00f6\u00f6n, NIS2 -direktiivin vaikutukset vesihuoltoon, EU:n kest\u00e4vyysraportointi (CSRD).<\/li>\n<\/ul>\n\n\n\n<p>Tavoitteena on, ett\u00e4 opiskelija suorittaa v\u00e4hint\u00e4\u00e4n yhden moduulin.<\/p>\n\n\n\n<h3 class=\"wp-block-heading\">Koulutuksen hinta:&nbsp;<\/h3>\n\n\n\n<figure class=\"wp-block-image is-resized\"><img loading=\"lazy\" decoding=\"async\" src=\"https:\/\/ssl.eventilla.com\/filebrowser\/file?h=xDree&amp;f=20250131095028_86593bd4b46271d85efa7c35082918fb.png\" alt=\"jotpa-logo.png\" width=\"296\" height=\"118\"\/><\/figure>\n\n\n\n<p>Koulutus on osallistujille&nbsp;<strong>maksuton.<\/strong><\/p>\n\n\n\n<p>Koulutus on <strong>Jatkuvan oppimisen ja ty\u00f6llisyyden palvelukeskuksen rahoittama (JOTPA)<\/strong>. Jatkuvan oppimisen ja ty\u00f6llisyyden palvelukeskus edist\u00e4\u00e4 ty\u00f6ik\u00e4isten osaamisen kehitt\u00e4mist\u00e4 ja osaavan ty\u00f6voiman saatavuutta. Palvelukeskuksen toimintaa ohjaavat opetus- ja kulttuuriministeri\u00f6 sek\u00e4 ty\u00f6- ja elinkeinoministeri\u00f6.<\/p>\n\n\n\n<h3 class=\"wp-block-heading\">Ilmoittautuminen:\u00a0<\/h3>\n\n\n\n<p><strong>Ilmoittautuminen koulutukseen on p\u00e4\u00e4ttynyt!<\/strong> Koulutusryhm\u00e4 t\u00e4ynn\u00e4.<\/p>\n\n\n\n<p><\/p>\n\n\n<h2>Lis\u00e4tietoja koulutuksesta: <\/h2>\r\n<div class=\"row\">\r\n                                <div class=\"col-md-6\">\r\n                    <div class=\"staff-box\">\r\n                        <div class=\"row\">\r\n                            <div class=\"col-4\">\r\n                                <img loading=\"lazy\" decoding=\"async\" width=\"150\" height=\"250\" src=\"https:\/\/sykli.fi\/demo\/wp-content\/uploads\/2022\/09\/jari-heiskanen-2022-nettisivuille-mv.jpg\" class=\"attachment-post-thumbnail size-post-thumbnail wp-post-image\" alt=\"\" \/>                            <\/div>\r\n                            <div class=\"col-8\">\r\n                                <h3>Jari Heiskanen<\/h3>\r\n                                Asiantuntija, hankkeet ja kehitt\u00e4minen                                <ul>\r\n                                    <li><svg xmlns=\"http:\/\/www.w3.org\/2000\/svg\" width=\"16\" height=\"16\" fill=\"currentColor\" class=\"bi bi-telephone-fill\" viewBox=\"0 0 16 16\">\r\n                                <path fill-rule=\"evenodd\" d=\"M1.885.511a1.745 1.745 0 0 1 2.61.163L6.29 2.98c.329.423.445.974.315 1.494l-.547 2.19a.678.678 0 0 0 .178.643l2.457 2.457a.678.678 0 0 0 .644.178l2.189-.547a1.745 1.745 0 0 1 1.494.315l2.306 1.794c.829.645.905 1.87.163 2.611l-1.034 1.034c-.74.74-1.846 1.065-2.877.702a18.634 18.634 0 0 1-7.01-4.42 18.634 18.634 0 0 1-4.42-7.009c-.362-1.03-.037-2.137.703-2.877L1.885.511z\"\/>\r\n                              <\/svg> <a href=\"tel:+358503752657\">050 375 2657<\/a><\/li><li><svg xmlns=\"http:\/\/www.w3.org\/2000\/svg\" width=\"16\" height=\"16\" fill=\"currentColor\" class=\"bi bi-envelope-fill\" viewBox=\"0 0 16 16\">\r\n                                <path d=\"M.05 3.555A2 2 0 0 1 2 2h12a2 2 0 0 1 1.95 1.555L8 8.414.05 3.555ZM0 4.697v7.104l5.803-3.558L0 4.697ZM6.761 8.83l-6.57 4.027A2 2 0 0 0 2 14h12a2 2 0 0 0 1.808-1.144l-6.57-4.027L8 9.586l-1.239-.757Zm3.436-.586L16 11.801V4.697l-5.803 3.546Z\"\/>\r\n                              <\/svg> <a href=\"mailto:jari.heiskanen@sykli.fi\">jari.heiskanen@sykli.fi<\/a><\/li>                                <\/ul>\r\n                            <\/div>\r\n                        <\/div>\r\n                    <\/div>\r\n                <\/div>\r\n    <\/div>","protected":false},"excerpt":{"rendered":"<p>T\u00e4ss\u00e4 joustavassa vesihuoltoalan t\u00e4ydennyskoulutuksessa syvennyt\u00e4\u00e4n vesihuollon ajankohtaisiin teemoihin, kuten kyberturvallisuuden riskien hallintaan, omaisuuden hallinnan merkitykseen, energiankulutuksen optimointiin ja vesihuoltolaitoksen hiilijalanj\u00e4ljen [&hellip;]<\/p>\n","protected":false},"author":10,"featured_media":61841,"parent":64506,"menu_order":0,"comment_status":"closed","ping_status":"closed","template":"","meta":{"_acf_changed":false,"footnotes":""},"class_list":["post-70205","page","type-page","status-publish","has-post-thumbnail","hentry"],"acf":[],"_links":{"self":[{"href":"https:\/\/sykli.fi\/demo\/wp-json\/wp\/v2\/pages\/70205","targetHints":{"allow":["GET"]}}],"collection":[{"href":"https:\/\/sykli.fi\/demo\/wp-json\/wp\/v2\/pages"}],"about":[{"href":"https:\/\/sykli.fi\/demo\/wp-json\/wp\/v2\/types\/page"}],"author":[{"embeddable":true,"href":"https:\/\/sykli.fi\/demo\/wp-json\/wp\/v2\/users\/10"}],"replies":[{"embeddable":true,"href":"https:\/\/sykli.fi\/demo\/wp-json\/wp\/v2\/comments?post=70205"}],"version-history":[{"count":10,"href":"https:\/\/sykli.fi\/demo\/wp-json\/wp\/v2\/pages\/70205\/revisions"}],"predecessor-version":[{"id":70708,"href":"https:\/\/sykli.fi\/demo\/wp-json\/wp\/v2\/pages\/70205\/revisions\/70708"}],"up":[{"embeddable":true,"href":"https:\/\/sykli.fi\/demo\/wp-json\/wp\/v2\/pages\/64506"}],"wp:featuredmedia":[{"embeddable":true,"href":"https:\/\/sykli.fi\/demo\/wp-json\/wp\/v2\/media\/61841"}],"wp:attachment":[{"href":"https:\/\/sykli.fi\/demo\/wp-json\/wp\/v2\/media?parent=70205"}],"curies":[{"name":"wp","href":"https:\/\/api.w.org\/{rel}","templated":true}]}}