{"id":70190,"date":"2025-01-31T11:21:55","date_gmt":"2025-01-31T09:21:55","guid":{"rendered":"https:\/\/sykli.fi\/?page_id=70190"},"modified":"2026-01-07T09:11:01","modified_gmt":"2026-01-07T07:11:01","slug":"vesihuollon-taydennyskoulutus-maarakentajille","status":"publish","type":"page","link":"https:\/\/sykli.fi\/demo\/hakijalle\/haku-jotpa-koulutuksiin\/vesihuollon-taydennyskoulutus-maarakentajille\/","title":{"rendered":"701319 Vesihuollon t\u00e4ydennyskoulutus maarakentajille &#8211; Oulu"},"content":{"rendered":"\r\n<section id=\"hero-block_94e2a9f3cd969eb2f4946188ef5266cf\" class=\"hero site-banner section-default default alignfull\">\r\n\r\n    <div class=\"site-banner-bg section-bg-image \" >\r\n\r\n        <img loading=\"lazy\" decoding=\"async\" width=\"2560\" height=\"1706\" src=\"https:\/\/sykli.fi\/demo\/wp-content\/uploads\/2025\/01\/shutterstock_2232470269-scaled.jpg\" class=\"attachment-1536\u00d71536 size-1536\u00d71536\" alt=\"\" srcset=\"https:\/\/sykli.fi\/demo\/wp-content\/uploads\/2025\/01\/shutterstock_2232470269-scaled.jpg 2560w, https:\/\/sykli.fi\/demo\/wp-content\/uploads\/2025\/01\/shutterstock_2232470269-300x200.jpg 300w, https:\/\/sykli.fi\/demo\/wp-content\/uploads\/2025\/01\/shutterstock_2232470269-1024x683.jpg 1024w, https:\/\/sykli.fi\/demo\/wp-content\/uploads\/2025\/01\/shutterstock_2232470269-768x512.jpg 768w, https:\/\/sykli.fi\/demo\/wp-content\/uploads\/2025\/01\/shutterstock_2232470269-1536x1024.jpg 1536w, https:\/\/sykli.fi\/demo\/wp-content\/uploads\/2025\/01\/shutterstock_2232470269-2048x1365.jpg 2048w\" sizes=\"auto, (max-width: 2560px) 100vw, 2560px\" \/>\r\n        \r\n        \r\n            <div class=\"site-banner-content container\">\r\n                <div class=\"row w-100\">\r\n                    <div class=\"col-md-12\">\r\n                        <div class=\"hero-text-overlay\">\r\n                                                                <h1 class=\"hero-title\">701319 Vesihuollon t\u00e4ydennyskoulutus maarakentajille &#8211; Oulu<\/h1>\r\n                            <div class=\"inner-content\">\r\n                            <div class=\"acf-innerblocks-container\"><\/div>\r\n                        <\/div>                        <\/div>\r\n                    <\/div>\r\n                <\/div>\r\n            <\/div>\r\n\r\n        <\/section>\n\n\n<p>T\u00e4m\u00e4 t\u00e4ydennyskoulutus tarjoaa maarakentajille mahdollisuuden syvent\u00e4\u00e4 osaamistaan vesihuoltoverkostojen kunnossapidossa ja korjaust\u00f6iss\u00e4. Koulutus yhdist\u00e4\u00e4 ajankohtaista teoriatietoa ja k\u00e4yt\u00e4nn\u00f6n asennustaitoja, jotka vastaavat nykyp\u00e4iv\u00e4n ty\u00f6el\u00e4m\u00e4n vaatimuksiin. Osallistujat oppivat vesihuollon lains\u00e4\u00e4d\u00e4nn\u00f6n ja m\u00e4\u00e4r\u00e4ysten perusteet, verkostojen toiminnan, eri materiaalien ja liitososien soveltuvuuden sek\u00e4 suorittavat k\u00e4yt\u00e4nn\u00f6n asennusteht\u00e4vi\u00e4.<\/p>\n\n\n\n<h3 class=\"wp-block-heading\">Koulutuksen tavoite<\/h3>\n\n\n\n<p>Koulutuksen tavoitteena on kehitt\u00e4\u00e4 vesihuoltoverkostojen kunnossapitoa toteuttavien henkil\u00f6iden osaamista k\u00e4yt\u00e4nn\u00f6ss\u00e4. Opiskelija saa perustiedot vesihuoltoa koskevista ajankohtaista m\u00e4\u00e4r\u00e4yksist\u00e4 ja vaatimuksista, vesihuoltoverkoston toiminnasta ja vesihuollon vastuualueista sek\u00e4 palveluista. Koulutuksen p\u00e4\u00e4paino on \u00e4killisten putkirikkojen korjauksissa k\u00e4ytett\u00e4vien materiaalien valinnasta ja asentamisesta k\u00e4yt\u00e4nn\u00f6ss\u00e4.<\/p>\n\n\n\n<div style=\"height:19px\" aria-hidden=\"true\" class=\"wp-block-spacer\"><\/div>\n\n\n\n<h3 class=\"wp-block-heading\">Kohderyhm\u00e4<\/h3>\n\n\n\n<p>Koulutus on suunnattu vesihuoltoverkoston asennus-, huolto- ja korjausteht\u00e4vi\u00e4 toteuttaville henkil\u00f6ille urakoinnissa ja vesilaitoksilla: maarakennuskoneiden kuljettajat, vesihuoltolaitosten asentajat ja ty\u00f6njohtajat.<\/p>\n\n\n\n<div style=\"height:20px\" aria-hidden=\"true\" class=\"wp-block-spacer\"><\/div>\n\n\n\n<h3 class=\"wp-block-heading\">Koulutuksen sis\u00e4lt\u00f6<\/h3>\n\n\n\n<ul class=\"wp-block-list\">\n<li>Vesihuoltoon liittyv\u00e4t lait ja asetukset, niiden ajankohtaiset huomiot<\/li>\n\n\n\n<li>Vesihuoltoverkoston toiminta k\u00e4yt\u00e4nn\u00f6ss\u00e4<\/li>\n\n\n\n<li>Vesilaitoksen ja kiinteist\u00f6jen liittym\u00e4kohdat, laitoksen ja kiinteist\u00f6jen vastuut ja toimenpiteet<\/li>\n\n\n\n<li>Erilaisten vesilaitosten toimintaymp\u00e4rist\u00f6t<\/li>\n\n\n\n<li>Materiaalivalmistajien eri tuotteiden soveltuvuus ja k\u00e4ytt\u00f6.<\/li>\n\n\n\n<li>Erilaisten liitososien k\u00e4ytt\u00f6 ja asentaminen.<\/li>\n\n\n\n<li>Asennusopetus k\u00e4yt\u00e4nn\u00f6n olosuhteissa: vesijohdon asennus, viem\u00e4rin asennus, kaivon vaihto, tonttiliitoksen asennus.<\/li>\n<\/ul>\n\n\n\n<div style=\"height:20px\" aria-hidden=\"true\" class=\"wp-block-spacer\"><\/div>\n\n\n\n<h3 class=\"wp-block-heading\">Koulutuksen toteutus<\/h3>\n\n\n\n<p>Koulutus koostuu kolmesta Teams -verkkoluennosta (a\u20193h), kahdesta l\u00e4hip\u00e4iv\u00e4st\u00e4 sek\u00e4 yhdest\u00e4 p\u00e4iv\u00e4n k\u00e4yt\u00e4nn\u00f6n harjoituksista.<\/p>\n\n\n\n<div style=\"height:20px\" aria-hidden=\"true\" class=\"wp-block-spacer\"><\/div>\n\n\n\n<h3 class=\"wp-block-heading\">Aikataulu<\/h3>\n\n\n\n<figure class=\"wp-block-table\"><table class=\"has-fixed-layout\"><thead><tr><th>Koulutusp\u00e4iv\u00e4n teema:<\/th><th>Milloin?<\/th><th>Miss\u00e4?<\/th><\/tr><\/thead><tbody><tr><td>Koulutuksen info<\/td><td>to 15.1.2026 klo 12.00\u201315.00<\/td><td>Microsoft Teams<\/td><\/tr><tr><td>Liitostekniikat, verkoston osat ja varusteet<\/td><td>to 22.1.2026 klo 9.00\u201315.00<\/td><td>Oulu<\/td><\/tr><tr><td>Vesihuoltoon liittyv\u00e4t m\u00e4\u00e4r\u00e4ykset ja toimintaymp\u00e4rist\u00f6<\/td><td>to 5.2.2026 klo 12.00\u201315.00<\/td><td>Microsoft Teams<\/td><\/tr><tr><td>Verkostokartat, suunnitelma-<br>asiakirjat ja dokumentointi<\/td><td>to 19.2.2026 klo 9.00\u201315.00<\/td><td>Oulu<\/td><\/tr><tr><td>Kaivantoturvallisuus<\/td><td>to 26.2.2026 klo 9.00\u201312.00<\/td><td>Microsoft Teams<\/td><\/tr><tr><td>Kertaus ja k\u00e4yt\u00e4nn\u00f6n<br>harjoitukset, koulutuksen<br>p\u00e4\u00e4t\u00f6s<\/td><td>to 12.3.2026 klo 9.00\u201315.00<\/td><td>Oulu<\/td><\/tr><\/tbody><\/table><\/figure>\n\n\n\n<div style=\"height:20px\" aria-hidden=\"true\" class=\"wp-block-spacer\"><\/div>\n\n\n\n<h3 class=\"wp-block-heading\">Koulutuksen hinta<\/h3>\n\n\n\n<figure class=\"wp-block-image is-resized\"><img decoding=\"async\" src=\"https:\/\/ssl.eventilla.com\/filebrowser\/file?h=xDree&amp;f=20250131095028_86593bd4b46271d85efa7c35082918fb.png\" alt=\"jotpa-logo.png\" style=\"width:300px;height:120px\"\/><\/figure>\n\n\n\n<p>Koulutus on osallistujille <strong>maksuton.<\/strong><\/p>\n\n\n\n<p>Koulutus on Jatkuvan oppimisen ja ty\u00f6llisyyden palvelukeskuksen rahoittama (JOTPA). Jatkuvan oppimisen ja ty\u00f6llisyyden palvelukeskus edist\u00e4\u00e4 ty\u00f6ik\u00e4isten osaamisen kehitt\u00e4mist\u00e4 ja osaavan ty\u00f6voiman saatavuutta. Palvelukeskuksen toimintaa ohjaavat opetus- ja kulttuuriministeri\u00f6 sek\u00e4 ty\u00f6- ja elinkeinoministeri\u00f6.<\/p>\n\n\n\n<div style=\"height:20px\" aria-hidden=\"true\" class=\"wp-block-spacer\"><\/div>\n\n\n\n<h3 class=\"wp-block-heading\">Ilmoittautuminen:<\/h3>\n\n\n\n<p><strong>Ilmoittautuminen koulutukseen on p\u00e4\u00e4ttynyt!<\/strong><\/p>\n\n\n\n<div style=\"height:20px\" aria-hidden=\"true\" class=\"wp-block-spacer\"><\/div>\n\n\n\n<h3 class=\"wp-block-heading\">Lis\u00e4tietoja:&nbsp;<\/h3>\n\n\n\n<p><strong>TTS Ty\u00f6tehoseura \u2013<\/strong> <a href=\"https:\/\/www.tts.fi\" target=\"_blank\" rel=\"noreferrer noopener\">www.tts.fi<\/a><br>Jaakko Suomela<br>asiakkuusp\u00e4\u00e4llikk\u00f6<br><a href=\"mailto:jaakko.suomela@tts.fi\" target=\"_blank\" rel=\"noreferrer noopener\">jaakko.suomela@tts.fi<\/a><br>041 732 5642<\/p>\n\n\n\n<p><br><strong>Suomen Ymp\u00e4rist\u00f6opisto SYKLI \u2013<\/strong> <a href=\"https:\/\/www.sykli.fi\" target=\"_blank\" rel=\"noreferrer noopener\">www.sykli.fi<\/a><br>Risto Ponto&nbsp;<br>vesihuollon kouluttaja<br><a href=\"mailto:risto.ponto@sykli.fi\" target=\"_blank\" rel=\"noreferrer noopener\">risto.ponto@sylki.fi<\/a><br>050 387 9555&nbsp;<\/p>\n","protected":false},"excerpt":{"rendered":"<p>T\u00e4m\u00e4 t\u00e4ydennyskoulutus tarjoaa maarakentajille mahdollisuuden syvent\u00e4\u00e4 osaamistaan vesihuoltoverkostojen kunnossapidossa ja korjaust\u00f6iss\u00e4. Koulutus yhdist\u00e4\u00e4 ajankohtaista teoriatietoa ja k\u00e4yt\u00e4nn\u00f6n asennustaitoja, jotka vastaavat [&hellip;]<\/p>\n","protected":false},"author":10,"featured_media":70191,"parent":64506,"menu_order":0,"comment_status":"closed","ping_status":"closed","template":"","meta":{"_acf_changed":false,"footnotes":""},"class_list":["post-70190","page","type-page","status-publish","has-post-thumbnail","hentry"],"acf":[],"_links":{"self":[{"href":"https:\/\/sykli.fi\/demo\/wp-json\/wp\/v2\/pages\/70190","targetHints":{"allow":["GET"]}}],"collection":[{"href":"https:\/\/sykli.fi\/demo\/wp-json\/wp\/v2\/pages"}],"about":[{"href":"https:\/\/sykli.fi\/demo\/wp-json\/wp\/v2\/types\/page"}],"author":[{"embeddable":true,"href":"https:\/\/sykli.fi\/demo\/wp-json\/wp\/v2\/users\/10"}],"replies":[{"embeddable":true,"href":"https:\/\/sykli.fi\/demo\/wp-json\/wp\/v2\/comments?post=70190"}],"version-history":[{"count":10,"href":"https:\/\/sykli.fi\/demo\/wp-json\/wp\/v2\/pages\/70190\/revisions"}],"predecessor-version":[{"id":73227,"href":"https:\/\/sykli.fi\/demo\/wp-json\/wp\/v2\/pages\/70190\/revisions\/73227"}],"up":[{"embeddable":true,"href":"https:\/\/sykli.fi\/demo\/wp-json\/wp\/v2\/pages\/64506"}],"wp:featuredmedia":[{"embeddable":true,"href":"https:\/\/sykli.fi\/demo\/wp-json\/wp\/v2\/media\/70191"}],"wp:attachment":[{"href":"https:\/\/sykli.fi\/demo\/wp-json\/wp\/v2\/media?parent=70190"}],"curies":[{"name":"wp","href":"https:\/\/api.w.org\/{rel}","templated":true}]}}