{"id":70103,"date":"2025-01-29T10:36:01","date_gmt":"2025-01-29T08:36:01","guid":{"rendered":"https:\/\/sykli.fi\/?page_id=70103"},"modified":"2026-03-13T13:18:48","modified_gmt":"2026-03-13T11:18:48","slug":"kiertava-kivi-puhtaan-siirtyman-osaamista-kaivosalalle","status":"publish","type":"page","link":"https:\/\/sykli.fi\/demo\/hakijalle\/haku-jotpa-koulutuksiin\/kiertava-kivi-puhtaan-siirtyman-osaamista-kaivosalalle\/","title":{"rendered":"700917 KIERT\u00c4V\u00c4 KIVI \u2013 Puhtaan siirtym\u00e4n osaamista kaivosalalle"},"content":{"rendered":"\r\n<section id=\"hero-block_211165acb6e39ac46f5936ac1a0bae9e\" class=\"hero site-banner section-default default alignfull\">\r\n\r\n    <div class=\"site-banner-bg section-bg-image \" >\r\n\r\n        <img loading=\"lazy\" decoding=\"async\" width=\"2560\" height=\"1441\" src=\"https:\/\/sykli.fi\/demo\/wp-content\/uploads\/2025\/01\/Kiertava-kivi-jotpa-scaled.jpg\" class=\"attachment-1536\u00d71536 size-1536\u00d71536\" alt=\"\" srcset=\"https:\/\/sykli.fi\/demo\/wp-content\/uploads\/2025\/01\/Kiertava-kivi-jotpa-scaled.jpg 2560w, https:\/\/sykli.fi\/demo\/wp-content\/uploads\/2025\/01\/Kiertava-kivi-jotpa-300x169.jpg 300w, https:\/\/sykli.fi\/demo\/wp-content\/uploads\/2025\/01\/Kiertava-kivi-jotpa-1024x577.jpg 1024w, https:\/\/sykli.fi\/demo\/wp-content\/uploads\/2025\/01\/Kiertava-kivi-jotpa-768x432.jpg 768w, https:\/\/sykli.fi\/demo\/wp-content\/uploads\/2025\/01\/Kiertava-kivi-jotpa-1536x865.jpg 1536w, https:\/\/sykli.fi\/demo\/wp-content\/uploads\/2025\/01\/Kiertava-kivi-jotpa-2048x1153.jpg 2048w\" sizes=\"auto, (max-width: 2560px) 100vw, 2560px\" \/>\r\n        \r\n        \r\n            <div class=\"site-banner-content container\">\r\n                <div class=\"row w-100\">\r\n                    <div class=\"col-md-12\">\r\n                        <div class=\"hero-text-overlay\">\r\n                                                                <h1 class=\"hero-title\">700917 KIERT\u00c4V\u00c4 KIVI \u2013 Puhtaan siirtym\u00e4n osaamista kaivosalalle<\/h1>\r\n                            <div class=\"inner-content\">\r\n                            <div class=\"acf-innerblocks-container\">\n\n<p>Maksuton verkkokoulutus<\/p>\n\n<\/div>\r\n                        <\/div>                        <\/div>\r\n                    <\/div>\r\n                <\/div>\r\n            <\/div>\r\n\r\n        <\/section>\n\n\n<h3 class=\"wp-block-heading has-yellow-background-color has-background\"><strong>Koulutus on p\u00e4\u00e4ttynyt 28.2.2026!<\/strong><br>Kysy alkavista koulutuksista:\u00a0<a href=\"mailto:yritys-ja-urapalvelut@sykli.fi\">yritys-ja-urapalvelut@sykli.fi<\/a><\/h3>\n\n\n\n<div style=\"height:73px\" aria-hidden=\"true\" class=\"wp-block-spacer\"><\/div>\n\n\n\n<div class=\"wp-block-group\"><div class=\"wp-block-group__inner-container is-layout-constrained wp-block-group-is-layout-constrained\">\n<figure class=\"wp-block-image size-medium\"><img loading=\"lazy\" decoding=\"async\" width=\"300\" height=\"79\" src=\"https:\/\/sykli.fi\/demo\/wp-content\/uploads\/2025\/01\/EU_disclaimer_kestavakasvu_FI_black1-300x79.png\" alt=\"\" class=\"wp-image-70136\" srcset=\"https:\/\/sykli.fi\/demo\/wp-content\/uploads\/2025\/01\/EU_disclaimer_kestavakasvu_FI_black1-300x79.png 300w, https:\/\/sykli.fi\/demo\/wp-content\/uploads\/2025\/01\/EU_disclaimer_kestavakasvu_FI_black1-1024x269.png 1024w, https:\/\/sykli.fi\/demo\/wp-content\/uploads\/2025\/01\/EU_disclaimer_kestavakasvu_FI_black1-768x202.png 768w, https:\/\/sykli.fi\/demo\/wp-content\/uploads\/2025\/01\/EU_disclaimer_kestavakasvu_FI_black1.png 1330w\" sizes=\"auto, (max-width: 300px) 100vw, 300px\" \/><\/figure>\n\n\n\n<p style=\"font-style:normal;font-weight:500\"><\/p>\n\n\n\n<p><strong>Haluatko olla mukana rakentamassa kest\u00e4v\u00e4mp\u00e4\u00e4 tulevaisuutta kaivosalalla? T\u00e4m\u00e4 koulutus antaa sinulle valmiudet hy\u00f6dynt\u00e4\u00e4 puhtaan siirtym\u00e4n osaamista k\u00e4yt\u00e4nn\u00f6n ty\u00f6ss\u00e4. Ilmoittaudu maksuttomaan <em>KIERT\u00c4V\u00c4 KIVI \u2013 Puhtaan siirtym\u00e4n osaamista kaivosalalle<\/em> -koulutukseen!<\/strong><\/p>\n\n\n\n<p>Koulutuksessa opit, miten kest\u00e4v\u00e4n kaivostoiminnan periaatteet, kuten kiertotalousratkaisut ja hiilineutraaliuden tavoittelu, voidaan vied\u00e4 osaksi arjen ty\u00f6t\u00e4. Saat konkreettisia ty\u00f6kaluja ja n\u00e4k\u00f6kulmia, joiden avulla voit kehitt\u00e4\u00e4 omaa ty\u00f6t\u00e4si ja parantaa organisaation tuottavuutta ja tehokkuutta \u2013 my\u00f6s nopeasti muuttuvassa toimintaymp\u00e4rist\u00f6ss\u00e4.<\/p>\n<\/div><\/div>\n\n\n\n<div class=\"wp-block-group\"><div class=\"wp-block-group__inner-container is-layout-constrained wp-block-group-is-layout-constrained\">\n<p>Huomaathan, ett\u00e4 et voi osallistua JOTPA-koulutukseen, jos opiskelet p\u00e4\u00e4toimisesti tutkintoon johtavassa koulutuksessa, kuten ammatti- tai erikoisammattitutkintoon valmistavassa koulutuksessa.<\/p>\n<\/div><\/div>\n\n\n\n<div class=\"wp-block-group\"><div class=\"wp-block-group__inner-container is-layout-constrained wp-block-group-is-layout-constrained\">\n<hr class=\"wp-block-separator has-alpha-channel-opacity is-style-wide\"\/>\n\n\n\n<h2 class=\"wp-block-heading\">Kenelle?<\/h2>\n\n\n\n<p>Koulutus on tarkoitettu kaikille kaivannaisalasta kiinnostuneille. Se sopii alalla ty\u00f6skenteleville, sille aikoville sek\u00e4 kaivosalan verkostoille.&nbsp;<\/p>\n\n\n\n<hr class=\"wp-block-separator has-alpha-channel-opacity is-style-wide\"\/>\n\n\n\n<h2 class=\"wp-block-heading\">Koulutuksen suorittaminen<\/h2>\n\n\n\n<p>Koulutus toteutetaan p\u00e4\u00e4osin verkossa ja webinaareina. Koulutukseen sis\u00e4ltyy my\u00f6s yksi valinnainen l\u00e4hiopetusp\u00e4iv\u00e4 Rovaniemell\u00e4. <\/p>\n\n\n\n<p>Jokainen koulutuksen suorittanut saa todistuksen.<\/p>\n\n\n\n<hr class=\"wp-block-separator has-alpha-channel-opacity is-style-wide\"\/>\n\n\n\n<h2 class=\"wp-block-heading\">Koulutuksen kesto ja sis\u00e4lt\u00f6<\/h2>\n\n\n\n<p>Koulutukseen p\u00e4\u00e4set mukaan joustavalla aloituksella, oman aikataulusi mukaisesti. Koulutuksen kesto riippuu valitsemistasi koulutusosioista ja koulutuksen enimm\u00e4iskesto on noin 6 kuukautta. Opintojen tulee olla suoritettuna 28.2.2026 menness\u00e4.<\/p>\n\n\n\n<p>Esimerkkej\u00e4 koulutuksen teemoista:<\/p>\n\n\n\n<ul class=\"wp-block-list\">\n<li>Johdanto kest\u00e4v\u00e4\u00e4n kehitykseen<\/li>\n\n\n\n<li>Kaivosalan muuttuva toimintaymp\u00e4rist\u00f6<\/li>\n\n\n\n<li>Projektien johtaminen<\/li>\n\n\n\n<li>Puhtaan siirtym\u00e4n markkinat<\/li>\n\n\n\n<li>Kiertotalous<\/li>\n\n\n\n<li>Resurssitehokkuus<\/li>\n\n\n\n<li>V\u00e4h\u00e4hiilisyys<\/li>\n<\/ul>\n\n\n\n<p>Koulutus on osallistujille&nbsp;<strong>maksuton.&nbsp;<\/strong><\/p>\n\n\n\n<p><strong>Koulutuksen webinaareissa on puhumassa mm. seuraavia asiantuntijoita:<\/strong><\/p>\n\n\n\n<p>Vastuullisuusraportointi-webinaarissa&nbsp;EU:n taksonomiasta puhuvat&nbsp;Ty\u00f6- ja elinkeinoministeri\u00f6st\u00e4 <strong>Teo Kangaspunta&nbsp;<\/strong>sek\u00e4&nbsp;<strong>Siina Lepola-L\u00e5ng<\/strong>. Teo on johtava asiantuntija Innovaatiot ja yritysrahoitusosastolla Teollisuuspolitiikka-ryhm\u00e4ss\u00e4 ja Siina toimii erityisasiantuntija samassa yksik\u00f6ss\u00e4.<\/p>\n\n\n\n<p>Kiertotalous kaivosalalla<em> &#8211;<\/em>osuudessa on puhumassa&nbsp;<strong>Tommi Kauppila<\/strong>&nbsp;ja h\u00e4n toimii tutkimusprofessorina Geologian tutkimuskeskus GTK:ssa.<\/p>\n\n\n\n<div class=\"wp-block-buttons is-layout-flex wp-block-buttons-is-layout-flex\">\n<div class=\"wp-block-button\"><a class=\"wp-block-button__link wp-element-button\" href=\"https:\/\/sykli.fi\/demo\/wp-content\/uploads\/2025\/05\/Kiertava-Kivi-koulutuksen-sisallot-22.5.2025.pdf\" target=\"_blank\" rel=\"noreferrer noopener\">\ud83d\udc49 Tutustu koulutuksen sis\u00e4lt\u00f6\u00f6n<\/a><\/div>\n<\/div>\n\n\n\n<div class=\"wp-block-buttons is-layout-flex wp-block-buttons-is-layout-flex\">\n<div class=\"wp-block-button\"><a class=\"wp-block-button__link wp-element-button\" href=\"https:\/\/sykli.fi\/demo\/wp-content\/uploads\/2025\/05\/Kiertava-Kivi-koulutuskalenteri-22.5.2025.pdf\" target=\"_blank\" rel=\"noreferrer noopener\">\ud83d\udc49 Katso koulutuksen aikataulu<\/a><\/div>\n<\/div>\n\n\n\n<hr class=\"wp-block-separator has-alpha-channel-opacity is-style-wide\"\/>\n\n\n\n<p>Koulutus on Euroopan unionin &#8211; NextGenerationEU ja Jatkuvan oppimisen ja ty\u00f6llisyyden palvelukeskuksen (JOTPA) rahoittama. Jatkuvan oppimisen ja ty\u00f6llisyyden palvelukeskus edist\u00e4\u00e4 ty\u00f6ik\u00e4isten osaamisen kehitt\u00e4mist\u00e4 ja osaavan ty\u00f6voiman saatavuutta. Palvelukeskuksen toimintaa ohjaavat opetus- ja kulttuuriministeri\u00f6 sek\u00e4 ty\u00f6- ja elinkeinoministeri\u00f6.<\/p>\n\n\n\n<hr class=\"wp-block-separator has-alpha-channel-opacity is-style-wide\"\/>\n<\/div><\/div>\n\n\n\n<h2 class=\"wp-block-heading\" id=\"podcastkestavakaivos\">\ud83c\udfa7 Podcast: Kest\u00e4v\u00e4 kaivos<\/h2>\n\n\n\n<p>T\u00e4m\u00e4 muutama osainen podcast -sarja sopii erityisesti kaivosalalla toimiville asiantuntijoille, kaivosalan alihankijoille, opiskelijoille sek\u00e4 kaivosalan kehityksest\u00e4 kiinnostuneille henkil\u00f6ille.<\/p>\n\n\n\n<div class=\"wp-block-group\"><div class=\"wp-block-group__inner-container is-layout-constrained wp-block-group-is-layout-constrained\">\n<div class=\"wp-block-columns has-small-font-size is-layout-flex wp-container-core-columns-is-layout-9d6595d7 wp-block-columns-is-layout-flex\">\n<div class=\"wp-block-column is-vertically-aligned-top has-small-font-size is-layout-flow wp-block-column-is-layout-flow\" style=\"flex-basis:50%\">\n<h2 class=\"wp-block-heading\" style=\"font-size:16px\">Voiko kaivostoiminnan ja luonnon yhdist\u00e4\u00e4? &#8211; Haastateltavana Noora Ahola<\/h2>\n\n\n\n<iframe style=\"border-radius:12px\" src=\"https:\/\/open.spotify.com\/embed\/episode\/6dwaIaebbCV4AqSx8yPLfp?utm_source=generator\" width=\"100%\" height=\"152\" frameBorder=\"0\" allowfullscreen=\"\" allow=\"autoplay; clipboard-write; encrypted-media; fullscreen; picture-in-picture\" loading=\"lazy\"><\/iframe>\n\n\n\n<p class=\"has-text-align-left has-small-font-size\"><strong>Jakso 1.<\/strong> Malminetsint\u00e4yhti\u00f6n Mawsonin toimitusjohtaja Noora Ahola ja Syklin kest\u00e4v\u00e4n kehityksen asiantuntija Aura Piha keskustelevat kaivosalan ymp\u00e4rist\u00f6vaikutuksista, vuorovaikutuksesta ja tarvittavasta tulevaisuuden osaamisesta.&nbsp;<\/p>\n<\/div>\n\n\n\n<div class=\"wp-block-column is-layout-flow wp-block-column-is-layout-flow\" style=\"flex-basis:50%\">\n<h2 class=\"wp-block-heading\" style=\"font-size:16px\">Kaivosalan kest\u00e4vyysohjelma, metallien j\u00e4ljitett\u00e4vyys ja ylikulutuksen haasteet &#8211; Haastateltavana Linda Smids<\/h2>\n\n\n\n<iframe style=\"border-radius:12px\" src=\"https:\/\/open.spotify.com\/embed\/episode\/6XjPLxD3WljpdPrUgkW1Px?utm_source=generator\" width=\"100%\" height=\"152\" frameBorder=\"0\" allowfullscreen=\"\" allow=\"autoplay; clipboard-write; encrypted-media; fullscreen; picture-in-picture\" loading=\"lazy\"><\/iframe>\n\n\n\n<p><strong>Jakso 2.<\/strong> Kest\u00e4v\u00e4 kaivos -podcastin toisessa jaksossa haastatellaan Kaivosteollisuus Ry:n Linda Smidsi\u00e4 Towards Sustainable Mining -kest\u00e4vyysohjelmasta ja sen riitt\u00e4vyydest\u00e4 kest\u00e4v\u00e4n kaivosteollisuuden takaamiseksi. Lis\u00e4ksi pohditaan kaivosalan roolia ylikulutuksen hillitsemisess\u00e4, yhteiskunnallisessa keskustelussa ja kaivannaisten j\u00e4ljitett\u00e4vyyden kehitt\u00e4misess\u00e4.<\/p>\n<\/div>\n<\/div>\n<\/div><\/div>\n\n\n\n<div class=\"wp-block-columns is-layout-flex wp-container-core-columns-is-layout-9d6595d7 wp-block-columns-is-layout-flex\">\n<div class=\"wp-block-column is-layout-flow wp-block-column-is-layout-flow\">\n<h2 class=\"wp-block-heading\" style=\"font-size:16px\">Voiko alueesta tulla kelvollinen virkistysalue kaivoksen sulkemisen j\u00e4lkeen? &nbsp;Haastateltavana Tommi Kauppila<\/h2>\n\n\n\n<iframe data-testid=\"embed-iframe\" style=\"border-radius:12px\" src=\"https:\/\/open.spotify.com\/embed\/episode\/63fa7ejcZNgsfIuwTn1J8V?utm_source=generator\" width=\"100%\" height=\"152\" frameBorder=\"0\" allowfullscreen=\"\" allow=\"autoplay; clipboard-write; encrypted-media; fullscreen; picture-in-picture\" loading=\"lazy\"><\/iframe>\n\n\n\n<p class=\"has-small-font-size\"><strong>Jakso 3.<\/strong> Kest\u00e4v\u00e4 kaivos -podcastin kolmannessa jaksossa haastatellaan tutkimusprofessori Tommi Kauppilaa Geologian Tutkimuskeskuksesta. Kaivosalalla kuulee sanottavan, ett\u00e4 \u201ckaivoksen sulkeminen alkaa jo ennen kuin se avataan.\u201d Kauppilan kanssa pohditaan kaivoksen elinkaaren loppup\u00e4\u00e4t\u00e4, integroitua sulkemista ja sit\u00e4, voiko kaivos j\u00e4tt\u00e4\u00e4 j\u00e4lkeens\u00e4 <em>positiivisen perinn\u00f6n<\/em>.<\/p>\n<\/div>\n\n\n\n<div class=\"wp-block-column is-layout-flow wp-block-column-is-layout-flow\">\n<h2 class=\"wp-block-heading\" style=\"font-size:16px\">Kiertotalous kaivosalalla: haasteita ja ratkaisuja \u2013 Haastateltavana Tommi Kauppila<\/h2>\n\n\n\n<iframe data-testid=\"embed-iframe\" style=\"border-radius:12px\" src=\"https:\/\/open.spotify.com\/embed\/episode\/0pJve81iCCU00jfjimPazd?utm_source=generator\" width=\"100%\" height=\"152\" frameBorder=\"0\" allowfullscreen=\"\" allow=\"autoplay; clipboard-write; encrypted-media; fullscreen; picture-in-picture\" loading=\"lazy\"><\/iframe>\n\n\n\n<p class=\"has-small-font-size\"><strong>Jakso 3 (bonus).<\/strong> Kest\u00e4v\u00e4 kaivos -podcastin bonusjaksossa jatketaan tutkimusprofessori Tommi Kauppilan kanssa, t\u00e4ll\u00e4 kertaa kaivoksen kiertotaloudesta, h\u00e4nen erityisalastaan. 75 % Suomesta tuotetusta j\u00e4tteest\u00e4 on kaivannaisteollisuuden j\u00e4tteit\u00e4. Niinp\u00e4 kiertotalous on kaivosalalla erityisen t\u00e4rke\u00e4\u00e4 \u2013 mutta my\u00f6s erityisen haastavaa.&nbsp;<\/p>\n<\/div>\n<\/div>\n\n\n\n<hr class=\"wp-block-separator has-alpha-channel-opacity is-style-wide\"\/>\n\n\n<h2>Lis\u00e4tietoa koulutuksesta<\/h2>\r\n<div class=\"row\">\r\n                                <div class=\"col-md-6\">\r\n                    <div class=\"staff-box\">\r\n                        <div class=\"row\">\r\n                            <div class=\"col-4\">\r\n                                <img loading=\"lazy\" decoding=\"async\" width=\"150\" height=\"250\" src=\"https:\/\/sykli.fi\/demo\/wp-content\/uploads\/2022\/09\/terhi-liettila-2019-nettisivuille-mv.jpg\" class=\"attachment-post-thumbnail size-post-thumbnail wp-post-image\" alt=\"\" \/>                            <\/div>\r\n                            <div class=\"col-8\">\r\n                                <h3>Terhi Liettil\u00e4<\/h3>\r\n                                Asiantuntija, ratkaisut ja kumppanuudet                                <ul>\r\n                                    <li><svg xmlns=\"http:\/\/www.w3.org\/2000\/svg\" width=\"16\" height=\"16\" fill=\"currentColor\" class=\"bi bi-telephone-fill\" viewBox=\"0 0 16 16\">\r\n                                <path fill-rule=\"evenodd\" d=\"M1.885.511a1.745 1.745 0 0 1 2.61.163L6.29 2.98c.329.423.445.974.315 1.494l-.547 2.19a.678.678 0 0 0 .178.643l2.457 2.457a.678.678 0 0 0 .644.178l2.189-.547a1.745 1.745 0 0 1 1.494.315l2.306 1.794c.829.645.905 1.87.163 2.611l-1.034 1.034c-.74.74-1.846 1.065-2.877.702a18.634 18.634 0 0 1-7.01-4.42 18.634 18.634 0 0 1-4.42-7.009c-.362-1.03-.037-2.137.703-2.877L1.885.511z\"\/>\r\n                              <\/svg> <a href=\"tel:+358469227696\">046 922 7696<\/a><\/li><li><svg xmlns=\"http:\/\/www.w3.org\/2000\/svg\" width=\"16\" height=\"16\" fill=\"currentColor\" class=\"bi bi-envelope-fill\" viewBox=\"0 0 16 16\">\r\n                                <path d=\"M.05 3.555A2 2 0 0 1 2 2h12a2 2 0 0 1 1.95 1.555L8 8.414.05 3.555ZM0 4.697v7.104l5.803-3.558L0 4.697ZM6.761 8.83l-6.57 4.027A2 2 0 0 0 2 14h12a2 2 0 0 0 1.808-1.144l-6.57-4.027L8 9.586l-1.239-.757Zm3.436-.586L16 11.801V4.697l-5.803 3.546Z\"\/>\r\n                              <\/svg> <a href=\"mailto:terhi.liettila@sykli.fi\">terhi.liettila@sykli.fi<\/a><\/li>                                <\/ul>\r\n                            <\/div>\r\n                        <\/div>\r\n                    <\/div>\r\n                <\/div>\r\n                                <div class=\"col-md-6\">\r\n                    <div class=\"staff-box\">\r\n                        <div class=\"row\">\r\n                            <div class=\"col-4\">\r\n                                <img loading=\"lazy\" decoding=\"async\" width=\"1280\" height=\"1920\" src=\"https:\/\/sykli.fi\/demo\/wp-content\/uploads\/2022\/09\/saarnia-1-2.jpg\" class=\"attachment-post-thumbnail size-post-thumbnail wp-post-image\" alt=\"\" srcset=\"https:\/\/sykli.fi\/demo\/wp-content\/uploads\/2022\/09\/saarnia-1-2.jpg 1280w, https:\/\/sykli.fi\/demo\/wp-content\/uploads\/2022\/09\/saarnia-1-2-200x300.jpg 200w, https:\/\/sykli.fi\/demo\/wp-content\/uploads\/2022\/09\/saarnia-1-2-683x1024.jpg 683w, https:\/\/sykli.fi\/demo\/wp-content\/uploads\/2022\/09\/saarnia-1-2-768x1152.jpg 768w, https:\/\/sykli.fi\/demo\/wp-content\/uploads\/2022\/09\/saarnia-1-2-1024x1536.jpg 1024w\" sizes=\"auto, (max-width: 1280px) 100vw, 1280px\" \/>                            <\/div>\r\n                            <div class=\"col-8\">\r\n                                <h3>Jane Saarnia<\/h3>\r\n                                Johtaja, ratkaisut ja kumppanuudet                                <ul>\r\n                                    <li><svg xmlns=\"http:\/\/www.w3.org\/2000\/svg\" width=\"16\" height=\"16\" fill=\"currentColor\" class=\"bi bi-telephone-fill\" viewBox=\"0 0 16 16\">\r\n                                <path fill-rule=\"evenodd\" d=\"M1.885.511a1.745 1.745 0 0 1 2.61.163L6.29 2.98c.329.423.445.974.315 1.494l-.547 2.19a.678.678 0 0 0 .178.643l2.457 2.457a.678.678 0 0 0 .644.178l2.189-.547a1.745 1.745 0 0 1 1.494.315l2.306 1.794c.829.645.905 1.87.163 2.611l-1.034 1.034c-.74.74-1.846 1.065-2.877.702a18.634 18.634 0 0 1-7.01-4.42 18.634 18.634 0 0 1-4.42-7.009c-.362-1.03-.037-2.137.703-2.877L1.885.511z\"\/>\r\n                              <\/svg> <a href=\"tel:+358400678705\">0400 678 705<\/a><\/li><li><svg xmlns=\"http:\/\/www.w3.org\/2000\/svg\" width=\"16\" height=\"16\" fill=\"currentColor\" class=\"bi bi-envelope-fill\" viewBox=\"0 0 16 16\">\r\n                                <path d=\"M.05 3.555A2 2 0 0 1 2 2h12a2 2 0 0 1 1.95 1.555L8 8.414.05 3.555ZM0 4.697v7.104l5.803-3.558L0 4.697ZM6.761 8.83l-6.57 4.027A2 2 0 0 0 2 14h12a2 2 0 0 0 1.808-1.144l-6.57-4.027L8 9.586l-1.239-.757Zm3.436-.586L16 11.801V4.697l-5.803 3.546Z\"\/>\r\n                              <\/svg> <a href=\"mailto:jane.saarnia@sykli.fi\">jane.saarnia@sykli.fi<\/a><\/li>                                <\/ul>\r\n                            <\/div>\r\n                        <\/div>\r\n                    <\/div>\r\n                <\/div>\r\n    <\/div>\n\n\n<div class=\"wp-block-group\"><div class=\"wp-block-group__inner-container is-layout-constrained wp-block-group-is-layout-constrained\"><div class=\"wp-block-image\">\n<figure class=\"alignleft size-full is-resized\"><img loading=\"lazy\" decoding=\"async\" width=\"1024\" height=\"290\" src=\"https:\/\/sykli.fi\/demo\/wp-content\/uploads\/2025\/05\/image.png\" alt=\"T\u00e4m\u00e4n kuvan alt-attribuutti on tyhj\u00e4; Tiedoston nimi on Kiertava-kivi-logot-1024x290.png\" class=\"wp-image-71212\" style=\"width:436px;height:123px\" srcset=\"https:\/\/sykli.fi\/demo\/wp-content\/uploads\/2025\/05\/image.png 1024w, https:\/\/sykli.fi\/demo\/wp-content\/uploads\/2025\/05\/image-300x85.png 300w, https:\/\/sykli.fi\/demo\/wp-content\/uploads\/2025\/05\/image-768x218.png 768w\" sizes=\"auto, (max-width: 1024px) 100vw, 1024px\" \/><\/figure>\n<\/div>\n\n\n<div class=\"wp-block-group\"><div class=\"wp-block-group__inner-container is-layout-constrained wp-block-group-is-layout-constrained\"><div class=\"wp-block-image\">\n<figure class=\"alignleft size-medium is-resized\"><img loading=\"lazy\" decoding=\"async\" width=\"300\" height=\"120\" src=\"https:\/\/sykli.fi\/demo\/wp-content\/uploads\/2025\/01\/rahoittaja-jotpa-300x120.png\" alt=\"\" class=\"wp-image-70129\" style=\"width:308px;height:123px\" srcset=\"https:\/\/sykli.fi\/demo\/wp-content\/uploads\/2025\/01\/rahoittaja-jotpa-300x120.png 300w, https:\/\/sykli.fi\/demo\/wp-content\/uploads\/2025\/01\/rahoittaja-jotpa-1024x410.png 1024w, https:\/\/sykli.fi\/demo\/wp-content\/uploads\/2025\/01\/rahoittaja-jotpa-768x307.png 768w, https:\/\/sykli.fi\/demo\/wp-content\/uploads\/2025\/01\/rahoittaja-jotpa-1536x615.png 1536w, https:\/\/sykli.fi\/demo\/wp-content\/uploads\/2025\/01\/rahoittaja-jotpa-2048x820.png 2048w\" sizes=\"auto, (max-width: 300px) 100vw, 300px\" \/><\/figure>\n<\/div><\/div><\/div>\n<\/div><\/div>\n","protected":false},"excerpt":{"rendered":"<p>Koulutus on p\u00e4\u00e4ttynyt 28.2.2026!Kysy alkavista koulutuksista:\u00a0yritys-ja-urapalvelut@sykli.fi Haluatko olla mukana rakentamassa kest\u00e4v\u00e4mp\u00e4\u00e4 tulevaisuutta kaivosalalla? T\u00e4m\u00e4 koulutus antaa sinulle valmiudet hy\u00f6dynt\u00e4\u00e4 puhtaan [&hellip;]<\/p>\n","protected":false},"author":10,"featured_media":70108,"parent":64506,"menu_order":0,"comment_status":"closed","ping_status":"closed","template":"","meta":{"_acf_changed":false,"footnotes":""},"class_list":["post-70103","page","type-page","status-publish","has-post-thumbnail","hentry"],"acf":[],"_links":{"self":[{"href":"https:\/\/sykli.fi\/demo\/wp-json\/wp\/v2\/pages\/70103","targetHints":{"allow":["GET"]}}],"collection":[{"href":"https:\/\/sykli.fi\/demo\/wp-json\/wp\/v2\/pages"}],"about":[{"href":"https:\/\/sykli.fi\/demo\/wp-json\/wp\/v2\/types\/page"}],"author":[{"embeddable":true,"href":"https:\/\/sykli.fi\/demo\/wp-json\/wp\/v2\/users\/10"}],"replies":[{"embeddable":true,"href":"https:\/\/sykli.fi\/demo\/wp-json\/wp\/v2\/comments?post=70103"}],"version-history":[{"count":10,"href":"https:\/\/sykli.fi\/demo\/wp-json\/wp\/v2\/pages\/70103\/revisions"}],"predecessor-version":[{"id":73905,"href":"https:\/\/sykli.fi\/demo\/wp-json\/wp\/v2\/pages\/70103\/revisions\/73905"}],"up":[{"embeddable":true,"href":"https:\/\/sykli.fi\/demo\/wp-json\/wp\/v2\/pages\/64506"}],"wp:featuredmedia":[{"embeddable":true,"href":"https:\/\/sykli.fi\/demo\/wp-json\/wp\/v2\/media\/70108"}],"wp:attachment":[{"href":"https:\/\/sykli.fi\/demo\/wp-json\/wp\/v2\/media?parent=70103"}],"curies":[{"name":"wp","href":"https:\/\/api.w.org\/{rel}","templated":true}]}}