{"id":70,"date":"2022-04-12T15:10:50","date_gmt":"2022-04-12T12:10:50","guid":{"rendered":"http:\/\/localhost\/sykli\/?page_id=70"},"modified":"2023-04-20T14:59:28","modified_gmt":"2023-04-20T11:59:28","slug":"sykli-%d1%8d%d0%ba%d1%81%d0%bf%d0%b5%d1%80%d1%82%d1%8b-%d0%b2-%d0%be%d0%b1%d0%bb%d0%b0%d1%81%d1%82%d0%b8-%d1%80%d0%b0%d0%b7%d0%b2%d0%b8%d1%82%d0%b8%d1%8f-%d0%be%d0%ba%d1%80%d1%83%d0%b6%d0%b0","status":"publish","type":"page","link":"https:\/\/sykli.fi\/demo\/sykli-%d1%8d%d0%ba%d1%81%d0%bf%d0%b5%d1%80%d1%82%d1%8b-%d0%b2-%d0%be%d0%b1%d0%bb%d0%b0%d1%81%d1%82%d0%b8-%d1%80%d0%b0%d0%b7%d0%b2%d0%b8%d1%82%d0%b8%d1%8f-%d0%be%d0%ba%d1%80%d1%83%d0%b6%d0%b0\/","title":{"rendered":"SYKLI \u2013 \u044d\u043a\u0441\u043f\u0435\u0440\u0442\u044b \u0432 \u043e\u0431\u043b\u0430\u0441\u0442\u0438 \u0440\u0430\u0437\u0432\u0438\u0442\u0438\u044f \u043e\u043a\u0440\u0443\u0436\u0430\u044e\u0449\u0435\u0439 \u0441\u0440\u0435\u0434\u044b"},"content":{"rendered":"\r\n<section id=\"hero-block_994079717eceedc80459b52d78f1411a\" class=\"hero site-banner section-default default alignfull\">\r\n\r\n    <div class=\"site-banner-bg section-bg-image \" >\r\n\r\n        <img loading=\"lazy\" decoding=\"async\" width=\"1920\" height=\"1280\" src=\"https:\/\/sykli.fi\/demo\/wp-content\/uploads\/2022\/08\/55839.jpg\" class=\"attachment-1536\u00d71536 size-1536\u00d71536\" alt=\"Kaunista havumets\u00e4\u00e4 ylh\u00e4\u00e4lt\u00e4 p\u00e4in kuvattuna, joukossa muutama ruskalehtinen lehtipuu.\" srcset=\"https:\/\/sykli.fi\/demo\/wp-content\/uploads\/2022\/08\/55839.jpg 1920w, https:\/\/sykli.fi\/demo\/wp-content\/uploads\/2022\/08\/55839-300x200.jpg 300w, https:\/\/sykli.fi\/demo\/wp-content\/uploads\/2022\/08\/55839-1024x683.jpg 1024w, https:\/\/sykli.fi\/demo\/wp-content\/uploads\/2022\/08\/55839-768x512.jpg 768w, https:\/\/sykli.fi\/demo\/wp-content\/uploads\/2022\/08\/55839-1536x1024.jpg 1536w\" sizes=\"auto, (max-width: 1920px) 100vw, 1920px\" \/>\r\n        \r\n        \r\n            <div class=\"site-banner-content container\">\r\n                <div class=\"row w-100\">\r\n                    <div class=\"col-md-12\">\r\n                        <div class=\"hero-text-overlay\">\r\n                                                                <h1 class=\"hero-title\">SYKLI \u2013 \u044d\u043a\u0441\u043f\u0435\u0440\u0442\u044b \u0432 \u043e\u0431\u043b\u0430\u0441\u0442\u0438 \u0440\u0430\u0437\u0432\u0438\u0442\u0438\u044f \u043e\u043a\u0440\u0443\u0436\u0430\u044e\u0449\u0435\u0439 \u0441\u0440\u0435\u0434\u044b<\/h1>\r\n                            <div class=\"inner-content\">\r\n                            <div class=\"acf-innerblocks-container\"><\/div>\r\n                        <\/div>                        <\/div>\r\n                    <\/div>\r\n                <\/div>\r\n            <\/div>\r\n\r\n        <\/section>\n\n\n<h2 class=\"wp-block-heading\">SYKLI \u2013 \u044d\u043a\u0441\u043f\u0435\u0440\u0442\u044b \u0432 \u043e\u0431\u043b\u0430\u0441\u0442\u0438 \u0440\u0430\u0437\u0432\u0438\u0442\u0438\u044f \u043e\u043a\u0440\u0443\u0436\u0430\u044e\u0449\u0435\u0439 \u0441\u0440\u0435\u0434\u044b<\/h2>\n\n\n\n<p>SYKLI \u044f\u0432\u043b\u044f\u0435\u0442\u0441\u044f \u043e\u0431\u0449\u0435\u0433\u043e\u0441\u0443\u0434\u0430\u0440\u0441\u0442\u0432\u0435\u043d\u043d\u044b\u043c \u0441\u043f\u0435\u0446\u0438\u0430\u043b\u0438\u0437\u0438\u0440\u043e\u0432\u0430\u043d\u043d\u044b\u043c \u043f\u0440\u043e\u0444\u0435\u0441\u0441\u0438\u043e\u043d\u0430\u043b\u044c\u043d\u044b\u043c \u0443\u0447\u0435\u0431\u043d\u044b\u043c \u0437\u0430\u0432\u0435\u0434\u0435\u043d\u0438\u0435\u043c. \u041d\u0430\u0448\u0430 \u043c\u0438\u0441\u0441\u0438\u044f \u0437\u0430\u043a\u043b\u044e\u0447\u0430\u0435\u0442\u0441\u044f \u0432 \u0443\u043a\u0440\u0435\u043f\u043b\u0435\u043d\u0438\u0438 \u044d\u043a\u043e\u043b\u043e\u0433\u0438\u0447\u0435\u0441\u043a\u0438\u0445 \u0437\u043d\u0430\u043d\u0438\u0439 \u043d\u0430\u0448\u0438\u0445 \u043a\u043b\u0438\u0435\u043d\u0442\u043e\u0432 \u0438 \u0443\u043b\u0443\u0447\u0448\u0435\u043d\u0438\u0438 \u0438\u0445 \u0434\u0435\u044f\u0442\u0435\u043b\u044c\u043d\u043e\u0441\u0442\u0438 \u0432 \u0441\u043e\u043e\u0442\u0432\u0435\u0442\u0441\u0442\u0432\u0438\u0438 \u0441 &nbsp;\u0446\u0435\u043b\u044f\u043c\u0438 \u0443\u0441\u0442\u043e\u0439\u0447\u0438\u0432\u043e\u0433\u043e \u0440\u0430\u0437\u0432\u0438\u0442\u0438\u044f.<\/p>\n\n\n\n<p>SYKLI \u043f\u0440\u0435\u0434\u043b\u0430\u0433\u0430\u0435\u0442 \u043f\u043e\u0434\u0433\u043e\u0442\u043e\u0432\u0438\u0442\u0435\u043b\u044c\u043d\u043e\u0435 \u043e\u0431\u0443\u0447\u0435\u043d\u0438\u0435 \u0434\u043b\u044f \u0432\u0437\u0440\u043e\u0441\u043b\u044b\u0445, \u043a\u0440\u0430\u0442\u043a\u043e\u0441\u0440\u043e\u0447\u043d\u044b\u0435 \u0443\u0447\u0435\u0431\u043d\u044b\u0435 \u043a\u0443\u0440\u0441\u044b, \u043a\u043e\u043d\u0441\u0443\u043b\u044c\u0442\u0430\u0446\u0438\u0439 \u0438 \u0434\u0440\u0443\u0433\u0438\u0435 \u044d\u043a\u0441\u043f\u0435\u0440\u0442\u043d\u044b\u0435 \u0443\u0441\u043b\u0443\u0433\u0438. \u041d\u0430\u0448\u0435\u0439 \u0441\u0438\u043b\u044c\u043d\u043e\u0439 \u0441\u0442\u043e\u0440\u043e\u043d\u043e\u0439 \u044f\u0432\u043b\u044f\u0435\u0442\u0441\u044f \u043f\u0440\u0438\u043c\u0435\u043d\u0435\u043d\u0438\u0435 \u043d\u043e\u0432\u0435\u0439\u0448\u0438\u0445 \u0437\u043d\u0430\u043d\u0438\u0439 \u043d\u0430 \u043f\u0440\u0430\u043a\u0442\u0438\u043a\u0435 \u0438 \u043f\u0435\u0440\u0435\u0434\u0430\u0447\u0430 \u0438\u0445 \u043d\u0430\u0448\u0438\u043c \u043a\u043b\u0438\u0435\u043d\u0442\u0430\u043c \u0434\u043b\u044f \u0434\u0430\u043b\u044c\u043d\u0435\u0439\u0448\u0435\u0433\u043e \u043f\u043e\u043b\u0435\u0437\u043d\u043e\u0433\u043e \u0438\u0441\u043f\u043e\u043b\u044c\u0437\u043e\u0432\u0430\u043d\u0438\u044f. \u041c\u044b \u0438\u0437\u0432\u0435\u0441\u0442\u043d\u044b \u043a\u0430\u043a \u043f\u0435\u0440\u0432\u043e\u043f\u0440\u043e\u0445\u043e\u0434\u0446\u044b \u0432 \u043e\u0431\u043b\u0430\u0441\u0442\u0438 \u0432\u043d\u0435\u0434\u0440\u0435\u043d\u0438\u044f \u043f\u0440\u0438\u043d\u0446\u0438\u043f\u043e\u0432 &nbsp;\u0443\u0441\u0442\u043e\u0439\u0447\u0438\u0432\u043e\u0433\u043e \u0440\u0430\u0437\u0432\u0438\u0442\u0438\u044f \u0432 \u0442\u0440\u0443\u0434\u043e\u0432\u0443\u044e \u0436\u0438\u0437\u043d\u044c. \u041c\u044b \u043f\u043e\u043d\u0438\u043c\u0430\u0435\u043c \u043f\u043e\u0442\u0440\u0435\u0431\u043d\u043e\u0441\u0442\u0438 \u043d\u0430\u0448\u0438\u0445 \u043a\u043b\u0438\u0435\u043d\u0442\u043e\u0432 \u0438 \u0430\u0434\u0430\u043f\u0442\u0438\u0440\u0443\u0435\u043c \u043d\u0430\u0448\u0435 \u043e\u0431\u0443\u0447\u0435\u043d\u0438\u0435, \u043a\u0430\u043a \u043a \u043f\u043e\u0442\u0440\u0435\u0431\u043d\u043e\u0441\u0442\u044f\u043c \u0447\u0430\u0441\u0442\u043d\u044b\u0445 \u043b\u0438\u0446, \u0442\u0430\u043a \u0438 \u043e\u0440\u0433\u0430\u043d\u0438\u0437\u0430\u0446\u0438\u0439.<\/p>\n\n\n\n<p>SYKLI \u043f\u0440\u0438\u043d\u0438\u043c\u0430\u0435\u0442 \u0430\u043a\u0442\u0438\u0432\u043d\u043e\u0435 \u0443\u0447\u0430\u0441\u0442\u0438\u0435 \u0432 \u0440\u0430\u0437\u0440\u0430\u0431\u043e\u0442\u043a\u0435 \u0438 \u0440\u0435\u0430\u043b\u0438\u0437\u0430\u0446\u0438\u0438 \u043d\u0430\u0446\u0438\u043e\u043d\u0430\u043b\u044c\u043d\u044b\u0445 \u0438 \u043c\u0435\u0436\u0434\u0443\u043d\u0430\u0440\u043e\u0434\u043d\u044b\u0445 \u043f\u0440\u043e\u0435\u043a\u0442\u043e\u0432. \u042d\u0442\u0438 \u043f\u0440\u043e\u0435\u043a\u0442\u044b \u043f\u043e\u043c\u043e\u0433\u0430\u044e\u0442 \u043d\u0430\u043c \u0440\u0430\u0437\u0440\u0430\u0431\u043e\u0442\u0430\u0442\u044c \u043d\u043e\u0432\u044b\u0435 \u0438\u043d\u0441\u0442\u0440\u0443\u043c\u0435\u043d\u0442\u044b, \u043f\u0440\u043e\u0434\u0443\u043a\u0442\u044b, \u0431\u0438\u0437\u043d\u0435\u0441 \u2013 \u043c\u043e\u0434\u0435\u043b\u0438, \u0438 \u043a\u043e\u043c\u043f\u0435\u0442\u0435\u043d\u0446\u0438\u0438, \u0432 \u0441\u043e\u0442\u0440\u0443\u0434\u043d\u0438\u0447\u0435\u0441\u0442\u0432\u0435 \u0441 \u043d\u0430\u0448\u0438\u043c\u0438 \u043f\u0430\u0440\u0442\u043d\u0451\u0440\u0430\u043c\u0438. \u041c\u044b \u0438\u0441\u043f\u043e\u043b\u044c\u0437\u0443\u0435\u043c \u0438 \u043f\u0440\u0438\u043c\u0435\u043d\u044f\u0435\u043c \u0440\u0435\u0437\u0443\u043b\u044c\u0442\u0430\u0442\u044b \u043f\u0440\u043e\u0435\u043a\u0442\u043e\u0432 \u0432 \u043d\u0430\u0448\u0438\u0445 \u0443\u0447\u0435\u0431\u043d\u044b\u0445 \u043a\u0443\u0440\u0441\u0430\u0445. SYKLI \u0438\u043c\u0435\u0435\u0442 \u0431\u043e\u043b\u044c\u0448\u043e\u0439 \u043e\u043f\u044b\u0442, \u043a\u0430\u043a \u0432 \u043d\u0430\u0446\u0438\u043e\u043d\u0430\u043b\u044c\u043d\u044b\u0445 \u043f\u0440\u043e\u0435\u043a\u0442\u0430\u0445, \u0442\u0430\u043a \u0438 \u0432 \u043c\u0435\u0436\u0434\u0443\u043d\u0430\u0440\u043e\u0434\u043d\u043e\u0439 \u043f\u0440\u043e\u0435\u043a\u0442\u043d\u043e\u0439 \u0434\u0435\u044f\u0442\u0435\u043b\u044c\u043d\u043e\u0441\u0442\u0438 \u0438 \u0443\u0447\u0430\u0441\u0442\u0432\u0443\u0435\u0442 \u0432 \u043a\u0430\u0447\u0435\u0441\u0442\u0432\u0435 \u043a\u043e\u043e\u0440\u0434\u0438\u043d\u0430\u0442\u043e\u0440\u0430 \u0438\u043b\u0438 \u043f\u0430\u0440\u0442\u043d\u0451\u0440\u0430 \u0432 \u0440\u044f\u0434\u0435 \u043f\u0440\u043e\u0435\u043a\u0442\u043e\u0432 \u0440\u0430\u0437\u0432\u0438\u0442\u0438\u044f.<\/p>\n\n\n\n<p>\u041c\u044b \u043f\u0440\u043e\u0432\u043e\u0434\u0438\u043c \u043e\u0431\u0443\u0447\u0435\u043d\u0438\u0435 \u0438 \u043f\u0440\u0435\u0434\u043b\u0430\u0433\u0430\u0435\u043c \u0443\u0441\u043b\u0443\u0433\u0438 \u043f\u043e \u0440\u0430\u0437\u0432\u0438\u0442\u0438\u044e \u043a\u0430\u043a \u0432 \u0424\u0438\u043d\u043b\u044f\u043d\u0434\u0438\u0438, \u0442\u0430\u043a \u0438 \u0437\u0430\u0440\u0443\u0431\u0435\u0436\u043e\u043c. SYKLI \u0438\u0441\u043f\u043e\u043b\u044c\u0437\u0443\u0435\u0442 \u0448\u0438\u0440\u043e\u043a\u0443\u044e \u0441\u0435\u0442\u044c \u043f\u0430\u0440\u0442\u043d\u0451\u0440\u043e\u0432 \u0434\u043b\u044f \u0440\u0435\u0430\u043b\u0438\u0437\u0430\u0446\u0438\u0438 \u043d\u0430\u0448\u0435\u0433\u043e \u043e\u0431\u0443\u0447\u0435\u043d\u0438\u044f \u0438 \u0443\u0441\u043b\u0443\u0433.<\/p>\n\n\n<h2>\u0441\u043f\u0440\u043e\u0441\u0438\u0442\u044c \u0431\u043e\u043b\u044c\u0448\u0435<\/h2>\r\n<div class=\"row\">\r\n                                <div class=\"col-md-6\">\r\n                    <div class=\"staff-box\">\r\n                        <div class=\"row\">\r\n                            <div class=\"col-4\">\r\n                                <img loading=\"lazy\" decoding=\"async\" width=\"150\" height=\"250\" src=\"https:\/\/sykli.fi\/demo\/wp-content\/uploads\/2022\/09\/mia-oneill-2022-nettisivuille-mv.jpg\" class=\"attachment-post-thumbnail size-post-thumbnail wp-post-image\" alt=\"\" \/>                            <\/div>\r\n                            <div class=\"col-8\">\r\n                                <h3>Mia O&#8217;Neill<\/h3>\r\n                                Rehtori, toimitusjohtaja                                <ul>\r\n                                    <li><svg xmlns=\"http:\/\/www.w3.org\/2000\/svg\" width=\"16\" height=\"16\" fill=\"currentColor\" class=\"bi bi-telephone-fill\" viewBox=\"0 0 16 16\">\r\n                                <path fill-rule=\"evenodd\" d=\"M1.885.511a1.745 1.745 0 0 1 2.61.163L6.29 2.98c.329.423.445.974.315 1.494l-.547 2.19a.678.678 0 0 0 .178.643l2.457 2.457a.678.678 0 0 0 .644.178l2.189-.547a1.745 1.745 0 0 1 1.494.315l2.306 1.794c.829.645.905 1.87.163 2.611l-1.034 1.034c-.74.74-1.846 1.065-2.877.702a18.634 18.634 0 0 1-7.01-4.42 18.634 18.634 0 0 1-4.42-7.009c-.362-1.03-.037-2.137.703-2.877L1.885.511z\"\/>\r\n                              <\/svg> <a href=\"tel:+358505860284\">0505860284<\/a><\/li><li><svg xmlns=\"http:\/\/www.w3.org\/2000\/svg\" width=\"16\" height=\"16\" fill=\"currentColor\" class=\"bi bi-envelope-fill\" viewBox=\"0 0 16 16\">\r\n                                <path d=\"M.05 3.555A2 2 0 0 1 2 2h12a2 2 0 0 1 1.95 1.555L8 8.414.05 3.555ZM0 4.697v7.104l5.803-3.558L0 4.697ZM6.761 8.83l-6.57 4.027A2 2 0 0 0 2 14h12a2 2 0 0 0 1.808-1.144l-6.57-4.027L8 9.586l-1.239-.757Zm3.436-.586L16 11.801V4.697l-5.803 3.546Z\"\/>\r\n                              <\/svg> <a href=\"mailto:mia.oneill@sykli.fi\">mia.oneill@sykli.fi<\/a><\/li>                                <\/ul>\r\n                            <\/div>\r\n                        <\/div>\r\n                    <\/div>\r\n                <\/div>\r\n    <\/div>","protected":false},"excerpt":{"rendered":"<p>SYKLI \u2013 \u044d\u043a\u0441\u043f\u0435\u0440\u0442\u044b \u0432 \u043e\u0431\u043b\u0430\u0441\u0442\u0438 \u0440\u0430\u0437\u0432\u0438\u0442\u0438\u044f \u043e\u043a\u0440\u0443\u0436\u0430\u044e\u0449\u0435\u0439 \u0441\u0440\u0435\u0434\u044b SYKLI \u044f\u0432\u043b\u044f\u0435\u0442\u0441\u044f \u043e\u0431\u0449\u0435\u0433\u043e\u0441\u0443\u0434\u0430\u0440\u0441\u0442\u0432\u0435\u043d\u043d\u044b\u043c \u0441\u043f\u0435\u0446\u0438\u0430\u043b\u0438\u0437\u0438\u0440\u043e\u0432\u0430\u043d\u043d\u044b\u043c \u043f\u0440\u043e\u0444\u0435\u0441\u0441\u0438\u043e\u043d\u0430\u043b\u044c\u043d\u044b\u043c \u0443\u0447\u0435\u0431\u043d\u044b\u043c \u0437\u0430\u0432\u0435\u0434\u0435\u043d\u0438\u0435\u043c. \u041d\u0430\u0448\u0430 \u043c\u0438\u0441\u0441\u0438\u044f \u0437\u0430\u043a\u043b\u044e\u0447\u0430\u0435\u0442\u0441\u044f \u0432 \u0443\u043a\u0440\u0435\u043f\u043b\u0435\u043d\u0438\u0438 [&hellip;]<\/p>\n","protected":false},"author":1,"featured_media":60903,"parent":0,"menu_order":75,"comment_status":"closed","ping_status":"closed","template":"template-parts\/page-with-no-sidebar.php","meta":{"_acf_changed":false,"footnotes":""},"class_list":["post-70","page","type-page","status-publish","has-post-thumbnail","hentry"],"acf":[],"_links":{"self":[{"href":"https:\/\/sykli.fi\/demo\/wp-json\/wp\/v2\/pages\/70","targetHints":{"allow":["GET"]}}],"collection":[{"href":"https:\/\/sykli.fi\/demo\/wp-json\/wp\/v2\/pages"}],"about":[{"href":"https:\/\/sykli.fi\/demo\/wp-json\/wp\/v2\/types\/page"}],"author":[{"embeddable":true,"href":"https:\/\/sykli.fi\/demo\/wp-json\/wp\/v2\/users\/1"}],"replies":[{"embeddable":true,"href":"https:\/\/sykli.fi\/demo\/wp-json\/wp\/v2\/comments?post=70"}],"version-history":[{"count":0,"href":"https:\/\/sykli.fi\/demo\/wp-json\/wp\/v2\/pages\/70\/revisions"}],"wp:featuredmedia":[{"embeddable":true,"href":"https:\/\/sykli.fi\/demo\/wp-json\/wp\/v2\/media\/60903"}],"wp:attachment":[{"href":"https:\/\/sykli.fi\/demo\/wp-json\/wp\/v2\/media?parent=70"}],"curies":[{"name":"wp","href":"https:\/\/api.w.org\/{rel}","templated":true}]}}