{"id":69926,"date":"2025-01-02T13:56:39","date_gmt":"2025-01-02T11:56:39","guid":{"rendered":"https:\/\/sykli.fi\/?page_id=69926"},"modified":"2025-10-23T10:10:20","modified_gmt":"2025-10-23T07:10:20","slug":"syklin-vastuullisuustyon-aikajana","status":"publish","type":"page","link":"https:\/\/sykli.fi\/demo\/sykli\/syklin-vastuullisuus\/syklin-vastuullisuustyon-aikajana\/","title":{"rendered":"Syklin vastuullisuusty\u00f6n aikajana"},"content":{"rendered":"\r\n<section id=\"hero-block_ada45b38ec3e89feae8a25dd2f18ffc3\" class=\"hero site-banner section-default default alignfull\">\r\n\r\n    <div class=\"site-banner-bg section-bg-image \" >\r\n\r\n        <img loading=\"lazy\" decoding=\"async\" width=\"1000\" height=\"561\" src=\"https:\/\/sykli.fi\/demo\/wp-content\/uploads\/2023\/04\/shutterstock_1029299632.jpg\" class=\"attachment-1536\u00d71536 size-1536\u00d71536\" alt=\"Tikapuut.\" srcset=\"https:\/\/sykli.fi\/demo\/wp-content\/uploads\/2023\/04\/shutterstock_1029299632.jpg 1000w, https:\/\/sykli.fi\/demo\/wp-content\/uploads\/2023\/04\/shutterstock_1029299632-300x168.jpg 300w, https:\/\/sykli.fi\/demo\/wp-content\/uploads\/2023\/04\/shutterstock_1029299632-768x431.jpg 768w\" sizes=\"auto, (max-width: 1000px) 100vw, 1000px\" \/>\r\n        \r\n        \r\n            <div class=\"site-banner-content container\">\r\n                <div class=\"row w-100\">\r\n                    <div class=\"col-md-12\">\r\n                        <div class=\"hero-text-overlay\">\r\n                                                                <h1 class=\"hero-title\">Syklin vastuullisuusty\u00f6n aikajana<\/h1>\r\n                            <div class=\"inner-content\">\r\n                            <div class=\"acf-innerblocks-container\"><\/div>\r\n                        <\/div>                        <\/div>\r\n                    <\/div>\r\n                <\/div>\r\n            <\/div>\r\n\r\n        <\/section>\n\n\n<p>Yhdess\u00e4 saamme aikaan kest\u00e4vi\u00e4 tuloksia vastuullisesti. Tutustu Syklin vastuullisuusty\u00f6n aikajanaan, johon olemme koonneet merkitt\u00e4vi\u00e4 vastuullisuuden virstainpylv\u00e4it\u00e4 matkamme varrelta. Vastuullisuusty\u00f6 on jatkuvaa kehitt\u00e4mist\u00e4 ja matkamme jatkuu edelleen.<\/p>\n\n\n\n<hr class=\"wp-block-separator has-text-color has-darkblue-color has-alpha-channel-opacity has-darkblue-background-color has-background is-style-wide\"\/>\n\n\n\n<h2 class=\"wp-block-heading\">2000-luku: Syklin toiminta alkaa<br><\/h2>\n\n\n\n<p><strong>2002<\/strong> \u202f&nbsp;<br>Sykli aloitti toimintansa vuonna 2002. Ymp\u00e4rist\u00f6huollon ammattitutkintoon valmistava koulutus aloitettiin.\u202f <br><br><strong>2007<\/strong>\u202f&nbsp;<br>Vesihuollon ammattitutkinnon koulutukset aloitettiin. <br><br><strong>2008<\/strong>\u202f&nbsp;<br>Sykli oli mukana laatimassa ensimm\u00e4ist\u00e4 versiota Oppilaitosten kest\u00e4v\u00e4n kehityksen sertifikaatista (OKKA-s\u00e4\u00e4ti\u00f6)<\/p>\n\n\n\n<hr class=\"wp-block-separator has-text-color has-darkblue-color has-alpha-channel-opacity has-darkblue-background-color has-background is-style-wide\"\/>\n\n\n\n<h2 class=\"wp-block-heading\">2010-luku: Kohti kest\u00e4v\u00e4\u00e4 ty\u00f6el\u00e4m\u00e4\u00e4&nbsp;<br><\/h2>\n\n\n\n<p><strong>2011<\/strong>\u202f&nbsp;<br>Ymp\u00e4rist\u00f6alan erikoisammattitutkinnon Ymp\u00e4rist\u00f6kasvatuksen, Vesihuollon, J\u00e4tehuollon sek\u00e4 Laatu-, ymp\u00e4rist\u00f6- ja turvallisuusjohtamisen koulutusohjelmat k\u00e4ynnistettiin. <a href=\"https:\/\/sykli.fi\/demo\/vaikuttaminen\/paattyneet-kehittamishankkeet\/ymparistoosaajat-2025\/\" target=\"_blank\" rel=\"noreferrer noopener\">Ymp\u00e4rist\u00f6osaajat2025-ennakointihankkeessa<\/a> selvitettiin tulevaisuuden osaamistarpeita ymp\u00e4rist\u00f6aloilla.&nbsp;<br><br><strong>2012<\/strong>\u202f&nbsp;<br>Ensimm\u00e4iset resurssitehokkuuden koulutusohjelmat aloitettiin. Sykli alkoi tarjoamaan <a href=\"https:\/\/sykli.fi\/demo\/tyoelamalle\/tyovoimakoulutukset\/f-e-c-ohjelma\/\" target=\"_blank\" rel=\"noreferrer noopener\">F.E.C-koulutuksia<\/a> (Further Educated with Companies), joka yhdist\u00e4\u00e4 ty\u00f6t\u00e4 etsiv\u00e4n ty\u00f6nhakijan ja osaavaa ty\u00f6voimaa tarvitsevan ty\u00f6nantajan.\u202f&nbsp;<br><br><strong>2013\u202f<\/strong>&nbsp;<br><a href=\"https:\/\/sykli.fi\/demo\/vaikuttaminen\/paattyneet-kehittamishankkeet\/ymparistoosaava-ammattilainen-hanke-ymparistoosaamisen-kehittaminen-tyoelamassa\/\" target=\"_blank\" rel=\"noreferrer noopener\">Ymp\u00e4rist\u00f6osaava ammattilainen \u2013verkkopalvelu avattiin.<\/a> Alustan tavoitteena oli edist\u00e4\u00e4 ammatissa toimivien ty\u00f6ntekij\u00f6iden sek\u00e4 organisaatioiden ymp\u00e4rist\u00f6osaamista ja tukea ty\u00f6el\u00e4m\u00e4n ja ammatillisen koulutuksen v\u00e4list\u00e4 yhteisty\u00f6t\u00e4.\u202f<br><br><strong>2017\u202f<\/strong>&nbsp;<br>Energiatehokkuuden ja kest\u00e4v\u00e4n kiinteist\u00f6nhuollon koulutukset aloitettiin. \u202f&nbsp;<br><br><strong>2019\u202f<\/strong>&nbsp;<br>Sykli uudisti Helsingin toimipisteen j\u00e4tehuoltok\u00e4yt\u00e4nt\u00f6j\u00e4 koko vuokrakiinteist\u00f6n osalta eli my\u00f6s muiden vuokralaisten hy\u00f6dyksi rakentaessaan Ekokompassi-ymp\u00e4rist\u00f6j\u00e4rjestelm\u00e4\u00e4. <a href=\"https:\/\/kadenjalki.fi\/\" target=\"_blank\" rel=\"noreferrer noopener\">Ammattilaisen k\u00e4denj\u00e4lki -verkkokurssialusta<\/a> avautuu.\u202f&nbsp;<\/p>\n\n\n\n<hr class=\"wp-block-separator has-text-color has-darkblue-color has-alpha-channel-opacity has-darkblue-background-color has-background is-style-wide\"\/>\n\n\n\n<h2 class=\"wp-block-heading\">2020-luku: Kohti kest\u00e4v\u00e4\u00e4 osaamista\u202f&nbsp;\u202f<br><\/h2>\n\n\n\n<p><strong>2020<\/strong>\u202f&nbsp;<br>Sykli sai <a href=\"https:\/\/sykli.fi\/demo\/sykli-on-saanut-ekokompassi-sertifikaatin\/\" target=\"_blank\" rel=\"noreferrer noopener\">Ekokompassi-ymp\u00e4rist\u00f6j\u00e4rjestelm\u00e4n sertifikaatin<\/a>. Ymp\u00e4rist\u00f6ohjelmassa keskityttiin erityisesti hankintoihin, CO2-p\u00e4\u00e4st\u00f6jen v\u00e4hent\u00e4miseen ja viestint\u00e4\u00e4n.&nbsp;Siirryimme pysyv\u00e4sti laajaan et\u00e4ohjaukseen, -koulutuksiin ja -n\u00e4ytt\u00f6ihin. Sykli oli mukana p\u00e4ivitt\u00e4m\u00e4ss\u00e4 oppilaitosten kest\u00e4v\u00e4n kehityksen sertifikaatin kriteerej\u00e4. <br><br><strong>2021<\/strong>\u202f&nbsp;<br>Sykli allekirjoitti ensimm\u00e4isen\u00e4 suomalaisena ammatillisena oppilaitoksena kansainv\u00e4lisen kest\u00e4v\u00e4n kehityksen sitoumuksen, SDG Accordin. Lis\u00e4ksi Sykli valittiin yhdeksi koordinaattoriksi Opetushallituksen rahoittamaan <a href=\"https:\/\/sykli.fi\/demo\/vaikuttaminen\/paattyneet-kehittamishankkeet\/kestavyystiekartta-luo-yhtenaisen-nakyman-kestavasta-ammatillisesta-koulutuksesta-vaski-hankkeessa\/\" target=\"_blank\" rel=\"noreferrer noopener\">VASKI-hankkeeseen<\/a>, jossa laadittiin ammatillisen koulutuksen kest\u00e4vyystiekartta. Sis\u00e4isesti kehitimme toimintaamme ottamalla k\u00e4ytt\u00f6\u00f6n s\u00e4\u00e4nn\u00f6lliset henkil\u00f6st\u00f6tyytyv\u00e4isyyskyselyt sek\u00e4 <a href=\"https:\/\/sykli.fi\/demo\/sykli\/syklin-vastuullisuus\/opiskelijoiden-tasa-arvo-ja-yhdenvertaisuussuunnitelma\/\">tasa-arvo- ja yhdenvertaisuussuunnitelman<\/a>. Vastuullisuus huomioitiin my\u00f6s p\u00e4ivitetyss\u00e4 matkustusohjeistuksessamme, jossa painotettiin julkisen liikenteen k\u00e4ytt\u00f6\u00e4 ja kokonaisvaltaista hyvinvointia.<br>&nbsp;<br><strong>2022<\/strong>\u202f&nbsp;<br>Sykli sai 20-vuotisjuhlavuotenaan <a href=\"https:\/\/sykli.fi\/demo\/syklin-20-vuotinen-matka-oppilaitosten-kestavan-kehityksen-edistajana\/\" target=\"_blank\" rel=\"noreferrer noopener\">Oppilaitosten kest\u00e4v\u00e4n kehityksen sertifikaatin (OKKA)<\/a> ja aloimme lahjoittaa <a href=\"https:\/\/sykli.fi\/demo\/valmistujaislahjaksi-puu-sykli-lahjoittaa-jokaiselle-syklin-20-vuotisjuhlavuonna-valmistuvalle-opiskelijalleen-taimen\/\" target=\"_blank\" rel=\"noreferrer noopener\">jokaiselle valmistuvalle opiskelijalle puun taimen<\/a>. Juhlavuoden aikana hy\u00f6dynsimme Ammattiopisto Luovin asiantuntijuutta p\u00e4ivitt\u00e4ess\u00e4mme ohjeistusta opintojen tukitarpeiden tunnistamiseksi. Lis\u00e4ksi julkaisimme avoimet palkkojen m\u00e4\u00e4r\u00e4ytymisperusteet, ja henkil\u00f6st\u00f6lle tarjottiin mahdollisuus ty\u00f6suhdepolkupy\u00f6r\u00e4\u00e4n. Sykli otti k\u00e4ytt\u00f6\u00f6n <a href=\"https:\/\/sykli.fi\/demo\/sykli\/syklin-saavutettavuus\/turvallisemman-tilan-ohjeistus\/\" target=\"_blank\" rel=\"noreferrer noopener\">turvallisemman tilan periaatteet<\/a> ja k\u00e4ynnisti vuosittaiset Tulevaisuusfoorumit sidosryhmille. Samana vuonna perustimme my\u00f6s vastuullisuustiimin, jonka teht\u00e4v\u00e4n\u00e4 on tukea johtoa pitk\u00e4j\u00e4nteisess\u00e4 vastuullisuusty\u00f6ss\u00e4. Syklin henkil\u00f6st\u00f6lle tarjottiin vuosittain 10 ty\u00f6p\u00e4iv\u00e4\u00e4 osaamisen kehitt\u00e4miseen.&nbsp;<br><br><strong>2023<\/strong>\u202f&nbsp;<br><a href=\"https:\/\/sykli.fi\/demo\/blogi\/sykli-on-laskenut-hiilijalanjalkensa\/\" target=\"_blank\" rel=\"noreferrer noopener\">Sykli k\u00e4ynnisti vuosittaisen hiilijalanj\u00e4lkilaskennan.<\/a> Lis\u00e4ksi otimme k\u00e4ytt\u00f6\u00f6n <a href=\"https:\/\/sykli.fi\/demo\/sykli\/syklin-pedagoginen-ohjelma\/\" target=\"_blank\" rel=\"noreferrer noopener\">pedagogisen ohjelman<\/a>, jonka tavoitteena on ekososiaalisesti sivistynyt ammattilaisuus. Jokainen osaamisala m\u00e4\u00e4ritteli omat vastuullisuuden osaamislupauksensa. Helsingin toimipiste muutti Pasilaan entist\u00e4 ekologisempiin toimitiloihin, ja <a href=\"https:\/\/sykli.fi\/demo\/sykli-on-uusinut-ekokompassi-sertifikaattinsa\/\" target=\"_blank\" rel=\"noreferrer noopener\">uusimme samalla Ekokompassi-sertifikaatin<\/a>. P\u00e4ivitettyyn ymp\u00e4rist\u00f6ohjelmaan otettiin uudeksi teemaksi luonnon monimuotoisuuden tukeminen. Sitouduimme rakentamaan kest\u00e4v\u00e4\u00e4 tulevaisuutta Ammatillisen koulutuksen kest\u00e4vyystiekartan mukaisesti. Lis\u00e4ksi verkkosivu-uudistuksessa keskityimme erityisesti sivuston saavutettavuuden kehitt\u00e4miseen.&nbsp;<br><br><strong>2024<\/strong>\u202f&nbsp;<br>Sykliss\u00e4 otettiin k\u00e4ytt\u00f6\u00f6n eettiset periaatteet, joilla varmistetaan l\u00e4pin\u00e4kyv\u00e4 ja kest\u00e4v\u00e4 toimintakulttuuri. Lis\u00e4ksi Sykli valittiin koordinoimaan Opetushallituksen rahoittamaa <a href=\"https:\/\/sykli.fi\/demo\/kartalla-pa-kartan-verkostosivusto-ammatillisen-koulutuksen-kestavyystyolle\/\" target=\"_blank\" rel=\"noreferrer noopener\">Kartalla \u2013 p\u00e5 Kartan: Ammatillinen koulutus kest\u00e4vyystiekartalle -hanketta<\/a>, joka vahvistaa ammatillisen koulutuksen roolia kest\u00e4v\u00e4n kehityksen edist\u00e4misess\u00e4. Syklin toimitilat muutettiin hajusteettomiksi.&nbsp;<\/p>\n\n\n\n<p><strong>2025<\/strong><br>Vuonna 2025 julkaisimme ensimm\u00e4isen <a href=\"https:\/\/sykli.fi\/demo\/wp-content\/uploads\/2025\/04\/Toimintakertomus-ja-kestavyysraportti-2024-Suomen-ymparistoopisto-SYKLI.pdf\" target=\"_blank\" rel=\"noreferrer noopener\">kest\u00e4vyysraportin<\/a> ja <a href=\"https:\/\/sykli.fi\/demo\/sykli\/syklin-vastuullisuus\/syklin-kestavyystiekartta-2025-2030\/\" target=\"_blank\" rel=\"noreferrer noopener\">Syklin oman kest\u00e4vyystiekartan <\/a>sek\u00e4 <a href=\"https:\/\/sykli.fi\/demo\/sykli-yhteiskuntaa-uudistavalla-tasolla-kestavan-kehityksen-sertifikaatti-uusittu\/\" target=\"_blank\" rel=\"noreferrer noopener\">uusimme OKKA-sertifikaatin.<\/a> T\u00e4rke\u00e4 saavutus julkistettiin maaliskuussa, kun Sykli valittiin <a href=\"https:\/\/greatplacetowork.fi\/suomen-parhaat-tyopaikat-2025\/#pienet\" target=\"_blank\" rel=\"noreferrer noopener\">Great Place To Work\u00aein Suomen Parhaat Ty\u00f6paikat -listalle<\/a>, joka koostuu 50 eri kokoluokan ja toimialan organisaatiosta. Sykli sijoittui pienten organisaatioiden listalla sijalle 17.<\/p>\n\n\n\n<hr class=\"wp-block-separator has-text-color has-darkblue-color has-alpha-channel-opacity has-darkblue-background-color has-background is-style-wide\"\/>\n\n\n<div class=\"page-linkbox-block alignfull\">\r\n    <div class=\"container\">\r\n        <div class=\"acf-innerblocks-container\">\n\r\n<div class=\"page-linkbox has-turquoise-background-color \">\r\n    <img loading=\"lazy\" decoding=\"async\" width=\"800\" height=\"534\" src=\"https:\/\/sykli.fi\/demo\/wp-content\/uploads\/2023\/04\/shutterstock_760733977-syklin-vastuullisuus-1.jpg\" class=\"attachment-large size-large\" alt=\"Taimi mullassa.\" srcset=\"https:\/\/sykli.fi\/demo\/wp-content\/uploads\/2023\/04\/shutterstock_760733977-syklin-vastuullisuus-1.jpg 1000w, https:\/\/sykli.fi\/demo\/wp-content\/uploads\/2023\/04\/shutterstock_760733977-syklin-vastuullisuus-1-300x200.jpg 300w, https:\/\/sykli.fi\/demo\/wp-content\/uploads\/2023\/04\/shutterstock_760733977-syklin-vastuullisuus-1-768x512.jpg 768w\" sizes=\"auto, (max-width: 800px) 100vw, 800px\" \/>    <a  href=\" https:\/\/sykli.fi\/demo\/sykli\/syklin-vastuullisuus\/\" >\r\n        <h2>Syklin vastuullisuus<\/h2>\r\n\r\n        \r\n    <\/a>\r\n\r\n<\/div>\n\n\r\n<div class=\"page-linkbox has-turquoise-background-color \">\r\n    <img loading=\"lazy\" decoding=\"async\" width=\"800\" height=\"532\" src=\"https:\/\/sykli.fi\/demo\/wp-content\/uploads\/2024\/07\/Tienviitat-metsassa.jpg\" class=\"attachment-large size-large\" alt=\"Tienviittoja mets\u00e4ss\u00e4. Kuvaa eri polkuja ty\u00f6el\u00e4m\u00e4n varrella.\" srcset=\"https:\/\/sykli.fi\/demo\/wp-content\/uploads\/2024\/07\/Tienviitat-metsassa.jpg 1000w, https:\/\/sykli.fi\/demo\/wp-content\/uploads\/2024\/07\/Tienviitat-metsassa-300x200.jpg 300w, https:\/\/sykli.fi\/demo\/wp-content\/uploads\/2024\/07\/Tienviitat-metsassa-768x511.jpg 768w\" sizes=\"auto, (max-width: 800px) 100vw, 800px\" \/>    <a  href=\" https:\/\/sykli.fi\/demo\/sykli\/syklin-strategia\/\" >\r\n        <h2>Syklin strategia<\/h2>\r\n\r\n        \r\n    <\/a>\r\n\r\n<\/div>\n\n\r\n<div class=\"page-linkbox has-turquoise-background-color \">\r\n    <img loading=\"lazy\" decoding=\"async\" width=\"800\" height=\"534\" src=\"https:\/\/sykli.fi\/demo\/wp-content\/uploads\/2023\/04\/shutterstock_1367093687.jpg\" class=\"attachment-large size-large\" alt=\"V\u00e4h\u00e4hiilisyys\" srcset=\"https:\/\/sykli.fi\/demo\/wp-content\/uploads\/2023\/04\/shutterstock_1367093687.jpg 1000w, https:\/\/sykli.fi\/demo\/wp-content\/uploads\/2023\/04\/shutterstock_1367093687-300x200.jpg 300w, https:\/\/sykli.fi\/demo\/wp-content\/uploads\/2023\/04\/shutterstock_1367093687-768x512.jpg 768w\" sizes=\"auto, (max-width: 800px) 100vw, 800px\" \/>    <a  href=\" https:\/\/sykli.fi\/demo\/sykli\/syklin-vastuullisuus\/syklin-kestavyysraportti\/\" >\r\n        <h2>Syklin kest\u00e4vyysraportti<\/h2>\r\n\r\n        \r\n    <\/a>\r\n\r\n<\/div>\n<\/div>\r\n\r\n    <\/div>\r\n<\/div>\n\n\n<div style=\"height:56px\" aria-hidden=\"true\" class=\"wp-block-spacer\"><\/div>\n\n\n\n<p><\/p>\n","protected":false},"excerpt":{"rendered":"<p>Yhdess\u00e4 saamme aikaan kest\u00e4vi\u00e4 tuloksia vastuullisesti. Tutustu Syklin vastuullisuusty\u00f6n aikajanaan, johon olemme koonneet merkitt\u00e4vi\u00e4 vastuullisuuden virstainpylv\u00e4it\u00e4 matkamme varrelta. Vastuullisuusty\u00f6 on [&hellip;]<\/p>\n","protected":false},"author":11,"featured_media":63697,"parent":1631,"menu_order":0,"comment_status":"closed","ping_status":"closed","template":"","meta":{"_acf_changed":false,"footnotes":""},"class_list":["post-69926","page","type-page","status-publish","has-post-thumbnail","hentry"],"acf":[],"_links":{"self":[{"href":"https:\/\/sykli.fi\/demo\/wp-json\/wp\/v2\/pages\/69926","targetHints":{"allow":["GET"]}}],"collection":[{"href":"https:\/\/sykli.fi\/demo\/wp-json\/wp\/v2\/pages"}],"about":[{"href":"https:\/\/sykli.fi\/demo\/wp-json\/wp\/v2\/types\/page"}],"author":[{"embeddable":true,"href":"https:\/\/sykli.fi\/demo\/wp-json\/wp\/v2\/users\/11"}],"replies":[{"embeddable":true,"href":"https:\/\/sykli.fi\/demo\/wp-json\/wp\/v2\/comments?post=69926"}],"version-history":[{"count":10,"href":"https:\/\/sykli.fi\/demo\/wp-json\/wp\/v2\/pages\/69926\/revisions"}],"predecessor-version":[{"id":72866,"href":"https:\/\/sykli.fi\/demo\/wp-json\/wp\/v2\/pages\/69926\/revisions\/72866"}],"up":[{"embeddable":true,"href":"https:\/\/sykli.fi\/demo\/wp-json\/wp\/v2\/pages\/1631"}],"wp:featuredmedia":[{"embeddable":true,"href":"https:\/\/sykli.fi\/demo\/wp-json\/wp\/v2\/media\/63697"}],"wp:attachment":[{"href":"https:\/\/sykli.fi\/demo\/wp-json\/wp\/v2\/media?parent=69926"}],"curies":[{"name":"wp","href":"https:\/\/api.w.org\/{rel}","templated":true}]}}