{"id":69873,"date":"2024-12-16T16:37:20","date_gmt":"2024-12-16T14:37:20","guid":{"rendered":"https:\/\/sykli.fi\/?page_id=69873"},"modified":"2026-03-16T10:41:54","modified_gmt":"2026-03-16T08:41:54","slug":"luontovaikutusten-asiantuntijan-koulutusohjelma","status":"publish","type":"page","link":"https:\/\/sykli.fi\/demo\/koulutusalat\/resurssitehokkuus\/ymparistoalan-erikoisammattitutkinto\/luontovaikutusten-asiantuntijan-koulutusohjelma\/","title":{"rendered":"Luontovaikutusten asiantuntijan koulutusohjelma"},"content":{"rendered":"\r\n<section id=\"hero-block_df037639cd67e7966a1e498cbcc98e2f\" class=\"hero site-banner section-default default alignfull\">\r\n\r\n    <div class=\"site-banner-bg section-bg-image \" >\r\n\r\n        <img loading=\"lazy\" decoding=\"async\" width=\"2560\" height=\"1600\" src=\"https:\/\/sykli.fi\/demo\/wp-content\/uploads\/2024\/12\/Lumo-EAT-scaled.jpg\" class=\"attachment-1536\u00d71536 size-1536\u00d71536\" alt=\"\" srcset=\"https:\/\/sykli.fi\/demo\/wp-content\/uploads\/2024\/12\/Lumo-EAT-scaled.jpg 2560w, https:\/\/sykli.fi\/demo\/wp-content\/uploads\/2024\/12\/Lumo-EAT-300x188.jpg 300w, https:\/\/sykli.fi\/demo\/wp-content\/uploads\/2024\/12\/Lumo-EAT-1024x640.jpg 1024w, https:\/\/sykli.fi\/demo\/wp-content\/uploads\/2024\/12\/Lumo-EAT-768x480.jpg 768w, https:\/\/sykli.fi\/demo\/wp-content\/uploads\/2024\/12\/Lumo-EAT-1536x960.jpg 1536w, https:\/\/sykli.fi\/demo\/wp-content\/uploads\/2024\/12\/Lumo-EAT-2048x1280.jpg 2048w\" sizes=\"auto, (max-width: 2560px) 100vw, 2560px\" \/>\r\n        \r\n        \r\n            <div class=\"site-banner-content container\">\r\n                <div class=\"row w-100\">\r\n                    <div class=\"col-md-12\">\r\n                        <div class=\"hero-text-overlay\">\r\n                                                                <h1 class=\"hero-title\">Luontovaikutusten asiantuntijan koulutusohjelma<\/h1>\r\n                            <div class=\"inner-content\">\r\n                            <div class=\"acf-innerblocks-container\"><\/div>\r\n                        <\/div>                        <\/div>\r\n                    <\/div>\r\n                <\/div>\r\n            <\/div>\r\n\r\n        <\/section>\n\n\n<p><strong>Haluatko oppia organisaatioiden luontovaikutuksista ja niiden hallinnasta? Luontovaikutusten asiantuntijan koulutusohjelmassa perehdyt\u00e4\u00e4n erilaisiin luontovaikutusten arviointimenetelmiin, luontovaikutusten raportointiin sek\u00e4 vaikutusten pienent\u00e4miseen. Koulutusohjelma antaa ev\u00e4\u00e4t luontovaikutusten tunnistamiseen ja arviontiin omassa organisaatiossasi.<\/strong><\/p>\n\n\n\n<p>Aikaamme v\u00e4ritt\u00e4vien ymp\u00e4rist\u00f6kriisien parissa tarvitaan kipe\u00e4sti toimintaa ja tekij\u00f6it\u00e4. Luontokato ja monimuotoisuuden turvaaminen ovat nousseet ilmastonmuutoksen ohella vakiintuneeksi osaksi uutisvirtaa ja yhteiskunnallista keskustelua. Useissa valtioissa, kunnissa ja organisaatioissa etsit\u00e4\u00e4nkin nyt keinoja oman toiminnan luontovaikutusten arviointiin sek\u00e4 hillint\u00e4\u00e4n. Er\u00e4s luontovaikutusten arviointiin ja mittaamiseen kehitetty menetelm\u00e4 on luontojalanj\u00e4lki, jota muun muassa Jyv\u00e4skyl\u00e4n yliopisto on ty\u00f6st\u00e4nyt ahkerasti viime vuosina.&nbsp;<\/p>\n\n\n\n<p>Koulutus on suunnattu ymp\u00e4rist\u00f6- ja kest\u00e4vyyskysymysten parissa ty\u00f6skenteleville asiantuntijoille. Koulutus soveltuu esimerkiksi kest\u00e4v\u00e4n kehityksen koordinaattoreille, vastuullisuusjohtajille ja kaikille organisaatioiden luontoty\u00f6st\u00e4 kiinnostuneille.&nbsp;<\/p>\n\n\n\n<h3 class=\"wp-block-heading\">Koulutuksen sis\u00e4lt\u00f6<\/h3>\n\n\n\n<p>Luontovaikutusten asiantuntija -koulutuksessa perehdyt\u00e4\u00e4n erilaisiin luontovaikutusten arviointimenetelmiin, luontovaikutusten raportointiin sek\u00e4 vaikutusten pienent\u00e4miseen. Teoriaa vied\u00e4\u00e4n k\u00e4yt\u00e4nt\u00f6\u00f6n koulutuksen aikana toteutettavissa kehitt\u00e4mist\u00f6iss\u00e4, joissa opiskelijat arvioivat oman organisaationsa luontovaikutuksia sek\u00e4 laativat toimenpide-ehdotuksia vaikutusten pienent\u00e4miseksi. Kehitt\u00e4misty\u00f6ss\u00e4 voi suuntautua itse\u00e4 kiinnostavaan ja omalle ty\u00f6paikalle soveltuvaan osa-alueeseen.&nbsp;&nbsp;<\/p>\n\n\n\n<p><strong>Koulutuksessa tutustutaan muun muassa seuraaviin teemoihin:<\/strong>&nbsp;<\/p>\n\n\n\n<ul class=\"wp-block-list\">\n<li>Biodiversiteetin perusteet ja yhteiskunnallinen merkitys&nbsp;<\/li>\n\n\n\n<li>Biodiversiteetin perusteet ja yhteiskunnallinen merkitys<\/li>\n\n\n\n<li>Hiilijalanj\u00e4ljen laskenta ja p\u00e4\u00e4st\u00f6v\u00e4hennyspolkujen suunnittelu<\/li>\n\n\n\n<li>Luontojalanj\u00e4ljen laskennan perusteet ja tiekarttojen suunnittelu<\/li>\n\n\n\n<li>CSRD raportointi ja luontovaikutuksiin kytkeytyv\u00e4 s\u00e4\u00e4ntely<\/li>\n\n\n\n<li>Ennallistaminen, kompensaatio ja ymp\u00e4rist\u00f6viestint\u00e4<\/li>\n\n\n\n<li>Kiertotalous ja resurssitehokkuus<\/li>\n\n\n\n<li>Luonto ja regeneratiivinen liiketoiminta<\/li>\n<\/ul>\n\n\n\n<p>Luontovaikutusten asiantuntija -koulutus valmistaa sinut suorittamaan <a href=\"https:\/\/eperusteet.opintopolku.fi\/#\/fi\/ammatillinen\/3792067\/tutkinnonosat\/3814553\" target=\"_blank\" rel=\"noreferrer noopener\">\u201dResurssitehokkuuden asiantuntijana toimiminen (90 osp<\/a>)\u201d tutkinnon osan.&nbsp;<\/p>\n\n\n\n<p>Voit halutessasi suorittaa my\u00f6s koko ymp\u00e4rist\u00f6alan erikoisammattitutkinnon, jolloin kokonaisuuteen sis\u00e4ltyy yhteens\u00e4 4 tutkinnon osaa (yhteens\u00e4 180 osp). T\u00e4ll\u00f6in tutkinto muodostuu seuraavista osista:&nbsp;<\/p>\n\n\n\n<p><strong>Pakolliset tutkinnonosat ovat<\/strong>&nbsp;<br>\u2022 \u202f \u202fToiminnan kehitt\u00e4minen kest\u00e4v\u00e4ll\u00e4 tavalla (25 osp),&nbsp;<br>\u2022 \u202f \u202fTy\u00f6yhteis\u00f6ss\u00e4 toimiminen (25 osp) sek\u00e4&nbsp;<br>\u2022 \u202f \u202fResurssitehokkuuden asiantuntijana toimiminen (90 osp).&nbsp;<\/p>\n\n\n\n<p><strong>Lis\u00e4ksi voit valita yhden valinnaisen tutkinnonosan:<\/strong>&nbsp;<br>\u2022 \u202f \u202fYmp\u00e4rist\u00f6alan kehitt\u00e4mishankkeen toteuttaminen (40 osp),&nbsp;<br>\u2022 \u202f \u202fYmp\u00e4rist\u00f6alan ty\u00f6njohtajana toimiminen (40 osp) tai&nbsp;<br>\u2022 \u202f \u202fYmp\u00e4rist\u00f6alan yritt\u00e4j\u00e4n\u00e4 toimiminen (40 osp).&nbsp;<\/p>\n\n\n\n<p>Tutkinnon muihin osiin liittyvi\u00e4 koulutuksia j\u00e4rjestet\u00e4\u00e4n samansis\u00e4lt\u00f6isin\u00e4 verkkokoulutuksina nelj\u00e4 kertaa vuodessa. Voit valita niist\u00e4 itsellesi parhaiten sopivat ajankohdat.<\/p>\n\n\n\n<h2 class=\"wp-block-heading\">Koulutuksen laajuus ja suorittaminen<\/h2>\n\n\n\n<p>Koulutuksen kesto on n. 7 kk ja siihen sis\u00e4ltyy 11 koulutuskertaa. <br><br>Luontovaikutusten asiantuntija -koulutuksen hinta on 360 e (yksitt\u00e4inen tutkinnon osa). Mik\u00e4li haluat suorittaa samalla koko erikoisammattitutkinnon (180 osp) on koulutuksen kokonaiskesto n. 16\u201318 kk ja koulutusmaksu 600e.&nbsp;&nbsp;<\/p>\n\n\n\n<h2 class=\"wp-block-heading\">Ilmoittautuminen<\/h2>\n\n\n\n<p>Ilmoittaudu kurssille Eventillan kautta. Ilmoittautumissivulle p\u00e4\u00e4set alla olevasta painikkeesta.<\/p>\n\n\n\n<div class=\"wp-block-buttons is-layout-flex wp-block-buttons-is-layout-flex\">\n<div class=\"wp-block-button\"><a class=\"wp-block-button__link wp-element-button\" href=\"https:\/\/ssl.eventilla.com\/luotovaikutusten_asiantuntija-syksy26\" target=\"_blank\" rel=\"noreferrer noopener\">Ilmoittautuminen<\/a><\/div>\n<\/div>\n\n\n\n<hr class=\"wp-block-separator has-alpha-channel-opacity is-style-wide\"\/>\n\n\n<h2>Kysy lis\u00e4\u00e4<\/h2>\r\n<div class=\"row\">\r\n                                <div class=\"col-md-6\">\r\n                    <div class=\"staff-box\">\r\n                        <div class=\"row\">\r\n                            <div class=\"col-4\">\r\n                                <img loading=\"lazy\" decoding=\"async\" width=\"1697\" height=\"2417\" src=\"https:\/\/sykli.fi\/demo\/wp-content\/uploads\/2024\/02\/Henkilokuva_Virpi_Vuolahti_mv.jpg\" class=\"attachment-post-thumbnail size-post-thumbnail wp-post-image\" alt=\"\" srcset=\"https:\/\/sykli.fi\/demo\/wp-content\/uploads\/2024\/02\/Henkilokuva_Virpi_Vuolahti_mv.jpg 1697w, https:\/\/sykli.fi\/demo\/wp-content\/uploads\/2024\/02\/Henkilokuva_Virpi_Vuolahti_mv-211x300.jpg 211w, https:\/\/sykli.fi\/demo\/wp-content\/uploads\/2024\/02\/Henkilokuva_Virpi_Vuolahti_mv-719x1024.jpg 719w, https:\/\/sykli.fi\/demo\/wp-content\/uploads\/2024\/02\/Henkilokuva_Virpi_Vuolahti_mv-768x1094.jpg 768w, https:\/\/sykli.fi\/demo\/wp-content\/uploads\/2024\/02\/Henkilokuva_Virpi_Vuolahti_mv-1078x1536.jpg 1078w, https:\/\/sykli.fi\/demo\/wp-content\/uploads\/2024\/02\/Henkilokuva_Virpi_Vuolahti_mv-1438x2048.jpg 1438w\" sizes=\"auto, (max-width: 1697px) 100vw, 1697px\" \/>                            <\/div>\r\n                            <div class=\"col-8\">\r\n                                <h3>Virpi Vuolahti<\/h3>\r\n                                Koulutusvastaava                                <ul>\r\n                                    <li><svg xmlns=\"http:\/\/www.w3.org\/2000\/svg\" width=\"16\" height=\"16\" fill=\"currentColor\" class=\"bi bi-telephone-fill\" viewBox=\"0 0 16 16\">\r\n                                <path fill-rule=\"evenodd\" d=\"M1.885.511a1.745 1.745 0 0 1 2.61.163L6.29 2.98c.329.423.445.974.315 1.494l-.547 2.19a.678.678 0 0 0 .178.643l2.457 2.457a.678.678 0 0 0 .644.178l2.189-.547a1.745 1.745 0 0 1 1.494.315l2.306 1.794c.829.645.905 1.87.163 2.611l-1.034 1.034c-.74.74-1.846 1.065-2.877.702a18.634 18.634 0 0 1-7.01-4.42 18.634 18.634 0 0 1-4.42-7.009c-.362-1.03-.037-2.137.703-2.877L1.885.511z\"\/>\r\n                              <\/svg> <a href=\"tel:+358447225939\">044 722 5939<\/a><\/li><li><svg xmlns=\"http:\/\/www.w3.org\/2000\/svg\" width=\"16\" height=\"16\" fill=\"currentColor\" class=\"bi bi-envelope-fill\" viewBox=\"0 0 16 16\">\r\n                                <path d=\"M.05 3.555A2 2 0 0 1 2 2h12a2 2 0 0 1 1.95 1.555L8 8.414.05 3.555ZM0 4.697v7.104l5.803-3.558L0 4.697ZM6.761 8.83l-6.57 4.027A2 2 0 0 0 2 14h12a2 2 0 0 0 1.808-1.144l-6.57-4.027L8 9.586l-1.239-.757Zm3.436-.586L16 11.801V4.697l-5.803 3.546Z\"\/>\r\n                              <\/svg> <a href=\"mailto:virpi.vuolahti@sykli.fi\">virpi.vuolahti@sykli.fi<\/a><\/li>                                <\/ul>\r\n                            <\/div>\r\n                        <\/div>\r\n                    <\/div>\r\n                <\/div>\r\n    <\/div>","protected":false},"excerpt":{"rendered":"<p>Haluatko oppia organisaatioiden luontovaikutuksista ja niiden hallinnasta? Luontovaikutusten asiantuntijan koulutusohjelmassa perehdyt\u00e4\u00e4n erilaisiin luontovaikutusten arviointimenetelmiin, luontovaikutusten raportointiin sek\u00e4 vaikutusten pienent\u00e4miseen. Koulutusohjelma [&hellip;]<\/p>\n","protected":false},"author":7,"featured_media":69874,"parent":62044,"menu_order":0,"comment_status":"closed","ping_status":"closed","template":"","meta":{"_acf_changed":false,"footnotes":""},"class_list":["post-69873","page","type-page","status-publish","has-post-thumbnail","hentry"],"acf":[],"_links":{"self":[{"href":"https:\/\/sykli.fi\/demo\/wp-json\/wp\/v2\/pages\/69873","targetHints":{"allow":["GET"]}}],"collection":[{"href":"https:\/\/sykli.fi\/demo\/wp-json\/wp\/v2\/pages"}],"about":[{"href":"https:\/\/sykli.fi\/demo\/wp-json\/wp\/v2\/types\/page"}],"author":[{"embeddable":true,"href":"https:\/\/sykli.fi\/demo\/wp-json\/wp\/v2\/users\/7"}],"replies":[{"embeddable":true,"href":"https:\/\/sykli.fi\/demo\/wp-json\/wp\/v2\/comments?post=69873"}],"version-history":[{"count":10,"href":"https:\/\/sykli.fi\/demo\/wp-json\/wp\/v2\/pages\/69873\/revisions"}],"predecessor-version":[{"id":73920,"href":"https:\/\/sykli.fi\/demo\/wp-json\/wp\/v2\/pages\/69873\/revisions\/73920"}],"up":[{"embeddable":true,"href":"https:\/\/sykli.fi\/demo\/wp-json\/wp\/v2\/pages\/62044"}],"wp:featuredmedia":[{"embeddable":true,"href":"https:\/\/sykli.fi\/demo\/wp-json\/wp\/v2\/media\/69874"}],"wp:attachment":[{"href":"https:\/\/sykli.fi\/demo\/wp-json\/wp\/v2\/media?parent=69873"}],"curies":[{"name":"wp","href":"https:\/\/api.w.org\/{rel}","templated":true}]}}