{"id":69460,"date":"2024-10-16T12:52:46","date_gmt":"2024-10-16T09:52:46","guid":{"rendered":"https:\/\/sykli.fi\/?page_id=69460"},"modified":"2025-12-19T10:16:59","modified_gmt":"2025-12-19T08:16:59","slug":"tyoyhteisossa-toimiminen","status":"publish","type":"page","link":"https:\/\/sykli.fi\/demo\/hakijalle\/ymparistoalan-erikoisammattitutkinto\/tutkinnon-osien-koulutukset\/tyoyhteisossa-toimiminen\/","title":{"rendered":"Ty\u00f6yhteis\u00f6ss\u00e4 toimiminen"},"content":{"rendered":"\r\n<section id=\"hero-block_7aa98101fe290879933f38547ca96100\" class=\"hero site-banner section-default default alignfull\">\r\n\r\n    <div class=\"site-banner-bg section-bg-image \" >\r\n\r\n        <img loading=\"lazy\" decoding=\"async\" width=\"1000\" height=\"667\" src=\"https:\/\/sykli.fi\/demo\/wp-content\/uploads\/2025\/01\/shutterstock_1724121793.jpg\" class=\"attachment-1536\u00d71536 size-1536\u00d71536\" alt=\"\" srcset=\"https:\/\/sykli.fi\/demo\/wp-content\/uploads\/2025\/01\/shutterstock_1724121793.jpg 1000w, https:\/\/sykli.fi\/demo\/wp-content\/uploads\/2025\/01\/shutterstock_1724121793-300x200.jpg 300w, https:\/\/sykli.fi\/demo\/wp-content\/uploads\/2025\/01\/shutterstock_1724121793-768x512.jpg 768w\" sizes=\"auto, (max-width: 1000px) 100vw, 1000px\" \/>\r\n        \r\n        \r\n            <div class=\"site-banner-content container\">\r\n                <div class=\"row w-100\">\r\n                    <div class=\"col-md-12\">\r\n                        <div class=\"hero-text-overlay\">\r\n                                                                <h1 class=\"hero-title\">Ty\u00f6yhteis\u00f6ss\u00e4 toimiminen<\/h1>\r\n                            <div class=\"inner-content\">\r\n                            <div class=\"acf-innerblocks-container\">\n\n<p>Tutkinnon osan koulutus<\/p>\n\n<\/div>\r\n                        <\/div>                        <\/div>\r\n                    <\/div>\r\n                <\/div>\r\n            <\/div>\r\n\r\n        <\/section>\n\n\n<p><strong>Ty\u00f6el\u00e4m\u00e4 on merkitt\u00e4v\u00e4 osa el\u00e4m\u00e4\u00e4mme, ja sen vaikutus omaan ja planeettamme hyvinvointiin on huomattava.&nbsp;Ty\u00f6yhteis\u00f6ss\u00e4 toimimisen ammattilainen -koulutuksessa kehit\u00e4t kest\u00e4vi\u00e4 ty\u00f6el\u00e4m\u00e4taitoja ja vahvistat asemaasi aktiivisena ja vastuullisena ty\u00f6yhteis\u00f6n j\u00e4senen\u00e4. Koulutuksen k\u00e4yty\u00e4si tied\u00e4t,&nbsp;miten omalla ammattitaidolla voidaan rakentaa luottamusta ja kest\u00e4vyysarvoja kunnioittavaa tulevaisuutta.&nbsp;<\/strong><br><br>Kurssilla k\u00e4sitell\u00e4\u00e4n laajasti erilaisia ty\u00f6yhteis\u00f6taitoihin liittyvi\u00e4 teemoja. Koulutuksen aikana vahvistat osaamistasi ty\u00f6el\u00e4m\u00e4n lains\u00e4\u00e4d\u00e4nn\u00f6st\u00e4, ty\u00f6yhteis\u00f6n turvallisuudesta sek\u00e4 vuorovaikutustilanteiden tehokkaasta ratkaisemisesta. Opit tuntemaan alasi sopimukset ja s\u00e4\u00e4d\u00f6kset, ja saat k\u00e4yt\u00e4nn\u00f6n valmiudet niiden soveltamiseen ty\u00f6ss\u00e4si.<\/p>\n\n\n\n<p><strong>Osaamislupauksemme:\u202f<\/strong>&nbsp;<\/p>\n\n\n\n<ul class=\"wp-block-list\">\n<li>Opiskelija ymm\u00e4rt\u00e4\u00e4 oman roolinsa vastuullisena ja aktiivisena ty\u00f6yhteis\u00f6n j\u00e4senen\u00e4.&nbsp;<\/li>\n\n\n\n<li>Opiskelija tuntee ty\u00f6lains\u00e4\u00e4d\u00e4nn\u00f6n, alan sopimukset ja s\u00e4\u00e4d\u00f6kset, ja osaa soveltaa niit\u00e4 ty\u00f6ss\u00e4\u00e4n.&nbsp;<\/li>\n\n\n\n<li>Opiskelija toimii organisaation vision, arvojen ja strategisten tavoitteiden mukaisesti.&nbsp;<\/li>\n\n\n\n<li>Opiskelija on joustava, yhteisty\u00f6kykyinen ja vastuullinen tiimity\u00f6skentelij\u00e4, edist\u00e4en hyv\u00e4\u00e4 ty\u00f6ilmapiiri\u00e4.&nbsp;<\/li>\n\n\n\n<li>Opiskelija huolehtii ty\u00f6yhteis\u00f6n turvallisuudesta, siisteydest\u00e4 ja viihtyvyydest\u00e4, toimien turvallisuusk\u00e4yt\u00e4nt\u00f6jen mukaisesti.&nbsp;<\/li>\n\n\n\n<li>Opiskelija jakaa osaamistaan ja hiljaista tietoa ty\u00f6yhteis\u00f6n hyv\u00e4ksi, kannustaen muita oppimaan ja kehittym\u00e4\u00e4n.&nbsp;<\/li>\n\n\n\n<li>Opiskelija kehitt\u00e4\u00e4 jatkuvasti omaa ty\u00f6t\u00e4\u00e4n ja ty\u00f6yhteis\u00f6n toimintaa yhteisty\u00f6ss\u00e4 muiden kanssa.&nbsp;<\/li>\n<\/ul>\n\n\n\n<h3 class=\"wp-block-heading has-medium-font-size\">Koulutuksen sis\u00e4lt\u00f6<\/h3>\n\n\n\n<p>Koulutus sis\u00e4lt\u00e4\u00e4 kaksi vuorovaikutteista verkko-opetusp\u00e4iv\u00e4\u00e4, verkkokurssin sek\u00e4 kurssin suorittamiseen ohjaavan teht\u00e4v\u00e4klinikan.&nbsp;<\/p>\n\n\n\n<h3 class=\"wp-block-heading has-medium-font-size\">Tietoa Ty\u00f6yhteis\u00f6ss\u00e4 toimiminen -tutkinnon osan suorittamisesta&nbsp;<\/h3>\n\n\n\n<p>T\u00e4h\u00e4n koulutukseen osallistuneilla on mahdollisuus osoittaa osaaminen n\u00e4yt\u00f6ss\u00e4 ja suorittaa Ymp\u00e4rist\u00f6alan erikoisammattitutkinnon tutkinnon osa nimelt\u00e4 Ty\u00f6yhteis\u00f6ss\u00e4 toimiminen. Tutkinnon osan laajuus on 25 osaamispistett\u00e4. <\/p>\n\n\n\n<p>Mik\u00e4li et viel\u00e4 ole tutkinto-opiskelijana Sykliss\u00e4 ja haluat suorittaa t\u00e4m\u00e4n tutkinnon osan, ilmoittaudu koulutukseen valitsemalla ilmoittautumisvaihtoehto \u201cOsallistun koulutukseen ja haluan samalla ilmoittautua Syklin opiskelijaksi&#8221;.<\/p>\n\n\n\n<p>Opiskelija osoittaa ammattitaitonsa n\u00e4yt\u00f6ss\u00e4 toimimalla ymp\u00e4rist\u00f6alan k\u00e4yt\u00e4nn\u00f6n ty\u00f6teht\u00e4viss\u00e4. Silt\u00e4 osin kuin tutkinnon osassa vaadittua ammattitaitoa ei voida arvioida n\u00e4yt\u00f6n perusteella, ammattitaidon osoittamista t\u00e4ydennet\u00e4\u00e4n yksil\u00f6llisesti muilla tavoin.&nbsp;<\/p>\n\n\n\n<p>Tutustu Ymp\u00e4rist\u00f6alan erikoisammattitutkinnon tutkinnonperusteisiin ja \u201cTy\u00f6yhteis\u00f6ss\u00e4 toimiminen\u201d -tutkinnon osan vaatimuksiin tarkemmin&nbsp;<a href=\"https:\/\/eperusteet.opintopolku.fi\/#\/fi\/ammatillinen\/3792067\/tutkinnonosat\/3814440\" target=\"_blank\" rel=\"noreferrer noopener\">opintopolun eperusteissa<\/a>.&nbsp;&nbsp;<\/p>\n\n\n\n<hr class=\"wp-block-separator has-alpha-channel-opacity is-style-wide\"\/>\n\n\n\n<h2 class=\"wp-block-heading\">Ilmoittaudu koulutukseen:<\/h2>\n\n\n\n<p><a href=\"https:\/\/ssl.eventilla.com\/tyoyhteisossa-toimiminen-maaliskuu26\" target=\"_blank\" rel=\"noreferrer noopener\">Ty\u00f6yhteis\u00f6ss\u00e4 toimiminen, maaliskuu 2026<\/a><\/p>\n\n\n\n<p><a href=\"https:\/\/ssl.eventilla.com\/tyoyhteisossa-toimiminen-toukokuu26\" target=\"_blank\" rel=\"noreferrer noopener\">Ty\u00f6yhteis\u00f6ss\u00e4 toimiminen, toukokuu 2026<\/a><\/p>\n\n\n\n<p><a href=\"https:\/\/ssl.eventilla.com\/tyoyhteisossa-toimiminen-lokakuu26\" target=\"_blank\" rel=\"noreferrer noopener\">Ty\u00f6yhteis\u00f6ss\u00e4 toimiminen, lokakuu 2026<\/a><\/p>\n\n\n\n<p><a href=\"https:\/\/ssl.eventilla.com\/tyoyhteisossa-toimiminen-joulukuu26\" target=\"_blank\" rel=\"noreferrer noopener\">Ty\u00f6yhteis\u00f6ss\u00e4 toimiminen, joulukuu 2026<\/a><\/p>\n\n\n\n<hr class=\"wp-block-separator has-alpha-channel-opacity is-style-wide\"\/>\n\n\n<h2>Kysy lis\u00e4\u00e4:<\/h2>\r\n<div class=\"row\">\r\n                                <div class=\"col-md-6\">\r\n                    <div class=\"staff-box\">\r\n                        <div class=\"row\">\r\n                            <div class=\"col-4\">\r\n                                <img loading=\"lazy\" decoding=\"async\" width=\"150\" height=\"250\" src=\"https:\/\/sykli.fi\/demo\/wp-content\/uploads\/2022\/09\/terhi-ylipirila-2022-nettisivuille-mv.jpg\" class=\"attachment-post-thumbnail size-post-thumbnail wp-post-image\" alt=\"\" \/>                            <\/div>\r\n                            <div class=\"col-8\">\r\n                                <h3>Terhi Yli-Piril\u00e4<\/h3>\r\n                                Koulutusvastaava                                <ul>\r\n                                    <li><svg xmlns=\"http:\/\/www.w3.org\/2000\/svg\" width=\"16\" height=\"16\" fill=\"currentColor\" class=\"bi bi-telephone-fill\" viewBox=\"0 0 16 16\">\r\n                                <path fill-rule=\"evenodd\" d=\"M1.885.511a1.745 1.745 0 0 1 2.61.163L6.29 2.98c.329.423.445.974.315 1.494l-.547 2.19a.678.678 0 0 0 .178.643l2.457 2.457a.678.678 0 0 0 .644.178l2.189-.547a1.745 1.745 0 0 1 1.494.315l2.306 1.794c.829.645.905 1.87.163 2.611l-1.034 1.034c-.74.74-1.846 1.065-2.877.702a18.634 18.634 0 0 1-7.01-4.42 18.634 18.634 0 0 1-4.42-7.009c-.362-1.03-.037-2.137.703-2.877L1.885.511z\"\/>\r\n                              <\/svg> <a href=\"tel:+358503390382\">050 339 0382<\/a><\/li><li><svg xmlns=\"http:\/\/www.w3.org\/2000\/svg\" width=\"16\" height=\"16\" fill=\"currentColor\" class=\"bi bi-envelope-fill\" viewBox=\"0 0 16 16\">\r\n                                <path d=\"M.05 3.555A2 2 0 0 1 2 2h12a2 2 0 0 1 1.95 1.555L8 8.414.05 3.555ZM0 4.697v7.104l5.803-3.558L0 4.697ZM6.761 8.83l-6.57 4.027A2 2 0 0 0 2 14h12a2 2 0 0 0 1.808-1.144l-6.57-4.027L8 9.586l-1.239-.757Zm3.436-.586L16 11.801V4.697l-5.803 3.546Z\"\/>\r\n                              <\/svg> <a href=\"mailto:terhi.yli-pirila@sykli.fi\">terhi.yli-pirila@sykli.fi<\/a><\/li>                                <\/ul>\r\n                            <\/div>\r\n                        <\/div>\r\n                    <\/div>\r\n                <\/div>\r\n    <\/div>","protected":false},"excerpt":{"rendered":"<p>Ty\u00f6el\u00e4m\u00e4 on merkitt\u00e4v\u00e4 osa el\u00e4m\u00e4\u00e4mme, ja sen vaikutus omaan ja planeettamme hyvinvointiin on huomattava.&nbsp;Ty\u00f6yhteis\u00f6ss\u00e4 toimimisen ammattilainen -koulutuksessa kehit\u00e4t kest\u00e4vi\u00e4 ty\u00f6el\u00e4m\u00e4taitoja [&hellip;]<\/p>\n","protected":false},"author":7,"featured_media":70097,"parent":66636,"menu_order":0,"comment_status":"closed","ping_status":"closed","template":"","meta":{"_acf_changed":false,"footnotes":""},"class_list":["post-69460","page","type-page","status-publish","has-post-thumbnail","hentry"],"acf":[],"_links":{"self":[{"href":"https:\/\/sykli.fi\/demo\/wp-json\/wp\/v2\/pages\/69460","targetHints":{"allow":["GET"]}}],"collection":[{"href":"https:\/\/sykli.fi\/demo\/wp-json\/wp\/v2\/pages"}],"about":[{"href":"https:\/\/sykli.fi\/demo\/wp-json\/wp\/v2\/types\/page"}],"author":[{"embeddable":true,"href":"https:\/\/sykli.fi\/demo\/wp-json\/wp\/v2\/users\/7"}],"replies":[{"embeddable":true,"href":"https:\/\/sykli.fi\/demo\/wp-json\/wp\/v2\/comments?post=69460"}],"version-history":[{"count":10,"href":"https:\/\/sykli.fi\/demo\/wp-json\/wp\/v2\/pages\/69460\/revisions"}],"predecessor-version":[{"id":73219,"href":"https:\/\/sykli.fi\/demo\/wp-json\/wp\/v2\/pages\/69460\/revisions\/73219"}],"up":[{"embeddable":true,"href":"https:\/\/sykli.fi\/demo\/wp-json\/wp\/v2\/pages\/66636"}],"wp:featuredmedia":[{"embeddable":true,"href":"https:\/\/sykli.fi\/demo\/wp-json\/wp\/v2\/media\/70097"}],"wp:attachment":[{"href":"https:\/\/sykli.fi\/demo\/wp-json\/wp\/v2\/media?parent=69460"}],"curies":[{"name":"wp","href":"https:\/\/api.w.org\/{rel}","templated":true}]}}