{"id":69062,"date":"2024-08-26T15:33:06","date_gmt":"2024-08-26T12:33:06","guid":{"rendered":"https:\/\/sykli.fi\/?page_id=69062"},"modified":"2025-10-14T14:50:19","modified_gmt":"2025-10-14T11:50:19","slug":"ymparistoalan-tyonjohtajana-toimiminen","status":"publish","type":"page","link":"https:\/\/sykli.fi\/demo\/hakijalle\/ymparistoalan-erikoisammattitutkinto\/tutkinnon-osien-koulutukset\/ymparistoalan-tyonjohtajana-toimiminen\/","title":{"rendered":"Ymp\u00e4rist\u00f6alan ty\u00f6njohtajana toimiminen"},"content":{"rendered":"\r\n<section id=\"hero-block_394cffb3e6097a9f7b5c91fccbb791a2\" class=\"hero site-banner section-default default alignfull\">\r\n\r\n    <div class=\"site-banner-bg section-bg-image \" >\r\n\r\n        <img loading=\"lazy\" decoding=\"async\" width=\"2560\" height=\"1707\" src=\"https:\/\/sykli.fi\/demo\/wp-content\/uploads\/2024\/08\/shutterstock_2269876815-scaled.jpg\" class=\"attachment-1536\u00d71536 size-1536\u00d71536\" alt=\"\" srcset=\"https:\/\/sykli.fi\/demo\/wp-content\/uploads\/2024\/08\/shutterstock_2269876815-scaled.jpg 2560w, https:\/\/sykli.fi\/demo\/wp-content\/uploads\/2024\/08\/shutterstock_2269876815-300x200.jpg 300w, https:\/\/sykli.fi\/demo\/wp-content\/uploads\/2024\/08\/shutterstock_2269876815-1024x683.jpg 1024w, https:\/\/sykli.fi\/demo\/wp-content\/uploads\/2024\/08\/shutterstock_2269876815-768x512.jpg 768w, https:\/\/sykli.fi\/demo\/wp-content\/uploads\/2024\/08\/shutterstock_2269876815-1536x1024.jpg 1536w, https:\/\/sykli.fi\/demo\/wp-content\/uploads\/2024\/08\/shutterstock_2269876815-2048x1365.jpg 2048w\" sizes=\"auto, (max-width: 2560px) 100vw, 2560px\" \/>\r\n        \r\n        \r\n            <div class=\"site-banner-content container\">\r\n                <div class=\"row w-100\">\r\n                    <div class=\"col-md-12\">\r\n                        <div class=\"hero-text-overlay\">\r\n                                                                <h1 class=\"hero-title\">Ymp\u00e4rist\u00f6alan ty\u00f6njohtajana toimiminen<\/h1>\r\n                            <div class=\"inner-content\">\r\n                            <div class=\"acf-innerblocks-container\">\n\n<p>Tutkinnon osan koulutus<\/p>\n\n<\/div>\r\n                        <\/div>                        <\/div>\r\n                    <\/div>\r\n                <\/div>\r\n            <\/div>\r\n\r\n        <\/section>\n\n\n<p>Hei ymp\u00e4rist\u00f6alalla toimiva esihenkil\u00f6 tai tiiminvet\u00e4j\u00e4! T\u00e4ss\u00e4 koulutuksessa p\u00e4\u00e4set kehitt\u00e4m\u00e4\u00e4n esihenkil\u00f6taitojasi. Saat kattavan ja monipuolisen paketin tietoa esihenkil\u00f6ty\u00f6n tueksi. Esihenkil\u00f6n\u00e4 olet keskeisess\u00e4 roolissa organisaation menestyksen kannalta ja voit ohjata tiimi\u00e4si kohti kest\u00e4v\u00e4mp\u00e4\u00e4 ty\u00f6el\u00e4m\u00e4\u00e4.<\/p>\n\n\n\n<p><strong>Koulutuksessa k\u00e4sitelt\u00e4vi\u00e4 teemoja ovat mm.&nbsp;&nbsp;<\/strong><\/p>\n\n\n\n<ul class=\"wp-block-list\">\n<li>esihenkil\u00f6ty\u00f6n merkitys nyt ja tulevaisuudessa,&nbsp;&nbsp;<\/li>\n\n\n\n<li>esihenkil\u00f6n rooli ty\u00f6suhteen eri vaiheissa,&nbsp;&nbsp;<\/li>\n\n\n\n<li>henkil\u00f6st\u00f6resurssien mitoittaminen ja ty\u00f6n organisointi,&nbsp;&nbsp;<\/li>\n\n\n\n<li>ty\u00f6lains\u00e4\u00e4d\u00e4nt\u00f6 ja erilaiset sopimukset sek\u00e4&nbsp;&nbsp;<\/li>\n\n\n\n<li>esihenkil\u00f6viestint\u00e4 ja vuorovaikutus.&nbsp;&nbsp;&nbsp;<\/li>\n<\/ul>\n\n\n\n<p><strong>Osaamislupauksemme:\u202f&nbsp;<\/strong>&nbsp;&nbsp;<\/p>\n\n\n\n<ul class=\"wp-block-list\">\n<li>Opiskelija ymm\u00e4rt\u00e4\u00e4 oman roolinsa esihenkil\u00f6n\u00e4 kest\u00e4v\u00e4n tulevaisuuden rakentajana.&nbsp;&nbsp;<\/li>\n\n\n\n<li>Opiskelija tuntee ja osaa hy\u00f6dynt\u00e4\u00e4 erilaisia ty\u00f6n organisointiin liittyvi\u00e4 menetelmi\u00e4 ja ty\u00f6kaluja.&nbsp;&nbsp;<\/li>\n\n\n\n<li>Opiskelija ymm\u00e4rt\u00e4\u00e4 esihenkil\u00f6n vastuut ja velvollisuudet.&nbsp;&nbsp;<\/li>\n\n\n\n<li>Opiskelija rakentaa vastuullista toimintakulttuuria omassa ty\u00f6yhteis\u00f6ss\u00e4\u00e4n.&nbsp;&nbsp;<\/li>\n\n\n\n<li>Opiskelija kehitt\u00e4\u00e4 vastuullisen henkil\u00f6st\u00f6johtamisen k\u00e4yt\u00e4nt\u00f6j\u00e4.&nbsp;&nbsp;<\/li>\n\n\n\n<li>Opiskelija osaa huomioida henkil\u00f6st\u00f6n moninaisuuden sek\u00e4 rakentaa yhdenvertaista ja kaikki mukaan ottavaa ty\u00f6kulttuuria.&nbsp;<\/li>\n\n\n\n<li>Opiskelija tunnistaa omia kehittymistarpeitaan ja kehitt\u00e4\u00e4 ty\u00f6skentelytapojaan esihenkil\u00f6n\u00e4.<br><\/li>\n<\/ul>\n\n\n\n<h3 class=\"wp-block-heading has-medium-font-size\">Koulutuksen suorittaminen<\/h3>\n\n\n\n<p>Verkkopohjainen opintokokonaisuus tarjoaa joustavat opiskelumahdollisuudet ja k\u00e4yt\u00e4nn\u00f6n taitoja vahvistavan oppimispolun, jonka voit suorittaa itsen\u00e4isesti. Verkko-opetusp\u00e4iviss\u00e4 ja teht\u00e4v\u00e4klinikoissa saat tukea opintoihisi sek\u00e4 mahdollisuuden jakaa kokemuksia muiden tiiminvet\u00e4jien tai esihenkil\u00f6iden kanssa.\u202f<br><br>Koulutuksen aikana p\u00e4\u00e4set tekem\u00e4\u00e4n esihenkil\u00f6n 360-arvioinnin, joka sis\u00e4lt\u00e4\u00e4 itsearvioinnin ja tiimil\u00e4istesi antaman arvion ja jonka avulla voit tunnistaa kehityskohteita omassa esihenkil\u00f6ty\u00f6ss\u00e4si.&nbsp;<br><\/p>\n\n\n\n<h3 class=\"wp-block-heading has-medium-font-size\">Tietoa Ymp\u00e4rist\u00f6alan ty\u00f6njohtajana toimiminen -tutkinnon osan suorittamisesta\u202f&nbsp;<\/h3>\n\n\n\n<p>T\u00e4h\u00e4n koulutukseen osallistuneilla on mahdollisuus osoittaa osaaminen n\u00e4yt\u00f6ss\u00e4 ja suorittaa ymp\u00e4rist\u00f6alan erikoisammattitutkinnon (EAT) tutkinnon osa nimelt\u00e4 Ymp\u00e4rist\u00f6alan ty\u00f6njohtajana toimiminen. Tutkinnon osan laajuus on 40 osaamispistett\u00e4. <\/p>\n\n\n\n<p>Ymp\u00e4rist\u00f6alan Ty\u00f6njohtajana toimiminen -opintokokonaisuudessa toteutetaan 360-arviointi, joka keskittyy toimintaan ty\u00f6njohtajana. Mik\u00e4li olet jo suorittanut ty\u00f6yhteis\u00f6ss\u00e4 toimimisen opinnot, saatat olla tehnyt vastaavan arvioinnin aiemmin.<\/p>\n\n\n\n<p>Opiskelija osoittaa ammattitaitonsa n\u00e4yt\u00f6ss\u00e4 k\u00e4yt\u00e4nn\u00f6n ty\u00f6teht\u00e4viss\u00e4 toimimalla ymp\u00e4rist\u00f6alan esihenkil\u00f6-, tiiminvet\u00e4j\u00e4- tai ty\u00f6njohtoteht\u00e4viss\u00e4.&nbsp;Silt\u00e4 osin, kuin tutkinnon osassa vaadittua ammattitaitoa ei voida arvioida n\u00e4yt\u00f6n perusteella, ammattitaidon osoittamista t\u00e4ydennet\u00e4\u00e4n yksil\u00f6llisesti muilla tavoin.\u202f&nbsp;<\/p>\n\n\n\n<p>Mik\u00e4li et viel\u00e4 ole tutkinto-opiskelijana Sykliss\u00e4 ja haluat suorittaa t\u00e4m\u00e4n tutkinnon osan, ilmoittaudu koulutukseen valitsemalla ilmoittautumisvaihtoehto \u201cOsallistun koulutukseen ja haluan samalla ilmoittautua Syklin opiskelijaksi&#8221;.<\/p>\n\n\n\n<p>Tutustu Ymp\u00e4rist\u00f6alan erikoisammattitutkinnon tutkinnon perusteisiin ja Ymp\u00e4rist\u00f6alan ty\u00f6njohtajana toimiminen -tutkinnon osan vaatimuksiin tarkemmin\u202f<a href=\"https:\/\/eperusteet.opintopolku.fi\/#\/fi\/ammatillinen\/3792067\/tutkinnonosat\/3814555\" target=\"_blank\" rel=\"noreferrer noopener\">Opetushallituksen ePerusteet-palvelussa<\/a>.\u202f\u202f<\/p>\n\n\n\n<hr class=\"wp-block-separator has-alpha-channel-opacity is-style-wide\"\/>\n\n\n\n<h2 class=\"wp-block-heading has-medium-font-size\">Ilmoittaudu koulutukseen:<\/h2>\n\n\n\n<p><a href=\"https:\/\/ssl.eventilla.com\/tj-helmikuu2026\" target=\"_blank\" rel=\"noreferrer noopener\">Ymp\u00e4rist\u00f6alan ty\u00f6njohtajana toimiminen, helmikuu 2026<\/a><br><a href=\"https:\/\/ssl.eventilla.com\/tj-marraskuu2026\" target=\"_blank\" rel=\"noreferrer noopener\">Ymp\u00e4rist\u00f6alan ty\u00f6njohtajana toimiminen, marraskuu 2026<\/a><br><\/p>\n\n\n\n<hr class=\"wp-block-separator has-alpha-channel-opacity is-style-wide\"\/>\n\n\n<h2>Kysy lis\u00e4\u00e4<\/h2>\r\n<div class=\"row\">\r\n                                <div class=\"col-md-6\">\r\n                    <div class=\"staff-box\">\r\n                        <div class=\"row\">\r\n                            <div class=\"col-4\">\r\n                                <img loading=\"lazy\" decoding=\"async\" width=\"150\" height=\"250\" src=\"https:\/\/sykli.fi\/demo\/wp-content\/uploads\/2022\/09\/terhi-liettila-2019-nettisivuille-mv.jpg\" class=\"attachment-post-thumbnail size-post-thumbnail wp-post-image\" alt=\"\" \/>                            <\/div>\r\n                            <div class=\"col-8\">\r\n                                <h3>Terhi Liettil\u00e4<\/h3>\r\n                                Asiantuntija, ratkaisut ja kumppanuudet                                <ul>\r\n                                    <li><svg xmlns=\"http:\/\/www.w3.org\/2000\/svg\" width=\"16\" height=\"16\" fill=\"currentColor\" class=\"bi bi-telephone-fill\" viewBox=\"0 0 16 16\">\r\n                                <path fill-rule=\"evenodd\" d=\"M1.885.511a1.745 1.745 0 0 1 2.61.163L6.29 2.98c.329.423.445.974.315 1.494l-.547 2.19a.678.678 0 0 0 .178.643l2.457 2.457a.678.678 0 0 0 .644.178l2.189-.547a1.745 1.745 0 0 1 1.494.315l2.306 1.794c.829.645.905 1.87.163 2.611l-1.034 1.034c-.74.74-1.846 1.065-2.877.702a18.634 18.634 0 0 1-7.01-4.42 18.634 18.634 0 0 1-4.42-7.009c-.362-1.03-.037-2.137.703-2.877L1.885.511z\"\/>\r\n                              <\/svg> <a href=\"tel:+358469227696\">046 922 7696<\/a><\/li><li><svg xmlns=\"http:\/\/www.w3.org\/2000\/svg\" width=\"16\" height=\"16\" fill=\"currentColor\" class=\"bi bi-envelope-fill\" viewBox=\"0 0 16 16\">\r\n                                <path d=\"M.05 3.555A2 2 0 0 1 2 2h12a2 2 0 0 1 1.95 1.555L8 8.414.05 3.555ZM0 4.697v7.104l5.803-3.558L0 4.697ZM6.761 8.83l-6.57 4.027A2 2 0 0 0 2 14h12a2 2 0 0 0 1.808-1.144l-6.57-4.027L8 9.586l-1.239-.757Zm3.436-.586L16 11.801V4.697l-5.803 3.546Z\"\/>\r\n                              <\/svg> <a href=\"mailto:terhi.liettila@sykli.fi\">terhi.liettila@sykli.fi<\/a><\/li>                                <\/ul>\r\n                            <\/div>\r\n                        <\/div>\r\n                    <\/div>\r\n                <\/div>\r\n                                <div class=\"col-md-6\">\r\n                    <div class=\"staff-box\">\r\n                        <div class=\"row\">\r\n                            <div class=\"col-4\">\r\n                                <img loading=\"lazy\" decoding=\"async\" width=\"1200\" height=\"1200\" src=\"https:\/\/sykli.fi\/demo\/wp-content\/uploads\/2024\/05\/Annukka-Soinola-MV.jpg\" class=\"attachment-post-thumbnail size-post-thumbnail wp-post-image\" alt=\"\" srcset=\"https:\/\/sykli.fi\/demo\/wp-content\/uploads\/2024\/05\/Annukka-Soinola-MV.jpg 1200w, https:\/\/sykli.fi\/demo\/wp-content\/uploads\/2024\/05\/Annukka-Soinola-MV-300x300.jpg 300w, https:\/\/sykli.fi\/demo\/wp-content\/uploads\/2024\/05\/Annukka-Soinola-MV-1024x1024.jpg 1024w, https:\/\/sykli.fi\/demo\/wp-content\/uploads\/2024\/05\/Annukka-Soinola-MV-150x150.jpg 150w, https:\/\/sykli.fi\/demo\/wp-content\/uploads\/2024\/05\/Annukka-Soinola-MV-768x768.jpg 768w\" sizes=\"auto, (max-width: 1200px) 100vw, 1200px\" \/>                            <\/div>\r\n                            <div class=\"col-8\">\r\n                                <h3>Annukka Soinola<\/h3>\r\n                                Asiantuntija,\u00a0vesihuolto\u00a0                                <ul>\r\n                                    <li><svg xmlns=\"http:\/\/www.w3.org\/2000\/svg\" width=\"16\" height=\"16\" fill=\"currentColor\" class=\"bi bi-telephone-fill\" viewBox=\"0 0 16 16\">\r\n                                <path fill-rule=\"evenodd\" d=\"M1.885.511a1.745 1.745 0 0 1 2.61.163L6.29 2.98c.329.423.445.974.315 1.494l-.547 2.19a.678.678 0 0 0 .178.643l2.457 2.457a.678.678 0 0 0 .644.178l2.189-.547a1.745 1.745 0 0 1 1.494.315l2.306 1.794c.829.645.905 1.87.163 2.611l-1.034 1.034c-.74.74-1.846 1.065-2.877.702a18.634 18.634 0 0 1-7.01-4.42 18.634 18.634 0 0 1-4.42-7.009c-.362-1.03-.037-2.137.703-2.877L1.885.511z\"\/>\r\n                              <\/svg> <a href=\"tel:+358447498642\">044 7498642<\/a><\/li><li><svg xmlns=\"http:\/\/www.w3.org\/2000\/svg\" width=\"16\" height=\"16\" fill=\"currentColor\" class=\"bi bi-envelope-fill\" viewBox=\"0 0 16 16\">\r\n                                <path d=\"M.05 3.555A2 2 0 0 1 2 2h12a2 2 0 0 1 1.95 1.555L8 8.414.05 3.555ZM0 4.697v7.104l5.803-3.558L0 4.697ZM6.761 8.83l-6.57 4.027A2 2 0 0 0 2 14h12a2 2 0 0 0 1.808-1.144l-6.57-4.027L8 9.586l-1.239-.757Zm3.436-.586L16 11.801V4.697l-5.803 3.546Z\"\/>\r\n                              <\/svg> <a href=\"mailto:annukka.soinola@sykli.fi\">annukka.soinola@sykli.fi<\/a><\/li>                                <\/ul>\r\n                            <\/div>\r\n                        <\/div>\r\n                    <\/div>\r\n                <\/div>\r\n    <\/div>","protected":false},"excerpt":{"rendered":"<p>Hei ymp\u00e4rist\u00f6alalla toimiva esihenkil\u00f6 tai tiiminvet\u00e4j\u00e4! T\u00e4ss\u00e4 koulutuksessa p\u00e4\u00e4set kehitt\u00e4m\u00e4\u00e4n esihenkil\u00f6taitojasi. Saat kattavan ja monipuolisen paketin tietoa esihenkil\u00f6ty\u00f6n tueksi. Esihenkil\u00f6n\u00e4 [&hellip;]<\/p>\n","protected":false},"author":7,"featured_media":69065,"parent":66636,"menu_order":0,"comment_status":"closed","ping_status":"closed","template":"","meta":{"_acf_changed":false,"footnotes":""},"class_list":["post-69062","page","type-page","status-publish","has-post-thumbnail","hentry"],"acf":[],"_links":{"self":[{"href":"https:\/\/sykli.fi\/demo\/wp-json\/wp\/v2\/pages\/69062","targetHints":{"allow":["GET"]}}],"collection":[{"href":"https:\/\/sykli.fi\/demo\/wp-json\/wp\/v2\/pages"}],"about":[{"href":"https:\/\/sykli.fi\/demo\/wp-json\/wp\/v2\/types\/page"}],"author":[{"embeddable":true,"href":"https:\/\/sykli.fi\/demo\/wp-json\/wp\/v2\/users\/7"}],"replies":[{"embeddable":true,"href":"https:\/\/sykli.fi\/demo\/wp-json\/wp\/v2\/comments?post=69062"}],"version-history":[{"count":10,"href":"https:\/\/sykli.fi\/demo\/wp-json\/wp\/v2\/pages\/69062\/revisions"}],"predecessor-version":[{"id":72803,"href":"https:\/\/sykli.fi\/demo\/wp-json\/wp\/v2\/pages\/69062\/revisions\/72803"}],"up":[{"embeddable":true,"href":"https:\/\/sykli.fi\/demo\/wp-json\/wp\/v2\/pages\/66636"}],"wp:featuredmedia":[{"embeddable":true,"href":"https:\/\/sykli.fi\/demo\/wp-json\/wp\/v2\/media\/69065"}],"wp:attachment":[{"href":"https:\/\/sykli.fi\/demo\/wp-json\/wp\/v2\/media?parent=69062"}],"curies":[{"name":"wp","href":"https:\/\/api.w.org\/{rel}","templated":true}]}}