{"id":68942,"date":"2024-07-16T13:32:23","date_gmt":"2024-07-16T10:32:23","guid":{"rendered":"https:\/\/sykli.fi\/?page_id=68942"},"modified":"2025-11-05T18:54:07","modified_gmt":"2025-11-05T16:54:07","slug":"puhdas-siirtyma-ja-digitalisaatio","status":"publish","type":"page","link":"https:\/\/sykli.fi\/demo\/hakijalle\/haku-jotpa-koulutuksiin\/puhdas-siirtyma-ja-digitalisaatio\/","title":{"rendered":"700816 Puhdas siirtym\u00e4 ja digitalisaatio"},"content":{"rendered":"\r\n<section id=\"hero-block_90e33db685d1ed20e71eae83a42f4bd1\" class=\"hero site-banner section-default default alignfull\">\r\n\r\n    <div class=\"site-banner-bg section-bg-image \" >\r\n\r\n        <img loading=\"lazy\" decoding=\"async\" width=\"2560\" height=\"1707\" src=\"https:\/\/sykli.fi\/demo\/wp-content\/uploads\/2024\/07\/shutterstock_1628475958-scaled.jpg\" class=\"attachment-1536\u00d71536 size-1536\u00d71536\" alt=\"\" srcset=\"https:\/\/sykli.fi\/demo\/wp-content\/uploads\/2024\/07\/shutterstock_1628475958-scaled.jpg 2560w, https:\/\/sykli.fi\/demo\/wp-content\/uploads\/2024\/07\/shutterstock_1628475958-300x200.jpg 300w, https:\/\/sykli.fi\/demo\/wp-content\/uploads\/2024\/07\/shutterstock_1628475958-1024x683.jpg 1024w, https:\/\/sykli.fi\/demo\/wp-content\/uploads\/2024\/07\/shutterstock_1628475958-768x512.jpg 768w, https:\/\/sykli.fi\/demo\/wp-content\/uploads\/2024\/07\/shutterstock_1628475958-1536x1024.jpg 1536w, https:\/\/sykli.fi\/demo\/wp-content\/uploads\/2024\/07\/shutterstock_1628475958-2048x1365.jpg 2048w\" sizes=\"auto, (max-width: 2560px) 100vw, 2560px\" \/>\r\n        \r\n        \r\n            <div class=\"site-banner-content container\">\r\n                <div class=\"row w-100\">\r\n                    <div class=\"col-md-12\">\r\n                        <div class=\"hero-text-overlay\">\r\n                                                                <h1 class=\"hero-title\">700816 Puhdas siirtym\u00e4 ja digitalisaatio<\/h1>\r\n                            <div class=\"inner-content\">\r\n                            <div class=\"acf-innerblocks-container\">\n\n<p><\/p>\n\n<\/div>\r\n                        <\/div>                        <\/div>\r\n                    <\/div>\r\n                <\/div>\r\n            <\/div>\r\n\r\n        <\/section>\n\n\n<p><em>Ilmoittautuminen koulutukseen on p\u00e4\u00e4ttynyt.<\/em><\/p>\n\n\n\n<p><strong>Digitaaliset teknologiat ovat avainasemassa vihre\u00e4n siirtym\u00e4n edist\u00e4misess\u00e4 ja fossiilisista energial\u00e4hteist\u00e4 irtautumisessa. N\u00e4iden ratkaisujen avulla voimme luoda uusia vientimahdollisuuksia, edist\u00e4\u00e4 alueellista kehityst\u00e4 ja parantaa tuottavuutta. Samalla datan ja teko\u00e4lyn turvallinen ja eettinen hy\u00f6dynt\u00e4minen sek\u00e4 kyberturvallisuus nousevat entist\u00e4 t\u00e4rke\u00e4mmiksi kaikilla ammattialoilla.<\/strong><\/p>\n\n\n\n<p>Puhdas siirtym\u00e4 ja digitalisaatio -verkkokurssi vastaa ensimm\u00e4ist\u00e4 kertaa n\u00e4ihin tarpeisiin yhdist\u00e4m\u00e4ll\u00e4 puhtaan siirtym\u00e4n ja digitalisaation yhden koulutuskokonaisuuden alle. Verkkokurssilla perehdyt\u00e4\u00e4n puhtaan siirtym\u00e4n teemoihin ja digitalisaation eri osa-alueisiin.&nbsp;Teemoja yhdistelem\u00e4ll\u00e4 saadaan rakennettua tulevaisuuden tarpeita vastaava koulutuskokonaisuus, joka vahvistaa osaamistasi tulevaisuuden ty\u00f6nmarkkinoilla.<\/p>\n\n\n\n<h4 class=\"wp-block-heading\">Koulutuksen suorittaminen:<\/h4>\n\n\n\n<p>Verkkokurssi suoritetaan itsen\u00e4isesti verkko-opintoina. Koulutus ei sis\u00e4ll\u00e4 aikaan sidottuja koulutusp\u00e4ivi\u00e4. Kurssin voi suorittaa omaan tahtiin haluamanaan ajankohtana verkko-oppimisymp\u00e4rist\u00f6n materiaaleja ja harjoitusteht\u00e4vi\u00e4 hy\u00f6dynt\u00e4en. Opinnot voi suorittaa joustavasti esimerkiksi oman ty\u00f6si ohella.<\/p>\n\n\n\n<h4 class=\"wp-block-heading\">Kenelle verkkokurssi on tarkoitettu?<\/h4>\n\n\n\n<p>Verkkokurssi sopii kaikille vihre\u00e4n siirtym\u00e4n edist\u00e4misest\u00e4 kiinnostuneille, erityisesti vientialoilla toimiville henkil\u00f6ille.<\/p>\n\n\n\n<h4 class=\"wp-block-heading\">Hinta:<\/h4>\n\n\n\n<p>Verkkokurssi on osallistujille&nbsp;<strong>maksuton.&nbsp;<\/strong>Kurssi on Jatkuvan oppimisen ja ty\u00f6llisyyden palvelukeskuksen rahoittama (JOTPA).&nbsp;Jatkuvan oppimisen ja ty\u00f6llisyyden palvelukeskus edist\u00e4\u00e4 ty\u00f6ik\u00e4isten osaamisen kehitt\u00e4mist\u00e4 ja osaavan ty\u00f6voiman saatavuutta. Palvelukeskuksen toimintaa ohjaavat opetus- ja kulttuuriministeri\u00f6 sek\u00e4 ty\u00f6- ja elinkeinoministeri\u00f6.<\/p>\n\n\n\n<h4 class=\"wp-block-heading\"><br>Verkkokurssin sis\u00e4lt\u00f6:<\/h4>\n\n\n\n<p><strong>Puhtaan siirtym\u00e4n osa-alueet:<\/strong><\/p>\n\n\n\n<ul class=\"wp-block-list\">\n<li>Johdanto J\u00e4tehuoltopalveluiden kehitt\u00e4miseen 10 osp<\/li>\n\n\n\n<li>Hiilijalanj\u00e4ljen laskenta kehitt\u00e4misen ty\u00f6kaluna 10 osp<\/li>\n\n\n\n<li>Ymp\u00e4rist\u00f6alan kehitt\u00e4mishankkeen suunnittelu 10 osp<\/li>\n<\/ul>\n\n\n\n<p><strong>Digitalisaation osa-alueet:<\/strong><\/p>\n\n\n\n<ul class=\"wp-block-list\">\n<li>Teko\u00e4ly 5 osp<\/li>\n\n\n\n<li>Konen\u00e4k\u00f6 5 osp<\/li>\n\n\n\n<li>Virtuaalitodellisuudet 5 osp<\/li>\n\n\n\n<li>Datan hy\u00f6dynt\u00e4minen 5 osp<\/li>\n\n\n\n<li>Robotiikka 5 osp<\/li>\n\n\n\n<li>Automaatio 5 osp<\/li>\n\n\n\n<li>Kyberturvallisuus 5 osp<\/li>\n\n\n\n<li>Digitaidot 5 osp<\/li>\n\n\n\n<li>Uusiutuva energia 5 osp<\/li>\n\n\n\n<li>Esineiden internet (IoT) 5 osp<\/li>\n<\/ul>\n\n\n\n<p><strong>Huomaathan, ett\u00e4 et voi osallistua JOTPA-koulutukseen, jos opiskelet tutkintoon johtavassa koulutuksessa, kuten ammatti- tai erikoisammattitutkintoon valmistavassa koulutuksessa.<\/strong><\/p>\n\n\n\n<p><em>Ilmoittautuminen koulutukseen on p\u00e4\u00e4ttynyt.<\/em><\/p>\n\n\n<h2>Kysytt\u00e4v\u00e4\u00e4 koulutuksesta? Lis\u00e4tietoja antaa:<\/h2>\r\n<div class=\"row\">\r\n                                <div class=\"col-md-6\">\r\n                    <div class=\"staff-box\">\r\n                        <div class=\"row\">\r\n                            <div class=\"col-4\">\r\n                                <img loading=\"lazy\" decoding=\"async\" width=\"1709\" height=\"2560\" src=\"https:\/\/sykli.fi\/demo\/wp-content\/uploads\/2023\/03\/Luojukoski_7966_LK-2-scaled.jpg\" class=\"attachment-post-thumbnail size-post-thumbnail wp-post-image\" alt=\"\" srcset=\"https:\/\/sykli.fi\/demo\/wp-content\/uploads\/2023\/03\/Luojukoski_7966_LK-2-scaled.jpg 1709w, https:\/\/sykli.fi\/demo\/wp-content\/uploads\/2023\/03\/Luojukoski_7966_LK-2-200x300.jpg 200w, https:\/\/sykli.fi\/demo\/wp-content\/uploads\/2023\/03\/Luojukoski_7966_LK-2-684x1024.jpg 684w, https:\/\/sykli.fi\/demo\/wp-content\/uploads\/2023\/03\/Luojukoski_7966_LK-2-768x1150.jpg 768w, https:\/\/sykli.fi\/demo\/wp-content\/uploads\/2023\/03\/Luojukoski_7966_LK-2-1025x1536.jpg 1025w, https:\/\/sykli.fi\/demo\/wp-content\/uploads\/2023\/03\/Luojukoski_7966_LK-2-1367x2048.jpg 1367w\" sizes=\"auto, (max-width: 1709px) 100vw, 1709px\" \/>                            <\/div>\r\n                            <div class=\"col-8\">\r\n                                <h3>Jiri Luojukoski<\/h3>\r\n                                Asiantuntija, hankkeet ja kehitt\u00e4minen                                <ul>\r\n                                    <li><svg xmlns=\"http:\/\/www.w3.org\/2000\/svg\" width=\"16\" height=\"16\" fill=\"currentColor\" class=\"bi bi-telephone-fill\" viewBox=\"0 0 16 16\">\r\n                                <path fill-rule=\"evenodd\" d=\"M1.885.511a1.745 1.745 0 0 1 2.61.163L6.29 2.98c.329.423.445.974.315 1.494l-.547 2.19a.678.678 0 0 0 .178.643l2.457 2.457a.678.678 0 0 0 .644.178l2.189-.547a1.745 1.745 0 0 1 1.494.315l2.306 1.794c.829.645.905 1.87.163 2.611l-1.034 1.034c-.74.74-1.846 1.065-2.877.702a18.634 18.634 0 0 1-7.01-4.42 18.634 18.634 0 0 1-4.42-7.009c-.362-1.03-.037-2.137.703-2.877L1.885.511z\"\/>\r\n                              <\/svg> <a href=\"tel:+358444916396\">044 491 6396<\/a><\/li><li><svg xmlns=\"http:\/\/www.w3.org\/2000\/svg\" width=\"16\" height=\"16\" fill=\"currentColor\" class=\"bi bi-envelope-fill\" viewBox=\"0 0 16 16\">\r\n                                <path d=\"M.05 3.555A2 2 0 0 1 2 2h12a2 2 0 0 1 1.95 1.555L8 8.414.05 3.555ZM0 4.697v7.104l5.803-3.558L0 4.697ZM6.761 8.83l-6.57 4.027A2 2 0 0 0 2 14h12a2 2 0 0 0 1.808-1.144l-6.57-4.027L8 9.586l-1.239-.757Zm3.436-.586L16 11.801V4.697l-5.803 3.546Z\"\/>\r\n                              <\/svg> <a href=\"mailto:jiri.luojukoski@sykli.fi\">jiri.luojukoski@sykli.fi<\/a><\/li>                                <\/ul>\r\n                            <\/div>\r\n                        <\/div>\r\n                    <\/div>\r\n                <\/div>\r\n    <\/div>","protected":false},"excerpt":{"rendered":"<p>Ilmoittautuminen koulutukseen on p\u00e4\u00e4ttynyt. Digitaaliset teknologiat ovat avainasemassa vihre\u00e4n siirtym\u00e4n edist\u00e4misess\u00e4 ja fossiilisista energial\u00e4hteist\u00e4 irtautumisessa. N\u00e4iden ratkaisujen avulla voimme luoda [&hellip;]<\/p>\n","protected":false},"author":10,"featured_media":68943,"parent":64506,"menu_order":0,"comment_status":"closed","ping_status":"closed","template":"","meta":{"_acf_changed":false,"footnotes":""},"class_list":["post-68942","page","type-page","status-publish","has-post-thumbnail","hentry"],"acf":[],"_links":{"self":[{"href":"https:\/\/sykli.fi\/demo\/wp-json\/wp\/v2\/pages\/68942","targetHints":{"allow":["GET"]}}],"collection":[{"href":"https:\/\/sykli.fi\/demo\/wp-json\/wp\/v2\/pages"}],"about":[{"href":"https:\/\/sykli.fi\/demo\/wp-json\/wp\/v2\/types\/page"}],"author":[{"embeddable":true,"href":"https:\/\/sykli.fi\/demo\/wp-json\/wp\/v2\/users\/10"}],"replies":[{"embeddable":true,"href":"https:\/\/sykli.fi\/demo\/wp-json\/wp\/v2\/comments?post=68942"}],"version-history":[{"count":10,"href":"https:\/\/sykli.fi\/demo\/wp-json\/wp\/v2\/pages\/68942\/revisions"}],"predecessor-version":[{"id":72967,"href":"https:\/\/sykli.fi\/demo\/wp-json\/wp\/v2\/pages\/68942\/revisions\/72967"}],"up":[{"embeddable":true,"href":"https:\/\/sykli.fi\/demo\/wp-json\/wp\/v2\/pages\/64506"}],"wp:featuredmedia":[{"embeddable":true,"href":"https:\/\/sykli.fi\/demo\/wp-json\/wp\/v2\/media\/68943"}],"wp:attachment":[{"href":"https:\/\/sykli.fi\/demo\/wp-json\/wp\/v2\/media?parent=68942"}],"curies":[{"name":"wp","href":"https:\/\/api.w.org\/{rel}","templated":true}]}}