{"id":68405,"date":"2024-05-24T11:25:34","date_gmt":"2024-05-24T08:25:34","guid":{"rendered":"https:\/\/sykli.fi\/?page_id=68405"},"modified":"2025-10-06T12:54:11","modified_gmt":"2025-10-06T09:54:11","slug":"ymparistoalan-yrittajana-toimiminen","status":"publish","type":"page","link":"https:\/\/sykli.fi\/demo\/hakijalle\/ymparistoalan-erikoisammattitutkinto\/tutkinnon-osien-koulutukset\/ymparistoalan-yrittajana-toimiminen\/","title":{"rendered":"Ymp\u00e4rist\u00f6alan yritt\u00e4j\u00e4n\u00e4 toimiminen"},"content":{"rendered":"\r\n<section id=\"hero-block_7ae67792bdb6443cd10b688339db3dd1\" class=\"hero site-banner section-default default alignfull\">\r\n\r\n    <div class=\"site-banner-bg section-bg-image \" >\r\n\r\n        <img loading=\"lazy\" decoding=\"async\" width=\"1000\" height=\"561\" src=\"https:\/\/sykli.fi\/demo\/wp-content\/uploads\/2023\/04\/shutterstock_1029299632.jpg\" class=\"attachment-1536\u00d71536 size-1536\u00d71536\" alt=\"Tikapuut.\" srcset=\"https:\/\/sykli.fi\/demo\/wp-content\/uploads\/2023\/04\/shutterstock_1029299632.jpg 1000w, https:\/\/sykli.fi\/demo\/wp-content\/uploads\/2023\/04\/shutterstock_1029299632-300x168.jpg 300w, https:\/\/sykli.fi\/demo\/wp-content\/uploads\/2023\/04\/shutterstock_1029299632-768x431.jpg 768w\" sizes=\"auto, (max-width: 1000px) 100vw, 1000px\" \/>\r\n        \r\n        \r\n            <div class=\"site-banner-content container\">\r\n                <div class=\"row w-100\">\r\n                    <div class=\"col-md-12\">\r\n                        <div class=\"hero-text-overlay\">\r\n                                                                <h1 class=\"hero-title\">Ymp\u00e4rist\u00f6alan yritt\u00e4j\u00e4n\u00e4 toimiminen<\/h1>\r\n                            <div class=\"inner-content\">\r\n                            <div class=\"acf-innerblocks-container\">\n\n<p>Tutkinnon osan koulutus<\/p>\n\n<\/div>\r\n                        <\/div>                        <\/div>\r\n                    <\/div>\r\n                <\/div>\r\n            <\/div>\r\n\r\n        <\/section>\n\n\n<p>Haluatko kehitt\u00e4\u00e4 ymp\u00e4rist\u00f6vastuullista liiketoimintaa ja olla edell\u00e4k\u00e4vij\u00e4 kest\u00e4v\u00e4ss\u00e4 yritt\u00e4jyydess\u00e4? T\u00e4m\u00e4 kattava koulutus tarjoaa sinulle perusteellisen perehdytyksen ymp\u00e4rist\u00f6alan yritt\u00e4jyyden ytimeen. Koulutuksessa tutustutaan ymp\u00e4rist\u00f6alan liiketoimintaymp\u00e4rist\u00f6ihin ja yritt\u00e4j\u00e4valmiuksiin. Lis\u00e4ksi syvennyt\u00e4\u00e4n tuotteistamisen, palvelumuotoilun ja vastuullisen liiketoiminnan saloihin.<\/p>\n\n\n\n<p>Verkkopohjainen opintokokonaisuus tarjoaa joustavat opiskelumahdollisuudet ja k\u00e4yt\u00e4nn\u00f6n taitoja vahvistavan oppimispolun, jonka voit suorittaa itsen\u00e4isesti. Opetusp\u00e4iviss\u00e4 ja teht\u00e4v\u00e4klinikoissa saat vuorovaikutteista tukea opintoihin. Kurssin p\u00e4\u00e4tteeksi laadit tai p\u00e4ivit\u00e4t ymp\u00e4rist\u00f6alan yrityksen liiketoimintasuunnitelman, joka osoittaa ammattitaitosi alalla.&nbsp;<\/p>\n\n\n\n<p><strong>Osaamislupauksemme:\u202f&nbsp;<\/strong><\/p>\n\n\n\n<ul class=\"wp-block-list\">\n<li>Opiskelija osaa&nbsp;suunnitella yrityksen toimintaa kest\u00e4vyyden n\u00e4k\u00f6kulmasta<\/li>\n\n\n\n<li>Opiskelija osaa&nbsp;toimia vastuullisesti yritt\u00e4j\u00e4n\u00e4<\/li>\n\n\n\n<li>Opiskelija osaa viesti\u00e4 yrityksen toiminnasta vastuullisesti<\/li>\n<\/ul>\n\n\n\n<h3 class=\"wp-block-heading has-medium-font-size\"><br>Koulutuksen sis\u00e4lt\u00f6<\/h3>\n\n\n\n<p>Koulutuksessa k\u00e4sitell\u00e4\u00e4n seuraavia teemoja:<br><br>\u2022 &nbsp; &nbsp;Yritt\u00e4j\u00e4valmiudet<br>\u2022 &nbsp; &nbsp;Ymp\u00e4rist\u00f6alan liiketoimintaymp\u00e4rist\u00f6<br>\u2022 &nbsp; &nbsp;Verkostot ja sidosryhm\u00e4t<br>\u2022 &nbsp; &nbsp;Asiakkaat<br>\u2022 &nbsp; &nbsp;Tuotteistus ja palvelumuotoilu<br>\u2022 &nbsp; &nbsp;Vastuullinen liiketoiminta&nbsp;<br>\u2022 &nbsp; &nbsp;Yritysmuoto, hallinto ja talous<br>\u2022 &nbsp; &nbsp;Markkinointi&nbsp;<br><\/p>\n\n\n\n<h3 class=\"wp-block-heading has-medium-font-size\"><br>Tietoa Ymp\u00e4rist\u00f6alan yritt\u00e4j\u00e4n\u00e4 toimiminen -tutkinnon osan suorittamisesta&nbsp;<\/h3>\n\n\n\n<p>T\u00e4h\u00e4n koulutukseen osallistuneilla on mahdollisuus osoittaa osaaminen n\u00e4yt\u00f6ss\u00e4 ja suorittaa Ymp\u00e4rist\u00f6alan erikoisammattitutkinnon tutkinnon osa nimelt\u00e4 Ymp\u00e4rist\u00f6alan yritt\u00e4j\u00e4n\u00e4 toimiminen, jonka laajuus on 40 osaamispistett\u00e4.&nbsp;Tutkinnon osa on valinnainen kaikille Ymp\u00e4rist\u00f6alan erikoisammattitutkinnon opiskelijoille.&nbsp;<\/p>\n\n\n\n<p>Opiskelija osoittaa ammattitaitonsa n\u00e4yt\u00f6ss\u00e4 toimimalla ymp\u00e4rist\u00f6alan k\u00e4yt\u00e4nn\u00f6n ty\u00f6teht\u00e4viss\u00e4. Silt\u00e4 osin kuin tutkinnon osassa vaadittua ammattitaitoa ei voida arvioida n\u00e4yt\u00f6n perusteella, ammattitaidon osoittamista t\u00e4ydennet\u00e4\u00e4n yksil\u00f6llisesti muilla tavoin.&nbsp;<\/p>\n\n\n\n<p>Tutustu Ymp\u00e4rist\u00f6alan erikoisammattitutkinnon tutkinnonperusteisiin ja \u201cYmp\u00e4rist\u00f6alan yritt\u00e4j\u00e4n\u00e4 toimiminen\u201d -tutkinnon osan vaatimuksiin tarkemmin&nbsp;<a href=\"https:\/\/eperusteet.opintopolku.fi\/#\/fi\/ammatillinen\/3792067\/tutkinnonosat\/3814443\" target=\"_blank\" rel=\"noreferrer noopener\">opintopolun eperusteissa<\/a>.&nbsp;&nbsp;<\/p>\n\n\n\n<hr class=\"wp-block-separator has-alpha-channel-opacity is-style-wide\"\/>\n\n\n\n<h2 class=\"wp-block-heading\">Ilmoittaudu koulutukseen<\/h2>\n\n\n\n<p><a href=\"https:\/\/ssl.eventilla.com\/yrit-huhtikuu2026\" target=\"_blank\" rel=\"noreferrer noopener\">Ymp\u00e4rist\u00f6alan yritt\u00e4j\u00e4n\u00e4 toimiminen, huhtikuu 2026<\/a><br><a href=\"https:\/\/ssl.eventilla.com\/yrit-syyskuu2026\" target=\"_blank\" rel=\"noreferrer noopener\">Ymp\u00e4rist\u00f6alan yritt\u00e4j\u00e4n\u00e4 toimiminen, syyskuu 2026<\/a><\/p>\n\n\n\n<hr class=\"wp-block-separator has-alpha-channel-opacity is-style-wide\"\/>\n\n\n<h2>Kysy lis\u00e4\u00e4<\/h2>\r\n<div class=\"row\">\r\n                                <div class=\"col-md-6\">\r\n                    <div class=\"staff-box\">\r\n                        <div class=\"row\">\r\n                            <div class=\"col-4\">\r\n                                <img loading=\"lazy\" decoding=\"async\" width=\"1280\" height=\"1920\" src=\"https:\/\/sykli.fi\/demo\/wp-content\/uploads\/2022\/09\/saarnia-1-2.jpg\" class=\"attachment-post-thumbnail size-post-thumbnail wp-post-image\" alt=\"\" srcset=\"https:\/\/sykli.fi\/demo\/wp-content\/uploads\/2022\/09\/saarnia-1-2.jpg 1280w, https:\/\/sykli.fi\/demo\/wp-content\/uploads\/2022\/09\/saarnia-1-2-200x300.jpg 200w, https:\/\/sykli.fi\/demo\/wp-content\/uploads\/2022\/09\/saarnia-1-2-683x1024.jpg 683w, https:\/\/sykli.fi\/demo\/wp-content\/uploads\/2022\/09\/saarnia-1-2-768x1152.jpg 768w, https:\/\/sykli.fi\/demo\/wp-content\/uploads\/2022\/09\/saarnia-1-2-1024x1536.jpg 1024w\" sizes=\"auto, (max-width: 1280px) 100vw, 1280px\" \/>                            <\/div>\r\n                            <div class=\"col-8\">\r\n                                <h3>Jane Saarnia<\/h3>\r\n                                Johtaja, ratkaisut ja kumppanuudet                                <ul>\r\n                                    <li><svg xmlns=\"http:\/\/www.w3.org\/2000\/svg\" width=\"16\" height=\"16\" fill=\"currentColor\" class=\"bi bi-telephone-fill\" viewBox=\"0 0 16 16\">\r\n                                <path fill-rule=\"evenodd\" d=\"M1.885.511a1.745 1.745 0 0 1 2.61.163L6.29 2.98c.329.423.445.974.315 1.494l-.547 2.19a.678.678 0 0 0 .178.643l2.457 2.457a.678.678 0 0 0 .644.178l2.189-.547a1.745 1.745 0 0 1 1.494.315l2.306 1.794c.829.645.905 1.87.163 2.611l-1.034 1.034c-.74.74-1.846 1.065-2.877.702a18.634 18.634 0 0 1-7.01-4.42 18.634 18.634 0 0 1-4.42-7.009c-.362-1.03-.037-2.137.703-2.877L1.885.511z\"\/>\r\n                              <\/svg> <a href=\"tel:+358400678705\">0400 678 705<\/a><\/li><li><svg xmlns=\"http:\/\/www.w3.org\/2000\/svg\" width=\"16\" height=\"16\" fill=\"currentColor\" class=\"bi bi-envelope-fill\" viewBox=\"0 0 16 16\">\r\n                                <path d=\"M.05 3.555A2 2 0 0 1 2 2h12a2 2 0 0 1 1.95 1.555L8 8.414.05 3.555ZM0 4.697v7.104l5.803-3.558L0 4.697ZM6.761 8.83l-6.57 4.027A2 2 0 0 0 2 14h12a2 2 0 0 0 1.808-1.144l-6.57-4.027L8 9.586l-1.239-.757Zm3.436-.586L16 11.801V4.697l-5.803 3.546Z\"\/>\r\n                              <\/svg> <a href=\"mailto:jane.saarnia@sykli.fi\">jane.saarnia@sykli.fi<\/a><\/li>                                <\/ul>\r\n                            <\/div>\r\n                        <\/div>\r\n                    <\/div>\r\n                <\/div>\r\n    <\/div>","protected":false},"excerpt":{"rendered":"<p>Haluatko kehitt\u00e4\u00e4 ymp\u00e4rist\u00f6vastuullista liiketoimintaa ja olla edell\u00e4k\u00e4vij\u00e4 kest\u00e4v\u00e4ss\u00e4 yritt\u00e4jyydess\u00e4? T\u00e4m\u00e4 kattava koulutus tarjoaa sinulle perusteellisen perehdytyksen ymp\u00e4rist\u00f6alan yritt\u00e4jyyden ytimeen. Koulutuksessa [&hellip;]<\/p>\n","protected":false},"author":7,"featured_media":63697,"parent":66636,"menu_order":2,"comment_status":"closed","ping_status":"closed","template":"","meta":{"_acf_changed":false,"footnotes":""},"class_list":["post-68405","page","type-page","status-publish","has-post-thumbnail","hentry"],"acf":[],"_links":{"self":[{"href":"https:\/\/sykli.fi\/demo\/wp-json\/wp\/v2\/pages\/68405","targetHints":{"allow":["GET"]}}],"collection":[{"href":"https:\/\/sykli.fi\/demo\/wp-json\/wp\/v2\/pages"}],"about":[{"href":"https:\/\/sykli.fi\/demo\/wp-json\/wp\/v2\/types\/page"}],"author":[{"embeddable":true,"href":"https:\/\/sykli.fi\/demo\/wp-json\/wp\/v2\/users\/7"}],"replies":[{"embeddable":true,"href":"https:\/\/sykli.fi\/demo\/wp-json\/wp\/v2\/comments?post=68405"}],"version-history":[{"count":10,"href":"https:\/\/sykli.fi\/demo\/wp-json\/wp\/v2\/pages\/68405\/revisions"}],"predecessor-version":[{"id":72685,"href":"https:\/\/sykli.fi\/demo\/wp-json\/wp\/v2\/pages\/68405\/revisions\/72685"}],"up":[{"embeddable":true,"href":"https:\/\/sykli.fi\/demo\/wp-json\/wp\/v2\/pages\/66636"}],"wp:featuredmedia":[{"embeddable":true,"href":"https:\/\/sykli.fi\/demo\/wp-json\/wp\/v2\/media\/63697"}],"wp:attachment":[{"href":"https:\/\/sykli.fi\/demo\/wp-json\/wp\/v2\/media?parent=68405"}],"curies":[{"name":"wp","href":"https:\/\/api.w.org\/{rel}","templated":true}]}}