{"id":66694,"date":"2024-03-25T13:56:20","date_gmt":"2024-03-25T11:56:20","guid":{"rendered":"https:\/\/sykli.fi\/?page_id=66694"},"modified":"2024-12-13T14:44:02","modified_gmt":"2024-12-13T12:44:02","slug":"ymparisto-ja-kestavyyskasvatus","status":"publish","type":"page","link":"https:\/\/sykli.fi\/demo\/tyoelamalle\/asiantuntija-ja-kehittamispalvelut\/ymparisto-ja-kestavyyskasvatus\/","title":{"rendered":"Ymp\u00e4rist\u00f6- ja kest\u00e4vyyskasvatus"},"content":{"rendered":"\r\n<section id=\"hero-block_4abae4ab9088a7eeaef9689ff83e3759\" class=\"hero site-banner section-default default alignfull\">\r\n\r\n    <div class=\"site-banner-bg section-bg-image \" >\r\n\r\n        <img loading=\"lazy\" decoding=\"async\" width=\"2048\" height=\"1365\" src=\"https:\/\/sykli.fi\/demo\/wp-content\/uploads\/2024\/03\/Sykli-92.jpg\" class=\"attachment-1536\u00d71536 size-1536\u00d71536\" alt=\"\" srcset=\"https:\/\/sykli.fi\/demo\/wp-content\/uploads\/2024\/03\/Sykli-92.jpg 2048w, https:\/\/sykli.fi\/demo\/wp-content\/uploads\/2024\/03\/Sykli-92-300x200.jpg 300w, https:\/\/sykli.fi\/demo\/wp-content\/uploads\/2024\/03\/Sykli-92-1024x683.jpg 1024w, https:\/\/sykli.fi\/demo\/wp-content\/uploads\/2024\/03\/Sykli-92-768x512.jpg 768w, https:\/\/sykli.fi\/demo\/wp-content\/uploads\/2024\/03\/Sykli-92-1536x1024.jpg 1536w\" sizes=\"auto, (max-width: 2048px) 100vw, 2048px\" \/>\r\n        \r\n        \r\n            <div class=\"site-banner-content container\">\r\n                <div class=\"row w-100\">\r\n                    <div class=\"col-md-12\">\r\n                        <div class=\"hero-text-overlay\">\r\n                                                                <h1 class=\"hero-title\">Ymp\u00e4rist\u00f6- ja kest\u00e4vyyskasvatus<\/h1>\r\n                            <div class=\"inner-content\">\r\n                            <div class=\"acf-innerblocks-container\">\n\n<p>Asiantuntija- ja kehitt\u00e4mispalvelut<\/p>\n\n<\/div>\r\n                        <\/div>                        <\/div>\r\n                    <\/div>\r\n                <\/div>\r\n            <\/div>\r\n\r\n        <\/section>\n\n\n<p><strong>Tahdotteko organisaationne ymp\u00e4rist\u00f6- ja kest\u00e4vyyskasvatuksesta yh\u00e4 vaikuttavampaa? Kaipaatteko tukea ja ty\u00f6kaluja kest\u00e4vyysty\u00f6h\u00f6n? &nbsp;<\/strong><\/p>\n\n\n\n<p>Tuemme asiakkaitamme ymp\u00e4rist\u00f6kasvatuksen suunnittelussa, kehitt\u00e4misess\u00e4 ja arvioinnissa tarjoamalla koulutusta ja konsultointia. Autamme vahvistamaan henkil\u00f6st\u00f6n ymp\u00e4rist\u00f6- ja kest\u00e4vyyskasvatusosaamista. Tarjoamme ty\u00f6kaluja vastuullisuus- tai kest\u00e4v\u00e4n kehityksen ohjelman jalkauttamiseen kest\u00e4vyyskasvatuksen keinoin. &nbsp;<\/p>\n\n\n\n<p>Asiakkaitamme voivat olla esimerkiksi kunnat ja kaupungit, oppilaitokset ja p\u00e4iv\u00e4kodit, yritykset, kulttuuri- ja museoalan organisaatiot, j\u00e4rjest\u00f6t sek\u00e4 seurakunnat. &nbsp;<\/p>\n\n\n\n<p>Organisaationne tarpeisiin r\u00e4\u00e4t\u00e4l\u00f6ity kokonaisuus voi koostua esimerkiksi ty\u00f6pajoista, koulutustilaisuuksista, sparrauksesta, opetusmateriaalin valmistelusta tai erilaisista kartoituksista.&nbsp;&nbsp;<\/p>\n\n\n\n<p>Ota yhteytt\u00e4 ja keskustellaan teille sopivasta kokonaisuudesta!&nbsp;&nbsp;<\/p>\n\n\n<h2>Kysy lis\u00e4\u00e4<\/h2>\r\n<div class=\"row\">\r\n                                <div class=\"col-md-6\">\r\n                    <div class=\"staff-box\">\r\n                        <div class=\"row\">\r\n                            <div class=\"col-4\">\r\n                                <img loading=\"lazy\" decoding=\"async\" width=\"150\" height=\"250\" src=\"https:\/\/sykli.fi\/demo\/wp-content\/uploads\/2022\/09\/elina-hinkkanen-2022-nettisivuille-mv.jpg\" class=\"attachment-post-thumbnail size-post-thumbnail wp-post-image\" alt=\"\" \/>                            <\/div>\r\n                            <div class=\"col-8\">\r\n                                <h3>Elina Hinkkanen<\/h3>\r\n                                Asiantuntija, hankkeet ja kehitt\u00e4minen                                <ul>\r\n                                    <li><svg xmlns=\"http:\/\/www.w3.org\/2000\/svg\" width=\"16\" height=\"16\" fill=\"currentColor\" class=\"bi bi-telephone-fill\" viewBox=\"0 0 16 16\">\r\n                                <path fill-rule=\"evenodd\" d=\"M1.885.511a1.745 1.745 0 0 1 2.61.163L6.29 2.98c.329.423.445.974.315 1.494l-.547 2.19a.678.678 0 0 0 .178.643l2.457 2.457a.678.678 0 0 0 .644.178l2.189-.547a1.745 1.745 0 0 1 1.494.315l2.306 1.794c.829.645.905 1.87.163 2.611l-1.034 1.034c-.74.74-1.846 1.065-2.877.702a18.634 18.634 0 0 1-7.01-4.42 18.634 18.634 0 0 1-4.42-7.009c-.362-1.03-.037-2.137.703-2.877L1.885.511z\"\/>\r\n                              <\/svg> <a href=\"tel:+358505536624\">050 553 66 24<\/a><\/li><li><svg xmlns=\"http:\/\/www.w3.org\/2000\/svg\" width=\"16\" height=\"16\" fill=\"currentColor\" class=\"bi bi-envelope-fill\" viewBox=\"0 0 16 16\">\r\n                                <path d=\"M.05 3.555A2 2 0 0 1 2 2h12a2 2 0 0 1 1.95 1.555L8 8.414.05 3.555ZM0 4.697v7.104l5.803-3.558L0 4.697ZM6.761 8.83l-6.57 4.027A2 2 0 0 0 2 14h12a2 2 0 0 0 1.808-1.144l-6.57-4.027L8 9.586l-1.239-.757Zm3.436-.586L16 11.801V4.697l-5.803 3.546Z\"\/>\r\n                              <\/svg> <a href=\"mailto:elina.hinkkanen@sykli.fi\">elina.hinkkanen@sykli.fi<\/a><\/li>                                <\/ul>\r\n                            <\/div>\r\n                        <\/div>\r\n                    <\/div>\r\n                <\/div>\r\n    <\/div>\n\n\n<hr class=\"wp-block-separator has-alpha-channel-opacity is-style-wide\"\/>\n\n\n\n<p>Organisaationne henkil\u00f6st\u00f6 voi my\u00f6s hankkia osaamista Ymp\u00e4rist\u00f6alan erikoisammattitutkintoon valmistavasta koulutusohjelmasta. K\u00e4yt\u00e4nn\u00f6nl\u00e4heisen, ty\u00f6n ohessa suoritettavan koulutusohjelman aikana osallistujat laativat omalle organisaatiolleen muun muassa kest\u00e4v\u00e4n kehityksen ohjelman ja ymp\u00e4rist\u00f6kasvatussuunnitelman.&nbsp;&nbsp;<\/p>\n\n\n\n<div class=\"wp-block-buttons is-layout-flex wp-block-buttons-is-layout-flex\">\n<div class=\"wp-block-button\"><a class=\"wp-block-button__link wp-element-button\" href=\"https:\/\/sykli.fi\/demo\/koulutusalat\/ymparistokasvatus\/ymparistoalan-erikoisammattitutkinto\/\">Lue lis\u00e4\u00e4<\/a><\/div>\n<\/div>\n\n\n\n<p>Meilt\u00e4 voi my\u00f6s tilata valmiin ty\u00f6pajan ulkona oppimisen, kest\u00e4v\u00e4n kehityksen ja luonnon hyvinvointivaikutusten teemoista. Innostavat, toiminnalliset ty\u00f6pajamme ovat hyv\u00e4 tapa kouluttaa henkil\u00f6kuntaa sek\u00e4 rakentaa pohjaa ymp\u00e4rist\u00f6kasvatukselle ja kest\u00e4v\u00e4n kehityksen ty\u00f6lle. Ty\u00f6pajat tarjoavat uusia oivalluksia ja konkreettisia ty\u00f6kaluja toiminnallisiin menetelmiin ja my\u00f6s l\u00e4hiymp\u00e4rist\u00f6n monipuoliseen hy\u00f6dynt\u00e4miseen opetuksessa.\u202f&nbsp;<\/p>\n\n\n\n<div class=\"wp-block-buttons is-layout-flex wp-block-buttons-is-layout-flex\">\n<div class=\"wp-block-button\"><a class=\"wp-block-button__link wp-element-button\" href=\"https:\/\/sykli.fi\/demo\/koulutusalat\/ymparistokasvatus\/ymparisto-ja-kestavyyskasvatuksen-tilauskoulutukset\/\" target=\"_blank\" rel=\"noreferrer noopener\">Lue lis\u00e4\u00e4<\/a><\/div>\n<\/div>\n","protected":false},"excerpt":{"rendered":"<p>Tahdotteko organisaationne ymp\u00e4rist\u00f6- ja kest\u00e4vyyskasvatuksesta yh\u00e4 vaikuttavampaa? Kaipaatteko tukea ja ty\u00f6kaluja kest\u00e4vyysty\u00f6h\u00f6n? &nbsp; Tuemme asiakkaitamme ymp\u00e4rist\u00f6kasvatuksen suunnittelussa, kehitt\u00e4misess\u00e4 ja arvioinnissa [&hellip;]<\/p>\n","protected":false},"author":7,"featured_media":66695,"parent":1602,"menu_order":0,"comment_status":"closed","ping_status":"closed","template":"","meta":{"_acf_changed":false,"footnotes":""},"class_list":["post-66694","page","type-page","status-publish","has-post-thumbnail","hentry"],"acf":[],"_links":{"self":[{"href":"https:\/\/sykli.fi\/demo\/wp-json\/wp\/v2\/pages\/66694","targetHints":{"allow":["GET"]}}],"collection":[{"href":"https:\/\/sykli.fi\/demo\/wp-json\/wp\/v2\/pages"}],"about":[{"href":"https:\/\/sykli.fi\/demo\/wp-json\/wp\/v2\/types\/page"}],"author":[{"embeddable":true,"href":"https:\/\/sykli.fi\/demo\/wp-json\/wp\/v2\/users\/7"}],"replies":[{"embeddable":true,"href":"https:\/\/sykli.fi\/demo\/wp-json\/wp\/v2\/comments?post=66694"}],"version-history":[{"count":5,"href":"https:\/\/sykli.fi\/demo\/wp-json\/wp\/v2\/pages\/66694\/revisions"}],"predecessor-version":[{"id":69870,"href":"https:\/\/sykli.fi\/demo\/wp-json\/wp\/v2\/pages\/66694\/revisions\/69870"}],"up":[{"embeddable":true,"href":"https:\/\/sykli.fi\/demo\/wp-json\/wp\/v2\/pages\/1602"}],"wp:featuredmedia":[{"embeddable":true,"href":"https:\/\/sykli.fi\/demo\/wp-json\/wp\/v2\/media\/66695"}],"wp:attachment":[{"href":"https:\/\/sykli.fi\/demo\/wp-json\/wp\/v2\/media?parent=66694"}],"curies":[{"name":"wp","href":"https:\/\/api.w.org\/{rel}","templated":true}]}}