{"id":66636,"date":"2024-03-15T09:24:42","date_gmt":"2024-03-15T07:24:42","guid":{"rendered":"https:\/\/sykli.fi\/?page_id=66636"},"modified":"2025-10-01T14:41:05","modified_gmt":"2025-10-01T11:41:05","slug":"tutkinnon-osien-koulutukset","status":"publish","type":"page","link":"https:\/\/sykli.fi\/demo\/hakijalle\/ymparistoalan-erikoisammattitutkinto\/tutkinnon-osien-koulutukset\/","title":{"rendered":"Erikoisammattitutkinnon tutkinnon osien koulutukset"},"content":{"rendered":"\r\n<section id=\"hero-block_e534b7dbe73025552c6bff9b6728b20a\" class=\"hero site-banner section-default default alignfull\">\r\n\r\n    <div class=\"site-banner-bg section-bg-image \" >\r\n\r\n        <img loading=\"lazy\" decoding=\"async\" width=\"1000\" height=\"668\" src=\"https:\/\/sykli.fi\/demo\/wp-content\/uploads\/2023\/04\/shutterstock_1470871211-ajankohtaista.jpg\" class=\"attachment-1536\u00d71536 size-1536\u00d71536\" alt=\"Varpuja mets\u00e4ss\u00e4.\" srcset=\"https:\/\/sykli.fi\/demo\/wp-content\/uploads\/2023\/04\/shutterstock_1470871211-ajankohtaista.jpg 1000w, https:\/\/sykli.fi\/demo\/wp-content\/uploads\/2023\/04\/shutterstock_1470871211-ajankohtaista-300x200.jpg 300w, https:\/\/sykli.fi\/demo\/wp-content\/uploads\/2023\/04\/shutterstock_1470871211-ajankohtaista-768x513.jpg 768w\" sizes=\"auto, (max-width: 1000px) 100vw, 1000px\" \/>\r\n        \r\n        \r\n            <div class=\"site-banner-content container\">\r\n                <div class=\"row w-100\">\r\n                    <div class=\"col-md-12\">\r\n                        <div class=\"hero-text-overlay\">\r\n                                                                <h1 class=\"hero-title\">Erikoisammattitutkinnon tutkinnon osien koulutukset<\/h1>\r\n                            <div class=\"inner-content\">\r\n                            <div class=\"acf-innerblocks-container\">\n\n<p>Ymp\u00e4rist\u00f6alan erikoisammattitutkinto<\/p>\n\n<\/div>\r\n                        <\/div>                        <\/div>\r\n                    <\/div>\r\n                <\/div>\r\n            <\/div>\r\n\r\n        <\/section>\n\n\n<p>J\u00e4rjest\u00e4mme Ymp\u00e4rist\u00f6alan erikoisammattitutkinnosta my\u00f6s yksitt\u00e4isten tutkinnon osien koulutuksia. Tutkinnon osan voit opiskella ilman suoritustavoitetta vapaarahoitteisena kurssina tai osatutkintotavoitteisesti, valtionosuusrahoituksella, jolloin suoritat n\u00e4yt\u00f6n tutkinnon osasta ja saat hyv\u00e4ksytyst\u00e4 suorituksesta osatutkintotodistuksen. Koulutukset sis\u00e4lt\u00e4v\u00e4t verkko-opetusp\u00e4ivi\u00e4, verkkokurssin sek\u00e4 kurssin suorittamiseen ohjaavan teht\u00e4v\u00e4klinikan.<\/p>\n\n\n\n<hr class=\"wp-block-separator has-alpha-channel-opacity is-style-wide\"\/>\n\n\n\n<h3 class=\"wp-block-heading has-medium-font-size\">Tutkinnon osien koulutukset<\/h3>\n\n\n\n<ul class=\"wp-block-list\">\n<li>Toiminnan kehitt\u00e4minen kest\u00e4v\u00e4ll\u00e4 tavalla, 25 osp&nbsp;<\/li>\n\n\n\n<li>Ty\u00f6yhteis\u00f6ss\u00e4 toimiminen, 25 osp&nbsp;&nbsp;<\/li>\n\n\n\n<li>Ymp\u00e4rist\u00f6alan ty\u00f6njohtajana toimiminen, 40 osp<\/li>\n\n\n\n<li>Ymp\u00e4rist\u00f6alan kehitt\u00e4mishankeen toteuttaminen, 40 osp<\/li>\n\n\n\n<li>Ymp\u00e4rist\u00f6alan yritt\u00e4j\u00e4n\u00e4 toimiminen, 40 osp<strong> <\/strong>&nbsp;<\/li>\n\n\n\n<li>Kyberturvallisuuden edist\u00e4minen, 30 osp<\/li>\n\n\n\n<li>Kiertotaloustoiminnan kehitt\u00e4minen, 30 osp<\/li>\n<\/ul>\n\n\n\n<hr class=\"wp-block-separator has-alpha-channel-opacity is-style-wide\"\/>\n\n\n\n<h3 class=\"wp-block-heading\">Lue lis\u00e4\u00e4<\/h3>\n\n\n<div class=\"page-linkbox-block alignfull\">\r\n    <div class=\"container\">\r\n        <div class=\"acf-innerblocks-container\">\n\r\n<div class=\"page-linkbox has-turquoise-background-color \">\r\n    <img loading=\"lazy\" decoding=\"async\" width=\"800\" height=\"534\" src=\"https:\/\/sykli.fi\/demo\/wp-content\/uploads\/2023\/04\/shutterstock_749441887-osaajia-yritykselle-tyovoimakoulutukset.jpg\" class=\"attachment-large size-large\" alt=\"Pisaroita lehdell\u00e4.\" srcset=\"https:\/\/sykli.fi\/demo\/wp-content\/uploads\/2023\/04\/shutterstock_749441887-osaajia-yritykselle-tyovoimakoulutukset.jpg 1000w, https:\/\/sykli.fi\/demo\/wp-content\/uploads\/2023\/04\/shutterstock_749441887-osaajia-yritykselle-tyovoimakoulutukset-300x200.jpg 300w, https:\/\/sykli.fi\/demo\/wp-content\/uploads\/2023\/04\/shutterstock_749441887-osaajia-yritykselle-tyovoimakoulutukset-768x512.jpg 768w\" sizes=\"auto, (max-width: 800px) 100vw, 800px\" \/>    <a  href=\" https:\/\/sykli.fi\/demo\/hakijalle\/ymparistoalan-erikoisammattitutkinto\/tutkinnon-osien-koulutukset\/toiminnan-kehittaminen-kestavalla-tavalla-tutkinnon-osan-koulutus\/\" >\r\n        <h2>Toiminnan kehitt\u00e4minen kest\u00e4v\u00e4ll\u00e4 tavalla<\/h2>\r\n\r\n        \r\n    <\/a>\r\n\r\n<\/div>\n\n\r\n<div class=\"page-linkbox has-turquoise-background-color \">\r\n    <img loading=\"lazy\" decoding=\"async\" width=\"800\" height=\"534\" src=\"https:\/\/sykli.fi\/demo\/wp-content\/uploads\/2025\/01\/shutterstock_1724121793.jpg\" class=\"attachment-large size-large\" alt=\"\" srcset=\"https:\/\/sykli.fi\/demo\/wp-content\/uploads\/2025\/01\/shutterstock_1724121793.jpg 1000w, https:\/\/sykli.fi\/demo\/wp-content\/uploads\/2025\/01\/shutterstock_1724121793-300x200.jpg 300w, https:\/\/sykli.fi\/demo\/wp-content\/uploads\/2025\/01\/shutterstock_1724121793-768x512.jpg 768w\" sizes=\"auto, (max-width: 800px) 100vw, 800px\" \/>    <a  href=\" https:\/\/sykli.fi\/demo\/hakijalle\/ymparistoalan-erikoisammattitutkinto\/tutkinnon-osien-koulutukset\/tyoyhteisossa-toimiminen\/\" >\r\n        <h2>Ty\u00f6yhteis\u00f6ss\u00e4 toimiminen<\/h2>\r\n\r\n        \r\n    <\/a>\r\n\r\n<\/div>\n\n\r\n<div class=\"page-linkbox has-turquoise-background-color \">\r\n    <img loading=\"lazy\" decoding=\"async\" width=\"800\" height=\"534\" src=\"https:\/\/sykli.fi\/demo\/wp-content\/uploads\/2024\/08\/shutterstock_2269876815-1024x683.jpg\" class=\"attachment-large size-large\" alt=\"\" srcset=\"https:\/\/sykli.fi\/demo\/wp-content\/uploads\/2024\/08\/shutterstock_2269876815-1024x683.jpg 1024w, https:\/\/sykli.fi\/demo\/wp-content\/uploads\/2024\/08\/shutterstock_2269876815-300x200.jpg 300w, https:\/\/sykli.fi\/demo\/wp-content\/uploads\/2024\/08\/shutterstock_2269876815-768x512.jpg 768w, https:\/\/sykli.fi\/demo\/wp-content\/uploads\/2024\/08\/shutterstock_2269876815-1536x1024.jpg 1536w, https:\/\/sykli.fi\/demo\/wp-content\/uploads\/2024\/08\/shutterstock_2269876815-2048x1365.jpg 2048w\" sizes=\"auto, (max-width: 800px) 100vw, 800px\" \/>    <a  href=\" https:\/\/sykli.fi\/demo\/hakijalle\/ymparistoalan-erikoisammattitutkinto\/tutkinnon-osien-koulutukset\/ymparistoalan-tyonjohtajana-toimiminen\/\" >\r\n        <h2>Ymp\u00e4rist\u00f6alan ty\u00f6njohtajana toimiminen<\/h2>\r\n\r\n        \r\n    <\/a>\r\n\r\n<\/div>\n\n\r\n<div class=\"page-linkbox has-turquoise-background-color \">\r\n    <img loading=\"lazy\" decoding=\"async\" width=\"800\" height=\"449\" src=\"https:\/\/sykli.fi\/demo\/wp-content\/uploads\/2023\/04\/shutterstock_1029299632.jpg\" class=\"attachment-large size-large\" alt=\"Tikapuut.\" srcset=\"https:\/\/sykli.fi\/demo\/wp-content\/uploads\/2023\/04\/shutterstock_1029299632.jpg 1000w, https:\/\/sykli.fi\/demo\/wp-content\/uploads\/2023\/04\/shutterstock_1029299632-300x168.jpg 300w, https:\/\/sykli.fi\/demo\/wp-content\/uploads\/2023\/04\/shutterstock_1029299632-768x431.jpg 768w\" sizes=\"auto, (max-width: 800px) 100vw, 800px\" \/>    <a  href=\" https:\/\/sykli.fi\/demo\/hakijalle\/ymparistoalan-erikoisammattitutkinto\/tutkinnon-osien-koulutukset\/ymparistoalan-yrittajana-toimiminen\/\" >\r\n        <h2>Ymp\u00e4rist\u00f6alan yritt\u00e4j\u00e4n\u00e4 toimiminen<\/h2>\r\n\r\n        \r\n    <\/a>\r\n\r\n<\/div>\n\n\r\n<div class=\"page-linkbox has-turquoise-background-color \">\r\n    <img loading=\"lazy\" decoding=\"async\" width=\"800\" height=\"532\" src=\"https:\/\/sykli.fi\/demo\/wp-content\/uploads\/2023\/04\/shutterstock_199054478-tyopaikkaohjaajalle.jpg\" class=\"attachment-large size-large\" alt=\"Kyltit mets\u00e4ss\u00e4.\" srcset=\"https:\/\/sykli.fi\/demo\/wp-content\/uploads\/2023\/04\/shutterstock_199054478-tyopaikkaohjaajalle.jpg 1000w, https:\/\/sykli.fi\/demo\/wp-content\/uploads\/2023\/04\/shutterstock_199054478-tyopaikkaohjaajalle-300x200.jpg 300w, https:\/\/sykli.fi\/demo\/wp-content\/uploads\/2023\/04\/shutterstock_199054478-tyopaikkaohjaajalle-768x511.jpg 768w\" sizes=\"auto, (max-width: 800px) 100vw, 800px\" \/>    <a  href=\" https:\/\/sykli.fi\/demo\/hakijalle\/ymparistoalan-erikoisammattitutkinto\/tutkinnon-osien-koulutukset\/ymparistoalan-kehittamishankeen-toteuttaminen\/\" >\r\n        <h2>Ymp\u00e4rist\u00f6alan kehitt\u00e4mishankkeen toteuttaminen<\/h2>\r\n\r\n        \r\n    <\/a>\r\n\r\n<\/div>\n\n\r\n<div class=\"page-linkbox has-turquoise-background-color \">\r\n    <img loading=\"lazy\" decoding=\"async\" width=\"800\" height=\"364\" src=\"https:\/\/sykli.fi\/demo\/wp-content\/uploads\/2025\/10\/shutterstock_2476569139-1024x466.jpg\" class=\"attachment-large size-large\" alt=\"\" srcset=\"https:\/\/sykli.fi\/demo\/wp-content\/uploads\/2025\/10\/shutterstock_2476569139-1024x466.jpg 1024w, https:\/\/sykli.fi\/demo\/wp-content\/uploads\/2025\/10\/shutterstock_2476569139-300x137.jpg 300w, https:\/\/sykli.fi\/demo\/wp-content\/uploads\/2025\/10\/shutterstock_2476569139-768x350.jpg 768w, https:\/\/sykli.fi\/demo\/wp-content\/uploads\/2025\/10\/shutterstock_2476569139-1536x700.jpg 1536w, https:\/\/sykli.fi\/demo\/wp-content\/uploads\/2025\/10\/shutterstock_2476569139-2048x933.jpg 2048w\" sizes=\"auto, (max-width: 800px) 100vw, 800px\" \/>    <a  href=\" https:\/\/sykli.fi\/demo\/hakijalle\/ymparistoalan-erikoisammattitutkinto\/tutkinnon-osien-koulutukset\/kyberturvallisuuden-edistaminen\/\" >\r\n        <h2>Kyberturvallisuuden edist\u00e4minen<\/h2>\r\n\r\n        \r\n    <\/a>\r\n\r\n<\/div>\n\n\r\n<div class=\"page-linkbox has-turquoise-background-color \">\r\n    <img loading=\"lazy\" decoding=\"async\" width=\"800\" height=\"566\" src=\"https:\/\/sykli.fi\/demo\/wp-content\/uploads\/2025\/10\/Kiertotalouden-konseptikuva-1024x725.jpg\" class=\"attachment-large size-large\" alt=\"\" srcset=\"https:\/\/sykli.fi\/demo\/wp-content\/uploads\/2025\/10\/Kiertotalouden-konseptikuva-1024x725.jpg 1024w, https:\/\/sykli.fi\/demo\/wp-content\/uploads\/2025\/10\/Kiertotalouden-konseptikuva-300x212.jpg 300w, https:\/\/sykli.fi\/demo\/wp-content\/uploads\/2025\/10\/Kiertotalouden-konseptikuva-768x544.jpg 768w, https:\/\/sykli.fi\/demo\/wp-content\/uploads\/2025\/10\/Kiertotalouden-konseptikuva-1536x1088.jpg 1536w, https:\/\/sykli.fi\/demo\/wp-content\/uploads\/2025\/10\/Kiertotalouden-konseptikuva-2048x1450.jpg 2048w\" sizes=\"auto, (max-width: 800px) 100vw, 800px\" \/>    <a  href=\" https:\/\/sykli.fi\/demo\/hakijalle\/ymparistoalan-erikoisammattitutkinto\/tutkinnon-osien-koulutukset\/kiertotaloustoiminnan-kehittaminen\/\" >\r\n        <h2>Kiertotaloustoiminnan kehitt\u00e4minen<\/h2>\r\n\r\n        \r\n    <\/a>\r\n\r\n<\/div>\n<\/div>\r\n\r\n    <\/div>\r\n<\/div>\n\n\n<p><\/p>\n","protected":false},"excerpt":{"rendered":"<p>J\u00e4rjest\u00e4mme Ymp\u00e4rist\u00f6alan erikoisammattitutkinnosta my\u00f6s yksitt\u00e4isten tutkinnon osien koulutuksia. Tutkinnon osan voit opiskella ilman suoritustavoitetta vapaarahoitteisena kurssina tai osatutkintotavoitteisesti, valtionosuusrahoituksella, jolloin [&hellip;]<\/p>\n","protected":false},"author":7,"featured_media":63658,"parent":29699,"menu_order":0,"comment_status":"closed","ping_status":"closed","template":"","meta":{"_acf_changed":false,"footnotes":""},"class_list":["post-66636","page","type-page","status-publish","has-post-thumbnail","hentry"],"acf":[],"_links":{"self":[{"href":"https:\/\/sykli.fi\/demo\/wp-json\/wp\/v2\/pages\/66636","targetHints":{"allow":["GET"]}}],"collection":[{"href":"https:\/\/sykli.fi\/demo\/wp-json\/wp\/v2\/pages"}],"about":[{"href":"https:\/\/sykli.fi\/demo\/wp-json\/wp\/v2\/types\/page"}],"author":[{"embeddable":true,"href":"https:\/\/sykli.fi\/demo\/wp-json\/wp\/v2\/users\/7"}],"replies":[{"embeddable":true,"href":"https:\/\/sykli.fi\/demo\/wp-json\/wp\/v2\/comments?post=66636"}],"version-history":[{"count":10,"href":"https:\/\/sykli.fi\/demo\/wp-json\/wp\/v2\/pages\/66636\/revisions"}],"predecessor-version":[{"id":72620,"href":"https:\/\/sykli.fi\/demo\/wp-json\/wp\/v2\/pages\/66636\/revisions\/72620"}],"up":[{"embeddable":true,"href":"https:\/\/sykli.fi\/demo\/wp-json\/wp\/v2\/pages\/29699"}],"wp:featuredmedia":[{"embeddable":true,"href":"https:\/\/sykli.fi\/demo\/wp-json\/wp\/v2\/media\/63658"}],"wp:attachment":[{"href":"https:\/\/sykli.fi\/demo\/wp-json\/wp\/v2\/media?parent=66636"}],"curies":[{"name":"wp","href":"https:\/\/api.w.org\/{rel}","templated":true}]}}