{"id":66571,"date":"2024-03-15T09:26:23","date_gmt":"2024-03-15T07:26:23","guid":{"rendered":"https:\/\/sykli.fi\/?page_id=66571"},"modified":"2025-11-28T13:49:40","modified_gmt":"2025-11-28T11:49:40","slug":"toiminnan-kehittaminen-kestavalla-tavalla-tutkinnon-osan-koulutus","status":"publish","type":"page","link":"https:\/\/sykli.fi\/demo\/hakijalle\/ymparistoalan-erikoisammattitutkinto\/tutkinnon-osien-koulutukset\/toiminnan-kehittaminen-kestavalla-tavalla-tutkinnon-osan-koulutus\/","title":{"rendered":"Toiminnan kehitt\u00e4minen kest\u00e4v\u00e4ll\u00e4 tavalla"},"content":{"rendered":"\r\n<section id=\"hero-block_7bb43bbc58508c779071077a05467204\" class=\"hero site-banner section-default default alignfull\">\r\n\r\n    <div class=\"site-banner-bg section-bg-image \" >\r\n\r\n        <img loading=\"lazy\" decoding=\"async\" width=\"1000\" height=\"667\" src=\"https:\/\/sykli.fi\/demo\/wp-content\/uploads\/2023\/04\/shutterstock_749441887-osaajia-yritykselle-tyovoimakoulutukset.jpg\" class=\"attachment-1536\u00d71536 size-1536\u00d71536\" alt=\"Pisaroita lehdell\u00e4.\" srcset=\"https:\/\/sykli.fi\/demo\/wp-content\/uploads\/2023\/04\/shutterstock_749441887-osaajia-yritykselle-tyovoimakoulutukset.jpg 1000w, https:\/\/sykli.fi\/demo\/wp-content\/uploads\/2023\/04\/shutterstock_749441887-osaajia-yritykselle-tyovoimakoulutukset-300x200.jpg 300w, https:\/\/sykli.fi\/demo\/wp-content\/uploads\/2023\/04\/shutterstock_749441887-osaajia-yritykselle-tyovoimakoulutukset-768x512.jpg 768w\" sizes=\"auto, (max-width: 1000px) 100vw, 1000px\" \/>\r\n        \r\n        \r\n            <div class=\"site-banner-content container\">\r\n                <div class=\"row w-100\">\r\n                    <div class=\"col-md-12\">\r\n                        <div class=\"hero-text-overlay\">\r\n                                                                <h1 class=\"hero-title\">Toiminnan kehitt\u00e4minen kest\u00e4v\u00e4ll\u00e4 tavalla<\/h1>\r\n                            <div class=\"inner-content\">\r\n                            <div class=\"acf-innerblocks-container\">\n\n<p>Tutkinnon osan koulutus<\/p>\n\n<\/div>\r\n                        <\/div>                        <\/div>\r\n                    <\/div>\r\n                <\/div>\r\n            <\/div>\r\n\r\n        <\/section>\n\n\n<h2 class=\"wp-block-heading has-medium-font-size\">Koulutuksessa tuemme eri alojen ammattilaisia tunnistamaan oman kest\u00e4vyysroolinsa yhteiskunnassa<\/h2>\n\n\n\n<p>Kest\u00e4vyyden ammattilaisena osaat huomioida ty\u00f6ss\u00e4si yrityksen, asiakkaiden ja sidosryhmien tarpeet sek\u00e4 luonnon kantokyvyn. Opit ymm\u00e4rt\u00e4m\u00e4\u00e4n, miten ymp\u00e4rist\u00f6n muutokset vaikuttavat ty\u00f6h\u00f6si ja yritykseesi ja miten ty\u00f6si ja yrityksesi vaikuttaa ymp\u00e4rist\u00f6\u00f6n &#8211; ja miten hyvi\u00e4 vaikutuksia kasvatetaan ja huonoja pienennet\u00e4\u00e4n.&nbsp;&nbsp;<\/p>\n\n\n\n<p>Kurssilla k\u00e4sitelt\u00e4vi\u00e4 teemoja ovat mm. hiilijalanj\u00e4ljen pienent\u00e4minen, luonnon monimuotoisuuden huomiointi, resurssiviisaus, sosiaalinen kest\u00e4vyys ja hankintaketjun tarkastelu. P\u00e4\u00e4set tutustumaan j\u00e4rjestelm\u00e4lliseen kest\u00e4vyysty\u00f6h\u00f6n, johon kuuluu l\u00e4ht\u00f6tilanteen selvitt\u00e4minen, toimintasuunnitelman tekeminen, arviointi ja raportointi.&nbsp;<\/p>\n\n\n\n<p>Koulutuksen aikana p\u00e4\u00e4set tekem\u00e4\u00e4n organisaatiollesi kest\u00e4v\u00e4n kehityksen kartoituksen. Kartoitus antaa tietoa organisaation kest\u00e4v\u00e4n kehityksen tilasta ja auttaa priorisoimaan kest\u00e4vyystoimenpiteit\u00e4.&nbsp;<\/p>\n\n\n\n<p><strong>Osaamislupauksemme:\u202f<\/strong>&nbsp;<\/p>\n\n\n\n<ul class=\"wp-block-list\">\n<li>Opiskelija ymm\u00e4rt\u00e4\u00e4 kest\u00e4v\u00e4n kehityksen kokonaisuuden ja osaa arvioida omalla alalla ja ty\u00f6yhteis\u00f6ss\u00e4 vallitsevia k\u00e4sityksi\u00e4 kest\u00e4vyydest\u00e4.&nbsp;&nbsp;<\/li>\n\n\n\n<li>Opiskelija osaa kartoittaa ja arvioida organisaation kest\u00e4v\u00e4n kehityksen tilaa ja ker\u00e4t\u00e4 tarkastelun kannalta olennaista aineistoa.&nbsp;<\/li>\n\n\n\n<li>Opiskelija harjoittelee kriittist\u00e4 ja systeemist\u00e4 ajattelua, ymm\u00e4rt\u00e4\u00e4 oman alansa ammattik\u00e4yt\u00e4nn\u00f6n vakiintuneita normeja ja osaa uudistaa n\u00e4it\u00e4 kest\u00e4v\u00e4mmiksi osana ty\u00f6yhteis\u00f6\u00e4\u00e4n\u202f&nbsp;<\/li>\n\n\n\n<li>Opiskelija oppii n\u00e4kem\u00e4\u00e4n ty\u00f6ns\u00e4, ammattinsa ja ty\u00f6paikkansa kest\u00e4vyystoiminnan mahdollistajana: Kest\u00e4vyys ja muutosagenttius rakentuvat osaksi opiskelijan ammatti-identiteetti\u00e4\u202f&nbsp;<br><\/li>\n<\/ul>\n\n\n\n<h2 class=\"wp-block-heading has-medium-font-size\">Koulutuksen sis\u00e4lt\u00f6<\/h2>\n\n\n\n<p>Koulutus sis\u00e4lt\u00e4\u00e4 kaksi vuorovaikutteista verkko-opetusp\u00e4iv\u00e4\u00e4, verkkokurssin sek\u00e4 kurssin suorittamiseen ohjaavan teht\u00e4v\u00e4klinikan.&nbsp;<\/p>\n\n\n\n<ul class=\"wp-block-list\">\n<li>Toiminnan kehitt\u00e4minen kest\u00e4v\u00e4ll\u00e4 tavalla -verkkokurssi Ammattilaisen k\u00e4denj\u00e4lki -alustalla&nbsp;<\/li>\n\n\n\n<li>Johdanto kest\u00e4v\u00e4\u00e4n kehitykseen -verkko-opetusp\u00e4iv\u00e4&nbsp;<\/li>\n\n\n\n<li>Vastuullisuus organisaatiossa -verkko-opetusp\u00e4iv\u00e4&nbsp;<\/li>\n\n\n\n<li>Teht\u00e4v\u00e4klinikka teemalla: \u201dKest\u00e4v\u00e4n kehityksen kartoituksen tekeminen\u201d&nbsp;<em>(tutkinnon osan suorittajille)<\/em><br><\/li>\n<\/ul>\n\n\n\n<h2 class=\"wp-block-heading has-medium-font-size\">Tutkinnon osan suorittaminen<\/h2>\n\n\n\n<p>T\u00e4h\u00e4n koulutukseen osallistuneilla on mahdollisuus osoittaa osaaminen n\u00e4yt\u00f6ss\u00e4 ja suorittaa Ymp\u00e4rist\u00f6alan erikoisammattitutkinnon tutkinnon osa nimelt\u00e4 Toiminnan kehitt\u00e4minen kest\u00e4v\u00e4ll\u00e4 tavalla. Tutkinnon osan laajuus on 25 osaamispistett\u00e4.&nbsp;<\/p>\n\n\n\n<p>Opiskelija osoittaa ammattitaitonsa n\u00e4yt\u00f6ss\u00e4 toimimalla ymp\u00e4rist\u00f6alan k\u00e4yt\u00e4nn\u00f6n ty\u00f6teht\u00e4viss\u00e4. Ammattitaito osoitetaan toteuttamalla kest\u00e4v\u00e4n kehityksen l\u00e4ht\u00f6tilanteen kartoitus sek\u00e4 kehitt\u00e4m\u00e4ll\u00e4 k\u00e4yt\u00e4nn\u00f6n ty\u00f6teht\u00e4viss\u00e4 toimintaa kest\u00e4v\u00e4\u00e4 kehityst\u00e4 edist\u00e4v\u00e4ll\u00e4 tavalla. Silt\u00e4 osin kuin tutkinnon osassa vaadittua ammattitaitoa ei voida arvioida n\u00e4yt\u00f6n perusteella, ammattitaidon osoittamista t\u00e4ydennet\u00e4\u00e4n yksil\u00f6llisesti muilla tavoin.&nbsp;<\/p>\n\n\n\n<p>Tutustu Ymp\u00e4rist\u00f6alan erikoisammattitutkinnon tutkinnonperusteisiin ja \u201cToiminnan kehitt\u00e4minen kest\u00e4v\u00e4ll\u00e4 tavalla\u201d -tutkinnon osan vaatimuksiin tarkemmin&nbsp;<a href=\"https:\/\/eperusteet.opintopolku.fi\/#\/fi\/ammatillinen\/3792067\/tutkinnonosat\/3814448\" target=\"_blank\" rel=\"noreferrer noopener\">opintopolun eperusteissa<\/a>.&nbsp;&nbsp;<\/p>\n\n\n\n<hr class=\"wp-block-separator has-alpha-channel-opacity is-style-wide\"\/>\n\n\n\n<h2 class=\"wp-block-heading has-medium-font-size\"><strong>Ilmoittaudu koulutukseen<\/strong><\/h2>\n\n\n\n<p><a href=\"https:\/\/ssl.eventilla.com\/keta-helmikuu-2026\" target=\"_blank\" rel=\"noreferrer noopener\">Toiminnan kehitt\u00e4minen kest\u00e4v\u00e4ll\u00e4 tavalla, helmikuu 2026<\/a><\/p>\n\n\n\n<p><a href=\"https:\/\/ssl.eventilla.com\/keta-huhtikuu2026\" target=\"_blank\" rel=\"noreferrer noopener\">Toiminnan kehitt\u00e4minen kest\u00e4v\u00e4ll\u00e4 tavalla, huhtikuu 2026<\/a><\/p>\n\n\n\n<p><a href=\"https:\/\/ssl.eventilla.com\/keta-elokuu2026\" target=\"_blank\" rel=\"noreferrer noopener\">Toiminnan kehitt\u00e4minen kest\u00e4v\u00e4ll\u00e4 tavalla, elokuu 2026<\/a><\/p>\n\n\n\n<p><a href=\"https:\/\/ssl.eventilla.com\/keta-lokakuu2026\" target=\"_blank\" rel=\"noreferrer noopener\">Toiminnan kehitt\u00e4minen kest\u00e4v\u00e4ll\u00e4 tavalla, lokakuu 2026<\/a><\/p>\n\n\n\n<hr class=\"wp-block-separator has-alpha-channel-opacity is-style-wide\"\/>\n\n\n<h2>Kysy lis\u00e4\u00e4<\/h2>\r\n<div class=\"row\">\r\n                                <div class=\"col-md-6\">\r\n                    <div class=\"staff-box\">\r\n                        <div class=\"row\">\r\n                            <div class=\"col-4\">\r\n                                <img loading=\"lazy\" decoding=\"async\" width=\"150\" height=\"250\" src=\"https:\/\/sykli.fi\/demo\/wp-content\/uploads\/2022\/09\/Aura_Piha_2019_nettisivuille_mv.jpg\" class=\"attachment-post-thumbnail size-post-thumbnail wp-post-image\" alt=\"\" \/>                            <\/div>\r\n                            <div class=\"col-8\">\r\n                                <h3>Aura Piha<\/h3>\r\n                                Verkkokurssivastaava, Ammattilaisen k\u00e4denj\u00e4lki                                <ul>\r\n                                    <li><svg xmlns=\"http:\/\/www.w3.org\/2000\/svg\" width=\"16\" height=\"16\" fill=\"currentColor\" class=\"bi bi-telephone-fill\" viewBox=\"0 0 16 16\">\r\n                                <path fill-rule=\"evenodd\" d=\"M1.885.511a1.745 1.745 0 0 1 2.61.163L6.29 2.98c.329.423.445.974.315 1.494l-.547 2.19a.678.678 0 0 0 .178.643l2.457 2.457a.678.678 0 0 0 .644.178l2.189-.547a1.745 1.745 0 0 1 1.494.315l2.306 1.794c.829.645.905 1.87.163 2.611l-1.034 1.034c-.74.74-1.846 1.065-2.877.702a18.634 18.634 0 0 1-7.01-4.42 18.634 18.634 0 0 1-4.42-7.009c-.362-1.03-.037-2.137.703-2.877L1.885.511z\"\/>\r\n                              <\/svg> <a href=\"tel:+358504642696\">050 464 2696<\/a><\/li><li><svg xmlns=\"http:\/\/www.w3.org\/2000\/svg\" width=\"16\" height=\"16\" fill=\"currentColor\" class=\"bi bi-envelope-fill\" viewBox=\"0 0 16 16\">\r\n                                <path d=\"M.05 3.555A2 2 0 0 1 2 2h12a2 2 0 0 1 1.95 1.555L8 8.414.05 3.555ZM0 4.697v7.104l5.803-3.558L0 4.697ZM6.761 8.83l-6.57 4.027A2 2 0 0 0 2 14h12a2 2 0 0 0 1.808-1.144l-6.57-4.027L8 9.586l-1.239-.757Zm3.436-.586L16 11.801V4.697l-5.803 3.546Z\"\/>\r\n                              <\/svg> <a href=\"mailto:aura.piha@sykli.fi\">aura.piha@sykli.fi<\/a><\/li>                                <\/ul>\r\n                            <\/div>\r\n                        <\/div>\r\n                    <\/div>\r\n                <\/div>\r\n    <\/div>","protected":false},"excerpt":{"rendered":"<p>Koulutuksessa tuemme eri alojen ammattilaisia tunnistamaan oman kest\u00e4vyysroolinsa yhteiskunnassa Kest\u00e4vyyden ammattilaisena osaat huomioida ty\u00f6ss\u00e4si yrityksen, asiakkaiden ja sidosryhmien tarpeet sek\u00e4 [&hellip;]<\/p>\n","protected":false},"author":7,"featured_media":63699,"parent":66636,"menu_order":0,"comment_status":"closed","ping_status":"closed","template":"","meta":{"_acf_changed":false,"footnotes":""},"class_list":["post-66571","page","type-page","status-publish","has-post-thumbnail","hentry"],"acf":[],"_links":{"self":[{"href":"https:\/\/sykli.fi\/demo\/wp-json\/wp\/v2\/pages\/66571","targetHints":{"allow":["GET"]}}],"collection":[{"href":"https:\/\/sykli.fi\/demo\/wp-json\/wp\/v2\/pages"}],"about":[{"href":"https:\/\/sykli.fi\/demo\/wp-json\/wp\/v2\/types\/page"}],"author":[{"embeddable":true,"href":"https:\/\/sykli.fi\/demo\/wp-json\/wp\/v2\/users\/7"}],"replies":[{"embeddable":true,"href":"https:\/\/sykli.fi\/demo\/wp-json\/wp\/v2\/comments?post=66571"}],"version-history":[{"count":10,"href":"https:\/\/sykli.fi\/demo\/wp-json\/wp\/v2\/pages\/66571\/revisions"}],"predecessor-version":[{"id":73129,"href":"https:\/\/sykli.fi\/demo\/wp-json\/wp\/v2\/pages\/66571\/revisions\/73129"}],"up":[{"embeddable":true,"href":"https:\/\/sykli.fi\/demo\/wp-json\/wp\/v2\/pages\/66636"}],"wp:featuredmedia":[{"embeddable":true,"href":"https:\/\/sykli.fi\/demo\/wp-json\/wp\/v2\/media\/63699"}],"wp:attachment":[{"href":"https:\/\/sykli.fi\/demo\/wp-json\/wp\/v2\/media?parent=66571"}],"curies":[{"name":"wp","href":"https:\/\/api.w.org\/{rel}","templated":true}]}}