{"id":65302,"date":"2023-10-02T08:37:38","date_gmt":"2023-10-02T05:37:38","guid":{"rendered":"https:\/\/sykli.fi\/?page_id=65302"},"modified":"2025-06-24T14:56:22","modified_gmt":"2025-06-24T11:56:22","slug":"opiskelijoiden-tasa-arvo-ja-yhdenvertaisuussuunnitelma","status":"publish","type":"page","link":"https:\/\/sykli.fi\/demo\/sykli\/syklin-vastuullisuus\/opiskelijoiden-tasa-arvo-ja-yhdenvertaisuussuunnitelma\/","title":{"rendered":"Opiskelijoiden tasa-arvo ja yhdenvertaisuussuunnitelma"},"content":{"rendered":"\r\n<section id=\"hero-block_551a0859ccb72236b9ef91c8a4bf063f\" class=\"hero site-banner section-default default alignfull\">\r\n\r\n    <div class=\"site-banner-bg section-bg-image \" >\r\n\r\n        <img loading=\"lazy\" decoding=\"async\" width=\"1000\" height=\"667\" src=\"https:\/\/sykli.fi\/demo\/wp-content\/uploads\/2023\/04\/shutterstock_770131126-ohjeet-tyovoimakoulutus-os.jpg\" class=\"attachment-1536\u00d71536 size-1536\u00d71536\" alt=\"Kaksi opiskelijaa kirjoittamassa.\" srcset=\"https:\/\/sykli.fi\/demo\/wp-content\/uploads\/2023\/04\/shutterstock_770131126-ohjeet-tyovoimakoulutus-os.jpg 1000w, https:\/\/sykli.fi\/demo\/wp-content\/uploads\/2023\/04\/shutterstock_770131126-ohjeet-tyovoimakoulutus-os-300x200.jpg 300w, https:\/\/sykli.fi\/demo\/wp-content\/uploads\/2023\/04\/shutterstock_770131126-ohjeet-tyovoimakoulutus-os-768x512.jpg 768w\" sizes=\"auto, (max-width: 1000px) 100vw, 1000px\" \/>\r\n        \r\n        \r\n            <div class=\"site-banner-content container\">\r\n                <div class=\"row w-100\">\r\n                    <div class=\"col-md-12\">\r\n                        <div class=\"hero-text-overlay\">\r\n                                                                <h1 class=\"hero-title\">Opiskelijoiden tasa-arvo ja yhdenvertaisuussuunnitelma<\/h1>\r\n                            <div class=\"inner-content\">\r\n                            <div class=\"acf-innerblocks-container\"><\/div>\r\n                        <\/div>                        <\/div>\r\n                    <\/div>\r\n                <\/div>\r\n            <\/div>\r\n\r\n        <\/section>\n\n\n<p>T\u00e4m\u00e4 suunnitelma on laadittu Syklin opiskelijoiden tasa-arvoisen ja yhdenvertaisen kohtelun varmistamiseksi kaikissa opintojen vaiheissa opiskelijavalinnoista l\u00e4htien opiskelijan opintojen p\u00e4\u00e4ttymiseen asti.<\/p>\n\n\n\n<h2 class=\"wp-block-heading\">Syklin opiskelijoiden tasa-arvoisuus- ja yhdenvertaisuussuunnitelma <br>2025\u20122026<\/h2>\n\n\n\n<h3 class=\"wp-block-heading\">1 Johdanto <\/h3>\n\n\n\n<p>T\u00e4m\u00e4n suunnitelman tarkoituksena on varmistaa Suomen ymp\u00e4rist\u00f6opisto Syklin opiskelijoiden tasa-arvoinen ja yhdenvertainen kohtelu kaikissa opintojen vaiheissa. Tasa-arvoinen oppilaitos rakennetaan oppilaitoksen henkil\u00f6st\u00f6n ja opiskelijoiden v\u00e4lisell\u00e4 yhteisty\u00f6ll\u00e4. Tasa-arvon ja yhdenvertaisuuden toteutuminen on jokaisen vastuulla. Laki naisten ja miesten v\u00e4lisest\u00e4 tasa-arvosta (609\/1986, tasa-arvolaki), sen uudistus (232\/2005) sek\u00e4 yhdenvertaisuuslaki (1325\/2014) velvoittavat oppilaitokset laatimaan yhdenvertaisuus- ja tasa-arvosuunnitelman yhteisty\u00f6ss\u00e4 opiskelijoiden edustajien ja henkil\u00f6st\u00f6n kanssa.<\/p>\n\n\n\n<p>Yhdenvertaisuudella tarkoitetaan, ett\u00e4 kaikki ihmiset ovat samanarvoisia riippumatta heid\u00e4n sukupuolestaan, i\u00e4st\u00e4\u00e4n, alkuper\u00e4st\u00e4\u00e4n, kansalaisuudestaan, kielest\u00e4\u00e4n, uskonnostaan ja vakaumuksestaan, mielipiteest\u00e4\u00e4n, poliittisesta tai ammattiyhdistystoiminnastaan, perhesuhteistaan, vammastaan, terveydentilastaan, seksuaalisesta identiteetist\u00e4\u00e4n tai muusta henkil\u00f6\u00f6n liittyv\u00e4st\u00e4 syyst\u00e4. Oikeudenmukaisessa yhteis-kunnassa henkil\u00f6\u00f6n liittyv\u00e4t tekij\u00e4t, kuten syntyper\u00e4 tai ihonv\u00e4ri eiv\u00e4t saa vaikuttaa henkil\u00f6n mahdollisuuksiin p\u00e4\u00e4st\u00e4 koulutukseen, saada ty\u00f6t\u00e4 ja erilaisia palveluja.<\/p>\n\n\n\n<p>Suomen ymp\u00e4rist\u00f6opisto Syklin opiskelijoiden tasa-arvo- ja yhdenvertaisuussuunnitelma perustuu lain<br>asettamiin vaatimuksiin sek\u00e4 Syklin laadullisiin tavoitteisiin yll\u00e4pit\u00e4\u00e4 yhdenvertaista oppilaitosta, jossa<br>jokaisen on turvallista ja viihtyis\u00e4\u00e4 opiskella.<\/p>\n\n\n\n<h3 class=\"wp-block-heading\">2 Tasa-arvoon ja yhdenvertaisuuteen liittyv\u00e4 lains\u00e4\u00e4d\u00e4nt\u00f6<\/h3>\n\n\n\n<p>Opetuksen j\u00e4rjest\u00e4j\u00e4ll\u00e4 on velvollisuus laatia tasa-arvo- ja yhdenvertaisuussuunnitelma sek\u00e4 toimeenpanna t\u00e4m\u00e4 suunnitelma. Alla luetellut lait ovat tasa-arvo- ja yhdenvertaisuussuunnitelman l\u00e4ht\u00f6kohtana.<\/p>\n\n\n\n<p>Perusoikeudet Suomen perustuslaissa (731\/1999) Perustuslain mukaan ihmiset ovat yhdenvertaiset lain edess\u00e4. Lain 6 \u00a7 sis\u00e4lt\u00e4\u00e4 yhdenvertaisuuden lain edess\u00e4 sek\u00e4 yleisen syrjint\u00e4kiellon.<\/p>\n\n\n\n<p><strong>Yhdenvertaisuuslaki (1325\/2014)<\/strong> <br>Yhdenvertaisuuslain tarkoituksena on edist\u00e4\u00e4 yhdenvertaisuutta ja ehk\u00e4ist\u00e4 syrjint\u00e4\u00e4 sek\u00e4 tehostaa syrjinn\u00e4n kohteeksi joutuneen oikeusturvaa. Lain mukaan viranomaisella, koulutuksen j\u00e4rjest\u00e4j\u00e4ll\u00e4 ja ty\u00f6nantajalla on velvollisuus arvioida yhdenvertaisuuden toteutumista toiminnassaan. Viranomaisen, koulutuksen j\u00e4rjest\u00e4j\u00e4n sek\u00e4 ty\u00f6nantajan, jonka palveluksessa on s\u00e4\u00e4nn\u00f6llisesti v\u00e4hint\u00e4\u00e4n 30 henkil\u00f6\u00e4, on laadittava arvioinnin pohjalta suunnitelma (yhdenvertaisuussuunnitelma) tarvittavista toimenpiteist\u00e4 yhdenvertaisuuden edist\u00e4miseksi.<\/p>\n\n\n\n<p>Laki kielt\u00e4\u00e4 v\u00e4litt\u00f6m\u00e4n (suoran) syrjinn\u00e4n, v\u00e4lillisen (ep\u00e4suoran) syrjinn\u00e4n, h\u00e4irinn\u00e4n, kohtuullisten mukautusten ep\u00e4\u00e4misen sek\u00e4 ohjeen tai k\u00e4skyn syrji\u00e4 jotakuta. My\u00f6s syrjiv\u00e4 ty\u00f6paikkailmoittelu kiellet\u00e4\u00e4n laissa. Kielletyt syrjint\u00e4perusteet ovat ik\u00e4, alkuper\u00e4, kansalaisuus, kieli, uskonto, vakaumus, mielipide, poliittinen toiminta, ammattiyhdistystoiminta, perhesuhteet, terveydentila, vammaisuus, seksuaalinen suuntautuminen tai muu henkil\u00f6\u00f6n liittyv\u00e4 syy. Syrjint\u00e4 on kielletty riippumatta siit\u00e4, perustuuko se henkil\u00f6\u00e4 itse\u00e4\u00e4n vai jotakuta toista koskevaan tosiseikkaan tai oletukseen.<\/p>\n\n\n\n<p><strong>Laki naisten ja miesten v\u00e4lisest\u00e4 tasa-arvosta (609\/1986, 232\/2005)<\/strong><br>Tasa-arvolain tarkoituksena on est\u00e4\u00e4 sukupuoleen perustuva syrjint\u00e4 ja edist\u00e4\u00e4 naisten ja miesten v\u00e4list\u00e4 tasa-arvoa sek\u00e4 t\u00e4ss\u00e4 tarkoituksessa parantaa naisten asemaa erityisesti ty\u00f6el\u00e4m\u00e4ss\u00e4. Lain tarkoituksena on my\u00f6s est\u00e4\u00e4 sukupuoli-identiteettiin tai sukupuolen ilmaisuun perustuva syrjint\u00e4.<\/p>\n\n\n\n<h3 class=\"wp-block-heading\">3 Tasa-arvo- ja yhdenvertaisuusty\u00f6n tavoitteet Sykliss\u00e4<\/h3>\n\n\n\n<p>Tasa-arvo- ja yhdenvertaisuussuunnitelman tavoitteena on edist\u00e4\u00e4 kaikkien samanarvoista kohtelua sek\u00e4 ennaltaehk\u00e4ist\u00e4 syrjint\u00e4\u00e4. Jokainen on yhdenvertainen eli samanarvoinen toisen kanssa sellaisena kuin on. Opiskelijoiden kohdalla t\u00e4m\u00e4 tarkoittaa, ett\u00e4 jokaiselle annetaan samanlaiset mahdollisuudet suoriutua opinnoistaan omista l\u00e4ht\u00f6kohdistaan, mik\u00e4 toteutuu riitt\u00e4v\u00e4n\u00e4 ohjauksena, henkil\u00f6kohtaistamisena ja opiskelijoiden yksil\u00f6llisten tarpeiden tunnistamisena. Syklin tavoitteena on kouluttaa omien ammattialojensa osaajia ja ty\u00f6yhteis\u00f6jen j\u00e4seni\u00e4, jotka toiminnassaan toteuttavat ja edist\u00e4v\u00e4t yhdenvertaisuutta sek\u00e4 tasa-arvoa.<\/p>\n\n\n\n<p>Tasa-arvo ja yhdenvertaisuus tarkoittavat my\u00f6s ilmapiirin luomista sellaiseksi, ett\u00e4 kaikkia kohdellaan kunnioittavasti ja oikeudenmukaisesti. Opetuksessa, ohjauksessa ja opiskelijavalinnoissa on erityisen t\u00e4rke\u00e4\u00e4 huomioida yhdenvertaisuuden edist\u00e4minen. Opiskelijoiden asioita koskevassa p\u00e4\u00e4t\u00f6ksenteossa yhdenvertaisuus tarkoittaa huomion kiinnitt\u00e4mist\u00e4 siihen, ettei p\u00e4\u00e4t\u00f6ksill\u00e4 ole syrjivi\u00e4 vaikutuksia. Opetuksessa se tarkoittaa moninaisuuden huomioimista niin opetusmateriaaleissa, opetusmenetelmiss\u00e4 kuin opiskelijoihin suhtautumisessakin.<\/p>\n\n\n\n<p>Tasa-arvon ja yhdenvertaisuuden toteutuminen on meid\u00e4n kaikkien vastuulla, joka n\u00e4kyy kaikessa siin\u00e4, miten toimimme ja sanomme. Ihmisten moninaisuus yhdistettyn\u00e4 tasa-arvoon on voimavara, joka rikastuttaa toimintaa ja luo hyvinvointia.<\/p>\n\n\n\n<h3 class=\"wp-block-heading\">4 Tasa-arvon ja yhdenvertaisuuden toteuttaminen opetustoiminnassa<\/h3>\n\n\n\n<p>Tasa-arvo ja yhdenvertaisuus ovat paitsi arvoja ja tavoitteita my\u00f6s toimintaa ja tekoja. Laki velvoittaa toteuttamaan yhdenvertaisuutta ja tasa-arvoa kaikessa oppilaitosyhteis\u00f6n toiminnassa.<\/p>\n\n\n\n<h4 class=\"wp-block-heading\">4.1 Opiskelijavalinnat<\/h4>\n\n\n\n<p>Sykliss\u00e4 opiskelijaksi hakeudutaan avoimen ilmoittautumisen kautta. Osaamisalojen vastuukouluttajat yhdess\u00e4 koulutusp\u00e4\u00e4llik\u00f6iden tai ty\u00f6el\u00e4m\u00e4asiantuntijoiden kanssa vastaavat itsen\u00e4isesti tutkintoon valmistavan koulutuksen opiskelijavalinnoista. Opiskelijavalintaan ei vaikuta hakijan sukupuoli, ik\u00e4 tai muu henkil\u00f6kohtainen ominaisuus. My\u00f6sk\u00e4\u00e4n avoimien koulutusten opiskelijavalintoihin Sykli ei aseta mit\u00e4\u00e4n ehtoja, mitk\u00e4 rikkoisivat tasa-arvoista ja yhdenvertaista kohtelua. Kerromme opintojen hakuvaiheessa erityisen tuen tarpeen arvioinnista ja tukitoimista, joita on tarjolla.<\/p>\n\n\n\n<p>Tutkintoon valmistavaan koulutukseen asettavat tutkinnonperusteet vaatimuksia opiskelijavalinnan suhteen. Ammatti- ja erikoisammattitutkinnot edellytt\u00e4v\u00e4t opiskelijalta aiempaa ammatillista osaamista tai koulutusta. Tutkintoon valmistavaan koulutukseen osallistuminen edellytt\u00e4\u00e4 sellaista ty\u00f6kyky\u00e4, ett\u00e4 pystyy selviytym\u00e4\u00e4n alan ty\u00f6teht\u00e4vist\u00e4, koska tutkinto suoritetaan pitk\u00e4lti ty\u00f6el\u00e4m\u00e4ss\u00e4.<\/p>\n\n\n\n<p>Syklill\u00e4 on lupa j\u00e4rjest\u00e4\u00e4 tutkintoon valmistavaa koulutusta suomen ja ruotsin kielell\u00e4, joten opiskelijan tulee hallita suomea tai ruotsia riitt\u00e4v\u00e4sti, jotta h\u00e4n kykenee suorittamaan tutkinnon. Tarvittaessa vieraskielisille opiskelijoille tarjotaan tukea tutkinnon suorittamiseen jommallakummalla kotimaisella kielell\u00e4.<\/p>\n\n\n\n<h4 class=\"wp-block-heading\">4.2 Opintojen henkil\u00f6kohtaistaminen<\/h4>\n\n\n\n<p>Ammatillisesta koulutuksesta annetun lain 531\/2017 5:n luvun mukaan koulutuksen j\u00e4rjest\u00e4j\u00e4 vastaa n\u00e4ytt\u00f6tutkintoon ja siihen valmistavaan koulutukseen hakeutumisen, tutkinnon suorittamisen ja tarvittavan ammattitaidon hankkimisen henkil\u00f6kohtaistamisesta sek\u00e4 n\u00e4ihin liittyv\u00e4st\u00e4 ohjauksesta. Tutkintoon valmistavassa koulutuksessa opiskelijan kanssa laaditaan henkil\u00f6kohtaisen osaamisen kehitt\u00e4missuunnitelma (HOKS).<\/p>\n\n\n\n<p>Opintojen henkil\u00f6kohtaistamisessa on otettava huomioon my\u00f6s erilaisesta kulttuuri- ja kielitaustasta tai muusta syyst\u00e4 kuten luki- ja kirjoitush\u00e4iri\u00f6st\u00e4 mahdollisesti johtuvat erityistarpeet ja l\u00e4ht\u00f6kohdat. Opintojen hakeutumisvaiheessa k\u00e4ytet\u00e4\u00e4n monipuolisia osaamisen tunnistamisen menetelmi\u00e4. Tavoitteena on my\u00f6s hakijan vahvuuksien l\u00f6yt\u00e4minen ja tutkinnon suorittamisen henkil\u00f6kohtaistaminen. Opiskelijan opintojen henkil\u00f6kohtaistaja ohjaa opiskelijaa valitsemaan opiskelijan tarpeisiin soveltuvat tutkinnon osat tutkintorakenteen mukaisesti.<\/p>\n\n\n\n<h4 class=\"wp-block-heading\">4.3 Opintosuoritusten arviointi<\/h4>\n\n\n\n<p>Sykliss\u00e4 koulutuksen tavoitteet ja arviointiperiaatteet kerrotaan opiskelijalle koulutuksen aloitusvaiheessa. Opintosuorituksia ei arvioida numeerisesti, vaan opiskelijalle annetaan palautetta kirjallisesti tai suullisesti. Sykliss\u00e4 kiinnitet\u00e4\u00e4n huomiota siihen, ett\u00e4 jokaisen opiskelijan arviointi on motivoivaa ja kannustavaa. Arvioinnin tarkoitus on antaa opiskelijalle palautetta siit\u00e4, mit\u00e4 h\u00e4n jo osaa ja mit\u00e4 pit\u00e4\u00e4 viel\u00e4 oppia saavuttaakseen asetetut tavoitteet. My\u00f6s ty\u00f6el\u00e4m\u00e4arvioijat perehdytet\u00e4\u00e4n tutkinnonsuorittajan arviointiin. Opiskelijan arviointi perustuu ainoastaan tutkinnon perusteiden m\u00e4\u00e4r\u00e4ysten mukaisiin kriteereihin.<\/p>\n\n\n\n<p>Avoimissa koulutuksissa koulutussuorituksen hyv\u00e4ksyminen saattaa perustua viranomaisen tai organisaation asettamaan kokeeseen tai teht\u00e4v\u00e4\u00e4n.<\/p>\n\n\n\n<h4 class=\"wp-block-heading\">4.4 Syrjinn\u00e4n ehk\u00e4isy opetuksessa<\/h4>\n\n\n\n<p>Sykliss\u00e4 opetuksen yhdenvertaisuus tarkoittaa moninaisuuden huomioimista niin opetusmenetelmiss\u00e4, opetusmateriaaleissa kuin opiskelijoihin suhtautumisessakin. Tavoitteena on, ett\u00e4 Syklin opetustoiminta perustuu ihmisoikeuksien kunnioittamiseen ja noudattamiseen, demokratian ja tasa-arvon edist\u00e4miseen, elinik\u00e4iseen oppimiseen tarvittavien valmiuksien edist\u00e4miseen, moninaisuuden arvostamiseen sek\u00e4 kansainv\u00e4lisyyteen.<\/p>\n\n\n\n<p>Opetustilanteissa noudatetaan seuraavia toimintaperiaatteita:<\/p>\n\n\n\n<ul class=\"wp-block-list\">\n<li>syrjinn\u00e4n ja ep\u00e4tasa-arvoisen toiminnan ehk\u00e4iseminen \/varhainen puuttuminen<\/li>\n\n\n\n<li>sosiaaliseen vuorovaikutukseen kannustaminen<\/li>\n\n\n\n<li>kiusaamisen tunnistaminen ja sen poistaminen<\/li>\n\n\n\n<li>seksuaalisen h\u00e4irinn\u00e4n tunnistaminen ja poistaminen<\/li>\n\n\n\n<li>yhdenvertaisuuteen perustuvien opetusk\u00e4yt\u00e4nt\u00f6jen noudattaminen<\/li>\n\n\n\n<li>riitt\u00e4v\u00e4 resursointi opetukseen ja ohjaukseen<\/li>\n<\/ul>\n\n\n\n<h3 class=\"wp-block-heading\">5 Miten puuttua syrjint\u00e4\u00e4n ja kiusaamiseen?<\/h3>\n\n\n\n<p>Sykliss\u00e4 noudatetaan turvallisemman tilan periaatteita. Tarkoituksena on, ett\u00e4 Sykli on mahdollisimman turvallinen ty\u00f6- ja opiskelupaikka, ja ett\u00e4 kaikilla on turvallista osallistua Syklin toimintaan ja tilaisuuksiin.<br><br>Kiusaaminen ja syrjint\u00e4 voi ilmet\u00e4 eri muodoissa: ilmein\u00e4, elein\u00e4, sanoina tai tekoina. Se on huonoa k\u00e4yt-t\u00e4ytymist\u00e4: mykk\u00e4koulua, ivallisia kommentteja, erist\u00e4mist\u00e4, mustamaalaamista, mielenterveyden kyseenalaistamista, piikittely\u00e4, hy\u00f6kk\u00e4\u00e4mist\u00e4, n\u00f6yryytt\u00e4mist\u00e4 ja muuta k\u00e4ytt\u00e4ytymist\u00e4, joka haittaa opiskelua. Sen kohteena oleva henkil\u00f6 kokee olevansa puolustuskyvyt\u00f6n.<\/p>\n\n\n\n<p>Kiusaamisen kokemus on yksil\u00f6llist\u00e4. Eri ihmiset kokevat erilaiset tilanteet ahdistavina ja vaikeina hallita.<br>Kiusaamisen kohteena olemisesta puhuminen pelottaa. Kiusatulle on t\u00e4rke\u00e4\u00e4 tulla kuulluksi omassa asiassaan juuri sellaisena kuin h\u00e4n tilanteen kokee. Jokainen kiusattu haluaisi varmistaa, ettei tilanne en\u00e4\u00e4 jatku ahdistavana tai mene viel\u00e4 pahempaan suuntaan.<\/p>\n\n\n\n<p>Hyv\u00e4n ja huonon k\u00e4ytt\u00e4ytymisen vaikutukset ja rajat eiv\u00e4t ole kaikille ihmisille selkeit\u00e4. Kaikki kiusaajat eiv\u00e4t itse tunnista olevansa kiusaajia. He eiv\u00e4t tunnista toisen ihmisen tunnereaktioita, omaa huonoa k\u00e4yt-t\u00e4ytymist\u00e4\u00e4n tai pit\u00e4v\u00e4t omaa tapaansa toimia syyst\u00e4 tai toisesta oikeutettuna.<\/p>\n\n\n\n<p>Jos havaitset kiusaamista tai syrjint\u00e4\u00e4, toimi n\u00e4in:<\/p>\n\n\n\n<p><strong>Kerro n\u00e4kem\u00e4st\u00e4si ja tue kiusatuksi joutunutta<\/strong><br>Jos n\u00e4et tai kuulet h\u00e4irint\u00e4\u00e4, syrjint\u00e4\u00e4 tai muuta ep\u00e4asiallista kohtelua, puutu siihen itsellesi sopivalla tavalla. Puuttumalla toimit my\u00f6s esimerkkin\u00e4 toisille. Kerro havaitsemastasi kiusaamisesta tai syrjinn\u00e4st\u00e4 Syklin kouluttajalle tai muulle henkil\u00f6st\u00f6lle, joiden velvollisuus on puuttua tilanteeseen ja vied\u00e4 asia eteenp\u00e4in k\u00e4sitelt\u00e4v\u00e4ksi. Voit my\u00f6s tarvittaessa k\u00e4ytt\u00e4\u00e4 <a href=\"https:\/\/sykli.fi\/demo\/yhteys\/palaute\/\" target=\"_blank\" rel=\"noreferrer noopener\">palautelomaketta<\/a> tai <a href=\"https:\/\/sykli.fi\/demo\/yhteys\/ilmoituskanava\/\" target=\"_blank\" rel=\"noreferrer noopener\">ilmoituskanavaa<\/a>. Mik\u00e4li ep\u00e4asiallisesti k\u00e4ytt\u00e4ytyv\u00e4 on joku Syklin henkil\u00f6kunnasta, ota yhteytt\u00e4 suoraan Syklin rehtoriin. Jos et rohkene kiusaamistilanteessa menn\u00e4 v\u00e4liin, voit osoittaa my\u00f6hemmin puolustavasi kiusattua. Mene juttelemaan ja sano, ett\u00e4 teko oli ep\u00e4asiallinen. N\u00e4in osoitat, ett\u00e4 v\u00e4lit\u00e4t. Tuen antaminen helpottaa kiusatun oloa, koska silloin h\u00e4n kokee, ettei ole j\u00e4\u00e4nyt yksin.<\/p>\n\n\n\n<p><strong>Toimi oman rohkeutesi rajoissa<\/strong><br>Puutu kiusaamiseen tai ep\u00e4asialliseen k\u00e4yt\u00f6kseen omien kykyjesi mukaan, oman rohkeutesi rajoissa. Toimi, jos tunnet, ett\u00e4 se on tilanteessa mahdollista ja itsellesi turvallista. Muista, ett\u00e4 jos oppilaitoksessa tapahtuu ep\u00e4asiallista k\u00e4yt\u00f6st\u00e4, vastuu tilanteesta on oppilaitoksen henkil\u00f6kunnan ja viime k\u00e4dess\u00e4 rehtorin.<\/p>\n\n\n\n<p><strong>Millaista apua toivoisit itse?<\/strong><br>Tilanteet ovat aina erilaisia, eik\u00e4 niit\u00e4 voi ratkaista tietyll\u00e4 kaavalla. Kun huomaat kiusaamista tai syrjint\u00e4\u00e4, pohdi mit\u00e4 toivoisit muiden tekev\u00e4n, jos olisit itse uhri. Sano sellaisia asioita, joita itse haluaisit kuulla vastaavassa tilanteessa. Kiusatulle on t\u00e4rke\u00e4\u00e4, ett\u00e4 h\u00e4nt\u00e4 puolustaa joku vertainen, esimerkiksi opiskelutoveri.<\/p>\n\n\n\n<p><strong>Ole m\u00e4\u00e4r\u00e4tietoinen mutta rauhallinen<\/strong><br>Pysy rauhallisena, ole m\u00e4\u00e4r\u00e4tietoinen. On t\u00e4rke\u00e4\u00e4 kuulla kiusatun mielipide siit\u00e4, mik\u00e4 t\u00e4ss\u00e4 tilanteessa auttaisi h\u00e4nt\u00e4 kaikkein eniten.<\/p>\n\n\n\n<p>Nopea ja tehokas puuttuminen varhaisessa vaiheessa voi lopettaa alkavan kiusaamiskierteen. Jokainen voi omien voimien ja taitojensa puitteissa antaa palautetta huonosti k\u00e4ytt\u00e4ytyv\u00e4lle.<\/p>\n\n\n\n<h3 class=\"wp-block-heading\">6 Suunnitelman jalkauttaminen ja toteutumisen seuranta<\/h3>\n\n\n\n<p>T\u00e4m\u00e4 Syklin opiskelijoiden tasa-arvosuunnitelma on laadittu Syklin yhteistoimintaryhm\u00e4ss\u00e4, ja se on esitelty Syklin johtoryhm\u00e4ss\u00e4 koulutusp\u00e4\u00e4llik\u00f6ille, jotka vastaavat siit\u00e4, ett\u00e4 heid\u00e4n yksik\u00f6iss\u00e4\u00e4n toimivat kouluttajat toimivat siten, ett\u00e4 yhdenvertaisuus ja tasa-arvo toteutuvat opiskelijavalinnoissa, opetuksessa, ohjauksessa ja arvioinnissa. Suunnitelma on n\u00e4ht\u00e4vill\u00e4 Syklin nettisivuilla.<\/p>\n\n\n\n<p>Suunnitelman toteutumista seurataan opiskelijoiden palautekyselyill\u00e4 ja tilastoinneissa, joissa seurataan opiskelijoiden ik\u00e4- ja sukupuolijakaumia.<\/p>\n\n\n\n<p>T\u00e4m\u00e4 suunnitelma p\u00e4ivitet\u00e4\u00e4n tarvittaessa, kuitenkin v\u00e4hint\u00e4\u00e4n kolmen vuoden v\u00e4lein.<\/p>\n\n\n\n<p><strong>Lis\u00e4tietoja:<\/strong><br><a href=\"https:\/\/yhdenvertaisuus.fi\/etusivu?x103997=431714\" target=\"_blank\" rel=\"noreferrer noopener\">Oikeusministeri\u00f6: Yhdenvertaisuuslaki \u2013 esite<\/a><br><a href=\"http:\/\/yhdenvertaisuus.finlex.fi\/\" target=\"_blank\" rel=\"noreferrer noopener\">Oikeusministeri\u00f6: Yhdenvertaisuuden arvioinnin ty\u00f6kalu<\/a><br><a href=\"https:\/\/www.oph.fi\/sites\/default\/files\/documents\/esteettomasti_toisen_asteen_opintoihin.pdf\" target=\"_blank\" rel=\"noreferrer noopener\">Opetushallitus: Esteett\u00f6m\u00e4sti toisen asteen opintoihin &#8211; opas esteett\u00f6m\u00e4\u00e4n opiskelijavalintaan ja opiskeluun<\/a><br><a href=\"https:\/\/julkaisut.valtioneuvosto.fi\/handle\/10024\/79025\" target=\"_blank\" rel=\"noreferrer noopener\">Sis\u00e4asiain ministeri\u00f6: Oppia kaikille! &#8211; Yhdenvertaisuussuunnittelun opas oppilaitoksille 2013<\/a><br><a href=\"http:\/\/Tasa-arvovaltuutettu: Tasa-arvolaki p\u00e4hkin\u00e4nkuoressa\" target=\"_blank\" rel=\"noreferrer noopener\">Tasa-arvovaltuutettu: Tasa-arvolaki p\u00e4hkin\u00e4nkuoressa<\/a><\/p>\n\n\n<h2>Kysy lis\u00e4\u00e4<\/h2>\r\n<div class=\"row\">\r\n                                <div class=\"col-md-6\">\r\n                    <div class=\"staff-box\">\r\n                        <div class=\"row\">\r\n                            <div class=\"col-4\">\r\n                                <img loading=\"lazy\" decoding=\"async\" width=\"150\" height=\"250\" src=\"https:\/\/sykli.fi\/demo\/wp-content\/uploads\/2022\/09\/mia-oneill-2022-nettisivuille-mv.jpg\" class=\"attachment-post-thumbnail size-post-thumbnail wp-post-image\" alt=\"\" \/>                            <\/div>\r\n                            <div class=\"col-8\">\r\n                                <h3>Mia O&#8217;Neill<\/h3>\r\n                                Rehtori, toimitusjohtaja                                <ul>\r\n                                    <li><svg xmlns=\"http:\/\/www.w3.org\/2000\/svg\" width=\"16\" height=\"16\" fill=\"currentColor\" class=\"bi bi-telephone-fill\" viewBox=\"0 0 16 16\">\r\n                                <path fill-rule=\"evenodd\" d=\"M1.885.511a1.745 1.745 0 0 1 2.61.163L6.29 2.98c.329.423.445.974.315 1.494l-.547 2.19a.678.678 0 0 0 .178.643l2.457 2.457a.678.678 0 0 0 .644.178l2.189-.547a1.745 1.745 0 0 1 1.494.315l2.306 1.794c.829.645.905 1.87.163 2.611l-1.034 1.034c-.74.74-1.846 1.065-2.877.702a18.634 18.634 0 0 1-7.01-4.42 18.634 18.634 0 0 1-4.42-7.009c-.362-1.03-.037-2.137.703-2.877L1.885.511z\"\/>\r\n                              <\/svg> <a href=\"tel:+358505860284\">0505860284<\/a><\/li><li><svg xmlns=\"http:\/\/www.w3.org\/2000\/svg\" width=\"16\" height=\"16\" fill=\"currentColor\" class=\"bi bi-envelope-fill\" viewBox=\"0 0 16 16\">\r\n                                <path d=\"M.05 3.555A2 2 0 0 1 2 2h12a2 2 0 0 1 1.95 1.555L8 8.414.05 3.555ZM0 4.697v7.104l5.803-3.558L0 4.697ZM6.761 8.83l-6.57 4.027A2 2 0 0 0 2 14h12a2 2 0 0 0 1.808-1.144l-6.57-4.027L8 9.586l-1.239-.757Zm3.436-.586L16 11.801V4.697l-5.803 3.546Z\"\/>\r\n                              <\/svg> <a href=\"mailto:mia.oneill@sykli.fi\">mia.oneill@sykli.fi<\/a><\/li>                                <\/ul>\r\n                            <\/div>\r\n                        <\/div>\r\n                    <\/div>\r\n                <\/div>\r\n    <\/div>\n\n<div class=\"wp-block-image\">\n<figure class=\"alignleft size-thumbnail\"><img loading=\"lazy\" decoding=\"async\" width=\"150\" height=\"150\" src=\"https:\/\/sykli.fi\/demo\/wp-content\/uploads\/2023\/09\/oph-rahoittaa-150x150.jpg\" alt=\"\" class=\"wp-image-65130\" srcset=\"https:\/\/sykli.fi\/demo\/wp-content\/uploads\/2023\/09\/oph-rahoittaa-150x150.jpg 150w, https:\/\/sykli.fi\/demo\/wp-content\/uploads\/2023\/09\/oph-rahoittaa-300x300.jpg 300w, https:\/\/sykli.fi\/demo\/wp-content\/uploads\/2023\/09\/oph-rahoittaa.jpg 750w\" sizes=\"auto, (max-width: 150px) 100vw, 150px\" \/><\/figure>\n<\/div>\n\n\n<p>Syklin opiskelijoiden tasa-arvoisuus- ja yhdenvertaisuussuunnitelma on toteutettu Opetushallituksen rahoittaman <em>Opiskelijan \u00e4\u00e4nell\u00e4<\/em>&nbsp;-hankkeen rahoituksella.<\/p>\n","protected":false},"excerpt":{"rendered":"<p>T\u00e4m\u00e4 suunnitelma on laadittu Syklin opiskelijoiden tasa-arvoisen ja yhdenvertaisen kohtelun varmistamiseksi kaikissa opintojen vaiheissa opiskelijavalinnoista l\u00e4htien opiskelijan opintojen p\u00e4\u00e4ttymiseen asti. [&hellip;]<\/p>\n","protected":false},"author":11,"featured_media":63705,"parent":1631,"menu_order":8,"comment_status":"closed","ping_status":"closed","template":"","meta":{"_acf_changed":false,"footnotes":""},"class_list":["post-65302","page","type-page","status-publish","has-post-thumbnail","hentry"],"acf":[],"_links":{"self":[{"href":"https:\/\/sykli.fi\/demo\/wp-json\/wp\/v2\/pages\/65302","targetHints":{"allow":["GET"]}}],"collection":[{"href":"https:\/\/sykli.fi\/demo\/wp-json\/wp\/v2\/pages"}],"about":[{"href":"https:\/\/sykli.fi\/demo\/wp-json\/wp\/v2\/types\/page"}],"author":[{"embeddable":true,"href":"https:\/\/sykli.fi\/demo\/wp-json\/wp\/v2\/users\/11"}],"replies":[{"embeddable":true,"href":"https:\/\/sykli.fi\/demo\/wp-json\/wp\/v2\/comments?post=65302"}],"version-history":[{"count":10,"href":"https:\/\/sykli.fi\/demo\/wp-json\/wp\/v2\/pages\/65302\/revisions"}],"predecessor-version":[{"id":72012,"href":"https:\/\/sykli.fi\/demo\/wp-json\/wp\/v2\/pages\/65302\/revisions\/72012"}],"up":[{"embeddable":true,"href":"https:\/\/sykli.fi\/demo\/wp-json\/wp\/v2\/pages\/1631"}],"wp:featuredmedia":[{"embeddable":true,"href":"https:\/\/sykli.fi\/demo\/wp-json\/wp\/v2\/media\/63705"}],"wp:attachment":[{"href":"https:\/\/sykli.fi\/demo\/wp-json\/wp\/v2\/media?parent=65302"}],"curies":[{"name":"wp","href":"https:\/\/api.w.org\/{rel}","templated":true}]}}