{"id":64753,"date":"2023-08-08T17:38:10","date_gmt":"2023-08-08T14:38:10","guid":{"rendered":"https:\/\/sykli.fi\/?page_id=64753"},"modified":"2025-05-20T11:31:37","modified_gmt":"2025-05-20T08:31:37","slug":"viemareiden-kuntotutkijan-koulutus","status":"publish","type":"page","link":"https:\/\/sykli.fi\/demo\/koulutusalat\/vesihuolto\/lyhytkoulutukset\/viemareiden-kuntotutkijan-koulutus\/","title":{"rendered":"Viem\u00e4reiden kuntotutkijan koulutus"},"content":{"rendered":"\r\n<section id=\"hero-block_e89fab4dd8e10356b4ad997e81c300d3\" class=\"hero site-banner section-default default alignfull\">\r\n\r\n    <div class=\"site-banner-bg section-bg-image \" >\r\n\r\n        <img loading=\"lazy\" decoding=\"async\" width=\"2560\" height=\"1919\" src=\"https:\/\/sykli.fi\/demo\/wp-content\/uploads\/2023\/04\/shutterstock_1028274760-vesihuolto-scaled.jpg\" class=\"attachment-1536\u00d71536 size-1536\u00d71536\" alt=\"Vesihuolto\" srcset=\"https:\/\/sykli.fi\/demo\/wp-content\/uploads\/2023\/04\/shutterstock_1028274760-vesihuolto-scaled.jpg 2560w, https:\/\/sykli.fi\/demo\/wp-content\/uploads\/2023\/04\/shutterstock_1028274760-vesihuolto-300x225.jpg 300w, https:\/\/sykli.fi\/demo\/wp-content\/uploads\/2023\/04\/shutterstock_1028274760-vesihuolto-1024x767.jpg 1024w, https:\/\/sykli.fi\/demo\/wp-content\/uploads\/2023\/04\/shutterstock_1028274760-vesihuolto-768x576.jpg 768w, https:\/\/sykli.fi\/demo\/wp-content\/uploads\/2023\/04\/shutterstock_1028274760-vesihuolto-1536x1151.jpg 1536w, https:\/\/sykli.fi\/demo\/wp-content\/uploads\/2023\/04\/shutterstock_1028274760-vesihuolto-2048x1535.jpg 2048w\" sizes=\"auto, (max-width: 2560px) 100vw, 2560px\" \/>\r\n        \r\n        \r\n            <div class=\"site-banner-content container\">\r\n                <div class=\"row w-100\">\r\n                    <div class=\"col-md-12\">\r\n                        <div class=\"hero-text-overlay\">\r\n                                                                <h1 class=\"hero-title\">Viem\u00e4reiden kuntotutkijan koulutus<\/h1>\r\n                            <div class=\"inner-content\">\r\n                            <div class=\"acf-innerblocks-container\"><\/div>\r\n                        <\/div>                        <\/div>\r\n                    <\/div>\r\n                <\/div>\r\n            <\/div>\r\n\r\n        <\/section>\n\n\n<p><strong>Kurssi on tarkoitettu viem\u00e4reiden kuntotutkimuksia tekeville sek\u00e4 tutkimustuloksia tulkitseville henkil\u00f6ille, kuten suunnittelijoille, konsulteille ja vesihuoltolaitosten viem\u00e4ritutkimuksia tilaaville.&nbsp;Koulutus sopii my\u00f6s niille, joilla on voimassa oleva FiSTT -kuvaajakortti.<\/strong><\/p>\n\n\n\n<p>Viem\u00e4reiden kuntotutkija -koulutus on tarpeen, koska vuonna 2021 on julkaistu uusi ohje &#8221;Viem\u00e4reiden kunnon tutkiminen &#8211; Visuaaliset tutkimusmenetelm\u00e4t&#8221;. Uusi ohje korvaa vanhat &#8221;Viem\u00e4reiden TV-kuvauksen tulkintaohje&#8221; ja &#8221;Viem\u00e4rikaivojen kuntotutkimus-ohje&#8221; -julkaisut.<\/p>\n\n\n\n<p>Koulutusohjelma sis\u00e4lt\u00e4\u00e4 mm. seuraavaa:&nbsp;<\/p>\n\n\n\n<ul class=\"wp-block-list\">\n<li>Ty\u00f6turvallisuus, viem\u00e4reiden ominaisuudet ja hyv\u00e4 rakennustapa sek\u00e4 valmistelevat ty\u00f6t<\/li>\n\n\n\n<li>Kaivon kunnon yleispiirteinen tutkiminen ja raportointi<\/li>\n\n\n\n<li>Kaivon kunnon kattava tutkiminen ja raportointi<\/li>\n\n\n\n<li>Viem\u00e4reiden yleispiirteinen kunnon tutkiminen ja raportointi<\/li>\n\n\n\n<li>Suurikokoiset viem\u00e4rit, tunnelit, savu-ja v\u00e4riainekokeet<\/li>\n\n\n\n<li>Havaintojen tulkinnan soveltaminen uudisrakennus-ja saneerauskohteissa<\/li>\n\n\n\n<li>Verkkotentti(teoriakoe)<\/li>\n\n\n\n<li>Videotentti<br><\/li>\n<\/ul>\n\n\n<h2>Kysy lis\u00e4\u00e4<\/h2>\r\n<div class=\"row\">\r\n                                <div class=\"col-md-6\">\r\n                    <div class=\"staff-box\">\r\n                        <div class=\"row\">\r\n                            <div class=\"col-4\">\r\n                                <img loading=\"lazy\" decoding=\"async\" width=\"150\" height=\"250\" src=\"https:\/\/sykli.fi\/demo\/wp-content\/uploads\/2022\/09\/risto-ponto-2022-nettisivuille-mv.jpg\" class=\"attachment-post-thumbnail size-post-thumbnail wp-post-image\" alt=\"\" \/>                            <\/div>\r\n                            <div class=\"col-8\">\r\n                                <h3>Risto Ponto<\/h3>\r\n                                Asiantuntija, vesihuolto                                <ul>\r\n                                    <li><svg xmlns=\"http:\/\/www.w3.org\/2000\/svg\" width=\"16\" height=\"16\" fill=\"currentColor\" class=\"bi bi-telephone-fill\" viewBox=\"0 0 16 16\">\r\n                                <path fill-rule=\"evenodd\" d=\"M1.885.511a1.745 1.745 0 0 1 2.61.163L6.29 2.98c.329.423.445.974.315 1.494l-.547 2.19a.678.678 0 0 0 .178.643l2.457 2.457a.678.678 0 0 0 .644.178l2.189-.547a1.745 1.745 0 0 1 1.494.315l2.306 1.794c.829.645.905 1.87.163 2.611l-1.034 1.034c-.74.74-1.846 1.065-2.877.702a18.634 18.634 0 0 1-7.01-4.42 18.634 18.634 0 0 1-4.42-7.009c-.362-1.03-.037-2.137.703-2.877L1.885.511z\"\/>\r\n                              <\/svg> <a href=\"tel:+358503879555\">050 387 9555<\/a><\/li><li><svg xmlns=\"http:\/\/www.w3.org\/2000\/svg\" width=\"16\" height=\"16\" fill=\"currentColor\" class=\"bi bi-envelope-fill\" viewBox=\"0 0 16 16\">\r\n                                <path d=\"M.05 3.555A2 2 0 0 1 2 2h12a2 2 0 0 1 1.95 1.555L8 8.414.05 3.555ZM0 4.697v7.104l5.803-3.558L0 4.697ZM6.761 8.83l-6.57 4.027A2 2 0 0 0 2 14h12a2 2 0 0 0 1.808-1.144l-6.57-4.027L8 9.586l-1.239-.757Zm3.436-.586L16 11.801V4.697l-5.803 3.546Z\"\/>\r\n                              <\/svg> <a href=\"mailto:risto.ponto@sykli.fi\">risto.ponto@sykli.fi<\/a><\/li>                                <\/ul>\r\n                            <\/div>\r\n                        <\/div>\r\n                    <\/div>\r\n                <\/div>\r\n    <\/div>","protected":false},"excerpt":{"rendered":"<p>Kurssi on tarkoitettu viem\u00e4reiden kuntotutkimuksia tekeville sek\u00e4 tutkimustuloksia tulkitseville henkil\u00f6ille, kuten suunnittelijoille, konsulteille ja vesihuoltolaitosten viem\u00e4ritutkimuksia tilaaville.&nbsp;Koulutus sopii my\u00f6s niille, [&hellip;]<\/p>\n","protected":false},"author":7,"featured_media":63691,"parent":62026,"menu_order":8,"comment_status":"closed","ping_status":"closed","template":"","meta":{"_acf_changed":false,"footnotes":""},"class_list":["post-64753","page","type-page","status-publish","has-post-thumbnail","hentry"],"acf":[],"_links":{"self":[{"href":"https:\/\/sykli.fi\/demo\/wp-json\/wp\/v2\/pages\/64753","targetHints":{"allow":["GET"]}}],"collection":[{"href":"https:\/\/sykli.fi\/demo\/wp-json\/wp\/v2\/pages"}],"about":[{"href":"https:\/\/sykli.fi\/demo\/wp-json\/wp\/v2\/types\/page"}],"author":[{"embeddable":true,"href":"https:\/\/sykli.fi\/demo\/wp-json\/wp\/v2\/users\/7"}],"replies":[{"embeddable":true,"href":"https:\/\/sykli.fi\/demo\/wp-json\/wp\/v2\/comments?post=64753"}],"version-history":[{"count":10,"href":"https:\/\/sykli.fi\/demo\/wp-json\/wp\/v2\/pages\/64753\/revisions"}],"predecessor-version":[{"id":71210,"href":"https:\/\/sykli.fi\/demo\/wp-json\/wp\/v2\/pages\/64753\/revisions\/71210"}],"up":[{"embeddable":true,"href":"https:\/\/sykli.fi\/demo\/wp-json\/wp\/v2\/pages\/62026"}],"wp:featuredmedia":[{"embeddable":true,"href":"https:\/\/sykli.fi\/demo\/wp-json\/wp\/v2\/media\/63691"}],"wp:attachment":[{"href":"https:\/\/sykli.fi\/demo\/wp-json\/wp\/v2\/media?parent=64753"}],"curies":[{"name":"wp","href":"https:\/\/api.w.org\/{rel}","templated":true}]}}