{"id":64679,"date":"2023-07-03T15:03:07","date_gmt":"2023-07-03T12:03:07","guid":{"rendered":"https:\/\/sykli.fi\/?page_id=64679"},"modified":"2025-11-20T13:51:08","modified_gmt":"2025-11-20T11:51:08","slug":"tulevaisuuden-tekijat-f-e-c-2025","status":"publish","type":"page","link":"https:\/\/sykli.fi\/demo\/hakijalle\/haku-tyovoimakoulutuksiin\/f-e-c-koulutukset\/tulevaisuuden-tekijat-f-e-c-2025\/","title":{"rendered":"Nuoret tulevaisuuden tekij\u00e4t &#8211; vihre\u00e4 siirtym\u00e4, projektit ja liiketoiminta F.E.C"},"content":{"rendered":"\r\n<section id=\"hero-block_41d5fd6f04d7097cba25c8105e3cb0ce\" class=\"hero site-banner section-default default alignfull\">\r\n\r\n    <div class=\"site-banner-bg section-bg-image \" >\r\n\r\n        <img loading=\"lazy\" decoding=\"async\" width=\"1000\" height=\"471\" src=\"https:\/\/sykli.fi\/demo\/wp-content\/uploads\/2023\/07\/KaakkoisSuomi-1.jpg\" class=\"attachment-1536\u00d71536 size-1536\u00d71536\" alt=\"\" srcset=\"https:\/\/sykli.fi\/demo\/wp-content\/uploads\/2023\/07\/KaakkoisSuomi-1.jpg 1000w, https:\/\/sykli.fi\/demo\/wp-content\/uploads\/2023\/07\/KaakkoisSuomi-1-300x141.jpg 300w, https:\/\/sykli.fi\/demo\/wp-content\/uploads\/2023\/07\/KaakkoisSuomi-1-768x362.jpg 768w\" sizes=\"auto, (max-width: 1000px) 100vw, 1000px\" \/>\r\n        \r\n        \r\n            <div class=\"site-banner-content container\">\r\n                <div class=\"row w-100\">\r\n                    <div class=\"col-md-12\">\r\n                        <div class=\"hero-text-overlay\">\r\n                                                                <h1 class=\"hero-title\">Nuoret tulevaisuuden tekij\u00e4t &#8211; vihre\u00e4 siirtym\u00e4, projektit ja liiketoiminta F.E.C<\/h1>\r\n                            <div class=\"inner-content\">\r\n                            <div class=\"acf-innerblocks-container\">\n\n<p><\/p>\n\n<\/div>\r\n                        <\/div>                        <\/div>\r\n                    <\/div>\r\n                <\/div>\r\n            <\/div>\r\n\r\n        <\/section>\n\n\n<h4 class=\"wp-block-heading has-yellow-background-color has-background\"><strong>Hakuaika koulutukseen on p\u00e4\u00e4ttynyt!<\/strong> <br>Kysy alkavista koulutuksista:\u00a0<a href=\"mailto:yritys-ja-urapalvelut@sykli.fi\">yritys-ja-urapalvelut@sykli.fi<\/a><\/h4>\n\n\n\n<h2 class=\"wp-block-heading\">Hae mukaan koulutukseen ja ty\u00f6llisty kest\u00e4v\u00e4n liiketoiminnan pariin!<\/h2>\n\n\n\n<p>Matka kohti tulevaisuuden yhteiskuntaa edellytt\u00e4\u00e4 uudenlaista osaamista niin asiantuntijoilta kuin organisaatioiltakin. Syklin rekrytoiva t\u00e4ydennyskoulutus vastaa t\u00e4h\u00e4n haasteeseen ja tarjoaa osaamista kest\u00e4v\u00e4n liiketoiminnan eri teemoista sek\u00e4 antaa konkreettisia ty\u00f6kaluja ratkaisujen kehitt\u00e4miseksi.<\/p>\n\n\n\n<h3 class=\"wp-block-heading\">Kenelle koulutus on suunnattu?<\/h3>\n\n\n\n<p>Koulutus on tarkoitettu uusmaalaisille (ensisijaisesti), ammatti- tai tiedekorkeakoulututkinnon (luonnontiede, tekniikka, liike-el\u00e4m\u00e4 tai hallinto) \u00e4skett\u00e4in suorittaneille alle 30-vuotiaille ty\u00f6tt\u00f6mille tai ty\u00f6tt\u00f6myysuhan alaisille ty\u00f6nhakijoille, joiden asiakkuus ty\u00f6voimaviranomaisella on voimassa.<\/p>\n\n\n\n<p>Koulutuksen keskeisen\u00e4 tavoitteena on parantaa ty\u00f6nhakijoiden ty\u00f6llistymismahdollisuuksia sek\u00e4 vastata ty\u00f6el\u00e4m\u00e4n tarpeisiin siten, ett\u00e4 opiskelijat ty\u00f6llistyv\u00e4t koulutuksen p\u00e4\u00e4tteeksi. <\/p>\n\n\n\n<h3 class=\"wp-block-heading\">Koulutuksen toteutus<\/h3>\n\n\n\n<p>Koulutuksen kokonaiskesto on 120 arkip\u00e4iv\u00e4\u00e4 (noin kuusi kuukautta), mist\u00e4 20 p\u00e4iv\u00e4\u00e4 on Syklin toteuttamaa tietopuolista opiskelua ja 100 p\u00e4iv\u00e4\u00e4 ty\u00f6ss\u00e4oppimista. <\/p>\n\n\n\n<p>N\u00e4iden lis\u00e4ksi koulutuksessa on loma 23.12.2025 &#8211; 2.1.2026.<\/p>\n\n\n\n<p><strong>Koulutus alkaa lokakuussa 2025<\/strong>.<\/p>\n\n\n\n<p>Koulutuksessa p\u00e4\u00e4set tutustumaan esimerkiksi:<\/p>\n\n\n\n<ul class=\"wp-block-list\">\n<li>kest\u00e4v\u00e4n liiketoiminnan eri osa-alueisiin (myynti, markkinointi ja yritystalous)<\/li>\n\n\n\n<li>tiedolla johtamiseen (AI ja data-analyysi)<\/li>\n\n\n\n<li>viestint\u00e4\u00e4n ja vastuullisuusraportointiin<\/li>\n\n\n\n<li>projektiosaamiseen (projektin suunnittelu, toteutus ja raportointi, P5\u2122 Standard for Sustainability in Project Management)<\/li>\n\n\n\n<li>vihre\u00e4\u00e4n siirtym\u00e4\u00e4n (kiertotalous ja v\u00e4h\u00e4hiilisyys, hiilijalanj\u00e4ljen laskenta)<\/li>\n<\/ul>\n\n\n\n<p>Aiemmat Syklin F.E.C -opiskelijat ovat ty\u00f6llistyneet mm. erilaisiin viestint\u00e4\u00e4n, laatujohtamiseen ja vastuullisuuteen liittyviin asiantuntijatason teht\u00e4viin. <\/p>\n\n\n\n<h3 class=\"wp-block-heading\">Koulutukseen hakeminen<\/h3>\n\n\n\n<p>Koulutuksen haku on avoinna 25.9.2025 asti.<\/p>\n\n\n\n<p>Hae koulutukseen <a href=\"https:\/\/tyomarkkinatori.fi\/henkiloasiakkaat\/koulutukset-ja-palvelut\/kurssi\/0e0417d0-f10b-4dbb-b409-a4e3cee37ab9\/nuoret-tulevaisuuden-tekijat---vihrea-siirtyma--projektit-ja-liiketoiminta-f-e-c\">Ty\u00f6markkinatorilla.<\/a> Koulutuksen kurssitunnus&nbsp;25008327.<\/p>\n\n\n\n<p>Koulutukseen hakeutumisen nopeuttamiseksi laita tietosi my\u00f6s <a href=\"https:\/\/sykli.rekrytointi.com\/paikat\/index.php?jid=43&amp;key=1swPiF7b62zEOTH1&amp;o=A_RJ&amp;rspvt=3g0huu8c15a8kwkk44sowcs0048c4sc\">Syklille<\/a>.<\/p>\n\n\n\n<h3 class=\"wp-block-heading\">Infotilaisuus<\/h3>\n\n\n\n<p>Koulutuksesta j\u00e4rjestet\u00e4\u00e4n infotilaisuus Teamsissa torstaina 28.8.2025 kello 10:00 alkaen.<\/p>\n\n\n\n<p>Liity infoon <a href=\"https:\/\/teams.microsoft.com\/l\/meetup-join\/19%3ameeting_MTAwYzI1ZWUtODg1MS00NDEwLWI2OTMtNmZmNDU0YTYzMGNi%40thread.v2\/0?context=%7b%22Tid%22%3a%22ba786a81-1f15-494e-8af9-b6050456db10%22%2c%22Oid%22%3a%222683828a-ae43-4320-9a17-905705988fa3%22%7d\">t\u00e4st\u00e4 linkist\u00e4<\/a>.<\/p>\n\n\n\n<p>Koulutus toteutetaan F.E.C -koulutusmallilla yhteisty\u00f6ss\u00e4 Helsingin ty\u00f6voimaviranomaisten kanssa. <\/p>\n\n\n\n<figure class=\"wp-block-table\"><table class=\"has-fixed-layout\"><tbody><tr><td><img loading=\"lazy\" decoding=\"async\" width=\"150\" height=\"84\" class=\"wp-image-70634\" style=\"width: 150px;\" src=\"https:\/\/sykli.fi\/demo\/wp-content\/uploads\/2025\/03\/Helsinki_kehystunnus_musta_pdf.png\" alt=\"\" srcset=\"https:\/\/sykli.fi\/demo\/wp-content\/uploads\/2025\/03\/Helsinki_kehystunnus_musta_pdf.png 915w, https:\/\/sykli.fi\/demo\/wp-content\/uploads\/2025\/03\/Helsinki_kehystunnus_musta_pdf-300x167.png 300w, https:\/\/sykli.fi\/demo\/wp-content\/uploads\/2025\/03\/Helsinki_kehystunnus_musta_pdf-768x428.png 768w\" sizes=\"auto, (max-width: 150px) 100vw, 150px\" \/><\/td><td><img loading=\"lazy\" decoding=\"async\" width=\"159\" height=\"68\" class=\"wp-image-70636\" style=\"width: 159px;\" src=\"https:\/\/sykli.fi\/demo\/wp-content\/uploads\/2025\/03\/tyomarkkinatori.png\" alt=\"\" srcset=\"https:\/\/sykli.fi\/demo\/wp-content\/uploads\/2025\/03\/tyomarkkinatori.png 1723w, https:\/\/sykli.fi\/demo\/wp-content\/uploads\/2025\/03\/tyomarkkinatori-300x129.png 300w, https:\/\/sykli.fi\/demo\/wp-content\/uploads\/2025\/03\/tyomarkkinatori-1024x441.png 1024w, https:\/\/sykli.fi\/demo\/wp-content\/uploads\/2025\/03\/tyomarkkinatori-768x331.png 768w, https:\/\/sykli.fi\/demo\/wp-content\/uploads\/2025\/03\/tyomarkkinatori-1536x661.png 1536w\" sizes=\"auto, (max-width: 159px) 100vw, 159px\" \/><\/td><td><img loading=\"lazy\" decoding=\"async\" width=\"110\" height=\"95\" class=\"wp-image-70639\" style=\"width: 110px;\" src=\"https:\/\/sykli.fi\/demo\/wp-content\/uploads\/2025\/03\/Fec-logo.png\" alt=\"\"><\/td><\/tr><\/tbody><\/table><\/figure>\n\n\n<h2>Kysy lis\u00e4\u00e4<\/h2>\r\n<div class=\"row\">\r\n                                <div class=\"col-md-6\">\r\n                    <div class=\"staff-box\">\r\n                        <div class=\"row\">\r\n                            <div class=\"col-4\">\r\n                                <img loading=\"lazy\" decoding=\"async\" width=\"1280\" height=\"1920\" src=\"https:\/\/sykli.fi\/demo\/wp-content\/uploads\/2022\/09\/tom-ylonen-kuva-002-nttiin-scaled-1.jpg\" class=\"attachment-post-thumbnail size-post-thumbnail wp-post-image\" alt=\"\" srcset=\"https:\/\/sykli.fi\/demo\/wp-content\/uploads\/2022\/09\/tom-ylonen-kuva-002-nttiin-scaled-1.jpg 1280w, https:\/\/sykli.fi\/demo\/wp-content\/uploads\/2022\/09\/tom-ylonen-kuva-002-nttiin-scaled-1-200x300.jpg 200w, https:\/\/sykli.fi\/demo\/wp-content\/uploads\/2022\/09\/tom-ylonen-kuva-002-nttiin-scaled-1-683x1024.jpg 683w, https:\/\/sykli.fi\/demo\/wp-content\/uploads\/2022\/09\/tom-ylonen-kuva-002-nttiin-scaled-1-768x1152.jpg 768w, https:\/\/sykli.fi\/demo\/wp-content\/uploads\/2022\/09\/tom-ylonen-kuva-002-nttiin-scaled-1-1024x1536.jpg 1024w\" sizes=\"auto, (max-width: 1280px) 100vw, 1280px\" \/>                            <\/div>\r\n                            <div class=\"col-8\">\r\n                                <h3>Tom Yl\u00f6nen<\/h3>\r\n                                Asiantuntija, ty\u00f6el\u00e4m\u00e4palvelut                                <ul>\r\n                                    <li><svg xmlns=\"http:\/\/www.w3.org\/2000\/svg\" width=\"16\" height=\"16\" fill=\"currentColor\" class=\"bi bi-telephone-fill\" viewBox=\"0 0 16 16\">\r\n                                <path fill-rule=\"evenodd\" d=\"M1.885.511a1.745 1.745 0 0 1 2.61.163L6.29 2.98c.329.423.445.974.315 1.494l-.547 2.19a.678.678 0 0 0 .178.643l2.457 2.457a.678.678 0 0 0 .644.178l2.189-.547a1.745 1.745 0 0 1 1.494.315l2.306 1.794c.829.645.905 1.87.163 2.611l-1.034 1.034c-.74.74-1.846 1.065-2.877.702a18.634 18.634 0 0 1-7.01-4.42 18.634 18.634 0 0 1-4.42-7.009c-.362-1.03-.037-2.137.703-2.877L1.885.511z\"\/>\r\n                              <\/svg> <a href=\"tel:+358447225933\">044 722 5933<\/a><\/li><li><svg xmlns=\"http:\/\/www.w3.org\/2000\/svg\" width=\"16\" height=\"16\" fill=\"currentColor\" class=\"bi bi-envelope-fill\" viewBox=\"0 0 16 16\">\r\n                                <path d=\"M.05 3.555A2 2 0 0 1 2 2h12a2 2 0 0 1 1.95 1.555L8 8.414.05 3.555ZM0 4.697v7.104l5.803-3.558L0 4.697ZM6.761 8.83l-6.57 4.027A2 2 0 0 0 2 14h12a2 2 0 0 0 1.808-1.144l-6.57-4.027L8 9.586l-1.239-.757Zm3.436-.586L16 11.801V4.697l-5.803 3.546Z\"\/>\r\n                              <\/svg> <a href=\"mailto:tom.ylonen@sykli.fi\">tom.ylonen@sykli.fi<\/a><\/li>                                <\/ul>\r\n                            <\/div>\r\n                        <\/div>\r\n                    <\/div>\r\n                <\/div>\r\n                                <div class=\"col-md-6\">\r\n                    <div class=\"staff-box\">\r\n                        <div class=\"row\">\r\n                            <div class=\"col-4\">\r\n                                <img loading=\"lazy\" decoding=\"async\" width=\"1280\" height=\"1920\" src=\"https:\/\/sykli.fi\/demo\/wp-content\/uploads\/2022\/09\/saarnia-1-2.jpg\" class=\"attachment-post-thumbnail size-post-thumbnail wp-post-image\" alt=\"\" srcset=\"https:\/\/sykli.fi\/demo\/wp-content\/uploads\/2022\/09\/saarnia-1-2.jpg 1280w, https:\/\/sykli.fi\/demo\/wp-content\/uploads\/2022\/09\/saarnia-1-2-200x300.jpg 200w, https:\/\/sykli.fi\/demo\/wp-content\/uploads\/2022\/09\/saarnia-1-2-683x1024.jpg 683w, https:\/\/sykli.fi\/demo\/wp-content\/uploads\/2022\/09\/saarnia-1-2-768x1152.jpg 768w, https:\/\/sykli.fi\/demo\/wp-content\/uploads\/2022\/09\/saarnia-1-2-1024x1536.jpg 1024w\" sizes=\"auto, (max-width: 1280px) 100vw, 1280px\" \/>                            <\/div>\r\n                            <div class=\"col-8\">\r\n                                <h3>Jane Saarnia<\/h3>\r\n                                Johtaja, ratkaisut ja kumppanuudet                                <ul>\r\n                                    <li><svg xmlns=\"http:\/\/www.w3.org\/2000\/svg\" width=\"16\" height=\"16\" fill=\"currentColor\" class=\"bi bi-telephone-fill\" viewBox=\"0 0 16 16\">\r\n                                <path fill-rule=\"evenodd\" d=\"M1.885.511a1.745 1.745 0 0 1 2.61.163L6.29 2.98c.329.423.445.974.315 1.494l-.547 2.19a.678.678 0 0 0 .178.643l2.457 2.457a.678.678 0 0 0 .644.178l2.189-.547a1.745 1.745 0 0 1 1.494.315l2.306 1.794c.829.645.905 1.87.163 2.611l-1.034 1.034c-.74.74-1.846 1.065-2.877.702a18.634 18.634 0 0 1-7.01-4.42 18.634 18.634 0 0 1-4.42-7.009c-.362-1.03-.037-2.137.703-2.877L1.885.511z\"\/>\r\n                              <\/svg> <a href=\"tel:+358400678705\">0400 678 705<\/a><\/li><li><svg xmlns=\"http:\/\/www.w3.org\/2000\/svg\" width=\"16\" height=\"16\" fill=\"currentColor\" class=\"bi bi-envelope-fill\" viewBox=\"0 0 16 16\">\r\n                                <path d=\"M.05 3.555A2 2 0 0 1 2 2h12a2 2 0 0 1 1.95 1.555L8 8.414.05 3.555ZM0 4.697v7.104l5.803-3.558L0 4.697ZM6.761 8.83l-6.57 4.027A2 2 0 0 0 2 14h12a2 2 0 0 0 1.808-1.144l-6.57-4.027L8 9.586l-1.239-.757Zm3.436-.586L16 11.801V4.697l-5.803 3.546Z\"\/>\r\n                              <\/svg> <a href=\"mailto:jane.saarnia@sykli.fi\">jane.saarnia@sykli.fi<\/a><\/li>                                <\/ul>\r\n                            <\/div>\r\n                        <\/div>\r\n                    <\/div>\r\n                <\/div>\r\n    <\/div>\n\n\n<p><strong>HUOM!<\/strong> Soittoaika perjantaisin kello 11:00 &#8211; 12:00.  Elokuussa puheluihin vastaa Jane Saarnia ja syys- ja lokakuussa Tom Yl\u00f6nen.<\/p>\n\n\n\n<p><\/p>\n","protected":false},"excerpt":{"rendered":"<p>Hakuaika koulutukseen on p\u00e4\u00e4ttynyt! Kysy alkavista koulutuksista:\u00a0yritys-ja-urapalvelut@sykli.fi Hae mukaan koulutukseen ja ty\u00f6llisty kest\u00e4v\u00e4n liiketoiminnan pariin! Matka kohti tulevaisuuden yhteiskuntaa edellytt\u00e4\u00e4 [&hellip;]<\/p>\n","protected":false},"author":7,"featured_media":64713,"parent":62686,"menu_order":0,"comment_status":"closed","ping_status":"closed","template":"","meta":{"_acf_changed":false,"footnotes":""},"class_list":["post-64679","page","type-page","status-publish","has-post-thumbnail","hentry"],"acf":[],"_links":{"self":[{"href":"https:\/\/sykli.fi\/demo\/wp-json\/wp\/v2\/pages\/64679","targetHints":{"allow":["GET"]}}],"collection":[{"href":"https:\/\/sykli.fi\/demo\/wp-json\/wp\/v2\/pages"}],"about":[{"href":"https:\/\/sykli.fi\/demo\/wp-json\/wp\/v2\/types\/page"}],"author":[{"embeddable":true,"href":"https:\/\/sykli.fi\/demo\/wp-json\/wp\/v2\/users\/7"}],"replies":[{"embeddable":true,"href":"https:\/\/sykli.fi\/demo\/wp-json\/wp\/v2\/comments?post=64679"}],"version-history":[{"count":10,"href":"https:\/\/sykli.fi\/demo\/wp-json\/wp\/v2\/pages\/64679\/revisions"}],"predecessor-version":[{"id":73066,"href":"https:\/\/sykli.fi\/demo\/wp-json\/wp\/v2\/pages\/64679\/revisions\/73066"}],"up":[{"embeddable":true,"href":"https:\/\/sykli.fi\/demo\/wp-json\/wp\/v2\/pages\/62686"}],"wp:featuredmedia":[{"embeddable":true,"href":"https:\/\/sykli.fi\/demo\/wp-json\/wp\/v2\/media\/64713"}],"wp:attachment":[{"href":"https:\/\/sykli.fi\/demo\/wp-json\/wp\/v2\/media?parent=64679"}],"curies":[{"name":"wp","href":"https:\/\/api.w.org\/{rel}","templated":true}]}}