{"id":64631,"date":"2023-06-28T12:03:14","date_gmt":"2023-06-28T09:03:14","guid":{"rendered":"https:\/\/sykli.fi\/?page_id=64631"},"modified":"2026-01-30T11:36:42","modified_gmt":"2026-01-30T09:36:42","slug":"hiilinieluihin-liittyva-osaaminen-metsataloudessa-koulutusta-metsaalan-ammattilaisille","status":"publish","type":"page","link":"https:\/\/sykli.fi\/demo\/hakijalle\/haku-jotpa-koulutuksiin\/hiilinieluihin-liittyva-osaaminen-metsataloudessa-koulutusta-metsaalan-ammattilaisille\/","title":{"rendered":"Hiilinieluihin liittyv\u00e4 osaaminen mets\u00e4taloudessa \u2013 koulutusta mets\u00e4alan ammattilaisille"},"content":{"rendered":"\r\n<section id=\"hero-block_1ebc2acd1ec8e0d3fdef4f782c0cf8a7\" class=\"hero site-banner section-default default alignfull\">\r\n\r\n    <div class=\"site-banner-bg section-bg-image \" >\r\n\r\n        <img loading=\"lazy\" decoding=\"async\" width=\"1000\" height=\"667\" src=\"https:\/\/sykli.fi\/demo\/wp-content\/uploads\/2023\/04\/shutterstock_1811909263-ymparistoalan-at.jpg\" class=\"attachment-1536\u00d71536 size-1536\u00d71536\" alt=\"Mets\u00e4\u00e4.\" srcset=\"https:\/\/sykli.fi\/demo\/wp-content\/uploads\/2023\/04\/shutterstock_1811909263-ymparistoalan-at.jpg 1000w, https:\/\/sykli.fi\/demo\/wp-content\/uploads\/2023\/04\/shutterstock_1811909263-ymparistoalan-at-300x200.jpg 300w, https:\/\/sykli.fi\/demo\/wp-content\/uploads\/2023\/04\/shutterstock_1811909263-ymparistoalan-at-768x512.jpg 768w\" sizes=\"auto, (max-width: 1000px) 100vw, 1000px\" \/>\r\n        \r\n        \r\n            <div class=\"site-banner-content container\">\r\n                <div class=\"row w-100\">\r\n                    <div class=\"col-md-12\">\r\n                        <div class=\"hero-text-overlay\">\r\n                                                                <h1 class=\"hero-title\">Hiilinieluihin liittyv\u00e4 osaaminen mets\u00e4taloudessa<\/h1>\r\n                            <div class=\"inner-content\">\r\n                            <div class=\"acf-innerblocks-container\">\n\n<p>Koulutusta mets\u00e4alan ammattilaisille<\/p>\n\n<\/div>\r\n                        <\/div>                        <\/div>\r\n                    <\/div>\r\n                <\/div>\r\n            <\/div>\r\n\r\n        <\/section>\n\n\n<h2 class=\"wp-block-heading\">Maksutonta koulutusta mets\u00e4alan toimihenkil\u00f6ille ja mets\u00e4koneenkuljettajille<br><\/h2>\n\n\n\n<h3 class=\"wp-block-heading\">Haku koulutuksiin p\u00e4\u00e4ttynyt!<\/h3>\n\n\n\n<p>Hiilisavotta tarjoaa sek\u00e4 toimihenkil\u00f6ille ett\u00e4 mets\u00e4koneenkuljettajille kiinnostavan koulutuskokonaisuuden. Kokonaisuus sis\u00e4lt\u00e4\u00e4 yhdeks\u00e4n koulutusmoduulia, joista on koostettu kaksi eri opintokokonaisuutta: &nbsp;<strong>Mets\u00e4koneyritt\u00e4j\u00e4n hiilisavotta<\/strong> sek\u00e4 <strong>Toimihenkil\u00f6n hiilisavotta<\/strong>. Voit toki koota mieleisesi kokonaisuuden my\u00f6s erillisist\u00e4 moduuleista tai ilmoittautua yksitt\u00e4iseen moduuliin.<\/p>\n\n\n\n<p>Koulutukset:<\/p>\n\n\n\n<ul class=\"wp-block-list\">\n<li>ovat <strong>opiskelijalle maksuttomia<\/strong>.<\/li>\n\n\n\n<li>toteutetaan <strong>p\u00e4\u00e4osin et\u00e4opintoina<\/strong>, joten opinnot on mahdollista suorittaa <strong>ty\u00f6n ohessa<\/strong>, oman aikataulun mukaan.<\/li>\n<\/ul>\n\n\n\n<p>Koulutukset ovat <em>Jatkuvan oppimisen ja ty\u00f6llisyyden palvelukeskuksen<\/em> rahoittama. Palvelukeskus edist\u00e4\u00e4 ty\u00f6ik\u00e4isten osaamisen kehitt\u00e4mist\u00e4 ja osaavan ty\u00f6voiman saatavuutta. Palvelukeskuksen toimintaa ohjaavat opetus- ja kulttuuriministeri\u00f6 sek\u00e4 ty\u00f6- ja elinkeinoministeri\u00f6.<\/p>\n\n\n\n<p>Tutustu koulutuksiin ja ilmoittaudu mukaan! Saat uusinta tietoa hiilinieluista ja niiden hallinnasta.&nbsp;Opit edist\u00e4m\u00e4\u00e4n ilmastokest\u00e4v\u00e4\u00e4 mets\u00e4taloutta ja metsien ekologista kest\u00e4vyytt\u00e4.&nbsp; Mets\u00e4koneyritt\u00e4j\u00e4n\u00e4 parannat tehokkuutta ja siten liiketoiminnan kannattavuutta.<\/p>\n\n\n\n<p>Koulutukset alkavat vuodenvaihteessa.<\/p>\n\n\n\n<p>Hiilisavotta.fi on TTS Ty\u00f6tehoseuran ja Suomen ymp\u00e4rist\u00f6opisto Syklin yhdess\u00e4 tarjoama mets\u00e4alan t\u00e4ydennyskoulutuskokonaisuus, joka:<\/p>\n\n\n\n<ul class=\"wp-block-list\">\n<li>edist\u00e4\u00e4 ilmastokest\u00e4v\u00e4\u00e4 mets\u00e4taloutta,<\/li>\n\n\n\n<li>lis\u00e4\u00e4 hiilinieluihin liittyv\u00e4\u00e4 osaamista mets\u00e4talouden alalla,<\/li>\n\n\n\n<li>tuo k\u00e4yt\u00e4nn\u00f6n ty\u00f6h\u00f6n uusimpia mets\u00e4talouden alan tutkimus- ja kehitt\u00e4mishankkeiden tuloksia sek\u00e4<\/li>\n\n\n\n<li>tukee maank\u00e4ytt\u00f6sektorin ilmastotavoitteiden saavuttamista.<\/li>\n<\/ul>\n\n\n\n<p><strong>Miksi kouluttautua juuri nyt?<\/strong><\/p>\n\n\n\n<p>Vuonna 2022 uudistettuun ilmastolakiin on kirjattu Suomen tavoite saavuttaa hiilineutraalius vuoteen 2035 menness\u00e4. Ilmastolaki asettaa tavoitteita my\u00f6s maank\u00e4ytt\u00f6sektorille, jolla tarkoitetaan maatalousmaan, mets\u00e4talouden ja muun maank\u00e4yt\u00f6n muodostamaa kokonaisuutta. Maank\u00e4ytt\u00f6sektorilla on suuri merkitys tavoitteen saavuttamisessa: Suomessa maank\u00e4ytt\u00f6sektorin tulisi kompensoida noin 20\u201350 prosenttia muiden sektoreiden vuosittaisista p\u00e4\u00e4st\u00f6ist\u00e4. T\u00e4m\u00e4 korostaa nielujen roolia.<\/p>\n\n\n\n<p>Osallistumalla koulutukseemme olet mukana ratkaisemassa t\u00e4t\u00e4 haastetta. Liity mukaan ja auta rakentamaan ilmastokest\u00e4v\u00e4mp\u00e4\u00e4 tulevaisuutta mets\u00e4alalla.<\/p>\n\n\n\n<p><\/p>\n\n\n\n<h3 class=\"wp-block-heading\">Hankkeen koulutukset:<br><\/h3>\n\n\n\n<h4 class=\"wp-block-heading\">Metsien hiilivaraston kasvattaminen<\/h4>\n\n\n\n<p>T\u00e4m\u00e4 opintomoduuli toimii pohjustuksena opintokokonaisuudelle. Opiskelija ymm\u00e4rt\u00e4\u00e4 mets\u00e4n hiilivarastoon vaikuttavat tekij\u00e4t, tarkastelemaan kokonaisvaltaisesti mets\u00e4n eri ulottuvuuksia ja niiden suhteita toisiinsa hiilensidonnan kannalta, ilmastonmuutoksen vaikutukset mets\u00e4talouteen ja hiilivarastoon, ennallistamisen merkityksen ja puunk\u00e4ytt\u00f6tapojen merkityksen hiilivarastoon.<\/p>\n\n\n\n<ul class=\"wp-block-list\">\n<li>Mets\u00e4n maaper\u00e4 ja hiilensidonta<\/li>\n\n\n\n<li>Mets\u00e4n elinkaari ja kiertoaika hiilensidonnan n\u00e4k\u00f6kulmasta<\/li>\n\n\n\n<li>Monimuotoinen mets\u00e4, indikaattorit ja hiilensidonta<\/li>\n\n\n\n<li>Ennallistaminen<\/li>\n\n\n\n<li>Ilmastonmuutos mets\u00e4talouden kannalta<\/li>\n\n\n\n<li>Puunk\u00e4ytt\u00f6tavat ja hiilen varastointi<\/li>\n<\/ul>\n\n\n\n<hr class=\"wp-block-separator has-alpha-channel-opacity is-style-wide\"\/>\n\n\n\n<h4 class=\"wp-block-heading\">Mets\u00e4ty\u00f6maan hiilijalanj\u00e4ljen laskeminen<\/h4>\n\n\n\n<p>Opiskelija ymm\u00e4rt\u00e4\u00e4 perusteet hiilijalanj\u00e4ljen laskennasta ja siihen liittyvist\u00e4 tekij\u00f6ist\u00e4. Lis\u00e4ksi opiskelija ymm\u00e4rt\u00e4\u00e4 mets\u00e4ty\u00f6maan hiilijalanj\u00e4ljen arvioinnin ja p\u00e4\u00e4st\u00f6v\u00e4hennystoimet.<\/p>\n\n\n\n<ul class=\"wp-block-list\">\n<li>Mit\u00e4 hiilijalanj\u00e4ljen laskennalla tarkoitetaan?<\/li>\n\n\n\n<li>GHG protokolla: organisaation hiilijalanj\u00e4lki<\/li>\n\n\n\n<li>Scopet eli p\u00e4\u00e4st\u00f6luokat<\/li>\n\n\n\n<li>Miten mets\u00e4ty\u00f6maan hiilijalanj\u00e4lke\u00e4 voidaan arvioida?<\/li>\n\n\n\n<li>P\u00e4\u00e4st\u00f6v\u00e4hennystoimet<\/li>\n<\/ul>\n\n\n\n<hr class=\"wp-block-separator has-alpha-channel-opacity is-style-wide\"\/>\n\n\n\n<h4 class=\"wp-block-heading\">Ilmastotoimien taloudelliset vaikutukset<\/h4>\n\n\n\n<p>Opiskelija ymm\u00e4rt\u00e4\u00e4 ansaintamahdollisuudet mets\u00e4maasta ilman hakkuita. Kurssilla k\u00e4sitell\u00e4\u00e4n seuraavia teemoja: mets\u00e4maan hy\u00f6dynt\u00e4minen ilman hakkuita, mets\u00e4n suojelu, mets\u00e4 matkailu- ja virkistysk\u00e4yt\u00f6ss\u00e4.<\/p>\n\n\n\n<ul class=\"wp-block-list\">\n<li>Hiilensidontapalvelut<\/li>\n\n\n\n<li>Hiilinielurekisteri<\/li>\n\n\n\n<li>Mets\u00e4 kompensaatiomets\u00e4n\u00e4<\/li>\n\n\n\n<li>Luonnontuotteiden keruu ja kasvatus<\/li>\n\n\n\n<li>Metsien suojelu<\/li>\n\n\n\n<li>Mets\u00e4maan vuokraus tuulivoimayhti\u00f6lle<\/li>\n\n\n\n<li>Matkailu ja virkistysk\u00e4ytt\u00f6<\/li>\n<\/ul>\n\n\n\n<hr class=\"wp-block-separator has-alpha-channel-opacity is-style-wide\"\/>\n\n\n\n<h3 class=\"wp-block-heading\">Metsien kasvun ja hiilensidonnan edist\u00e4minen<\/h3>\n\n\n\n<p>Opiskelija ymm\u00e4rt\u00e4\u00e4 mets\u00e4maahan kohdistuvat paineet, metsien merkitys hiilinieluina, ristiriidat eri intressien osalta, mik\u00e4 vaikuttaa metsien kykyyn toimia hiilinieluina, mets\u00e4t ekosysteemipalveluna.<\/p>\n\n\n\n<ul class=\"wp-block-list\">\n<li>Mets\u00e4t intressien ristipaineessa<\/li>\n\n\n\n<li>Mets\u00e4t hiilinieluina, perusteet ja taustat, metsien merkitys hiilinieluina Suomessa<\/li>\n\n\n\n<li>Metsien kyky sitoa hiilt\u00e4 \u2013 mitk\u00e4 asiat vaikuttavat<\/li>\n\n\n\n<li>Mets\u00e4nomistajan motivaattorit hiilinielujen s\u00e4ilytt\u00e4miseen<\/li>\n\n\n\n<li>Mets\u00e4n tarjoamat ekosysteemipalvelut.&nbsp;<\/li>\n<\/ul>\n\n\n\n<div class=\"wp-block-buttons is-layout-flex wp-block-buttons-is-layout-flex\"><\/div>\n\n\n\n<hr class=\"wp-block-separator has-alpha-channel-opacity is-style-wide\"\/>\n\n\n\n<h3 class=\"wp-block-heading\">Hiilensidonnan laskeminen ja ilmastotoimet k\u00e4yt\u00e4nn\u00f6ss\u00e4<\/h3>\n\n\n\n<p>Opiskelija ymm\u00e4rt\u00e4\u00e4 ilmakeh\u00e4\u00e4n vaikuttavat eri kasvihuonekaasut, perusteet metsien roolista ilmastopolitiikassa, mets\u00e4t hiilinieluina ja hiilivarastoina, mets\u00e4maan kasvihuonekaasutaseen ja ohjauskeinot hiilinielujen lis\u00e4\u00e4miseksi ja p\u00e4\u00e4st\u00f6jen v\u00e4hent\u00e4miseksi.<\/p>\n\n\n\n<ul class=\"wp-block-list\">\n<li>Kasvihuonekaasut ilmakeh\u00e4ss\u00e4<\/li>\n\n\n\n<li>Mets\u00e4sektorin hiilivirrat<\/li>\n\n\n\n<li>Metsien rooli ilmastopolitiikassa<\/li>\n\n\n\n<li>Mets\u00e4t hiilivarastoina<\/li>\n\n\n\n<li>Metsien rooli ilmastonmuutoksessa<\/li>\n\n\n\n<li>LULUCF-sektorin p\u00e4\u00e4st\u00f6t ja poistumat \u2013 mets\u00e4maan kasvihuonekaasutase<\/li>\n\n\n\n<li>Hiilenkierron tutkimus<\/li>\n\n\n\n<li>Ohjauskeinot hiilinielujen lis\u00e4\u00e4miseksi ja p\u00e4\u00e4st\u00f6jen v\u00e4hent\u00e4miseksi<\/li>\n<\/ul>\n\n\n\n<div class=\"wp-block-buttons is-layout-flex wp-block-buttons-is-layout-flex\"><\/div>\n\n\n\n<hr class=\"wp-block-separator has-alpha-channel-opacity is-style-wide\"\/>\n\n\n<h2>Kysy lis\u00e4\u00e4<\/h2>\r\n<div class=\"row\">\r\n                                <div class=\"col-md-6\">\r\n                    <div class=\"staff-box\">\r\n                        <div class=\"row\">\r\n                            <div class=\"col-4\">\r\n                                <img loading=\"lazy\" decoding=\"async\" width=\"394\" height=\"507\" src=\"https:\/\/sykli.fi\/demo\/wp-content\/uploads\/2023\/03\/j-p-hares-mv.jpg\" class=\"attachment-post-thumbnail size-post-thumbnail wp-post-image\" alt=\"\" srcset=\"https:\/\/sykli.fi\/demo\/wp-content\/uploads\/2023\/03\/j-p-hares-mv.jpg 394w, https:\/\/sykli.fi\/demo\/wp-content\/uploads\/2023\/03\/j-p-hares-mv-233x300.jpg 233w\" sizes=\"auto, (max-width: 394px) 100vw, 394px\" \/>                            <\/div>\r\n                            <div class=\"col-8\">\r\n                                <h3>Jukka-Pekka Hares<\/h3>\r\n                                Asiantuntija, hankkeet ja kehitt\u00e4minen                                <ul>\r\n                                    <li><svg xmlns=\"http:\/\/www.w3.org\/2000\/svg\" width=\"16\" height=\"16\" fill=\"currentColor\" class=\"bi bi-telephone-fill\" viewBox=\"0 0 16 16\">\r\n                                <path fill-rule=\"evenodd\" d=\"M1.885.511a1.745 1.745 0 0 1 2.61.163L6.29 2.98c.329.423.445.974.315 1.494l-.547 2.19a.678.678 0 0 0 .178.643l2.457 2.457a.678.678 0 0 0 .644.178l2.189-.547a1.745 1.745 0 0 1 1.494.315l2.306 1.794c.829.645.905 1.87.163 2.611l-1.034 1.034c-.74.74-1.846 1.065-2.877.702a18.634 18.634 0 0 1-7.01-4.42 18.634 18.634 0 0 1-4.42-7.009c-.362-1.03-.037-2.137.703-2.877L1.885.511z\"\/>\r\n                              <\/svg> <a href=\"tel:+358449018677\">044 901 8677<\/a><\/li><li><svg xmlns=\"http:\/\/www.w3.org\/2000\/svg\" width=\"16\" height=\"16\" fill=\"currentColor\" class=\"bi bi-envelope-fill\" viewBox=\"0 0 16 16\">\r\n                                <path d=\"M.05 3.555A2 2 0 0 1 2 2h12a2 2 0 0 1 1.95 1.555L8 8.414.05 3.555ZM0 4.697v7.104l5.803-3.558L0 4.697ZM6.761 8.83l-6.57 4.027A2 2 0 0 0 2 14h12a2 2 0 0 0 1.808-1.144l-6.57-4.027L8 9.586l-1.239-.757Zm3.436-.586L16 11.801V4.697l-5.803 3.546Z\"\/>\r\n                              <\/svg> <a href=\"mailto:jukka-pekka.hares@sykli.fi\">jukka-pekka.hares@sykli.fi<\/a><\/li>                                <\/ul>\r\n                            <\/div>\r\n                        <\/div>\r\n                    <\/div>\r\n                <\/div>\r\n                                <div class=\"col-md-6\">\r\n                    <div class=\"staff-box\">\r\n                        <div class=\"row\">\r\n                            <div class=\"col-4\">\r\n                                <img loading=\"lazy\" decoding=\"async\" width=\"150\" height=\"250\" src=\"https:\/\/sykli.fi\/demo\/wp-content\/uploads\/2022\/09\/taru-uotila-2022-nettisivuille-mv.jpg\" class=\"attachment-post-thumbnail size-post-thumbnail wp-post-image\" alt=\"\" \/>                            <\/div>\r\n                            <div class=\"col-8\">\r\n                                <h3>Taru Uotila<\/h3>\r\n                                Johtaja, hankkeet ja kehitt\u00e4minen                                <ul>\r\n                                    <li><svg xmlns=\"http:\/\/www.w3.org\/2000\/svg\" width=\"16\" height=\"16\" fill=\"currentColor\" class=\"bi bi-telephone-fill\" viewBox=\"0 0 16 16\">\r\n                                <path fill-rule=\"evenodd\" d=\"M1.885.511a1.745 1.745 0 0 1 2.61.163L6.29 2.98c.329.423.445.974.315 1.494l-.547 2.19a.678.678 0 0 0 .178.643l2.457 2.457a.678.678 0 0 0 .644.178l2.189-.547a1.745 1.745 0 0 1 1.494.315l2.306 1.794c.829.645.905 1.87.163 2.611l-1.034 1.034c-.74.74-1.846 1.065-2.877.702a18.634 18.634 0 0 1-7.01-4.42 18.634 18.634 0 0 1-4.42-7.009c-.362-1.03-.037-2.137.703-2.877L1.885.511z\"\/>\r\n                              <\/svg> <a href=\"tel:+358503701414\">050 370 1414<\/a><\/li><li><svg xmlns=\"http:\/\/www.w3.org\/2000\/svg\" width=\"16\" height=\"16\" fill=\"currentColor\" class=\"bi bi-envelope-fill\" viewBox=\"0 0 16 16\">\r\n                                <path d=\"M.05 3.555A2 2 0 0 1 2 2h12a2 2 0 0 1 1.95 1.555L8 8.414.05 3.555ZM0 4.697v7.104l5.803-3.558L0 4.697ZM6.761 8.83l-6.57 4.027A2 2 0 0 0 2 14h12a2 2 0 0 0 1.808-1.144l-6.57-4.027L8 9.586l-1.239-.757Zm3.436-.586L16 11.801V4.697l-5.803 3.546Z\"\/>\r\n                              <\/svg> <a href=\"mailto:taru.uotila@sykli.fi\">taru.uotila@sykli.fi<\/a><\/li>                                <\/ul>\r\n                            <\/div>\r\n                        <\/div>\r\n                    <\/div>\r\n                <\/div>\r\n    <\/div>","protected":false},"excerpt":{"rendered":"<p>Maksutonta koulutusta mets\u00e4alan toimihenkil\u00f6ille ja mets\u00e4koneenkuljettajille Haku koulutuksiin p\u00e4\u00e4ttynyt! Hiilisavotta tarjoaa sek\u00e4 toimihenkil\u00f6ille ett\u00e4 mets\u00e4koneenkuljettajille kiinnostavan koulutuskokonaisuuden. Kokonaisuus sis\u00e4lt\u00e4\u00e4 yhdeks\u00e4n [&hellip;]<\/p>\n","protected":false},"author":7,"featured_media":63671,"parent":64506,"menu_order":0,"comment_status":"closed","ping_status":"closed","template":"","meta":{"_acf_changed":false,"footnotes":""},"class_list":["post-64631","page","type-page","status-publish","has-post-thumbnail","hentry"],"acf":[],"_links":{"self":[{"href":"https:\/\/sykli.fi\/demo\/wp-json\/wp\/v2\/pages\/64631","targetHints":{"allow":["GET"]}}],"collection":[{"href":"https:\/\/sykli.fi\/demo\/wp-json\/wp\/v2\/pages"}],"about":[{"href":"https:\/\/sykli.fi\/demo\/wp-json\/wp\/v2\/types\/page"}],"author":[{"embeddable":true,"href":"https:\/\/sykli.fi\/demo\/wp-json\/wp\/v2\/users\/7"}],"replies":[{"embeddable":true,"href":"https:\/\/sykli.fi\/demo\/wp-json\/wp\/v2\/comments?post=64631"}],"version-history":[{"count":10,"href":"https:\/\/sykli.fi\/demo\/wp-json\/wp\/v2\/pages\/64631\/revisions"}],"predecessor-version":[{"id":73591,"href":"https:\/\/sykli.fi\/demo\/wp-json\/wp\/v2\/pages\/64631\/revisions\/73591"}],"up":[{"embeddable":true,"href":"https:\/\/sykli.fi\/demo\/wp-json\/wp\/v2\/pages\/64506"}],"wp:featuredmedia":[{"embeddable":true,"href":"https:\/\/sykli.fi\/demo\/wp-json\/wp\/v2\/media\/63671"}],"wp:attachment":[{"href":"https:\/\/sykli.fi\/demo\/wp-json\/wp\/v2\/media?parent=64631"}],"curies":[{"name":"wp","href":"https:\/\/api.w.org\/{rel}","templated":true}]}}