{"id":64506,"date":"2023-06-14T13:46:28","date_gmt":"2023-06-14T10:46:28","guid":{"rendered":"https:\/\/sykli.fi\/?page_id=64506"},"modified":"2026-01-15T15:10:32","modified_gmt":"2026-01-15T13:10:32","slug":"haku-jotpa-koulutuksiin","status":"publish","type":"page","link":"https:\/\/sykli.fi\/demo\/hakijalle\/haku-jotpa-koulutuksiin\/","title":{"rendered":"Haku JOTPA-koulutuksiin"},"content":{"rendered":"\r\n<section id=\"hero-block_b89c2ae51970ec9c7736627fe659850f\" class=\"hero site-banner section-default default alignfull\">\r\n\r\n    <div class=\"site-banner-bg section-bg-image \" >\r\n\r\n        <img loading=\"lazy\" decoding=\"async\" width=\"1000\" height=\"667\" src=\"https:\/\/sykli.fi\/demo\/wp-content\/uploads\/2023\/04\/shutterstock_579660880-hakijalle.jpg\" class=\"attachment-1536\u00d71536 size-1536\u00d71536\" alt=\"Pisaroita nurmikolla.\" srcset=\"https:\/\/sykli.fi\/demo\/wp-content\/uploads\/2023\/04\/shutterstock_579660880-hakijalle.jpg 1000w, https:\/\/sykli.fi\/demo\/wp-content\/uploads\/2023\/04\/shutterstock_579660880-hakijalle-300x200.jpg 300w, https:\/\/sykli.fi\/demo\/wp-content\/uploads\/2023\/04\/shutterstock_579660880-hakijalle-768x512.jpg 768w\" sizes=\"auto, (max-width: 1000px) 100vw, 1000px\" \/>\r\n        \r\n        \r\n            <div class=\"site-banner-content container\">\r\n                <div class=\"row w-100\">\r\n                    <div class=\"col-md-12\">\r\n                        <div class=\"hero-text-overlay\">\r\n                                                                <h1 class=\"hero-title\">Haku JOTPA-koulutuksiin<\/h1>\r\n                            <div class=\"inner-content\">\r\n                            <div class=\"acf-innerblocks-container\"><\/div>\r\n                        <\/div>                        <\/div>\r\n                    <\/div>\r\n                <\/div>\r\n            <\/div>\r\n\r\n        <\/section>\n\n\n<p>Jatkuvan oppimisen ja ty\u00f6llisyyden palvelukeskuksen (JOTPA) rahoittamat koulutukset edist\u00e4v\u00e4t ty\u00f6ik\u00e4isten osaamisen kehitt\u00e4mist\u00e4 ja osaavan ty\u00f6voiman saatavuutta. <\/p>\n\n\n\n<p>Koulutuksilla&nbsp;vastataan:<\/p>\n\n\n\n<ul class=\"wp-block-list\">\n<li>ty\u00f6markkinoiden rakennemuutoksen aiheuttamaan osaamispalveluiden kysynt\u00e4\u00e4n&nbsp;<\/li>\n\n\n\n<li>koulutustarpeeseen, johon nykyinen koulutusj\u00e4rjestelm\u00e4 ei tarjoa valmiita koulutuksia.<\/li>\n<\/ul>\n\n\n\n<p><strong>Huomaathan, ett\u00e4 et voi osallistua JOTPA-koulutukseen, jos opiskelet tutkintoon johtavassa koulutuksessa, kuten ammatti- tai erikoisammattitutkintoon valmistavassa koulutuksessa.<\/strong><\/p>\n\n\n\n<p><\/p>\n\n\n\n<h3 class=\"wp-block-heading\">Tutustu Syklin JOTPA-koulutuksiin<\/h3>\n\n\n<div class=\"page-linkbox-block alignfull\">\r\n    <div class=\"container\">\r\n        <div class=\"acf-innerblocks-container\">\n\r\n<div class=\"page-linkbox has-turquoise-background-color \">\r\n    <img loading=\"lazy\" decoding=\"async\" width=\"800\" height=\"200\" src=\"https:\/\/sykli.fi\/demo\/wp-content\/uploads\/2025\/08\/MatkaJotpa-banneri-5-1024x256.png\" class=\"attachment-large size-large\" alt=\"\" srcset=\"https:\/\/sykli.fi\/demo\/wp-content\/uploads\/2025\/08\/MatkaJotpa-banneri-5-1024x256.png 1024w, https:\/\/sykli.fi\/demo\/wp-content\/uploads\/2025\/08\/MatkaJotpa-banneri-5-300x75.png 300w, https:\/\/sykli.fi\/demo\/wp-content\/uploads\/2025\/08\/MatkaJotpa-banneri-5-768x192.png 768w, https:\/\/sykli.fi\/demo\/wp-content\/uploads\/2025\/08\/MatkaJotpa-banneri-5.png 1350w\" sizes=\"auto, (max-width: 800px) 100vw, 800px\" \/>    <a  href=\" https:\/\/sykli.fi\/demo\/hakijalle\/haku-jotpa-koulutuksiin\/701432-vastuullisuusstartti-matkailun-kehittamiseen\/\" >\r\n        <h2>701432 Vastuullisuusstartti matkailun kehitt\u00e4miseen<\/h2>\r\n\r\n        \r\n    <\/a>\r\n\r\n<\/div>\n\n\r\n<div class=\"page-linkbox has-turquoise-background-color \">\r\n    <img loading=\"lazy\" decoding=\"async\" width=\"800\" height=\"534\" src=\"https:\/\/sykli.fi\/demo\/wp-content\/uploads\/2025\/01\/shutterstock_2232470269-1024x683.jpg\" class=\"attachment-large size-large\" alt=\"\" srcset=\"https:\/\/sykli.fi\/demo\/wp-content\/uploads\/2025\/01\/shutterstock_2232470269-1024x683.jpg 1024w, https:\/\/sykli.fi\/demo\/wp-content\/uploads\/2025\/01\/shutterstock_2232470269-300x200.jpg 300w, https:\/\/sykli.fi\/demo\/wp-content\/uploads\/2025\/01\/shutterstock_2232470269-768x512.jpg 768w, https:\/\/sykli.fi\/demo\/wp-content\/uploads\/2025\/01\/shutterstock_2232470269-1536x1024.jpg 1536w, https:\/\/sykli.fi\/demo\/wp-content\/uploads\/2025\/01\/shutterstock_2232470269-2048x1365.jpg 2048w\" sizes=\"auto, (max-width: 800px) 100vw, 800px\" \/>    <a  href=\" https:\/\/sykli.fi\/demo\/hakijalle\/haku-jotpa-koulutuksiin\/vesihuollon-taydennyskoulutus-maarakentajille\/\" >\r\n        <h2>701319 Vesihuollon t\u00e4ydennyskoulutus maarakentajille &#8211; Oulu<\/h2>\r\n\r\n        \r\n    <\/a>\r\n\r\n<\/div>\n\n\r\n<div class=\"page-linkbox has-turquoise-background-color \">\r\n    <img loading=\"lazy\" decoding=\"async\" width=\"800\" height=\"531\" src=\"https:\/\/sykli.fi\/demo\/wp-content\/uploads\/2022\/09\/vesihuolto.jpg\" class=\"attachment-large size-large\" alt=\"Vedenpinta, jossa pieni\u00e4 laineita ja aurinko kimmelt\u00e4\u00e4 veden pinnalla.\" srcset=\"https:\/\/sykli.fi\/demo\/wp-content\/uploads\/2022\/09\/vesihuolto.jpg 950w, https:\/\/sykli.fi\/demo\/wp-content\/uploads\/2022\/09\/vesihuolto-300x199.jpg 300w, https:\/\/sykli.fi\/demo\/wp-content\/uploads\/2022\/09\/vesihuolto-768x509.jpg 768w\" sizes=\"auto, (max-width: 800px) 100vw, 800px\" \/>    <a  href=\" https:\/\/sykli.fi\/demo\/hakijalle\/haku-jotpa-koulutuksiin\/vesihuollon-taydennyskoulutus-alan-asiantuntijoille\/\" >\r\n        <h2>701218 Vesihuollon t\u00e4ydennyskoulutus alan asiantuntijoille<\/h2>\r\n\r\n        \r\n    <\/a>\r\n\r\n<\/div>\n\n\r\n<div class=\"page-linkbox has-turquoise-background-color \">\r\n    <img loading=\"lazy\" decoding=\"async\" width=\"800\" height=\"451\" src=\"https:\/\/sykli.fi\/demo\/wp-content\/uploads\/2025\/01\/Kiertava-kivi-jotpa-1024x577.jpg\" class=\"attachment-large size-large\" alt=\"\" srcset=\"https:\/\/sykli.fi\/demo\/wp-content\/uploads\/2025\/01\/Kiertava-kivi-jotpa-1024x577.jpg 1024w, https:\/\/sykli.fi\/demo\/wp-content\/uploads\/2025\/01\/Kiertava-kivi-jotpa-300x169.jpg 300w, https:\/\/sykli.fi\/demo\/wp-content\/uploads\/2025\/01\/Kiertava-kivi-jotpa-768x432.jpg 768w, https:\/\/sykli.fi\/demo\/wp-content\/uploads\/2025\/01\/Kiertava-kivi-jotpa-1536x865.jpg 1536w, https:\/\/sykli.fi\/demo\/wp-content\/uploads\/2025\/01\/Kiertava-kivi-jotpa-2048x1153.jpg 2048w\" sizes=\"auto, (max-width: 800px) 100vw, 800px\" \/>    <a  href=\" https:\/\/sykli.fi\/demo\/hakijalle\/haku-jotpa-koulutuksiin\/kiertava-kivi-puhtaan-siirtyman-osaamista-kaivosalalle\/\" >\r\n        <h2>700917 KIERT\u00c4V\u00c4 KIVI \u2013 Puhtaan siirtym\u00e4n osaamista kaivosalalle<\/h2>\r\n\r\n        \r\n    <\/a>\r\n\r\n<\/div>\n\n\r\n<div class=\"page-linkbox has-turquoise-background-color \">\r\n    <img loading=\"lazy\" decoding=\"async\" width=\"800\" height=\"534\" src=\"https:\/\/sykli.fi\/demo\/wp-content\/uploads\/2023\/04\/shutterstock_1811909263-ymparistoalan-at.jpg\" class=\"attachment-large size-large\" alt=\"Mets\u00e4\u00e4.\" srcset=\"https:\/\/sykli.fi\/demo\/wp-content\/uploads\/2023\/04\/shutterstock_1811909263-ymparistoalan-at.jpg 1000w, https:\/\/sykli.fi\/demo\/wp-content\/uploads\/2023\/04\/shutterstock_1811909263-ymparistoalan-at-300x200.jpg 300w, https:\/\/sykli.fi\/demo\/wp-content\/uploads\/2023\/04\/shutterstock_1811909263-ymparistoalan-at-768x512.jpg 768w\" sizes=\"auto, (max-width: 800px) 100vw, 800px\" \/>    <a  href=\" https:\/\/sykli.fi\/demo\/hakijalle\/haku-jotpa-koulutuksiin\/hiilinieluihin-liittyva-osaaminen-metsataloudessa-koulutusta-metsaalan-ammattilaisille\/\" >\r\n        <h2>Hiilinieluihin liittyv\u00e4 osaaminen mets\u00e4taloudessa \u2013 koulutusta mets\u00e4alan ammattilaisille<\/h2>\r\n\r\n        \r\n    <\/a>\r\n\r\n<\/div>\n\n\r\n<div class=\"page-linkbox has-turquoise-background-color \">\r\n    <img loading=\"lazy\" decoding=\"async\" width=\"800\" height=\"534\" src=\"https:\/\/sykli.fi\/demo\/wp-content\/uploads\/2025\/02\/Jatehuollon-turvallisuusJOTPA-1024x683.jpg\" class=\"attachment-large size-large\" alt=\"\" srcset=\"https:\/\/sykli.fi\/demo\/wp-content\/uploads\/2025\/02\/Jatehuollon-turvallisuusJOTPA-1024x683.jpg 1024w, https:\/\/sykli.fi\/demo\/wp-content\/uploads\/2025\/02\/Jatehuollon-turvallisuusJOTPA-300x200.jpg 300w, https:\/\/sykli.fi\/demo\/wp-content\/uploads\/2025\/02\/Jatehuollon-turvallisuusJOTPA-768x513.jpg 768w, https:\/\/sykli.fi\/demo\/wp-content\/uploads\/2025\/02\/Jatehuollon-turvallisuusJOTPA-1536x1025.jpg 1536w, https:\/\/sykli.fi\/demo\/wp-content\/uploads\/2025\/02\/Jatehuollon-turvallisuusJOTPA-2048x1367.jpg 2048w\" sizes=\"auto, (max-width: 800px) 100vw, 800px\" \/>    <a  href=\" https:\/\/sykli.fi\/demo\/hakijalle\/haku-jotpa-koulutuksiin\/701120-jatehuollon-turvallisuuden-kehittaminen-verkkokoulutus\/\" >\r\n        <h2>701120 J\u00e4tehuollon turvallisuuden kehitt\u00e4minen<\/h2>\r\n\r\n        \r\n    <\/a>\r\n\r\n<\/div>\n<\/div>\r\n\r\n    <\/div>\r\n<\/div>","protected":false},"excerpt":{"rendered":"<p>Jatkuvan oppimisen ja ty\u00f6llisyyden palvelukeskuksen (JOTPA) rahoittamat koulutukset edist\u00e4v\u00e4t ty\u00f6ik\u00e4isten osaamisen kehitt\u00e4mist\u00e4 ja osaavan ty\u00f6voiman saatavuutta. Koulutuksilla&nbsp;vastataan: Huomaathan, ett\u00e4 et [&hellip;]<\/p>\n","protected":false},"author":11,"featured_media":63654,"parent":37,"menu_order":5,"comment_status":"closed","ping_status":"closed","template":"","meta":{"_acf_changed":false,"footnotes":""},"class_list":["post-64506","page","type-page","status-publish","has-post-thumbnail","hentry"],"acf":[],"_links":{"self":[{"href":"https:\/\/sykli.fi\/demo\/wp-json\/wp\/v2\/pages\/64506","targetHints":{"allow":["GET"]}}],"collection":[{"href":"https:\/\/sykli.fi\/demo\/wp-json\/wp\/v2\/pages"}],"about":[{"href":"https:\/\/sykli.fi\/demo\/wp-json\/wp\/v2\/types\/page"}],"author":[{"embeddable":true,"href":"https:\/\/sykli.fi\/demo\/wp-json\/wp\/v2\/users\/11"}],"replies":[{"embeddable":true,"href":"https:\/\/sykli.fi\/demo\/wp-json\/wp\/v2\/comments?post=64506"}],"version-history":[{"count":10,"href":"https:\/\/sykli.fi\/demo\/wp-json\/wp\/v2\/pages\/64506\/revisions"}],"predecessor-version":[{"id":73428,"href":"https:\/\/sykli.fi\/demo\/wp-json\/wp\/v2\/pages\/64506\/revisions\/73428"}],"up":[{"embeddable":true,"href":"https:\/\/sykli.fi\/demo\/wp-json\/wp\/v2\/pages\/37"}],"wp:featuredmedia":[{"embeddable":true,"href":"https:\/\/sykli.fi\/demo\/wp-json\/wp\/v2\/media\/63654"}],"wp:attachment":[{"href":"https:\/\/sykli.fi\/demo\/wp-json\/wp\/v2\/media?parent=64506"}],"curies":[{"name":"wp","href":"https:\/\/api.w.org\/{rel}","templated":true}]}}