{"id":64485,"date":"2023-06-14T10:14:10","date_gmt":"2023-06-14T07:14:10","guid":{"rendered":"https:\/\/sykli.fi\/?page_id=64485"},"modified":"2026-01-09T10:56:33","modified_gmt":"2026-01-09T08:56:33","slug":"vihreansiirtymanprojektiosaaja","status":"publish","type":"page","link":"https:\/\/sykli.fi\/demo\/tyoelamalle\/tyovoimakoulutukset\/tutkintoon-johtavat-koulutukset\/vihreansiirtymanprojektiosaaja\/","title":{"rendered":"Vihre\u00e4n siirtym\u00e4n projektiosaaja"},"content":{"rendered":"\r\n<section id=\"hero-block_6ac76fde8a9b2599f8d4bc30cb89c07e\" class=\"hero site-banner section-default default alignfull\">\r\n\r\n    <div class=\"site-banner-bg section-bg-image \" >\r\n\r\n        <img loading=\"lazy\" decoding=\"async\" width=\"1000\" height=\"667\" src=\"https:\/\/sykli.fi\/demo\/wp-content\/uploads\/2023\/04\/shutterstock_749441887-osaajia-yritykselle-tyovoimakoulutukset.jpg\" class=\"attachment-1536\u00d71536 size-1536\u00d71536\" alt=\"Pisaroita lehdell\u00e4.\" srcset=\"https:\/\/sykli.fi\/demo\/wp-content\/uploads\/2023\/04\/shutterstock_749441887-osaajia-yritykselle-tyovoimakoulutukset.jpg 1000w, https:\/\/sykli.fi\/demo\/wp-content\/uploads\/2023\/04\/shutterstock_749441887-osaajia-yritykselle-tyovoimakoulutukset-300x200.jpg 300w, https:\/\/sykli.fi\/demo\/wp-content\/uploads\/2023\/04\/shutterstock_749441887-osaajia-yritykselle-tyovoimakoulutukset-768x512.jpg 768w\" sizes=\"auto, (max-width: 1000px) 100vw, 1000px\" \/>\r\n        \r\n        \r\n            <div class=\"site-banner-content container\">\r\n                <div class=\"row w-100\">\r\n                    <div class=\"col-md-12\">\r\n                        <div class=\"hero-text-overlay\">\r\n                                                                <h1 class=\"hero-title\">Vihre\u00e4n siirtym\u00e4n projektiosaaja<\/h1>\r\n                            <div class=\"inner-content\">\r\n                            <div class=\"acf-innerblocks-container\"><\/div>\r\n                        <\/div>                        <\/div>\r\n                    <\/div>\r\n                <\/div>\r\n            <\/div>\r\n\r\n        <\/section>\n\n\n<p>Koulutuksemme tuo yritykseenne resurssia j\u00e4rjestelm\u00e4llisen vihre\u00e4n siirtym\u00e4n kehitt\u00e4misen teemoihin. Samalla\u202fkoulutus tukee ty\u00f6markkinoille vapautuneiden osaajien ty\u00f6llistymist\u00e4. T\u00e4ss\u00e4&nbsp;koulutuksessa opiskelijat hankkivat osaamista vihre\u00e4st\u00e4&nbsp;siirtym\u00e4st\u00e4.<\/p>\n\n\n\n<div style=\"height:20px\" aria-hidden=\"true\" class=\"wp-block-spacer\"><\/div>\n\n\n\n<h3 class=\"wp-block-heading\">Edut organisaatiollenne<\/h3>\n\n\n\n<p>Opiskelijat toteuttavat organisaatiollenne vihre\u00e4n siirtym\u00e4n projekteihin liittyv\u00e4n kehitt\u00e4mishankkeen. Projektin tarkempi sis\u00e4lt\u00f6 m\u00e4\u00e4ritell\u00e4\u00e4n yhteisty\u00f6ss\u00e4 yrityksen kanssa, jotta se palvelee juuri teid\u00e4n liiketoimintanne tarpeita. Saatte k\u00e4ytt\u00f6\u00f6\u00adnnne tuoretta asiantuntemusta ja ulkopuolista n\u00e4kemyst\u00e4 toiminnan j\u00e4rjestelm\u00e4lliseen kehitt\u00e4miseen.<\/p>\n\n\n\n<p>Koulutusohjelma tarjoaa yrityksille mahdollisuuden tavoittaa uusia osaajia kustannustehokkaasti ja ilman rekrytointiriski\u00e4. Sykli vastaa koulutuksen suunnittelusta, toteutuksesta ja ohjauksesta, ja yrityksen roolina on tarjota opiskelijalle maksuton ty\u00f6ss\u00e4oppimispaikka koulutussopimuksella.<\/p>\n\n\n\n<p>Koulutussopimus ei aiheuta organisaatiolle ty\u00f6nantaja- tai palkanmaksuvelvoitteita, eik\u00e4 siihen liity rekrytointipakkoa. Opiskelijat ty\u00f6skentelev\u00e4t yrityksess\u00e4 asiantuntijateht\u00e4viss\u00e4 Syklin ohjauksessa ja tuella koko ty\u00f6ss\u00e4oppimisjakson ajan.<\/p>\n\n\n\n<p>Sykli on j\u00e4rjest\u00e4nyt vastaavia koulutuksia korkeasti koulutetuille jo yli 10 vuoden ajan, ja ne ovat saaneet erinomaisen palautteen niin opiskelijoilta kuin yrityskumppaneilta. Opiskelijat valitaan koulutukseen huolellisen, kaksivaiheisen hakuprosessin kautta.<\/p>\n\n\n\n<div style=\"height:20px\" aria-hidden=\"true\" class=\"wp-block-spacer\"><\/div>\n\n\n\n<h3 class=\"wp-block-heading\">Koulutuksen sis\u00e4lt\u00f6<\/h3>\n\n\n\n<ul class=\"wp-block-list\">\n<li>Materiaalitehokkuus, materiaalivirrat ja j\u00e4teasiat<\/li>\n\n\n\n<li>Energiatehokkuus, energiamurros ja uusiutuva energia<\/li>\n\n\n\n<li>Hiilijalanj\u00e4ljen laskenta ja p\u00e4\u00e4st\u00f6v\u00e4hennykset<\/li>\n\n\n\n<li>Kiertotalous ja liiketoiminta<\/li>\n\n\n\n<li>Teko\u00e4ly ty\u00f6el\u00e4m\u00e4ss\u00e4&nbsp;<\/li>\n\n\n\n<li>Johdanto vastuullisuusraportointiin<\/li>\n\n\n\n<li>Kehitt\u00e4mishankkeen suunnittelu ja toteutus<\/li>\n\n\n\n<li>Kest\u00e4v\u00e4n kehityksen kartoitus organisaatiossa<\/li>\n\n\n\n<li>Sosiaalinen kest\u00e4vyys yritysten toiminnassa<\/li>\n<\/ul>\n\n\n\n<p>Opiskelijoille ohjelma on tutkintoon johtavaa koulutusta. Tavoitteena on opiskelijan osaamisen kehittyminen, ty\u00f6llistymismahdollisuuksien paraneminen sek\u00e4 mahdollinen ty\u00f6llistyminen yhteisty\u00f6yritykseen koulutussopimusjakson p\u00e4\u00e4tteeksi. Opiskelijamme ovat jo kokeneita tai vasta ty\u00f6uransa alkup\u00e4\u00e4ss\u00e4 olevia asiantuntijoita eri aloilta.<\/p>\n\n\n\n<p>Opiskelijat suorittavat koulutuksen aikana Ymp\u00e4rist\u00f6alan erikoisammattitutkinnon osat: Ymp\u00e4rist\u00f6alan kehitt\u00e4mishankkeen toteuttaminen (40 osp) sek\u00e4 Toiminnan kehitt\u00e4minen kest\u00e4v\u00e4ll\u00e4 tavalla (25 osp).<\/p>\n\n\n\n<p>Aiempien koulutusten opiskelijat ovat ty\u00f6ss\u00e4oppimisjaksoillaan ty\u00f6skennelleet esimerkiksi ymp\u00e4rist\u00f6asiantuntijan, j\u00e4tehuollon suunnittelijan, vastuullisuuskoordinaattorin ja projekti-insin\u00f6\u00f6rin nimikkeill\u00e4 ja tehneet kehitt\u00e4mishankkeinaan esimerkiksi tuotteiden ymp\u00e4rist\u00f6vaikutusten arviointia, kiinteist\u00f6n energiatehokkuuden parantamista, j\u00e4tehuollon kokonaisuuden kehitt\u00e4mist\u00e4, yrityksen vastuullisuusraportointia, elinkaariarviointia, yrityksen hiilijalanj\u00e4ljen laskentaa sek\u00e4 vesist\u00f6n kunnostussuunnitelman laatimista.<\/p>\n\n\n\n<div style=\"height:20px\" aria-hidden=\"true\" class=\"wp-block-spacer\"><\/div>\n\n\n\n<h3 class=\"wp-block-heading\">Esimerkkej\u00e4 aikaisempien koulutusten projekteista<\/h3>\n\n\n\n<p>Opiskelijat tekev\u00e4t yhteisty\u00f6organisaation kehitt\u00e4mishankkeen, jonka aihe sovitaan yhdess\u00e4 organisaation kanssa. Aiemmissa koulutuksissa kehitt\u00e4mishankkeet ovat olleet esimerkiksi:<\/p>\n\n\n\n<ul class=\"wp-block-list\">\n<li>Hankintaketjun vastuullisuuden arviointi<\/li>\n\n\n\n<li>Toimintamallin kehitt\u00e4minen tulevaa vastuullisuusraportointia varten<\/li>\n\n\n\n<li>Hiilijalanj\u00e4lkilaskentamallin kehitt\u00e4minen ymp\u00e4rist\u00f6j\u00e4rjestelm\u00e4n ty\u00f6kaluksi<\/li>\n\n\n\n<li>Olemassa olevan laatuj\u00e4rjestelm\u00e4n laajentaminen uudelle toimialalle<\/li>\n\n\n\n<li>Ekokompassi-ymp\u00e4rist\u00f6j\u00e4rjestelm\u00e4n rakentaminen<\/li>\n\n\n\n<li>ISO14001 k\u00e4ynnistyshanke<\/li>\n\n\n\n<li>Ymp\u00e4rist\u00f6ohjelman laatiminen<\/li>\n\n\n\n<li>Vastuullisuusohjelman, -strategian tai -tiekartan laatiminen<\/li>\n\n\n\n<li>ISO-toimintaj\u00e4rjestelmien yhten\u00e4ist\u00e4minen kokonaisuudeksi<\/li>\n<\/ul>\n\n\n\n<div style=\"height:20px\" aria-hidden=\"true\" class=\"wp-block-spacer\"><\/div>\n\n\n\n<h3 class=\"wp-block-heading\">Koulutusohjelman kesto<\/h3>\n\n\n\n<p>Seuraava koulutusohjelma alkaa tammikuussa 2026 ja sen kesto on n. 9 kuukautta. Ty\u00f6ss\u00e4oppimisen kesto on 6 kuukautta. P\u00e4ivitt\u00e4inen ty\u00f6aika on l\u00e4ht\u00f6kohtaisesti yrityksen normaalin ty\u00f6p\u00e4iv\u00e4n pituinen. My\u00f6s osa-aikainen ty\u00f6skentely on mahdollista.\u202f<\/p>\n\n\n\n<div style=\"height:20px\" aria-hidden=\"true\" class=\"wp-block-spacer\"><\/div>\n\n\n\n<h3 class=\"wp-block-heading\">Koulutussopimus<\/h3>\n\n\n\n<p>Koulutussopimus on kirjallinen, m\u00e4\u00e4r\u00e4aikainen sopimus osaamisen hankkimisesta ty\u00f6paikalla k\u00e4yt\u00e4nn\u00f6n ty\u00f6teht\u00e4vien yhteydess\u00e4. Syklin asiantuntijat kulkevat yrityksen rinnalla opintojen ajan. Sykli vastaa siit\u00e4, ett\u00e4 osaamista kertyy suunnitellulla tavalla ja ohjaa opiskelijaa yhteisty\u00f6ss\u00e4 yrityksen edustajan kanssa.\u202f<\/p>\n\n\n\n<div style=\"height:20px\" aria-hidden=\"true\" class=\"wp-block-spacer\"><\/div>\n\n\n<h2>Kysy lis\u00e4\u00e4:<\/h2>\r\n<div class=\"row\">\r\n                                <div class=\"col-md-6\">\r\n                    <div class=\"staff-box\">\r\n                        <div class=\"row\">\r\n                            <div class=\"col-4\">\r\n                                <img loading=\"lazy\" decoding=\"async\" width=\"1697\" height=\"2417\" src=\"https:\/\/sykli.fi\/demo\/wp-content\/uploads\/2024\/02\/Henkilokuva_Virpi_Vuolahti_mv.jpg\" class=\"attachment-post-thumbnail size-post-thumbnail wp-post-image\" alt=\"\" srcset=\"https:\/\/sykli.fi\/demo\/wp-content\/uploads\/2024\/02\/Henkilokuva_Virpi_Vuolahti_mv.jpg 1697w, https:\/\/sykli.fi\/demo\/wp-content\/uploads\/2024\/02\/Henkilokuva_Virpi_Vuolahti_mv-211x300.jpg 211w, https:\/\/sykli.fi\/demo\/wp-content\/uploads\/2024\/02\/Henkilokuva_Virpi_Vuolahti_mv-719x1024.jpg 719w, https:\/\/sykli.fi\/demo\/wp-content\/uploads\/2024\/02\/Henkilokuva_Virpi_Vuolahti_mv-768x1094.jpg 768w, https:\/\/sykli.fi\/demo\/wp-content\/uploads\/2024\/02\/Henkilokuva_Virpi_Vuolahti_mv-1078x1536.jpg 1078w, https:\/\/sykli.fi\/demo\/wp-content\/uploads\/2024\/02\/Henkilokuva_Virpi_Vuolahti_mv-1438x2048.jpg 1438w\" sizes=\"auto, (max-width: 1697px) 100vw, 1697px\" \/>                            <\/div>\r\n                            <div class=\"col-8\">\r\n                                <h3>Virpi Vuolahti<\/h3>\r\n                                Koulutusvastaava                                <ul>\r\n                                    <li><svg xmlns=\"http:\/\/www.w3.org\/2000\/svg\" width=\"16\" height=\"16\" fill=\"currentColor\" class=\"bi bi-telephone-fill\" viewBox=\"0 0 16 16\">\r\n                                <path fill-rule=\"evenodd\" d=\"M1.885.511a1.745 1.745 0 0 1 2.61.163L6.29 2.98c.329.423.445.974.315 1.494l-.547 2.19a.678.678 0 0 0 .178.643l2.457 2.457a.678.678 0 0 0 .644.178l2.189-.547a1.745 1.745 0 0 1 1.494.315l2.306 1.794c.829.645.905 1.87.163 2.611l-1.034 1.034c-.74.74-1.846 1.065-2.877.702a18.634 18.634 0 0 1-7.01-4.42 18.634 18.634 0 0 1-4.42-7.009c-.362-1.03-.037-2.137.703-2.877L1.885.511z\"\/>\r\n                              <\/svg> <a href=\"tel:+358447225939\">044 722 5939<\/a><\/li><li><svg xmlns=\"http:\/\/www.w3.org\/2000\/svg\" width=\"16\" height=\"16\" fill=\"currentColor\" class=\"bi bi-envelope-fill\" viewBox=\"0 0 16 16\">\r\n                                <path d=\"M.05 3.555A2 2 0 0 1 2 2h12a2 2 0 0 1 1.95 1.555L8 8.414.05 3.555ZM0 4.697v7.104l5.803-3.558L0 4.697ZM6.761 8.83l-6.57 4.027A2 2 0 0 0 2 14h12a2 2 0 0 0 1.808-1.144l-6.57-4.027L8 9.586l-1.239-.757Zm3.436-.586L16 11.801V4.697l-5.803 3.546Z\"\/>\r\n                              <\/svg> <a href=\"mailto:virpi.vuolahti@sykli.fi\">virpi.vuolahti@sykli.fi<\/a><\/li>                                <\/ul>\r\n                            <\/div>\r\n                        <\/div>\r\n                    <\/div>\r\n                <\/div>\r\n                                <div class=\"col-md-6\">\r\n                    <div class=\"staff-box\">\r\n                        <div class=\"row\">\r\n                            <div class=\"col-4\">\r\n                                <img loading=\"lazy\" decoding=\"async\" width=\"150\" height=\"250\" src=\"https:\/\/sykli.fi\/demo\/wp-content\/uploads\/2022\/09\/riku-mustonen-2022-nettisivuille-mv.jpg\" class=\"attachment-post-thumbnail size-post-thumbnail wp-post-image\" alt=\"\" \/>                            <\/div>\r\n                            <div class=\"col-8\">\r\n                                <h3>Riku Mustonen<\/h3>\r\n                                Asiakkuusvastaava, Ammattilaisen k\u00e4denj\u00e4lki                                <ul>\r\n                                    <li><svg xmlns=\"http:\/\/www.w3.org\/2000\/svg\" width=\"16\" height=\"16\" fill=\"currentColor\" class=\"bi bi-telephone-fill\" viewBox=\"0 0 16 16\">\r\n                                <path fill-rule=\"evenodd\" d=\"M1.885.511a1.745 1.745 0 0 1 2.61.163L6.29 2.98c.329.423.445.974.315 1.494l-.547 2.19a.678.678 0 0 0 .178.643l2.457 2.457a.678.678 0 0 0 .644.178l2.189-.547a1.745 1.745 0 0 1 1.494.315l2.306 1.794c.829.645.905 1.87.163 2.611l-1.034 1.034c-.74.74-1.846 1.065-2.877.702a18.634 18.634 0 0 1-7.01-4.42 18.634 18.634 0 0 1-4.42-7.009c-.362-1.03-.037-2.137.703-2.877L1.885.511z\"\/>\r\n                              <\/svg> <a href=\"tel:+358503212913\">050 321 2913<\/a><\/li><li><svg xmlns=\"http:\/\/www.w3.org\/2000\/svg\" width=\"16\" height=\"16\" fill=\"currentColor\" class=\"bi bi-envelope-fill\" viewBox=\"0 0 16 16\">\r\n                                <path d=\"M.05 3.555A2 2 0 0 1 2 2h12a2 2 0 0 1 1.95 1.555L8 8.414.05 3.555ZM0 4.697v7.104l5.803-3.558L0 4.697ZM6.761 8.83l-6.57 4.027A2 2 0 0 0 2 14h12a2 2 0 0 0 1.808-1.144l-6.57-4.027L8 9.586l-1.239-.757Zm3.436-.586L16 11.801V4.697l-5.803 3.546Z\"\/>\r\n                              <\/svg> <a href=\"mailto:riku.mustonen@sykli.fi\">riku.mustonen@sykli.fi<\/a><\/li>                                <\/ul>\r\n                            <\/div>\r\n                        <\/div>\r\n                    <\/div>\r\n                <\/div>\r\n    <\/div>","protected":false},"excerpt":{"rendered":"<p>Koulutuksemme tuo yritykseenne resurssia j\u00e4rjestelm\u00e4llisen vihre\u00e4n siirtym\u00e4n kehitt\u00e4misen teemoihin. Samalla\u202fkoulutus tukee ty\u00f6markkinoille vapautuneiden osaajien ty\u00f6llistymist\u00e4. T\u00e4ss\u00e4&nbsp;koulutuksessa opiskelijat hankkivat osaamista vihre\u00e4st\u00e4&nbsp;siirtym\u00e4st\u00e4. [&hellip;]<\/p>\n","protected":false},"author":11,"featured_media":63699,"parent":54655,"menu_order":0,"comment_status":"closed","ping_status":"closed","template":"","meta":{"_acf_changed":false,"footnotes":""},"class_list":["post-64485","page","type-page","status-publish","has-post-thumbnail","hentry"],"acf":[],"_links":{"self":[{"href":"https:\/\/sykli.fi\/demo\/wp-json\/wp\/v2\/pages\/64485","targetHints":{"allow":["GET"]}}],"collection":[{"href":"https:\/\/sykli.fi\/demo\/wp-json\/wp\/v2\/pages"}],"about":[{"href":"https:\/\/sykli.fi\/demo\/wp-json\/wp\/v2\/types\/page"}],"author":[{"embeddable":true,"href":"https:\/\/sykli.fi\/demo\/wp-json\/wp\/v2\/users\/11"}],"replies":[{"embeddable":true,"href":"https:\/\/sykli.fi\/demo\/wp-json\/wp\/v2\/comments?post=64485"}],"version-history":[{"count":9,"href":"https:\/\/sykli.fi\/demo\/wp-json\/wp\/v2\/pages\/64485\/revisions"}],"predecessor-version":[{"id":73263,"href":"https:\/\/sykli.fi\/demo\/wp-json\/wp\/v2\/pages\/64485\/revisions\/73263"}],"up":[{"embeddable":true,"href":"https:\/\/sykli.fi\/demo\/wp-json\/wp\/v2\/pages\/54655"}],"wp:featuredmedia":[{"embeddable":true,"href":"https:\/\/sykli.fi\/demo\/wp-json\/wp\/v2\/media\/63699"}],"wp:attachment":[{"href":"https:\/\/sykli.fi\/demo\/wp-json\/wp\/v2\/media?parent=64485"}],"curies":[{"name":"wp","href":"https:\/\/api.w.org\/{rel}","templated":true}]}}